{"id":388916,"date":"2021-06-04T09:46:55","date_gmt":"2021-06-04T07:46:55","guid":{"rendered":"https:\/\/hubsch-interior.com\/shop-b2c\/product\/product-6\/"},"modified":"2026-04-09T04:23:02","modified_gmt":"2026-04-09T02:23:02","slug":"sen-tabouret-noir","status":"publish","type":"product","link":"https:\/\/hubsch-interior.com\/fr\/produit\/sen-tabouret-noir\/","title":{"rendered":"Sen Tabouret Noir"},"content":{"rendered":"<p>Le tabouret est con\u00e7u avec un cadre en m\u00e9tal noir et un si\u00e8ge rembourr\u00e9 de couleur gris fonc\u00e9. Le pieds droits et \u00e9l\u00e9gants ainsi que le si\u00e8ge doux lui conf\u00e8rent un look minimaliste et font de ce tabouret un compl\u00e9ment parfait pour votre maison \u00e9l\u00e9gante. Le tabouret s&#8217;adapte \u00e0 plusieurs situations, vous pouvez l&#8217;utiliser pour poser vos pieds ou pour vous asseoir.<\/p>\n","protected":false},"excerpt":{"rendered":"<p>Le tabouret est con\u00e7u avec un cadre en m\u00e9tal noir et un si\u00e8ge rembourr\u00e9 de couleur gris fonc\u00e9. Le pieds droits et \u00e9l\u00e9gants ainsi que le si\u00e8ge doux lui conf\u00e8rent un look minimaliste et font de ce tabouret un compl\u00e9ment parfait pour votre maison \u00e9l\u00e9gante. Le tabouret s&#8217;adapte \u00e0 plusieurs situations, vous pouvez l&#8217;utiliser pour [&hellip;]<\/p>\n","protected":false},"featured_media":1095179,"template":"","meta":{"_acf_changed":false,"inline_featured_image":false},"product_brand":[],"product_cat":[2843,5457,5026],"product_tag":[],"class_list":{"0":"post-388916","1":"product","2":"type-product","3":"status-publish","4":"has-post-thumbnail","6":"product_cat-assises-fr","7":"product_cat-poufs-fr","8":"product_cat-bestsellers-fr","9":"product_shipping_class-pk","11":"pa_color-noir","12":"pa_material-fer-fr","13":"pa_material-polyester-100-fr","15":"first","16":"instock","17":"featured","18":"taxable","19":"shipping-taxable","20":"purchasable","21":"product-type-simple"},"exclude_global_add_ons":[],"addons":[],"acf":[],"yoast_head":"<!-- This site is optimized with the Yoast SEO plugin v26.4 - https:\/\/yoast.com\/wordpress\/plugins\/seo\/ -->\n<title>Sen Tabouret Noir - H\u00fcbsch<\/title>\n<meta name=\"description\" content=\"Le tabouret est con\u00e7u avec un cadre en m\u00e9tal noir et un si\u00e8ge rembourr\u00e9 de couleur gris fonc\u00e9. Le pieds droits et \u00e9l\u00e9gants ainsi que le si\u00e8ge doux lui\" \/>\n<meta name=\"robots\" content=\"index, follow, max-snippet:-1, max-image-preview:large, max-video-preview:-1\" \/>\n<link rel=\"canonical\" href=\"https:\/\/hubsch-interior.com\/fr\/wp-json\/wp\/v2\/product\/388916\" \/>\n<meta property=\"og:locale\" content=\"fr_FR\" \/>\n<meta property=\"og:type\" content=\"article\" \/>\n<meta property=\"og:title\" content=\"Sen Tabouret Noir - H\u00fcbsch\" \/>\n<meta property=\"og:description\" content=\"Le tabouret est con\u00e7u avec un cadre en m\u00e9tal noir et un si\u00e8ge rembourr\u00e9 de couleur gris fonc\u00e9. Le pieds droits et \u00e9l\u00e9gants ainsi que le si\u00e8ge doux lui\" \/>\n<meta property=\"og:url\" content=\"https:\/\/hubsch-interior.com\/fr\/produit\/sen-tabouret-noir\/\" \/>\n<meta property=\"og:site_name\" content=\"H\u00fcbsch\" \/>\n<meta property=\"article:modified_time\" content=\"2026-04-09T02:23:02+00:00\" \/>\n<meta property=\"og:image\" content=\"https:\/\/hubsch-interior.com\/wp-content\/uploads\/2023\/08\/sen-stool-black-8eb4f6df320e68ddd9a8fb57dcba99a2.jpg\" \/>\n\t<meta property=\"og:image:width\" content=\"1200\" \/>\n\t<meta property=\"og:image:height\" content=\"1200\" \/>\n\t<meta property=\"og:image:type\" content=\"image\/jpeg\" \/>\n<meta name=\"twitter:card\" content=\"summary_large_image\" \/>\n<script type=\"application\/ld+json\" class=\"yoast-schema-graph\">{\"@context\":\"https:\/\/schema.org\",\"@graph\":[{\"@type\":\"WebPage\",\"@id\":\"https:\/\/hubsch-interior.com\/fr\/produit\/sen-tabouret-noir\/\",\"url\":\"https:\/\/hubsch-interior.com\/fr\/produit\/sen-tabouret-noir\/\",\"name\":\"Sen Tabouret Noir - H\u00fcbsch\",\"isPartOf\":{\"@id\":\"https:\/\/hubsch-interior.com\/fr\/#website\"},\"primaryImageOfPage\":{\"@id\":\"https:\/\/hubsch-interior.com\/fr\/produit\/sen-tabouret-noir\/#primaryimage\"},\"image\":{\"@id\":\"https:\/\/hubsch-interior.com\/fr\/produit\/sen-tabouret-noir\/#primaryimage\"},\"thumbnailUrl\":\"https:\/\/hubsch-interior.com\/wp-content\/uploads\/2026\/02\/sen-stool-black-4804ee94c53cbabc1b112c7603f599c3.jpg\",\"datePublished\":\"2021-06-04T07:46:55+00:00\",\"dateModified\":\"2026-04-09T02:23:02+00:00\",\"description\":\"Le tabouret est con\u00e7u avec un cadre en m\u00e9tal noir et un si\u00e8ge rembourr\u00e9 de couleur gris fonc\u00e9. Le pieds droits et \u00e9l\u00e9gants ainsi que le si\u00e8ge doux lui\",\"breadcrumb\":{\"@id\":\"https:\/\/hubsch-interior.com\/fr\/produit\/sen-tabouret-noir\/#breadcrumb\"},\"inLanguage\":\"fr-FR\",\"potentialAction\":[{\"@type\":\"ReadAction\",\"target\":[\"https:\/\/hubsch-interior.com\/fr\/produit\/sen-tabouret-noir\/\"]}]},{\"@type\":\"ImageObject\",\"inLanguage\":\"fr-FR\",\"@id\":\"https:\/\/hubsch-interior.com\/fr\/produit\/sen-tabouret-noir\/#primaryimage\",\"url\":\"https:\/\/hubsch-interior.com\/wp-content\/uploads\/2026\/02\/sen-stool-black-4804ee94c53cbabc1b112c7603f599c3.jpg\",\"contentUrl\":\"https:\/\/hubsch-interior.com\/wp-content\/uploads\/2026\/02\/sen-stool-black-4804ee94c53cbabc1b112c7603f599c3.jpg\",\"width\":1024,\"height\":1024},{\"@type\":\"BreadcrumbList\",\"@id\":\"https:\/\/hubsch-interior.com\/fr\/produit\/sen-tabouret-noir\/#breadcrumb\",\"itemListElement\":[{\"@type\":\"ListItem\",\"position\":1,\"name\":\"Page d'accueil\",\"item\":\"https:\/\/hubsch-interior.com\/fr\/\"},{\"@type\":\"ListItem\",\"position\":2,\"name\":\"Produits\",\"item\":\"https:\/\/hubsch-interior.com\/fr\/shop-2\/\"},{\"@type\":\"ListItem\",\"position\":3,\"name\":\"Meubles\",\"item\":\"https:\/\/hubsch-interior.com\/fr\/categorie-produit\/meubles\/\"},{\"@type\":\"ListItem\",\"position\":4,\"name\":\"Assises\",\"item\":\"https:\/\/hubsch-interior.com\/fr\/categorie-produit\/meubles\/assises-fr\/\"},{\"@type\":\"ListItem\",\"position\":5,\"name\":\"Poufs\",\"item\":\"https:\/\/hubsch-interior.com\/fr\/categorie-produit\/meubles\/assises-fr\/poufs-fr\/\"},{\"@type\":\"ListItem\",\"position\":6,\"name\":\"Sen Tabouret Noir\"}]},{\"@type\":\"WebSite\",\"@id\":\"https:\/\/hubsch-interior.com\/fr\/#website\",\"url\":\"https:\/\/hubsch-interior.com\/fr\/\",\"name\":\"H\u00fcbsch\",\"description\":\"Danish Home Interior and Design\",\"publisher\":{\"@id\":\"https:\/\/hubsch-interior.com\/fr\/#organization\"},\"potentialAction\":[{\"@type\":\"SearchAction\",\"target\":{\"@type\":\"EntryPoint\",\"urlTemplate\":\"https:\/\/hubsch-interior.com\/fr\/?s={search_term_string}\"},\"query-input\":{\"@type\":\"PropertyValueSpecification\",\"valueRequired\":true,\"valueName\":\"search_term_string\"}}],\"inLanguage\":\"fr-FR\"},{\"@type\":\"Organization\",\"@id\":\"https:\/\/hubsch-interior.com\/fr\/#organization\",\"name\":\"H\u00fcbsch\",\"url\":\"https:\/\/hubsch-interior.com\/fr\/\",\"logo\":{\"@type\":\"ImageObject\",\"inLanguage\":\"fr-FR\",\"@id\":\"https:\/\/hubsch-interior.com\/fr\/#\/schema\/logo\/image\/\",\"url\":\"https:\/\/hubsch-interior.com\/wp-content\/uploads\/2022\/12\/Hubsch_logo_black_one_line.svg\",\"contentUrl\":\"https:\/\/hubsch-interior.com\/wp-content\/uploads\/2022\/12\/Hubsch_logo_black_one_line.svg\",\"caption\":\"H\u00fcbsch\"},\"image\":{\"@id\":\"https:\/\/hubsch-interior.com\/fr\/#\/schema\/logo\/image\/\"}}]}<\/script>\n<!-- \/ Yoast SEO plugin. -->","yoast_head_json":{"title":"Sen Tabouret Noir - H\u00fcbsch","description":"Le tabouret est con\u00e7u avec un cadre en m\u00e9tal noir et un si\u00e8ge rembourr\u00e9 de couleur gris fonc\u00e9. Le pieds droits et \u00e9l\u00e9gants ainsi que le si\u00e8ge doux lui","robots":{"index":"index","follow":"follow","max-snippet":"max-snippet:-1","max-image-preview":"max-image-preview:large","max-video-preview":"max-video-preview:-1"},"canonical":"https:\/\/hubsch-interior.com\/fr\/wp-json\/wp\/v2\/product\/388916","og_locale":"fr_FR","og_type":"article","og_title":"Sen Tabouret Noir - H\u00fcbsch","og_description":"Le tabouret est con\u00e7u avec un cadre en m\u00e9tal noir et un si\u00e8ge rembourr\u00e9 de couleur gris fonc\u00e9. Le pieds droits et \u00e9l\u00e9gants ainsi que le si\u00e8ge doux lui","og_url":"https:\/\/hubsch-interior.com\/fr\/produit\/sen-tabouret-noir\/","og_site_name":"H\u00fcbsch","article_modified_time":"2026-04-09T02:23:02+00:00","og_image":[{"width":1200,"height":1200,"url":"https:\/\/hubsch-interior.com\/wp-content\/uploads\/2023\/08\/sen-stool-black-8eb4f6df320e68ddd9a8fb57dcba99a2.jpg","type":"image\/jpeg"}],"twitter_card":"summary_large_image","schema":{"@context":"https:\/\/schema.org","@graph":[{"@type":"WebPage","@id":"https:\/\/hubsch-interior.com\/fr\/produit\/sen-tabouret-noir\/","url":"https:\/\/hubsch-interior.com\/fr\/produit\/sen-tabouret-noir\/","name":"Sen Tabouret Noir - H\u00fcbsch","isPartOf":{"@id":"https:\/\/hubsch-interior.com\/fr\/#website"},"primaryImageOfPage":{"@id":"https:\/\/hubsch-interior.com\/fr\/produit\/sen-tabouret-noir\/#primaryimage"},"image":{"@id":"https:\/\/hubsch-interior.com\/fr\/produit\/sen-tabouret-noir\/#primaryimage"},"thumbnailUrl":"https:\/\/hubsch-interior.com\/wp-content\/uploads\/2026\/02\/sen-stool-black-4804ee94c53cbabc1b112c7603f599c3.jpg","datePublished":"2021-06-04T07:46:55+00:00","dateModified":"2026-04-09T02:23:02+00:00","description":"Le tabouret est con\u00e7u avec un cadre en m\u00e9tal noir et un si\u00e8ge rembourr\u00e9 de couleur gris fonc\u00e9. Le pieds droits et \u00e9l\u00e9gants ainsi que le si\u00e8ge doux lui","breadcrumb":{"@id":"https:\/\/hubsch-interior.com\/fr\/produit\/sen-tabouret-noir\/#breadcrumb"},"inLanguage":"fr-FR","potentialAction":[{"@type":"ReadAction","target":["https:\/\/hubsch-interior.com\/fr\/produit\/sen-tabouret-noir\/"]}]},{"@type":"ImageObject","inLanguage":"fr-FR","@id":"https:\/\/hubsch-interior.com\/fr\/produit\/sen-tabouret-noir\/#primaryimage","url":"https:\/\/hubsch-interior.com\/wp-content\/uploads\/2026\/02\/sen-stool-black-4804ee94c53cbabc1b112c7603f599c3.jpg","contentUrl":"https:\/\/hubsch-interior.com\/wp-content\/uploads\/2026\/02\/sen-stool-black-4804ee94c53cbabc1b112c7603f599c3.jpg","width":1024,"height":1024},{"@type":"BreadcrumbList","@id":"https:\/\/hubsch-interior.com\/fr\/produit\/sen-tabouret-noir\/#breadcrumb","itemListElement":[{"@type":"ListItem","position":1,"name":"Page d'accueil","item":"https:\/\/hubsch-interior.com\/fr\/"},{"@type":"ListItem","position":2,"name":"Produits","item":"https:\/\/hubsch-interior.com\/fr\/shop-2\/"},{"@type":"ListItem","position":3,"name":"Meubles","item":"https:\/\/hubsch-interior.com\/fr\/categorie-produit\/meubles\/"},{"@type":"ListItem","position":4,"name":"Assises","item":"https:\/\/hubsch-interior.com\/fr\/categorie-produit\/meubles\/assises-fr\/"},{"@type":"ListItem","position":5,"name":"Poufs","item":"https:\/\/hubsch-interior.com\/fr\/categorie-produit\/meubles\/assises-fr\/poufs-fr\/"},{"@type":"ListItem","position":6,"name":"Sen Tabouret Noir"}]},{"@type":"WebSite","@id":"https:\/\/hubsch-interior.com\/fr\/#website","url":"https:\/\/hubsch-interior.com\/fr\/","name":"H\u00fcbsch","description":"Danish Home Interior and Design","publisher":{"@id":"https:\/\/hubsch-interior.com\/fr\/#organization"},"potentialAction":[{"@type":"SearchAction","target":{"@type":"EntryPoint","urlTemplate":"https:\/\/hubsch-interior.com\/fr\/?s={search_term_string}"},"query-input":{"@type":"PropertyValueSpecification","valueRequired":true,"valueName":"search_term_string"}}],"inLanguage":"fr-FR"},{"@type":"Organization","@id":"https:\/\/hubsch-interior.com\/fr\/#organization","name":"H\u00fcbsch","url":"https:\/\/hubsch-interior.com\/fr\/","logo":{"@type":"ImageObject","inLanguage":"fr-FR","@id":"https:\/\/hubsch-interior.com\/fr\/#\/schema\/logo\/image\/","url":"https:\/\/hubsch-interior.com\/wp-content\/uploads\/2022\/12\/Hubsch_logo_black_one_line.svg","contentUrl":"https:\/\/hubsch-interior.com\/wp-content\/uploads\/2022\/12\/Hubsch_logo_black_one_line.svg","caption":"H\u00fcbsch"},"image":{"@id":"https:\/\/hubsch-interior.com\/fr\/#\/schema\/logo\/image\/"}}]}},"_links":{"self":[{"href":"https:\/\/hubsch-interior.com\/fr\/wp-json\/wp\/v2\/product\/388916","targetHints":{"allow":["GET"]}}],"collection":[{"href":"https:\/\/hubsch-interior.com\/fr\/wp-json\/wp\/v2\/product"}],"about":[{"href":"https:\/\/hubsch-interior.com\/fr\/wp-json\/wp\/v2\/types\/product"}],"wp:featuredmedia":[{"embeddable":true,"href":"https:\/\/hubsch-interior.com\/fr\/wp-json\/wp\/v2\/media\/1095179"}],"wp:attachment":[{"href":"https:\/\/hubsch-interior.com\/fr\/wp-json\/wp\/v2\/media?parent=388916"}],"wp:term":[{"taxonomy":"product_brand","embeddable":true,"href":"https:\/\/hubsch-interior.com\/fr\/wp-json\/wp\/v2\/product_brand?post=388916"},{"taxonomy":"product_cat","embeddable":true,"href":"https:\/\/hubsch-interior.com\/fr\/wp-json\/wp\/v2\/product_cat?post=388916"},{"taxonomy":"product_tag","embeddable":true,"href":"https:\/\/hubsch-interior.com\/fr\/wp-json\/wp\/v2\/product_tag?post=388916"}],"curies":[{"name":"wp","href":"https:\/\/api.w.org\/{rel}","templated":true}]}}