{"id":389264,"date":"2021-06-04T09:48:08","date_gmt":"2021-06-04T07:48:08","guid":{"rendered":"https:\/\/hubsch-interior.com\/shop-b2c\/product\/product-6\/"},"modified":"2026-04-09T04:23:08","modified_gmt":"2026-04-09T02:23:08","slug":"amber-lit-de-jour-beige-naturel","status":"publish","type":"product","link":"https:\/\/hubsch-interior.com\/fr\/produit\/amber-lit-de-jour-beige-naturel\/","title":{"rendered":"Amber Lit de jour Beige\/Naturel"},"content":{"rendered":"<p>Amber Lit de jour est un lit multifonction fabriqu\u00e9 \u00e0 partir de bois de ch\u00eane durable et de polyester robuste. Disponible en orange, beige et naturel, ce lit est parfait pour les petits espaces. Il offre le confort d&#8217;un lit double, tout en offrant suffisamment d&#8217;espace pour se pr\u00e9lasser. Sa structure solide et \u00e9l\u00e9gante ajoute une touche de style \u00e0 votre int\u00e9rieur. Amber Lit de jour est une option id\u00e9ale pour un look intime et contemporain.<\/p>\n","protected":false},"excerpt":{"rendered":"<p>Amber Lit de jour est un lit multifonction fabriqu\u00e9 \u00e0 partir de bois de ch\u00eane durable et de polyester robuste. Disponible en orange, beige et naturel, ce lit est parfait pour les petits espaces. Il offre le confort d&#8217;un lit double, tout en offrant suffisamment d&#8217;espace pour se pr\u00e9lasser. Sa structure solide et \u00e9l\u00e9gante ajoute [&hellip;]<\/p>\n","protected":false},"featured_media":1095203,"template":"","meta":{"_acf_changed":false,"inline_featured_image":false},"product_brand":[],"product_cat":[2843,4199],"product_tag":[],"class_list":{"0":"post-389264","1":"product","2":"type-product","3":"status-publish","4":"has-post-thumbnail","6":"product_cat-assises-fr","7":"product_cat-canapes-lits-de-jour-fr","8":"product_shipping_class-p10","10":"pa_color-beige-3","11":"pa_color-naturel-2","12":"pa_material-polyester-100-fr","13":"pa_material-bois-de-chne-2","15":"first","16":"instock","17":"taxable","18":"shipping-taxable","19":"purchasable","20":"product-type-simple"},"exclude_global_add_ons":[],"addons":[],"acf":[],"yoast_head":"<!-- This site is optimized with the Yoast SEO plugin v26.4 - https:\/\/yoast.com\/wordpress\/plugins\/seo\/ -->\n<title>Amber Lit de jour Beige\/Naturel - H\u00fcbsch<\/title>\n<meta name=\"description\" content=\"Amber Lit de jour est un lit multifonction fabriqu\u00e9 \u00e0 partir de bois de ch\u00eane durable et de polyester robuste. Disponible en orange, beige et naturel, ce\" \/>\n<meta name=\"robots\" content=\"index, follow, max-snippet:-1, max-image-preview:large, max-video-preview:-1\" \/>\n<link rel=\"canonical\" href=\"https:\/\/hubsch-interior.com\/fr\/wp-json\/wp\/v2\/product\/389264\" \/>\n<meta property=\"og:locale\" content=\"fr_FR\" \/>\n<meta property=\"og:type\" content=\"article\" \/>\n<meta property=\"og:title\" content=\"Amber Lit de jour Beige\/Naturel - H\u00fcbsch\" \/>\n<meta property=\"og:description\" content=\"Amber Lit de jour est un lit multifonction fabriqu\u00e9 \u00e0 partir de bois de ch\u00eane durable et de polyester robuste. Disponible en orange, beige et naturel, ce\" \/>\n<meta property=\"og:url\" content=\"https:\/\/hubsch-interior.com\/fr\/produit\/amber-lit-de-jour-beige-naturel\/\" \/>\n<meta property=\"og:site_name\" content=\"H\u00fcbsch\" \/>\n<meta property=\"article:modified_time\" content=\"2026-04-09T02:23:08+00:00\" \/>\n<meta property=\"og:image\" content=\"https:\/\/hubsch-interior.com\/wp-content\/uploads\/2023\/08\/amber-daybed-orangebeigenatural-c2dc9824f78c87a8ebcefd3f15082541.jpg\" \/>\n\t<meta property=\"og:image:width\" content=\"1200\" \/>\n\t<meta property=\"og:image:height\" content=\"1200\" \/>\n\t<meta property=\"og:image:type\" content=\"image\/jpeg\" \/>\n<meta name=\"twitter:card\" content=\"summary_large_image\" \/>\n<script type=\"application\/ld+json\" class=\"yoast-schema-graph\">{\"@context\":\"https:\/\/schema.org\",\"@graph\":[{\"@type\":\"WebPage\",\"@id\":\"https:\/\/hubsch-interior.com\/fr\/produit\/amber-lit-de-jour-beige-naturel\/\",\"url\":\"https:\/\/hubsch-interior.com\/fr\/produit\/amber-lit-de-jour-beige-naturel\/\",\"name\":\"Amber Lit de jour Beige\/Naturel - H\u00fcbsch\",\"isPartOf\":{\"@id\":\"https:\/\/hubsch-interior.com\/fr\/#website\"},\"primaryImageOfPage\":{\"@id\":\"https:\/\/hubsch-interior.com\/fr\/produit\/amber-lit-de-jour-beige-naturel\/#primaryimage\"},\"image\":{\"@id\":\"https:\/\/hubsch-interior.com\/fr\/produit\/amber-lit-de-jour-beige-naturel\/#primaryimage\"},\"thumbnailUrl\":\"https:\/\/hubsch-interior.com\/wp-content\/uploads\/2026\/02\/amber-daybed-beigenatural-e46167c78f0fb12cc60365134e9e4e86.jpg\",\"datePublished\":\"2021-06-04T07:48:08+00:00\",\"dateModified\":\"2026-04-09T02:23:08+00:00\",\"description\":\"Amber Lit de jour est un lit multifonction fabriqu\u00e9 \u00e0 partir de bois de ch\u00eane durable et de polyester robuste. Disponible en orange, beige et naturel, ce\",\"breadcrumb\":{\"@id\":\"https:\/\/hubsch-interior.com\/fr\/produit\/amber-lit-de-jour-beige-naturel\/#breadcrumb\"},\"inLanguage\":\"fr-FR\",\"potentialAction\":[{\"@type\":\"ReadAction\",\"target\":[\"https:\/\/hubsch-interior.com\/fr\/produit\/amber-lit-de-jour-beige-naturel\/\"]}]},{\"@type\":\"ImageObject\",\"inLanguage\":\"fr-FR\",\"@id\":\"https:\/\/hubsch-interior.com\/fr\/produit\/amber-lit-de-jour-beige-naturel\/#primaryimage\",\"url\":\"https:\/\/hubsch-interior.com\/wp-content\/uploads\/2026\/02\/amber-daybed-beigenatural-e46167c78f0fb12cc60365134e9e4e86.jpg\",\"contentUrl\":\"https:\/\/hubsch-interior.com\/wp-content\/uploads\/2026\/02\/amber-daybed-beigenatural-e46167c78f0fb12cc60365134e9e4e86.jpg\",\"width\":1024,\"height\":1024},{\"@type\":\"BreadcrumbList\",\"@id\":\"https:\/\/hubsch-interior.com\/fr\/produit\/amber-lit-de-jour-beige-naturel\/#breadcrumb\",\"itemListElement\":[{\"@type\":\"ListItem\",\"position\":1,\"name\":\"Page d'accueil\",\"item\":\"https:\/\/hubsch-interior.com\/fr\/\"},{\"@type\":\"ListItem\",\"position\":2,\"name\":\"Produits\",\"item\":\"https:\/\/hubsch-interior.com\/fr\/shop-2\/\"},{\"@type\":\"ListItem\",\"position\":3,\"name\":\"Meubles\",\"item\":\"https:\/\/hubsch-interior.com\/fr\/categorie-produit\/meubles\/\"},{\"@type\":\"ListItem\",\"position\":4,\"name\":\"Assises\",\"item\":\"https:\/\/hubsch-interior.com\/fr\/categorie-produit\/meubles\/assises-fr\/\"},{\"@type\":\"ListItem\",\"position\":5,\"name\":\"Canap&eacute;s &amp; lits de jour\",\"item\":\"https:\/\/hubsch-interior.com\/fr\/categorie-produit\/meubles\/assises-fr\/canapes-lits-de-jour-fr\/\"},{\"@type\":\"ListItem\",\"position\":6,\"name\":\"Amber Lit de jour Beige\/Naturel\"}]},{\"@type\":\"WebSite\",\"@id\":\"https:\/\/hubsch-interior.com\/fr\/#website\",\"url\":\"https:\/\/hubsch-interior.com\/fr\/\",\"name\":\"H\u00fcbsch\",\"description\":\"Danish Home Interior and Design\",\"publisher\":{\"@id\":\"https:\/\/hubsch-interior.com\/fr\/#organization\"},\"potentialAction\":[{\"@type\":\"SearchAction\",\"target\":{\"@type\":\"EntryPoint\",\"urlTemplate\":\"https:\/\/hubsch-interior.com\/fr\/?s={search_term_string}\"},\"query-input\":{\"@type\":\"PropertyValueSpecification\",\"valueRequired\":true,\"valueName\":\"search_term_string\"}}],\"inLanguage\":\"fr-FR\"},{\"@type\":\"Organization\",\"@id\":\"https:\/\/hubsch-interior.com\/fr\/#organization\",\"name\":\"H\u00fcbsch\",\"url\":\"https:\/\/hubsch-interior.com\/fr\/\",\"logo\":{\"@type\":\"ImageObject\",\"inLanguage\":\"fr-FR\",\"@id\":\"https:\/\/hubsch-interior.com\/fr\/#\/schema\/logo\/image\/\",\"url\":\"https:\/\/hubsch-interior.com\/wp-content\/uploads\/2022\/12\/Hubsch_logo_black_one_line.svg\",\"contentUrl\":\"https:\/\/hubsch-interior.com\/wp-content\/uploads\/2022\/12\/Hubsch_logo_black_one_line.svg\",\"caption\":\"H\u00fcbsch\"},\"image\":{\"@id\":\"https:\/\/hubsch-interior.com\/fr\/#\/schema\/logo\/image\/\"}}]}<\/script>\n<!-- \/ Yoast SEO plugin. -->","yoast_head_json":{"title":"Amber Lit de jour Beige\/Naturel - H\u00fcbsch","description":"Amber Lit de jour est un lit multifonction fabriqu\u00e9 \u00e0 partir de bois de ch\u00eane durable et de polyester robuste. Disponible en orange, beige et naturel, ce","robots":{"index":"index","follow":"follow","max-snippet":"max-snippet:-1","max-image-preview":"max-image-preview:large","max-video-preview":"max-video-preview:-1"},"canonical":"https:\/\/hubsch-interior.com\/fr\/wp-json\/wp\/v2\/product\/389264","og_locale":"fr_FR","og_type":"article","og_title":"Amber Lit de jour Beige\/Naturel - H\u00fcbsch","og_description":"Amber Lit de jour est un lit multifonction fabriqu\u00e9 \u00e0 partir de bois de ch\u00eane durable et de polyester robuste. Disponible en orange, beige et naturel, ce","og_url":"https:\/\/hubsch-interior.com\/fr\/produit\/amber-lit-de-jour-beige-naturel\/","og_site_name":"H\u00fcbsch","article_modified_time":"2026-04-09T02:23:08+00:00","og_image":[{"width":1200,"height":1200,"url":"https:\/\/hubsch-interior.com\/wp-content\/uploads\/2023\/08\/amber-daybed-orangebeigenatural-c2dc9824f78c87a8ebcefd3f15082541.jpg","type":"image\/jpeg"}],"twitter_card":"summary_large_image","schema":{"@context":"https:\/\/schema.org","@graph":[{"@type":"WebPage","@id":"https:\/\/hubsch-interior.com\/fr\/produit\/amber-lit-de-jour-beige-naturel\/","url":"https:\/\/hubsch-interior.com\/fr\/produit\/amber-lit-de-jour-beige-naturel\/","name":"Amber Lit de jour Beige\/Naturel - H\u00fcbsch","isPartOf":{"@id":"https:\/\/hubsch-interior.com\/fr\/#website"},"primaryImageOfPage":{"@id":"https:\/\/hubsch-interior.com\/fr\/produit\/amber-lit-de-jour-beige-naturel\/#primaryimage"},"image":{"@id":"https:\/\/hubsch-interior.com\/fr\/produit\/amber-lit-de-jour-beige-naturel\/#primaryimage"},"thumbnailUrl":"https:\/\/hubsch-interior.com\/wp-content\/uploads\/2026\/02\/amber-daybed-beigenatural-e46167c78f0fb12cc60365134e9e4e86.jpg","datePublished":"2021-06-04T07:48:08+00:00","dateModified":"2026-04-09T02:23:08+00:00","description":"Amber Lit de jour est un lit multifonction fabriqu\u00e9 \u00e0 partir de bois de ch\u00eane durable et de polyester robuste. Disponible en orange, beige et naturel, ce","breadcrumb":{"@id":"https:\/\/hubsch-interior.com\/fr\/produit\/amber-lit-de-jour-beige-naturel\/#breadcrumb"},"inLanguage":"fr-FR","potentialAction":[{"@type":"ReadAction","target":["https:\/\/hubsch-interior.com\/fr\/produit\/amber-lit-de-jour-beige-naturel\/"]}]},{"@type":"ImageObject","inLanguage":"fr-FR","@id":"https:\/\/hubsch-interior.com\/fr\/produit\/amber-lit-de-jour-beige-naturel\/#primaryimage","url":"https:\/\/hubsch-interior.com\/wp-content\/uploads\/2026\/02\/amber-daybed-beigenatural-e46167c78f0fb12cc60365134e9e4e86.jpg","contentUrl":"https:\/\/hubsch-interior.com\/wp-content\/uploads\/2026\/02\/amber-daybed-beigenatural-e46167c78f0fb12cc60365134e9e4e86.jpg","width":1024,"height":1024},{"@type":"BreadcrumbList","@id":"https:\/\/hubsch-interior.com\/fr\/produit\/amber-lit-de-jour-beige-naturel\/#breadcrumb","itemListElement":[{"@type":"ListItem","position":1,"name":"Page d'accueil","item":"https:\/\/hubsch-interior.com\/fr\/"},{"@type":"ListItem","position":2,"name":"Produits","item":"https:\/\/hubsch-interior.com\/fr\/shop-2\/"},{"@type":"ListItem","position":3,"name":"Meubles","item":"https:\/\/hubsch-interior.com\/fr\/categorie-produit\/meubles\/"},{"@type":"ListItem","position":4,"name":"Assises","item":"https:\/\/hubsch-interior.com\/fr\/categorie-produit\/meubles\/assises-fr\/"},{"@type":"ListItem","position":5,"name":"Canap&eacute;s &amp; lits de jour","item":"https:\/\/hubsch-interior.com\/fr\/categorie-produit\/meubles\/assises-fr\/canapes-lits-de-jour-fr\/"},{"@type":"ListItem","position":6,"name":"Amber Lit de jour Beige\/Naturel"}]},{"@type":"WebSite","@id":"https:\/\/hubsch-interior.com\/fr\/#website","url":"https:\/\/hubsch-interior.com\/fr\/","name":"H\u00fcbsch","description":"Danish Home Interior and Design","publisher":{"@id":"https:\/\/hubsch-interior.com\/fr\/#organization"},"potentialAction":[{"@type":"SearchAction","target":{"@type":"EntryPoint","urlTemplate":"https:\/\/hubsch-interior.com\/fr\/?s={search_term_string}"},"query-input":{"@type":"PropertyValueSpecification","valueRequired":true,"valueName":"search_term_string"}}],"inLanguage":"fr-FR"},{"@type":"Organization","@id":"https:\/\/hubsch-interior.com\/fr\/#organization","name":"H\u00fcbsch","url":"https:\/\/hubsch-interior.com\/fr\/","logo":{"@type":"ImageObject","inLanguage":"fr-FR","@id":"https:\/\/hubsch-interior.com\/fr\/#\/schema\/logo\/image\/","url":"https:\/\/hubsch-interior.com\/wp-content\/uploads\/2022\/12\/Hubsch_logo_black_one_line.svg","contentUrl":"https:\/\/hubsch-interior.com\/wp-content\/uploads\/2022\/12\/Hubsch_logo_black_one_line.svg","caption":"H\u00fcbsch"},"image":{"@id":"https:\/\/hubsch-interior.com\/fr\/#\/schema\/logo\/image\/"}}]}},"_links":{"self":[{"href":"https:\/\/hubsch-interior.com\/fr\/wp-json\/wp\/v2\/product\/389264","targetHints":{"allow":["GET"]}}],"collection":[{"href":"https:\/\/hubsch-interior.com\/fr\/wp-json\/wp\/v2\/product"}],"about":[{"href":"https:\/\/hubsch-interior.com\/fr\/wp-json\/wp\/v2\/types\/product"}],"wp:featuredmedia":[{"embeddable":true,"href":"https:\/\/hubsch-interior.com\/fr\/wp-json\/wp\/v2\/media\/1095203"}],"wp:attachment":[{"href":"https:\/\/hubsch-interior.com\/fr\/wp-json\/wp\/v2\/media?parent=389264"}],"wp:term":[{"taxonomy":"product_brand","embeddable":true,"href":"https:\/\/hubsch-interior.com\/fr\/wp-json\/wp\/v2\/product_brand?post=389264"},{"taxonomy":"product_cat","embeddable":true,"href":"https:\/\/hubsch-interior.com\/fr\/wp-json\/wp\/v2\/product_cat?post=389264"},{"taxonomy":"product_tag","embeddable":true,"href":"https:\/\/hubsch-interior.com\/fr\/wp-json\/wp\/v2\/product_tag?post=389264"}],"curies":[{"name":"wp","href":"https:\/\/api.w.org\/{rel}","templated":true}]}}