{"id":389948,"date":"2021-06-04T09:50:51","date_gmt":"2021-06-04T07:50:51","guid":{"rendered":"https:\/\/hubsch-interior.com\/shop-b2c\/product\/product-6\/"},"modified":"2026-04-09T04:26:03","modified_gmt":"2026-04-09T02:26:03","slug":"sage-tapis-ronde-naturel","status":"publish","type":"product","link":"https:\/\/hubsch-interior.com\/fr\/produit\/sage-tapis-ronde-naturel\/","title":{"rendered":"Sage Tapis Ronde Naturel"},"content":{"rendered":"<p>Ce tapis est en jute et vient dans couleur naturelle. Il est rond avec une surface pleine de texture. Sa couleur naturelle \u00e9clatante est id\u00e9ale pour les maisons modernes et \u00e9l\u00e9gantes. Ce produit est fait \u00e0 la main et peut donc varier.<\/p>\n","protected":false},"excerpt":{"rendered":"<p>Ce tapis est en jute et vient dans couleur naturelle. Il est rond avec une surface pleine de texture. Sa couleur naturelle \u00e9clatante est id\u00e9ale pour les maisons modernes et \u00e9l\u00e9gantes. Ce produit est fait \u00e0 la main et peut donc varier.<\/p>\n","protected":false},"featured_media":1095945,"template":"","meta":{"_acf_changed":false,"inline_featured_image":false},"product_brand":[],"product_cat":[5030,5026,3324,3002],"product_tag":[],"class_list":{"0":"post-389948","1":"product","2":"type-product","3":"status-publish","4":"has-post-thumbnail","6":"product_cat-de-nouveau-en-stock-fr","7":"product_cat-bestsellers-fr","8":"product_cat-tapis-fr","9":"product_cat-textile","10":"product_shipping_class-pk","12":"pa_color-naturel-2","13":"pa_material-jute-fr","15":"first","16":"instock","17":"featured","18":"taxable","19":"shipping-taxable","20":"purchasable","21":"product-type-simple"},"exclude_global_add_ons":[],"addons":[],"acf":[],"yoast_head":"<!-- This site is optimized with the Yoast SEO plugin v26.4 - https:\/\/yoast.com\/wordpress\/plugins\/seo\/ -->\n<title>Sage Tapis Ronde Naturel - H\u00fcbsch<\/title>\n<meta name=\"description\" content=\"Ce tapis est en jute et vient dans couleur naturelle. Il est rond avec une surface pleine de texture. Sa couleur naturelle \u00e9clatante est id\u00e9ale pour les\" \/>\n<meta name=\"robots\" content=\"index, follow, max-snippet:-1, max-image-preview:large, max-video-preview:-1\" \/>\n<link rel=\"canonical\" href=\"https:\/\/hubsch-interior.com\/fr\/wp-json\/wp\/v2\/product\/389948\" \/>\n<meta property=\"og:locale\" content=\"fr_FR\" \/>\n<meta property=\"og:type\" content=\"article\" \/>\n<meta property=\"og:title\" content=\"Sage Tapis Ronde Naturel - H\u00fcbsch\" \/>\n<meta property=\"og:description\" content=\"Ce tapis est en jute et vient dans couleur naturelle. Il est rond avec une surface pleine de texture. Sa couleur naturelle \u00e9clatante est id\u00e9ale pour les\" \/>\n<meta property=\"og:url\" content=\"https:\/\/hubsch-interior.com\/fr\/produit\/sage-tapis-ronde-naturel\/\" \/>\n<meta property=\"og:site_name\" content=\"H\u00fcbsch\" \/>\n<meta property=\"article:modified_time\" content=\"2026-04-09T02:26:03+00:00\" \/>\n<meta property=\"og:image\" content=\"https:\/\/hubsch-interior.com\/wp-content\/uploads\/2023\/08\/sage-rug-round-natural-b9a51a0bd919c78153640ec03e42dd05.jpg\" \/>\n\t<meta property=\"og:image:width\" content=\"1200\" \/>\n\t<meta property=\"og:image:height\" content=\"1200\" \/>\n\t<meta property=\"og:image:type\" content=\"image\/jpeg\" \/>\n<meta name=\"twitter:card\" content=\"summary_large_image\" \/>\n<script type=\"application\/ld+json\" class=\"yoast-schema-graph\">{\"@context\":\"https:\/\/schema.org\",\"@graph\":[{\"@type\":\"WebPage\",\"@id\":\"https:\/\/hubsch-interior.com\/fr\/produit\/sage-tapis-ronde-naturel\/\",\"url\":\"https:\/\/hubsch-interior.com\/fr\/produit\/sage-tapis-ronde-naturel\/\",\"name\":\"Sage Tapis Ronde Naturel - H\u00fcbsch\",\"isPartOf\":{\"@id\":\"https:\/\/hubsch-interior.com\/fr\/#website\"},\"primaryImageOfPage\":{\"@id\":\"https:\/\/hubsch-interior.com\/fr\/produit\/sage-tapis-ronde-naturel\/#primaryimage\"},\"image\":{\"@id\":\"https:\/\/hubsch-interior.com\/fr\/produit\/sage-tapis-ronde-naturel\/#primaryimage\"},\"thumbnailUrl\":\"https:\/\/hubsch-interior.com\/wp-content\/uploads\/2026\/02\/sage-rug-round-natural-c62c48a5ce330b26ca5f1809ffb9d5c7.jpg\",\"datePublished\":\"2021-06-04T07:50:51+00:00\",\"dateModified\":\"2026-04-09T02:26:03+00:00\",\"description\":\"Ce tapis est en jute et vient dans couleur naturelle. Il est rond avec une surface pleine de texture. Sa couleur naturelle \u00e9clatante est id\u00e9ale pour les\",\"breadcrumb\":{\"@id\":\"https:\/\/hubsch-interior.com\/fr\/produit\/sage-tapis-ronde-naturel\/#breadcrumb\"},\"inLanguage\":\"fr-FR\",\"potentialAction\":[{\"@type\":\"ReadAction\",\"target\":[\"https:\/\/hubsch-interior.com\/fr\/produit\/sage-tapis-ronde-naturel\/\"]}]},{\"@type\":\"ImageObject\",\"inLanguage\":\"fr-FR\",\"@id\":\"https:\/\/hubsch-interior.com\/fr\/produit\/sage-tapis-ronde-naturel\/#primaryimage\",\"url\":\"https:\/\/hubsch-interior.com\/wp-content\/uploads\/2026\/02\/sage-rug-round-natural-c62c48a5ce330b26ca5f1809ffb9d5c7.jpg\",\"contentUrl\":\"https:\/\/hubsch-interior.com\/wp-content\/uploads\/2026\/02\/sage-rug-round-natural-c62c48a5ce330b26ca5f1809ffb9d5c7.jpg\",\"width\":1024,\"height\":1024},{\"@type\":\"BreadcrumbList\",\"@id\":\"https:\/\/hubsch-interior.com\/fr\/produit\/sage-tapis-ronde-naturel\/#breadcrumb\",\"itemListElement\":[{\"@type\":\"ListItem\",\"position\":1,\"name\":\"Page d'accueil\",\"item\":\"https:\/\/hubsch-interior.com\/fr\/\"},{\"@type\":\"ListItem\",\"position\":2,\"name\":\"Produits\",\"item\":\"https:\/\/hubsch-interior.com\/fr\/shop-2\/\"},{\"@type\":\"ListItem\",\"position\":3,\"name\":\"Textiles\",\"item\":\"https:\/\/hubsch-interior.com\/fr\/categorie-produit\/textile\/\"},{\"@type\":\"ListItem\",\"position\":4,\"name\":\"Tapis\",\"item\":\"https:\/\/hubsch-interior.com\/fr\/categorie-produit\/textile\/tapis-fr\/\"},{\"@type\":\"ListItem\",\"position\":5,\"name\":\"Sage Tapis Ronde Naturel\"}]},{\"@type\":\"WebSite\",\"@id\":\"https:\/\/hubsch-interior.com\/fr\/#website\",\"url\":\"https:\/\/hubsch-interior.com\/fr\/\",\"name\":\"H\u00fcbsch\",\"description\":\"Danish Home Interior and Design\",\"publisher\":{\"@id\":\"https:\/\/hubsch-interior.com\/fr\/#organization\"},\"potentialAction\":[{\"@type\":\"SearchAction\",\"target\":{\"@type\":\"EntryPoint\",\"urlTemplate\":\"https:\/\/hubsch-interior.com\/fr\/?s={search_term_string}\"},\"query-input\":{\"@type\":\"PropertyValueSpecification\",\"valueRequired\":true,\"valueName\":\"search_term_string\"}}],\"inLanguage\":\"fr-FR\"},{\"@type\":\"Organization\",\"@id\":\"https:\/\/hubsch-interior.com\/fr\/#organization\",\"name\":\"H\u00fcbsch\",\"url\":\"https:\/\/hubsch-interior.com\/fr\/\",\"logo\":{\"@type\":\"ImageObject\",\"inLanguage\":\"fr-FR\",\"@id\":\"https:\/\/hubsch-interior.com\/fr\/#\/schema\/logo\/image\/\",\"url\":\"https:\/\/hubsch-interior.com\/wp-content\/uploads\/2022\/12\/Hubsch_logo_black_one_line.svg\",\"contentUrl\":\"https:\/\/hubsch-interior.com\/wp-content\/uploads\/2022\/12\/Hubsch_logo_black_one_line.svg\",\"caption\":\"H\u00fcbsch\"},\"image\":{\"@id\":\"https:\/\/hubsch-interior.com\/fr\/#\/schema\/logo\/image\/\"}}]}<\/script>\n<!-- \/ Yoast SEO plugin. -->","yoast_head_json":{"title":"Sage Tapis Ronde Naturel - H\u00fcbsch","description":"Ce tapis est en jute et vient dans couleur naturelle. Il est rond avec une surface pleine de texture. Sa couleur naturelle \u00e9clatante est id\u00e9ale pour les","robots":{"index":"index","follow":"follow","max-snippet":"max-snippet:-1","max-image-preview":"max-image-preview:large","max-video-preview":"max-video-preview:-1"},"canonical":"https:\/\/hubsch-interior.com\/fr\/wp-json\/wp\/v2\/product\/389948","og_locale":"fr_FR","og_type":"article","og_title":"Sage Tapis Ronde Naturel - H\u00fcbsch","og_description":"Ce tapis est en jute et vient dans couleur naturelle. Il est rond avec une surface pleine de texture. Sa couleur naturelle \u00e9clatante est id\u00e9ale pour les","og_url":"https:\/\/hubsch-interior.com\/fr\/produit\/sage-tapis-ronde-naturel\/","og_site_name":"H\u00fcbsch","article_modified_time":"2026-04-09T02:26:03+00:00","og_image":[{"width":1200,"height":1200,"url":"https:\/\/hubsch-interior.com\/wp-content\/uploads\/2023\/08\/sage-rug-round-natural-b9a51a0bd919c78153640ec03e42dd05.jpg","type":"image\/jpeg"}],"twitter_card":"summary_large_image","schema":{"@context":"https:\/\/schema.org","@graph":[{"@type":"WebPage","@id":"https:\/\/hubsch-interior.com\/fr\/produit\/sage-tapis-ronde-naturel\/","url":"https:\/\/hubsch-interior.com\/fr\/produit\/sage-tapis-ronde-naturel\/","name":"Sage Tapis Ronde Naturel - H\u00fcbsch","isPartOf":{"@id":"https:\/\/hubsch-interior.com\/fr\/#website"},"primaryImageOfPage":{"@id":"https:\/\/hubsch-interior.com\/fr\/produit\/sage-tapis-ronde-naturel\/#primaryimage"},"image":{"@id":"https:\/\/hubsch-interior.com\/fr\/produit\/sage-tapis-ronde-naturel\/#primaryimage"},"thumbnailUrl":"https:\/\/hubsch-interior.com\/wp-content\/uploads\/2026\/02\/sage-rug-round-natural-c62c48a5ce330b26ca5f1809ffb9d5c7.jpg","datePublished":"2021-06-04T07:50:51+00:00","dateModified":"2026-04-09T02:26:03+00:00","description":"Ce tapis est en jute et vient dans couleur naturelle. Il est rond avec une surface pleine de texture. Sa couleur naturelle \u00e9clatante est id\u00e9ale pour les","breadcrumb":{"@id":"https:\/\/hubsch-interior.com\/fr\/produit\/sage-tapis-ronde-naturel\/#breadcrumb"},"inLanguage":"fr-FR","potentialAction":[{"@type":"ReadAction","target":["https:\/\/hubsch-interior.com\/fr\/produit\/sage-tapis-ronde-naturel\/"]}]},{"@type":"ImageObject","inLanguage":"fr-FR","@id":"https:\/\/hubsch-interior.com\/fr\/produit\/sage-tapis-ronde-naturel\/#primaryimage","url":"https:\/\/hubsch-interior.com\/wp-content\/uploads\/2026\/02\/sage-rug-round-natural-c62c48a5ce330b26ca5f1809ffb9d5c7.jpg","contentUrl":"https:\/\/hubsch-interior.com\/wp-content\/uploads\/2026\/02\/sage-rug-round-natural-c62c48a5ce330b26ca5f1809ffb9d5c7.jpg","width":1024,"height":1024},{"@type":"BreadcrumbList","@id":"https:\/\/hubsch-interior.com\/fr\/produit\/sage-tapis-ronde-naturel\/#breadcrumb","itemListElement":[{"@type":"ListItem","position":1,"name":"Page d'accueil","item":"https:\/\/hubsch-interior.com\/fr\/"},{"@type":"ListItem","position":2,"name":"Produits","item":"https:\/\/hubsch-interior.com\/fr\/shop-2\/"},{"@type":"ListItem","position":3,"name":"Textiles","item":"https:\/\/hubsch-interior.com\/fr\/categorie-produit\/textile\/"},{"@type":"ListItem","position":4,"name":"Tapis","item":"https:\/\/hubsch-interior.com\/fr\/categorie-produit\/textile\/tapis-fr\/"},{"@type":"ListItem","position":5,"name":"Sage Tapis Ronde Naturel"}]},{"@type":"WebSite","@id":"https:\/\/hubsch-interior.com\/fr\/#website","url":"https:\/\/hubsch-interior.com\/fr\/","name":"H\u00fcbsch","description":"Danish Home Interior and Design","publisher":{"@id":"https:\/\/hubsch-interior.com\/fr\/#organization"},"potentialAction":[{"@type":"SearchAction","target":{"@type":"EntryPoint","urlTemplate":"https:\/\/hubsch-interior.com\/fr\/?s={search_term_string}"},"query-input":{"@type":"PropertyValueSpecification","valueRequired":true,"valueName":"search_term_string"}}],"inLanguage":"fr-FR"},{"@type":"Organization","@id":"https:\/\/hubsch-interior.com\/fr\/#organization","name":"H\u00fcbsch","url":"https:\/\/hubsch-interior.com\/fr\/","logo":{"@type":"ImageObject","inLanguage":"fr-FR","@id":"https:\/\/hubsch-interior.com\/fr\/#\/schema\/logo\/image\/","url":"https:\/\/hubsch-interior.com\/wp-content\/uploads\/2022\/12\/Hubsch_logo_black_one_line.svg","contentUrl":"https:\/\/hubsch-interior.com\/wp-content\/uploads\/2022\/12\/Hubsch_logo_black_one_line.svg","caption":"H\u00fcbsch"},"image":{"@id":"https:\/\/hubsch-interior.com\/fr\/#\/schema\/logo\/image\/"}}]}},"_links":{"self":[{"href":"https:\/\/hubsch-interior.com\/fr\/wp-json\/wp\/v2\/product\/389948","targetHints":{"allow":["GET"]}}],"collection":[{"href":"https:\/\/hubsch-interior.com\/fr\/wp-json\/wp\/v2\/product"}],"about":[{"href":"https:\/\/hubsch-interior.com\/fr\/wp-json\/wp\/v2\/types\/product"}],"wp:featuredmedia":[{"embeddable":true,"href":"https:\/\/hubsch-interior.com\/fr\/wp-json\/wp\/v2\/media\/1095945"}],"wp:attachment":[{"href":"https:\/\/hubsch-interior.com\/fr\/wp-json\/wp\/v2\/media?parent=389948"}],"wp:term":[{"taxonomy":"product_brand","embeddable":true,"href":"https:\/\/hubsch-interior.com\/fr\/wp-json\/wp\/v2\/product_brand?post=389948"},{"taxonomy":"product_cat","embeddable":true,"href":"https:\/\/hubsch-interior.com\/fr\/wp-json\/wp\/v2\/product_cat?post=389948"},{"taxonomy":"product_tag","embeddable":true,"href":"https:\/\/hubsch-interior.com\/fr\/wp-json\/wp\/v2\/product_tag?post=389948"}],"curies":[{"name":"wp","href":"https:\/\/api.w.org\/{rel}","templated":true}]}}