{"id":390348,"date":"2021-06-04T09:52:03","date_gmt":"2021-06-04T07:52:03","guid":{"rendered":"https:\/\/hubsch-interior.com\/shop-b2c\/product\/product-6\/"},"modified":"2026-04-14T04:29:21","modified_gmt":"2026-04-14T02:29:21","slug":"ecru-bac-a-linge-beige","status":"publish","type":"product","link":"https:\/\/hubsch-interior.com\/fr\/produit\/ecru-bac-a-linge-beige\/","title":{"rendered":"Ecru Bac \u00e0 linge Beige"},"content":{"rendered":"<p>Le panier \u00e0 linge est fait \u00e0 partir de bambou et de mat\u00e9riaux naturels. La combinaison de couleurs lui conf\u00e8re un look chaleureux et simple. C&#8217;est un compl\u00e9ment minimaliste pour votre maison. Il offre assez d&#8217;espace pour votre linge.<\/p>\n","protected":false},"excerpt":{"rendered":"<p>Le panier \u00e0 linge est fait \u00e0 partir de bambou et de mat\u00e9riaux naturels. La combinaison de couleurs lui conf\u00e8re un look chaleureux et simple. C&#8217;est un compl\u00e9ment minimaliste pour votre maison. Il offre assez d&#8217;espace pour votre linge.<\/p>\n","protected":false},"featured_media":1096747,"template":"","meta":{"_acf_changed":false,"inline_featured_image":false},"product_brand":[],"product_cat":[6914,6912],"product_tag":[],"class_list":{"0":"post-390348","1":"product","2":"type-product","3":"status-publish","4":"has-post-thumbnail","6":"product_cat-flash-side-fr","7":"product_cat-flash-side","8":"product_shipping_class-pk","10":"pa_color-beige-3","11":"pa_material-bambou-fr","12":"pa_material-cotton-30-fr","13":"pa_material-polyester-50-fr","14":"pa_material-toile-fr","16":"first","17":"instock","18":"taxable","19":"shipping-taxable","20":"purchasable","21":"product-type-simple"},"exclude_global_add_ons":[],"addons":[],"acf":[],"yoast_head":"<!-- This site is optimized with the Yoast SEO plugin v26.4 - https:\/\/yoast.com\/wordpress\/plugins\/seo\/ -->\n<title>Ecru Bac \u00e0 linge Beige - H\u00fcbsch<\/title>\n<meta name=\"description\" content=\"Le panier \u00e0 linge est fait \u00e0 partir de bambou et de mat\u00e9riaux naturels. La combinaison de couleurs lui conf\u00e8re un look chaleureux et simple. C&#039;est un\" \/>\n<meta name=\"robots\" content=\"index, follow, max-snippet:-1, max-image-preview:large, max-video-preview:-1\" \/>\n<link rel=\"canonical\" href=\"https:\/\/hubsch-interior.com\/fr\/wp-json\/wp\/v2\/product\/390348\" \/>\n<meta property=\"og:locale\" content=\"fr_FR\" \/>\n<meta property=\"og:type\" content=\"article\" \/>\n<meta property=\"og:title\" content=\"Ecru Bac \u00e0 linge Beige - H\u00fcbsch\" \/>\n<meta property=\"og:description\" content=\"Le panier \u00e0 linge est fait \u00e0 partir de bambou et de mat\u00e9riaux naturels. La combinaison de couleurs lui conf\u00e8re un look chaleureux et simple. C&#039;est un\" \/>\n<meta property=\"og:url\" content=\"https:\/\/hubsch-interior.com\/fr\/produit\/ecru-bac-a-linge-beige\/\" \/>\n<meta property=\"og:site_name\" content=\"H\u00fcbsch\" \/>\n<meta property=\"article:modified_time\" content=\"2026-04-14T02:29:21+00:00\" \/>\n<meta property=\"og:image\" content=\"https:\/\/hubsch-interior.com\/wp-content\/uploads\/2024\/08\/ecru-laundry-bag-beige-b9583c716030950534de201f3fe6b6af.jpg\" \/>\n\t<meta property=\"og:image:width\" content=\"1200\" \/>\n\t<meta property=\"og:image:height\" content=\"1200\" \/>\n\t<meta property=\"og:image:type\" content=\"image\/jpeg\" \/>\n<meta name=\"twitter:card\" content=\"summary_large_image\" \/>\n<script type=\"application\/ld+json\" class=\"yoast-schema-graph\">{\"@context\":\"https:\/\/schema.org\",\"@graph\":[{\"@type\":\"WebPage\",\"@id\":\"https:\/\/hubsch-interior.com\/fr\/produit\/ecru-bac-a-linge-beige\/\",\"url\":\"https:\/\/hubsch-interior.com\/fr\/produit\/ecru-bac-a-linge-beige\/\",\"name\":\"Ecru Bac \u00e0 linge Beige - H\u00fcbsch\",\"isPartOf\":{\"@id\":\"https:\/\/hubsch-interior.com\/fr\/#website\"},\"primaryImageOfPage\":{\"@id\":\"https:\/\/hubsch-interior.com\/fr\/produit\/ecru-bac-a-linge-beige\/#primaryimage\"},\"image\":{\"@id\":\"https:\/\/hubsch-interior.com\/fr\/produit\/ecru-bac-a-linge-beige\/#primaryimage\"},\"thumbnailUrl\":\"https:\/\/hubsch-interior.com\/wp-content\/uploads\/2026\/02\/ecru-laundry-bag-beige-3c811754629f8e7739118e5924389276.jpg\",\"datePublished\":\"2021-06-04T07:52:03+00:00\",\"dateModified\":\"2026-04-14T02:29:21+00:00\",\"description\":\"Le panier \u00e0 linge est fait \u00e0 partir de bambou et de mat\u00e9riaux naturels. La combinaison de couleurs lui conf\u00e8re un look chaleureux et simple. C'est un\",\"breadcrumb\":{\"@id\":\"https:\/\/hubsch-interior.com\/fr\/produit\/ecru-bac-a-linge-beige\/#breadcrumb\"},\"inLanguage\":\"fr-FR\",\"potentialAction\":[{\"@type\":\"ReadAction\",\"target\":[\"https:\/\/hubsch-interior.com\/fr\/produit\/ecru-bac-a-linge-beige\/\"]}]},{\"@type\":\"ImageObject\",\"inLanguage\":\"fr-FR\",\"@id\":\"https:\/\/hubsch-interior.com\/fr\/produit\/ecru-bac-a-linge-beige\/#primaryimage\",\"url\":\"https:\/\/hubsch-interior.com\/wp-content\/uploads\/2026\/02\/ecru-laundry-bag-beige-3c811754629f8e7739118e5924389276.jpg\",\"contentUrl\":\"https:\/\/hubsch-interior.com\/wp-content\/uploads\/2026\/02\/ecru-laundry-bag-beige-3c811754629f8e7739118e5924389276.jpg\",\"width\":1024,\"height\":1024},{\"@type\":\"BreadcrumbList\",\"@id\":\"https:\/\/hubsch-interior.com\/fr\/produit\/ecru-bac-a-linge-beige\/#breadcrumb\",\"itemListElement\":[{\"@type\":\"ListItem\",\"position\":1,\"name\":\"Page d'accueil\",\"item\":\"https:\/\/hubsch-interior.com\/fr\/\"},{\"@type\":\"ListItem\",\"position\":2,\"name\":\"Produits\",\"item\":\"https:\/\/hubsch-interior.com\/fr\/shop-2\/\"},{\"@type\":\"ListItem\",\"position\":3,\"name\":\"Meilleures ventes par pays\",\"item\":\"https:\/\/hubsch-interior.com\/fr\/categorie-produit\/bestsellers-fr\/\"},{\"@type\":\"ListItem\",\"position\":4,\"name\":\"Ecru Bac \u00e0 linge Beige\"}]},{\"@type\":\"WebSite\",\"@id\":\"https:\/\/hubsch-interior.com\/fr\/#website\",\"url\":\"https:\/\/hubsch-interior.com\/fr\/\",\"name\":\"H\u00fcbsch\",\"description\":\"Danish Home Interior and Design\",\"publisher\":{\"@id\":\"https:\/\/hubsch-interior.com\/fr\/#organization\"},\"potentialAction\":[{\"@type\":\"SearchAction\",\"target\":{\"@type\":\"EntryPoint\",\"urlTemplate\":\"https:\/\/hubsch-interior.com\/fr\/?s={search_term_string}\"},\"query-input\":{\"@type\":\"PropertyValueSpecification\",\"valueRequired\":true,\"valueName\":\"search_term_string\"}}],\"inLanguage\":\"fr-FR\"},{\"@type\":\"Organization\",\"@id\":\"https:\/\/hubsch-interior.com\/fr\/#organization\",\"name\":\"H\u00fcbsch\",\"url\":\"https:\/\/hubsch-interior.com\/fr\/\",\"logo\":{\"@type\":\"ImageObject\",\"inLanguage\":\"fr-FR\",\"@id\":\"https:\/\/hubsch-interior.com\/fr\/#\/schema\/logo\/image\/\",\"url\":\"https:\/\/hubsch-interior.com\/wp-content\/uploads\/2022\/12\/Hubsch_logo_black_one_line.svg\",\"contentUrl\":\"https:\/\/hubsch-interior.com\/wp-content\/uploads\/2022\/12\/Hubsch_logo_black_one_line.svg\",\"caption\":\"H\u00fcbsch\"},\"image\":{\"@id\":\"https:\/\/hubsch-interior.com\/fr\/#\/schema\/logo\/image\/\"}}]}<\/script>\n<!-- \/ Yoast SEO plugin. -->","yoast_head_json":{"title":"Ecru Bac \u00e0 linge Beige - H\u00fcbsch","description":"Le panier \u00e0 linge est fait \u00e0 partir de bambou et de mat\u00e9riaux naturels. La combinaison de couleurs lui conf\u00e8re un look chaleureux et simple. C'est un","robots":{"index":"index","follow":"follow","max-snippet":"max-snippet:-1","max-image-preview":"max-image-preview:large","max-video-preview":"max-video-preview:-1"},"canonical":"https:\/\/hubsch-interior.com\/fr\/wp-json\/wp\/v2\/product\/390348","og_locale":"fr_FR","og_type":"article","og_title":"Ecru Bac \u00e0 linge Beige - H\u00fcbsch","og_description":"Le panier \u00e0 linge est fait \u00e0 partir de bambou et de mat\u00e9riaux naturels. La combinaison de couleurs lui conf\u00e8re un look chaleureux et simple. C'est un","og_url":"https:\/\/hubsch-interior.com\/fr\/produit\/ecru-bac-a-linge-beige\/","og_site_name":"H\u00fcbsch","article_modified_time":"2026-04-14T02:29:21+00:00","og_image":[{"width":1200,"height":1200,"url":"https:\/\/hubsch-interior.com\/wp-content\/uploads\/2024\/08\/ecru-laundry-bag-beige-b9583c716030950534de201f3fe6b6af.jpg","type":"image\/jpeg"}],"twitter_card":"summary_large_image","schema":{"@context":"https:\/\/schema.org","@graph":[{"@type":"WebPage","@id":"https:\/\/hubsch-interior.com\/fr\/produit\/ecru-bac-a-linge-beige\/","url":"https:\/\/hubsch-interior.com\/fr\/produit\/ecru-bac-a-linge-beige\/","name":"Ecru Bac \u00e0 linge Beige - H\u00fcbsch","isPartOf":{"@id":"https:\/\/hubsch-interior.com\/fr\/#website"},"primaryImageOfPage":{"@id":"https:\/\/hubsch-interior.com\/fr\/produit\/ecru-bac-a-linge-beige\/#primaryimage"},"image":{"@id":"https:\/\/hubsch-interior.com\/fr\/produit\/ecru-bac-a-linge-beige\/#primaryimage"},"thumbnailUrl":"https:\/\/hubsch-interior.com\/wp-content\/uploads\/2026\/02\/ecru-laundry-bag-beige-3c811754629f8e7739118e5924389276.jpg","datePublished":"2021-06-04T07:52:03+00:00","dateModified":"2026-04-14T02:29:21+00:00","description":"Le panier \u00e0 linge est fait \u00e0 partir de bambou et de mat\u00e9riaux naturels. La combinaison de couleurs lui conf\u00e8re un look chaleureux et simple. C'est un","breadcrumb":{"@id":"https:\/\/hubsch-interior.com\/fr\/produit\/ecru-bac-a-linge-beige\/#breadcrumb"},"inLanguage":"fr-FR","potentialAction":[{"@type":"ReadAction","target":["https:\/\/hubsch-interior.com\/fr\/produit\/ecru-bac-a-linge-beige\/"]}]},{"@type":"ImageObject","inLanguage":"fr-FR","@id":"https:\/\/hubsch-interior.com\/fr\/produit\/ecru-bac-a-linge-beige\/#primaryimage","url":"https:\/\/hubsch-interior.com\/wp-content\/uploads\/2026\/02\/ecru-laundry-bag-beige-3c811754629f8e7739118e5924389276.jpg","contentUrl":"https:\/\/hubsch-interior.com\/wp-content\/uploads\/2026\/02\/ecru-laundry-bag-beige-3c811754629f8e7739118e5924389276.jpg","width":1024,"height":1024},{"@type":"BreadcrumbList","@id":"https:\/\/hubsch-interior.com\/fr\/produit\/ecru-bac-a-linge-beige\/#breadcrumb","itemListElement":[{"@type":"ListItem","position":1,"name":"Page d'accueil","item":"https:\/\/hubsch-interior.com\/fr\/"},{"@type":"ListItem","position":2,"name":"Produits","item":"https:\/\/hubsch-interior.com\/fr\/shop-2\/"},{"@type":"ListItem","position":3,"name":"Meilleures ventes par pays","item":"https:\/\/hubsch-interior.com\/fr\/categorie-produit\/bestsellers-fr\/"},{"@type":"ListItem","position":4,"name":"Ecru Bac \u00e0 linge Beige"}]},{"@type":"WebSite","@id":"https:\/\/hubsch-interior.com\/fr\/#website","url":"https:\/\/hubsch-interior.com\/fr\/","name":"H\u00fcbsch","description":"Danish Home Interior and Design","publisher":{"@id":"https:\/\/hubsch-interior.com\/fr\/#organization"},"potentialAction":[{"@type":"SearchAction","target":{"@type":"EntryPoint","urlTemplate":"https:\/\/hubsch-interior.com\/fr\/?s={search_term_string}"},"query-input":{"@type":"PropertyValueSpecification","valueRequired":true,"valueName":"search_term_string"}}],"inLanguage":"fr-FR"},{"@type":"Organization","@id":"https:\/\/hubsch-interior.com\/fr\/#organization","name":"H\u00fcbsch","url":"https:\/\/hubsch-interior.com\/fr\/","logo":{"@type":"ImageObject","inLanguage":"fr-FR","@id":"https:\/\/hubsch-interior.com\/fr\/#\/schema\/logo\/image\/","url":"https:\/\/hubsch-interior.com\/wp-content\/uploads\/2022\/12\/Hubsch_logo_black_one_line.svg","contentUrl":"https:\/\/hubsch-interior.com\/wp-content\/uploads\/2022\/12\/Hubsch_logo_black_one_line.svg","caption":"H\u00fcbsch"},"image":{"@id":"https:\/\/hubsch-interior.com\/fr\/#\/schema\/logo\/image\/"}}]}},"_links":{"self":[{"href":"https:\/\/hubsch-interior.com\/fr\/wp-json\/wp\/v2\/product\/390348","targetHints":{"allow":["GET"]}}],"collection":[{"href":"https:\/\/hubsch-interior.com\/fr\/wp-json\/wp\/v2\/product"}],"about":[{"href":"https:\/\/hubsch-interior.com\/fr\/wp-json\/wp\/v2\/types\/product"}],"wp:featuredmedia":[{"embeddable":true,"href":"https:\/\/hubsch-interior.com\/fr\/wp-json\/wp\/v2\/media\/1096747"}],"wp:attachment":[{"href":"https:\/\/hubsch-interior.com\/fr\/wp-json\/wp\/v2\/media?parent=390348"}],"wp:term":[{"taxonomy":"product_brand","embeddable":true,"href":"https:\/\/hubsch-interior.com\/fr\/wp-json\/wp\/v2\/product_brand?post=390348"},{"taxonomy":"product_cat","embeddable":true,"href":"https:\/\/hubsch-interior.com\/fr\/wp-json\/wp\/v2\/product_cat?post=390348"},{"taxonomy":"product_tag","embeddable":true,"href":"https:\/\/hubsch-interior.com\/fr\/wp-json\/wp\/v2\/product_tag?post=390348"}],"curies":[{"name":"wp","href":"https:\/\/api.w.org\/{rel}","templated":true}]}}