{"id":390848,"date":"2021-06-04T09:53:49","date_gmt":"2021-06-04T07:53:49","guid":{"rendered":"https:\/\/hubsch-interior.com\/shop-b2c\/product\/product-6\/"},"modified":"2026-04-09T04:30:44","modified_gmt":"2026-04-09T02:30:44","slug":"prim-coussin-d-gris","status":"publish","type":"product","link":"https:\/\/hubsch-interior.com\/fr\/produit\/prim-coussin-d-gris\/","title":{"rendered":"Prim Coussin d Gris"},"content":{"rendered":"<p>Le coussin d&#8217;assise est fabriqu\u00e9 en v\u00e9ritable peau de mouton \u00e0 poils courts et viens dans une couleur grise avec des nuances rouges. Il est \u00e0 la fois d\u00e9coratif et chaleureux, ce qui en fait un excellent \u00e9l\u00e9ment pour votre salle \u00e0 manger.<\/p>\n","protected":false},"excerpt":{"rendered":"<p>Le coussin d&#8217;assise est fabriqu\u00e9 en v\u00e9ritable peau de mouton \u00e0 poils courts et viens dans une couleur grise avec des nuances rouges. Il est \u00e0 la fois d\u00e9coratif et chaleureux, ce qui en fait un excellent \u00e9l\u00e9ment pour votre salle \u00e0 manger.<\/p>\n","protected":false},"featured_media":1097028,"template":"","meta":{"_acf_changed":false,"inline_featured_image":false},"product_brand":[],"product_cat":[3002,3380],"product_tag":[],"class_list":{"0":"post-390848","1":"product","2":"type-product","3":"status-publish","4":"has-post-thumbnail","6":"product_cat-textile","7":"product_cat-peau-de-mouton-fr","8":"product_shipping_class-pk","10":"pa_color-gris-2","11":"pa_material-wool-100-fr","13":"first","14":"instock","15":"taxable","16":"shipping-taxable","17":"purchasable","18":"product-type-simple"},"exclude_global_add_ons":[],"addons":[],"acf":[],"yoast_head":"<!-- This site is optimized with the Yoast SEO plugin v26.4 - https:\/\/yoast.com\/wordpress\/plugins\/seo\/ -->\n<title>Prim Coussin d Gris - H\u00fcbsch<\/title>\n<meta name=\"description\" content=\"Le coussin d&#039;assise est fabriqu\u00e9 en v\u00e9ritable peau de mouton \u00e0 poils courts et viens dans une couleur grise avec des nuances rouges. Il est \u00e0 la fois\" \/>\n<meta name=\"robots\" content=\"index, follow, max-snippet:-1, max-image-preview:large, max-video-preview:-1\" \/>\n<link rel=\"canonical\" href=\"https:\/\/hubsch-interior.com\/fr\/wp-json\/wp\/v2\/product\/390848\" \/>\n<meta property=\"og:locale\" content=\"fr_FR\" \/>\n<meta property=\"og:type\" content=\"article\" \/>\n<meta property=\"og:title\" content=\"Prim Coussin d Gris - H\u00fcbsch\" \/>\n<meta property=\"og:description\" content=\"Le coussin d&#039;assise est fabriqu\u00e9 en v\u00e9ritable peau de mouton \u00e0 poils courts et viens dans une couleur grise avec des nuances rouges. Il est \u00e0 la fois\" \/>\n<meta property=\"og:url\" content=\"https:\/\/hubsch-interior.com\/fr\/produit\/prim-coussin-d-gris\/\" \/>\n<meta property=\"og:site_name\" content=\"H\u00fcbsch\" \/>\n<meta property=\"article:modified_time\" content=\"2026-04-09T02:30:44+00:00\" \/>\n<meta property=\"og:image\" content=\"https:\/\/hubsch-interior.com\/wp-content\/uploads\/2025\/04\/prim-seat-cushion-grey-49547d9cc8c951926c7d443542d51c9d.jpg\" \/>\n\t<meta property=\"og:image:width\" content=\"1200\" \/>\n\t<meta property=\"og:image:height\" content=\"1200\" \/>\n\t<meta property=\"og:image:type\" content=\"image\/jpeg\" \/>\n<meta name=\"twitter:card\" content=\"summary_large_image\" \/>\n<script type=\"application\/ld+json\" class=\"yoast-schema-graph\">{\"@context\":\"https:\/\/schema.org\",\"@graph\":[{\"@type\":\"WebPage\",\"@id\":\"https:\/\/hubsch-interior.com\/fr\/produit\/prim-coussin-d-gris\/\",\"url\":\"https:\/\/hubsch-interior.com\/fr\/produit\/prim-coussin-d-gris\/\",\"name\":\"Prim Coussin d Gris - H\u00fcbsch\",\"isPartOf\":{\"@id\":\"https:\/\/hubsch-interior.com\/fr\/#website\"},\"primaryImageOfPage\":{\"@id\":\"https:\/\/hubsch-interior.com\/fr\/produit\/prim-coussin-d-gris\/#primaryimage\"},\"image\":{\"@id\":\"https:\/\/hubsch-interior.com\/fr\/produit\/prim-coussin-d-gris\/#primaryimage\"},\"thumbnailUrl\":\"https:\/\/hubsch-interior.com\/wp-content\/uploads\/2026\/02\/prim-seat-cushion-grey-f1b028c92649657f2401c7d713329378.jpg\",\"datePublished\":\"2021-06-04T07:53:49+00:00\",\"dateModified\":\"2026-04-09T02:30:44+00:00\",\"description\":\"Le coussin d'assise est fabriqu\u00e9 en v\u00e9ritable peau de mouton \u00e0 poils courts et viens dans une couleur grise avec des nuances rouges. Il est \u00e0 la fois\",\"breadcrumb\":{\"@id\":\"https:\/\/hubsch-interior.com\/fr\/produit\/prim-coussin-d-gris\/#breadcrumb\"},\"inLanguage\":\"fr-FR\",\"potentialAction\":[{\"@type\":\"ReadAction\",\"target\":[\"https:\/\/hubsch-interior.com\/fr\/produit\/prim-coussin-d-gris\/\"]}]},{\"@type\":\"ImageObject\",\"inLanguage\":\"fr-FR\",\"@id\":\"https:\/\/hubsch-interior.com\/fr\/produit\/prim-coussin-d-gris\/#primaryimage\",\"url\":\"https:\/\/hubsch-interior.com\/wp-content\/uploads\/2026\/02\/prim-seat-cushion-grey-f1b028c92649657f2401c7d713329378.jpg\",\"contentUrl\":\"https:\/\/hubsch-interior.com\/wp-content\/uploads\/2026\/02\/prim-seat-cushion-grey-f1b028c92649657f2401c7d713329378.jpg\",\"width\":1024,\"height\":1024},{\"@type\":\"BreadcrumbList\",\"@id\":\"https:\/\/hubsch-interior.com\/fr\/produit\/prim-coussin-d-gris\/#breadcrumb\",\"itemListElement\":[{\"@type\":\"ListItem\",\"position\":1,\"name\":\"Page d'accueil\",\"item\":\"https:\/\/hubsch-interior.com\/fr\/\"},{\"@type\":\"ListItem\",\"position\":2,\"name\":\"Produits\",\"item\":\"https:\/\/hubsch-interior.com\/fr\/shop-2\/\"},{\"@type\":\"ListItem\",\"position\":3,\"name\":\"Textiles\",\"item\":\"https:\/\/hubsch-interior.com\/fr\/categorie-produit\/textile\/\"},{\"@type\":\"ListItem\",\"position\":4,\"name\":\"Peau de mouton\",\"item\":\"https:\/\/hubsch-interior.com\/fr\/categorie-produit\/textile\/peau-de-mouton-fr\/\"},{\"@type\":\"ListItem\",\"position\":5,\"name\":\"Prim Coussin d Gris\"}]},{\"@type\":\"WebSite\",\"@id\":\"https:\/\/hubsch-interior.com\/fr\/#website\",\"url\":\"https:\/\/hubsch-interior.com\/fr\/\",\"name\":\"H\u00fcbsch\",\"description\":\"Danish Home Interior and Design\",\"publisher\":{\"@id\":\"https:\/\/hubsch-interior.com\/fr\/#organization\"},\"potentialAction\":[{\"@type\":\"SearchAction\",\"target\":{\"@type\":\"EntryPoint\",\"urlTemplate\":\"https:\/\/hubsch-interior.com\/fr\/?s={search_term_string}\"},\"query-input\":{\"@type\":\"PropertyValueSpecification\",\"valueRequired\":true,\"valueName\":\"search_term_string\"}}],\"inLanguage\":\"fr-FR\"},{\"@type\":\"Organization\",\"@id\":\"https:\/\/hubsch-interior.com\/fr\/#organization\",\"name\":\"H\u00fcbsch\",\"url\":\"https:\/\/hubsch-interior.com\/fr\/\",\"logo\":{\"@type\":\"ImageObject\",\"inLanguage\":\"fr-FR\",\"@id\":\"https:\/\/hubsch-interior.com\/fr\/#\/schema\/logo\/image\/\",\"url\":\"https:\/\/hubsch-interior.com\/wp-content\/uploads\/2022\/12\/Hubsch_logo_black_one_line.svg\",\"contentUrl\":\"https:\/\/hubsch-interior.com\/wp-content\/uploads\/2022\/12\/Hubsch_logo_black_one_line.svg\",\"caption\":\"H\u00fcbsch\"},\"image\":{\"@id\":\"https:\/\/hubsch-interior.com\/fr\/#\/schema\/logo\/image\/\"}}]}<\/script>\n<!-- \/ Yoast SEO plugin. -->","yoast_head_json":{"title":"Prim Coussin d Gris - H\u00fcbsch","description":"Le coussin d'assise est fabriqu\u00e9 en v\u00e9ritable peau de mouton \u00e0 poils courts et viens dans une couleur grise avec des nuances rouges. Il est \u00e0 la fois","robots":{"index":"index","follow":"follow","max-snippet":"max-snippet:-1","max-image-preview":"max-image-preview:large","max-video-preview":"max-video-preview:-1"},"canonical":"https:\/\/hubsch-interior.com\/fr\/wp-json\/wp\/v2\/product\/390848","og_locale":"fr_FR","og_type":"article","og_title":"Prim Coussin d Gris - H\u00fcbsch","og_description":"Le coussin d'assise est fabriqu\u00e9 en v\u00e9ritable peau de mouton \u00e0 poils courts et viens dans une couleur grise avec des nuances rouges. Il est \u00e0 la fois","og_url":"https:\/\/hubsch-interior.com\/fr\/produit\/prim-coussin-d-gris\/","og_site_name":"H\u00fcbsch","article_modified_time":"2026-04-09T02:30:44+00:00","og_image":[{"width":1200,"height":1200,"url":"https:\/\/hubsch-interior.com\/wp-content\/uploads\/2025\/04\/prim-seat-cushion-grey-49547d9cc8c951926c7d443542d51c9d.jpg","type":"image\/jpeg"}],"twitter_card":"summary_large_image","schema":{"@context":"https:\/\/schema.org","@graph":[{"@type":"WebPage","@id":"https:\/\/hubsch-interior.com\/fr\/produit\/prim-coussin-d-gris\/","url":"https:\/\/hubsch-interior.com\/fr\/produit\/prim-coussin-d-gris\/","name":"Prim Coussin d Gris - H\u00fcbsch","isPartOf":{"@id":"https:\/\/hubsch-interior.com\/fr\/#website"},"primaryImageOfPage":{"@id":"https:\/\/hubsch-interior.com\/fr\/produit\/prim-coussin-d-gris\/#primaryimage"},"image":{"@id":"https:\/\/hubsch-interior.com\/fr\/produit\/prim-coussin-d-gris\/#primaryimage"},"thumbnailUrl":"https:\/\/hubsch-interior.com\/wp-content\/uploads\/2026\/02\/prim-seat-cushion-grey-f1b028c92649657f2401c7d713329378.jpg","datePublished":"2021-06-04T07:53:49+00:00","dateModified":"2026-04-09T02:30:44+00:00","description":"Le coussin d'assise est fabriqu\u00e9 en v\u00e9ritable peau de mouton \u00e0 poils courts et viens dans une couleur grise avec des nuances rouges. Il est \u00e0 la fois","breadcrumb":{"@id":"https:\/\/hubsch-interior.com\/fr\/produit\/prim-coussin-d-gris\/#breadcrumb"},"inLanguage":"fr-FR","potentialAction":[{"@type":"ReadAction","target":["https:\/\/hubsch-interior.com\/fr\/produit\/prim-coussin-d-gris\/"]}]},{"@type":"ImageObject","inLanguage":"fr-FR","@id":"https:\/\/hubsch-interior.com\/fr\/produit\/prim-coussin-d-gris\/#primaryimage","url":"https:\/\/hubsch-interior.com\/wp-content\/uploads\/2026\/02\/prim-seat-cushion-grey-f1b028c92649657f2401c7d713329378.jpg","contentUrl":"https:\/\/hubsch-interior.com\/wp-content\/uploads\/2026\/02\/prim-seat-cushion-grey-f1b028c92649657f2401c7d713329378.jpg","width":1024,"height":1024},{"@type":"BreadcrumbList","@id":"https:\/\/hubsch-interior.com\/fr\/produit\/prim-coussin-d-gris\/#breadcrumb","itemListElement":[{"@type":"ListItem","position":1,"name":"Page d'accueil","item":"https:\/\/hubsch-interior.com\/fr\/"},{"@type":"ListItem","position":2,"name":"Produits","item":"https:\/\/hubsch-interior.com\/fr\/shop-2\/"},{"@type":"ListItem","position":3,"name":"Textiles","item":"https:\/\/hubsch-interior.com\/fr\/categorie-produit\/textile\/"},{"@type":"ListItem","position":4,"name":"Peau de mouton","item":"https:\/\/hubsch-interior.com\/fr\/categorie-produit\/textile\/peau-de-mouton-fr\/"},{"@type":"ListItem","position":5,"name":"Prim Coussin d Gris"}]},{"@type":"WebSite","@id":"https:\/\/hubsch-interior.com\/fr\/#website","url":"https:\/\/hubsch-interior.com\/fr\/","name":"H\u00fcbsch","description":"Danish Home Interior and Design","publisher":{"@id":"https:\/\/hubsch-interior.com\/fr\/#organization"},"potentialAction":[{"@type":"SearchAction","target":{"@type":"EntryPoint","urlTemplate":"https:\/\/hubsch-interior.com\/fr\/?s={search_term_string}"},"query-input":{"@type":"PropertyValueSpecification","valueRequired":true,"valueName":"search_term_string"}}],"inLanguage":"fr-FR"},{"@type":"Organization","@id":"https:\/\/hubsch-interior.com\/fr\/#organization","name":"H\u00fcbsch","url":"https:\/\/hubsch-interior.com\/fr\/","logo":{"@type":"ImageObject","inLanguage":"fr-FR","@id":"https:\/\/hubsch-interior.com\/fr\/#\/schema\/logo\/image\/","url":"https:\/\/hubsch-interior.com\/wp-content\/uploads\/2022\/12\/Hubsch_logo_black_one_line.svg","contentUrl":"https:\/\/hubsch-interior.com\/wp-content\/uploads\/2022\/12\/Hubsch_logo_black_one_line.svg","caption":"H\u00fcbsch"},"image":{"@id":"https:\/\/hubsch-interior.com\/fr\/#\/schema\/logo\/image\/"}}]}},"_links":{"self":[{"href":"https:\/\/hubsch-interior.com\/fr\/wp-json\/wp\/v2\/product\/390848","targetHints":{"allow":["GET"]}}],"collection":[{"href":"https:\/\/hubsch-interior.com\/fr\/wp-json\/wp\/v2\/product"}],"about":[{"href":"https:\/\/hubsch-interior.com\/fr\/wp-json\/wp\/v2\/types\/product"}],"wp:featuredmedia":[{"embeddable":true,"href":"https:\/\/hubsch-interior.com\/fr\/wp-json\/wp\/v2\/media\/1097028"}],"wp:attachment":[{"href":"https:\/\/hubsch-interior.com\/fr\/wp-json\/wp\/v2\/media?parent=390848"}],"wp:term":[{"taxonomy":"product_brand","embeddable":true,"href":"https:\/\/hubsch-interior.com\/fr\/wp-json\/wp\/v2\/product_brand?post=390848"},{"taxonomy":"product_cat","embeddable":true,"href":"https:\/\/hubsch-interior.com\/fr\/wp-json\/wp\/v2\/product_cat?post=390848"},{"taxonomy":"product_tag","embeddable":true,"href":"https:\/\/hubsch-interior.com\/fr\/wp-json\/wp\/v2\/product_tag?post=390848"}],"curies":[{"name":"wp","href":"https:\/\/api.w.org\/{rel}","templated":true}]}}