{"id":390860,"date":"2021-06-04T09:53:54","date_gmt":"2021-06-04T07:53:54","guid":{"rendered":"https:\/\/hubsch-interior.com\/shop-b2c\/product\/product-6\/"},"modified":"2026-04-04T04:29:58","modified_gmt":"2026-04-04T02:29:58","slug":"prim-coussin-d-beige","status":"publish","type":"product","link":"https:\/\/hubsch-interior.com\/fr\/produit\/prim-coussin-d-beige\/","title":{"rendered":"Prim Coussin d Beige"},"content":{"rendered":"<p>Le coussin d&#8217;assise est fabriqu\u00e9 en peau de mouton \u00e0 poils courts et vient dans une couleur classique marron clair. Le coussin est \u00e0 la fois un bon moyen de vous tenir chaud lorsque vous \u00eates \u00e0 table et un \u00e9l\u00e9ment d\u00e9coratif.<\/p>\n","protected":false},"excerpt":{"rendered":"<p>Le coussin d&#8217;assise est fabriqu\u00e9 en peau de mouton \u00e0 poils courts et vient dans une couleur classique marron clair. Le coussin est \u00e0 la fois un bon moyen de vous tenir chaud lorsque vous \u00eates \u00e0 table et un \u00e9l\u00e9ment d\u00e9coratif.<\/p>\n","protected":false},"featured_media":1097032,"template":"","meta":{"_acf_changed":false,"inline_featured_image":false},"product_brand":[],"product_cat":[3002,3380,5026,6535],"product_tag":[],"class_list":{"0":"post-390860","1":"product","2":"type-product","3":"status-publish","4":"has-post-thumbnail","6":"product_cat-textile","7":"product_cat-peau-de-mouton-fr","8":"product_cat-bestsellers-fr","9":"product_cat-outlet-fr","10":"product_shipping_class-pk","12":"pa_color-beige-3","13":"pa_material-wool-100-fr","15":"first","16":"instock","17":"sale","18":"featured","19":"taxable","20":"shipping-taxable","21":"purchasable","22":"product-type-simple"},"exclude_global_add_ons":[],"addons":[],"acf":[],"yoast_head":"<!-- This site is optimized with the Yoast SEO plugin v26.4 - https:\/\/yoast.com\/wordpress\/plugins\/seo\/ -->\n<title>Prim Coussin d Beige - H\u00fcbsch<\/title>\n<meta name=\"description\" content=\"Le coussin d&#039;assise est fabriqu\u00e9 en peau de mouton \u00e0 poils courts et vient dans une couleur classique marron clair. Le coussin est \u00e0 la fois un bon moyen\" \/>\n<meta name=\"robots\" content=\"index, follow, max-snippet:-1, max-image-preview:large, max-video-preview:-1\" \/>\n<link rel=\"canonical\" href=\"https:\/\/hubsch-interior.com\/fr\/wp-json\/wp\/v2\/product\/390860\" \/>\n<meta property=\"og:locale\" content=\"fr_FR\" \/>\n<meta property=\"og:type\" content=\"article\" \/>\n<meta property=\"og:title\" content=\"Prim Coussin d Beige - H\u00fcbsch\" \/>\n<meta property=\"og:description\" content=\"Le coussin d&#039;assise est fabriqu\u00e9 en peau de mouton \u00e0 poils courts et vient dans une couleur classique marron clair. Le coussin est \u00e0 la fois un bon moyen\" \/>\n<meta property=\"og:url\" content=\"https:\/\/hubsch-interior.com\/fr\/produit\/prim-coussin-d-beige\/\" \/>\n<meta property=\"og:site_name\" content=\"H\u00fcbsch\" \/>\n<meta property=\"article:modified_time\" content=\"2026-04-04T02:29:58+00:00\" \/>\n<meta property=\"og:image\" content=\"https:\/\/hubsch-interior.com\/wp-content\/uploads\/2025\/05\/prim-seat-cushion-beige-0d83f5da0f7b3a074ed862b200aee319.jpg\" \/>\n\t<meta property=\"og:image:width\" content=\"1200\" \/>\n\t<meta property=\"og:image:height\" content=\"1200\" \/>\n\t<meta property=\"og:image:type\" content=\"image\/jpeg\" \/>\n<meta name=\"twitter:card\" content=\"summary_large_image\" \/>\n<script type=\"application\/ld+json\" class=\"yoast-schema-graph\">{\"@context\":\"https:\/\/schema.org\",\"@graph\":[{\"@type\":\"WebPage\",\"@id\":\"https:\/\/hubsch-interior.com\/fr\/produit\/prim-coussin-d-beige\/\",\"url\":\"https:\/\/hubsch-interior.com\/fr\/produit\/prim-coussin-d-beige\/\",\"name\":\"Prim Coussin d Beige - H\u00fcbsch\",\"isPartOf\":{\"@id\":\"https:\/\/hubsch-interior.com\/fr\/#website\"},\"primaryImageOfPage\":{\"@id\":\"https:\/\/hubsch-interior.com\/fr\/produit\/prim-coussin-d-beige\/#primaryimage\"},\"image\":{\"@id\":\"https:\/\/hubsch-interior.com\/fr\/produit\/prim-coussin-d-beige\/#primaryimage\"},\"thumbnailUrl\":\"https:\/\/hubsch-interior.com\/wp-content\/uploads\/2026\/02\/prim-seat-cushion-beige-5af00b2e4175557f45561af6a2cac70a.jpg\",\"datePublished\":\"2021-06-04T07:53:54+00:00\",\"dateModified\":\"2026-04-04T02:29:58+00:00\",\"description\":\"Le coussin d'assise est fabriqu\u00e9 en peau de mouton \u00e0 poils courts et vient dans une couleur classique marron clair. Le coussin est \u00e0 la fois un bon moyen\",\"breadcrumb\":{\"@id\":\"https:\/\/hubsch-interior.com\/fr\/produit\/prim-coussin-d-beige\/#breadcrumb\"},\"inLanguage\":\"fr-FR\",\"potentialAction\":[{\"@type\":\"ReadAction\",\"target\":[\"https:\/\/hubsch-interior.com\/fr\/produit\/prim-coussin-d-beige\/\"]}]},{\"@type\":\"ImageObject\",\"inLanguage\":\"fr-FR\",\"@id\":\"https:\/\/hubsch-interior.com\/fr\/produit\/prim-coussin-d-beige\/#primaryimage\",\"url\":\"https:\/\/hubsch-interior.com\/wp-content\/uploads\/2026\/02\/prim-seat-cushion-beige-5af00b2e4175557f45561af6a2cac70a.jpg\",\"contentUrl\":\"https:\/\/hubsch-interior.com\/wp-content\/uploads\/2026\/02\/prim-seat-cushion-beige-5af00b2e4175557f45561af6a2cac70a.jpg\",\"width\":1024,\"height\":1024},{\"@type\":\"BreadcrumbList\",\"@id\":\"https:\/\/hubsch-interior.com\/fr\/produit\/prim-coussin-d-beige\/#breadcrumb\",\"itemListElement\":[{\"@type\":\"ListItem\",\"position\":1,\"name\":\"Page d'accueil\",\"item\":\"https:\/\/hubsch-interior.com\/fr\/\"},{\"@type\":\"ListItem\",\"position\":2,\"name\":\"Produits\",\"item\":\"https:\/\/hubsch-interior.com\/fr\/shop-2\/\"},{\"@type\":\"ListItem\",\"position\":3,\"name\":\"Textiles\",\"item\":\"https:\/\/hubsch-interior.com\/fr\/categorie-produit\/textile\/\"},{\"@type\":\"ListItem\",\"position\":4,\"name\":\"Peau de mouton\",\"item\":\"https:\/\/hubsch-interior.com\/fr\/categorie-produit\/textile\/peau-de-mouton-fr\/\"},{\"@type\":\"ListItem\",\"position\":5,\"name\":\"Prim Coussin d Beige\"}]},{\"@type\":\"WebSite\",\"@id\":\"https:\/\/hubsch-interior.com\/fr\/#website\",\"url\":\"https:\/\/hubsch-interior.com\/fr\/\",\"name\":\"H\u00fcbsch\",\"description\":\"Danish Home Interior and Design\",\"publisher\":{\"@id\":\"https:\/\/hubsch-interior.com\/fr\/#organization\"},\"potentialAction\":[{\"@type\":\"SearchAction\",\"target\":{\"@type\":\"EntryPoint\",\"urlTemplate\":\"https:\/\/hubsch-interior.com\/fr\/?s={search_term_string}\"},\"query-input\":{\"@type\":\"PropertyValueSpecification\",\"valueRequired\":true,\"valueName\":\"search_term_string\"}}],\"inLanguage\":\"fr-FR\"},{\"@type\":\"Organization\",\"@id\":\"https:\/\/hubsch-interior.com\/fr\/#organization\",\"name\":\"H\u00fcbsch\",\"url\":\"https:\/\/hubsch-interior.com\/fr\/\",\"logo\":{\"@type\":\"ImageObject\",\"inLanguage\":\"fr-FR\",\"@id\":\"https:\/\/hubsch-interior.com\/fr\/#\/schema\/logo\/image\/\",\"url\":\"https:\/\/hubsch-interior.com\/wp-content\/uploads\/2022\/12\/Hubsch_logo_black_one_line.svg\",\"contentUrl\":\"https:\/\/hubsch-interior.com\/wp-content\/uploads\/2022\/12\/Hubsch_logo_black_one_line.svg\",\"caption\":\"H\u00fcbsch\"},\"image\":{\"@id\":\"https:\/\/hubsch-interior.com\/fr\/#\/schema\/logo\/image\/\"}}]}<\/script>\n<!-- \/ Yoast SEO plugin. -->","yoast_head_json":{"title":"Prim Coussin d Beige - H\u00fcbsch","description":"Le coussin d'assise est fabriqu\u00e9 en peau de mouton \u00e0 poils courts et vient dans une couleur classique marron clair. Le coussin est \u00e0 la fois un bon moyen","robots":{"index":"index","follow":"follow","max-snippet":"max-snippet:-1","max-image-preview":"max-image-preview:large","max-video-preview":"max-video-preview:-1"},"canonical":"https:\/\/hubsch-interior.com\/fr\/wp-json\/wp\/v2\/product\/390860","og_locale":"fr_FR","og_type":"article","og_title":"Prim Coussin d Beige - H\u00fcbsch","og_description":"Le coussin d'assise est fabriqu\u00e9 en peau de mouton \u00e0 poils courts et vient dans une couleur classique marron clair. Le coussin est \u00e0 la fois un bon moyen","og_url":"https:\/\/hubsch-interior.com\/fr\/produit\/prim-coussin-d-beige\/","og_site_name":"H\u00fcbsch","article_modified_time":"2026-04-04T02:29:58+00:00","og_image":[{"width":1200,"height":1200,"url":"https:\/\/hubsch-interior.com\/wp-content\/uploads\/2025\/05\/prim-seat-cushion-beige-0d83f5da0f7b3a074ed862b200aee319.jpg","type":"image\/jpeg"}],"twitter_card":"summary_large_image","schema":{"@context":"https:\/\/schema.org","@graph":[{"@type":"WebPage","@id":"https:\/\/hubsch-interior.com\/fr\/produit\/prim-coussin-d-beige\/","url":"https:\/\/hubsch-interior.com\/fr\/produit\/prim-coussin-d-beige\/","name":"Prim Coussin d Beige - H\u00fcbsch","isPartOf":{"@id":"https:\/\/hubsch-interior.com\/fr\/#website"},"primaryImageOfPage":{"@id":"https:\/\/hubsch-interior.com\/fr\/produit\/prim-coussin-d-beige\/#primaryimage"},"image":{"@id":"https:\/\/hubsch-interior.com\/fr\/produit\/prim-coussin-d-beige\/#primaryimage"},"thumbnailUrl":"https:\/\/hubsch-interior.com\/wp-content\/uploads\/2026\/02\/prim-seat-cushion-beige-5af00b2e4175557f45561af6a2cac70a.jpg","datePublished":"2021-06-04T07:53:54+00:00","dateModified":"2026-04-04T02:29:58+00:00","description":"Le coussin d'assise est fabriqu\u00e9 en peau de mouton \u00e0 poils courts et vient dans une couleur classique marron clair. Le coussin est \u00e0 la fois un bon moyen","breadcrumb":{"@id":"https:\/\/hubsch-interior.com\/fr\/produit\/prim-coussin-d-beige\/#breadcrumb"},"inLanguage":"fr-FR","potentialAction":[{"@type":"ReadAction","target":["https:\/\/hubsch-interior.com\/fr\/produit\/prim-coussin-d-beige\/"]}]},{"@type":"ImageObject","inLanguage":"fr-FR","@id":"https:\/\/hubsch-interior.com\/fr\/produit\/prim-coussin-d-beige\/#primaryimage","url":"https:\/\/hubsch-interior.com\/wp-content\/uploads\/2026\/02\/prim-seat-cushion-beige-5af00b2e4175557f45561af6a2cac70a.jpg","contentUrl":"https:\/\/hubsch-interior.com\/wp-content\/uploads\/2026\/02\/prim-seat-cushion-beige-5af00b2e4175557f45561af6a2cac70a.jpg","width":1024,"height":1024},{"@type":"BreadcrumbList","@id":"https:\/\/hubsch-interior.com\/fr\/produit\/prim-coussin-d-beige\/#breadcrumb","itemListElement":[{"@type":"ListItem","position":1,"name":"Page d'accueil","item":"https:\/\/hubsch-interior.com\/fr\/"},{"@type":"ListItem","position":2,"name":"Produits","item":"https:\/\/hubsch-interior.com\/fr\/shop-2\/"},{"@type":"ListItem","position":3,"name":"Textiles","item":"https:\/\/hubsch-interior.com\/fr\/categorie-produit\/textile\/"},{"@type":"ListItem","position":4,"name":"Peau de mouton","item":"https:\/\/hubsch-interior.com\/fr\/categorie-produit\/textile\/peau-de-mouton-fr\/"},{"@type":"ListItem","position":5,"name":"Prim Coussin d Beige"}]},{"@type":"WebSite","@id":"https:\/\/hubsch-interior.com\/fr\/#website","url":"https:\/\/hubsch-interior.com\/fr\/","name":"H\u00fcbsch","description":"Danish Home Interior and Design","publisher":{"@id":"https:\/\/hubsch-interior.com\/fr\/#organization"},"potentialAction":[{"@type":"SearchAction","target":{"@type":"EntryPoint","urlTemplate":"https:\/\/hubsch-interior.com\/fr\/?s={search_term_string}"},"query-input":{"@type":"PropertyValueSpecification","valueRequired":true,"valueName":"search_term_string"}}],"inLanguage":"fr-FR"},{"@type":"Organization","@id":"https:\/\/hubsch-interior.com\/fr\/#organization","name":"H\u00fcbsch","url":"https:\/\/hubsch-interior.com\/fr\/","logo":{"@type":"ImageObject","inLanguage":"fr-FR","@id":"https:\/\/hubsch-interior.com\/fr\/#\/schema\/logo\/image\/","url":"https:\/\/hubsch-interior.com\/wp-content\/uploads\/2022\/12\/Hubsch_logo_black_one_line.svg","contentUrl":"https:\/\/hubsch-interior.com\/wp-content\/uploads\/2022\/12\/Hubsch_logo_black_one_line.svg","caption":"H\u00fcbsch"},"image":{"@id":"https:\/\/hubsch-interior.com\/fr\/#\/schema\/logo\/image\/"}}]}},"_links":{"self":[{"href":"https:\/\/hubsch-interior.com\/fr\/wp-json\/wp\/v2\/product\/390860","targetHints":{"allow":["GET"]}}],"collection":[{"href":"https:\/\/hubsch-interior.com\/fr\/wp-json\/wp\/v2\/product"}],"about":[{"href":"https:\/\/hubsch-interior.com\/fr\/wp-json\/wp\/v2\/types\/product"}],"wp:featuredmedia":[{"embeddable":true,"href":"https:\/\/hubsch-interior.com\/fr\/wp-json\/wp\/v2\/media\/1097032"}],"wp:attachment":[{"href":"https:\/\/hubsch-interior.com\/fr\/wp-json\/wp\/v2\/media?parent=390860"}],"wp:term":[{"taxonomy":"product_brand","embeddable":true,"href":"https:\/\/hubsch-interior.com\/fr\/wp-json\/wp\/v2\/product_brand?post=390860"},{"taxonomy":"product_cat","embeddable":true,"href":"https:\/\/hubsch-interior.com\/fr\/wp-json\/wp\/v2\/product_cat?post=390860"},{"taxonomy":"product_tag","embeddable":true,"href":"https:\/\/hubsch-interior.com\/fr\/wp-json\/wp\/v2\/product_tag?post=390860"}],"curies":[{"name":"wp","href":"https:\/\/api.w.org\/{rel}","templated":true}]}}