{"id":391044,"date":"2021-06-04T09:54:52","date_gmt":"2021-06-04T07:54:52","guid":{"rendered":"https:\/\/hubsch-interior.com\/shop-b2c\/product\/product-6\/"},"modified":"2026-04-05T04:31:31","modified_gmt":"2026-04-05T02:31:31","slug":"gem-bougeoir-orange-gris","status":"publish","type":"product","link":"https:\/\/hubsch-interior.com\/fr\/produit\/gem-bougeoir-orange-gris\/","title":{"rendered":"Gem Bougeoir Orange\/Gris"},"content":{"rendered":"<p>Ce bougeoir est en verre de deux couleurs diff\u00e9rentes. La forme est moderne et sculpt\u00e9 avec des bords pointus. La partie sup\u00e9rieure est en verre de couleur ambre et la partie inf\u00e9rieure est en verre fum\u00e9 de couleur gris. Ce produit est fait \u00e0 la main et peut donc varier.<\/p>\n","protected":false},"excerpt":{"rendered":"<p>Ce bougeoir est en verre de deux couleurs diff\u00e9rentes. La forme est moderne et sculpt\u00e9 avec des bords pointus. La partie sup\u00e9rieure est en verre de couleur ambre et la partie inf\u00e9rieure est en verre fum\u00e9 de couleur gris. Ce produit est fait \u00e0 la main et peut donc varier.<\/p>\n","protected":false},"featured_media":1097282,"template":"","meta":{"_acf_changed":false,"inline_featured_image":false},"product_brand":[],"product_cat":[4065,4066,5026],"product_tag":[],"class_list":{"0":"post-391044","1":"product","2":"type-product","3":"status-publish","4":"has-post-thumbnail","6":"product_cat-bougeoirs-lanternes-fr","7":"product_cat-bougeoirs-et-photophores-fr","8":"product_cat-bestsellers-fr","9":"product_shipping_class-pk","11":"pa_color-orange-fr","12":"pa_color-gris-2","13":"pa_material-cristal-fr","15":"first","16":"instock","17":"featured","18":"taxable","19":"shipping-taxable","20":"purchasable","21":"product-type-simple"},"exclude_global_add_ons":[],"addons":[],"acf":[],"yoast_head":"<!-- This site is optimized with the Yoast SEO plugin v26.4 - https:\/\/yoast.com\/wordpress\/plugins\/seo\/ -->\n<title>Gem Bougeoir Orange\/Gris - H\u00fcbsch<\/title>\n<meta name=\"description\" content=\"Ce bougeoir est en verre de deux couleurs diff\u00e9rentes. La forme est moderne et sculpt\u00e9 avec des bords pointus. La partie sup\u00e9rieure est en verre de\" \/>\n<meta name=\"robots\" content=\"index, follow, max-snippet:-1, max-image-preview:large, max-video-preview:-1\" \/>\n<link rel=\"canonical\" href=\"https:\/\/hubsch-interior.com\/fr\/wp-json\/wp\/v2\/product\/391044\" \/>\n<meta property=\"og:locale\" content=\"fr_FR\" \/>\n<meta property=\"og:type\" content=\"article\" \/>\n<meta property=\"og:title\" content=\"Gem Bougeoir Orange\/Gris - H\u00fcbsch\" \/>\n<meta property=\"og:description\" content=\"Ce bougeoir est en verre de deux couleurs diff\u00e9rentes. La forme est moderne et sculpt\u00e9 avec des bords pointus. La partie sup\u00e9rieure est en verre de\" \/>\n<meta property=\"og:url\" content=\"https:\/\/hubsch-interior.com\/fr\/produit\/gem-bougeoir-orange-gris\/\" \/>\n<meta property=\"og:site_name\" content=\"H\u00fcbsch\" \/>\n<meta property=\"article:modified_time\" content=\"2026-04-05T02:31:31+00:00\" \/>\n<meta property=\"og:image\" content=\"https:\/\/hubsch-interior.com\/wp-content\/uploads\/2023\/08\/gem-candlestick-orangesmoked-03a7b52da081fa1b9a337ea94e8951df.jpg\" \/>\n\t<meta property=\"og:image:width\" content=\"1200\" \/>\n\t<meta property=\"og:image:height\" content=\"1200\" \/>\n\t<meta property=\"og:image:type\" content=\"image\/jpeg\" \/>\n<meta name=\"twitter:card\" content=\"summary_large_image\" \/>\n<script type=\"application\/ld+json\" class=\"yoast-schema-graph\">{\"@context\":\"https:\/\/schema.org\",\"@graph\":[{\"@type\":\"WebPage\",\"@id\":\"https:\/\/hubsch-interior.com\/fr\/produit\/gem-bougeoir-orange-gris\/\",\"url\":\"https:\/\/hubsch-interior.com\/fr\/produit\/gem-bougeoir-orange-gris\/\",\"name\":\"Gem Bougeoir Orange\/Gris - H\u00fcbsch\",\"isPartOf\":{\"@id\":\"https:\/\/hubsch-interior.com\/fr\/#website\"},\"primaryImageOfPage\":{\"@id\":\"https:\/\/hubsch-interior.com\/fr\/produit\/gem-bougeoir-orange-gris\/#primaryimage\"},\"image\":{\"@id\":\"https:\/\/hubsch-interior.com\/fr\/produit\/gem-bougeoir-orange-gris\/#primaryimage\"},\"thumbnailUrl\":\"https:\/\/hubsch-interior.com\/wp-content\/uploads\/2026\/02\/gem-candlestick-orangegrey-aa68eb523db8ac0da5f6defef5f086ae.jpg\",\"datePublished\":\"2021-06-04T07:54:52+00:00\",\"dateModified\":\"2026-04-05T02:31:31+00:00\",\"description\":\"Ce bougeoir est en verre de deux couleurs diff\u00e9rentes. La forme est moderne et sculpt\u00e9 avec des bords pointus. La partie sup\u00e9rieure est en verre de\",\"breadcrumb\":{\"@id\":\"https:\/\/hubsch-interior.com\/fr\/produit\/gem-bougeoir-orange-gris\/#breadcrumb\"},\"inLanguage\":\"fr-FR\",\"potentialAction\":[{\"@type\":\"ReadAction\",\"target\":[\"https:\/\/hubsch-interior.com\/fr\/produit\/gem-bougeoir-orange-gris\/\"]}]},{\"@type\":\"ImageObject\",\"inLanguage\":\"fr-FR\",\"@id\":\"https:\/\/hubsch-interior.com\/fr\/produit\/gem-bougeoir-orange-gris\/#primaryimage\",\"url\":\"https:\/\/hubsch-interior.com\/wp-content\/uploads\/2026\/02\/gem-candlestick-orangegrey-aa68eb523db8ac0da5f6defef5f086ae.jpg\",\"contentUrl\":\"https:\/\/hubsch-interior.com\/wp-content\/uploads\/2026\/02\/gem-candlestick-orangegrey-aa68eb523db8ac0da5f6defef5f086ae.jpg\",\"width\":1024,\"height\":1024},{\"@type\":\"BreadcrumbList\",\"@id\":\"https:\/\/hubsch-interior.com\/fr\/produit\/gem-bougeoir-orange-gris\/#breadcrumb\",\"itemListElement\":[{\"@type\":\"ListItem\",\"position\":1,\"name\":\"Page d'accueil\",\"item\":\"https:\/\/hubsch-interior.com\/fr\/\"},{\"@type\":\"ListItem\",\"position\":2,\"name\":\"Produits\",\"item\":\"https:\/\/hubsch-interior.com\/fr\/shop-2\/\"},{\"@type\":\"ListItem\",\"position\":3,\"name\":\"Accessoires maison\",\"item\":\"https:\/\/hubsch-interior.com\/fr\/categorie-produit\/accessoires-maison\/\"},{\"@type\":\"ListItem\",\"position\":4,\"name\":\"Bougeoirs &amp; lanternes\",\"item\":\"https:\/\/hubsch-interior.com\/fr\/categorie-produit\/accessoires-maison\/bougeoirs-lanternes-fr\/\"},{\"@type\":\"ListItem\",\"position\":5,\"name\":\"Bougeoirs et photophores\",\"item\":\"https:\/\/hubsch-interior.com\/fr\/categorie-produit\/accessoires-maison\/bougeoirs-lanternes-fr\/bougeoirs-et-photophores-fr\/\"},{\"@type\":\"ListItem\",\"position\":6,\"name\":\"Gem Bougeoir Orange\/Gris\"}]},{\"@type\":\"WebSite\",\"@id\":\"https:\/\/hubsch-interior.com\/fr\/#website\",\"url\":\"https:\/\/hubsch-interior.com\/fr\/\",\"name\":\"H\u00fcbsch\",\"description\":\"Danish Home Interior and Design\",\"publisher\":{\"@id\":\"https:\/\/hubsch-interior.com\/fr\/#organization\"},\"potentialAction\":[{\"@type\":\"SearchAction\",\"target\":{\"@type\":\"EntryPoint\",\"urlTemplate\":\"https:\/\/hubsch-interior.com\/fr\/?s={search_term_string}\"},\"query-input\":{\"@type\":\"PropertyValueSpecification\",\"valueRequired\":true,\"valueName\":\"search_term_string\"}}],\"inLanguage\":\"fr-FR\"},{\"@type\":\"Organization\",\"@id\":\"https:\/\/hubsch-interior.com\/fr\/#organization\",\"name\":\"H\u00fcbsch\",\"url\":\"https:\/\/hubsch-interior.com\/fr\/\",\"logo\":{\"@type\":\"ImageObject\",\"inLanguage\":\"fr-FR\",\"@id\":\"https:\/\/hubsch-interior.com\/fr\/#\/schema\/logo\/image\/\",\"url\":\"https:\/\/hubsch-interior.com\/wp-content\/uploads\/2022\/12\/Hubsch_logo_black_one_line.svg\",\"contentUrl\":\"https:\/\/hubsch-interior.com\/wp-content\/uploads\/2022\/12\/Hubsch_logo_black_one_line.svg\",\"caption\":\"H\u00fcbsch\"},\"image\":{\"@id\":\"https:\/\/hubsch-interior.com\/fr\/#\/schema\/logo\/image\/\"}}]}<\/script>\n<!-- \/ Yoast SEO plugin. -->","yoast_head_json":{"title":"Gem Bougeoir Orange\/Gris - H\u00fcbsch","description":"Ce bougeoir est en verre de deux couleurs diff\u00e9rentes. La forme est moderne et sculpt\u00e9 avec des bords pointus. La partie sup\u00e9rieure est en verre de","robots":{"index":"index","follow":"follow","max-snippet":"max-snippet:-1","max-image-preview":"max-image-preview:large","max-video-preview":"max-video-preview:-1"},"canonical":"https:\/\/hubsch-interior.com\/fr\/wp-json\/wp\/v2\/product\/391044","og_locale":"fr_FR","og_type":"article","og_title":"Gem Bougeoir Orange\/Gris - H\u00fcbsch","og_description":"Ce bougeoir est en verre de deux couleurs diff\u00e9rentes. La forme est moderne et sculpt\u00e9 avec des bords pointus. La partie sup\u00e9rieure est en verre de","og_url":"https:\/\/hubsch-interior.com\/fr\/produit\/gem-bougeoir-orange-gris\/","og_site_name":"H\u00fcbsch","article_modified_time":"2026-04-05T02:31:31+00:00","og_image":[{"width":1200,"height":1200,"url":"https:\/\/hubsch-interior.com\/wp-content\/uploads\/2023\/08\/gem-candlestick-orangesmoked-03a7b52da081fa1b9a337ea94e8951df.jpg","type":"image\/jpeg"}],"twitter_card":"summary_large_image","schema":{"@context":"https:\/\/schema.org","@graph":[{"@type":"WebPage","@id":"https:\/\/hubsch-interior.com\/fr\/produit\/gem-bougeoir-orange-gris\/","url":"https:\/\/hubsch-interior.com\/fr\/produit\/gem-bougeoir-orange-gris\/","name":"Gem Bougeoir Orange\/Gris - H\u00fcbsch","isPartOf":{"@id":"https:\/\/hubsch-interior.com\/fr\/#website"},"primaryImageOfPage":{"@id":"https:\/\/hubsch-interior.com\/fr\/produit\/gem-bougeoir-orange-gris\/#primaryimage"},"image":{"@id":"https:\/\/hubsch-interior.com\/fr\/produit\/gem-bougeoir-orange-gris\/#primaryimage"},"thumbnailUrl":"https:\/\/hubsch-interior.com\/wp-content\/uploads\/2026\/02\/gem-candlestick-orangegrey-aa68eb523db8ac0da5f6defef5f086ae.jpg","datePublished":"2021-06-04T07:54:52+00:00","dateModified":"2026-04-05T02:31:31+00:00","description":"Ce bougeoir est en verre de deux couleurs diff\u00e9rentes. La forme est moderne et sculpt\u00e9 avec des bords pointus. La partie sup\u00e9rieure est en verre de","breadcrumb":{"@id":"https:\/\/hubsch-interior.com\/fr\/produit\/gem-bougeoir-orange-gris\/#breadcrumb"},"inLanguage":"fr-FR","potentialAction":[{"@type":"ReadAction","target":["https:\/\/hubsch-interior.com\/fr\/produit\/gem-bougeoir-orange-gris\/"]}]},{"@type":"ImageObject","inLanguage":"fr-FR","@id":"https:\/\/hubsch-interior.com\/fr\/produit\/gem-bougeoir-orange-gris\/#primaryimage","url":"https:\/\/hubsch-interior.com\/wp-content\/uploads\/2026\/02\/gem-candlestick-orangegrey-aa68eb523db8ac0da5f6defef5f086ae.jpg","contentUrl":"https:\/\/hubsch-interior.com\/wp-content\/uploads\/2026\/02\/gem-candlestick-orangegrey-aa68eb523db8ac0da5f6defef5f086ae.jpg","width":1024,"height":1024},{"@type":"BreadcrumbList","@id":"https:\/\/hubsch-interior.com\/fr\/produit\/gem-bougeoir-orange-gris\/#breadcrumb","itemListElement":[{"@type":"ListItem","position":1,"name":"Page d'accueil","item":"https:\/\/hubsch-interior.com\/fr\/"},{"@type":"ListItem","position":2,"name":"Produits","item":"https:\/\/hubsch-interior.com\/fr\/shop-2\/"},{"@type":"ListItem","position":3,"name":"Accessoires maison","item":"https:\/\/hubsch-interior.com\/fr\/categorie-produit\/accessoires-maison\/"},{"@type":"ListItem","position":4,"name":"Bougeoirs &amp; lanternes","item":"https:\/\/hubsch-interior.com\/fr\/categorie-produit\/accessoires-maison\/bougeoirs-lanternes-fr\/"},{"@type":"ListItem","position":5,"name":"Bougeoirs et photophores","item":"https:\/\/hubsch-interior.com\/fr\/categorie-produit\/accessoires-maison\/bougeoirs-lanternes-fr\/bougeoirs-et-photophores-fr\/"},{"@type":"ListItem","position":6,"name":"Gem Bougeoir Orange\/Gris"}]},{"@type":"WebSite","@id":"https:\/\/hubsch-interior.com\/fr\/#website","url":"https:\/\/hubsch-interior.com\/fr\/","name":"H\u00fcbsch","description":"Danish Home Interior and Design","publisher":{"@id":"https:\/\/hubsch-interior.com\/fr\/#organization"},"potentialAction":[{"@type":"SearchAction","target":{"@type":"EntryPoint","urlTemplate":"https:\/\/hubsch-interior.com\/fr\/?s={search_term_string}"},"query-input":{"@type":"PropertyValueSpecification","valueRequired":true,"valueName":"search_term_string"}}],"inLanguage":"fr-FR"},{"@type":"Organization","@id":"https:\/\/hubsch-interior.com\/fr\/#organization","name":"H\u00fcbsch","url":"https:\/\/hubsch-interior.com\/fr\/","logo":{"@type":"ImageObject","inLanguage":"fr-FR","@id":"https:\/\/hubsch-interior.com\/fr\/#\/schema\/logo\/image\/","url":"https:\/\/hubsch-interior.com\/wp-content\/uploads\/2022\/12\/Hubsch_logo_black_one_line.svg","contentUrl":"https:\/\/hubsch-interior.com\/wp-content\/uploads\/2022\/12\/Hubsch_logo_black_one_line.svg","caption":"H\u00fcbsch"},"image":{"@id":"https:\/\/hubsch-interior.com\/fr\/#\/schema\/logo\/image\/"}}]}},"_links":{"self":[{"href":"https:\/\/hubsch-interior.com\/fr\/wp-json\/wp\/v2\/product\/391044","targetHints":{"allow":["GET"]}}],"collection":[{"href":"https:\/\/hubsch-interior.com\/fr\/wp-json\/wp\/v2\/product"}],"about":[{"href":"https:\/\/hubsch-interior.com\/fr\/wp-json\/wp\/v2\/types\/product"}],"wp:featuredmedia":[{"embeddable":true,"href":"https:\/\/hubsch-interior.com\/fr\/wp-json\/wp\/v2\/media\/1097282"}],"wp:attachment":[{"href":"https:\/\/hubsch-interior.com\/fr\/wp-json\/wp\/v2\/media?parent=391044"}],"wp:term":[{"taxonomy":"product_brand","embeddable":true,"href":"https:\/\/hubsch-interior.com\/fr\/wp-json\/wp\/v2\/product_brand?post=391044"},{"taxonomy":"product_cat","embeddable":true,"href":"https:\/\/hubsch-interior.com\/fr\/wp-json\/wp\/v2\/product_cat?post=391044"},{"taxonomy":"product_tag","embeddable":true,"href":"https:\/\/hubsch-interior.com\/fr\/wp-json\/wp\/v2\/product_tag?post=391044"}],"curies":[{"name":"wp","href":"https:\/\/api.w.org\/{rel}","templated":true}]}}