{"id":391064,"date":"2021-06-04T09:54:54","date_gmt":"2021-06-04T07:54:54","guid":{"rendered":"https:\/\/hubsch-interior.com\/shop-b2c\/product\/product-6\/"},"modified":"2026-04-09T04:31:42","modified_gmt":"2026-04-09T02:31:42","slug":"gem-bougeoirs-rouge-pale-gris-set-de-2","status":"publish","type":"product","link":"https:\/\/hubsch-interior.com\/fr\/produit\/gem-bougeoirs-rouge-pale-gris-set-de-2\/","title":{"rendered":"Gem Bougeoirs Rouge P\u00e2le\/Gris (set de 2)"},"content":{"rendered":"<p>Si vous aimez le c\u00f4t\u00e9 d\u00e9cal\u00e9 ou m\u00eame un peu de bling-bling, alors ces chandeliers ont \u00e9t\u00e9 imagin\u00e9s pour vous ! Le verre en cristal biseaut\u00e9 fum\u00e9 et rose refl\u00e8te de fa\u00e7on incroyable la lumi\u00e8re. Faites-vous plaisir ou faites plaisir \u00e0 quelqu&#8217;un que vous appr\u00e9ciez. Ces produits sont fabriqu\u00e9s \u00e0 la main et peuvent donc varier.<\/p>\n","protected":false},"excerpt":{"rendered":"<p>Si vous aimez le c\u00f4t\u00e9 d\u00e9cal\u00e9 ou m\u00eame un peu de bling-bling, alors ces chandeliers ont \u00e9t\u00e9 imagin\u00e9s pour vous ! Le verre en cristal biseaut\u00e9 fum\u00e9 et rose refl\u00e8te de fa\u00e7on incroyable la lumi\u00e8re. Faites-vous plaisir ou faites plaisir \u00e0 quelqu&#8217;un que vous appr\u00e9ciez. Ces produits sont fabriqu\u00e9s \u00e0 la main et peuvent donc [&hellip;]<\/p>\n","protected":false},"featured_media":1097298,"template":"","meta":{"_acf_changed":false,"inline_featured_image":false},"product_brand":[],"product_cat":[6971,4065,4066,5026,6535],"product_tag":[],"class_list":{"0":"post-391064","1":"product","2":"type-product","3":"status-publish","4":"has-post-thumbnail","6":"product_cat-paques","7":"product_cat-bougeoirs-lanternes-fr","8":"product_cat-bougeoirs-et-photophores-fr","9":"product_cat-bestsellers-fr","10":"product_cat-outlet-fr","11":"product_shipping_class-pk","13":"pa_color-gris-2","14":"pa_color-rouge-ple-2","15":"pa_material-cristal-fr","17":"first","18":"instock","19":"sale","20":"featured","21":"taxable","22":"shipping-taxable","23":"purchasable","24":"product-type-simple"},"exclude_global_add_ons":[],"addons":[],"acf":[],"yoast_head":"<!-- This site is optimized with the Yoast SEO plugin v26.4 - https:\/\/yoast.com\/wordpress\/plugins\/seo\/ -->\n<title>Gem Bougeoirs Rouge P\u00e2le\/Gris (set de 2) - H\u00fcbsch<\/title>\n<meta name=\"description\" content=\"Si vous aimez le c\u00f4t\u00e9 d\u00e9cal\u00e9 ou m\u00eame un peu de bling-bling, alors ces chandeliers ont \u00e9t\u00e9 imagin\u00e9s pour vous ! Le verre en cristal biseaut\u00e9 fum\u00e9 et rose\" \/>\n<meta name=\"robots\" content=\"index, follow, max-snippet:-1, max-image-preview:large, max-video-preview:-1\" \/>\n<link rel=\"canonical\" href=\"https:\/\/hubsch-interior.com\/fr\/wp-json\/wp\/v2\/product\/391064\" \/>\n<meta property=\"og:locale\" content=\"fr_FR\" \/>\n<meta property=\"og:type\" content=\"article\" \/>\n<meta property=\"og:title\" content=\"Gem Bougeoirs Rouge P\u00e2le\/Gris (set de 2) - H\u00fcbsch\" \/>\n<meta property=\"og:description\" content=\"Si vous aimez le c\u00f4t\u00e9 d\u00e9cal\u00e9 ou m\u00eame un peu de bling-bling, alors ces chandeliers ont \u00e9t\u00e9 imagin\u00e9s pour vous ! Le verre en cristal biseaut\u00e9 fum\u00e9 et rose\" \/>\n<meta property=\"og:url\" content=\"https:\/\/hubsch-interior.com\/fr\/produit\/gem-bougeoirs-rouge-pale-gris-set-de-2\/\" \/>\n<meta property=\"og:site_name\" content=\"H\u00fcbsch\" \/>\n<meta property=\"article:modified_time\" content=\"2026-04-09T02:31:42+00:00\" \/>\n<meta property=\"og:image\" content=\"https:\/\/hubsch-interior.com\/wp-content\/uploads\/2023\/08\/gem-candlesticks-pinksmoked-set-of-2-c2299345c76fd0783b46015d51a09b7e.jpg\" \/>\n\t<meta property=\"og:image:width\" content=\"1200\" \/>\n\t<meta property=\"og:image:height\" content=\"1200\" \/>\n\t<meta property=\"og:image:type\" content=\"image\/jpeg\" \/>\n<meta name=\"twitter:card\" content=\"summary_large_image\" \/>\n<script type=\"application\/ld+json\" class=\"yoast-schema-graph\">{\"@context\":\"https:\/\/schema.org\",\"@graph\":[{\"@type\":\"WebPage\",\"@id\":\"https:\/\/hubsch-interior.com\/fr\/produit\/gem-bougeoirs-rouge-pale-gris-set-de-2\/\",\"url\":\"https:\/\/hubsch-interior.com\/fr\/produit\/gem-bougeoirs-rouge-pale-gris-set-de-2\/\",\"name\":\"Gem Bougeoirs Rouge P\u00e2le\/Gris (set de 2) - H\u00fcbsch\",\"isPartOf\":{\"@id\":\"https:\/\/hubsch-interior.com\/fr\/#website\"},\"primaryImageOfPage\":{\"@id\":\"https:\/\/hubsch-interior.com\/fr\/produit\/gem-bougeoirs-rouge-pale-gris-set-de-2\/#primaryimage\"},\"image\":{\"@id\":\"https:\/\/hubsch-interior.com\/fr\/produit\/gem-bougeoirs-rouge-pale-gris-set-de-2\/#primaryimage\"},\"thumbnailUrl\":\"https:\/\/hubsch-interior.com\/wp-content\/uploads\/2026\/02\/gem-candlesticks-pinkgrey-set-of-2-2cfd4ffea3e8d23d42096c1022921e10.jpg\",\"datePublished\":\"2021-06-04T07:54:54+00:00\",\"dateModified\":\"2026-04-09T02:31:42+00:00\",\"description\":\"Si vous aimez le c\u00f4t\u00e9 d\u00e9cal\u00e9 ou m\u00eame un peu de bling-bling, alors ces chandeliers ont \u00e9t\u00e9 imagin\u00e9s pour vous ! Le verre en cristal biseaut\u00e9 fum\u00e9 et rose\",\"breadcrumb\":{\"@id\":\"https:\/\/hubsch-interior.com\/fr\/produit\/gem-bougeoirs-rouge-pale-gris-set-de-2\/#breadcrumb\"},\"inLanguage\":\"fr-FR\",\"potentialAction\":[{\"@type\":\"ReadAction\",\"target\":[\"https:\/\/hubsch-interior.com\/fr\/produit\/gem-bougeoirs-rouge-pale-gris-set-de-2\/\"]}]},{\"@type\":\"ImageObject\",\"inLanguage\":\"fr-FR\",\"@id\":\"https:\/\/hubsch-interior.com\/fr\/produit\/gem-bougeoirs-rouge-pale-gris-set-de-2\/#primaryimage\",\"url\":\"https:\/\/hubsch-interior.com\/wp-content\/uploads\/2026\/02\/gem-candlesticks-pinkgrey-set-of-2-2cfd4ffea3e8d23d42096c1022921e10.jpg\",\"contentUrl\":\"https:\/\/hubsch-interior.com\/wp-content\/uploads\/2026\/02\/gem-candlesticks-pinkgrey-set-of-2-2cfd4ffea3e8d23d42096c1022921e10.jpg\",\"width\":1024,\"height\":1024},{\"@type\":\"BreadcrumbList\",\"@id\":\"https:\/\/hubsch-interior.com\/fr\/produit\/gem-bougeoirs-rouge-pale-gris-set-de-2\/#breadcrumb\",\"itemListElement\":[{\"@type\":\"ListItem\",\"position\":1,\"name\":\"Page d'accueil\",\"item\":\"https:\/\/hubsch-interior.com\/fr\/\"},{\"@type\":\"ListItem\",\"position\":2,\"name\":\"Produits\",\"item\":\"https:\/\/hubsch-interior.com\/fr\/shop-2\/\"},{\"@type\":\"ListItem\",\"position\":3,\"name\":\"Accessoires maison\",\"item\":\"https:\/\/hubsch-interior.com\/fr\/categorie-produit\/accessoires-maison\/\"},{\"@type\":\"ListItem\",\"position\":4,\"name\":\"Bougeoirs &amp; lanternes\",\"item\":\"https:\/\/hubsch-interior.com\/fr\/categorie-produit\/accessoires-maison\/bougeoirs-lanternes-fr\/\"},{\"@type\":\"ListItem\",\"position\":5,\"name\":\"Bougeoirs et photophores\",\"item\":\"https:\/\/hubsch-interior.com\/fr\/categorie-produit\/accessoires-maison\/bougeoirs-lanternes-fr\/bougeoirs-et-photophores-fr\/\"},{\"@type\":\"ListItem\",\"position\":6,\"name\":\"Gem Bougeoirs Rouge P\u00e2le\/Gris (set de 2)\"}]},{\"@type\":\"WebSite\",\"@id\":\"https:\/\/hubsch-interior.com\/fr\/#website\",\"url\":\"https:\/\/hubsch-interior.com\/fr\/\",\"name\":\"H\u00fcbsch\",\"description\":\"Danish Home Interior and Design\",\"publisher\":{\"@id\":\"https:\/\/hubsch-interior.com\/fr\/#organization\"},\"potentialAction\":[{\"@type\":\"SearchAction\",\"target\":{\"@type\":\"EntryPoint\",\"urlTemplate\":\"https:\/\/hubsch-interior.com\/fr\/?s={search_term_string}\"},\"query-input\":{\"@type\":\"PropertyValueSpecification\",\"valueRequired\":true,\"valueName\":\"search_term_string\"}}],\"inLanguage\":\"fr-FR\"},{\"@type\":\"Organization\",\"@id\":\"https:\/\/hubsch-interior.com\/fr\/#organization\",\"name\":\"H\u00fcbsch\",\"url\":\"https:\/\/hubsch-interior.com\/fr\/\",\"logo\":{\"@type\":\"ImageObject\",\"inLanguage\":\"fr-FR\",\"@id\":\"https:\/\/hubsch-interior.com\/fr\/#\/schema\/logo\/image\/\",\"url\":\"https:\/\/hubsch-interior.com\/wp-content\/uploads\/2022\/12\/Hubsch_logo_black_one_line.svg\",\"contentUrl\":\"https:\/\/hubsch-interior.com\/wp-content\/uploads\/2022\/12\/Hubsch_logo_black_one_line.svg\",\"caption\":\"H\u00fcbsch\"},\"image\":{\"@id\":\"https:\/\/hubsch-interior.com\/fr\/#\/schema\/logo\/image\/\"}}]}<\/script>\n<!-- \/ Yoast SEO plugin. -->","yoast_head_json":{"title":"Gem Bougeoirs Rouge P\u00e2le\/Gris (set de 2) - H\u00fcbsch","description":"Si vous aimez le c\u00f4t\u00e9 d\u00e9cal\u00e9 ou m\u00eame un peu de bling-bling, alors ces chandeliers ont \u00e9t\u00e9 imagin\u00e9s pour vous ! Le verre en cristal biseaut\u00e9 fum\u00e9 et rose","robots":{"index":"index","follow":"follow","max-snippet":"max-snippet:-1","max-image-preview":"max-image-preview:large","max-video-preview":"max-video-preview:-1"},"canonical":"https:\/\/hubsch-interior.com\/fr\/wp-json\/wp\/v2\/product\/391064","og_locale":"fr_FR","og_type":"article","og_title":"Gem Bougeoirs Rouge P\u00e2le\/Gris (set de 2) - H\u00fcbsch","og_description":"Si vous aimez le c\u00f4t\u00e9 d\u00e9cal\u00e9 ou m\u00eame un peu de bling-bling, alors ces chandeliers ont \u00e9t\u00e9 imagin\u00e9s pour vous ! Le verre en cristal biseaut\u00e9 fum\u00e9 et rose","og_url":"https:\/\/hubsch-interior.com\/fr\/produit\/gem-bougeoirs-rouge-pale-gris-set-de-2\/","og_site_name":"H\u00fcbsch","article_modified_time":"2026-04-09T02:31:42+00:00","og_image":[{"width":1200,"height":1200,"url":"https:\/\/hubsch-interior.com\/wp-content\/uploads\/2023\/08\/gem-candlesticks-pinksmoked-set-of-2-c2299345c76fd0783b46015d51a09b7e.jpg","type":"image\/jpeg"}],"twitter_card":"summary_large_image","schema":{"@context":"https:\/\/schema.org","@graph":[{"@type":"WebPage","@id":"https:\/\/hubsch-interior.com\/fr\/produit\/gem-bougeoirs-rouge-pale-gris-set-de-2\/","url":"https:\/\/hubsch-interior.com\/fr\/produit\/gem-bougeoirs-rouge-pale-gris-set-de-2\/","name":"Gem Bougeoirs Rouge P\u00e2le\/Gris (set de 2) - H\u00fcbsch","isPartOf":{"@id":"https:\/\/hubsch-interior.com\/fr\/#website"},"primaryImageOfPage":{"@id":"https:\/\/hubsch-interior.com\/fr\/produit\/gem-bougeoirs-rouge-pale-gris-set-de-2\/#primaryimage"},"image":{"@id":"https:\/\/hubsch-interior.com\/fr\/produit\/gem-bougeoirs-rouge-pale-gris-set-de-2\/#primaryimage"},"thumbnailUrl":"https:\/\/hubsch-interior.com\/wp-content\/uploads\/2026\/02\/gem-candlesticks-pinkgrey-set-of-2-2cfd4ffea3e8d23d42096c1022921e10.jpg","datePublished":"2021-06-04T07:54:54+00:00","dateModified":"2026-04-09T02:31:42+00:00","description":"Si vous aimez le c\u00f4t\u00e9 d\u00e9cal\u00e9 ou m\u00eame un peu de bling-bling, alors ces chandeliers ont \u00e9t\u00e9 imagin\u00e9s pour vous ! Le verre en cristal biseaut\u00e9 fum\u00e9 et rose","breadcrumb":{"@id":"https:\/\/hubsch-interior.com\/fr\/produit\/gem-bougeoirs-rouge-pale-gris-set-de-2\/#breadcrumb"},"inLanguage":"fr-FR","potentialAction":[{"@type":"ReadAction","target":["https:\/\/hubsch-interior.com\/fr\/produit\/gem-bougeoirs-rouge-pale-gris-set-de-2\/"]}]},{"@type":"ImageObject","inLanguage":"fr-FR","@id":"https:\/\/hubsch-interior.com\/fr\/produit\/gem-bougeoirs-rouge-pale-gris-set-de-2\/#primaryimage","url":"https:\/\/hubsch-interior.com\/wp-content\/uploads\/2026\/02\/gem-candlesticks-pinkgrey-set-of-2-2cfd4ffea3e8d23d42096c1022921e10.jpg","contentUrl":"https:\/\/hubsch-interior.com\/wp-content\/uploads\/2026\/02\/gem-candlesticks-pinkgrey-set-of-2-2cfd4ffea3e8d23d42096c1022921e10.jpg","width":1024,"height":1024},{"@type":"BreadcrumbList","@id":"https:\/\/hubsch-interior.com\/fr\/produit\/gem-bougeoirs-rouge-pale-gris-set-de-2\/#breadcrumb","itemListElement":[{"@type":"ListItem","position":1,"name":"Page d'accueil","item":"https:\/\/hubsch-interior.com\/fr\/"},{"@type":"ListItem","position":2,"name":"Produits","item":"https:\/\/hubsch-interior.com\/fr\/shop-2\/"},{"@type":"ListItem","position":3,"name":"Accessoires maison","item":"https:\/\/hubsch-interior.com\/fr\/categorie-produit\/accessoires-maison\/"},{"@type":"ListItem","position":4,"name":"Bougeoirs &amp; lanternes","item":"https:\/\/hubsch-interior.com\/fr\/categorie-produit\/accessoires-maison\/bougeoirs-lanternes-fr\/"},{"@type":"ListItem","position":5,"name":"Bougeoirs et photophores","item":"https:\/\/hubsch-interior.com\/fr\/categorie-produit\/accessoires-maison\/bougeoirs-lanternes-fr\/bougeoirs-et-photophores-fr\/"},{"@type":"ListItem","position":6,"name":"Gem Bougeoirs Rouge P\u00e2le\/Gris (set de 2)"}]},{"@type":"WebSite","@id":"https:\/\/hubsch-interior.com\/fr\/#website","url":"https:\/\/hubsch-interior.com\/fr\/","name":"H\u00fcbsch","description":"Danish Home Interior and Design","publisher":{"@id":"https:\/\/hubsch-interior.com\/fr\/#organization"},"potentialAction":[{"@type":"SearchAction","target":{"@type":"EntryPoint","urlTemplate":"https:\/\/hubsch-interior.com\/fr\/?s={search_term_string}"},"query-input":{"@type":"PropertyValueSpecification","valueRequired":true,"valueName":"search_term_string"}}],"inLanguage":"fr-FR"},{"@type":"Organization","@id":"https:\/\/hubsch-interior.com\/fr\/#organization","name":"H\u00fcbsch","url":"https:\/\/hubsch-interior.com\/fr\/","logo":{"@type":"ImageObject","inLanguage":"fr-FR","@id":"https:\/\/hubsch-interior.com\/fr\/#\/schema\/logo\/image\/","url":"https:\/\/hubsch-interior.com\/wp-content\/uploads\/2022\/12\/Hubsch_logo_black_one_line.svg","contentUrl":"https:\/\/hubsch-interior.com\/wp-content\/uploads\/2022\/12\/Hubsch_logo_black_one_line.svg","caption":"H\u00fcbsch"},"image":{"@id":"https:\/\/hubsch-interior.com\/fr\/#\/schema\/logo\/image\/"}}]}},"_links":{"self":[{"href":"https:\/\/hubsch-interior.com\/fr\/wp-json\/wp\/v2\/product\/391064","targetHints":{"allow":["GET"]}}],"collection":[{"href":"https:\/\/hubsch-interior.com\/fr\/wp-json\/wp\/v2\/product"}],"about":[{"href":"https:\/\/hubsch-interior.com\/fr\/wp-json\/wp\/v2\/types\/product"}],"wp:featuredmedia":[{"embeddable":true,"href":"https:\/\/hubsch-interior.com\/fr\/wp-json\/wp\/v2\/media\/1097298"}],"wp:attachment":[{"href":"https:\/\/hubsch-interior.com\/fr\/wp-json\/wp\/v2\/media?parent=391064"}],"wp:term":[{"taxonomy":"product_brand","embeddable":true,"href":"https:\/\/hubsch-interior.com\/fr\/wp-json\/wp\/v2\/product_brand?post=391064"},{"taxonomy":"product_cat","embeddable":true,"href":"https:\/\/hubsch-interior.com\/fr\/wp-json\/wp\/v2\/product_cat?post=391064"},{"taxonomy":"product_tag","embeddable":true,"href":"https:\/\/hubsch-interior.com\/fr\/wp-json\/wp\/v2\/product_tag?post=391064"}],"curies":[{"name":"wp","href":"https:\/\/api.w.org\/{rel}","templated":true}]}}