{"id":391116,"date":"2021-06-04T09:55:04","date_gmt":"2021-06-04T07:55:04","guid":{"rendered":"https:\/\/hubsch-interior.com\/shop-b2c\/product\/product-6\/"},"modified":"2026-04-09T04:31:46","modified_gmt":"2026-04-09T02:31:46","slug":"arch-serre-livres-verre-depoli","status":"publish","type":"product","link":"https:\/\/hubsch-interior.com\/fr\/produit\/arch-serre-livres-verre-depoli\/","title":{"rendered":"Arch Serre-livres Verre D\u00e9poli"},"content":{"rendered":"<p>Le serre-livres est fabriqu\u00e9 en verre gris fum\u00e9. Il a une forme de fer \u00e0 cheval. Vous pouvez l&#8217;utiliser pour tenir vos livres et vos magazines sur une \u00e9tag\u00e8re, sur le bureau pour faire tenir votre pile de papiers en place ou bien comme objet d\u00e9coratif. Ce produit est fait \u00e0 la main et peut donc varier.<\/p>\n","protected":false},"excerpt":{"rendered":"<p>Le serre-livres est fabriqu\u00e9 en verre gris fum\u00e9. Il a une forme de fer \u00e0 cheval. Vous pouvez l&#8217;utiliser pour tenir vos livres et vos magazines sur une \u00e9tag\u00e8re, sur le bureau pour faire tenir votre pile de papiers en place ou bien comme objet d\u00e9coratif. Ce produit est fait \u00e0 la main et peut [&hellip;]<\/p>\n","protected":false},"featured_media":1097314,"template":"","meta":{"_acf_changed":false,"inline_featured_image":false},"product_brand":[],"product_cat":[4153,4159,6535],"product_tag":[],"class_list":{"0":"post-391116","1":"product","2":"type-product","3":"status-publish","4":"has-post-thumbnail","6":"product_cat-espace-de-travail-fr","7":"product_cat-serre-livres-fr","8":"product_cat-outlet-fr","9":"product_shipping_class-pk","11":"pa_color-verre-dpoli","12":"pa_material-cristal-fr","14":"first","15":"instock","16":"sale","17":"taxable","18":"shipping-taxable","19":"purchasable","20":"product-type-simple"},"exclude_global_add_ons":[],"addons":[],"acf":[],"yoast_head":"<!-- This site is optimized with the Yoast SEO plugin v26.4 - https:\/\/yoast.com\/wordpress\/plugins\/seo\/ -->\n<title>Arch Serre-livres Verre D\u00e9poli - H\u00fcbsch<\/title>\n<meta name=\"description\" content=\"Le serre-livres est fabriqu\u00e9 en verre gris fum\u00e9. Il a une forme de fer \u00e0 cheval. Vous pouvez l&#039;utiliser pour tenir vos livres et vos magazines sur une\" \/>\n<meta name=\"robots\" content=\"index, follow, max-snippet:-1, max-image-preview:large, max-video-preview:-1\" \/>\n<link rel=\"canonical\" href=\"https:\/\/hubsch-interior.com\/fr\/wp-json\/wp\/v2\/product\/391116\" \/>\n<meta property=\"og:locale\" content=\"fr_FR\" \/>\n<meta property=\"og:type\" content=\"article\" \/>\n<meta property=\"og:title\" content=\"Arch Serre-livres Verre D\u00e9poli - H\u00fcbsch\" \/>\n<meta property=\"og:description\" content=\"Le serre-livres est fabriqu\u00e9 en verre gris fum\u00e9. Il a une forme de fer \u00e0 cheval. Vous pouvez l&#039;utiliser pour tenir vos livres et vos magazines sur une\" \/>\n<meta property=\"og:url\" content=\"https:\/\/hubsch-interior.com\/fr\/produit\/arch-serre-livres-verre-depoli\/\" \/>\n<meta property=\"og:site_name\" content=\"H\u00fcbsch\" \/>\n<meta property=\"article:modified_time\" content=\"2026-04-09T02:31:46+00:00\" \/>\n<meta property=\"og:image\" content=\"https:\/\/hubsch-interior.com\/wp-content\/uploads\/2025\/06\/arch-bookend-frosted-7b6f3f87f00009afa140d88fd98c65d5.jpg\" \/>\n\t<meta property=\"og:image:width\" content=\"1200\" \/>\n\t<meta property=\"og:image:height\" content=\"1200\" \/>\n\t<meta property=\"og:image:type\" content=\"image\/jpeg\" \/>\n<meta name=\"twitter:card\" content=\"summary_large_image\" \/>\n<script type=\"application\/ld+json\" class=\"yoast-schema-graph\">{\"@context\":\"https:\/\/schema.org\",\"@graph\":[{\"@type\":\"WebPage\",\"@id\":\"https:\/\/hubsch-interior.com\/fr\/produit\/arch-serre-livres-verre-depoli\/\",\"url\":\"https:\/\/hubsch-interior.com\/fr\/produit\/arch-serre-livres-verre-depoli\/\",\"name\":\"Arch Serre-livres Verre D\u00e9poli - H\u00fcbsch\",\"isPartOf\":{\"@id\":\"https:\/\/hubsch-interior.com\/fr\/#website\"},\"primaryImageOfPage\":{\"@id\":\"https:\/\/hubsch-interior.com\/fr\/produit\/arch-serre-livres-verre-depoli\/#primaryimage\"},\"image\":{\"@id\":\"https:\/\/hubsch-interior.com\/fr\/produit\/arch-serre-livres-verre-depoli\/#primaryimage\"},\"thumbnailUrl\":\"https:\/\/hubsch-interior.com\/wp-content\/uploads\/2026\/02\/arch-bookend-frosted-43a8e977ffecf6f0577c0b3d87e4284e.jpg\",\"datePublished\":\"2021-06-04T07:55:04+00:00\",\"dateModified\":\"2026-04-09T02:31:46+00:00\",\"description\":\"Le serre-livres est fabriqu\u00e9 en verre gris fum\u00e9. Il a une forme de fer \u00e0 cheval. Vous pouvez l'utiliser pour tenir vos livres et vos magazines sur une\",\"breadcrumb\":{\"@id\":\"https:\/\/hubsch-interior.com\/fr\/produit\/arch-serre-livres-verre-depoli\/#breadcrumb\"},\"inLanguage\":\"fr-FR\",\"potentialAction\":[{\"@type\":\"ReadAction\",\"target\":[\"https:\/\/hubsch-interior.com\/fr\/produit\/arch-serre-livres-verre-depoli\/\"]}]},{\"@type\":\"ImageObject\",\"inLanguage\":\"fr-FR\",\"@id\":\"https:\/\/hubsch-interior.com\/fr\/produit\/arch-serre-livres-verre-depoli\/#primaryimage\",\"url\":\"https:\/\/hubsch-interior.com\/wp-content\/uploads\/2026\/02\/arch-bookend-frosted-43a8e977ffecf6f0577c0b3d87e4284e.jpg\",\"contentUrl\":\"https:\/\/hubsch-interior.com\/wp-content\/uploads\/2026\/02\/arch-bookend-frosted-43a8e977ffecf6f0577c0b3d87e4284e.jpg\",\"width\":1024,\"height\":1024},{\"@type\":\"BreadcrumbList\",\"@id\":\"https:\/\/hubsch-interior.com\/fr\/produit\/arch-serre-livres-verre-depoli\/#breadcrumb\",\"itemListElement\":[{\"@type\":\"ListItem\",\"position\":1,\"name\":\"Page d'accueil\",\"item\":\"https:\/\/hubsch-interior.com\/fr\/\"},{\"@type\":\"ListItem\",\"position\":2,\"name\":\"Produits\",\"item\":\"https:\/\/hubsch-interior.com\/fr\/shop-2\/\"},{\"@type\":\"ListItem\",\"position\":3,\"name\":\"Accessoires maison\",\"item\":\"https:\/\/hubsch-interior.com\/fr\/categorie-produit\/accessoires-maison\/\"},{\"@type\":\"ListItem\",\"position\":4,\"name\":\"Espace de travail\",\"item\":\"https:\/\/hubsch-interior.com\/fr\/categorie-produit\/accessoires-maison\/espace-de-travail-fr\/\"},{\"@type\":\"ListItem\",\"position\":5,\"name\":\"Serre-livres\",\"item\":\"https:\/\/hubsch-interior.com\/fr\/categorie-produit\/accessoires-maison\/espace-de-travail-fr\/serre-livres-fr\/\"},{\"@type\":\"ListItem\",\"position\":6,\"name\":\"Arch Serre-livres Verre D\u00e9poli\"}]},{\"@type\":\"WebSite\",\"@id\":\"https:\/\/hubsch-interior.com\/fr\/#website\",\"url\":\"https:\/\/hubsch-interior.com\/fr\/\",\"name\":\"H\u00fcbsch\",\"description\":\"Danish Home Interior and Design\",\"publisher\":{\"@id\":\"https:\/\/hubsch-interior.com\/fr\/#organization\"},\"potentialAction\":[{\"@type\":\"SearchAction\",\"target\":{\"@type\":\"EntryPoint\",\"urlTemplate\":\"https:\/\/hubsch-interior.com\/fr\/?s={search_term_string}\"},\"query-input\":{\"@type\":\"PropertyValueSpecification\",\"valueRequired\":true,\"valueName\":\"search_term_string\"}}],\"inLanguage\":\"fr-FR\"},{\"@type\":\"Organization\",\"@id\":\"https:\/\/hubsch-interior.com\/fr\/#organization\",\"name\":\"H\u00fcbsch\",\"url\":\"https:\/\/hubsch-interior.com\/fr\/\",\"logo\":{\"@type\":\"ImageObject\",\"inLanguage\":\"fr-FR\",\"@id\":\"https:\/\/hubsch-interior.com\/fr\/#\/schema\/logo\/image\/\",\"url\":\"https:\/\/hubsch-interior.com\/wp-content\/uploads\/2022\/12\/Hubsch_logo_black_one_line.svg\",\"contentUrl\":\"https:\/\/hubsch-interior.com\/wp-content\/uploads\/2022\/12\/Hubsch_logo_black_one_line.svg\",\"caption\":\"H\u00fcbsch\"},\"image\":{\"@id\":\"https:\/\/hubsch-interior.com\/fr\/#\/schema\/logo\/image\/\"}}]}<\/script>\n<!-- \/ Yoast SEO plugin. -->","yoast_head_json":{"title":"Arch Serre-livres Verre D\u00e9poli - H\u00fcbsch","description":"Le serre-livres est fabriqu\u00e9 en verre gris fum\u00e9. Il a une forme de fer \u00e0 cheval. Vous pouvez l'utiliser pour tenir vos livres et vos magazines sur une","robots":{"index":"index","follow":"follow","max-snippet":"max-snippet:-1","max-image-preview":"max-image-preview:large","max-video-preview":"max-video-preview:-1"},"canonical":"https:\/\/hubsch-interior.com\/fr\/wp-json\/wp\/v2\/product\/391116","og_locale":"fr_FR","og_type":"article","og_title":"Arch Serre-livres Verre D\u00e9poli - H\u00fcbsch","og_description":"Le serre-livres est fabriqu\u00e9 en verre gris fum\u00e9. Il a une forme de fer \u00e0 cheval. Vous pouvez l'utiliser pour tenir vos livres et vos magazines sur une","og_url":"https:\/\/hubsch-interior.com\/fr\/produit\/arch-serre-livres-verre-depoli\/","og_site_name":"H\u00fcbsch","article_modified_time":"2026-04-09T02:31:46+00:00","og_image":[{"width":1200,"height":1200,"url":"https:\/\/hubsch-interior.com\/wp-content\/uploads\/2025\/06\/arch-bookend-frosted-7b6f3f87f00009afa140d88fd98c65d5.jpg","type":"image\/jpeg"}],"twitter_card":"summary_large_image","schema":{"@context":"https:\/\/schema.org","@graph":[{"@type":"WebPage","@id":"https:\/\/hubsch-interior.com\/fr\/produit\/arch-serre-livres-verre-depoli\/","url":"https:\/\/hubsch-interior.com\/fr\/produit\/arch-serre-livres-verre-depoli\/","name":"Arch Serre-livres Verre D\u00e9poli - H\u00fcbsch","isPartOf":{"@id":"https:\/\/hubsch-interior.com\/fr\/#website"},"primaryImageOfPage":{"@id":"https:\/\/hubsch-interior.com\/fr\/produit\/arch-serre-livres-verre-depoli\/#primaryimage"},"image":{"@id":"https:\/\/hubsch-interior.com\/fr\/produit\/arch-serre-livres-verre-depoli\/#primaryimage"},"thumbnailUrl":"https:\/\/hubsch-interior.com\/wp-content\/uploads\/2026\/02\/arch-bookend-frosted-43a8e977ffecf6f0577c0b3d87e4284e.jpg","datePublished":"2021-06-04T07:55:04+00:00","dateModified":"2026-04-09T02:31:46+00:00","description":"Le serre-livres est fabriqu\u00e9 en verre gris fum\u00e9. Il a une forme de fer \u00e0 cheval. Vous pouvez l'utiliser pour tenir vos livres et vos magazines sur une","breadcrumb":{"@id":"https:\/\/hubsch-interior.com\/fr\/produit\/arch-serre-livres-verre-depoli\/#breadcrumb"},"inLanguage":"fr-FR","potentialAction":[{"@type":"ReadAction","target":["https:\/\/hubsch-interior.com\/fr\/produit\/arch-serre-livres-verre-depoli\/"]}]},{"@type":"ImageObject","inLanguage":"fr-FR","@id":"https:\/\/hubsch-interior.com\/fr\/produit\/arch-serre-livres-verre-depoli\/#primaryimage","url":"https:\/\/hubsch-interior.com\/wp-content\/uploads\/2026\/02\/arch-bookend-frosted-43a8e977ffecf6f0577c0b3d87e4284e.jpg","contentUrl":"https:\/\/hubsch-interior.com\/wp-content\/uploads\/2026\/02\/arch-bookend-frosted-43a8e977ffecf6f0577c0b3d87e4284e.jpg","width":1024,"height":1024},{"@type":"BreadcrumbList","@id":"https:\/\/hubsch-interior.com\/fr\/produit\/arch-serre-livres-verre-depoli\/#breadcrumb","itemListElement":[{"@type":"ListItem","position":1,"name":"Page d'accueil","item":"https:\/\/hubsch-interior.com\/fr\/"},{"@type":"ListItem","position":2,"name":"Produits","item":"https:\/\/hubsch-interior.com\/fr\/shop-2\/"},{"@type":"ListItem","position":3,"name":"Accessoires maison","item":"https:\/\/hubsch-interior.com\/fr\/categorie-produit\/accessoires-maison\/"},{"@type":"ListItem","position":4,"name":"Espace de travail","item":"https:\/\/hubsch-interior.com\/fr\/categorie-produit\/accessoires-maison\/espace-de-travail-fr\/"},{"@type":"ListItem","position":5,"name":"Serre-livres","item":"https:\/\/hubsch-interior.com\/fr\/categorie-produit\/accessoires-maison\/espace-de-travail-fr\/serre-livres-fr\/"},{"@type":"ListItem","position":6,"name":"Arch Serre-livres Verre D\u00e9poli"}]},{"@type":"WebSite","@id":"https:\/\/hubsch-interior.com\/fr\/#website","url":"https:\/\/hubsch-interior.com\/fr\/","name":"H\u00fcbsch","description":"Danish Home Interior and Design","publisher":{"@id":"https:\/\/hubsch-interior.com\/fr\/#organization"},"potentialAction":[{"@type":"SearchAction","target":{"@type":"EntryPoint","urlTemplate":"https:\/\/hubsch-interior.com\/fr\/?s={search_term_string}"},"query-input":{"@type":"PropertyValueSpecification","valueRequired":true,"valueName":"search_term_string"}}],"inLanguage":"fr-FR"},{"@type":"Organization","@id":"https:\/\/hubsch-interior.com\/fr\/#organization","name":"H\u00fcbsch","url":"https:\/\/hubsch-interior.com\/fr\/","logo":{"@type":"ImageObject","inLanguage":"fr-FR","@id":"https:\/\/hubsch-interior.com\/fr\/#\/schema\/logo\/image\/","url":"https:\/\/hubsch-interior.com\/wp-content\/uploads\/2022\/12\/Hubsch_logo_black_one_line.svg","contentUrl":"https:\/\/hubsch-interior.com\/wp-content\/uploads\/2022\/12\/Hubsch_logo_black_one_line.svg","caption":"H\u00fcbsch"},"image":{"@id":"https:\/\/hubsch-interior.com\/fr\/#\/schema\/logo\/image\/"}}]}},"_links":{"self":[{"href":"https:\/\/hubsch-interior.com\/fr\/wp-json\/wp\/v2\/product\/391116","targetHints":{"allow":["GET"]}}],"collection":[{"href":"https:\/\/hubsch-interior.com\/fr\/wp-json\/wp\/v2\/product"}],"about":[{"href":"https:\/\/hubsch-interior.com\/fr\/wp-json\/wp\/v2\/types\/product"}],"wp:featuredmedia":[{"embeddable":true,"href":"https:\/\/hubsch-interior.com\/fr\/wp-json\/wp\/v2\/media\/1097314"}],"wp:attachment":[{"href":"https:\/\/hubsch-interior.com\/fr\/wp-json\/wp\/v2\/media?parent=391116"}],"wp:term":[{"taxonomy":"product_brand","embeddable":true,"href":"https:\/\/hubsch-interior.com\/fr\/wp-json\/wp\/v2\/product_brand?post=391116"},{"taxonomy":"product_cat","embeddable":true,"href":"https:\/\/hubsch-interior.com\/fr\/wp-json\/wp\/v2\/product_cat?post=391116"},{"taxonomy":"product_tag","embeddable":true,"href":"https:\/\/hubsch-interior.com\/fr\/wp-json\/wp\/v2\/product_tag?post=391116"}],"curies":[{"name":"wp","href":"https:\/\/api.w.org\/{rel}","templated":true}]}}