{"id":391168,"date":"2021-06-04T09:55:20","date_gmt":"2021-06-04T07:55:20","guid":{"rendered":"https:\/\/hubsch-interior.com\/shop-b2c\/product\/product-6\/"},"modified":"2026-04-09T04:31:51","modified_gmt":"2026-04-09T02:31:51","slug":"block-vase-mince-verre-depoli","status":"publish","type":"product","link":"https:\/\/hubsch-interior.com\/fr\/produit\/block-vase-mince-verre-depoli\/","title":{"rendered":"Block Vase Mince Verre D\u00e9poli"},"content":{"rendered":"<p>Le vase est en verre d\u00e9poli et offre un look moderne \u00e0 une d\u00e9coration. Il affiche une \u00e9l\u00e9gance naturelle, avec et m\u00eame sans fleurs ! Placez-le dans une des pi\u00e8ce de votre maison, dans votre salle de bain, dans une chambre, dans votre espace de vie ou ailleurs, c&#8217;est vous qui choisissez ! Ce produit est fabriqu\u00e9 \u00e0 la main et peut donc varier de couleur.<\/p>\n","protected":false},"excerpt":{"rendered":"<p>Le vase est en verre d\u00e9poli et offre un look moderne \u00e0 une d\u00e9coration. Il affiche une \u00e9l\u00e9gance naturelle, avec et m\u00eame sans fleurs ! Placez-le dans une des pi\u00e8ce de votre maison, dans votre salle de bain, dans une chambre, dans votre espace de vie ou ailleurs, c&#8217;est vous qui choisissez ! Ce produit [&hellip;]<\/p>\n","protected":false},"featured_media":1097342,"template":"","meta":{"_acf_changed":false,"inline_featured_image":false},"product_brand":[],"product_cat":[6535,6971,3154],"product_tag":[],"class_list":{"0":"post-391168","1":"product","2":"type-product","3":"status-publish","4":"has-post-thumbnail","6":"product_cat-outlet-fr","7":"product_cat-paques","8":"product_cat-vases-fr","9":"product_shipping_class-pk","11":"pa_color-verre-dpoli","12":"pa_material-cristal-fr","14":"first","15":"instock","16":"sale","17":"taxable","18":"shipping-taxable","19":"purchasable","20":"product-type-simple"},"exclude_global_add_ons":[],"addons":[],"acf":[],"yoast_head":"<!-- This site is optimized with the Yoast SEO plugin v26.4 - https:\/\/yoast.com\/wordpress\/plugins\/seo\/ -->\n<title>Block Vase Mince Verre D\u00e9poli - H\u00fcbsch<\/title>\n<meta name=\"description\" content=\"Le vase est en verre d\u00e9poli et offre un look moderne \u00e0 une d\u00e9coration. Il affiche une \u00e9l\u00e9gance naturelle, avec et m\u00eame sans fleurs ! Placez-le dans une\" \/>\n<meta name=\"robots\" content=\"index, follow, max-snippet:-1, max-image-preview:large, max-video-preview:-1\" \/>\n<link rel=\"canonical\" href=\"https:\/\/hubsch-interior.com\/fr\/wp-json\/wp\/v2\/product\/391168\" \/>\n<meta property=\"og:locale\" content=\"fr_FR\" \/>\n<meta property=\"og:type\" content=\"article\" \/>\n<meta property=\"og:title\" content=\"Block Vase Mince Verre D\u00e9poli - H\u00fcbsch\" \/>\n<meta property=\"og:description\" content=\"Le vase est en verre d\u00e9poli et offre un look moderne \u00e0 une d\u00e9coration. Il affiche une \u00e9l\u00e9gance naturelle, avec et m\u00eame sans fleurs ! Placez-le dans une\" \/>\n<meta property=\"og:url\" content=\"https:\/\/hubsch-interior.com\/fr\/produit\/block-vase-mince-verre-depoli\/\" \/>\n<meta property=\"og:site_name\" content=\"H\u00fcbsch\" \/>\n<meta property=\"article:modified_time\" content=\"2026-04-09T02:31:51+00:00\" \/>\n<meta property=\"og:image\" content=\"https:\/\/hubsch-interior.com\/wp-content\/uploads\/2023\/08\/block-vase-slim-frosted-ec3134b5f7a9519f8722eefebf9305bb.jpg\" \/>\n\t<meta property=\"og:image:width\" content=\"1200\" \/>\n\t<meta property=\"og:image:height\" content=\"1200\" \/>\n\t<meta property=\"og:image:type\" content=\"image\/jpeg\" \/>\n<meta name=\"twitter:card\" content=\"summary_large_image\" \/>\n<script type=\"application\/ld+json\" class=\"yoast-schema-graph\">{\"@context\":\"https:\/\/schema.org\",\"@graph\":[{\"@type\":\"WebPage\",\"@id\":\"https:\/\/hubsch-interior.com\/fr\/produit\/block-vase-mince-verre-depoli\/\",\"url\":\"https:\/\/hubsch-interior.com\/fr\/produit\/block-vase-mince-verre-depoli\/\",\"name\":\"Block Vase Mince Verre D\u00e9poli - H\u00fcbsch\",\"isPartOf\":{\"@id\":\"https:\/\/hubsch-interior.com\/fr\/#website\"},\"primaryImageOfPage\":{\"@id\":\"https:\/\/hubsch-interior.com\/fr\/produit\/block-vase-mince-verre-depoli\/#primaryimage\"},\"image\":{\"@id\":\"https:\/\/hubsch-interior.com\/fr\/produit\/block-vase-mince-verre-depoli\/#primaryimage\"},\"thumbnailUrl\":\"https:\/\/hubsch-interior.com\/wp-content\/uploads\/2026\/02\/block-vase-slim-frosted-413d43ff99ffbccb667c464db8b8a51c.jpg\",\"datePublished\":\"2021-06-04T07:55:20+00:00\",\"dateModified\":\"2026-04-09T02:31:51+00:00\",\"description\":\"Le vase est en verre d\u00e9poli et offre un look moderne \u00e0 une d\u00e9coration. Il affiche une \u00e9l\u00e9gance naturelle, avec et m\u00eame sans fleurs ! Placez-le dans une\",\"breadcrumb\":{\"@id\":\"https:\/\/hubsch-interior.com\/fr\/produit\/block-vase-mince-verre-depoli\/#breadcrumb\"},\"inLanguage\":\"fr-FR\",\"potentialAction\":[{\"@type\":\"ReadAction\",\"target\":[\"https:\/\/hubsch-interior.com\/fr\/produit\/block-vase-mince-verre-depoli\/\"]}]},{\"@type\":\"ImageObject\",\"inLanguage\":\"fr-FR\",\"@id\":\"https:\/\/hubsch-interior.com\/fr\/produit\/block-vase-mince-verre-depoli\/#primaryimage\",\"url\":\"https:\/\/hubsch-interior.com\/wp-content\/uploads\/2026\/02\/block-vase-slim-frosted-413d43ff99ffbccb667c464db8b8a51c.jpg\",\"contentUrl\":\"https:\/\/hubsch-interior.com\/wp-content\/uploads\/2026\/02\/block-vase-slim-frosted-413d43ff99ffbccb667c464db8b8a51c.jpg\",\"width\":1024,\"height\":1024},{\"@type\":\"BreadcrumbList\",\"@id\":\"https:\/\/hubsch-interior.com\/fr\/produit\/block-vase-mince-verre-depoli\/#breadcrumb\",\"itemListElement\":[{\"@type\":\"ListItem\",\"position\":1,\"name\":\"Page d'accueil\",\"item\":\"https:\/\/hubsch-interior.com\/fr\/\"},{\"@type\":\"ListItem\",\"position\":2,\"name\":\"Produits\",\"item\":\"https:\/\/hubsch-interior.com\/fr\/shop-2\/\"},{\"@type\":\"ListItem\",\"position\":3,\"name\":\"Accessoires maison\",\"item\":\"https:\/\/hubsch-interior.com\/fr\/categorie-produit\/accessoires-maison\/\"},{\"@type\":\"ListItem\",\"position\":4,\"name\":\"Vases\",\"item\":\"https:\/\/hubsch-interior.com\/fr\/categorie-produit\/accessoires-maison\/vases-fr\/\"},{\"@type\":\"ListItem\",\"position\":5,\"name\":\"Block Vase Mince Verre D\u00e9poli\"}]},{\"@type\":\"WebSite\",\"@id\":\"https:\/\/hubsch-interior.com\/fr\/#website\",\"url\":\"https:\/\/hubsch-interior.com\/fr\/\",\"name\":\"H\u00fcbsch\",\"description\":\"Danish Home Interior and Design\",\"publisher\":{\"@id\":\"https:\/\/hubsch-interior.com\/fr\/#organization\"},\"potentialAction\":[{\"@type\":\"SearchAction\",\"target\":{\"@type\":\"EntryPoint\",\"urlTemplate\":\"https:\/\/hubsch-interior.com\/fr\/?s={search_term_string}\"},\"query-input\":{\"@type\":\"PropertyValueSpecification\",\"valueRequired\":true,\"valueName\":\"search_term_string\"}}],\"inLanguage\":\"fr-FR\"},{\"@type\":\"Organization\",\"@id\":\"https:\/\/hubsch-interior.com\/fr\/#organization\",\"name\":\"H\u00fcbsch\",\"url\":\"https:\/\/hubsch-interior.com\/fr\/\",\"logo\":{\"@type\":\"ImageObject\",\"inLanguage\":\"fr-FR\",\"@id\":\"https:\/\/hubsch-interior.com\/fr\/#\/schema\/logo\/image\/\",\"url\":\"https:\/\/hubsch-interior.com\/wp-content\/uploads\/2022\/12\/Hubsch_logo_black_one_line.svg\",\"contentUrl\":\"https:\/\/hubsch-interior.com\/wp-content\/uploads\/2022\/12\/Hubsch_logo_black_one_line.svg\",\"caption\":\"H\u00fcbsch\"},\"image\":{\"@id\":\"https:\/\/hubsch-interior.com\/fr\/#\/schema\/logo\/image\/\"}}]}<\/script>\n<!-- \/ Yoast SEO plugin. -->","yoast_head_json":{"title":"Block Vase Mince Verre D\u00e9poli - H\u00fcbsch","description":"Le vase est en verre d\u00e9poli et offre un look moderne \u00e0 une d\u00e9coration. Il affiche une \u00e9l\u00e9gance naturelle, avec et m\u00eame sans fleurs ! Placez-le dans une","robots":{"index":"index","follow":"follow","max-snippet":"max-snippet:-1","max-image-preview":"max-image-preview:large","max-video-preview":"max-video-preview:-1"},"canonical":"https:\/\/hubsch-interior.com\/fr\/wp-json\/wp\/v2\/product\/391168","og_locale":"fr_FR","og_type":"article","og_title":"Block Vase Mince Verre D\u00e9poli - H\u00fcbsch","og_description":"Le vase est en verre d\u00e9poli et offre un look moderne \u00e0 une d\u00e9coration. Il affiche une \u00e9l\u00e9gance naturelle, avec et m\u00eame sans fleurs ! Placez-le dans une","og_url":"https:\/\/hubsch-interior.com\/fr\/produit\/block-vase-mince-verre-depoli\/","og_site_name":"H\u00fcbsch","article_modified_time":"2026-04-09T02:31:51+00:00","og_image":[{"width":1200,"height":1200,"url":"https:\/\/hubsch-interior.com\/wp-content\/uploads\/2023\/08\/block-vase-slim-frosted-ec3134b5f7a9519f8722eefebf9305bb.jpg","type":"image\/jpeg"}],"twitter_card":"summary_large_image","schema":{"@context":"https:\/\/schema.org","@graph":[{"@type":"WebPage","@id":"https:\/\/hubsch-interior.com\/fr\/produit\/block-vase-mince-verre-depoli\/","url":"https:\/\/hubsch-interior.com\/fr\/produit\/block-vase-mince-verre-depoli\/","name":"Block Vase Mince Verre D\u00e9poli - H\u00fcbsch","isPartOf":{"@id":"https:\/\/hubsch-interior.com\/fr\/#website"},"primaryImageOfPage":{"@id":"https:\/\/hubsch-interior.com\/fr\/produit\/block-vase-mince-verre-depoli\/#primaryimage"},"image":{"@id":"https:\/\/hubsch-interior.com\/fr\/produit\/block-vase-mince-verre-depoli\/#primaryimage"},"thumbnailUrl":"https:\/\/hubsch-interior.com\/wp-content\/uploads\/2026\/02\/block-vase-slim-frosted-413d43ff99ffbccb667c464db8b8a51c.jpg","datePublished":"2021-06-04T07:55:20+00:00","dateModified":"2026-04-09T02:31:51+00:00","description":"Le vase est en verre d\u00e9poli et offre un look moderne \u00e0 une d\u00e9coration. Il affiche une \u00e9l\u00e9gance naturelle, avec et m\u00eame sans fleurs ! Placez-le dans une","breadcrumb":{"@id":"https:\/\/hubsch-interior.com\/fr\/produit\/block-vase-mince-verre-depoli\/#breadcrumb"},"inLanguage":"fr-FR","potentialAction":[{"@type":"ReadAction","target":["https:\/\/hubsch-interior.com\/fr\/produit\/block-vase-mince-verre-depoli\/"]}]},{"@type":"ImageObject","inLanguage":"fr-FR","@id":"https:\/\/hubsch-interior.com\/fr\/produit\/block-vase-mince-verre-depoli\/#primaryimage","url":"https:\/\/hubsch-interior.com\/wp-content\/uploads\/2026\/02\/block-vase-slim-frosted-413d43ff99ffbccb667c464db8b8a51c.jpg","contentUrl":"https:\/\/hubsch-interior.com\/wp-content\/uploads\/2026\/02\/block-vase-slim-frosted-413d43ff99ffbccb667c464db8b8a51c.jpg","width":1024,"height":1024},{"@type":"BreadcrumbList","@id":"https:\/\/hubsch-interior.com\/fr\/produit\/block-vase-mince-verre-depoli\/#breadcrumb","itemListElement":[{"@type":"ListItem","position":1,"name":"Page d'accueil","item":"https:\/\/hubsch-interior.com\/fr\/"},{"@type":"ListItem","position":2,"name":"Produits","item":"https:\/\/hubsch-interior.com\/fr\/shop-2\/"},{"@type":"ListItem","position":3,"name":"Accessoires maison","item":"https:\/\/hubsch-interior.com\/fr\/categorie-produit\/accessoires-maison\/"},{"@type":"ListItem","position":4,"name":"Vases","item":"https:\/\/hubsch-interior.com\/fr\/categorie-produit\/accessoires-maison\/vases-fr\/"},{"@type":"ListItem","position":5,"name":"Block Vase Mince Verre D\u00e9poli"}]},{"@type":"WebSite","@id":"https:\/\/hubsch-interior.com\/fr\/#website","url":"https:\/\/hubsch-interior.com\/fr\/","name":"H\u00fcbsch","description":"Danish Home Interior and Design","publisher":{"@id":"https:\/\/hubsch-interior.com\/fr\/#organization"},"potentialAction":[{"@type":"SearchAction","target":{"@type":"EntryPoint","urlTemplate":"https:\/\/hubsch-interior.com\/fr\/?s={search_term_string}"},"query-input":{"@type":"PropertyValueSpecification","valueRequired":true,"valueName":"search_term_string"}}],"inLanguage":"fr-FR"},{"@type":"Organization","@id":"https:\/\/hubsch-interior.com\/fr\/#organization","name":"H\u00fcbsch","url":"https:\/\/hubsch-interior.com\/fr\/","logo":{"@type":"ImageObject","inLanguage":"fr-FR","@id":"https:\/\/hubsch-interior.com\/fr\/#\/schema\/logo\/image\/","url":"https:\/\/hubsch-interior.com\/wp-content\/uploads\/2022\/12\/Hubsch_logo_black_one_line.svg","contentUrl":"https:\/\/hubsch-interior.com\/wp-content\/uploads\/2022\/12\/Hubsch_logo_black_one_line.svg","caption":"H\u00fcbsch"},"image":{"@id":"https:\/\/hubsch-interior.com\/fr\/#\/schema\/logo\/image\/"}}]}},"_links":{"self":[{"href":"https:\/\/hubsch-interior.com\/fr\/wp-json\/wp\/v2\/product\/391168","targetHints":{"allow":["GET"]}}],"collection":[{"href":"https:\/\/hubsch-interior.com\/fr\/wp-json\/wp\/v2\/product"}],"about":[{"href":"https:\/\/hubsch-interior.com\/fr\/wp-json\/wp\/v2\/types\/product"}],"wp:featuredmedia":[{"embeddable":true,"href":"https:\/\/hubsch-interior.com\/fr\/wp-json\/wp\/v2\/media\/1097342"}],"wp:attachment":[{"href":"https:\/\/hubsch-interior.com\/fr\/wp-json\/wp\/v2\/media?parent=391168"}],"wp:term":[{"taxonomy":"product_brand","embeddable":true,"href":"https:\/\/hubsch-interior.com\/fr\/wp-json\/wp\/v2\/product_brand?post=391168"},{"taxonomy":"product_cat","embeddable":true,"href":"https:\/\/hubsch-interior.com\/fr\/wp-json\/wp\/v2\/product_cat?post=391168"},{"taxonomy":"product_tag","embeddable":true,"href":"https:\/\/hubsch-interior.com\/fr\/wp-json\/wp\/v2\/product_tag?post=391168"}],"curies":[{"name":"wp","href":"https:\/\/api.w.org\/{rel}","templated":true}]}}