{"id":391584,"date":"2021-06-04T09:57:06","date_gmt":"2021-06-04T07:57:06","guid":{"rendered":"https:\/\/hubsch-interior.com\/shop-b2c\/product\/product-6\/"},"modified":"2026-04-09T04:34:48","modified_gmt":"2026-04-09T02:34:48","slug":"radiant-boules-multicolore-set-de-3","status":"publish","type":"product","link":"https:\/\/hubsch-interior.com\/fr\/produit\/radiant-boules-multicolore-set-de-3\/","title":{"rendered":"Radiant Boules \u00a0Multicolor\u00e9 (set de 3)"},"content":{"rendered":"<p>Ce lot de vases en verre comprend trois tailles et trois couleurs diff\u00e9rentes. Ils peuvent \u00eatre utilis\u00e9s pour du rangement et pour la pr\u00e9sentation. Ce produit est fait \u00e0 la main et peut donc varier.<\/p>\n","protected":false},"excerpt":{"rendered":"<p>Ce lot de vases en verre comprend trois tailles et trois couleurs diff\u00e9rentes. Ils peuvent \u00eatre utilis\u00e9s pour du rangement et pour la pr\u00e9sentation. Ce produit est fait \u00e0 la main et peut donc varier.<\/p>\n","protected":false},"featured_media":1098166,"template":"","meta":{"_acf_changed":false,"inline_featured_image":false},"product_brand":[],"product_cat":[4053,7043,6535,6971,7027,4095],"product_tag":[],"class_list":{"0":"post-391584","1":"product","2":"type-product","3":"status-publish","4":"has-post-thumbnail","6":"product_cat-accessoires-de-cuisine-fr","7":"product_cat-bols-de-service-fr","8":"product_cat-outlet-fr","9":"product_cat-paques","10":"product_cat-vaisselle-fr-2","11":"product_cat-vaisselle-fr","12":"product_shipping_class-pk","14":"pa_color-multicolor-2","15":"pa_material-verre-fr","17":"first","18":"instock","19":"sale","20":"taxable","21":"shipping-taxable","22":"purchasable","23":"product-type-simple"},"exclude_global_add_ons":[],"addons":[],"acf":[],"yoast_head":"<!-- This site is optimized with the Yoast SEO plugin v26.4 - https:\/\/yoast.com\/wordpress\/plugins\/seo\/ -->\n<title>Radiant Boules \u00a0Multicolor\u00e9 (set de 3) - H\u00fcbsch<\/title>\n<meta name=\"description\" content=\"Ce lot de vases en verre comprend trois tailles et trois couleurs diff\u00e9rentes. Ils peuvent \u00eatre utilis\u00e9s pour du rangement et pour la pr\u00e9sentation. Ce\" \/>\n<meta name=\"robots\" content=\"index, follow, max-snippet:-1, max-image-preview:large, max-video-preview:-1\" \/>\n<link rel=\"canonical\" href=\"https:\/\/hubsch-interior.com\/fr\/wp-json\/wp\/v2\/product\/391584\" \/>\n<meta property=\"og:locale\" content=\"fr_FR\" \/>\n<meta property=\"og:type\" content=\"article\" \/>\n<meta property=\"og:title\" content=\"Radiant Boules \u00a0Multicolor\u00e9 (set de 3) - H\u00fcbsch\" \/>\n<meta property=\"og:description\" content=\"Ce lot de vases en verre comprend trois tailles et trois couleurs diff\u00e9rentes. Ils peuvent \u00eatre utilis\u00e9s pour du rangement et pour la pr\u00e9sentation. Ce\" \/>\n<meta property=\"og:url\" content=\"https:\/\/hubsch-interior.com\/fr\/produit\/radiant-boules-multicolore-set-de-3\/\" \/>\n<meta property=\"og:site_name\" content=\"H\u00fcbsch\" \/>\n<meta property=\"article:modified_time\" content=\"2026-04-09T02:34:48+00:00\" \/>\n<meta property=\"og:image\" content=\"https:\/\/hubsch-interior.com\/wp-content\/uploads\/2024\/04\/radiant-bowls-multicolour-set-of-3-f8abf70e9253f85d7ef9f22d8fe3e0e2.jpg\" \/>\n\t<meta property=\"og:image:width\" content=\"1200\" \/>\n\t<meta property=\"og:image:height\" content=\"1200\" \/>\n\t<meta property=\"og:image:type\" content=\"image\/jpeg\" \/>\n<meta name=\"twitter:card\" content=\"summary_large_image\" \/>\n<script type=\"application\/ld+json\" class=\"yoast-schema-graph\">{\"@context\":\"https:\/\/schema.org\",\"@graph\":[{\"@type\":\"WebPage\",\"@id\":\"https:\/\/hubsch-interior.com\/fr\/produit\/radiant-boules-multicolore-set-de-3\/\",\"url\":\"https:\/\/hubsch-interior.com\/fr\/produit\/radiant-boules-multicolore-set-de-3\/\",\"name\":\"Radiant Boules \u00a0Multicolor\u00e9 (set de 3) - H\u00fcbsch\",\"isPartOf\":{\"@id\":\"https:\/\/hubsch-interior.com\/fr\/#website\"},\"primaryImageOfPage\":{\"@id\":\"https:\/\/hubsch-interior.com\/fr\/produit\/radiant-boules-multicolore-set-de-3\/#primaryimage\"},\"image\":{\"@id\":\"https:\/\/hubsch-interior.com\/fr\/produit\/radiant-boules-multicolore-set-de-3\/#primaryimage\"},\"thumbnailUrl\":\"https:\/\/hubsch-interior.com\/wp-content\/uploads\/2026\/02\/radiant-bowls-multicolour-set-of-3-9c31798a4f6e9304c8bec5e462a84f4a.jpg\",\"datePublished\":\"2021-06-04T07:57:06+00:00\",\"dateModified\":\"2026-04-09T02:34:48+00:00\",\"description\":\"Ce lot de vases en verre comprend trois tailles et trois couleurs diff\u00e9rentes. Ils peuvent \u00eatre utilis\u00e9s pour du rangement et pour la pr\u00e9sentation. Ce\",\"breadcrumb\":{\"@id\":\"https:\/\/hubsch-interior.com\/fr\/produit\/radiant-boules-multicolore-set-de-3\/#breadcrumb\"},\"inLanguage\":\"fr-FR\",\"potentialAction\":[{\"@type\":\"ReadAction\",\"target\":[\"https:\/\/hubsch-interior.com\/fr\/produit\/radiant-boules-multicolore-set-de-3\/\"]}]},{\"@type\":\"ImageObject\",\"inLanguage\":\"fr-FR\",\"@id\":\"https:\/\/hubsch-interior.com\/fr\/produit\/radiant-boules-multicolore-set-de-3\/#primaryimage\",\"url\":\"https:\/\/hubsch-interior.com\/wp-content\/uploads\/2026\/02\/radiant-bowls-multicolour-set-of-3-9c31798a4f6e9304c8bec5e462a84f4a.jpg\",\"contentUrl\":\"https:\/\/hubsch-interior.com\/wp-content\/uploads\/2026\/02\/radiant-bowls-multicolour-set-of-3-9c31798a4f6e9304c8bec5e462a84f4a.jpg\",\"width\":1024,\"height\":1024},{\"@type\":\"BreadcrumbList\",\"@id\":\"https:\/\/hubsch-interior.com\/fr\/produit\/radiant-boules-multicolore-set-de-3\/#breadcrumb\",\"itemListElement\":[{\"@type\":\"ListItem\",\"position\":1,\"name\":\"Page d'accueil\",\"item\":\"https:\/\/hubsch-interior.com\/fr\/\"},{\"@type\":\"ListItem\",\"position\":2,\"name\":\"Produits\",\"item\":\"https:\/\/hubsch-interior.com\/fr\/shop-2\/\"},{\"@type\":\"ListItem\",\"position\":3,\"name\":\"Cuisine\",\"item\":\"https:\/\/hubsch-interior.com\/fr\/categorie-produit\/cuisine\/\"},{\"@type\":\"ListItem\",\"position\":4,\"name\":\"Vaisselle\",\"item\":\"https:\/\/hubsch-interior.com\/fr\/categorie-produit\/cuisine\/vaisselle-fr-2\/\"},{\"@type\":\"ListItem\",\"position\":5,\"name\":\"Bols de service\",\"item\":\"https:\/\/hubsch-interior.com\/fr\/categorie-produit\/cuisine\/vaisselle-fr-2\/bols-de-service-fr\/\"},{\"@type\":\"ListItem\",\"position\":6,\"name\":\"Radiant Boules \u00a0Multicolor\u00e9 (set de 3)\"}]},{\"@type\":\"WebSite\",\"@id\":\"https:\/\/hubsch-interior.com\/fr\/#website\",\"url\":\"https:\/\/hubsch-interior.com\/fr\/\",\"name\":\"H\u00fcbsch\",\"description\":\"Danish Home Interior and Design\",\"publisher\":{\"@id\":\"https:\/\/hubsch-interior.com\/fr\/#organization\"},\"potentialAction\":[{\"@type\":\"SearchAction\",\"target\":{\"@type\":\"EntryPoint\",\"urlTemplate\":\"https:\/\/hubsch-interior.com\/fr\/?s={search_term_string}\"},\"query-input\":{\"@type\":\"PropertyValueSpecification\",\"valueRequired\":true,\"valueName\":\"search_term_string\"}}],\"inLanguage\":\"fr-FR\"},{\"@type\":\"Organization\",\"@id\":\"https:\/\/hubsch-interior.com\/fr\/#organization\",\"name\":\"H\u00fcbsch\",\"url\":\"https:\/\/hubsch-interior.com\/fr\/\",\"logo\":{\"@type\":\"ImageObject\",\"inLanguage\":\"fr-FR\",\"@id\":\"https:\/\/hubsch-interior.com\/fr\/#\/schema\/logo\/image\/\",\"url\":\"https:\/\/hubsch-interior.com\/wp-content\/uploads\/2022\/12\/Hubsch_logo_black_one_line.svg\",\"contentUrl\":\"https:\/\/hubsch-interior.com\/wp-content\/uploads\/2022\/12\/Hubsch_logo_black_one_line.svg\",\"caption\":\"H\u00fcbsch\"},\"image\":{\"@id\":\"https:\/\/hubsch-interior.com\/fr\/#\/schema\/logo\/image\/\"}}]}<\/script>\n<!-- \/ Yoast SEO plugin. -->","yoast_head_json":{"title":"Radiant Boules \u00a0Multicolor\u00e9 (set de 3) - H\u00fcbsch","description":"Ce lot de vases en verre comprend trois tailles et trois couleurs diff\u00e9rentes. Ils peuvent \u00eatre utilis\u00e9s pour du rangement et pour la pr\u00e9sentation. Ce","robots":{"index":"index","follow":"follow","max-snippet":"max-snippet:-1","max-image-preview":"max-image-preview:large","max-video-preview":"max-video-preview:-1"},"canonical":"https:\/\/hubsch-interior.com\/fr\/wp-json\/wp\/v2\/product\/391584","og_locale":"fr_FR","og_type":"article","og_title":"Radiant Boules \u00a0Multicolor\u00e9 (set de 3) - H\u00fcbsch","og_description":"Ce lot de vases en verre comprend trois tailles et trois couleurs diff\u00e9rentes. Ils peuvent \u00eatre utilis\u00e9s pour du rangement et pour la pr\u00e9sentation. Ce","og_url":"https:\/\/hubsch-interior.com\/fr\/produit\/radiant-boules-multicolore-set-de-3\/","og_site_name":"H\u00fcbsch","article_modified_time":"2026-04-09T02:34:48+00:00","og_image":[{"width":1200,"height":1200,"url":"https:\/\/hubsch-interior.com\/wp-content\/uploads\/2024\/04\/radiant-bowls-multicolour-set-of-3-f8abf70e9253f85d7ef9f22d8fe3e0e2.jpg","type":"image\/jpeg"}],"twitter_card":"summary_large_image","schema":{"@context":"https:\/\/schema.org","@graph":[{"@type":"WebPage","@id":"https:\/\/hubsch-interior.com\/fr\/produit\/radiant-boules-multicolore-set-de-3\/","url":"https:\/\/hubsch-interior.com\/fr\/produit\/radiant-boules-multicolore-set-de-3\/","name":"Radiant Boules \u00a0Multicolor\u00e9 (set de 3) - H\u00fcbsch","isPartOf":{"@id":"https:\/\/hubsch-interior.com\/fr\/#website"},"primaryImageOfPage":{"@id":"https:\/\/hubsch-interior.com\/fr\/produit\/radiant-boules-multicolore-set-de-3\/#primaryimage"},"image":{"@id":"https:\/\/hubsch-interior.com\/fr\/produit\/radiant-boules-multicolore-set-de-3\/#primaryimage"},"thumbnailUrl":"https:\/\/hubsch-interior.com\/wp-content\/uploads\/2026\/02\/radiant-bowls-multicolour-set-of-3-9c31798a4f6e9304c8bec5e462a84f4a.jpg","datePublished":"2021-06-04T07:57:06+00:00","dateModified":"2026-04-09T02:34:48+00:00","description":"Ce lot de vases en verre comprend trois tailles et trois couleurs diff\u00e9rentes. Ils peuvent \u00eatre utilis\u00e9s pour du rangement et pour la pr\u00e9sentation. Ce","breadcrumb":{"@id":"https:\/\/hubsch-interior.com\/fr\/produit\/radiant-boules-multicolore-set-de-3\/#breadcrumb"},"inLanguage":"fr-FR","potentialAction":[{"@type":"ReadAction","target":["https:\/\/hubsch-interior.com\/fr\/produit\/radiant-boules-multicolore-set-de-3\/"]}]},{"@type":"ImageObject","inLanguage":"fr-FR","@id":"https:\/\/hubsch-interior.com\/fr\/produit\/radiant-boules-multicolore-set-de-3\/#primaryimage","url":"https:\/\/hubsch-interior.com\/wp-content\/uploads\/2026\/02\/radiant-bowls-multicolour-set-of-3-9c31798a4f6e9304c8bec5e462a84f4a.jpg","contentUrl":"https:\/\/hubsch-interior.com\/wp-content\/uploads\/2026\/02\/radiant-bowls-multicolour-set-of-3-9c31798a4f6e9304c8bec5e462a84f4a.jpg","width":1024,"height":1024},{"@type":"BreadcrumbList","@id":"https:\/\/hubsch-interior.com\/fr\/produit\/radiant-boules-multicolore-set-de-3\/#breadcrumb","itemListElement":[{"@type":"ListItem","position":1,"name":"Page d'accueil","item":"https:\/\/hubsch-interior.com\/fr\/"},{"@type":"ListItem","position":2,"name":"Produits","item":"https:\/\/hubsch-interior.com\/fr\/shop-2\/"},{"@type":"ListItem","position":3,"name":"Cuisine","item":"https:\/\/hubsch-interior.com\/fr\/categorie-produit\/cuisine\/"},{"@type":"ListItem","position":4,"name":"Vaisselle","item":"https:\/\/hubsch-interior.com\/fr\/categorie-produit\/cuisine\/vaisselle-fr-2\/"},{"@type":"ListItem","position":5,"name":"Bols de service","item":"https:\/\/hubsch-interior.com\/fr\/categorie-produit\/cuisine\/vaisselle-fr-2\/bols-de-service-fr\/"},{"@type":"ListItem","position":6,"name":"Radiant Boules \u00a0Multicolor\u00e9 (set de 3)"}]},{"@type":"WebSite","@id":"https:\/\/hubsch-interior.com\/fr\/#website","url":"https:\/\/hubsch-interior.com\/fr\/","name":"H\u00fcbsch","description":"Danish Home Interior and Design","publisher":{"@id":"https:\/\/hubsch-interior.com\/fr\/#organization"},"potentialAction":[{"@type":"SearchAction","target":{"@type":"EntryPoint","urlTemplate":"https:\/\/hubsch-interior.com\/fr\/?s={search_term_string}"},"query-input":{"@type":"PropertyValueSpecification","valueRequired":true,"valueName":"search_term_string"}}],"inLanguage":"fr-FR"},{"@type":"Organization","@id":"https:\/\/hubsch-interior.com\/fr\/#organization","name":"H\u00fcbsch","url":"https:\/\/hubsch-interior.com\/fr\/","logo":{"@type":"ImageObject","inLanguage":"fr-FR","@id":"https:\/\/hubsch-interior.com\/fr\/#\/schema\/logo\/image\/","url":"https:\/\/hubsch-interior.com\/wp-content\/uploads\/2022\/12\/Hubsch_logo_black_one_line.svg","contentUrl":"https:\/\/hubsch-interior.com\/wp-content\/uploads\/2022\/12\/Hubsch_logo_black_one_line.svg","caption":"H\u00fcbsch"},"image":{"@id":"https:\/\/hubsch-interior.com\/fr\/#\/schema\/logo\/image\/"}}]}},"_links":{"self":[{"href":"https:\/\/hubsch-interior.com\/fr\/wp-json\/wp\/v2\/product\/391584","targetHints":{"allow":["GET"]}}],"collection":[{"href":"https:\/\/hubsch-interior.com\/fr\/wp-json\/wp\/v2\/product"}],"about":[{"href":"https:\/\/hubsch-interior.com\/fr\/wp-json\/wp\/v2\/types\/product"}],"wp:featuredmedia":[{"embeddable":true,"href":"https:\/\/hubsch-interior.com\/fr\/wp-json\/wp\/v2\/media\/1098166"}],"wp:attachment":[{"href":"https:\/\/hubsch-interior.com\/fr\/wp-json\/wp\/v2\/media?parent=391584"}],"wp:term":[{"taxonomy":"product_brand","embeddable":true,"href":"https:\/\/hubsch-interior.com\/fr\/wp-json\/wp\/v2\/product_brand?post=391584"},{"taxonomy":"product_cat","embeddable":true,"href":"https:\/\/hubsch-interior.com\/fr\/wp-json\/wp\/v2\/product_cat?post=391584"},{"taxonomy":"product_tag","embeddable":true,"href":"https:\/\/hubsch-interior.com\/fr\/wp-json\/wp\/v2\/product_tag?post=391584"}],"curies":[{"name":"wp","href":"https:\/\/api.w.org\/{rel}","templated":true}]}}