{"id":39162,"date":"2020-12-15T09:45:53","date_gmt":"2020-12-15T08:45:53","guid":{"rendered":"https:\/\/hubsch-interior.com\/product\/product-4\/"},"modified":"2026-04-09T04:45:52","modified_gmt":"2026-04-09T02:45:52","slug":"airy-planches-a-decouper-naturel-set-de-2","status":"publish","type":"product","link":"https:\/\/hubsch-interior.com\/fr\/produit\/airy-planches-a-decouper-naturel-set-de-2\/","title":{"rendered":"Airy Planches \u00e0 D\u00e9couper Naturel (set de 2)"},"content":{"rendered":"<p>Ces magnifiques planches \u00e0 d\u00e9couper Airy sont fabriqu\u00e9es en bois de ch\u00eane et certifi\u00e9es FSC. Id\u00e9ales pour pr\u00e9parer des aliments, elles sont douces et durables. Pratiques, leur forme rectangulaire et leurs poign\u00e9es pratiques vous permettront d&#8217;utiliser facilement la planche \u00e0 d\u00e9couper. Vous appr\u00e9cierez leur design \u00e9l\u00e9gant et leur qualit\u00e9 de fabrication. Ce set de 2 planches \u00e0 d\u00e9couper vous permettra de pr\u00e9parer les aliments dans un style naturel.<\/p>\n","protected":false},"excerpt":{"rendered":"<p>Ces magnifiques planches \u00e0 d\u00e9couper Airy sont fabriqu\u00e9es en bois de ch\u00eane et certifi\u00e9es FSC. Id\u00e9ales pour pr\u00e9parer des aliments, elles sont douces et durables. Pratiques, leur forme rectangulaire et leurs poign\u00e9es pratiques vous permettront d&#8217;utiliser facilement la planche \u00e0 d\u00e9couper. Vous appr\u00e9cierez leur design \u00e9l\u00e9gant et leur qualit\u00e9 de fabrication. Ce set de 2 [&hellip;]<\/p>\n","protected":false},"featured_media":1101225,"template":"","meta":{"_acf_changed":false,"inline_featured_image":false},"product_brand":[],"product_cat":[7055,6971,7027,6322,4053,4123,6535],"product_tag":[],"class_list":{"0":"post-39162","1":"product","2":"type-product","3":"status-publish","4":"has-post-thumbnail","6":"product_cat-cuisine-planches-a-decouper-fr","7":"product_cat-paques","8":"product_cat-vaisselle-fr-2","9":"product_cat-fsc-fr","10":"product_cat-accessoires-de-cuisine-fr","11":"product_cat-planches-a-decouper-fr","12":"product_cat-outlet-fr","13":"product_shipping_class-pk","15":"pa_color-naturel-2","16":"pa_material-bois-de-chne-2","18":"first","19":"instock","20":"sale","21":"taxable","22":"shipping-taxable","23":"purchasable","24":"product-type-simple"},"exclude_global_add_ons":[],"addons":[],"acf":[],"yoast_head":"<!-- This site is optimized with the Yoast SEO plugin v26.4 - https:\/\/yoast.com\/wordpress\/plugins\/seo\/ -->\n<title>Airy Planches \u00e0 D\u00e9couper Naturel (set de 2) - H\u00fcbsch<\/title>\n<meta name=\"description\" content=\"Ces magnifiques planches \u00e0 d\u00e9couper Airy sont fabriqu\u00e9es en bois de ch\u00eane et certifi\u00e9es FSC. Id\u00e9ales pour pr\u00e9parer des aliments, elles sont douces et\" \/>\n<meta name=\"robots\" content=\"index, follow, max-snippet:-1, max-image-preview:large, max-video-preview:-1\" \/>\n<link rel=\"canonical\" href=\"https:\/\/hubsch-interior.com\/fr\/wp-json\/wp\/v2\/product\/39162\" \/>\n<meta property=\"og:locale\" content=\"fr_FR\" \/>\n<meta property=\"og:type\" content=\"article\" \/>\n<meta property=\"og:title\" content=\"Airy Planches \u00e0 D\u00e9couper Naturel (set de 2) - H\u00fcbsch\" \/>\n<meta property=\"og:description\" content=\"Ces magnifiques planches \u00e0 d\u00e9couper Airy sont fabriqu\u00e9es en bois de ch\u00eane et certifi\u00e9es FSC. Id\u00e9ales pour pr\u00e9parer des aliments, elles sont douces et\" \/>\n<meta property=\"og:url\" content=\"https:\/\/hubsch-interior.com\/fr\/produit\/airy-planches-a-decouper-naturel-set-de-2\/\" \/>\n<meta property=\"og:site_name\" content=\"H\u00fcbsch\" \/>\n<meta property=\"article:modified_time\" content=\"2026-04-09T02:45:52+00:00\" \/>\n<meta property=\"og:image\" content=\"https:\/\/hubsch-interior.com\/wp-content\/uploads\/2024\/01\/airy-cutting-boards-natural-set-of-2-f9b8a71f00d5cfd9a7a93cc32cb5cef7.jpg\" \/>\n\t<meta property=\"og:image:width\" content=\"1200\" \/>\n\t<meta property=\"og:image:height\" content=\"1200\" \/>\n\t<meta property=\"og:image:type\" content=\"image\/jpeg\" \/>\n<meta name=\"twitter:card\" content=\"summary_large_image\" \/>\n<script type=\"application\/ld+json\" class=\"yoast-schema-graph\">{\"@context\":\"https:\/\/schema.org\",\"@graph\":[{\"@type\":\"WebPage\",\"@id\":\"https:\/\/hubsch-interior.com\/fr\/produit\/airy-planches-a-decouper-naturel-set-de-2\/\",\"url\":\"https:\/\/hubsch-interior.com\/fr\/produit\/airy-planches-a-decouper-naturel-set-de-2\/\",\"name\":\"Airy Planches \u00e0 D\u00e9couper Naturel (set de 2) - H\u00fcbsch\",\"isPartOf\":{\"@id\":\"https:\/\/hubsch-interior.com\/fr\/#website\"},\"primaryImageOfPage\":{\"@id\":\"https:\/\/hubsch-interior.com\/fr\/produit\/airy-planches-a-decouper-naturel-set-de-2\/#primaryimage\"},\"image\":{\"@id\":\"https:\/\/hubsch-interior.com\/fr\/produit\/airy-planches-a-decouper-naturel-set-de-2\/#primaryimage\"},\"thumbnailUrl\":\"https:\/\/hubsch-interior.com\/wp-content\/uploads\/2026\/02\/airy-cutting-boards-natural-set-of-2-f8e69cfad7d054d94a2f72f475118889.jpg\",\"datePublished\":\"2020-12-15T08:45:53+00:00\",\"dateModified\":\"2026-04-09T02:45:52+00:00\",\"description\":\"Ces magnifiques planches \u00e0 d\u00e9couper Airy sont fabriqu\u00e9es en bois de ch\u00eane et certifi\u00e9es FSC. Id\u00e9ales pour pr\u00e9parer des aliments, elles sont douces et\",\"breadcrumb\":{\"@id\":\"https:\/\/hubsch-interior.com\/fr\/produit\/airy-planches-a-decouper-naturel-set-de-2\/#breadcrumb\"},\"inLanguage\":\"fr-FR\",\"potentialAction\":[{\"@type\":\"ReadAction\",\"target\":[\"https:\/\/hubsch-interior.com\/fr\/produit\/airy-planches-a-decouper-naturel-set-de-2\/\"]}]},{\"@type\":\"ImageObject\",\"inLanguage\":\"fr-FR\",\"@id\":\"https:\/\/hubsch-interior.com\/fr\/produit\/airy-planches-a-decouper-naturel-set-de-2\/#primaryimage\",\"url\":\"https:\/\/hubsch-interior.com\/wp-content\/uploads\/2026\/02\/airy-cutting-boards-natural-set-of-2-f8e69cfad7d054d94a2f72f475118889.jpg\",\"contentUrl\":\"https:\/\/hubsch-interior.com\/wp-content\/uploads\/2026\/02\/airy-cutting-boards-natural-set-of-2-f8e69cfad7d054d94a2f72f475118889.jpg\",\"width\":1024,\"height\":1024},{\"@type\":\"BreadcrumbList\",\"@id\":\"https:\/\/hubsch-interior.com\/fr\/produit\/airy-planches-a-decouper-naturel-set-de-2\/#breadcrumb\",\"itemListElement\":[{\"@type\":\"ListItem\",\"position\":1,\"name\":\"Page d'accueil\",\"item\":\"https:\/\/hubsch-interior.com\/fr\/\"},{\"@type\":\"ListItem\",\"position\":2,\"name\":\"Produits\",\"item\":\"https:\/\/hubsch-interior.com\/fr\/shop-2\/\"},{\"@type\":\"ListItem\",\"position\":3,\"name\":\"Cuisine\",\"item\":\"https:\/\/hubsch-interior.com\/fr\/categorie-produit\/cuisine\/\"},{\"@type\":\"ListItem\",\"position\":4,\"name\":\"Vaisselle\",\"item\":\"https:\/\/hubsch-interior.com\/fr\/categorie-produit\/cuisine\/vaisselle-fr-2\/\"},{\"@type\":\"ListItem\",\"position\":5,\"name\":\"Planches &agrave; d&eacute;couper\",\"item\":\"https:\/\/hubsch-interior.com\/fr\/categorie-produit\/cuisine\/vaisselle-fr-2\/cuisine-planches-a-decouper-fr\/\"},{\"@type\":\"ListItem\",\"position\":6,\"name\":\"Airy Planches \u00e0 D\u00e9couper Naturel (set de 2)\"}]},{\"@type\":\"WebSite\",\"@id\":\"https:\/\/hubsch-interior.com\/fr\/#website\",\"url\":\"https:\/\/hubsch-interior.com\/fr\/\",\"name\":\"H\u00fcbsch\",\"description\":\"Danish Home Interior and Design\",\"publisher\":{\"@id\":\"https:\/\/hubsch-interior.com\/fr\/#organization\"},\"potentialAction\":[{\"@type\":\"SearchAction\",\"target\":{\"@type\":\"EntryPoint\",\"urlTemplate\":\"https:\/\/hubsch-interior.com\/fr\/?s={search_term_string}\"},\"query-input\":{\"@type\":\"PropertyValueSpecification\",\"valueRequired\":true,\"valueName\":\"search_term_string\"}}],\"inLanguage\":\"fr-FR\"},{\"@type\":\"Organization\",\"@id\":\"https:\/\/hubsch-interior.com\/fr\/#organization\",\"name\":\"H\u00fcbsch\",\"url\":\"https:\/\/hubsch-interior.com\/fr\/\",\"logo\":{\"@type\":\"ImageObject\",\"inLanguage\":\"fr-FR\",\"@id\":\"https:\/\/hubsch-interior.com\/fr\/#\/schema\/logo\/image\/\",\"url\":\"https:\/\/hubsch-interior.com\/wp-content\/uploads\/2022\/12\/Hubsch_logo_black_one_line.svg\",\"contentUrl\":\"https:\/\/hubsch-interior.com\/wp-content\/uploads\/2022\/12\/Hubsch_logo_black_one_line.svg\",\"caption\":\"H\u00fcbsch\"},\"image\":{\"@id\":\"https:\/\/hubsch-interior.com\/fr\/#\/schema\/logo\/image\/\"}}]}<\/script>\n<!-- \/ Yoast SEO plugin. -->","yoast_head_json":{"title":"Airy Planches \u00e0 D\u00e9couper Naturel (set de 2) - H\u00fcbsch","description":"Ces magnifiques planches \u00e0 d\u00e9couper Airy sont fabriqu\u00e9es en bois de ch\u00eane et certifi\u00e9es FSC. Id\u00e9ales pour pr\u00e9parer des aliments, elles sont douces et","robots":{"index":"index","follow":"follow","max-snippet":"max-snippet:-1","max-image-preview":"max-image-preview:large","max-video-preview":"max-video-preview:-1"},"canonical":"https:\/\/hubsch-interior.com\/fr\/wp-json\/wp\/v2\/product\/39162","og_locale":"fr_FR","og_type":"article","og_title":"Airy Planches \u00e0 D\u00e9couper Naturel (set de 2) - H\u00fcbsch","og_description":"Ces magnifiques planches \u00e0 d\u00e9couper Airy sont fabriqu\u00e9es en bois de ch\u00eane et certifi\u00e9es FSC. Id\u00e9ales pour pr\u00e9parer des aliments, elles sont douces et","og_url":"https:\/\/hubsch-interior.com\/fr\/produit\/airy-planches-a-decouper-naturel-set-de-2\/","og_site_name":"H\u00fcbsch","article_modified_time":"2026-04-09T02:45:52+00:00","og_image":[{"width":1200,"height":1200,"url":"https:\/\/hubsch-interior.com\/wp-content\/uploads\/2024\/01\/airy-cutting-boards-natural-set-of-2-f9b8a71f00d5cfd9a7a93cc32cb5cef7.jpg","type":"image\/jpeg"}],"twitter_card":"summary_large_image","schema":{"@context":"https:\/\/schema.org","@graph":[{"@type":"WebPage","@id":"https:\/\/hubsch-interior.com\/fr\/produit\/airy-planches-a-decouper-naturel-set-de-2\/","url":"https:\/\/hubsch-interior.com\/fr\/produit\/airy-planches-a-decouper-naturel-set-de-2\/","name":"Airy Planches \u00e0 D\u00e9couper Naturel (set de 2) - H\u00fcbsch","isPartOf":{"@id":"https:\/\/hubsch-interior.com\/fr\/#website"},"primaryImageOfPage":{"@id":"https:\/\/hubsch-interior.com\/fr\/produit\/airy-planches-a-decouper-naturel-set-de-2\/#primaryimage"},"image":{"@id":"https:\/\/hubsch-interior.com\/fr\/produit\/airy-planches-a-decouper-naturel-set-de-2\/#primaryimage"},"thumbnailUrl":"https:\/\/hubsch-interior.com\/wp-content\/uploads\/2026\/02\/airy-cutting-boards-natural-set-of-2-f8e69cfad7d054d94a2f72f475118889.jpg","datePublished":"2020-12-15T08:45:53+00:00","dateModified":"2026-04-09T02:45:52+00:00","description":"Ces magnifiques planches \u00e0 d\u00e9couper Airy sont fabriqu\u00e9es en bois de ch\u00eane et certifi\u00e9es FSC. Id\u00e9ales pour pr\u00e9parer des aliments, elles sont douces et","breadcrumb":{"@id":"https:\/\/hubsch-interior.com\/fr\/produit\/airy-planches-a-decouper-naturel-set-de-2\/#breadcrumb"},"inLanguage":"fr-FR","potentialAction":[{"@type":"ReadAction","target":["https:\/\/hubsch-interior.com\/fr\/produit\/airy-planches-a-decouper-naturel-set-de-2\/"]}]},{"@type":"ImageObject","inLanguage":"fr-FR","@id":"https:\/\/hubsch-interior.com\/fr\/produit\/airy-planches-a-decouper-naturel-set-de-2\/#primaryimage","url":"https:\/\/hubsch-interior.com\/wp-content\/uploads\/2026\/02\/airy-cutting-boards-natural-set-of-2-f8e69cfad7d054d94a2f72f475118889.jpg","contentUrl":"https:\/\/hubsch-interior.com\/wp-content\/uploads\/2026\/02\/airy-cutting-boards-natural-set-of-2-f8e69cfad7d054d94a2f72f475118889.jpg","width":1024,"height":1024},{"@type":"BreadcrumbList","@id":"https:\/\/hubsch-interior.com\/fr\/produit\/airy-planches-a-decouper-naturel-set-de-2\/#breadcrumb","itemListElement":[{"@type":"ListItem","position":1,"name":"Page d'accueil","item":"https:\/\/hubsch-interior.com\/fr\/"},{"@type":"ListItem","position":2,"name":"Produits","item":"https:\/\/hubsch-interior.com\/fr\/shop-2\/"},{"@type":"ListItem","position":3,"name":"Cuisine","item":"https:\/\/hubsch-interior.com\/fr\/categorie-produit\/cuisine\/"},{"@type":"ListItem","position":4,"name":"Vaisselle","item":"https:\/\/hubsch-interior.com\/fr\/categorie-produit\/cuisine\/vaisselle-fr-2\/"},{"@type":"ListItem","position":5,"name":"Planches &agrave; d&eacute;couper","item":"https:\/\/hubsch-interior.com\/fr\/categorie-produit\/cuisine\/vaisselle-fr-2\/cuisine-planches-a-decouper-fr\/"},{"@type":"ListItem","position":6,"name":"Airy Planches \u00e0 D\u00e9couper Naturel (set de 2)"}]},{"@type":"WebSite","@id":"https:\/\/hubsch-interior.com\/fr\/#website","url":"https:\/\/hubsch-interior.com\/fr\/","name":"H\u00fcbsch","description":"Danish Home Interior and Design","publisher":{"@id":"https:\/\/hubsch-interior.com\/fr\/#organization"},"potentialAction":[{"@type":"SearchAction","target":{"@type":"EntryPoint","urlTemplate":"https:\/\/hubsch-interior.com\/fr\/?s={search_term_string}"},"query-input":{"@type":"PropertyValueSpecification","valueRequired":true,"valueName":"search_term_string"}}],"inLanguage":"fr-FR"},{"@type":"Organization","@id":"https:\/\/hubsch-interior.com\/fr\/#organization","name":"H\u00fcbsch","url":"https:\/\/hubsch-interior.com\/fr\/","logo":{"@type":"ImageObject","inLanguage":"fr-FR","@id":"https:\/\/hubsch-interior.com\/fr\/#\/schema\/logo\/image\/","url":"https:\/\/hubsch-interior.com\/wp-content\/uploads\/2022\/12\/Hubsch_logo_black_one_line.svg","contentUrl":"https:\/\/hubsch-interior.com\/wp-content\/uploads\/2022\/12\/Hubsch_logo_black_one_line.svg","caption":"H\u00fcbsch"},"image":{"@id":"https:\/\/hubsch-interior.com\/fr\/#\/schema\/logo\/image\/"}}]}},"_links":{"self":[{"href":"https:\/\/hubsch-interior.com\/fr\/wp-json\/wp\/v2\/product\/39162","targetHints":{"allow":["GET"]}}],"collection":[{"href":"https:\/\/hubsch-interior.com\/fr\/wp-json\/wp\/v2\/product"}],"about":[{"href":"https:\/\/hubsch-interior.com\/fr\/wp-json\/wp\/v2\/types\/product"}],"wp:featuredmedia":[{"embeddable":true,"href":"https:\/\/hubsch-interior.com\/fr\/wp-json\/wp\/v2\/media\/1101225"}],"wp:attachment":[{"href":"https:\/\/hubsch-interior.com\/fr\/wp-json\/wp\/v2\/media?parent=39162"}],"wp:term":[{"taxonomy":"product_brand","embeddable":true,"href":"https:\/\/hubsch-interior.com\/fr\/wp-json\/wp\/v2\/product_brand?post=39162"},{"taxonomy":"product_cat","embeddable":true,"href":"https:\/\/hubsch-interior.com\/fr\/wp-json\/wp\/v2\/product_cat?post=39162"},{"taxonomy":"product_tag","embeddable":true,"href":"https:\/\/hubsch-interior.com\/fr\/wp-json\/wp\/v2\/product_tag?post=39162"}],"curies":[{"name":"wp","href":"https:\/\/api.w.org\/{rel}","templated":true}]}}