{"id":391684,"date":"2021-06-04T09:57:32","date_gmt":"2021-06-04T07:57:32","guid":{"rendered":"https:\/\/hubsch-interior.com\/shop-b2c\/product\/product-6\/"},"modified":"2026-04-09T04:35:15","modified_gmt":"2026-04-09T02:35:15","slug":"grand-plateaux-noir-set-de-2","status":"publish","type":"product","link":"https:\/\/hubsch-interior.com\/fr\/produit\/grand-plateaux-noir-set-de-2\/","title":{"rendered":"Grand Plateaux Noir (set de 2)"},"content":{"rendered":"<p>Les Grand Plateaux Noir sont l&#8217;accessoire parfait pour ajouter une touche d&#8217;\u00e9l\u00e9gance \u00e0 votre maison. Fabriqu\u00e9s \u00e0 partir de marbre de qualit\u00e9 sup\u00e9rieure, les plateaux sont robustes et durables. Les deux plateaux noirs sont con\u00e7us pour compl\u00e9ter votre d\u00e9cor et ajouter une touche de style \u00e0 votre int\u00e9rieur. Ils peuvent \u00eatre utilis\u00e9s pour afficher des articles d\u00e9coratifs ou des produits alimentaires et sont faciles \u00e0 nettoyer et \u00e0 entretenir. Donnez \u00e0 votre int\u00e9rieur un look refin\u00e9 et unique avec le Grand Plateaux Noir, un ensemble de plateaux en marbre noir s\/2.<\/p>\n","protected":false},"excerpt":{"rendered":"<p>Les Grand Plateaux Noir sont l&#8217;accessoire parfait pour ajouter une touche d&#8217;\u00e9l\u00e9gance \u00e0 votre maison. Fabriqu\u00e9s \u00e0 partir de marbre de qualit\u00e9 sup\u00e9rieure, les plateaux sont robustes et durables. Les deux plateaux noirs sont con\u00e7us pour compl\u00e9ter votre d\u00e9cor et ajouter une touche de style \u00e0 votre int\u00e9rieur. Ils peuvent \u00eatre utilis\u00e9s pour afficher des [&hellip;]<\/p>\n","protected":false},"featured_media":1098270,"template":"","meta":{"_acf_changed":false,"inline_featured_image":false},"product_brand":[],"product_cat":[6971,4053,4095,4054,5026,6535],"product_tag":[],"class_list":{"0":"post-391684","1":"product","2":"type-product","3":"status-publish","4":"has-post-thumbnail","6":"product_cat-paques","7":"product_cat-accessoires-de-cuisine-fr","8":"product_cat-vaisselle-fr","9":"product_cat-plateaux-fr","10":"product_cat-bestsellers-fr","11":"product_cat-outlet-fr","12":"product_shipping_class-pk","14":"pa_color-noir","15":"pa_material-marbre-fr","17":"first","18":"instock","19":"sale","20":"featured","21":"taxable","22":"shipping-taxable","23":"purchasable","24":"product-type-simple"},"exclude_global_add_ons":[],"addons":[],"acf":[],"yoast_head":"<!-- This site is optimized with the Yoast SEO plugin v26.4 - https:\/\/yoast.com\/wordpress\/plugins\/seo\/ -->\n<title>Grand Plateaux Noir (set de 2) - H\u00fcbsch<\/title>\n<meta name=\"description\" content=\"Les Grand Plateaux Noir sont l&#039;accessoire parfait pour ajouter une touche d&#039;\u00e9l\u00e9gance \u00e0 votre maison. Fabriqu\u00e9s \u00e0 partir de marbre de qualit\u00e9 sup\u00e9rieure,\" \/>\n<meta name=\"robots\" content=\"index, follow, max-snippet:-1, max-image-preview:large, max-video-preview:-1\" \/>\n<link rel=\"canonical\" href=\"https:\/\/hubsch-interior.com\/fr\/wp-json\/wp\/v2\/product\/391684\" \/>\n<meta property=\"og:locale\" content=\"fr_FR\" \/>\n<meta property=\"og:type\" content=\"article\" \/>\n<meta property=\"og:title\" content=\"Grand Plateaux Noir (set de 2) - H\u00fcbsch\" \/>\n<meta property=\"og:description\" content=\"Les Grand Plateaux Noir sont l&#039;accessoire parfait pour ajouter une touche d&#039;\u00e9l\u00e9gance \u00e0 votre maison. Fabriqu\u00e9s \u00e0 partir de marbre de qualit\u00e9 sup\u00e9rieure,\" \/>\n<meta property=\"og:url\" content=\"https:\/\/hubsch-interior.com\/fr\/produit\/grand-plateaux-noir-set-de-2\/\" \/>\n<meta property=\"og:site_name\" content=\"H\u00fcbsch\" \/>\n<meta property=\"article:modified_time\" content=\"2026-04-09T02:35:15+00:00\" \/>\n<meta property=\"og:image\" content=\"https:\/\/hubsch-interior.com\/wp-content\/uploads\/2023\/08\/grand-trays-black-set-of-2-e21ffae402aa0dfb963fdea28e2d5376.jpg\" \/>\n\t<meta property=\"og:image:width\" content=\"1200\" \/>\n\t<meta property=\"og:image:height\" content=\"1200\" \/>\n\t<meta property=\"og:image:type\" content=\"image\/jpeg\" \/>\n<meta name=\"twitter:card\" content=\"summary_large_image\" \/>\n<script type=\"application\/ld+json\" class=\"yoast-schema-graph\">{\"@context\":\"https:\/\/schema.org\",\"@graph\":[{\"@type\":\"WebPage\",\"@id\":\"https:\/\/hubsch-interior.com\/fr\/produit\/grand-plateaux-noir-set-de-2\/\",\"url\":\"https:\/\/hubsch-interior.com\/fr\/produit\/grand-plateaux-noir-set-de-2\/\",\"name\":\"Grand Plateaux Noir (set de 2) - H\u00fcbsch\",\"isPartOf\":{\"@id\":\"https:\/\/hubsch-interior.com\/fr\/#website\"},\"primaryImageOfPage\":{\"@id\":\"https:\/\/hubsch-interior.com\/fr\/produit\/grand-plateaux-noir-set-de-2\/#primaryimage\"},\"image\":{\"@id\":\"https:\/\/hubsch-interior.com\/fr\/produit\/grand-plateaux-noir-set-de-2\/#primaryimage\"},\"thumbnailUrl\":\"https:\/\/hubsch-interior.com\/wp-content\/uploads\/2026\/02\/grand-trays-black-set-of-2-17bb5865aea4882e6f5db65262de8187.jpg\",\"datePublished\":\"2021-06-04T07:57:32+00:00\",\"dateModified\":\"2026-04-09T02:35:15+00:00\",\"description\":\"Les Grand Plateaux Noir sont l'accessoire parfait pour ajouter une touche d'\u00e9l\u00e9gance \u00e0 votre maison. Fabriqu\u00e9s \u00e0 partir de marbre de qualit\u00e9 sup\u00e9rieure,\",\"breadcrumb\":{\"@id\":\"https:\/\/hubsch-interior.com\/fr\/produit\/grand-plateaux-noir-set-de-2\/#breadcrumb\"},\"inLanguage\":\"fr-FR\",\"potentialAction\":[{\"@type\":\"ReadAction\",\"target\":[\"https:\/\/hubsch-interior.com\/fr\/produit\/grand-plateaux-noir-set-de-2\/\"]}]},{\"@type\":\"ImageObject\",\"inLanguage\":\"fr-FR\",\"@id\":\"https:\/\/hubsch-interior.com\/fr\/produit\/grand-plateaux-noir-set-de-2\/#primaryimage\",\"url\":\"https:\/\/hubsch-interior.com\/wp-content\/uploads\/2026\/02\/grand-trays-black-set-of-2-17bb5865aea4882e6f5db65262de8187.jpg\",\"contentUrl\":\"https:\/\/hubsch-interior.com\/wp-content\/uploads\/2026\/02\/grand-trays-black-set-of-2-17bb5865aea4882e6f5db65262de8187.jpg\",\"width\":1024,\"height\":1024},{\"@type\":\"BreadcrumbList\",\"@id\":\"https:\/\/hubsch-interior.com\/fr\/produit\/grand-plateaux-noir-set-de-2\/#breadcrumb\",\"itemListElement\":[{\"@type\":\"ListItem\",\"position\":1,\"name\":\"Page d'accueil\",\"item\":\"https:\/\/hubsch-interior.com\/fr\/\"},{\"@type\":\"ListItem\",\"position\":2,\"name\":\"Produits\",\"item\":\"https:\/\/hubsch-interior.com\/fr\/shop-2\/\"},{\"@type\":\"ListItem\",\"position\":3,\"name\":\"Accessoires maison\",\"item\":\"https:\/\/hubsch-interior.com\/fr\/categorie-produit\/accessoires-maison\/\"},{\"@type\":\"ListItem\",\"position\":4,\"name\":\"Accessoires de cuisine\",\"item\":\"https:\/\/hubsch-interior.com\/fr\/categorie-produit\/accessoires-maison\/accessoires-de-cuisine-fr\/\"},{\"@type\":\"ListItem\",\"position\":5,\"name\":\"Vaisselle\",\"item\":\"https:\/\/hubsch-interior.com\/fr\/categorie-produit\/accessoires-maison\/accessoires-de-cuisine-fr\/vaisselle-fr\/\"},{\"@type\":\"ListItem\",\"position\":6,\"name\":\"Grand Plateaux Noir (set de 2)\"}]},{\"@type\":\"WebSite\",\"@id\":\"https:\/\/hubsch-interior.com\/fr\/#website\",\"url\":\"https:\/\/hubsch-interior.com\/fr\/\",\"name\":\"H\u00fcbsch\",\"description\":\"Danish Home Interior and Design\",\"publisher\":{\"@id\":\"https:\/\/hubsch-interior.com\/fr\/#organization\"},\"potentialAction\":[{\"@type\":\"SearchAction\",\"target\":{\"@type\":\"EntryPoint\",\"urlTemplate\":\"https:\/\/hubsch-interior.com\/fr\/?s={search_term_string}\"},\"query-input\":{\"@type\":\"PropertyValueSpecification\",\"valueRequired\":true,\"valueName\":\"search_term_string\"}}],\"inLanguage\":\"fr-FR\"},{\"@type\":\"Organization\",\"@id\":\"https:\/\/hubsch-interior.com\/fr\/#organization\",\"name\":\"H\u00fcbsch\",\"url\":\"https:\/\/hubsch-interior.com\/fr\/\",\"logo\":{\"@type\":\"ImageObject\",\"inLanguage\":\"fr-FR\",\"@id\":\"https:\/\/hubsch-interior.com\/fr\/#\/schema\/logo\/image\/\",\"url\":\"https:\/\/hubsch-interior.com\/wp-content\/uploads\/2022\/12\/Hubsch_logo_black_one_line.svg\",\"contentUrl\":\"https:\/\/hubsch-interior.com\/wp-content\/uploads\/2022\/12\/Hubsch_logo_black_one_line.svg\",\"caption\":\"H\u00fcbsch\"},\"image\":{\"@id\":\"https:\/\/hubsch-interior.com\/fr\/#\/schema\/logo\/image\/\"}}]}<\/script>\n<!-- \/ Yoast SEO plugin. -->","yoast_head_json":{"title":"Grand Plateaux Noir (set de 2) - H\u00fcbsch","description":"Les Grand Plateaux Noir sont l'accessoire parfait pour ajouter une touche d'\u00e9l\u00e9gance \u00e0 votre maison. Fabriqu\u00e9s \u00e0 partir de marbre de qualit\u00e9 sup\u00e9rieure,","robots":{"index":"index","follow":"follow","max-snippet":"max-snippet:-1","max-image-preview":"max-image-preview:large","max-video-preview":"max-video-preview:-1"},"canonical":"https:\/\/hubsch-interior.com\/fr\/wp-json\/wp\/v2\/product\/391684","og_locale":"fr_FR","og_type":"article","og_title":"Grand Plateaux Noir (set de 2) - H\u00fcbsch","og_description":"Les Grand Plateaux Noir sont l'accessoire parfait pour ajouter une touche d'\u00e9l\u00e9gance \u00e0 votre maison. Fabriqu\u00e9s \u00e0 partir de marbre de qualit\u00e9 sup\u00e9rieure,","og_url":"https:\/\/hubsch-interior.com\/fr\/produit\/grand-plateaux-noir-set-de-2\/","og_site_name":"H\u00fcbsch","article_modified_time":"2026-04-09T02:35:15+00:00","og_image":[{"width":1200,"height":1200,"url":"https:\/\/hubsch-interior.com\/wp-content\/uploads\/2023\/08\/grand-trays-black-set-of-2-e21ffae402aa0dfb963fdea28e2d5376.jpg","type":"image\/jpeg"}],"twitter_card":"summary_large_image","schema":{"@context":"https:\/\/schema.org","@graph":[{"@type":"WebPage","@id":"https:\/\/hubsch-interior.com\/fr\/produit\/grand-plateaux-noir-set-de-2\/","url":"https:\/\/hubsch-interior.com\/fr\/produit\/grand-plateaux-noir-set-de-2\/","name":"Grand Plateaux Noir (set de 2) - H\u00fcbsch","isPartOf":{"@id":"https:\/\/hubsch-interior.com\/fr\/#website"},"primaryImageOfPage":{"@id":"https:\/\/hubsch-interior.com\/fr\/produit\/grand-plateaux-noir-set-de-2\/#primaryimage"},"image":{"@id":"https:\/\/hubsch-interior.com\/fr\/produit\/grand-plateaux-noir-set-de-2\/#primaryimage"},"thumbnailUrl":"https:\/\/hubsch-interior.com\/wp-content\/uploads\/2026\/02\/grand-trays-black-set-of-2-17bb5865aea4882e6f5db65262de8187.jpg","datePublished":"2021-06-04T07:57:32+00:00","dateModified":"2026-04-09T02:35:15+00:00","description":"Les Grand Plateaux Noir sont l'accessoire parfait pour ajouter une touche d'\u00e9l\u00e9gance \u00e0 votre maison. Fabriqu\u00e9s \u00e0 partir de marbre de qualit\u00e9 sup\u00e9rieure,","breadcrumb":{"@id":"https:\/\/hubsch-interior.com\/fr\/produit\/grand-plateaux-noir-set-de-2\/#breadcrumb"},"inLanguage":"fr-FR","potentialAction":[{"@type":"ReadAction","target":["https:\/\/hubsch-interior.com\/fr\/produit\/grand-plateaux-noir-set-de-2\/"]}]},{"@type":"ImageObject","inLanguage":"fr-FR","@id":"https:\/\/hubsch-interior.com\/fr\/produit\/grand-plateaux-noir-set-de-2\/#primaryimage","url":"https:\/\/hubsch-interior.com\/wp-content\/uploads\/2026\/02\/grand-trays-black-set-of-2-17bb5865aea4882e6f5db65262de8187.jpg","contentUrl":"https:\/\/hubsch-interior.com\/wp-content\/uploads\/2026\/02\/grand-trays-black-set-of-2-17bb5865aea4882e6f5db65262de8187.jpg","width":1024,"height":1024},{"@type":"BreadcrumbList","@id":"https:\/\/hubsch-interior.com\/fr\/produit\/grand-plateaux-noir-set-de-2\/#breadcrumb","itemListElement":[{"@type":"ListItem","position":1,"name":"Page d'accueil","item":"https:\/\/hubsch-interior.com\/fr\/"},{"@type":"ListItem","position":2,"name":"Produits","item":"https:\/\/hubsch-interior.com\/fr\/shop-2\/"},{"@type":"ListItem","position":3,"name":"Accessoires maison","item":"https:\/\/hubsch-interior.com\/fr\/categorie-produit\/accessoires-maison\/"},{"@type":"ListItem","position":4,"name":"Accessoires de cuisine","item":"https:\/\/hubsch-interior.com\/fr\/categorie-produit\/accessoires-maison\/accessoires-de-cuisine-fr\/"},{"@type":"ListItem","position":5,"name":"Vaisselle","item":"https:\/\/hubsch-interior.com\/fr\/categorie-produit\/accessoires-maison\/accessoires-de-cuisine-fr\/vaisselle-fr\/"},{"@type":"ListItem","position":6,"name":"Grand Plateaux Noir (set de 2)"}]},{"@type":"WebSite","@id":"https:\/\/hubsch-interior.com\/fr\/#website","url":"https:\/\/hubsch-interior.com\/fr\/","name":"H\u00fcbsch","description":"Danish Home Interior and Design","publisher":{"@id":"https:\/\/hubsch-interior.com\/fr\/#organization"},"potentialAction":[{"@type":"SearchAction","target":{"@type":"EntryPoint","urlTemplate":"https:\/\/hubsch-interior.com\/fr\/?s={search_term_string}"},"query-input":{"@type":"PropertyValueSpecification","valueRequired":true,"valueName":"search_term_string"}}],"inLanguage":"fr-FR"},{"@type":"Organization","@id":"https:\/\/hubsch-interior.com\/fr\/#organization","name":"H\u00fcbsch","url":"https:\/\/hubsch-interior.com\/fr\/","logo":{"@type":"ImageObject","inLanguage":"fr-FR","@id":"https:\/\/hubsch-interior.com\/fr\/#\/schema\/logo\/image\/","url":"https:\/\/hubsch-interior.com\/wp-content\/uploads\/2022\/12\/Hubsch_logo_black_one_line.svg","contentUrl":"https:\/\/hubsch-interior.com\/wp-content\/uploads\/2022\/12\/Hubsch_logo_black_one_line.svg","caption":"H\u00fcbsch"},"image":{"@id":"https:\/\/hubsch-interior.com\/fr\/#\/schema\/logo\/image\/"}}]}},"_links":{"self":[{"href":"https:\/\/hubsch-interior.com\/fr\/wp-json\/wp\/v2\/product\/391684","targetHints":{"allow":["GET"]}}],"collection":[{"href":"https:\/\/hubsch-interior.com\/fr\/wp-json\/wp\/v2\/product"}],"about":[{"href":"https:\/\/hubsch-interior.com\/fr\/wp-json\/wp\/v2\/types\/product"}],"wp:featuredmedia":[{"embeddable":true,"href":"https:\/\/hubsch-interior.com\/fr\/wp-json\/wp\/v2\/media\/1098270"}],"wp:attachment":[{"href":"https:\/\/hubsch-interior.com\/fr\/wp-json\/wp\/v2\/media?parent=391684"}],"wp:term":[{"taxonomy":"product_brand","embeddable":true,"href":"https:\/\/hubsch-interior.com\/fr\/wp-json\/wp\/v2\/product_brand?post=391684"},{"taxonomy":"product_cat","embeddable":true,"href":"https:\/\/hubsch-interior.com\/fr\/wp-json\/wp\/v2\/product_cat?post=391684"},{"taxonomy":"product_tag","embeddable":true,"href":"https:\/\/hubsch-interior.com\/fr\/wp-json\/wp\/v2\/product_tag?post=391684"}],"curies":[{"name":"wp","href":"https:\/\/api.w.org\/{rel}","templated":true}]}}