{"id":391800,"date":"2021-06-04T09:58:00","date_gmt":"2021-06-04T07:58:00","guid":{"rendered":"https:\/\/hubsch-interior.com\/shop-b2c\/product\/product-6\/"},"modified":"2026-04-09T04:35:40","modified_gmt":"2026-04-09T02:35:40","slug":"zigzag-paniers-noir-set-de-2","status":"publish","type":"product","link":"https:\/\/hubsch-interior.com\/fr\/produit\/zigzag-paniers-noir-set-de-2\/","title":{"rendered":"Zigzag Paniers Noir (set de 2)"},"content":{"rendered":"<p>Les paniers viennent par deux. La couleur fonc\u00e9e est cass\u00e9e par les d\u00e9tails en beige clair et marron, ce qui ajoute une touche \u00e9l\u00e9gante. Les paniers sont hauts et assez large pour du rangement. Placez-les librement dans n&#8217;importe quelle pi\u00e8ce. Ce produit est fait \u00e0 la main et peut donc varier.<\/p>\n","protected":false},"excerpt":{"rendered":"<p>Les paniers viennent par deux. La couleur fonc\u00e9e est cass\u00e9e par les d\u00e9tails en beige clair et marron, ce qui ajoute une touche \u00e9l\u00e9gante. Les paniers sont hauts et assez large pour du rangement. Placez-les librement dans n&#8217;importe quelle pi\u00e8ce. Ce produit est fait \u00e0 la main et peut donc varier.<\/p>\n","protected":false},"featured_media":1098330,"template":"","meta":{"_acf_changed":false,"inline_featured_image":false},"product_brand":[],"product_cat":[3110,4075,5026],"product_tag":[],"class_list":{"0":"post-391800","1":"product","2":"type-product","3":"status-publish","4":"has-post-thumbnail","6":"product_cat-espace-de-rangement-fr","7":"product_cat-paniers-fr","8":"product_cat-bestsellers-fr","9":"product_shipping_class-pk","11":"pa_color-noir","12":"pa_material-papier-fr","14":"first","15":"instock","16":"featured","17":"taxable","18":"shipping-taxable","19":"purchasable","20":"product-type-simple"},"exclude_global_add_ons":[],"addons":[],"acf":[],"yoast_head":"<!-- This site is optimized with the Yoast SEO plugin v26.4 - https:\/\/yoast.com\/wordpress\/plugins\/seo\/ -->\n<title>Zigzag Paniers Noir (set de 2) - H\u00fcbsch<\/title>\n<meta name=\"description\" content=\"Les paniers viennent par deux. La couleur fonc\u00e9e est cass\u00e9e par les d\u00e9tails en beige clair et marron, ce qui ajoute une touche \u00e9l\u00e9gante. Les paniers sont\" \/>\n<meta name=\"robots\" content=\"index, follow, max-snippet:-1, max-image-preview:large, max-video-preview:-1\" \/>\n<link rel=\"canonical\" href=\"https:\/\/hubsch-interior.com\/fr\/wp-json\/wp\/v2\/product\/391800\" \/>\n<meta property=\"og:locale\" content=\"fr_FR\" \/>\n<meta property=\"og:type\" content=\"article\" \/>\n<meta property=\"og:title\" content=\"Zigzag Paniers Noir (set de 2) - H\u00fcbsch\" \/>\n<meta property=\"og:description\" content=\"Les paniers viennent par deux. La couleur fonc\u00e9e est cass\u00e9e par les d\u00e9tails en beige clair et marron, ce qui ajoute une touche \u00e9l\u00e9gante. Les paniers sont\" \/>\n<meta property=\"og:url\" content=\"https:\/\/hubsch-interior.com\/fr\/produit\/zigzag-paniers-noir-set-de-2\/\" \/>\n<meta property=\"og:site_name\" content=\"H\u00fcbsch\" \/>\n<meta property=\"article:modified_time\" content=\"2026-04-09T02:35:40+00:00\" \/>\n<meta property=\"og:image\" content=\"https:\/\/hubsch-interior.com\/wp-content\/uploads\/2023\/08\/zigzag-baskets-blackorange-set-of-2-3629b0f056c88b1811ce8812c12677dc.jpg\" \/>\n\t<meta property=\"og:image:width\" content=\"1200\" \/>\n\t<meta property=\"og:image:height\" content=\"1200\" \/>\n\t<meta property=\"og:image:type\" content=\"image\/jpeg\" \/>\n<meta name=\"twitter:card\" content=\"summary_large_image\" \/>\n<script type=\"application\/ld+json\" class=\"yoast-schema-graph\">{\"@context\":\"https:\/\/schema.org\",\"@graph\":[{\"@type\":\"WebPage\",\"@id\":\"https:\/\/hubsch-interior.com\/fr\/produit\/zigzag-paniers-noir-set-de-2\/\",\"url\":\"https:\/\/hubsch-interior.com\/fr\/produit\/zigzag-paniers-noir-set-de-2\/\",\"name\":\"Zigzag Paniers Noir (set de 2) - H\u00fcbsch\",\"isPartOf\":{\"@id\":\"https:\/\/hubsch-interior.com\/fr\/#website\"},\"primaryImageOfPage\":{\"@id\":\"https:\/\/hubsch-interior.com\/fr\/produit\/zigzag-paniers-noir-set-de-2\/#primaryimage\"},\"image\":{\"@id\":\"https:\/\/hubsch-interior.com\/fr\/produit\/zigzag-paniers-noir-set-de-2\/#primaryimage\"},\"thumbnailUrl\":\"https:\/\/hubsch-interior.com\/wp-content\/uploads\/2026\/02\/zigzag-baskets-black-set-of-2-b78b266dad5b721e8b4bc335845cc599.jpg\",\"datePublished\":\"2021-06-04T07:58:00+00:00\",\"dateModified\":\"2026-04-09T02:35:40+00:00\",\"description\":\"Les paniers viennent par deux. La couleur fonc\u00e9e est cass\u00e9e par les d\u00e9tails en beige clair et marron, ce qui ajoute une touche \u00e9l\u00e9gante. Les paniers sont\",\"breadcrumb\":{\"@id\":\"https:\/\/hubsch-interior.com\/fr\/produit\/zigzag-paniers-noir-set-de-2\/#breadcrumb\"},\"inLanguage\":\"fr-FR\",\"potentialAction\":[{\"@type\":\"ReadAction\",\"target\":[\"https:\/\/hubsch-interior.com\/fr\/produit\/zigzag-paniers-noir-set-de-2\/\"]}]},{\"@type\":\"ImageObject\",\"inLanguage\":\"fr-FR\",\"@id\":\"https:\/\/hubsch-interior.com\/fr\/produit\/zigzag-paniers-noir-set-de-2\/#primaryimage\",\"url\":\"https:\/\/hubsch-interior.com\/wp-content\/uploads\/2026\/02\/zigzag-baskets-black-set-of-2-b78b266dad5b721e8b4bc335845cc599.jpg\",\"contentUrl\":\"https:\/\/hubsch-interior.com\/wp-content\/uploads\/2026\/02\/zigzag-baskets-black-set-of-2-b78b266dad5b721e8b4bc335845cc599.jpg\",\"width\":1024,\"height\":1024},{\"@type\":\"BreadcrumbList\",\"@id\":\"https:\/\/hubsch-interior.com\/fr\/produit\/zigzag-paniers-noir-set-de-2\/#breadcrumb\",\"itemListElement\":[{\"@type\":\"ListItem\",\"position\":1,\"name\":\"Page d'accueil\",\"item\":\"https:\/\/hubsch-interior.com\/fr\/\"},{\"@type\":\"ListItem\",\"position\":2,\"name\":\"Produits\",\"item\":\"https:\/\/hubsch-interior.com\/fr\/shop-2\/\"},{\"@type\":\"ListItem\",\"position\":3,\"name\":\"Accessoires maison\",\"item\":\"https:\/\/hubsch-interior.com\/fr\/categorie-produit\/accessoires-maison\/\"},{\"@type\":\"ListItem\",\"position\":4,\"name\":\"Espace de rangement\",\"item\":\"https:\/\/hubsch-interior.com\/fr\/categorie-produit\/accessoires-maison\/espace-de-rangement-fr\/\"},{\"@type\":\"ListItem\",\"position\":5,\"name\":\"Paniers\",\"item\":\"https:\/\/hubsch-interior.com\/fr\/categorie-produit\/accessoires-maison\/espace-de-rangement-fr\/paniers-fr\/\"},{\"@type\":\"ListItem\",\"position\":6,\"name\":\"Zigzag Paniers Noir (set de 2)\"}]},{\"@type\":\"WebSite\",\"@id\":\"https:\/\/hubsch-interior.com\/fr\/#website\",\"url\":\"https:\/\/hubsch-interior.com\/fr\/\",\"name\":\"H\u00fcbsch\",\"description\":\"Danish Home Interior and Design\",\"publisher\":{\"@id\":\"https:\/\/hubsch-interior.com\/fr\/#organization\"},\"potentialAction\":[{\"@type\":\"SearchAction\",\"target\":{\"@type\":\"EntryPoint\",\"urlTemplate\":\"https:\/\/hubsch-interior.com\/fr\/?s={search_term_string}\"},\"query-input\":{\"@type\":\"PropertyValueSpecification\",\"valueRequired\":true,\"valueName\":\"search_term_string\"}}],\"inLanguage\":\"fr-FR\"},{\"@type\":\"Organization\",\"@id\":\"https:\/\/hubsch-interior.com\/fr\/#organization\",\"name\":\"H\u00fcbsch\",\"url\":\"https:\/\/hubsch-interior.com\/fr\/\",\"logo\":{\"@type\":\"ImageObject\",\"inLanguage\":\"fr-FR\",\"@id\":\"https:\/\/hubsch-interior.com\/fr\/#\/schema\/logo\/image\/\",\"url\":\"https:\/\/hubsch-interior.com\/wp-content\/uploads\/2022\/12\/Hubsch_logo_black_one_line.svg\",\"contentUrl\":\"https:\/\/hubsch-interior.com\/wp-content\/uploads\/2022\/12\/Hubsch_logo_black_one_line.svg\",\"caption\":\"H\u00fcbsch\"},\"image\":{\"@id\":\"https:\/\/hubsch-interior.com\/fr\/#\/schema\/logo\/image\/\"}}]}<\/script>\n<!-- \/ Yoast SEO plugin. -->","yoast_head_json":{"title":"Zigzag Paniers Noir (set de 2) - H\u00fcbsch","description":"Les paniers viennent par deux. La couleur fonc\u00e9e est cass\u00e9e par les d\u00e9tails en beige clair et marron, ce qui ajoute une touche \u00e9l\u00e9gante. Les paniers sont","robots":{"index":"index","follow":"follow","max-snippet":"max-snippet:-1","max-image-preview":"max-image-preview:large","max-video-preview":"max-video-preview:-1"},"canonical":"https:\/\/hubsch-interior.com\/fr\/wp-json\/wp\/v2\/product\/391800","og_locale":"fr_FR","og_type":"article","og_title":"Zigzag Paniers Noir (set de 2) - H\u00fcbsch","og_description":"Les paniers viennent par deux. La couleur fonc\u00e9e est cass\u00e9e par les d\u00e9tails en beige clair et marron, ce qui ajoute une touche \u00e9l\u00e9gante. Les paniers sont","og_url":"https:\/\/hubsch-interior.com\/fr\/produit\/zigzag-paniers-noir-set-de-2\/","og_site_name":"H\u00fcbsch","article_modified_time":"2026-04-09T02:35:40+00:00","og_image":[{"width":1200,"height":1200,"url":"https:\/\/hubsch-interior.com\/wp-content\/uploads\/2023\/08\/zigzag-baskets-blackorange-set-of-2-3629b0f056c88b1811ce8812c12677dc.jpg","type":"image\/jpeg"}],"twitter_card":"summary_large_image","schema":{"@context":"https:\/\/schema.org","@graph":[{"@type":"WebPage","@id":"https:\/\/hubsch-interior.com\/fr\/produit\/zigzag-paniers-noir-set-de-2\/","url":"https:\/\/hubsch-interior.com\/fr\/produit\/zigzag-paniers-noir-set-de-2\/","name":"Zigzag Paniers Noir (set de 2) - H\u00fcbsch","isPartOf":{"@id":"https:\/\/hubsch-interior.com\/fr\/#website"},"primaryImageOfPage":{"@id":"https:\/\/hubsch-interior.com\/fr\/produit\/zigzag-paniers-noir-set-de-2\/#primaryimage"},"image":{"@id":"https:\/\/hubsch-interior.com\/fr\/produit\/zigzag-paniers-noir-set-de-2\/#primaryimage"},"thumbnailUrl":"https:\/\/hubsch-interior.com\/wp-content\/uploads\/2026\/02\/zigzag-baskets-black-set-of-2-b78b266dad5b721e8b4bc335845cc599.jpg","datePublished":"2021-06-04T07:58:00+00:00","dateModified":"2026-04-09T02:35:40+00:00","description":"Les paniers viennent par deux. La couleur fonc\u00e9e est cass\u00e9e par les d\u00e9tails en beige clair et marron, ce qui ajoute une touche \u00e9l\u00e9gante. Les paniers sont","breadcrumb":{"@id":"https:\/\/hubsch-interior.com\/fr\/produit\/zigzag-paniers-noir-set-de-2\/#breadcrumb"},"inLanguage":"fr-FR","potentialAction":[{"@type":"ReadAction","target":["https:\/\/hubsch-interior.com\/fr\/produit\/zigzag-paniers-noir-set-de-2\/"]}]},{"@type":"ImageObject","inLanguage":"fr-FR","@id":"https:\/\/hubsch-interior.com\/fr\/produit\/zigzag-paniers-noir-set-de-2\/#primaryimage","url":"https:\/\/hubsch-interior.com\/wp-content\/uploads\/2026\/02\/zigzag-baskets-black-set-of-2-b78b266dad5b721e8b4bc335845cc599.jpg","contentUrl":"https:\/\/hubsch-interior.com\/wp-content\/uploads\/2026\/02\/zigzag-baskets-black-set-of-2-b78b266dad5b721e8b4bc335845cc599.jpg","width":1024,"height":1024},{"@type":"BreadcrumbList","@id":"https:\/\/hubsch-interior.com\/fr\/produit\/zigzag-paniers-noir-set-de-2\/#breadcrumb","itemListElement":[{"@type":"ListItem","position":1,"name":"Page d'accueil","item":"https:\/\/hubsch-interior.com\/fr\/"},{"@type":"ListItem","position":2,"name":"Produits","item":"https:\/\/hubsch-interior.com\/fr\/shop-2\/"},{"@type":"ListItem","position":3,"name":"Accessoires maison","item":"https:\/\/hubsch-interior.com\/fr\/categorie-produit\/accessoires-maison\/"},{"@type":"ListItem","position":4,"name":"Espace de rangement","item":"https:\/\/hubsch-interior.com\/fr\/categorie-produit\/accessoires-maison\/espace-de-rangement-fr\/"},{"@type":"ListItem","position":5,"name":"Paniers","item":"https:\/\/hubsch-interior.com\/fr\/categorie-produit\/accessoires-maison\/espace-de-rangement-fr\/paniers-fr\/"},{"@type":"ListItem","position":6,"name":"Zigzag Paniers Noir (set de 2)"}]},{"@type":"WebSite","@id":"https:\/\/hubsch-interior.com\/fr\/#website","url":"https:\/\/hubsch-interior.com\/fr\/","name":"H\u00fcbsch","description":"Danish Home Interior and Design","publisher":{"@id":"https:\/\/hubsch-interior.com\/fr\/#organization"},"potentialAction":[{"@type":"SearchAction","target":{"@type":"EntryPoint","urlTemplate":"https:\/\/hubsch-interior.com\/fr\/?s={search_term_string}"},"query-input":{"@type":"PropertyValueSpecification","valueRequired":true,"valueName":"search_term_string"}}],"inLanguage":"fr-FR"},{"@type":"Organization","@id":"https:\/\/hubsch-interior.com\/fr\/#organization","name":"H\u00fcbsch","url":"https:\/\/hubsch-interior.com\/fr\/","logo":{"@type":"ImageObject","inLanguage":"fr-FR","@id":"https:\/\/hubsch-interior.com\/fr\/#\/schema\/logo\/image\/","url":"https:\/\/hubsch-interior.com\/wp-content\/uploads\/2022\/12\/Hubsch_logo_black_one_line.svg","contentUrl":"https:\/\/hubsch-interior.com\/wp-content\/uploads\/2022\/12\/Hubsch_logo_black_one_line.svg","caption":"H\u00fcbsch"},"image":{"@id":"https:\/\/hubsch-interior.com\/fr\/#\/schema\/logo\/image\/"}}]}},"_links":{"self":[{"href":"https:\/\/hubsch-interior.com\/fr\/wp-json\/wp\/v2\/product\/391800","targetHints":{"allow":["GET"]}}],"collection":[{"href":"https:\/\/hubsch-interior.com\/fr\/wp-json\/wp\/v2\/product"}],"about":[{"href":"https:\/\/hubsch-interior.com\/fr\/wp-json\/wp\/v2\/types\/product"}],"wp:featuredmedia":[{"embeddable":true,"href":"https:\/\/hubsch-interior.com\/fr\/wp-json\/wp\/v2\/media\/1098330"}],"wp:attachment":[{"href":"https:\/\/hubsch-interior.com\/fr\/wp-json\/wp\/v2\/media?parent=391800"}],"wp:term":[{"taxonomy":"product_brand","embeddable":true,"href":"https:\/\/hubsch-interior.com\/fr\/wp-json\/wp\/v2\/product_brand?post=391800"},{"taxonomy":"product_cat","embeddable":true,"href":"https:\/\/hubsch-interior.com\/fr\/wp-json\/wp\/v2\/product_cat?post=391800"},{"taxonomy":"product_tag","embeddable":true,"href":"https:\/\/hubsch-interior.com\/fr\/wp-json\/wp\/v2\/product_tag?post=391800"}],"curies":[{"name":"wp","href":"https:\/\/api.w.org\/{rel}","templated":true}]}}