{"id":39202,"date":"2020-12-15T09:46:45","date_gmt":"2020-12-15T08:46:45","guid":{"rendered":"https:\/\/hubsch-interior.com\/product\/product-4\/"},"modified":"2026-04-09T04:46:29","modified_gmt":"2026-04-09T02:46:29","slug":"herringbone-table-console-portes-coulissantes-naturel","status":"publish","type":"product","link":"https:\/\/hubsch-interior.com\/fr\/produit\/herringbone-table-console-portes-coulissantes-naturel\/","title":{"rendered":"Herringbone Table console Portes Coulissantes Naturel"},"content":{"rendered":"<p>Cette table console portes coulissantes en bois naturel est parfaite pour ajouter une touche moderne \u00e0 votre int\u00e9rieur. Fabriqu\u00e9e en placage de ch\u00eane et en bois de ch\u00eane, elle est certifi\u00e9e FSC, ce qui signifie que les mat\u00e9riaux proviennent de for\u00eats g\u00e9r\u00e9es de mani\u00e8re durable. Sa forme Herringbone et sa finition naturelle en font une pi\u00e8ce intemporelle qui s\u2019adaptera \u00e0 tous les styles de d\u00e9cor. Une solution de rangement pratique, ce meuble sera le compl\u00e9ment parfait \u00e0 votre int\u00e9rieur.<\/p>\n","protected":false},"excerpt":{"rendered":"<p>Cette table console portes coulissantes en bois naturel est parfaite pour ajouter une touche moderne \u00e0 votre int\u00e9rieur. Fabriqu\u00e9e en placage de ch\u00eane et en bois de ch\u00eane, elle est certifi\u00e9e FSC, ce qui signifie que les mat\u00e9riaux proviennent de for\u00eats g\u00e9r\u00e9es de mani\u00e8re durable. Sa forme Herringbone et sa finition naturelle en font une [&hellip;]<\/p>\n","protected":false},"featured_media":1101434,"template":"","meta":{"_acf_changed":false,"inline_featured_image":false},"product_brand":[],"product_cat":[4920,5030,4001,6322,5026],"product_tag":[],"class_list":{"0":"post-39202","1":"product","2":"type-product","3":"status-publish","4":"has-post-thumbnail","6":"product_cat-commodes-buffets-fr","7":"product_cat-de-nouveau-en-stock-fr","8":"product_cat-etageres-et-meubles-de-rangement-fr","9":"product_cat-fsc-fr","10":"product_cat-bestsellers-fr","11":"product_shipping_class-p05","13":"pa_color-naturel-2","14":"pa_material-bois-de-chne-2","15":"pa_material-mdf-fr","16":"pa_material-placage-de-chne-2","18":"first","19":"instock","20":"featured","21":"taxable","22":"shipping-taxable","23":"purchasable","24":"product-type-simple"},"exclude_global_add_ons":[],"addons":[],"acf":[],"yoast_head":"<!-- This site is optimized with the Yoast SEO plugin v26.4 - https:\/\/yoast.com\/wordpress\/plugins\/seo\/ -->\n<title>Herringbone Table console Portes Coulissantes Naturel - H\u00fcbsch<\/title>\n<meta name=\"description\" content=\"Cette table console portes coulissantes en bois naturel est parfaite pour ajouter une touche moderne \u00e0 votre int\u00e9rieur. Fabriqu\u00e9e en placage de ch\u00eane et\" \/>\n<meta name=\"robots\" content=\"index, follow, max-snippet:-1, max-image-preview:large, max-video-preview:-1\" \/>\n<link rel=\"canonical\" href=\"https:\/\/hubsch-interior.com\/fr\/wp-json\/wp\/v2\/product\/39202\" \/>\n<meta property=\"og:locale\" content=\"fr_FR\" \/>\n<meta property=\"og:type\" content=\"article\" \/>\n<meta property=\"og:title\" content=\"Herringbone Table console Portes Coulissantes Naturel - H\u00fcbsch\" \/>\n<meta property=\"og:description\" content=\"Cette table console portes coulissantes en bois naturel est parfaite pour ajouter une touche moderne \u00e0 votre int\u00e9rieur. Fabriqu\u00e9e en placage de ch\u00eane et\" \/>\n<meta property=\"og:url\" content=\"https:\/\/hubsch-interior.com\/fr\/produit\/herringbone-table-console-portes-coulissantes-naturel\/\" \/>\n<meta property=\"og:site_name\" content=\"H\u00fcbsch\" \/>\n<meta property=\"article:modified_time\" content=\"2026-04-09T02:46:29+00:00\" \/>\n<meta property=\"og:image\" content=\"https:\/\/hubsch-interior.com\/wp-content\/uploads\/2024\/03\/herringbone-console-table-sliding-doors-natural-37d69bbac908c46f18d24eceefbcca22.jpg\" \/>\n\t<meta property=\"og:image:width\" content=\"1200\" \/>\n\t<meta property=\"og:image:height\" content=\"1200\" \/>\n\t<meta property=\"og:image:type\" content=\"image\/jpeg\" \/>\n<meta name=\"twitter:card\" content=\"summary_large_image\" \/>\n<script type=\"application\/ld+json\" class=\"yoast-schema-graph\">{\"@context\":\"https:\/\/schema.org\",\"@graph\":[{\"@type\":\"WebPage\",\"@id\":\"https:\/\/hubsch-interior.com\/fr\/produit\/herringbone-table-console-portes-coulissantes-naturel\/\",\"url\":\"https:\/\/hubsch-interior.com\/fr\/produit\/herringbone-table-console-portes-coulissantes-naturel\/\",\"name\":\"Herringbone Table console Portes Coulissantes Naturel - H\u00fcbsch\",\"isPartOf\":{\"@id\":\"https:\/\/hubsch-interior.com\/fr\/#website\"},\"primaryImageOfPage\":{\"@id\":\"https:\/\/hubsch-interior.com\/fr\/produit\/herringbone-table-console-portes-coulissantes-naturel\/#primaryimage\"},\"image\":{\"@id\":\"https:\/\/hubsch-interior.com\/fr\/produit\/herringbone-table-console-portes-coulissantes-naturel\/#primaryimage\"},\"thumbnailUrl\":\"https:\/\/hubsch-interior.com\/wp-content\/uploads\/2026\/02\/herringbone-console-table-sliding-doors-natural-6323325b96f50a3ef4490f0cddf44e37.jpg\",\"datePublished\":\"2020-12-15T08:46:45+00:00\",\"dateModified\":\"2026-04-09T02:46:29+00:00\",\"description\":\"Cette table console portes coulissantes en bois naturel est parfaite pour ajouter une touche moderne \u00e0 votre int\u00e9rieur. Fabriqu\u00e9e en placage de ch\u00eane et\",\"breadcrumb\":{\"@id\":\"https:\/\/hubsch-interior.com\/fr\/produit\/herringbone-table-console-portes-coulissantes-naturel\/#breadcrumb\"},\"inLanguage\":\"fr-FR\",\"potentialAction\":[{\"@type\":\"ReadAction\",\"target\":[\"https:\/\/hubsch-interior.com\/fr\/produit\/herringbone-table-console-portes-coulissantes-naturel\/\"]}]},{\"@type\":\"ImageObject\",\"inLanguage\":\"fr-FR\",\"@id\":\"https:\/\/hubsch-interior.com\/fr\/produit\/herringbone-table-console-portes-coulissantes-naturel\/#primaryimage\",\"url\":\"https:\/\/hubsch-interior.com\/wp-content\/uploads\/2026\/02\/herringbone-console-table-sliding-doors-natural-6323325b96f50a3ef4490f0cddf44e37.jpg\",\"contentUrl\":\"https:\/\/hubsch-interior.com\/wp-content\/uploads\/2026\/02\/herringbone-console-table-sliding-doors-natural-6323325b96f50a3ef4490f0cddf44e37.jpg\",\"width\":1024,\"height\":1024},{\"@type\":\"BreadcrumbList\",\"@id\":\"https:\/\/hubsch-interior.com\/fr\/produit\/herringbone-table-console-portes-coulissantes-naturel\/#breadcrumb\",\"itemListElement\":[{\"@type\":\"ListItem\",\"position\":1,\"name\":\"Page d'accueil\",\"item\":\"https:\/\/hubsch-interior.com\/fr\/\"},{\"@type\":\"ListItem\",\"position\":2,\"name\":\"Produits\",\"item\":\"https:\/\/hubsch-interior.com\/fr\/shop-2\/\"},{\"@type\":\"ListItem\",\"position\":3,\"name\":\"Meubles\",\"item\":\"https:\/\/hubsch-interior.com\/fr\/categorie-produit\/meubles\/\"},{\"@type\":\"ListItem\",\"position\":4,\"name\":\"Etag&egrave;res et meubles de rangement\",\"item\":\"https:\/\/hubsch-interior.com\/fr\/categorie-produit\/meubles\/etageres-et-meubles-de-rangement-fr\/\"},{\"@type\":\"ListItem\",\"position\":5,\"name\":\"Commodes &amp; buffets\",\"item\":\"https:\/\/hubsch-interior.com\/fr\/categorie-produit\/meubles\/etageres-et-meubles-de-rangement-fr\/commodes-buffets-fr\/\"},{\"@type\":\"ListItem\",\"position\":6,\"name\":\"Herringbone Table console Portes Coulissantes Naturel\"}]},{\"@type\":\"WebSite\",\"@id\":\"https:\/\/hubsch-interior.com\/fr\/#website\",\"url\":\"https:\/\/hubsch-interior.com\/fr\/\",\"name\":\"H\u00fcbsch\",\"description\":\"Danish Home Interior and Design\",\"publisher\":{\"@id\":\"https:\/\/hubsch-interior.com\/fr\/#organization\"},\"potentialAction\":[{\"@type\":\"SearchAction\",\"target\":{\"@type\":\"EntryPoint\",\"urlTemplate\":\"https:\/\/hubsch-interior.com\/fr\/?s={search_term_string}\"},\"query-input\":{\"@type\":\"PropertyValueSpecification\",\"valueRequired\":true,\"valueName\":\"search_term_string\"}}],\"inLanguage\":\"fr-FR\"},{\"@type\":\"Organization\",\"@id\":\"https:\/\/hubsch-interior.com\/fr\/#organization\",\"name\":\"H\u00fcbsch\",\"url\":\"https:\/\/hubsch-interior.com\/fr\/\",\"logo\":{\"@type\":\"ImageObject\",\"inLanguage\":\"fr-FR\",\"@id\":\"https:\/\/hubsch-interior.com\/fr\/#\/schema\/logo\/image\/\",\"url\":\"https:\/\/hubsch-interior.com\/wp-content\/uploads\/2022\/12\/Hubsch_logo_black_one_line.svg\",\"contentUrl\":\"https:\/\/hubsch-interior.com\/wp-content\/uploads\/2022\/12\/Hubsch_logo_black_one_line.svg\",\"caption\":\"H\u00fcbsch\"},\"image\":{\"@id\":\"https:\/\/hubsch-interior.com\/fr\/#\/schema\/logo\/image\/\"}}]}<\/script>\n<!-- \/ Yoast SEO plugin. -->","yoast_head_json":{"title":"Herringbone Table console Portes Coulissantes Naturel - H\u00fcbsch","description":"Cette table console portes coulissantes en bois naturel est parfaite pour ajouter une touche moderne \u00e0 votre int\u00e9rieur. Fabriqu\u00e9e en placage de ch\u00eane et","robots":{"index":"index","follow":"follow","max-snippet":"max-snippet:-1","max-image-preview":"max-image-preview:large","max-video-preview":"max-video-preview:-1"},"canonical":"https:\/\/hubsch-interior.com\/fr\/wp-json\/wp\/v2\/product\/39202","og_locale":"fr_FR","og_type":"article","og_title":"Herringbone Table console Portes Coulissantes Naturel - H\u00fcbsch","og_description":"Cette table console portes coulissantes en bois naturel est parfaite pour ajouter une touche moderne \u00e0 votre int\u00e9rieur. Fabriqu\u00e9e en placage de ch\u00eane et","og_url":"https:\/\/hubsch-interior.com\/fr\/produit\/herringbone-table-console-portes-coulissantes-naturel\/","og_site_name":"H\u00fcbsch","article_modified_time":"2026-04-09T02:46:29+00:00","og_image":[{"width":1200,"height":1200,"url":"https:\/\/hubsch-interior.com\/wp-content\/uploads\/2024\/03\/herringbone-console-table-sliding-doors-natural-37d69bbac908c46f18d24eceefbcca22.jpg","type":"image\/jpeg"}],"twitter_card":"summary_large_image","schema":{"@context":"https:\/\/schema.org","@graph":[{"@type":"WebPage","@id":"https:\/\/hubsch-interior.com\/fr\/produit\/herringbone-table-console-portes-coulissantes-naturel\/","url":"https:\/\/hubsch-interior.com\/fr\/produit\/herringbone-table-console-portes-coulissantes-naturel\/","name":"Herringbone Table console Portes Coulissantes Naturel - H\u00fcbsch","isPartOf":{"@id":"https:\/\/hubsch-interior.com\/fr\/#website"},"primaryImageOfPage":{"@id":"https:\/\/hubsch-interior.com\/fr\/produit\/herringbone-table-console-portes-coulissantes-naturel\/#primaryimage"},"image":{"@id":"https:\/\/hubsch-interior.com\/fr\/produit\/herringbone-table-console-portes-coulissantes-naturel\/#primaryimage"},"thumbnailUrl":"https:\/\/hubsch-interior.com\/wp-content\/uploads\/2026\/02\/herringbone-console-table-sliding-doors-natural-6323325b96f50a3ef4490f0cddf44e37.jpg","datePublished":"2020-12-15T08:46:45+00:00","dateModified":"2026-04-09T02:46:29+00:00","description":"Cette table console portes coulissantes en bois naturel est parfaite pour ajouter une touche moderne \u00e0 votre int\u00e9rieur. Fabriqu\u00e9e en placage de ch\u00eane et","breadcrumb":{"@id":"https:\/\/hubsch-interior.com\/fr\/produit\/herringbone-table-console-portes-coulissantes-naturel\/#breadcrumb"},"inLanguage":"fr-FR","potentialAction":[{"@type":"ReadAction","target":["https:\/\/hubsch-interior.com\/fr\/produit\/herringbone-table-console-portes-coulissantes-naturel\/"]}]},{"@type":"ImageObject","inLanguage":"fr-FR","@id":"https:\/\/hubsch-interior.com\/fr\/produit\/herringbone-table-console-portes-coulissantes-naturel\/#primaryimage","url":"https:\/\/hubsch-interior.com\/wp-content\/uploads\/2026\/02\/herringbone-console-table-sliding-doors-natural-6323325b96f50a3ef4490f0cddf44e37.jpg","contentUrl":"https:\/\/hubsch-interior.com\/wp-content\/uploads\/2026\/02\/herringbone-console-table-sliding-doors-natural-6323325b96f50a3ef4490f0cddf44e37.jpg","width":1024,"height":1024},{"@type":"BreadcrumbList","@id":"https:\/\/hubsch-interior.com\/fr\/produit\/herringbone-table-console-portes-coulissantes-naturel\/#breadcrumb","itemListElement":[{"@type":"ListItem","position":1,"name":"Page d'accueil","item":"https:\/\/hubsch-interior.com\/fr\/"},{"@type":"ListItem","position":2,"name":"Produits","item":"https:\/\/hubsch-interior.com\/fr\/shop-2\/"},{"@type":"ListItem","position":3,"name":"Meubles","item":"https:\/\/hubsch-interior.com\/fr\/categorie-produit\/meubles\/"},{"@type":"ListItem","position":4,"name":"Etag&egrave;res et meubles de rangement","item":"https:\/\/hubsch-interior.com\/fr\/categorie-produit\/meubles\/etageres-et-meubles-de-rangement-fr\/"},{"@type":"ListItem","position":5,"name":"Commodes &amp; buffets","item":"https:\/\/hubsch-interior.com\/fr\/categorie-produit\/meubles\/etageres-et-meubles-de-rangement-fr\/commodes-buffets-fr\/"},{"@type":"ListItem","position":6,"name":"Herringbone Table console Portes Coulissantes Naturel"}]},{"@type":"WebSite","@id":"https:\/\/hubsch-interior.com\/fr\/#website","url":"https:\/\/hubsch-interior.com\/fr\/","name":"H\u00fcbsch","description":"Danish Home Interior and Design","publisher":{"@id":"https:\/\/hubsch-interior.com\/fr\/#organization"},"potentialAction":[{"@type":"SearchAction","target":{"@type":"EntryPoint","urlTemplate":"https:\/\/hubsch-interior.com\/fr\/?s={search_term_string}"},"query-input":{"@type":"PropertyValueSpecification","valueRequired":true,"valueName":"search_term_string"}}],"inLanguage":"fr-FR"},{"@type":"Organization","@id":"https:\/\/hubsch-interior.com\/fr\/#organization","name":"H\u00fcbsch","url":"https:\/\/hubsch-interior.com\/fr\/","logo":{"@type":"ImageObject","inLanguage":"fr-FR","@id":"https:\/\/hubsch-interior.com\/fr\/#\/schema\/logo\/image\/","url":"https:\/\/hubsch-interior.com\/wp-content\/uploads\/2022\/12\/Hubsch_logo_black_one_line.svg","contentUrl":"https:\/\/hubsch-interior.com\/wp-content\/uploads\/2022\/12\/Hubsch_logo_black_one_line.svg","caption":"H\u00fcbsch"},"image":{"@id":"https:\/\/hubsch-interior.com\/fr\/#\/schema\/logo\/image\/"}}]}},"_links":{"self":[{"href":"https:\/\/hubsch-interior.com\/fr\/wp-json\/wp\/v2\/product\/39202","targetHints":{"allow":["GET"]}}],"collection":[{"href":"https:\/\/hubsch-interior.com\/fr\/wp-json\/wp\/v2\/product"}],"about":[{"href":"https:\/\/hubsch-interior.com\/fr\/wp-json\/wp\/v2\/types\/product"}],"wp:featuredmedia":[{"embeddable":true,"href":"https:\/\/hubsch-interior.com\/fr\/wp-json\/wp\/v2\/media\/1101434"}],"wp:attachment":[{"href":"https:\/\/hubsch-interior.com\/fr\/wp-json\/wp\/v2\/media?parent=39202"}],"wp:term":[{"taxonomy":"product_brand","embeddable":true,"href":"https:\/\/hubsch-interior.com\/fr\/wp-json\/wp\/v2\/product_brand?post=39202"},{"taxonomy":"product_cat","embeddable":true,"href":"https:\/\/hubsch-interior.com\/fr\/wp-json\/wp\/v2\/product_cat?post=39202"},{"taxonomy":"product_tag","embeddable":true,"href":"https:\/\/hubsch-interior.com\/fr\/wp-json\/wp\/v2\/product_tag?post=39202"}],"curies":[{"name":"wp","href":"https:\/\/api.w.org\/{rel}","templated":true}]}}