{"id":39210,"date":"2020-12-15T09:47:12","date_gmt":"2020-12-15T08:47:12","guid":{"rendered":"https:\/\/hubsch-interior.com\/product\/product-6\/"},"modified":"2026-04-09T04:47:02","modified_gmt":"2026-04-09T02:47:02","slug":"crescent-miroir-mural-ovale-naturel","status":"publish","type":"product","link":"https:\/\/hubsch-interior.com\/fr\/produit\/crescent-miroir-mural-ovale-naturel\/","title":{"rendered":"Crescent Miroir mural Ovale Naturel"},"content":{"rendered":"<p>Le miroir mural ovale naturel Crescent est un produit unique et \u00e9l\u00e9gant. Fabriqu\u00e9 \u00e0 partir de verre miroir et de placage de ch\u00eane, ce miroir mural est FSC certifi\u00e9 et apporte une touche d&#8217;\u00e9clat et de style \u00e0 n&#8217;importe quelle pi\u00e8ce. Il est con\u00e7u pour \u00eatre robuste et durable, offrant une finition haut de gamme qui compl\u00e9tera votre d\u00e9cor int\u00e9rieur. Une d\u00e9coration chic et contemporaine qui s&#8217;int\u00e9grera parfaitement \u00e0 votre int\u00e9rieur. Offrant une grande valeur et une qualit\u00e9 sup\u00e9rieure, le miroir mural ovale naturel Crescent est une excellente option pour votre maison.<\/p>\n","protected":false},"excerpt":{"rendered":"<p>Le miroir mural ovale naturel Crescent est un produit unique et \u00e9l\u00e9gant. Fabriqu\u00e9 \u00e0 partir de verre miroir et de placage de ch\u00eane, ce miroir mural est FSC certifi\u00e9 et apporte une touche d&#8217;\u00e9clat et de style \u00e0 n&#8217;importe quelle pi\u00e8ce. Il est con\u00e7u pour \u00eatre robuste et durable, offrant une finition haut de gamme [&hellip;]<\/p>\n","protected":false},"featured_media":1101563,"template":"","meta":{"_acf_changed":false,"inline_featured_image":false},"product_brand":[],"product_cat":[6322,2923,2924],"product_tag":[],"class_list":{"0":"post-39210","1":"product","2":"type-product","3":"status-publish","4":"has-post-thumbnail","6":"product_cat-fsc-fr","7":"product_cat-miroirs-fr","8":"product_cat-miroirs-muraux-fr","9":"product_shipping_class-pk","11":"pa_color-naturel-2","12":"pa_material-mdf-fr","13":"pa_material-verre","14":"pa_material-placage-de-chne-2","16":"first","17":"instock","18":"taxable","19":"shipping-taxable","20":"purchasable","21":"product-type-simple"},"exclude_global_add_ons":[],"addons":[],"acf":[],"yoast_head":"<!-- This site is optimized with the Yoast SEO plugin v26.4 - https:\/\/yoast.com\/wordpress\/plugins\/seo\/ -->\n<title>Crescent Miroir mural Ovale Naturel - H\u00fcbsch<\/title>\n<meta name=\"description\" content=\"Le miroir mural ovale naturel Crescent est un produit unique et \u00e9l\u00e9gant. Fabriqu\u00e9 \u00e0 partir de verre miroir et de placage de ch\u00eane, ce miroir mural est FSC\" \/>\n<meta name=\"robots\" content=\"index, follow, max-snippet:-1, max-image-preview:large, max-video-preview:-1\" \/>\n<link rel=\"canonical\" href=\"https:\/\/hubsch-interior.com\/fr\/wp-json\/wp\/v2\/product\/39210\" \/>\n<meta property=\"og:locale\" content=\"fr_FR\" \/>\n<meta property=\"og:type\" content=\"article\" \/>\n<meta property=\"og:title\" content=\"Crescent Miroir mural Ovale Naturel - H\u00fcbsch\" \/>\n<meta property=\"og:description\" content=\"Le miroir mural ovale naturel Crescent est un produit unique et \u00e9l\u00e9gant. Fabriqu\u00e9 \u00e0 partir de verre miroir et de placage de ch\u00eane, ce miroir mural est FSC\" \/>\n<meta property=\"og:url\" content=\"https:\/\/hubsch-interior.com\/fr\/produit\/crescent-miroir-mural-ovale-naturel\/\" \/>\n<meta property=\"og:site_name\" content=\"H\u00fcbsch\" \/>\n<meta property=\"article:modified_time\" content=\"2026-04-09T02:47:02+00:00\" \/>\n<meta property=\"og:image\" content=\"https:\/\/hubsch-interior.com\/wp-content\/uploads\/2023\/08\/crescent-wall-mirror-oval-natural-275c972d6f11d39f300b194e22ed7bd5.jpg\" \/>\n\t<meta property=\"og:image:width\" content=\"1200\" \/>\n\t<meta property=\"og:image:height\" content=\"1200\" \/>\n\t<meta property=\"og:image:type\" content=\"image\/jpeg\" \/>\n<meta name=\"twitter:card\" content=\"summary_large_image\" \/>\n<meta name=\"twitter:label1\" content=\"Dur\u00e9e de lecture estim\u00e9e\" \/>\n\t<meta name=\"twitter:data1\" content=\"1 minute\" \/>\n<script type=\"application\/ld+json\" class=\"yoast-schema-graph\">{\"@context\":\"https:\/\/schema.org\",\"@graph\":[{\"@type\":\"WebPage\",\"@id\":\"https:\/\/hubsch-interior.com\/fr\/produit\/crescent-miroir-mural-ovale-naturel\/\",\"url\":\"https:\/\/hubsch-interior.com\/fr\/produit\/crescent-miroir-mural-ovale-naturel\/\",\"name\":\"Crescent Miroir mural Ovale Naturel - H\u00fcbsch\",\"isPartOf\":{\"@id\":\"https:\/\/hubsch-interior.com\/fr\/#website\"},\"primaryImageOfPage\":{\"@id\":\"https:\/\/hubsch-interior.com\/fr\/produit\/crescent-miroir-mural-ovale-naturel\/#primaryimage\"},\"image\":{\"@id\":\"https:\/\/hubsch-interior.com\/fr\/produit\/crescent-miroir-mural-ovale-naturel\/#primaryimage\"},\"thumbnailUrl\":\"https:\/\/hubsch-interior.com\/wp-content\/uploads\/2026\/02\/crescent-wall-mirror-oval-natural-0860b09df251f107740359dd9cbf1f3b.jpg\",\"datePublished\":\"2020-12-15T08:47:12+00:00\",\"dateModified\":\"2026-04-09T02:47:02+00:00\",\"description\":\"Le miroir mural ovale naturel Crescent est un produit unique et \u00e9l\u00e9gant. Fabriqu\u00e9 \u00e0 partir de verre miroir et de placage de ch\u00eane, ce miroir mural est FSC\",\"breadcrumb\":{\"@id\":\"https:\/\/hubsch-interior.com\/fr\/produit\/crescent-miroir-mural-ovale-naturel\/#breadcrumb\"},\"inLanguage\":\"fr-FR\",\"potentialAction\":[{\"@type\":\"ReadAction\",\"target\":[\"https:\/\/hubsch-interior.com\/fr\/produit\/crescent-miroir-mural-ovale-naturel\/\"]}]},{\"@type\":\"ImageObject\",\"inLanguage\":\"fr-FR\",\"@id\":\"https:\/\/hubsch-interior.com\/fr\/produit\/crescent-miroir-mural-ovale-naturel\/#primaryimage\",\"url\":\"https:\/\/hubsch-interior.com\/wp-content\/uploads\/2026\/02\/crescent-wall-mirror-oval-natural-0860b09df251f107740359dd9cbf1f3b.jpg\",\"contentUrl\":\"https:\/\/hubsch-interior.com\/wp-content\/uploads\/2026\/02\/crescent-wall-mirror-oval-natural-0860b09df251f107740359dd9cbf1f3b.jpg\",\"width\":1024,\"height\":1024},{\"@type\":\"BreadcrumbList\",\"@id\":\"https:\/\/hubsch-interior.com\/fr\/produit\/crescent-miroir-mural-ovale-naturel\/#breadcrumb\",\"itemListElement\":[{\"@type\":\"ListItem\",\"position\":1,\"name\":\"Page d'accueil\",\"item\":\"https:\/\/hubsch-interior.com\/fr\/\"},{\"@type\":\"ListItem\",\"position\":2,\"name\":\"Produits\",\"item\":\"https:\/\/hubsch-interior.com\/fr\/shop-2\/\"},{\"@type\":\"ListItem\",\"position\":3,\"name\":\"Accessoires maison\",\"item\":\"https:\/\/hubsch-interior.com\/fr\/categorie-produit\/accessoires-maison\/\"},{\"@type\":\"ListItem\",\"position\":4,\"name\":\"Miroirs\",\"item\":\"https:\/\/hubsch-interior.com\/fr\/categorie-produit\/accessoires-maison\/miroirs-fr\/\"},{\"@type\":\"ListItem\",\"position\":5,\"name\":\"Miroirs muraux\",\"item\":\"https:\/\/hubsch-interior.com\/fr\/categorie-produit\/accessoires-maison\/miroirs-fr\/miroirs-muraux-fr\/\"},{\"@type\":\"ListItem\",\"position\":6,\"name\":\"Crescent Miroir mural Ovale Naturel\"}]},{\"@type\":\"WebSite\",\"@id\":\"https:\/\/hubsch-interior.com\/fr\/#website\",\"url\":\"https:\/\/hubsch-interior.com\/fr\/\",\"name\":\"H\u00fcbsch\",\"description\":\"Danish Home Interior and Design\",\"publisher\":{\"@id\":\"https:\/\/hubsch-interior.com\/fr\/#organization\"},\"potentialAction\":[{\"@type\":\"SearchAction\",\"target\":{\"@type\":\"EntryPoint\",\"urlTemplate\":\"https:\/\/hubsch-interior.com\/fr\/?s={search_term_string}\"},\"query-input\":{\"@type\":\"PropertyValueSpecification\",\"valueRequired\":true,\"valueName\":\"search_term_string\"}}],\"inLanguage\":\"fr-FR\"},{\"@type\":\"Organization\",\"@id\":\"https:\/\/hubsch-interior.com\/fr\/#organization\",\"name\":\"H\u00fcbsch\",\"url\":\"https:\/\/hubsch-interior.com\/fr\/\",\"logo\":{\"@type\":\"ImageObject\",\"inLanguage\":\"fr-FR\",\"@id\":\"https:\/\/hubsch-interior.com\/fr\/#\/schema\/logo\/image\/\",\"url\":\"https:\/\/hubsch-interior.com\/wp-content\/uploads\/2022\/12\/Hubsch_logo_black_one_line.svg\",\"contentUrl\":\"https:\/\/hubsch-interior.com\/wp-content\/uploads\/2022\/12\/Hubsch_logo_black_one_line.svg\",\"caption\":\"H\u00fcbsch\"},\"image\":{\"@id\":\"https:\/\/hubsch-interior.com\/fr\/#\/schema\/logo\/image\/\"}}]}<\/script>\n<!-- \/ Yoast SEO plugin. -->","yoast_head_json":{"title":"Crescent Miroir mural Ovale Naturel - H\u00fcbsch","description":"Le miroir mural ovale naturel Crescent est un produit unique et \u00e9l\u00e9gant. Fabriqu\u00e9 \u00e0 partir de verre miroir et de placage de ch\u00eane, ce miroir mural est FSC","robots":{"index":"index","follow":"follow","max-snippet":"max-snippet:-1","max-image-preview":"max-image-preview:large","max-video-preview":"max-video-preview:-1"},"canonical":"https:\/\/hubsch-interior.com\/fr\/wp-json\/wp\/v2\/product\/39210","og_locale":"fr_FR","og_type":"article","og_title":"Crescent Miroir mural Ovale Naturel - H\u00fcbsch","og_description":"Le miroir mural ovale naturel Crescent est un produit unique et \u00e9l\u00e9gant. Fabriqu\u00e9 \u00e0 partir de verre miroir et de placage de ch\u00eane, ce miroir mural est FSC","og_url":"https:\/\/hubsch-interior.com\/fr\/produit\/crescent-miroir-mural-ovale-naturel\/","og_site_name":"H\u00fcbsch","article_modified_time":"2026-04-09T02:47:02+00:00","og_image":[{"width":1200,"height":1200,"url":"https:\/\/hubsch-interior.com\/wp-content\/uploads\/2023\/08\/crescent-wall-mirror-oval-natural-275c972d6f11d39f300b194e22ed7bd5.jpg","type":"image\/jpeg"}],"twitter_card":"summary_large_image","twitter_misc":{"Dur\u00e9e de lecture estim\u00e9e":"1 minute"},"schema":{"@context":"https:\/\/schema.org","@graph":[{"@type":"WebPage","@id":"https:\/\/hubsch-interior.com\/fr\/produit\/crescent-miroir-mural-ovale-naturel\/","url":"https:\/\/hubsch-interior.com\/fr\/produit\/crescent-miroir-mural-ovale-naturel\/","name":"Crescent Miroir mural Ovale Naturel - H\u00fcbsch","isPartOf":{"@id":"https:\/\/hubsch-interior.com\/fr\/#website"},"primaryImageOfPage":{"@id":"https:\/\/hubsch-interior.com\/fr\/produit\/crescent-miroir-mural-ovale-naturel\/#primaryimage"},"image":{"@id":"https:\/\/hubsch-interior.com\/fr\/produit\/crescent-miroir-mural-ovale-naturel\/#primaryimage"},"thumbnailUrl":"https:\/\/hubsch-interior.com\/wp-content\/uploads\/2026\/02\/crescent-wall-mirror-oval-natural-0860b09df251f107740359dd9cbf1f3b.jpg","datePublished":"2020-12-15T08:47:12+00:00","dateModified":"2026-04-09T02:47:02+00:00","description":"Le miroir mural ovale naturel Crescent est un produit unique et \u00e9l\u00e9gant. Fabriqu\u00e9 \u00e0 partir de verre miroir et de placage de ch\u00eane, ce miroir mural est FSC","breadcrumb":{"@id":"https:\/\/hubsch-interior.com\/fr\/produit\/crescent-miroir-mural-ovale-naturel\/#breadcrumb"},"inLanguage":"fr-FR","potentialAction":[{"@type":"ReadAction","target":["https:\/\/hubsch-interior.com\/fr\/produit\/crescent-miroir-mural-ovale-naturel\/"]}]},{"@type":"ImageObject","inLanguage":"fr-FR","@id":"https:\/\/hubsch-interior.com\/fr\/produit\/crescent-miroir-mural-ovale-naturel\/#primaryimage","url":"https:\/\/hubsch-interior.com\/wp-content\/uploads\/2026\/02\/crescent-wall-mirror-oval-natural-0860b09df251f107740359dd9cbf1f3b.jpg","contentUrl":"https:\/\/hubsch-interior.com\/wp-content\/uploads\/2026\/02\/crescent-wall-mirror-oval-natural-0860b09df251f107740359dd9cbf1f3b.jpg","width":1024,"height":1024},{"@type":"BreadcrumbList","@id":"https:\/\/hubsch-interior.com\/fr\/produit\/crescent-miroir-mural-ovale-naturel\/#breadcrumb","itemListElement":[{"@type":"ListItem","position":1,"name":"Page d'accueil","item":"https:\/\/hubsch-interior.com\/fr\/"},{"@type":"ListItem","position":2,"name":"Produits","item":"https:\/\/hubsch-interior.com\/fr\/shop-2\/"},{"@type":"ListItem","position":3,"name":"Accessoires maison","item":"https:\/\/hubsch-interior.com\/fr\/categorie-produit\/accessoires-maison\/"},{"@type":"ListItem","position":4,"name":"Miroirs","item":"https:\/\/hubsch-interior.com\/fr\/categorie-produit\/accessoires-maison\/miroirs-fr\/"},{"@type":"ListItem","position":5,"name":"Miroirs muraux","item":"https:\/\/hubsch-interior.com\/fr\/categorie-produit\/accessoires-maison\/miroirs-fr\/miroirs-muraux-fr\/"},{"@type":"ListItem","position":6,"name":"Crescent Miroir mural Ovale Naturel"}]},{"@type":"WebSite","@id":"https:\/\/hubsch-interior.com\/fr\/#website","url":"https:\/\/hubsch-interior.com\/fr\/","name":"H\u00fcbsch","description":"Danish Home Interior and Design","publisher":{"@id":"https:\/\/hubsch-interior.com\/fr\/#organization"},"potentialAction":[{"@type":"SearchAction","target":{"@type":"EntryPoint","urlTemplate":"https:\/\/hubsch-interior.com\/fr\/?s={search_term_string}"},"query-input":{"@type":"PropertyValueSpecification","valueRequired":true,"valueName":"search_term_string"}}],"inLanguage":"fr-FR"},{"@type":"Organization","@id":"https:\/\/hubsch-interior.com\/fr\/#organization","name":"H\u00fcbsch","url":"https:\/\/hubsch-interior.com\/fr\/","logo":{"@type":"ImageObject","inLanguage":"fr-FR","@id":"https:\/\/hubsch-interior.com\/fr\/#\/schema\/logo\/image\/","url":"https:\/\/hubsch-interior.com\/wp-content\/uploads\/2022\/12\/Hubsch_logo_black_one_line.svg","contentUrl":"https:\/\/hubsch-interior.com\/wp-content\/uploads\/2022\/12\/Hubsch_logo_black_one_line.svg","caption":"H\u00fcbsch"},"image":{"@id":"https:\/\/hubsch-interior.com\/fr\/#\/schema\/logo\/image\/"}}]}},"_links":{"self":[{"href":"https:\/\/hubsch-interior.com\/fr\/wp-json\/wp\/v2\/product\/39210","targetHints":{"allow":["GET"]}}],"collection":[{"href":"https:\/\/hubsch-interior.com\/fr\/wp-json\/wp\/v2\/product"}],"about":[{"href":"https:\/\/hubsch-interior.com\/fr\/wp-json\/wp\/v2\/types\/product"}],"wp:featuredmedia":[{"embeddable":true,"href":"https:\/\/hubsch-interior.com\/fr\/wp-json\/wp\/v2\/media\/1101563"}],"wp:attachment":[{"href":"https:\/\/hubsch-interior.com\/fr\/wp-json\/wp\/v2\/media?parent=39210"}],"wp:term":[{"taxonomy":"product_brand","embeddable":true,"href":"https:\/\/hubsch-interior.com\/fr\/wp-json\/wp\/v2\/product_brand?post=39210"},{"taxonomy":"product_cat","embeddable":true,"href":"https:\/\/hubsch-interior.com\/fr\/wp-json\/wp\/v2\/product_cat?post=39210"},{"taxonomy":"product_tag","embeddable":true,"href":"https:\/\/hubsch-interior.com\/fr\/wp-json\/wp\/v2\/product_tag?post=39210"}],"curies":[{"name":"wp","href":"https:\/\/api.w.org\/{rel}","templated":true}]}}