{"id":392304,"date":"2021-06-04T10:00:10","date_gmt":"2021-06-04T08:00:10","guid":{"rendered":"https:\/\/hubsch-interior.com\/shop-b2c\/product\/product-6\/"},"modified":"2026-04-10T04:36:41","modified_gmt":"2026-04-10T02:36:41","slug":"ivy-vase-ambre","status":"publish","type":"product","link":"https:\/\/hubsch-interior.com\/fr\/produit\/ivy-vase-ambre\/","title":{"rendered":"Ivy Vase Ambre"},"content":{"rendered":"<p>Vase en verre couleur ambre. Ce vase sublimera votre int\u00e9rieur avec ou sans fleurs. Placez-le sur une table \u00e0 manger ou sur un rebord de fen\u00eatre pour apporter une touche d\u2019\u00e9l\u00e9gance. Il convient \u00e0 plusieurs styles de d\u00e9cor. Ce produit est fait \u00e0 la main et peut donc varier.<\/p>\n","protected":false},"excerpt":{"rendered":"<p>Vase en verre couleur ambre. Ce vase sublimera votre int\u00e9rieur avec ou sans fleurs. Placez-le sur une table \u00e0 manger ou sur un rebord de fen\u00eatre pour apporter une touche d\u2019\u00e9l\u00e9gance. Il convient \u00e0 plusieurs styles de d\u00e9cor. Ce produit est fait \u00e0 la main et peut donc varier.<\/p>\n","protected":false},"featured_media":1098674,"template":"","meta":{"_acf_changed":false,"inline_featured_image":false},"product_brand":[],"product_cat":[3154,5026,6535],"product_tag":[],"class_list":{"0":"post-392304","1":"product","2":"type-product","3":"status-publish","4":"has-post-thumbnail","6":"product_cat-vases-fr","7":"product_cat-bestsellers-fr","8":"product_cat-outlet-fr","9":"product_shipping_class-pk","11":"pa_color-ambre","12":"pa_material-verre-fr","14":"first","15":"instock","16":"sale","17":"featured","18":"taxable","19":"shipping-taxable","20":"purchasable","21":"product-type-simple"},"exclude_global_add_ons":[],"addons":[],"acf":[],"yoast_head":"<!-- This site is optimized with the Yoast SEO plugin v26.4 - https:\/\/yoast.com\/wordpress\/plugins\/seo\/ -->\n<title>Ivy Vase Ambre - H\u00fcbsch<\/title>\n<meta name=\"description\" content=\"Vase en verre couleur ambre. Ce vase sublimera votre int\u00e9rieur avec ou sans fleurs. Placez-le sur une table \u00e0 manger ou sur un rebord de fen\u00eatre pour\" \/>\n<meta name=\"robots\" content=\"index, follow, max-snippet:-1, max-image-preview:large, max-video-preview:-1\" \/>\n<link rel=\"canonical\" href=\"https:\/\/hubsch-interior.com\/fr\/wp-json\/wp\/v2\/product\/392304\" \/>\n<meta property=\"og:locale\" content=\"fr_FR\" \/>\n<meta property=\"og:type\" content=\"article\" \/>\n<meta property=\"og:title\" content=\"Ivy Vase Ambre - H\u00fcbsch\" \/>\n<meta property=\"og:description\" content=\"Vase en verre couleur ambre. Ce vase sublimera votre int\u00e9rieur avec ou sans fleurs. Placez-le sur une table \u00e0 manger ou sur un rebord de fen\u00eatre pour\" \/>\n<meta property=\"og:url\" content=\"https:\/\/hubsch-interior.com\/fr\/produit\/ivy-vase-ambre\/\" \/>\n<meta property=\"og:site_name\" content=\"H\u00fcbsch\" \/>\n<meta property=\"article:modified_time\" content=\"2026-04-10T02:36:41+00:00\" \/>\n<meta property=\"og:image\" content=\"https:\/\/hubsch-interior.com\/wp-content\/uploads\/2024\/01\/ivy-vase-amber-af8b3f8aa2d2b5160444c3a60cc8bb50.jpg\" \/>\n\t<meta property=\"og:image:width\" content=\"1200\" \/>\n\t<meta property=\"og:image:height\" content=\"1200\" \/>\n\t<meta property=\"og:image:type\" content=\"image\/jpeg\" \/>\n<meta name=\"twitter:card\" content=\"summary_large_image\" \/>\n<script type=\"application\/ld+json\" class=\"yoast-schema-graph\">{\"@context\":\"https:\/\/schema.org\",\"@graph\":[{\"@type\":\"WebPage\",\"@id\":\"https:\/\/hubsch-interior.com\/fr\/produit\/ivy-vase-ambre\/\",\"url\":\"https:\/\/hubsch-interior.com\/fr\/produit\/ivy-vase-ambre\/\",\"name\":\"Ivy Vase Ambre - H\u00fcbsch\",\"isPartOf\":{\"@id\":\"https:\/\/hubsch-interior.com\/fr\/#website\"},\"primaryImageOfPage\":{\"@id\":\"https:\/\/hubsch-interior.com\/fr\/produit\/ivy-vase-ambre\/#primaryimage\"},\"image\":{\"@id\":\"https:\/\/hubsch-interior.com\/fr\/produit\/ivy-vase-ambre\/#primaryimage\"},\"thumbnailUrl\":\"https:\/\/hubsch-interior.com\/wp-content\/uploads\/2026\/02\/ivy-vase-amber-177eadb9f51f2bac3c44c1504538555d.jpg\",\"datePublished\":\"2021-06-04T08:00:10+00:00\",\"dateModified\":\"2026-04-10T02:36:41+00:00\",\"description\":\"Vase en verre couleur ambre. Ce vase sublimera votre int\u00e9rieur avec ou sans fleurs. Placez-le sur une table \u00e0 manger ou sur un rebord de fen\u00eatre pour\",\"breadcrumb\":{\"@id\":\"https:\/\/hubsch-interior.com\/fr\/produit\/ivy-vase-ambre\/#breadcrumb\"},\"inLanguage\":\"fr-FR\",\"potentialAction\":[{\"@type\":\"ReadAction\",\"target\":[\"https:\/\/hubsch-interior.com\/fr\/produit\/ivy-vase-ambre\/\"]}]},{\"@type\":\"ImageObject\",\"inLanguage\":\"fr-FR\",\"@id\":\"https:\/\/hubsch-interior.com\/fr\/produit\/ivy-vase-ambre\/#primaryimage\",\"url\":\"https:\/\/hubsch-interior.com\/wp-content\/uploads\/2026\/02\/ivy-vase-amber-177eadb9f51f2bac3c44c1504538555d.jpg\",\"contentUrl\":\"https:\/\/hubsch-interior.com\/wp-content\/uploads\/2026\/02\/ivy-vase-amber-177eadb9f51f2bac3c44c1504538555d.jpg\",\"width\":1024,\"height\":1024},{\"@type\":\"BreadcrumbList\",\"@id\":\"https:\/\/hubsch-interior.com\/fr\/produit\/ivy-vase-ambre\/#breadcrumb\",\"itemListElement\":[{\"@type\":\"ListItem\",\"position\":1,\"name\":\"Page d'accueil\",\"item\":\"https:\/\/hubsch-interior.com\/fr\/\"},{\"@type\":\"ListItem\",\"position\":2,\"name\":\"Produits\",\"item\":\"https:\/\/hubsch-interior.com\/fr\/shop-2\/\"},{\"@type\":\"ListItem\",\"position\":3,\"name\":\"Accessoires maison\",\"item\":\"https:\/\/hubsch-interior.com\/fr\/categorie-produit\/accessoires-maison\/\"},{\"@type\":\"ListItem\",\"position\":4,\"name\":\"Vases\",\"item\":\"https:\/\/hubsch-interior.com\/fr\/categorie-produit\/accessoires-maison\/vases-fr\/\"},{\"@type\":\"ListItem\",\"position\":5,\"name\":\"Ivy Vase Ambre\"}]},{\"@type\":\"WebSite\",\"@id\":\"https:\/\/hubsch-interior.com\/fr\/#website\",\"url\":\"https:\/\/hubsch-interior.com\/fr\/\",\"name\":\"H\u00fcbsch\",\"description\":\"Danish Home Interior and Design\",\"publisher\":{\"@id\":\"https:\/\/hubsch-interior.com\/fr\/#organization\"},\"potentialAction\":[{\"@type\":\"SearchAction\",\"target\":{\"@type\":\"EntryPoint\",\"urlTemplate\":\"https:\/\/hubsch-interior.com\/fr\/?s={search_term_string}\"},\"query-input\":{\"@type\":\"PropertyValueSpecification\",\"valueRequired\":true,\"valueName\":\"search_term_string\"}}],\"inLanguage\":\"fr-FR\"},{\"@type\":\"Organization\",\"@id\":\"https:\/\/hubsch-interior.com\/fr\/#organization\",\"name\":\"H\u00fcbsch\",\"url\":\"https:\/\/hubsch-interior.com\/fr\/\",\"logo\":{\"@type\":\"ImageObject\",\"inLanguage\":\"fr-FR\",\"@id\":\"https:\/\/hubsch-interior.com\/fr\/#\/schema\/logo\/image\/\",\"url\":\"https:\/\/hubsch-interior.com\/wp-content\/uploads\/2022\/12\/Hubsch_logo_black_one_line.svg\",\"contentUrl\":\"https:\/\/hubsch-interior.com\/wp-content\/uploads\/2022\/12\/Hubsch_logo_black_one_line.svg\",\"caption\":\"H\u00fcbsch\"},\"image\":{\"@id\":\"https:\/\/hubsch-interior.com\/fr\/#\/schema\/logo\/image\/\"}}]}<\/script>\n<!-- \/ Yoast SEO plugin. -->","yoast_head_json":{"title":"Ivy Vase Ambre - H\u00fcbsch","description":"Vase en verre couleur ambre. Ce vase sublimera votre int\u00e9rieur avec ou sans fleurs. Placez-le sur une table \u00e0 manger ou sur un rebord de fen\u00eatre pour","robots":{"index":"index","follow":"follow","max-snippet":"max-snippet:-1","max-image-preview":"max-image-preview:large","max-video-preview":"max-video-preview:-1"},"canonical":"https:\/\/hubsch-interior.com\/fr\/wp-json\/wp\/v2\/product\/392304","og_locale":"fr_FR","og_type":"article","og_title":"Ivy Vase Ambre - H\u00fcbsch","og_description":"Vase en verre couleur ambre. Ce vase sublimera votre int\u00e9rieur avec ou sans fleurs. Placez-le sur une table \u00e0 manger ou sur un rebord de fen\u00eatre pour","og_url":"https:\/\/hubsch-interior.com\/fr\/produit\/ivy-vase-ambre\/","og_site_name":"H\u00fcbsch","article_modified_time":"2026-04-10T02:36:41+00:00","og_image":[{"width":1200,"height":1200,"url":"https:\/\/hubsch-interior.com\/wp-content\/uploads\/2024\/01\/ivy-vase-amber-af8b3f8aa2d2b5160444c3a60cc8bb50.jpg","type":"image\/jpeg"}],"twitter_card":"summary_large_image","schema":{"@context":"https:\/\/schema.org","@graph":[{"@type":"WebPage","@id":"https:\/\/hubsch-interior.com\/fr\/produit\/ivy-vase-ambre\/","url":"https:\/\/hubsch-interior.com\/fr\/produit\/ivy-vase-ambre\/","name":"Ivy Vase Ambre - H\u00fcbsch","isPartOf":{"@id":"https:\/\/hubsch-interior.com\/fr\/#website"},"primaryImageOfPage":{"@id":"https:\/\/hubsch-interior.com\/fr\/produit\/ivy-vase-ambre\/#primaryimage"},"image":{"@id":"https:\/\/hubsch-interior.com\/fr\/produit\/ivy-vase-ambre\/#primaryimage"},"thumbnailUrl":"https:\/\/hubsch-interior.com\/wp-content\/uploads\/2026\/02\/ivy-vase-amber-177eadb9f51f2bac3c44c1504538555d.jpg","datePublished":"2021-06-04T08:00:10+00:00","dateModified":"2026-04-10T02:36:41+00:00","description":"Vase en verre couleur ambre. Ce vase sublimera votre int\u00e9rieur avec ou sans fleurs. Placez-le sur une table \u00e0 manger ou sur un rebord de fen\u00eatre pour","breadcrumb":{"@id":"https:\/\/hubsch-interior.com\/fr\/produit\/ivy-vase-ambre\/#breadcrumb"},"inLanguage":"fr-FR","potentialAction":[{"@type":"ReadAction","target":["https:\/\/hubsch-interior.com\/fr\/produit\/ivy-vase-ambre\/"]}]},{"@type":"ImageObject","inLanguage":"fr-FR","@id":"https:\/\/hubsch-interior.com\/fr\/produit\/ivy-vase-ambre\/#primaryimage","url":"https:\/\/hubsch-interior.com\/wp-content\/uploads\/2026\/02\/ivy-vase-amber-177eadb9f51f2bac3c44c1504538555d.jpg","contentUrl":"https:\/\/hubsch-interior.com\/wp-content\/uploads\/2026\/02\/ivy-vase-amber-177eadb9f51f2bac3c44c1504538555d.jpg","width":1024,"height":1024},{"@type":"BreadcrumbList","@id":"https:\/\/hubsch-interior.com\/fr\/produit\/ivy-vase-ambre\/#breadcrumb","itemListElement":[{"@type":"ListItem","position":1,"name":"Page d'accueil","item":"https:\/\/hubsch-interior.com\/fr\/"},{"@type":"ListItem","position":2,"name":"Produits","item":"https:\/\/hubsch-interior.com\/fr\/shop-2\/"},{"@type":"ListItem","position":3,"name":"Accessoires maison","item":"https:\/\/hubsch-interior.com\/fr\/categorie-produit\/accessoires-maison\/"},{"@type":"ListItem","position":4,"name":"Vases","item":"https:\/\/hubsch-interior.com\/fr\/categorie-produit\/accessoires-maison\/vases-fr\/"},{"@type":"ListItem","position":5,"name":"Ivy Vase Ambre"}]},{"@type":"WebSite","@id":"https:\/\/hubsch-interior.com\/fr\/#website","url":"https:\/\/hubsch-interior.com\/fr\/","name":"H\u00fcbsch","description":"Danish Home Interior and Design","publisher":{"@id":"https:\/\/hubsch-interior.com\/fr\/#organization"},"potentialAction":[{"@type":"SearchAction","target":{"@type":"EntryPoint","urlTemplate":"https:\/\/hubsch-interior.com\/fr\/?s={search_term_string}"},"query-input":{"@type":"PropertyValueSpecification","valueRequired":true,"valueName":"search_term_string"}}],"inLanguage":"fr-FR"},{"@type":"Organization","@id":"https:\/\/hubsch-interior.com\/fr\/#organization","name":"H\u00fcbsch","url":"https:\/\/hubsch-interior.com\/fr\/","logo":{"@type":"ImageObject","inLanguage":"fr-FR","@id":"https:\/\/hubsch-interior.com\/fr\/#\/schema\/logo\/image\/","url":"https:\/\/hubsch-interior.com\/wp-content\/uploads\/2022\/12\/Hubsch_logo_black_one_line.svg","contentUrl":"https:\/\/hubsch-interior.com\/wp-content\/uploads\/2022\/12\/Hubsch_logo_black_one_line.svg","caption":"H\u00fcbsch"},"image":{"@id":"https:\/\/hubsch-interior.com\/fr\/#\/schema\/logo\/image\/"}}]}},"_links":{"self":[{"href":"https:\/\/hubsch-interior.com\/fr\/wp-json\/wp\/v2\/product\/392304","targetHints":{"allow":["GET"]}}],"collection":[{"href":"https:\/\/hubsch-interior.com\/fr\/wp-json\/wp\/v2\/product"}],"about":[{"href":"https:\/\/hubsch-interior.com\/fr\/wp-json\/wp\/v2\/types\/product"}],"wp:featuredmedia":[{"embeddable":true,"href":"https:\/\/hubsch-interior.com\/fr\/wp-json\/wp\/v2\/media\/1098674"}],"wp:attachment":[{"href":"https:\/\/hubsch-interior.com\/fr\/wp-json\/wp\/v2\/media?parent=392304"}],"wp:term":[{"taxonomy":"product_brand","embeddable":true,"href":"https:\/\/hubsch-interior.com\/fr\/wp-json\/wp\/v2\/product_brand?post=392304"},{"taxonomy":"product_cat","embeddable":true,"href":"https:\/\/hubsch-interior.com\/fr\/wp-json\/wp\/v2\/product_cat?post=392304"},{"taxonomy":"product_tag","embeddable":true,"href":"https:\/\/hubsch-interior.com\/fr\/wp-json\/wp\/v2\/product_tag?post=392304"}],"curies":[{"name":"wp","href":"https:\/\/api.w.org\/{rel}","templated":true}]}}