{"id":392752,"date":"2021-06-04T10:01:20","date_gmt":"2021-06-04T08:01:20","guid":{"rendered":"https:\/\/hubsch-interior.com\/shop-b2c\/product\/product-6\/"},"modified":"2026-04-09T04:37:19","modified_gmt":"2026-04-09T02:37:19","slug":"popsicle-vases-multicolore-set-de-3","status":"publish","type":"product","link":"https:\/\/hubsch-interior.com\/fr\/produit\/popsicle-vases-multicolore-set-de-3\/","title":{"rendered":"Popsicle Vases \u00a0Multicolor\u00e9 (set de 3)"},"content":{"rendered":"<p>Les Popsicle Vases Vert\/Jaune\/Rose (ensemble de 3) sont de superbes pi\u00e8ces en verre. Chaque vase est de couleur diff\u00e9rente, parfaite pour ajouter de la couleur \u00e0 votre d\u00e9cor. Ces vases sont faits de verre durable et leur style moderne s&#8217;adaptera \u00e0 n&#8217;importe quelle pi\u00e8ce de votre maison ou de votre bureau. Placez-les \u00e0 la fois seuls ou en groupe pour cr\u00e9er une d\u00e9coration unique et \u00e9l\u00e9gante. Vous allez adorer leur look chic et leur design unique.<\/p>\n","protected":false},"excerpt":{"rendered":"<p>Les Popsicle Vases Vert\/Jaune\/Rose (ensemble de 3) sont de superbes pi\u00e8ces en verre. Chaque vase est de couleur diff\u00e9rente, parfaite pour ajouter de la couleur \u00e0 votre d\u00e9cor. Ces vases sont faits de verre durable et leur style moderne s&#8217;adaptera \u00e0 n&#8217;importe quelle pi\u00e8ce de votre maison ou de votre bureau. Placez-les \u00e0 la fois [&hellip;]<\/p>\n","protected":false},"featured_media":1098838,"template":"","meta":{"_acf_changed":false,"inline_featured_image":false},"product_brand":[],"product_cat":[5026,3154],"product_tag":[],"class_list":{"0":"post-392752","1":"product","2":"type-product","3":"status-publish","4":"has-post-thumbnail","6":"product_cat-bestsellers-fr","7":"product_cat-vases-fr","8":"product_shipping_class-pk","10":"pa_color-multicolor-2","11":"pa_material-verre-fr","13":"first","14":"instock","15":"featured","16":"taxable","17":"shipping-taxable","18":"purchasable","19":"product-type-simple"},"exclude_global_add_ons":[],"addons":[],"acf":[],"yoast_head":"<!-- This site is optimized with the Yoast SEO plugin v26.4 - https:\/\/yoast.com\/wordpress\/plugins\/seo\/ -->\n<title>Popsicle Vases \u00a0Multicolor\u00e9 (set de 3) - H\u00fcbsch<\/title>\n<meta name=\"description\" content=\"Les Popsicle Vases Vert\/Jaune\/Rose (ensemble de 3) sont de superbes pi\u00e8ces en verre. Chaque vase est de couleur diff\u00e9rente, parfaite pour ajouter de la\" \/>\n<meta name=\"robots\" content=\"index, follow, max-snippet:-1, max-image-preview:large, max-video-preview:-1\" \/>\n<link rel=\"canonical\" href=\"https:\/\/hubsch-interior.com\/fr\/wp-json\/wp\/v2\/product\/392752\" \/>\n<meta property=\"og:locale\" content=\"fr_FR\" \/>\n<meta property=\"og:type\" content=\"article\" \/>\n<meta property=\"og:title\" content=\"Popsicle Vases \u00a0Multicolor\u00e9 (set de 3) - H\u00fcbsch\" \/>\n<meta property=\"og:description\" content=\"Les Popsicle Vases Vert\/Jaune\/Rose (ensemble de 3) sont de superbes pi\u00e8ces en verre. Chaque vase est de couleur diff\u00e9rente, parfaite pour ajouter de la\" \/>\n<meta property=\"og:url\" content=\"https:\/\/hubsch-interior.com\/fr\/produit\/popsicle-vases-multicolore-set-de-3\/\" \/>\n<meta property=\"og:site_name\" content=\"H\u00fcbsch\" \/>\n<meta property=\"article:modified_time\" content=\"2026-04-09T02:37:19+00:00\" \/>\n<meta property=\"og:image\" content=\"https:\/\/hubsch-interior.com\/wp-content\/uploads\/2024\/01\/popsicle-vases-multicolour-set-of-3-818ce2314ac2a0f7471c8067ffb1cce5.jpg\" \/>\n\t<meta property=\"og:image:width\" content=\"1200\" \/>\n\t<meta property=\"og:image:height\" content=\"1200\" \/>\n\t<meta property=\"og:image:type\" content=\"image\/jpeg\" \/>\n<meta name=\"twitter:card\" content=\"summary_large_image\" \/>\n<script type=\"application\/ld+json\" class=\"yoast-schema-graph\">{\"@context\":\"https:\/\/schema.org\",\"@graph\":[{\"@type\":\"WebPage\",\"@id\":\"https:\/\/hubsch-interior.com\/fr\/produit\/popsicle-vases-multicolore-set-de-3\/\",\"url\":\"https:\/\/hubsch-interior.com\/fr\/produit\/popsicle-vases-multicolore-set-de-3\/\",\"name\":\"Popsicle Vases \u00a0Multicolor\u00e9 (set de 3) - H\u00fcbsch\",\"isPartOf\":{\"@id\":\"https:\/\/hubsch-interior.com\/fr\/#website\"},\"primaryImageOfPage\":{\"@id\":\"https:\/\/hubsch-interior.com\/fr\/produit\/popsicle-vases-multicolore-set-de-3\/#primaryimage\"},\"image\":{\"@id\":\"https:\/\/hubsch-interior.com\/fr\/produit\/popsicle-vases-multicolore-set-de-3\/#primaryimage\"},\"thumbnailUrl\":\"https:\/\/hubsch-interior.com\/wp-content\/uploads\/2026\/02\/popsicle-vases-multicolour-set-of-3-d2ef96d91a7c30d46e450505b190ae1b.jpg\",\"datePublished\":\"2021-06-04T08:01:20+00:00\",\"dateModified\":\"2026-04-09T02:37:19+00:00\",\"description\":\"Les Popsicle Vases Vert\/Jaune\/Rose (ensemble de 3) sont de superbes pi\u00e8ces en verre. Chaque vase est de couleur diff\u00e9rente, parfaite pour ajouter de la\",\"breadcrumb\":{\"@id\":\"https:\/\/hubsch-interior.com\/fr\/produit\/popsicle-vases-multicolore-set-de-3\/#breadcrumb\"},\"inLanguage\":\"fr-FR\",\"potentialAction\":[{\"@type\":\"ReadAction\",\"target\":[\"https:\/\/hubsch-interior.com\/fr\/produit\/popsicle-vases-multicolore-set-de-3\/\"]}]},{\"@type\":\"ImageObject\",\"inLanguage\":\"fr-FR\",\"@id\":\"https:\/\/hubsch-interior.com\/fr\/produit\/popsicle-vases-multicolore-set-de-3\/#primaryimage\",\"url\":\"https:\/\/hubsch-interior.com\/wp-content\/uploads\/2026\/02\/popsicle-vases-multicolour-set-of-3-d2ef96d91a7c30d46e450505b190ae1b.jpg\",\"contentUrl\":\"https:\/\/hubsch-interior.com\/wp-content\/uploads\/2026\/02\/popsicle-vases-multicolour-set-of-3-d2ef96d91a7c30d46e450505b190ae1b.jpg\",\"width\":1024,\"height\":1024},{\"@type\":\"BreadcrumbList\",\"@id\":\"https:\/\/hubsch-interior.com\/fr\/produit\/popsicle-vases-multicolore-set-de-3\/#breadcrumb\",\"itemListElement\":[{\"@type\":\"ListItem\",\"position\":1,\"name\":\"Page d'accueil\",\"item\":\"https:\/\/hubsch-interior.com\/fr\/\"},{\"@type\":\"ListItem\",\"position\":2,\"name\":\"Produits\",\"item\":\"https:\/\/hubsch-interior.com\/fr\/shop-2\/\"},{\"@type\":\"ListItem\",\"position\":3,\"name\":\"Accessoires maison\",\"item\":\"https:\/\/hubsch-interior.com\/fr\/categorie-produit\/accessoires-maison\/\"},{\"@type\":\"ListItem\",\"position\":4,\"name\":\"Vases\",\"item\":\"https:\/\/hubsch-interior.com\/fr\/categorie-produit\/accessoires-maison\/vases-fr\/\"},{\"@type\":\"ListItem\",\"position\":5,\"name\":\"Popsicle Vases \u00a0Multicolor\u00e9 (set de 3)\"}]},{\"@type\":\"WebSite\",\"@id\":\"https:\/\/hubsch-interior.com\/fr\/#website\",\"url\":\"https:\/\/hubsch-interior.com\/fr\/\",\"name\":\"H\u00fcbsch\",\"description\":\"Danish Home Interior and Design\",\"publisher\":{\"@id\":\"https:\/\/hubsch-interior.com\/fr\/#organization\"},\"potentialAction\":[{\"@type\":\"SearchAction\",\"target\":{\"@type\":\"EntryPoint\",\"urlTemplate\":\"https:\/\/hubsch-interior.com\/fr\/?s={search_term_string}\"},\"query-input\":{\"@type\":\"PropertyValueSpecification\",\"valueRequired\":true,\"valueName\":\"search_term_string\"}}],\"inLanguage\":\"fr-FR\"},{\"@type\":\"Organization\",\"@id\":\"https:\/\/hubsch-interior.com\/fr\/#organization\",\"name\":\"H\u00fcbsch\",\"url\":\"https:\/\/hubsch-interior.com\/fr\/\",\"logo\":{\"@type\":\"ImageObject\",\"inLanguage\":\"fr-FR\",\"@id\":\"https:\/\/hubsch-interior.com\/fr\/#\/schema\/logo\/image\/\",\"url\":\"https:\/\/hubsch-interior.com\/wp-content\/uploads\/2022\/12\/Hubsch_logo_black_one_line.svg\",\"contentUrl\":\"https:\/\/hubsch-interior.com\/wp-content\/uploads\/2022\/12\/Hubsch_logo_black_one_line.svg\",\"caption\":\"H\u00fcbsch\"},\"image\":{\"@id\":\"https:\/\/hubsch-interior.com\/fr\/#\/schema\/logo\/image\/\"}}]}<\/script>\n<!-- \/ Yoast SEO plugin. -->","yoast_head_json":{"title":"Popsicle Vases \u00a0Multicolor\u00e9 (set de 3) - H\u00fcbsch","description":"Les Popsicle Vases Vert\/Jaune\/Rose (ensemble de 3) sont de superbes pi\u00e8ces en verre. Chaque vase est de couleur diff\u00e9rente, parfaite pour ajouter de la","robots":{"index":"index","follow":"follow","max-snippet":"max-snippet:-1","max-image-preview":"max-image-preview:large","max-video-preview":"max-video-preview:-1"},"canonical":"https:\/\/hubsch-interior.com\/fr\/wp-json\/wp\/v2\/product\/392752","og_locale":"fr_FR","og_type":"article","og_title":"Popsicle Vases \u00a0Multicolor\u00e9 (set de 3) - H\u00fcbsch","og_description":"Les Popsicle Vases Vert\/Jaune\/Rose (ensemble de 3) sont de superbes pi\u00e8ces en verre. Chaque vase est de couleur diff\u00e9rente, parfaite pour ajouter de la","og_url":"https:\/\/hubsch-interior.com\/fr\/produit\/popsicle-vases-multicolore-set-de-3\/","og_site_name":"H\u00fcbsch","article_modified_time":"2026-04-09T02:37:19+00:00","og_image":[{"width":1200,"height":1200,"url":"https:\/\/hubsch-interior.com\/wp-content\/uploads\/2024\/01\/popsicle-vases-multicolour-set-of-3-818ce2314ac2a0f7471c8067ffb1cce5.jpg","type":"image\/jpeg"}],"twitter_card":"summary_large_image","schema":{"@context":"https:\/\/schema.org","@graph":[{"@type":"WebPage","@id":"https:\/\/hubsch-interior.com\/fr\/produit\/popsicle-vases-multicolore-set-de-3\/","url":"https:\/\/hubsch-interior.com\/fr\/produit\/popsicle-vases-multicolore-set-de-3\/","name":"Popsicle Vases \u00a0Multicolor\u00e9 (set de 3) - H\u00fcbsch","isPartOf":{"@id":"https:\/\/hubsch-interior.com\/fr\/#website"},"primaryImageOfPage":{"@id":"https:\/\/hubsch-interior.com\/fr\/produit\/popsicle-vases-multicolore-set-de-3\/#primaryimage"},"image":{"@id":"https:\/\/hubsch-interior.com\/fr\/produit\/popsicle-vases-multicolore-set-de-3\/#primaryimage"},"thumbnailUrl":"https:\/\/hubsch-interior.com\/wp-content\/uploads\/2026\/02\/popsicle-vases-multicolour-set-of-3-d2ef96d91a7c30d46e450505b190ae1b.jpg","datePublished":"2021-06-04T08:01:20+00:00","dateModified":"2026-04-09T02:37:19+00:00","description":"Les Popsicle Vases Vert\/Jaune\/Rose (ensemble de 3) sont de superbes pi\u00e8ces en verre. Chaque vase est de couleur diff\u00e9rente, parfaite pour ajouter de la","breadcrumb":{"@id":"https:\/\/hubsch-interior.com\/fr\/produit\/popsicle-vases-multicolore-set-de-3\/#breadcrumb"},"inLanguage":"fr-FR","potentialAction":[{"@type":"ReadAction","target":["https:\/\/hubsch-interior.com\/fr\/produit\/popsicle-vases-multicolore-set-de-3\/"]}]},{"@type":"ImageObject","inLanguage":"fr-FR","@id":"https:\/\/hubsch-interior.com\/fr\/produit\/popsicle-vases-multicolore-set-de-3\/#primaryimage","url":"https:\/\/hubsch-interior.com\/wp-content\/uploads\/2026\/02\/popsicle-vases-multicolour-set-of-3-d2ef96d91a7c30d46e450505b190ae1b.jpg","contentUrl":"https:\/\/hubsch-interior.com\/wp-content\/uploads\/2026\/02\/popsicle-vases-multicolour-set-of-3-d2ef96d91a7c30d46e450505b190ae1b.jpg","width":1024,"height":1024},{"@type":"BreadcrumbList","@id":"https:\/\/hubsch-interior.com\/fr\/produit\/popsicle-vases-multicolore-set-de-3\/#breadcrumb","itemListElement":[{"@type":"ListItem","position":1,"name":"Page d'accueil","item":"https:\/\/hubsch-interior.com\/fr\/"},{"@type":"ListItem","position":2,"name":"Produits","item":"https:\/\/hubsch-interior.com\/fr\/shop-2\/"},{"@type":"ListItem","position":3,"name":"Accessoires maison","item":"https:\/\/hubsch-interior.com\/fr\/categorie-produit\/accessoires-maison\/"},{"@type":"ListItem","position":4,"name":"Vases","item":"https:\/\/hubsch-interior.com\/fr\/categorie-produit\/accessoires-maison\/vases-fr\/"},{"@type":"ListItem","position":5,"name":"Popsicle Vases \u00a0Multicolor\u00e9 (set de 3)"}]},{"@type":"WebSite","@id":"https:\/\/hubsch-interior.com\/fr\/#website","url":"https:\/\/hubsch-interior.com\/fr\/","name":"H\u00fcbsch","description":"Danish Home Interior and Design","publisher":{"@id":"https:\/\/hubsch-interior.com\/fr\/#organization"},"potentialAction":[{"@type":"SearchAction","target":{"@type":"EntryPoint","urlTemplate":"https:\/\/hubsch-interior.com\/fr\/?s={search_term_string}"},"query-input":{"@type":"PropertyValueSpecification","valueRequired":true,"valueName":"search_term_string"}}],"inLanguage":"fr-FR"},{"@type":"Organization","@id":"https:\/\/hubsch-interior.com\/fr\/#organization","name":"H\u00fcbsch","url":"https:\/\/hubsch-interior.com\/fr\/","logo":{"@type":"ImageObject","inLanguage":"fr-FR","@id":"https:\/\/hubsch-interior.com\/fr\/#\/schema\/logo\/image\/","url":"https:\/\/hubsch-interior.com\/wp-content\/uploads\/2022\/12\/Hubsch_logo_black_one_line.svg","contentUrl":"https:\/\/hubsch-interior.com\/wp-content\/uploads\/2022\/12\/Hubsch_logo_black_one_line.svg","caption":"H\u00fcbsch"},"image":{"@id":"https:\/\/hubsch-interior.com\/fr\/#\/schema\/logo\/image\/"}}]}},"_links":{"self":[{"href":"https:\/\/hubsch-interior.com\/fr\/wp-json\/wp\/v2\/product\/392752","targetHints":{"allow":["GET"]}}],"collection":[{"href":"https:\/\/hubsch-interior.com\/fr\/wp-json\/wp\/v2\/product"}],"about":[{"href":"https:\/\/hubsch-interior.com\/fr\/wp-json\/wp\/v2\/types\/product"}],"wp:featuredmedia":[{"embeddable":true,"href":"https:\/\/hubsch-interior.com\/fr\/wp-json\/wp\/v2\/media\/1098838"}],"wp:attachment":[{"href":"https:\/\/hubsch-interior.com\/fr\/wp-json\/wp\/v2\/media?parent=392752"}],"wp:term":[{"taxonomy":"product_brand","embeddable":true,"href":"https:\/\/hubsch-interior.com\/fr\/wp-json\/wp\/v2\/product_brand?post=392752"},{"taxonomy":"product_cat","embeddable":true,"href":"https:\/\/hubsch-interior.com\/fr\/wp-json\/wp\/v2\/product_cat?post=392752"},{"taxonomy":"product_tag","embeddable":true,"href":"https:\/\/hubsch-interior.com\/fr\/wp-json\/wp\/v2\/product_tag?post=392752"}],"curies":[{"name":"wp","href":"https:\/\/api.w.org\/{rel}","templated":true}]}}