{"id":392768,"date":"2021-06-04T10:01:26","date_gmt":"2021-06-04T08:01:26","guid":{"rendered":"https:\/\/hubsch-interior.com\/shop-b2c\/product\/product-6\/"},"modified":"2026-04-09T04:37:23","modified_gmt":"2026-04-09T02:37:23","slug":"kiosk-bols-en-verre-bleu","status":"publish","type":"product","link":"https:\/\/hubsch-interior.com\/fr\/produit\/kiosk-bols-en-verre-bleu\/","title":{"rendered":"Kiosk Bols en verre Bleu"},"content":{"rendered":"<p>Le Kiosk Bols en verre Bleu est un bol en verre de qualit\u00e9, qui est fabriqu\u00e9 \u00e0 partir de verre de haute qualit\u00e9. Il est con\u00e7u pour \u00eatre robuste et durable, et est disponible en bleu clair. Ce bol est parfait pour une vari\u00e9t\u00e9 de plats, y compris les fruits, les c\u00e9r\u00e9ales, et bien plus encore. Il est \u00e9galement id\u00e9al pour servir des boissons alcoolis\u00e9es ou des cocktails. Il est facile \u00e0 nettoyer et son design est \u00e9l\u00e9gant. C&#8217;est un bol qui va ajouter une touche \u00e9l\u00e9gante \u00e0 votre table.<\/p>\n","protected":false},"excerpt":{"rendered":"<p>Le Kiosk Bols en verre Bleu est un bol en verre de qualit\u00e9, qui est fabriqu\u00e9 \u00e0 partir de verre de haute qualit\u00e9. Il est con\u00e7u pour \u00eatre robuste et durable, et est disponible en bleu clair. Ce bol est parfait pour une vari\u00e9t\u00e9 de plats, y compris les fruits, les c\u00e9r\u00e9ales, et bien plus [&hellip;]<\/p>\n","protected":false},"featured_media":1098866,"template":"","meta":{"_acf_changed":false,"inline_featured_image":false},"product_brand":[],"product_cat":[7043,6971,7027,6348,4053,4095,6535],"product_tag":[],"class_list":{"0":"post-392768","1":"product","2":"type-product","3":"status-publish","4":"has-post-thumbnail","6":"product_cat-bols-de-service-fr","7":"product_cat-paques","8":"product_cat-vaisselle-fr-2","9":"product_cat-garden-selection-fr","10":"product_cat-accessoires-de-cuisine-fr","11":"product_cat-vaisselle-fr","12":"product_cat-outlet-fr","13":"product_shipping_class-pk","15":"pa_color-bleu-2","16":"pa_material-verre-fr","18":"first","19":"instock","20":"sale","21":"taxable","22":"shipping-taxable","23":"purchasable","24":"product-type-simple"},"exclude_global_add_ons":[],"addons":[],"acf":[],"yoast_head":"<!-- This site is optimized with the Yoast SEO plugin v26.4 - https:\/\/yoast.com\/wordpress\/plugins\/seo\/ -->\n<title>Kiosk Bols en verre Bleu - H\u00fcbsch<\/title>\n<meta name=\"description\" content=\"Le Kiosk Bols en verre Bleu est un bol en verre de qualit\u00e9, qui est fabriqu\u00e9 \u00e0 partir de verre de haute qualit\u00e9. Il est con\u00e7u pour \u00eatre robuste et\" \/>\n<meta name=\"robots\" content=\"index, follow, max-snippet:-1, max-image-preview:large, max-video-preview:-1\" \/>\n<link rel=\"canonical\" href=\"https:\/\/hubsch-interior.com\/fr\/wp-json\/wp\/v2\/product\/392768\" \/>\n<meta property=\"og:locale\" content=\"fr_FR\" \/>\n<meta property=\"og:type\" content=\"article\" \/>\n<meta property=\"og:title\" content=\"Kiosk Bols en verre Bleu - H\u00fcbsch\" \/>\n<meta property=\"og:description\" content=\"Le Kiosk Bols en verre Bleu est un bol en verre de qualit\u00e9, qui est fabriqu\u00e9 \u00e0 partir de verre de haute qualit\u00e9. Il est con\u00e7u pour \u00eatre robuste et\" \/>\n<meta property=\"og:url\" content=\"https:\/\/hubsch-interior.com\/fr\/produit\/kiosk-bols-en-verre-bleu\/\" \/>\n<meta property=\"og:site_name\" content=\"H\u00fcbsch\" \/>\n<meta property=\"article:modified_time\" content=\"2026-04-09T02:37:23+00:00\" \/>\n<meta property=\"og:image\" content=\"https:\/\/hubsch-interior.com\/wp-content\/uploads\/2024\/01\/kiosk-glass-bowl-blue-48f7eebd7ae62b9f8f9bc6c8a5f14360.jpg\" \/>\n\t<meta property=\"og:image:width\" content=\"1200\" \/>\n\t<meta property=\"og:image:height\" content=\"1200\" \/>\n\t<meta property=\"og:image:type\" content=\"image\/jpeg\" \/>\n<meta name=\"twitter:card\" content=\"summary_large_image\" \/>\n<script type=\"application\/ld+json\" class=\"yoast-schema-graph\">{\"@context\":\"https:\/\/schema.org\",\"@graph\":[{\"@type\":\"WebPage\",\"@id\":\"https:\/\/hubsch-interior.com\/fr\/produit\/kiosk-bols-en-verre-bleu\/\",\"url\":\"https:\/\/hubsch-interior.com\/fr\/produit\/kiosk-bols-en-verre-bleu\/\",\"name\":\"Kiosk Bols en verre Bleu - H\u00fcbsch\",\"isPartOf\":{\"@id\":\"https:\/\/hubsch-interior.com\/fr\/#website\"},\"primaryImageOfPage\":{\"@id\":\"https:\/\/hubsch-interior.com\/fr\/produit\/kiosk-bols-en-verre-bleu\/#primaryimage\"},\"image\":{\"@id\":\"https:\/\/hubsch-interior.com\/fr\/produit\/kiosk-bols-en-verre-bleu\/#primaryimage\"},\"thumbnailUrl\":\"https:\/\/hubsch-interior.com\/wp-content\/uploads\/2026\/02\/kiosk-glass-bowl-blue-bacb89e84fd55a3f9a3580e182e4b1a4.jpg\",\"datePublished\":\"2021-06-04T08:01:26+00:00\",\"dateModified\":\"2026-04-09T02:37:23+00:00\",\"description\":\"Le Kiosk Bols en verre Bleu est un bol en verre de qualit\u00e9, qui est fabriqu\u00e9 \u00e0 partir de verre de haute qualit\u00e9. Il est con\u00e7u pour \u00eatre robuste et\",\"breadcrumb\":{\"@id\":\"https:\/\/hubsch-interior.com\/fr\/produit\/kiosk-bols-en-verre-bleu\/#breadcrumb\"},\"inLanguage\":\"fr-FR\",\"potentialAction\":[{\"@type\":\"ReadAction\",\"target\":[\"https:\/\/hubsch-interior.com\/fr\/produit\/kiosk-bols-en-verre-bleu\/\"]}]},{\"@type\":\"ImageObject\",\"inLanguage\":\"fr-FR\",\"@id\":\"https:\/\/hubsch-interior.com\/fr\/produit\/kiosk-bols-en-verre-bleu\/#primaryimage\",\"url\":\"https:\/\/hubsch-interior.com\/wp-content\/uploads\/2026\/02\/kiosk-glass-bowl-blue-bacb89e84fd55a3f9a3580e182e4b1a4.jpg\",\"contentUrl\":\"https:\/\/hubsch-interior.com\/wp-content\/uploads\/2026\/02\/kiosk-glass-bowl-blue-bacb89e84fd55a3f9a3580e182e4b1a4.jpg\",\"width\":1024,\"height\":1024},{\"@type\":\"BreadcrumbList\",\"@id\":\"https:\/\/hubsch-interior.com\/fr\/produit\/kiosk-bols-en-verre-bleu\/#breadcrumb\",\"itemListElement\":[{\"@type\":\"ListItem\",\"position\":1,\"name\":\"Page d'accueil\",\"item\":\"https:\/\/hubsch-interior.com\/fr\/\"},{\"@type\":\"ListItem\",\"position\":2,\"name\":\"Produits\",\"item\":\"https:\/\/hubsch-interior.com\/fr\/shop-2\/\"},{\"@type\":\"ListItem\",\"position\":3,\"name\":\"Cuisine\",\"item\":\"https:\/\/hubsch-interior.com\/fr\/categorie-produit\/cuisine\/\"},{\"@type\":\"ListItem\",\"position\":4,\"name\":\"Vaisselle\",\"item\":\"https:\/\/hubsch-interior.com\/fr\/categorie-produit\/cuisine\/vaisselle-fr-2\/\"},{\"@type\":\"ListItem\",\"position\":5,\"name\":\"Bols de service\",\"item\":\"https:\/\/hubsch-interior.com\/fr\/categorie-produit\/cuisine\/vaisselle-fr-2\/bols-de-service-fr\/\"},{\"@type\":\"ListItem\",\"position\":6,\"name\":\"Kiosk Bols en verre Bleu\"}]},{\"@type\":\"WebSite\",\"@id\":\"https:\/\/hubsch-interior.com\/fr\/#website\",\"url\":\"https:\/\/hubsch-interior.com\/fr\/\",\"name\":\"H\u00fcbsch\",\"description\":\"Danish Home Interior and Design\",\"publisher\":{\"@id\":\"https:\/\/hubsch-interior.com\/fr\/#organization\"},\"potentialAction\":[{\"@type\":\"SearchAction\",\"target\":{\"@type\":\"EntryPoint\",\"urlTemplate\":\"https:\/\/hubsch-interior.com\/fr\/?s={search_term_string}\"},\"query-input\":{\"@type\":\"PropertyValueSpecification\",\"valueRequired\":true,\"valueName\":\"search_term_string\"}}],\"inLanguage\":\"fr-FR\"},{\"@type\":\"Organization\",\"@id\":\"https:\/\/hubsch-interior.com\/fr\/#organization\",\"name\":\"H\u00fcbsch\",\"url\":\"https:\/\/hubsch-interior.com\/fr\/\",\"logo\":{\"@type\":\"ImageObject\",\"inLanguage\":\"fr-FR\",\"@id\":\"https:\/\/hubsch-interior.com\/fr\/#\/schema\/logo\/image\/\",\"url\":\"https:\/\/hubsch-interior.com\/wp-content\/uploads\/2022\/12\/Hubsch_logo_black_one_line.svg\",\"contentUrl\":\"https:\/\/hubsch-interior.com\/wp-content\/uploads\/2022\/12\/Hubsch_logo_black_one_line.svg\",\"caption\":\"H\u00fcbsch\"},\"image\":{\"@id\":\"https:\/\/hubsch-interior.com\/fr\/#\/schema\/logo\/image\/\"}}]}<\/script>\n<!-- \/ Yoast SEO plugin. -->","yoast_head_json":{"title":"Kiosk Bols en verre Bleu - H\u00fcbsch","description":"Le Kiosk Bols en verre Bleu est un bol en verre de qualit\u00e9, qui est fabriqu\u00e9 \u00e0 partir de verre de haute qualit\u00e9. Il est con\u00e7u pour \u00eatre robuste et","robots":{"index":"index","follow":"follow","max-snippet":"max-snippet:-1","max-image-preview":"max-image-preview:large","max-video-preview":"max-video-preview:-1"},"canonical":"https:\/\/hubsch-interior.com\/fr\/wp-json\/wp\/v2\/product\/392768","og_locale":"fr_FR","og_type":"article","og_title":"Kiosk Bols en verre Bleu - H\u00fcbsch","og_description":"Le Kiosk Bols en verre Bleu est un bol en verre de qualit\u00e9, qui est fabriqu\u00e9 \u00e0 partir de verre de haute qualit\u00e9. Il est con\u00e7u pour \u00eatre robuste et","og_url":"https:\/\/hubsch-interior.com\/fr\/produit\/kiosk-bols-en-verre-bleu\/","og_site_name":"H\u00fcbsch","article_modified_time":"2026-04-09T02:37:23+00:00","og_image":[{"width":1200,"height":1200,"url":"https:\/\/hubsch-interior.com\/wp-content\/uploads\/2024\/01\/kiosk-glass-bowl-blue-48f7eebd7ae62b9f8f9bc6c8a5f14360.jpg","type":"image\/jpeg"}],"twitter_card":"summary_large_image","schema":{"@context":"https:\/\/schema.org","@graph":[{"@type":"WebPage","@id":"https:\/\/hubsch-interior.com\/fr\/produit\/kiosk-bols-en-verre-bleu\/","url":"https:\/\/hubsch-interior.com\/fr\/produit\/kiosk-bols-en-verre-bleu\/","name":"Kiosk Bols en verre Bleu - H\u00fcbsch","isPartOf":{"@id":"https:\/\/hubsch-interior.com\/fr\/#website"},"primaryImageOfPage":{"@id":"https:\/\/hubsch-interior.com\/fr\/produit\/kiosk-bols-en-verre-bleu\/#primaryimage"},"image":{"@id":"https:\/\/hubsch-interior.com\/fr\/produit\/kiosk-bols-en-verre-bleu\/#primaryimage"},"thumbnailUrl":"https:\/\/hubsch-interior.com\/wp-content\/uploads\/2026\/02\/kiosk-glass-bowl-blue-bacb89e84fd55a3f9a3580e182e4b1a4.jpg","datePublished":"2021-06-04T08:01:26+00:00","dateModified":"2026-04-09T02:37:23+00:00","description":"Le Kiosk Bols en verre Bleu est un bol en verre de qualit\u00e9, qui est fabriqu\u00e9 \u00e0 partir de verre de haute qualit\u00e9. Il est con\u00e7u pour \u00eatre robuste et","breadcrumb":{"@id":"https:\/\/hubsch-interior.com\/fr\/produit\/kiosk-bols-en-verre-bleu\/#breadcrumb"},"inLanguage":"fr-FR","potentialAction":[{"@type":"ReadAction","target":["https:\/\/hubsch-interior.com\/fr\/produit\/kiosk-bols-en-verre-bleu\/"]}]},{"@type":"ImageObject","inLanguage":"fr-FR","@id":"https:\/\/hubsch-interior.com\/fr\/produit\/kiosk-bols-en-verre-bleu\/#primaryimage","url":"https:\/\/hubsch-interior.com\/wp-content\/uploads\/2026\/02\/kiosk-glass-bowl-blue-bacb89e84fd55a3f9a3580e182e4b1a4.jpg","contentUrl":"https:\/\/hubsch-interior.com\/wp-content\/uploads\/2026\/02\/kiosk-glass-bowl-blue-bacb89e84fd55a3f9a3580e182e4b1a4.jpg","width":1024,"height":1024},{"@type":"BreadcrumbList","@id":"https:\/\/hubsch-interior.com\/fr\/produit\/kiosk-bols-en-verre-bleu\/#breadcrumb","itemListElement":[{"@type":"ListItem","position":1,"name":"Page d'accueil","item":"https:\/\/hubsch-interior.com\/fr\/"},{"@type":"ListItem","position":2,"name":"Produits","item":"https:\/\/hubsch-interior.com\/fr\/shop-2\/"},{"@type":"ListItem","position":3,"name":"Cuisine","item":"https:\/\/hubsch-interior.com\/fr\/categorie-produit\/cuisine\/"},{"@type":"ListItem","position":4,"name":"Vaisselle","item":"https:\/\/hubsch-interior.com\/fr\/categorie-produit\/cuisine\/vaisselle-fr-2\/"},{"@type":"ListItem","position":5,"name":"Bols de service","item":"https:\/\/hubsch-interior.com\/fr\/categorie-produit\/cuisine\/vaisselle-fr-2\/bols-de-service-fr\/"},{"@type":"ListItem","position":6,"name":"Kiosk Bols en verre Bleu"}]},{"@type":"WebSite","@id":"https:\/\/hubsch-interior.com\/fr\/#website","url":"https:\/\/hubsch-interior.com\/fr\/","name":"H\u00fcbsch","description":"Danish Home Interior and Design","publisher":{"@id":"https:\/\/hubsch-interior.com\/fr\/#organization"},"potentialAction":[{"@type":"SearchAction","target":{"@type":"EntryPoint","urlTemplate":"https:\/\/hubsch-interior.com\/fr\/?s={search_term_string}"},"query-input":{"@type":"PropertyValueSpecification","valueRequired":true,"valueName":"search_term_string"}}],"inLanguage":"fr-FR"},{"@type":"Organization","@id":"https:\/\/hubsch-interior.com\/fr\/#organization","name":"H\u00fcbsch","url":"https:\/\/hubsch-interior.com\/fr\/","logo":{"@type":"ImageObject","inLanguage":"fr-FR","@id":"https:\/\/hubsch-interior.com\/fr\/#\/schema\/logo\/image\/","url":"https:\/\/hubsch-interior.com\/wp-content\/uploads\/2022\/12\/Hubsch_logo_black_one_line.svg","contentUrl":"https:\/\/hubsch-interior.com\/wp-content\/uploads\/2022\/12\/Hubsch_logo_black_one_line.svg","caption":"H\u00fcbsch"},"image":{"@id":"https:\/\/hubsch-interior.com\/fr\/#\/schema\/logo\/image\/"}}]}},"_links":{"self":[{"href":"https:\/\/hubsch-interior.com\/fr\/wp-json\/wp\/v2\/product\/392768","targetHints":{"allow":["GET"]}}],"collection":[{"href":"https:\/\/hubsch-interior.com\/fr\/wp-json\/wp\/v2\/product"}],"about":[{"href":"https:\/\/hubsch-interior.com\/fr\/wp-json\/wp\/v2\/types\/product"}],"wp:featuredmedia":[{"embeddable":true,"href":"https:\/\/hubsch-interior.com\/fr\/wp-json\/wp\/v2\/media\/1098866"}],"wp:attachment":[{"href":"https:\/\/hubsch-interior.com\/fr\/wp-json\/wp\/v2\/media?parent=392768"}],"wp:term":[{"taxonomy":"product_brand","embeddable":true,"href":"https:\/\/hubsch-interior.com\/fr\/wp-json\/wp\/v2\/product_brand?post=392768"},{"taxonomy":"product_cat","embeddable":true,"href":"https:\/\/hubsch-interior.com\/fr\/wp-json\/wp\/v2\/product_cat?post=392768"},{"taxonomy":"product_tag","embeddable":true,"href":"https:\/\/hubsch-interior.com\/fr\/wp-json\/wp\/v2\/product_tag?post=392768"}],"curies":[{"name":"wp","href":"https:\/\/api.w.org\/{rel}","templated":true}]}}