{"id":39338,"date":"2020-12-15T09:48:06","date_gmt":"2020-12-15T08:48:06","guid":{"rendered":"https:\/\/hubsch-interior.com\/product\/product-9\/"},"modified":"2026-04-09T04:47:28","modified_gmt":"2026-04-09T02:47:28","slug":"piccolo-tablette-naturel","status":"publish","type":"product","link":"https:\/\/hubsch-interior.com\/fr\/produit\/piccolo-tablette-naturel\/","title":{"rendered":"Piccolo Tablette Naturel"},"content":{"rendered":"<p>La tablette Piccolo Naturel est fabriqu\u00e9e en placage de ch\u00eane et certifi\u00e9e FSC. Elle est \u00e9l\u00e9gante et \u00e0 la fois solide et durable. Dot\u00e9e d&#8217;un rev\u00eatement naturel et r\u00e9sistant, elle s&#8217;adaptera \u00e0 tous les int\u00e9rieurs. Son aspect raffin\u00e9 et son design intemporel en font une pi\u00e8ce indispensable \u00e0 votre d\u00e9coration int\u00e9rieure. Avec sa taille compacte, elle trouvera facilement sa place partout et sera un ajout unique \u00e0 votre espace.<\/p>\n","protected":false},"excerpt":{"rendered":"<p>La tablette Piccolo Naturel est fabriqu\u00e9e en placage de ch\u00eane et certifi\u00e9e FSC. Elle est \u00e9l\u00e9gante et \u00e0 la fois solide et durable. Dot\u00e9e d&#8217;un rev\u00eatement naturel et r\u00e9sistant, elle s&#8217;adaptera \u00e0 tous les int\u00e9rieurs. Son aspect raffin\u00e9 et son design intemporel en font une pi\u00e8ce indispensable \u00e0 votre d\u00e9coration int\u00e9rieure. Avec sa taille compacte, [&hellip;]<\/p>\n","protected":false},"featured_media":1101707,"template":"","meta":{"_acf_changed":false,"inline_featured_image":false},"product_brand":[],"product_cat":[6943,6322,2859,4802,4001,4023,5026],"product_tag":[],"class_list":{"0":"post-39338","1":"product","2":"type-product","3":"status-publish","4":"has-post-thumbnail","6":"product_cat-bestseller-2025-fr","7":"product_cat-fsc-fr","8":"product_cat-tables-fr","9":"product_cat-tables-de-chevet-fr","10":"product_cat-etageres-et-meubles-de-rangement-fr","11":"product_cat-etageres-murales-fr","12":"product_cat-bestsellers-fr","13":"product_shipping_class-pk","15":"pa_color-naturel-2","16":"pa_material-mdf-fr","17":"pa_material-placage-de-chne-2","19":"first","20":"instock","21":"featured","22":"taxable","23":"shipping-taxable","24":"purchasable","25":"product-type-simple"},"exclude_global_add_ons":[],"addons":[],"acf":[],"yoast_head":"<!-- This site is optimized with the Yoast SEO plugin v26.4 - https:\/\/yoast.com\/wordpress\/plugins\/seo\/ -->\n<title>Piccolo Tablette Naturel - H\u00fcbsch<\/title>\n<meta name=\"description\" content=\"La tablette Piccolo Naturel est fabriqu\u00e9e en placage de ch\u00eane et certifi\u00e9e FSC. Elle est \u00e9l\u00e9gante et \u00e0 la fois solide et durable. Dot\u00e9e d&#039;un rev\u00eatement\" \/>\n<meta name=\"robots\" content=\"index, follow, max-snippet:-1, max-image-preview:large, max-video-preview:-1\" \/>\n<link rel=\"canonical\" href=\"https:\/\/hubsch-interior.com\/fr\/wp-json\/wp\/v2\/product\/39338\" \/>\n<meta property=\"og:locale\" content=\"fr_FR\" \/>\n<meta property=\"og:type\" content=\"article\" \/>\n<meta property=\"og:title\" content=\"Piccolo Tablette Naturel - H\u00fcbsch\" \/>\n<meta property=\"og:description\" content=\"La tablette Piccolo Naturel est fabriqu\u00e9e en placage de ch\u00eane et certifi\u00e9e FSC. Elle est \u00e9l\u00e9gante et \u00e0 la fois solide et durable. Dot\u00e9e d&#039;un rev\u00eatement\" \/>\n<meta property=\"og:url\" content=\"https:\/\/hubsch-interior.com\/fr\/produit\/piccolo-tablette-naturel\/\" \/>\n<meta property=\"og:site_name\" content=\"H\u00fcbsch\" \/>\n<meta property=\"article:modified_time\" content=\"2026-04-09T02:47:28+00:00\" \/>\n<meta property=\"og:image\" content=\"https:\/\/hubsch-interior.com\/wp-content\/uploads\/2024\/12\/piccolo-shelf-natural-e331df01ddf6005d979ba768c7cdf55a.jpg\" \/>\n\t<meta property=\"og:image:width\" content=\"1200\" \/>\n\t<meta property=\"og:image:height\" content=\"1200\" \/>\n\t<meta property=\"og:image:type\" content=\"image\/jpeg\" \/>\n<meta name=\"twitter:card\" content=\"summary_large_image\" \/>\n<script type=\"application\/ld+json\" class=\"yoast-schema-graph\">{\"@context\":\"https:\/\/schema.org\",\"@graph\":[{\"@type\":\"WebPage\",\"@id\":\"https:\/\/hubsch-interior.com\/fr\/produit\/piccolo-tablette-naturel\/\",\"url\":\"https:\/\/hubsch-interior.com\/fr\/produit\/piccolo-tablette-naturel\/\",\"name\":\"Piccolo Tablette Naturel - H\u00fcbsch\",\"isPartOf\":{\"@id\":\"https:\/\/hubsch-interior.com\/fr\/#website\"},\"primaryImageOfPage\":{\"@id\":\"https:\/\/hubsch-interior.com\/fr\/produit\/piccolo-tablette-naturel\/#primaryimage\"},\"image\":{\"@id\":\"https:\/\/hubsch-interior.com\/fr\/produit\/piccolo-tablette-naturel\/#primaryimage\"},\"thumbnailUrl\":\"https:\/\/hubsch-interior.com\/wp-content\/uploads\/2026\/02\/piccolo-shelf-natural-90c869504898fc671ce5f11a614c3d61.jpg\",\"datePublished\":\"2020-12-15T08:48:06+00:00\",\"dateModified\":\"2026-04-09T02:47:28+00:00\",\"description\":\"La tablette Piccolo Naturel est fabriqu\u00e9e en placage de ch\u00eane et certifi\u00e9e FSC. Elle est \u00e9l\u00e9gante et \u00e0 la fois solide et durable. Dot\u00e9e d'un rev\u00eatement\",\"breadcrumb\":{\"@id\":\"https:\/\/hubsch-interior.com\/fr\/produit\/piccolo-tablette-naturel\/#breadcrumb\"},\"inLanguage\":\"fr-FR\",\"potentialAction\":[{\"@type\":\"ReadAction\",\"target\":[\"https:\/\/hubsch-interior.com\/fr\/produit\/piccolo-tablette-naturel\/\"]}]},{\"@type\":\"ImageObject\",\"inLanguage\":\"fr-FR\",\"@id\":\"https:\/\/hubsch-interior.com\/fr\/produit\/piccolo-tablette-naturel\/#primaryimage\",\"url\":\"https:\/\/hubsch-interior.com\/wp-content\/uploads\/2026\/02\/piccolo-shelf-natural-90c869504898fc671ce5f11a614c3d61.jpg\",\"contentUrl\":\"https:\/\/hubsch-interior.com\/wp-content\/uploads\/2026\/02\/piccolo-shelf-natural-90c869504898fc671ce5f11a614c3d61.jpg\",\"width\":1024,\"height\":1024},{\"@type\":\"BreadcrumbList\",\"@id\":\"https:\/\/hubsch-interior.com\/fr\/produit\/piccolo-tablette-naturel\/#breadcrumb\",\"itemListElement\":[{\"@type\":\"ListItem\",\"position\":1,\"name\":\"Page d'accueil\",\"item\":\"https:\/\/hubsch-interior.com\/fr\/\"},{\"@type\":\"ListItem\",\"position\":2,\"name\":\"Produits\",\"item\":\"https:\/\/hubsch-interior.com\/fr\/shop-2\/\"},{\"@type\":\"ListItem\",\"position\":3,\"name\":\"Meubles\",\"item\":\"https:\/\/hubsch-interior.com\/fr\/categorie-produit\/meubles\/\"},{\"@type\":\"ListItem\",\"position\":4,\"name\":\"Tables\",\"item\":\"https:\/\/hubsch-interior.com\/fr\/categorie-produit\/meubles\/tables-fr\/\"},{\"@type\":\"ListItem\",\"position\":5,\"name\":\"Tables de chevet\",\"item\":\"https:\/\/hubsch-interior.com\/fr\/categorie-produit\/meubles\/tables-fr\/tables-de-chevet-fr\/\"},{\"@type\":\"ListItem\",\"position\":6,\"name\":\"Piccolo Tablette Naturel\"}]},{\"@type\":\"WebSite\",\"@id\":\"https:\/\/hubsch-interior.com\/fr\/#website\",\"url\":\"https:\/\/hubsch-interior.com\/fr\/\",\"name\":\"H\u00fcbsch\",\"description\":\"Danish Home Interior and Design\",\"publisher\":{\"@id\":\"https:\/\/hubsch-interior.com\/fr\/#organization\"},\"potentialAction\":[{\"@type\":\"SearchAction\",\"target\":{\"@type\":\"EntryPoint\",\"urlTemplate\":\"https:\/\/hubsch-interior.com\/fr\/?s={search_term_string}\"},\"query-input\":{\"@type\":\"PropertyValueSpecification\",\"valueRequired\":true,\"valueName\":\"search_term_string\"}}],\"inLanguage\":\"fr-FR\"},{\"@type\":\"Organization\",\"@id\":\"https:\/\/hubsch-interior.com\/fr\/#organization\",\"name\":\"H\u00fcbsch\",\"url\":\"https:\/\/hubsch-interior.com\/fr\/\",\"logo\":{\"@type\":\"ImageObject\",\"inLanguage\":\"fr-FR\",\"@id\":\"https:\/\/hubsch-interior.com\/fr\/#\/schema\/logo\/image\/\",\"url\":\"https:\/\/hubsch-interior.com\/wp-content\/uploads\/2022\/12\/Hubsch_logo_black_one_line.svg\",\"contentUrl\":\"https:\/\/hubsch-interior.com\/wp-content\/uploads\/2022\/12\/Hubsch_logo_black_one_line.svg\",\"caption\":\"H\u00fcbsch\"},\"image\":{\"@id\":\"https:\/\/hubsch-interior.com\/fr\/#\/schema\/logo\/image\/\"}}]}<\/script>\n<!-- \/ Yoast SEO plugin. -->","yoast_head_json":{"title":"Piccolo Tablette Naturel - H\u00fcbsch","description":"La tablette Piccolo Naturel est fabriqu\u00e9e en placage de ch\u00eane et certifi\u00e9e FSC. Elle est \u00e9l\u00e9gante et \u00e0 la fois solide et durable. Dot\u00e9e d'un rev\u00eatement","robots":{"index":"index","follow":"follow","max-snippet":"max-snippet:-1","max-image-preview":"max-image-preview:large","max-video-preview":"max-video-preview:-1"},"canonical":"https:\/\/hubsch-interior.com\/fr\/wp-json\/wp\/v2\/product\/39338","og_locale":"fr_FR","og_type":"article","og_title":"Piccolo Tablette Naturel - H\u00fcbsch","og_description":"La tablette Piccolo Naturel est fabriqu\u00e9e en placage de ch\u00eane et certifi\u00e9e FSC. Elle est \u00e9l\u00e9gante et \u00e0 la fois solide et durable. Dot\u00e9e d'un rev\u00eatement","og_url":"https:\/\/hubsch-interior.com\/fr\/produit\/piccolo-tablette-naturel\/","og_site_name":"H\u00fcbsch","article_modified_time":"2026-04-09T02:47:28+00:00","og_image":[{"width":1200,"height":1200,"url":"https:\/\/hubsch-interior.com\/wp-content\/uploads\/2024\/12\/piccolo-shelf-natural-e331df01ddf6005d979ba768c7cdf55a.jpg","type":"image\/jpeg"}],"twitter_card":"summary_large_image","schema":{"@context":"https:\/\/schema.org","@graph":[{"@type":"WebPage","@id":"https:\/\/hubsch-interior.com\/fr\/produit\/piccolo-tablette-naturel\/","url":"https:\/\/hubsch-interior.com\/fr\/produit\/piccolo-tablette-naturel\/","name":"Piccolo Tablette Naturel - H\u00fcbsch","isPartOf":{"@id":"https:\/\/hubsch-interior.com\/fr\/#website"},"primaryImageOfPage":{"@id":"https:\/\/hubsch-interior.com\/fr\/produit\/piccolo-tablette-naturel\/#primaryimage"},"image":{"@id":"https:\/\/hubsch-interior.com\/fr\/produit\/piccolo-tablette-naturel\/#primaryimage"},"thumbnailUrl":"https:\/\/hubsch-interior.com\/wp-content\/uploads\/2026\/02\/piccolo-shelf-natural-90c869504898fc671ce5f11a614c3d61.jpg","datePublished":"2020-12-15T08:48:06+00:00","dateModified":"2026-04-09T02:47:28+00:00","description":"La tablette Piccolo Naturel est fabriqu\u00e9e en placage de ch\u00eane et certifi\u00e9e FSC. Elle est \u00e9l\u00e9gante et \u00e0 la fois solide et durable. Dot\u00e9e d'un rev\u00eatement","breadcrumb":{"@id":"https:\/\/hubsch-interior.com\/fr\/produit\/piccolo-tablette-naturel\/#breadcrumb"},"inLanguage":"fr-FR","potentialAction":[{"@type":"ReadAction","target":["https:\/\/hubsch-interior.com\/fr\/produit\/piccolo-tablette-naturel\/"]}]},{"@type":"ImageObject","inLanguage":"fr-FR","@id":"https:\/\/hubsch-interior.com\/fr\/produit\/piccolo-tablette-naturel\/#primaryimage","url":"https:\/\/hubsch-interior.com\/wp-content\/uploads\/2026\/02\/piccolo-shelf-natural-90c869504898fc671ce5f11a614c3d61.jpg","contentUrl":"https:\/\/hubsch-interior.com\/wp-content\/uploads\/2026\/02\/piccolo-shelf-natural-90c869504898fc671ce5f11a614c3d61.jpg","width":1024,"height":1024},{"@type":"BreadcrumbList","@id":"https:\/\/hubsch-interior.com\/fr\/produit\/piccolo-tablette-naturel\/#breadcrumb","itemListElement":[{"@type":"ListItem","position":1,"name":"Page d'accueil","item":"https:\/\/hubsch-interior.com\/fr\/"},{"@type":"ListItem","position":2,"name":"Produits","item":"https:\/\/hubsch-interior.com\/fr\/shop-2\/"},{"@type":"ListItem","position":3,"name":"Meubles","item":"https:\/\/hubsch-interior.com\/fr\/categorie-produit\/meubles\/"},{"@type":"ListItem","position":4,"name":"Tables","item":"https:\/\/hubsch-interior.com\/fr\/categorie-produit\/meubles\/tables-fr\/"},{"@type":"ListItem","position":5,"name":"Tables de chevet","item":"https:\/\/hubsch-interior.com\/fr\/categorie-produit\/meubles\/tables-fr\/tables-de-chevet-fr\/"},{"@type":"ListItem","position":6,"name":"Piccolo Tablette Naturel"}]},{"@type":"WebSite","@id":"https:\/\/hubsch-interior.com\/fr\/#website","url":"https:\/\/hubsch-interior.com\/fr\/","name":"H\u00fcbsch","description":"Danish Home Interior and Design","publisher":{"@id":"https:\/\/hubsch-interior.com\/fr\/#organization"},"potentialAction":[{"@type":"SearchAction","target":{"@type":"EntryPoint","urlTemplate":"https:\/\/hubsch-interior.com\/fr\/?s={search_term_string}"},"query-input":{"@type":"PropertyValueSpecification","valueRequired":true,"valueName":"search_term_string"}}],"inLanguage":"fr-FR"},{"@type":"Organization","@id":"https:\/\/hubsch-interior.com\/fr\/#organization","name":"H\u00fcbsch","url":"https:\/\/hubsch-interior.com\/fr\/","logo":{"@type":"ImageObject","inLanguage":"fr-FR","@id":"https:\/\/hubsch-interior.com\/fr\/#\/schema\/logo\/image\/","url":"https:\/\/hubsch-interior.com\/wp-content\/uploads\/2022\/12\/Hubsch_logo_black_one_line.svg","contentUrl":"https:\/\/hubsch-interior.com\/wp-content\/uploads\/2022\/12\/Hubsch_logo_black_one_line.svg","caption":"H\u00fcbsch"},"image":{"@id":"https:\/\/hubsch-interior.com\/fr\/#\/schema\/logo\/image\/"}}]}},"_links":{"self":[{"href":"https:\/\/hubsch-interior.com\/fr\/wp-json\/wp\/v2\/product\/39338","targetHints":{"allow":["GET"]}}],"collection":[{"href":"https:\/\/hubsch-interior.com\/fr\/wp-json\/wp\/v2\/product"}],"about":[{"href":"https:\/\/hubsch-interior.com\/fr\/wp-json\/wp\/v2\/types\/product"}],"wp:featuredmedia":[{"embeddable":true,"href":"https:\/\/hubsch-interior.com\/fr\/wp-json\/wp\/v2\/media\/1101707"}],"wp:attachment":[{"href":"https:\/\/hubsch-interior.com\/fr\/wp-json\/wp\/v2\/media?parent=39338"}],"wp:term":[{"taxonomy":"product_brand","embeddable":true,"href":"https:\/\/hubsch-interior.com\/fr\/wp-json\/wp\/v2\/product_brand?post=39338"},{"taxonomy":"product_cat","embeddable":true,"href":"https:\/\/hubsch-interior.com\/fr\/wp-json\/wp\/v2\/product_cat?post=39338"},{"taxonomy":"product_tag","embeddable":true,"href":"https:\/\/hubsch-interior.com\/fr\/wp-json\/wp\/v2\/product_tag?post=39338"}],"curies":[{"name":"wp","href":"https:\/\/api.w.org\/{rel}","templated":true}]}}