{"id":393928,"date":"2021-06-04T10:05:29","date_gmt":"2021-06-04T08:05:29","guid":{"rendered":"https:\/\/hubsch-interior.com\/shop-b2c\/product\/product-6\/"},"modified":"2026-04-09T04:45:47","modified_gmt":"2026-04-09T02:45:47","slug":"market-porte-revues-naturel","status":"publish","type":"product","link":"https:\/\/hubsch-interior.com\/fr\/produit\/market-porte-revues-naturel\/","title":{"rendered":"Market Porte-revues Naturel"},"content":{"rendered":"<p>Porte-revues mural en ch\u00eane certifi\u00e9 FSC. Affichez vos magazines d\u2019une mani\u00e8re \u00e9l\u00e9gante gr\u00e2ce \u00e0 ce magnifique porte-revues en bois de ch\u00eane. Son look \u00e9pur\u00e9 et minimaliste conviendra \u00e0 plusieurs styles d\u2019int\u00e9rieur.<\/p>\n","protected":false},"excerpt":{"rendered":"<p>Porte-revues mural en ch\u00eane certifi\u00e9 FSC. Affichez vos magazines d\u2019une mani\u00e8re \u00e9l\u00e9gante gr\u00e2ce \u00e0 ce magnifique porte-revues en bois de ch\u00eane. Son look \u00e9pur\u00e9 et minimaliste conviendra \u00e0 plusieurs styles d\u2019int\u00e9rieur.<\/p>\n","protected":false},"featured_media":1101181,"template":"","meta":{"_acf_changed":false,"inline_featured_image":false},"product_brand":[],"product_cat":[6322,3110,4019,5026,5030],"product_tag":[],"class_list":{"0":"post-393928","1":"product","2":"type-product","3":"status-publish","4":"has-post-thumbnail","6":"product_cat-fsc-fr","7":"product_cat-espace-de-rangement-fr","8":"product_cat-porte-revues-fr","9":"product_cat-bestsellers-fr","10":"product_cat-de-nouveau-en-stock-fr","11":"product_shipping_class-pk","13":"pa_color-naturel-2","14":"pa_material-bois-de-chne-2","16":"first","17":"instock","18":"featured","19":"taxable","20":"shipping-taxable","21":"purchasable","22":"product-type-simple"},"exclude_global_add_ons":[],"addons":[],"acf":[],"yoast_head":"<!-- This site is optimized with the Yoast SEO plugin v26.4 - https:\/\/yoast.com\/wordpress\/plugins\/seo\/ -->\n<title>Market Porte-revues Naturel - H\u00fcbsch<\/title>\n<meta name=\"description\" content=\"Porte-revues mural en ch\u00eane certifi\u00e9 FSC. Affichez vos magazines d\u2019une mani\u00e8re \u00e9l\u00e9gante gr\u00e2ce \u00e0 ce magnifique porte-revues en bois de ch\u00eane. Son look\" \/>\n<meta name=\"robots\" content=\"index, follow, max-snippet:-1, max-image-preview:large, max-video-preview:-1\" \/>\n<link rel=\"canonical\" href=\"https:\/\/hubsch-interior.com\/fr\/wp-json\/wp\/v2\/product\/393928\" \/>\n<meta property=\"og:locale\" content=\"fr_FR\" \/>\n<meta property=\"og:type\" content=\"article\" \/>\n<meta property=\"og:title\" content=\"Market Porte-revues Naturel - H\u00fcbsch\" \/>\n<meta property=\"og:description\" content=\"Porte-revues mural en ch\u00eane certifi\u00e9 FSC. Affichez vos magazines d\u2019une mani\u00e8re \u00e9l\u00e9gante gr\u00e2ce \u00e0 ce magnifique porte-revues en bois de ch\u00eane. Son look\" \/>\n<meta property=\"og:url\" content=\"https:\/\/hubsch-interior.com\/fr\/produit\/market-porte-revues-naturel\/\" \/>\n<meta property=\"og:site_name\" content=\"H\u00fcbsch\" \/>\n<meta property=\"article:modified_time\" content=\"2026-04-09T02:45:47+00:00\" \/>\n<meta property=\"og:image\" content=\"https:\/\/hubsch-interior.com\/wp-content\/uploads\/2024\/03\/market-magazine-holder-natural-f22b2facf119162daf263c4c74b5a35d.jpg\" \/>\n\t<meta property=\"og:image:width\" content=\"1200\" \/>\n\t<meta property=\"og:image:height\" content=\"1200\" \/>\n\t<meta property=\"og:image:type\" content=\"image\/jpeg\" \/>\n<meta name=\"twitter:card\" content=\"summary_large_image\" \/>\n<script type=\"application\/ld+json\" class=\"yoast-schema-graph\">{\"@context\":\"https:\/\/schema.org\",\"@graph\":[{\"@type\":\"WebPage\",\"@id\":\"https:\/\/hubsch-interior.com\/fr\/produit\/market-porte-revues-naturel\/\",\"url\":\"https:\/\/hubsch-interior.com\/fr\/produit\/market-porte-revues-naturel\/\",\"name\":\"Market Porte-revues Naturel - H\u00fcbsch\",\"isPartOf\":{\"@id\":\"https:\/\/hubsch-interior.com\/fr\/#website\"},\"primaryImageOfPage\":{\"@id\":\"https:\/\/hubsch-interior.com\/fr\/produit\/market-porte-revues-naturel\/#primaryimage\"},\"image\":{\"@id\":\"https:\/\/hubsch-interior.com\/fr\/produit\/market-porte-revues-naturel\/#primaryimage\"},\"thumbnailUrl\":\"https:\/\/hubsch-interior.com\/wp-content\/uploads\/2026\/02\/market-magazine-holder-natural-2cb8448d70eb324730133936f054b08c.jpg\",\"datePublished\":\"2021-06-04T08:05:29+00:00\",\"dateModified\":\"2026-04-09T02:45:47+00:00\",\"description\":\"Porte-revues mural en ch\u00eane certifi\u00e9 FSC. Affichez vos magazines d\u2019une mani\u00e8re \u00e9l\u00e9gante gr\u00e2ce \u00e0 ce magnifique porte-revues en bois de ch\u00eane. Son look\",\"breadcrumb\":{\"@id\":\"https:\/\/hubsch-interior.com\/fr\/produit\/market-porte-revues-naturel\/#breadcrumb\"},\"inLanguage\":\"fr-FR\",\"potentialAction\":[{\"@type\":\"ReadAction\",\"target\":[\"https:\/\/hubsch-interior.com\/fr\/produit\/market-porte-revues-naturel\/\"]}]},{\"@type\":\"ImageObject\",\"inLanguage\":\"fr-FR\",\"@id\":\"https:\/\/hubsch-interior.com\/fr\/produit\/market-porte-revues-naturel\/#primaryimage\",\"url\":\"https:\/\/hubsch-interior.com\/wp-content\/uploads\/2026\/02\/market-magazine-holder-natural-2cb8448d70eb324730133936f054b08c.jpg\",\"contentUrl\":\"https:\/\/hubsch-interior.com\/wp-content\/uploads\/2026\/02\/market-magazine-holder-natural-2cb8448d70eb324730133936f054b08c.jpg\",\"width\":1024,\"height\":1024},{\"@type\":\"BreadcrumbList\",\"@id\":\"https:\/\/hubsch-interior.com\/fr\/produit\/market-porte-revues-naturel\/#breadcrumb\",\"itemListElement\":[{\"@type\":\"ListItem\",\"position\":1,\"name\":\"Page d'accueil\",\"item\":\"https:\/\/hubsch-interior.com\/fr\/\"},{\"@type\":\"ListItem\",\"position\":2,\"name\":\"Produits\",\"item\":\"https:\/\/hubsch-interior.com\/fr\/shop-2\/\"},{\"@type\":\"ListItem\",\"position\":3,\"name\":\"Accessoires maison\",\"item\":\"https:\/\/hubsch-interior.com\/fr\/categorie-produit\/accessoires-maison\/\"},{\"@type\":\"ListItem\",\"position\":4,\"name\":\"Espace de rangement\",\"item\":\"https:\/\/hubsch-interior.com\/fr\/categorie-produit\/accessoires-maison\/espace-de-rangement-fr\/\"},{\"@type\":\"ListItem\",\"position\":5,\"name\":\"Porte-revues\",\"item\":\"https:\/\/hubsch-interior.com\/fr\/categorie-produit\/accessoires-maison\/espace-de-rangement-fr\/porte-revues-fr\/\"},{\"@type\":\"ListItem\",\"position\":6,\"name\":\"Market Porte-revues Naturel\"}]},{\"@type\":\"WebSite\",\"@id\":\"https:\/\/hubsch-interior.com\/fr\/#website\",\"url\":\"https:\/\/hubsch-interior.com\/fr\/\",\"name\":\"H\u00fcbsch\",\"description\":\"Danish Home Interior and Design\",\"publisher\":{\"@id\":\"https:\/\/hubsch-interior.com\/fr\/#organization\"},\"potentialAction\":[{\"@type\":\"SearchAction\",\"target\":{\"@type\":\"EntryPoint\",\"urlTemplate\":\"https:\/\/hubsch-interior.com\/fr\/?s={search_term_string}\"},\"query-input\":{\"@type\":\"PropertyValueSpecification\",\"valueRequired\":true,\"valueName\":\"search_term_string\"}}],\"inLanguage\":\"fr-FR\"},{\"@type\":\"Organization\",\"@id\":\"https:\/\/hubsch-interior.com\/fr\/#organization\",\"name\":\"H\u00fcbsch\",\"url\":\"https:\/\/hubsch-interior.com\/fr\/\",\"logo\":{\"@type\":\"ImageObject\",\"inLanguage\":\"fr-FR\",\"@id\":\"https:\/\/hubsch-interior.com\/fr\/#\/schema\/logo\/image\/\",\"url\":\"https:\/\/hubsch-interior.com\/wp-content\/uploads\/2022\/12\/Hubsch_logo_black_one_line.svg\",\"contentUrl\":\"https:\/\/hubsch-interior.com\/wp-content\/uploads\/2022\/12\/Hubsch_logo_black_one_line.svg\",\"caption\":\"H\u00fcbsch\"},\"image\":{\"@id\":\"https:\/\/hubsch-interior.com\/fr\/#\/schema\/logo\/image\/\"}}]}<\/script>\n<!-- \/ Yoast SEO plugin. -->","yoast_head_json":{"title":"Market Porte-revues Naturel - H\u00fcbsch","description":"Porte-revues mural en ch\u00eane certifi\u00e9 FSC. Affichez vos magazines d\u2019une mani\u00e8re \u00e9l\u00e9gante gr\u00e2ce \u00e0 ce magnifique porte-revues en bois de ch\u00eane. Son look","robots":{"index":"index","follow":"follow","max-snippet":"max-snippet:-1","max-image-preview":"max-image-preview:large","max-video-preview":"max-video-preview:-1"},"canonical":"https:\/\/hubsch-interior.com\/fr\/wp-json\/wp\/v2\/product\/393928","og_locale":"fr_FR","og_type":"article","og_title":"Market Porte-revues Naturel - H\u00fcbsch","og_description":"Porte-revues mural en ch\u00eane certifi\u00e9 FSC. Affichez vos magazines d\u2019une mani\u00e8re \u00e9l\u00e9gante gr\u00e2ce \u00e0 ce magnifique porte-revues en bois de ch\u00eane. Son look","og_url":"https:\/\/hubsch-interior.com\/fr\/produit\/market-porte-revues-naturel\/","og_site_name":"H\u00fcbsch","article_modified_time":"2026-04-09T02:45:47+00:00","og_image":[{"width":1200,"height":1200,"url":"https:\/\/hubsch-interior.com\/wp-content\/uploads\/2024\/03\/market-magazine-holder-natural-f22b2facf119162daf263c4c74b5a35d.jpg","type":"image\/jpeg"}],"twitter_card":"summary_large_image","schema":{"@context":"https:\/\/schema.org","@graph":[{"@type":"WebPage","@id":"https:\/\/hubsch-interior.com\/fr\/produit\/market-porte-revues-naturel\/","url":"https:\/\/hubsch-interior.com\/fr\/produit\/market-porte-revues-naturel\/","name":"Market Porte-revues Naturel - H\u00fcbsch","isPartOf":{"@id":"https:\/\/hubsch-interior.com\/fr\/#website"},"primaryImageOfPage":{"@id":"https:\/\/hubsch-interior.com\/fr\/produit\/market-porte-revues-naturel\/#primaryimage"},"image":{"@id":"https:\/\/hubsch-interior.com\/fr\/produit\/market-porte-revues-naturel\/#primaryimage"},"thumbnailUrl":"https:\/\/hubsch-interior.com\/wp-content\/uploads\/2026\/02\/market-magazine-holder-natural-2cb8448d70eb324730133936f054b08c.jpg","datePublished":"2021-06-04T08:05:29+00:00","dateModified":"2026-04-09T02:45:47+00:00","description":"Porte-revues mural en ch\u00eane certifi\u00e9 FSC. Affichez vos magazines d\u2019une mani\u00e8re \u00e9l\u00e9gante gr\u00e2ce \u00e0 ce magnifique porte-revues en bois de ch\u00eane. Son look","breadcrumb":{"@id":"https:\/\/hubsch-interior.com\/fr\/produit\/market-porte-revues-naturel\/#breadcrumb"},"inLanguage":"fr-FR","potentialAction":[{"@type":"ReadAction","target":["https:\/\/hubsch-interior.com\/fr\/produit\/market-porte-revues-naturel\/"]}]},{"@type":"ImageObject","inLanguage":"fr-FR","@id":"https:\/\/hubsch-interior.com\/fr\/produit\/market-porte-revues-naturel\/#primaryimage","url":"https:\/\/hubsch-interior.com\/wp-content\/uploads\/2026\/02\/market-magazine-holder-natural-2cb8448d70eb324730133936f054b08c.jpg","contentUrl":"https:\/\/hubsch-interior.com\/wp-content\/uploads\/2026\/02\/market-magazine-holder-natural-2cb8448d70eb324730133936f054b08c.jpg","width":1024,"height":1024},{"@type":"BreadcrumbList","@id":"https:\/\/hubsch-interior.com\/fr\/produit\/market-porte-revues-naturel\/#breadcrumb","itemListElement":[{"@type":"ListItem","position":1,"name":"Page d'accueil","item":"https:\/\/hubsch-interior.com\/fr\/"},{"@type":"ListItem","position":2,"name":"Produits","item":"https:\/\/hubsch-interior.com\/fr\/shop-2\/"},{"@type":"ListItem","position":3,"name":"Accessoires maison","item":"https:\/\/hubsch-interior.com\/fr\/categorie-produit\/accessoires-maison\/"},{"@type":"ListItem","position":4,"name":"Espace de rangement","item":"https:\/\/hubsch-interior.com\/fr\/categorie-produit\/accessoires-maison\/espace-de-rangement-fr\/"},{"@type":"ListItem","position":5,"name":"Porte-revues","item":"https:\/\/hubsch-interior.com\/fr\/categorie-produit\/accessoires-maison\/espace-de-rangement-fr\/porte-revues-fr\/"},{"@type":"ListItem","position":6,"name":"Market Porte-revues Naturel"}]},{"@type":"WebSite","@id":"https:\/\/hubsch-interior.com\/fr\/#website","url":"https:\/\/hubsch-interior.com\/fr\/","name":"H\u00fcbsch","description":"Danish Home Interior and Design","publisher":{"@id":"https:\/\/hubsch-interior.com\/fr\/#organization"},"potentialAction":[{"@type":"SearchAction","target":{"@type":"EntryPoint","urlTemplate":"https:\/\/hubsch-interior.com\/fr\/?s={search_term_string}"},"query-input":{"@type":"PropertyValueSpecification","valueRequired":true,"valueName":"search_term_string"}}],"inLanguage":"fr-FR"},{"@type":"Organization","@id":"https:\/\/hubsch-interior.com\/fr\/#organization","name":"H\u00fcbsch","url":"https:\/\/hubsch-interior.com\/fr\/","logo":{"@type":"ImageObject","inLanguage":"fr-FR","@id":"https:\/\/hubsch-interior.com\/fr\/#\/schema\/logo\/image\/","url":"https:\/\/hubsch-interior.com\/wp-content\/uploads\/2022\/12\/Hubsch_logo_black_one_line.svg","contentUrl":"https:\/\/hubsch-interior.com\/wp-content\/uploads\/2022\/12\/Hubsch_logo_black_one_line.svg","caption":"H\u00fcbsch"},"image":{"@id":"https:\/\/hubsch-interior.com\/fr\/#\/schema\/logo\/image\/"}}]}},"_links":{"self":[{"href":"https:\/\/hubsch-interior.com\/fr\/wp-json\/wp\/v2\/product\/393928","targetHints":{"allow":["GET"]}}],"collection":[{"href":"https:\/\/hubsch-interior.com\/fr\/wp-json\/wp\/v2\/product"}],"about":[{"href":"https:\/\/hubsch-interior.com\/fr\/wp-json\/wp\/v2\/types\/product"}],"wp:featuredmedia":[{"embeddable":true,"href":"https:\/\/hubsch-interior.com\/fr\/wp-json\/wp\/v2\/media\/1101181"}],"wp:attachment":[{"href":"https:\/\/hubsch-interior.com\/fr\/wp-json\/wp\/v2\/media?parent=393928"}],"wp:term":[{"taxonomy":"product_brand","embeddable":true,"href":"https:\/\/hubsch-interior.com\/fr\/wp-json\/wp\/v2\/product_brand?post=393928"},{"taxonomy":"product_cat","embeddable":true,"href":"https:\/\/hubsch-interior.com\/fr\/wp-json\/wp\/v2\/product_cat?post=393928"},{"taxonomy":"product_tag","embeddable":true,"href":"https:\/\/hubsch-interior.com\/fr\/wp-json\/wp\/v2\/product_tag?post=393928"}],"curies":[{"name":"wp","href":"https:\/\/api.w.org\/{rel}","templated":true}]}}