{"id":39398,"date":"2020-12-15T09:48:26","date_gmt":"2020-12-15T08:48:26","guid":{"rendered":"https:\/\/hubsch-interior.com\/product\/product-9\/"},"modified":"2026-04-05T04:48:37","modified_gmt":"2026-04-05T02:48:37","slug":"split-table-basse-naturel","status":"publish","type":"product","link":"https:\/\/hubsch-interior.com\/fr\/produit\/split-table-basse-naturel\/","title":{"rendered":"Split Table basse Naturel"},"content":{"rendered":"<p>La Table basse Split Naturel est fabriqu\u00e9e en placage d&#8217;ch\u00eane et est certifi\u00e9e FSC. Elle apporte une touche naturelle \u00e0 votre int\u00e9rieur. Avec ses lignes \u00e9pur\u00e9es, cette table \u00e0 une pr\u00e9sence discr\u00e8te mais moderne. La surface lisse et durable permet \u00e0 cette table de s&#8217;int\u00e9grer parfaitement \u00e0 votre d\u00e9cor. Cette table basse est parfaite pour le salon, la chambre ou d&#8217;autres pi\u00e8ces. La Table basse Split Naturel est un choix parfait pour tous ceux qui recherchent un style \u00e9l\u00e9gant et durable.<\/p>\n","protected":false},"excerpt":{"rendered":"<p>La Table basse Split Naturel est fabriqu\u00e9e en placage d&#8217;ch\u00eane et est certifi\u00e9e FSC. Elle apporte une touche naturelle \u00e0 votre int\u00e9rieur. Avec ses lignes \u00e9pur\u00e9es, cette table \u00e0 une pr\u00e9sence discr\u00e8te mais moderne. La surface lisse et durable permet \u00e0 cette table de s&#8217;int\u00e9grer parfaitement \u00e0 votre d\u00e9cor. Cette table basse est parfaite pour [&hellip;]<\/p>\n","protected":false},"featured_media":1101763,"template":"","meta":{"_acf_changed":false,"inline_featured_image":false},"product_brand":[],"product_cat":[2859,2873,5026],"product_tag":[],"class_list":{"0":"post-39398","1":"product","2":"type-product","3":"status-publish","4":"has-post-thumbnail","6":"product_cat-tables-fr","7":"product_cat-tables-basses-fr","8":"product_cat-bestsellers-fr","9":"product_shipping_class-p05","11":"pa_color-naturel-2","12":"pa_material-mdf-fr","13":"pa_material-placage-de-chne-2","15":"first","16":"outofstock","17":"featured","18":"taxable","19":"shipping-taxable","20":"purchasable","21":"product-type-simple"},"exclude_global_add_ons":[],"addons":[],"acf":[],"yoast_head":"<!-- This site is optimized with the Yoast SEO plugin v26.4 - https:\/\/yoast.com\/wordpress\/plugins\/seo\/ -->\n<title>Split Table basse Naturel - H\u00fcbsch<\/title>\n<meta name=\"description\" content=\"La Table basse Split Naturel est fabriqu\u00e9e en placage d&#039;ch\u00eane et est certifi\u00e9e FSC. Elle apporte une touche naturelle \u00e0 votre int\u00e9rieur. Avec ses lignes\" \/>\n<meta name=\"robots\" content=\"index, follow, max-snippet:-1, max-image-preview:large, max-video-preview:-1\" \/>\n<link rel=\"canonical\" href=\"https:\/\/hubsch-interior.com\/fr\/wp-json\/wp\/v2\/product\/39398\" \/>\n<meta property=\"og:locale\" content=\"fr_FR\" \/>\n<meta property=\"og:type\" content=\"article\" \/>\n<meta property=\"og:title\" content=\"Split Table basse Naturel - H\u00fcbsch\" \/>\n<meta property=\"og:description\" content=\"La Table basse Split Naturel est fabriqu\u00e9e en placage d&#039;ch\u00eane et est certifi\u00e9e FSC. Elle apporte une touche naturelle \u00e0 votre int\u00e9rieur. Avec ses lignes\" \/>\n<meta property=\"og:url\" content=\"https:\/\/hubsch-interior.com\/fr\/produit\/split-table-basse-naturel\/\" \/>\n<meta property=\"og:site_name\" content=\"H\u00fcbsch\" \/>\n<meta property=\"article:modified_time\" content=\"2026-04-05T02:48:37+00:00\" \/>\n<meta property=\"og:image\" content=\"https:\/\/hubsch-interior.com\/wp-content\/uploads\/2023\/08\/split-coffee-table-natural-035af2fd9a2b00e2dd2f7d2b75604111.jpg\" \/>\n\t<meta property=\"og:image:width\" content=\"1200\" \/>\n\t<meta property=\"og:image:height\" content=\"1200\" \/>\n\t<meta property=\"og:image:type\" content=\"image\/jpeg\" \/>\n<meta name=\"twitter:card\" content=\"summary_large_image\" \/>\n<script type=\"application\/ld+json\" class=\"yoast-schema-graph\">{\"@context\":\"https:\/\/schema.org\",\"@graph\":[{\"@type\":\"WebPage\",\"@id\":\"https:\/\/hubsch-interior.com\/fr\/produit\/split-table-basse-naturel\/\",\"url\":\"https:\/\/hubsch-interior.com\/fr\/produit\/split-table-basse-naturel\/\",\"name\":\"Split Table basse Naturel - H\u00fcbsch\",\"isPartOf\":{\"@id\":\"https:\/\/hubsch-interior.com\/fr\/#website\"},\"primaryImageOfPage\":{\"@id\":\"https:\/\/hubsch-interior.com\/fr\/produit\/split-table-basse-naturel\/#primaryimage\"},\"image\":{\"@id\":\"https:\/\/hubsch-interior.com\/fr\/produit\/split-table-basse-naturel\/#primaryimage\"},\"thumbnailUrl\":\"https:\/\/hubsch-interior.com\/wp-content\/uploads\/2026\/02\/split-coffee-table-natural-f6a4b55fabc87bb91e0ce25d2bd0a73f.jpg\",\"datePublished\":\"2020-12-15T08:48:26+00:00\",\"dateModified\":\"2026-04-05T02:48:37+00:00\",\"description\":\"La Table basse Split Naturel est fabriqu\u00e9e en placage d'ch\u00eane et est certifi\u00e9e FSC. Elle apporte une touche naturelle \u00e0 votre int\u00e9rieur. Avec ses lignes\",\"breadcrumb\":{\"@id\":\"https:\/\/hubsch-interior.com\/fr\/produit\/split-table-basse-naturel\/#breadcrumb\"},\"inLanguage\":\"fr-FR\",\"potentialAction\":[{\"@type\":\"ReadAction\",\"target\":[\"https:\/\/hubsch-interior.com\/fr\/produit\/split-table-basse-naturel\/\"]}]},{\"@type\":\"ImageObject\",\"inLanguage\":\"fr-FR\",\"@id\":\"https:\/\/hubsch-interior.com\/fr\/produit\/split-table-basse-naturel\/#primaryimage\",\"url\":\"https:\/\/hubsch-interior.com\/wp-content\/uploads\/2026\/02\/split-coffee-table-natural-f6a4b55fabc87bb91e0ce25d2bd0a73f.jpg\",\"contentUrl\":\"https:\/\/hubsch-interior.com\/wp-content\/uploads\/2026\/02\/split-coffee-table-natural-f6a4b55fabc87bb91e0ce25d2bd0a73f.jpg\",\"width\":1024,\"height\":1024},{\"@type\":\"BreadcrumbList\",\"@id\":\"https:\/\/hubsch-interior.com\/fr\/produit\/split-table-basse-naturel\/#breadcrumb\",\"itemListElement\":[{\"@type\":\"ListItem\",\"position\":1,\"name\":\"Page d'accueil\",\"item\":\"https:\/\/hubsch-interior.com\/fr\/\"},{\"@type\":\"ListItem\",\"position\":2,\"name\":\"Produits\",\"item\":\"https:\/\/hubsch-interior.com\/fr\/shop-2\/\"},{\"@type\":\"ListItem\",\"position\":3,\"name\":\"Meubles\",\"item\":\"https:\/\/hubsch-interior.com\/fr\/categorie-produit\/meubles\/\"},{\"@type\":\"ListItem\",\"position\":4,\"name\":\"Tables\",\"item\":\"https:\/\/hubsch-interior.com\/fr\/categorie-produit\/meubles\/tables-fr\/\"},{\"@type\":\"ListItem\",\"position\":5,\"name\":\"Tables basses\",\"item\":\"https:\/\/hubsch-interior.com\/fr\/categorie-produit\/meubles\/tables-fr\/tables-basses-fr\/\"},{\"@type\":\"ListItem\",\"position\":6,\"name\":\"Split Table basse Naturel\"}]},{\"@type\":\"WebSite\",\"@id\":\"https:\/\/hubsch-interior.com\/fr\/#website\",\"url\":\"https:\/\/hubsch-interior.com\/fr\/\",\"name\":\"H\u00fcbsch\",\"description\":\"Danish Home Interior and Design\",\"publisher\":{\"@id\":\"https:\/\/hubsch-interior.com\/fr\/#organization\"},\"potentialAction\":[{\"@type\":\"SearchAction\",\"target\":{\"@type\":\"EntryPoint\",\"urlTemplate\":\"https:\/\/hubsch-interior.com\/fr\/?s={search_term_string}\"},\"query-input\":{\"@type\":\"PropertyValueSpecification\",\"valueRequired\":true,\"valueName\":\"search_term_string\"}}],\"inLanguage\":\"fr-FR\"},{\"@type\":\"Organization\",\"@id\":\"https:\/\/hubsch-interior.com\/fr\/#organization\",\"name\":\"H\u00fcbsch\",\"url\":\"https:\/\/hubsch-interior.com\/fr\/\",\"logo\":{\"@type\":\"ImageObject\",\"inLanguage\":\"fr-FR\",\"@id\":\"https:\/\/hubsch-interior.com\/fr\/#\/schema\/logo\/image\/\",\"url\":\"https:\/\/hubsch-interior.com\/wp-content\/uploads\/2022\/12\/Hubsch_logo_black_one_line.svg\",\"contentUrl\":\"https:\/\/hubsch-interior.com\/wp-content\/uploads\/2022\/12\/Hubsch_logo_black_one_line.svg\",\"caption\":\"H\u00fcbsch\"},\"image\":{\"@id\":\"https:\/\/hubsch-interior.com\/fr\/#\/schema\/logo\/image\/\"}}]}<\/script>\n<!-- \/ Yoast SEO plugin. -->","yoast_head_json":{"title":"Split Table basse Naturel - H\u00fcbsch","description":"La Table basse Split Naturel est fabriqu\u00e9e en placage d'ch\u00eane et est certifi\u00e9e FSC. Elle apporte une touche naturelle \u00e0 votre int\u00e9rieur. Avec ses lignes","robots":{"index":"index","follow":"follow","max-snippet":"max-snippet:-1","max-image-preview":"max-image-preview:large","max-video-preview":"max-video-preview:-1"},"canonical":"https:\/\/hubsch-interior.com\/fr\/wp-json\/wp\/v2\/product\/39398","og_locale":"fr_FR","og_type":"article","og_title":"Split Table basse Naturel - H\u00fcbsch","og_description":"La Table basse Split Naturel est fabriqu\u00e9e en placage d'ch\u00eane et est certifi\u00e9e FSC. Elle apporte une touche naturelle \u00e0 votre int\u00e9rieur. Avec ses lignes","og_url":"https:\/\/hubsch-interior.com\/fr\/produit\/split-table-basse-naturel\/","og_site_name":"H\u00fcbsch","article_modified_time":"2026-04-05T02:48:37+00:00","og_image":[{"width":1200,"height":1200,"url":"https:\/\/hubsch-interior.com\/wp-content\/uploads\/2023\/08\/split-coffee-table-natural-035af2fd9a2b00e2dd2f7d2b75604111.jpg","type":"image\/jpeg"}],"twitter_card":"summary_large_image","schema":{"@context":"https:\/\/schema.org","@graph":[{"@type":"WebPage","@id":"https:\/\/hubsch-interior.com\/fr\/produit\/split-table-basse-naturel\/","url":"https:\/\/hubsch-interior.com\/fr\/produit\/split-table-basse-naturel\/","name":"Split Table basse Naturel - H\u00fcbsch","isPartOf":{"@id":"https:\/\/hubsch-interior.com\/fr\/#website"},"primaryImageOfPage":{"@id":"https:\/\/hubsch-interior.com\/fr\/produit\/split-table-basse-naturel\/#primaryimage"},"image":{"@id":"https:\/\/hubsch-interior.com\/fr\/produit\/split-table-basse-naturel\/#primaryimage"},"thumbnailUrl":"https:\/\/hubsch-interior.com\/wp-content\/uploads\/2026\/02\/split-coffee-table-natural-f6a4b55fabc87bb91e0ce25d2bd0a73f.jpg","datePublished":"2020-12-15T08:48:26+00:00","dateModified":"2026-04-05T02:48:37+00:00","description":"La Table basse Split Naturel est fabriqu\u00e9e en placage d'ch\u00eane et est certifi\u00e9e FSC. Elle apporte une touche naturelle \u00e0 votre int\u00e9rieur. Avec ses lignes","breadcrumb":{"@id":"https:\/\/hubsch-interior.com\/fr\/produit\/split-table-basse-naturel\/#breadcrumb"},"inLanguage":"fr-FR","potentialAction":[{"@type":"ReadAction","target":["https:\/\/hubsch-interior.com\/fr\/produit\/split-table-basse-naturel\/"]}]},{"@type":"ImageObject","inLanguage":"fr-FR","@id":"https:\/\/hubsch-interior.com\/fr\/produit\/split-table-basse-naturel\/#primaryimage","url":"https:\/\/hubsch-interior.com\/wp-content\/uploads\/2026\/02\/split-coffee-table-natural-f6a4b55fabc87bb91e0ce25d2bd0a73f.jpg","contentUrl":"https:\/\/hubsch-interior.com\/wp-content\/uploads\/2026\/02\/split-coffee-table-natural-f6a4b55fabc87bb91e0ce25d2bd0a73f.jpg","width":1024,"height":1024},{"@type":"BreadcrumbList","@id":"https:\/\/hubsch-interior.com\/fr\/produit\/split-table-basse-naturel\/#breadcrumb","itemListElement":[{"@type":"ListItem","position":1,"name":"Page d'accueil","item":"https:\/\/hubsch-interior.com\/fr\/"},{"@type":"ListItem","position":2,"name":"Produits","item":"https:\/\/hubsch-interior.com\/fr\/shop-2\/"},{"@type":"ListItem","position":3,"name":"Meubles","item":"https:\/\/hubsch-interior.com\/fr\/categorie-produit\/meubles\/"},{"@type":"ListItem","position":4,"name":"Tables","item":"https:\/\/hubsch-interior.com\/fr\/categorie-produit\/meubles\/tables-fr\/"},{"@type":"ListItem","position":5,"name":"Tables basses","item":"https:\/\/hubsch-interior.com\/fr\/categorie-produit\/meubles\/tables-fr\/tables-basses-fr\/"},{"@type":"ListItem","position":6,"name":"Split Table basse Naturel"}]},{"@type":"WebSite","@id":"https:\/\/hubsch-interior.com\/fr\/#website","url":"https:\/\/hubsch-interior.com\/fr\/","name":"H\u00fcbsch","description":"Danish Home Interior and Design","publisher":{"@id":"https:\/\/hubsch-interior.com\/fr\/#organization"},"potentialAction":[{"@type":"SearchAction","target":{"@type":"EntryPoint","urlTemplate":"https:\/\/hubsch-interior.com\/fr\/?s={search_term_string}"},"query-input":{"@type":"PropertyValueSpecification","valueRequired":true,"valueName":"search_term_string"}}],"inLanguage":"fr-FR"},{"@type":"Organization","@id":"https:\/\/hubsch-interior.com\/fr\/#organization","name":"H\u00fcbsch","url":"https:\/\/hubsch-interior.com\/fr\/","logo":{"@type":"ImageObject","inLanguage":"fr-FR","@id":"https:\/\/hubsch-interior.com\/fr\/#\/schema\/logo\/image\/","url":"https:\/\/hubsch-interior.com\/wp-content\/uploads\/2022\/12\/Hubsch_logo_black_one_line.svg","contentUrl":"https:\/\/hubsch-interior.com\/wp-content\/uploads\/2022\/12\/Hubsch_logo_black_one_line.svg","caption":"H\u00fcbsch"},"image":{"@id":"https:\/\/hubsch-interior.com\/fr\/#\/schema\/logo\/image\/"}}]}},"_links":{"self":[{"href":"https:\/\/hubsch-interior.com\/fr\/wp-json\/wp\/v2\/product\/39398","targetHints":{"allow":["GET"]}}],"collection":[{"href":"https:\/\/hubsch-interior.com\/fr\/wp-json\/wp\/v2\/product"}],"about":[{"href":"https:\/\/hubsch-interior.com\/fr\/wp-json\/wp\/v2\/types\/product"}],"wp:featuredmedia":[{"embeddable":true,"href":"https:\/\/hubsch-interior.com\/fr\/wp-json\/wp\/v2\/media\/1101763"}],"wp:attachment":[{"href":"https:\/\/hubsch-interior.com\/fr\/wp-json\/wp\/v2\/media?parent=39398"}],"wp:term":[{"taxonomy":"product_brand","embeddable":true,"href":"https:\/\/hubsch-interior.com\/fr\/wp-json\/wp\/v2\/product_brand?post=39398"},{"taxonomy":"product_cat","embeddable":true,"href":"https:\/\/hubsch-interior.com\/fr\/wp-json\/wp\/v2\/product_cat?post=39398"},{"taxonomy":"product_tag","embeddable":true,"href":"https:\/\/hubsch-interior.com\/fr\/wp-json\/wp\/v2\/product_tag?post=39398"}],"curies":[{"name":"wp","href":"https:\/\/api.w.org\/{rel}","templated":true}]}}