{"id":394012,"date":"2021-06-04T10:05:50","date_gmt":"2021-06-04T08:05:50","guid":{"rendered":"https:\/\/hubsch-interior.com\/shop-b2c\/product\/product-6\/"},"modified":"2026-04-05T04:46:16","modified_gmt":"2026-04-05T02:46:16","slug":"monarch-planche-a-decouper-naturel","status":"publish","type":"product","link":"https:\/\/hubsch-interior.com\/fr\/produit\/monarch-planche-a-decouper-naturel\/","title":{"rendered":"Monarch Planche \u00e0 D\u00e9couper Naturel"},"content":{"rendered":"<p>La planche \u00e0 d\u00e9couper est en bois de ch\u00eane certifi\u00e9 FSC. Le design est intemporel et pratique. Vous pouvez utiliser la planche \u00e0 d\u00e9couper pour servir vos plats pr\u00e9f\u00e9r\u00e9s. La conception de la planche le rend parfait pour la viande. Ce produit est fait \u00e0 la main et peut donc varier.<\/p>\n","protected":false},"excerpt":{"rendered":"<p>La planche \u00e0 d\u00e9couper est en bois de ch\u00eane certifi\u00e9 FSC. Le design est intemporel et pratique. Vous pouvez utiliser la planche \u00e0 d\u00e9couper pour servir vos plats pr\u00e9f\u00e9r\u00e9s. La conception de la planche le rend parfait pour la viande. Ce produit est fait \u00e0 la main et peut donc varier.<\/p>\n","protected":false},"featured_media":1101265,"template":"","meta":{"_acf_changed":false,"inline_featured_image":false},"product_brand":[],"product_cat":[4053,6322,6535,7055,4123,6971,7027],"product_tag":[],"class_list":{"0":"post-394012","1":"product","2":"type-product","3":"status-publish","4":"has-post-thumbnail","6":"product_cat-accessoires-de-cuisine-fr","7":"product_cat-fsc-fr","8":"product_cat-outlet-fr","9":"product_cat-cuisine-planches-a-decouper-fr","10":"product_cat-planches-a-decouper-fr","11":"product_cat-paques","12":"product_cat-vaisselle-fr-2","13":"product_shipping_class-pk","15":"pa_color-naturel-2","16":"pa_material-bois-de-chne-2","18":"first","19":"instock","20":"sale","21":"taxable","22":"shipping-taxable","23":"purchasable","24":"product-type-simple"},"exclude_global_add_ons":[],"addons":[],"acf":[],"yoast_head":"<!-- This site is optimized with the Yoast SEO plugin v26.4 - https:\/\/yoast.com\/wordpress\/plugins\/seo\/ -->\n<title>Monarch Planche \u00e0 D\u00e9couper Naturel - H\u00fcbsch<\/title>\n<meta name=\"description\" content=\"La planche \u00e0 d\u00e9couper est en bois de ch\u00eane certifi\u00e9 FSC. Le design est intemporel et pratique. Vous pouvez utiliser la planche \u00e0 d\u00e9couper pour servir vos\" \/>\n<meta name=\"robots\" content=\"index, follow, max-snippet:-1, max-image-preview:large, max-video-preview:-1\" \/>\n<link rel=\"canonical\" href=\"https:\/\/hubsch-interior.com\/fr\/wp-json\/wp\/v2\/product\/394012\" \/>\n<meta property=\"og:locale\" content=\"fr_FR\" \/>\n<meta property=\"og:type\" content=\"article\" \/>\n<meta property=\"og:title\" content=\"Monarch Planche \u00e0 D\u00e9couper Naturel - H\u00fcbsch\" \/>\n<meta property=\"og:description\" content=\"La planche \u00e0 d\u00e9couper est en bois de ch\u00eane certifi\u00e9 FSC. Le design est intemporel et pratique. Vous pouvez utiliser la planche \u00e0 d\u00e9couper pour servir vos\" \/>\n<meta property=\"og:url\" content=\"https:\/\/hubsch-interior.com\/fr\/produit\/monarch-planche-a-decouper-naturel\/\" \/>\n<meta property=\"og:site_name\" content=\"H\u00fcbsch\" \/>\n<meta property=\"article:modified_time\" content=\"2026-04-05T02:46:16+00:00\" \/>\n<meta property=\"og:image\" content=\"https:\/\/hubsch-interior.com\/wp-content\/uploads\/2024\/01\/monarch-cutting-board-natural-0ec397b91df41610d104d126aa89fb4c.jpg\" \/>\n\t<meta property=\"og:image:width\" content=\"1200\" \/>\n\t<meta property=\"og:image:height\" content=\"1200\" \/>\n\t<meta property=\"og:image:type\" content=\"image\/jpeg\" \/>\n<meta name=\"twitter:card\" content=\"summary_large_image\" \/>\n<script type=\"application\/ld+json\" class=\"yoast-schema-graph\">{\"@context\":\"https:\/\/schema.org\",\"@graph\":[{\"@type\":\"WebPage\",\"@id\":\"https:\/\/hubsch-interior.com\/fr\/produit\/monarch-planche-a-decouper-naturel\/\",\"url\":\"https:\/\/hubsch-interior.com\/fr\/produit\/monarch-planche-a-decouper-naturel\/\",\"name\":\"Monarch Planche \u00e0 D\u00e9couper Naturel - H\u00fcbsch\",\"isPartOf\":{\"@id\":\"https:\/\/hubsch-interior.com\/fr\/#website\"},\"primaryImageOfPage\":{\"@id\":\"https:\/\/hubsch-interior.com\/fr\/produit\/monarch-planche-a-decouper-naturel\/#primaryimage\"},\"image\":{\"@id\":\"https:\/\/hubsch-interior.com\/fr\/produit\/monarch-planche-a-decouper-naturel\/#primaryimage\"},\"thumbnailUrl\":\"https:\/\/hubsch-interior.com\/wp-content\/uploads\/2026\/02\/monarch-cutting-board-natural-cfc0cbe435750dd7c4ac382b03c7892e.jpg\",\"datePublished\":\"2021-06-04T08:05:50+00:00\",\"dateModified\":\"2026-04-05T02:46:16+00:00\",\"description\":\"La planche \u00e0 d\u00e9couper est en bois de ch\u00eane certifi\u00e9 FSC. Le design est intemporel et pratique. Vous pouvez utiliser la planche \u00e0 d\u00e9couper pour servir vos\",\"breadcrumb\":{\"@id\":\"https:\/\/hubsch-interior.com\/fr\/produit\/monarch-planche-a-decouper-naturel\/#breadcrumb\"},\"inLanguage\":\"fr-FR\",\"potentialAction\":[{\"@type\":\"ReadAction\",\"target\":[\"https:\/\/hubsch-interior.com\/fr\/produit\/monarch-planche-a-decouper-naturel\/\"]}]},{\"@type\":\"ImageObject\",\"inLanguage\":\"fr-FR\",\"@id\":\"https:\/\/hubsch-interior.com\/fr\/produit\/monarch-planche-a-decouper-naturel\/#primaryimage\",\"url\":\"https:\/\/hubsch-interior.com\/wp-content\/uploads\/2026\/02\/monarch-cutting-board-natural-cfc0cbe435750dd7c4ac382b03c7892e.jpg\",\"contentUrl\":\"https:\/\/hubsch-interior.com\/wp-content\/uploads\/2026\/02\/monarch-cutting-board-natural-cfc0cbe435750dd7c4ac382b03c7892e.jpg\",\"width\":1024,\"height\":1024},{\"@type\":\"BreadcrumbList\",\"@id\":\"https:\/\/hubsch-interior.com\/fr\/produit\/monarch-planche-a-decouper-naturel\/#breadcrumb\",\"itemListElement\":[{\"@type\":\"ListItem\",\"position\":1,\"name\":\"Page d'accueil\",\"item\":\"https:\/\/hubsch-interior.com\/fr\/\"},{\"@type\":\"ListItem\",\"position\":2,\"name\":\"Produits\",\"item\":\"https:\/\/hubsch-interior.com\/fr\/shop-2\/\"},{\"@type\":\"ListItem\",\"position\":3,\"name\":\"Cuisine\",\"item\":\"https:\/\/hubsch-interior.com\/fr\/categorie-produit\/cuisine\/\"},{\"@type\":\"ListItem\",\"position\":4,\"name\":\"Vaisselle\",\"item\":\"https:\/\/hubsch-interior.com\/fr\/categorie-produit\/cuisine\/vaisselle-fr-2\/\"},{\"@type\":\"ListItem\",\"position\":5,\"name\":\"Planches &agrave; d&eacute;couper\",\"item\":\"https:\/\/hubsch-interior.com\/fr\/categorie-produit\/cuisine\/vaisselle-fr-2\/cuisine-planches-a-decouper-fr\/\"},{\"@type\":\"ListItem\",\"position\":6,\"name\":\"Monarch Planche \u00e0 D\u00e9couper Naturel\"}]},{\"@type\":\"WebSite\",\"@id\":\"https:\/\/hubsch-interior.com\/fr\/#website\",\"url\":\"https:\/\/hubsch-interior.com\/fr\/\",\"name\":\"H\u00fcbsch\",\"description\":\"Danish Home Interior and Design\",\"publisher\":{\"@id\":\"https:\/\/hubsch-interior.com\/fr\/#organization\"},\"potentialAction\":[{\"@type\":\"SearchAction\",\"target\":{\"@type\":\"EntryPoint\",\"urlTemplate\":\"https:\/\/hubsch-interior.com\/fr\/?s={search_term_string}\"},\"query-input\":{\"@type\":\"PropertyValueSpecification\",\"valueRequired\":true,\"valueName\":\"search_term_string\"}}],\"inLanguage\":\"fr-FR\"},{\"@type\":\"Organization\",\"@id\":\"https:\/\/hubsch-interior.com\/fr\/#organization\",\"name\":\"H\u00fcbsch\",\"url\":\"https:\/\/hubsch-interior.com\/fr\/\",\"logo\":{\"@type\":\"ImageObject\",\"inLanguage\":\"fr-FR\",\"@id\":\"https:\/\/hubsch-interior.com\/fr\/#\/schema\/logo\/image\/\",\"url\":\"https:\/\/hubsch-interior.com\/wp-content\/uploads\/2022\/12\/Hubsch_logo_black_one_line.svg\",\"contentUrl\":\"https:\/\/hubsch-interior.com\/wp-content\/uploads\/2022\/12\/Hubsch_logo_black_one_line.svg\",\"caption\":\"H\u00fcbsch\"},\"image\":{\"@id\":\"https:\/\/hubsch-interior.com\/fr\/#\/schema\/logo\/image\/\"}}]}<\/script>\n<!-- \/ Yoast SEO plugin. -->","yoast_head_json":{"title":"Monarch Planche \u00e0 D\u00e9couper Naturel - H\u00fcbsch","description":"La planche \u00e0 d\u00e9couper est en bois de ch\u00eane certifi\u00e9 FSC. Le design est intemporel et pratique. Vous pouvez utiliser la planche \u00e0 d\u00e9couper pour servir vos","robots":{"index":"index","follow":"follow","max-snippet":"max-snippet:-1","max-image-preview":"max-image-preview:large","max-video-preview":"max-video-preview:-1"},"canonical":"https:\/\/hubsch-interior.com\/fr\/wp-json\/wp\/v2\/product\/394012","og_locale":"fr_FR","og_type":"article","og_title":"Monarch Planche \u00e0 D\u00e9couper Naturel - H\u00fcbsch","og_description":"La planche \u00e0 d\u00e9couper est en bois de ch\u00eane certifi\u00e9 FSC. Le design est intemporel et pratique. Vous pouvez utiliser la planche \u00e0 d\u00e9couper pour servir vos","og_url":"https:\/\/hubsch-interior.com\/fr\/produit\/monarch-planche-a-decouper-naturel\/","og_site_name":"H\u00fcbsch","article_modified_time":"2026-04-05T02:46:16+00:00","og_image":[{"width":1200,"height":1200,"url":"https:\/\/hubsch-interior.com\/wp-content\/uploads\/2024\/01\/monarch-cutting-board-natural-0ec397b91df41610d104d126aa89fb4c.jpg","type":"image\/jpeg"}],"twitter_card":"summary_large_image","schema":{"@context":"https:\/\/schema.org","@graph":[{"@type":"WebPage","@id":"https:\/\/hubsch-interior.com\/fr\/produit\/monarch-planche-a-decouper-naturel\/","url":"https:\/\/hubsch-interior.com\/fr\/produit\/monarch-planche-a-decouper-naturel\/","name":"Monarch Planche \u00e0 D\u00e9couper Naturel - H\u00fcbsch","isPartOf":{"@id":"https:\/\/hubsch-interior.com\/fr\/#website"},"primaryImageOfPage":{"@id":"https:\/\/hubsch-interior.com\/fr\/produit\/monarch-planche-a-decouper-naturel\/#primaryimage"},"image":{"@id":"https:\/\/hubsch-interior.com\/fr\/produit\/monarch-planche-a-decouper-naturel\/#primaryimage"},"thumbnailUrl":"https:\/\/hubsch-interior.com\/wp-content\/uploads\/2026\/02\/monarch-cutting-board-natural-cfc0cbe435750dd7c4ac382b03c7892e.jpg","datePublished":"2021-06-04T08:05:50+00:00","dateModified":"2026-04-05T02:46:16+00:00","description":"La planche \u00e0 d\u00e9couper est en bois de ch\u00eane certifi\u00e9 FSC. Le design est intemporel et pratique. Vous pouvez utiliser la planche \u00e0 d\u00e9couper pour servir vos","breadcrumb":{"@id":"https:\/\/hubsch-interior.com\/fr\/produit\/monarch-planche-a-decouper-naturel\/#breadcrumb"},"inLanguage":"fr-FR","potentialAction":[{"@type":"ReadAction","target":["https:\/\/hubsch-interior.com\/fr\/produit\/monarch-planche-a-decouper-naturel\/"]}]},{"@type":"ImageObject","inLanguage":"fr-FR","@id":"https:\/\/hubsch-interior.com\/fr\/produit\/monarch-planche-a-decouper-naturel\/#primaryimage","url":"https:\/\/hubsch-interior.com\/wp-content\/uploads\/2026\/02\/monarch-cutting-board-natural-cfc0cbe435750dd7c4ac382b03c7892e.jpg","contentUrl":"https:\/\/hubsch-interior.com\/wp-content\/uploads\/2026\/02\/monarch-cutting-board-natural-cfc0cbe435750dd7c4ac382b03c7892e.jpg","width":1024,"height":1024},{"@type":"BreadcrumbList","@id":"https:\/\/hubsch-interior.com\/fr\/produit\/monarch-planche-a-decouper-naturel\/#breadcrumb","itemListElement":[{"@type":"ListItem","position":1,"name":"Page d'accueil","item":"https:\/\/hubsch-interior.com\/fr\/"},{"@type":"ListItem","position":2,"name":"Produits","item":"https:\/\/hubsch-interior.com\/fr\/shop-2\/"},{"@type":"ListItem","position":3,"name":"Cuisine","item":"https:\/\/hubsch-interior.com\/fr\/categorie-produit\/cuisine\/"},{"@type":"ListItem","position":4,"name":"Vaisselle","item":"https:\/\/hubsch-interior.com\/fr\/categorie-produit\/cuisine\/vaisselle-fr-2\/"},{"@type":"ListItem","position":5,"name":"Planches &agrave; d&eacute;couper","item":"https:\/\/hubsch-interior.com\/fr\/categorie-produit\/cuisine\/vaisselle-fr-2\/cuisine-planches-a-decouper-fr\/"},{"@type":"ListItem","position":6,"name":"Monarch Planche \u00e0 D\u00e9couper Naturel"}]},{"@type":"WebSite","@id":"https:\/\/hubsch-interior.com\/fr\/#website","url":"https:\/\/hubsch-interior.com\/fr\/","name":"H\u00fcbsch","description":"Danish Home Interior and Design","publisher":{"@id":"https:\/\/hubsch-interior.com\/fr\/#organization"},"potentialAction":[{"@type":"SearchAction","target":{"@type":"EntryPoint","urlTemplate":"https:\/\/hubsch-interior.com\/fr\/?s={search_term_string}"},"query-input":{"@type":"PropertyValueSpecification","valueRequired":true,"valueName":"search_term_string"}}],"inLanguage":"fr-FR"},{"@type":"Organization","@id":"https:\/\/hubsch-interior.com\/fr\/#organization","name":"H\u00fcbsch","url":"https:\/\/hubsch-interior.com\/fr\/","logo":{"@type":"ImageObject","inLanguage":"fr-FR","@id":"https:\/\/hubsch-interior.com\/fr\/#\/schema\/logo\/image\/","url":"https:\/\/hubsch-interior.com\/wp-content\/uploads\/2022\/12\/Hubsch_logo_black_one_line.svg","contentUrl":"https:\/\/hubsch-interior.com\/wp-content\/uploads\/2022\/12\/Hubsch_logo_black_one_line.svg","caption":"H\u00fcbsch"},"image":{"@id":"https:\/\/hubsch-interior.com\/fr\/#\/schema\/logo\/image\/"}}]}},"_links":{"self":[{"href":"https:\/\/hubsch-interior.com\/fr\/wp-json\/wp\/v2\/product\/394012","targetHints":{"allow":["GET"]}}],"collection":[{"href":"https:\/\/hubsch-interior.com\/fr\/wp-json\/wp\/v2\/product"}],"about":[{"href":"https:\/\/hubsch-interior.com\/fr\/wp-json\/wp\/v2\/types\/product"}],"wp:featuredmedia":[{"embeddable":true,"href":"https:\/\/hubsch-interior.com\/fr\/wp-json\/wp\/v2\/media\/1101265"}],"wp:attachment":[{"href":"https:\/\/hubsch-interior.com\/fr\/wp-json\/wp\/v2\/media?parent=394012"}],"wp:term":[{"taxonomy":"product_brand","embeddable":true,"href":"https:\/\/hubsch-interior.com\/fr\/wp-json\/wp\/v2\/product_brand?post=394012"},{"taxonomy":"product_cat","embeddable":true,"href":"https:\/\/hubsch-interior.com\/fr\/wp-json\/wp\/v2\/product_cat?post=394012"},{"taxonomy":"product_tag","embeddable":true,"href":"https:\/\/hubsch-interior.com\/fr\/wp-json\/wp\/v2\/product_tag?post=394012"}],"curies":[{"name":"wp","href":"https:\/\/api.w.org\/{rel}","templated":true}]}}