{"id":39418,"date":"2020-12-15T09:48:37","date_gmt":"2020-12-15T08:48:37","guid":{"rendered":"https:\/\/hubsch-interior.com\/product\/product-9\/"},"modified":"2026-04-09T04:47:50","modified_gmt":"2026-04-09T02:47:50","slug":"studio-bureau-naturel","status":"publish","type":"product","link":"https:\/\/hubsch-interior.com\/fr\/produit\/studio-bureau-naturel\/","title":{"rendered":"Studio Bureau Naturel"},"content":{"rendered":"<p>Le Studio Bureau Naturel est un produit fabriqu\u00e9 \u00e0 partir de placage de ch\u00eane et de bois de ch\u00eane de qualit\u00e9 sup\u00e9rieure. Il est certifi\u00e9 FSC et con\u00e7u pour offrir une finition et une solidit\u00e9 durables. Il offre une esth\u00e9tique naturelle avec des lignes lisses et des d\u00e9tails intemporels. Ce bureau s&#8217;int\u00e8gre facilement \u00e0 tous les int\u00e9rieurs et peut \u00eatre facilement d\u00e9plac\u00e9 pour une flexibilit\u00e9 optimale. Avec le Studio Bureau Naturel, vous obtiendrez un look intemporel et \u00e9l\u00e9gant \u00e0 la maison.<\/p>\n","protected":false},"excerpt":{"rendered":"<p>Le Studio Bureau Naturel est un produit fabriqu\u00e9 \u00e0 partir de placage de ch\u00eane et de bois de ch\u00eane de qualit\u00e9 sup\u00e9rieure. Il est certifi\u00e9 FSC et con\u00e7u pour offrir une finition et une solidit\u00e9 durables. Il offre une esth\u00e9tique naturelle avec des lignes lisses et des d\u00e9tails intemporels. Ce bureau s&#8217;int\u00e8gre facilement \u00e0 tous [&hellip;]<\/p>\n","protected":false},"featured_media":1101837,"template":"","meta":{"_acf_changed":false,"inline_featured_image":false},"product_brand":[],"product_cat":[6322,2859,2905,5026],"product_tag":[],"class_list":{"0":"post-39418","1":"product","2":"type-product","3":"status-publish","4":"has-post-thumbnail","6":"product_cat-fsc-fr","7":"product_cat-tables-fr","8":"product_cat-bureaux-fr","9":"product_cat-bestsellers-fr","10":"product_shipping_class-p05","12":"pa_color-naturel-2","13":"pa_material-mdf-fr","14":"pa_material-bois-de-chne-2","15":"pa_material-placage-de-chne-2","17":"first","18":"instock","19":"featured","20":"taxable","21":"shipping-taxable","22":"purchasable","23":"product-type-simple"},"exclude_global_add_ons":[],"addons":[],"acf":[],"yoast_head":"<!-- This site is optimized with the Yoast SEO plugin v26.4 - https:\/\/yoast.com\/wordpress\/plugins\/seo\/ -->\n<title>Studio Bureau Naturel - H\u00fcbsch<\/title>\n<meta name=\"description\" content=\"Le Studio Bureau Naturel est un produit fabriqu\u00e9 \u00e0 partir de placage de ch\u00eane et de bois de ch\u00eane de qualit\u00e9 sup\u00e9rieure. Il est certifi\u00e9 FSC et con\u00e7u pour\" \/>\n<meta name=\"robots\" content=\"index, follow, max-snippet:-1, max-image-preview:large, max-video-preview:-1\" \/>\n<link rel=\"canonical\" href=\"https:\/\/hubsch-interior.com\/fr\/wp-json\/wp\/v2\/product\/39418\" \/>\n<meta property=\"og:locale\" content=\"fr_FR\" \/>\n<meta property=\"og:type\" content=\"article\" \/>\n<meta property=\"og:title\" content=\"Studio Bureau Naturel - H\u00fcbsch\" \/>\n<meta property=\"og:description\" content=\"Le Studio Bureau Naturel est un produit fabriqu\u00e9 \u00e0 partir de placage de ch\u00eane et de bois de ch\u00eane de qualit\u00e9 sup\u00e9rieure. Il est certifi\u00e9 FSC et con\u00e7u pour\" \/>\n<meta property=\"og:url\" content=\"https:\/\/hubsch-interior.com\/fr\/produit\/studio-bureau-naturel\/\" \/>\n<meta property=\"og:site_name\" content=\"H\u00fcbsch\" \/>\n<meta property=\"article:modified_time\" content=\"2026-04-09T02:47:50+00:00\" \/>\n<meta property=\"og:image\" content=\"https:\/\/hubsch-interior.com\/wp-content\/uploads\/2023\/08\/studio-desk-natural-a03b8fff8f4daea96d88badc50613587.jpg\" \/>\n\t<meta property=\"og:image:width\" content=\"1200\" \/>\n\t<meta property=\"og:image:height\" content=\"1200\" \/>\n\t<meta property=\"og:image:type\" content=\"image\/jpeg\" \/>\n<meta name=\"twitter:card\" content=\"summary_large_image\" \/>\n<script type=\"application\/ld+json\" class=\"yoast-schema-graph\">{\"@context\":\"https:\/\/schema.org\",\"@graph\":[{\"@type\":\"WebPage\",\"@id\":\"https:\/\/hubsch-interior.com\/fr\/produit\/studio-bureau-naturel\/\",\"url\":\"https:\/\/hubsch-interior.com\/fr\/produit\/studio-bureau-naturel\/\",\"name\":\"Studio Bureau Naturel - H\u00fcbsch\",\"isPartOf\":{\"@id\":\"https:\/\/hubsch-interior.com\/fr\/#website\"},\"primaryImageOfPage\":{\"@id\":\"https:\/\/hubsch-interior.com\/fr\/produit\/studio-bureau-naturel\/#primaryimage\"},\"image\":{\"@id\":\"https:\/\/hubsch-interior.com\/fr\/produit\/studio-bureau-naturel\/#primaryimage\"},\"thumbnailUrl\":\"https:\/\/hubsch-interior.com\/wp-content\/uploads\/2026\/02\/studio-desk-natural-b1fbc999257c11812ba6c21343b0dee3.jpg\",\"datePublished\":\"2020-12-15T08:48:37+00:00\",\"dateModified\":\"2026-04-09T02:47:50+00:00\",\"description\":\"Le Studio Bureau Naturel est un produit fabriqu\u00e9 \u00e0 partir de placage de ch\u00eane et de bois de ch\u00eane de qualit\u00e9 sup\u00e9rieure. Il est certifi\u00e9 FSC et con\u00e7u pour\",\"breadcrumb\":{\"@id\":\"https:\/\/hubsch-interior.com\/fr\/produit\/studio-bureau-naturel\/#breadcrumb\"},\"inLanguage\":\"fr-FR\",\"potentialAction\":[{\"@type\":\"ReadAction\",\"target\":[\"https:\/\/hubsch-interior.com\/fr\/produit\/studio-bureau-naturel\/\"]}]},{\"@type\":\"ImageObject\",\"inLanguage\":\"fr-FR\",\"@id\":\"https:\/\/hubsch-interior.com\/fr\/produit\/studio-bureau-naturel\/#primaryimage\",\"url\":\"https:\/\/hubsch-interior.com\/wp-content\/uploads\/2026\/02\/studio-desk-natural-b1fbc999257c11812ba6c21343b0dee3.jpg\",\"contentUrl\":\"https:\/\/hubsch-interior.com\/wp-content\/uploads\/2026\/02\/studio-desk-natural-b1fbc999257c11812ba6c21343b0dee3.jpg\",\"width\":1024,\"height\":1024},{\"@type\":\"BreadcrumbList\",\"@id\":\"https:\/\/hubsch-interior.com\/fr\/produit\/studio-bureau-naturel\/#breadcrumb\",\"itemListElement\":[{\"@type\":\"ListItem\",\"position\":1,\"name\":\"Page d'accueil\",\"item\":\"https:\/\/hubsch-interior.com\/fr\/\"},{\"@type\":\"ListItem\",\"position\":2,\"name\":\"Produits\",\"item\":\"https:\/\/hubsch-interior.com\/fr\/shop-2\/\"},{\"@type\":\"ListItem\",\"position\":3,\"name\":\"Meubles\",\"item\":\"https:\/\/hubsch-interior.com\/fr\/categorie-produit\/meubles\/\"},{\"@type\":\"ListItem\",\"position\":4,\"name\":\"Tables\",\"item\":\"https:\/\/hubsch-interior.com\/fr\/categorie-produit\/meubles\/tables-fr\/\"},{\"@type\":\"ListItem\",\"position\":5,\"name\":\"Bureaux\",\"item\":\"https:\/\/hubsch-interior.com\/fr\/categorie-produit\/meubles\/tables-fr\/bureaux-fr\/\"},{\"@type\":\"ListItem\",\"position\":6,\"name\":\"Studio Bureau Naturel\"}]},{\"@type\":\"WebSite\",\"@id\":\"https:\/\/hubsch-interior.com\/fr\/#website\",\"url\":\"https:\/\/hubsch-interior.com\/fr\/\",\"name\":\"H\u00fcbsch\",\"description\":\"Danish Home Interior and Design\",\"publisher\":{\"@id\":\"https:\/\/hubsch-interior.com\/fr\/#organization\"},\"potentialAction\":[{\"@type\":\"SearchAction\",\"target\":{\"@type\":\"EntryPoint\",\"urlTemplate\":\"https:\/\/hubsch-interior.com\/fr\/?s={search_term_string}\"},\"query-input\":{\"@type\":\"PropertyValueSpecification\",\"valueRequired\":true,\"valueName\":\"search_term_string\"}}],\"inLanguage\":\"fr-FR\"},{\"@type\":\"Organization\",\"@id\":\"https:\/\/hubsch-interior.com\/fr\/#organization\",\"name\":\"H\u00fcbsch\",\"url\":\"https:\/\/hubsch-interior.com\/fr\/\",\"logo\":{\"@type\":\"ImageObject\",\"inLanguage\":\"fr-FR\",\"@id\":\"https:\/\/hubsch-interior.com\/fr\/#\/schema\/logo\/image\/\",\"url\":\"https:\/\/hubsch-interior.com\/wp-content\/uploads\/2022\/12\/Hubsch_logo_black_one_line.svg\",\"contentUrl\":\"https:\/\/hubsch-interior.com\/wp-content\/uploads\/2022\/12\/Hubsch_logo_black_one_line.svg\",\"caption\":\"H\u00fcbsch\"},\"image\":{\"@id\":\"https:\/\/hubsch-interior.com\/fr\/#\/schema\/logo\/image\/\"}}]}<\/script>\n<!-- \/ Yoast SEO plugin. -->","yoast_head_json":{"title":"Studio Bureau Naturel - H\u00fcbsch","description":"Le Studio Bureau Naturel est un produit fabriqu\u00e9 \u00e0 partir de placage de ch\u00eane et de bois de ch\u00eane de qualit\u00e9 sup\u00e9rieure. Il est certifi\u00e9 FSC et con\u00e7u pour","robots":{"index":"index","follow":"follow","max-snippet":"max-snippet:-1","max-image-preview":"max-image-preview:large","max-video-preview":"max-video-preview:-1"},"canonical":"https:\/\/hubsch-interior.com\/fr\/wp-json\/wp\/v2\/product\/39418","og_locale":"fr_FR","og_type":"article","og_title":"Studio Bureau Naturel - H\u00fcbsch","og_description":"Le Studio Bureau Naturel est un produit fabriqu\u00e9 \u00e0 partir de placage de ch\u00eane et de bois de ch\u00eane de qualit\u00e9 sup\u00e9rieure. Il est certifi\u00e9 FSC et con\u00e7u pour","og_url":"https:\/\/hubsch-interior.com\/fr\/produit\/studio-bureau-naturel\/","og_site_name":"H\u00fcbsch","article_modified_time":"2026-04-09T02:47:50+00:00","og_image":[{"width":1200,"height":1200,"url":"https:\/\/hubsch-interior.com\/wp-content\/uploads\/2023\/08\/studio-desk-natural-a03b8fff8f4daea96d88badc50613587.jpg","type":"image\/jpeg"}],"twitter_card":"summary_large_image","schema":{"@context":"https:\/\/schema.org","@graph":[{"@type":"WebPage","@id":"https:\/\/hubsch-interior.com\/fr\/produit\/studio-bureau-naturel\/","url":"https:\/\/hubsch-interior.com\/fr\/produit\/studio-bureau-naturel\/","name":"Studio Bureau Naturel - H\u00fcbsch","isPartOf":{"@id":"https:\/\/hubsch-interior.com\/fr\/#website"},"primaryImageOfPage":{"@id":"https:\/\/hubsch-interior.com\/fr\/produit\/studio-bureau-naturel\/#primaryimage"},"image":{"@id":"https:\/\/hubsch-interior.com\/fr\/produit\/studio-bureau-naturel\/#primaryimage"},"thumbnailUrl":"https:\/\/hubsch-interior.com\/wp-content\/uploads\/2026\/02\/studio-desk-natural-b1fbc999257c11812ba6c21343b0dee3.jpg","datePublished":"2020-12-15T08:48:37+00:00","dateModified":"2026-04-09T02:47:50+00:00","description":"Le Studio Bureau Naturel est un produit fabriqu\u00e9 \u00e0 partir de placage de ch\u00eane et de bois de ch\u00eane de qualit\u00e9 sup\u00e9rieure. Il est certifi\u00e9 FSC et con\u00e7u pour","breadcrumb":{"@id":"https:\/\/hubsch-interior.com\/fr\/produit\/studio-bureau-naturel\/#breadcrumb"},"inLanguage":"fr-FR","potentialAction":[{"@type":"ReadAction","target":["https:\/\/hubsch-interior.com\/fr\/produit\/studio-bureau-naturel\/"]}]},{"@type":"ImageObject","inLanguage":"fr-FR","@id":"https:\/\/hubsch-interior.com\/fr\/produit\/studio-bureau-naturel\/#primaryimage","url":"https:\/\/hubsch-interior.com\/wp-content\/uploads\/2026\/02\/studio-desk-natural-b1fbc999257c11812ba6c21343b0dee3.jpg","contentUrl":"https:\/\/hubsch-interior.com\/wp-content\/uploads\/2026\/02\/studio-desk-natural-b1fbc999257c11812ba6c21343b0dee3.jpg","width":1024,"height":1024},{"@type":"BreadcrumbList","@id":"https:\/\/hubsch-interior.com\/fr\/produit\/studio-bureau-naturel\/#breadcrumb","itemListElement":[{"@type":"ListItem","position":1,"name":"Page d'accueil","item":"https:\/\/hubsch-interior.com\/fr\/"},{"@type":"ListItem","position":2,"name":"Produits","item":"https:\/\/hubsch-interior.com\/fr\/shop-2\/"},{"@type":"ListItem","position":3,"name":"Meubles","item":"https:\/\/hubsch-interior.com\/fr\/categorie-produit\/meubles\/"},{"@type":"ListItem","position":4,"name":"Tables","item":"https:\/\/hubsch-interior.com\/fr\/categorie-produit\/meubles\/tables-fr\/"},{"@type":"ListItem","position":5,"name":"Bureaux","item":"https:\/\/hubsch-interior.com\/fr\/categorie-produit\/meubles\/tables-fr\/bureaux-fr\/"},{"@type":"ListItem","position":6,"name":"Studio Bureau Naturel"}]},{"@type":"WebSite","@id":"https:\/\/hubsch-interior.com\/fr\/#website","url":"https:\/\/hubsch-interior.com\/fr\/","name":"H\u00fcbsch","description":"Danish Home Interior and Design","publisher":{"@id":"https:\/\/hubsch-interior.com\/fr\/#organization"},"potentialAction":[{"@type":"SearchAction","target":{"@type":"EntryPoint","urlTemplate":"https:\/\/hubsch-interior.com\/fr\/?s={search_term_string}"},"query-input":{"@type":"PropertyValueSpecification","valueRequired":true,"valueName":"search_term_string"}}],"inLanguage":"fr-FR"},{"@type":"Organization","@id":"https:\/\/hubsch-interior.com\/fr\/#organization","name":"H\u00fcbsch","url":"https:\/\/hubsch-interior.com\/fr\/","logo":{"@type":"ImageObject","inLanguage":"fr-FR","@id":"https:\/\/hubsch-interior.com\/fr\/#\/schema\/logo\/image\/","url":"https:\/\/hubsch-interior.com\/wp-content\/uploads\/2022\/12\/Hubsch_logo_black_one_line.svg","contentUrl":"https:\/\/hubsch-interior.com\/wp-content\/uploads\/2022\/12\/Hubsch_logo_black_one_line.svg","caption":"H\u00fcbsch"},"image":{"@id":"https:\/\/hubsch-interior.com\/fr\/#\/schema\/logo\/image\/"}}]}},"_links":{"self":[{"href":"https:\/\/hubsch-interior.com\/fr\/wp-json\/wp\/v2\/product\/39418","targetHints":{"allow":["GET"]}}],"collection":[{"href":"https:\/\/hubsch-interior.com\/fr\/wp-json\/wp\/v2\/product"}],"about":[{"href":"https:\/\/hubsch-interior.com\/fr\/wp-json\/wp\/v2\/types\/product"}],"wp:featuredmedia":[{"embeddable":true,"href":"https:\/\/hubsch-interior.com\/fr\/wp-json\/wp\/v2\/media\/1101837"}],"wp:attachment":[{"href":"https:\/\/hubsch-interior.com\/fr\/wp-json\/wp\/v2\/media?parent=39418"}],"wp:term":[{"taxonomy":"product_brand","embeddable":true,"href":"https:\/\/hubsch-interior.com\/fr\/wp-json\/wp\/v2\/product_brand?post=39418"},{"taxonomy":"product_cat","embeddable":true,"href":"https:\/\/hubsch-interior.com\/fr\/wp-json\/wp\/v2\/product_cat?post=39418"},{"taxonomy":"product_tag","embeddable":true,"href":"https:\/\/hubsch-interior.com\/fr\/wp-json\/wp\/v2\/product_tag?post=39418"}],"curies":[{"name":"wp","href":"https:\/\/api.w.org\/{rel}","templated":true}]}}