{"id":394744,"date":"2021-06-04T10:08:16","date_gmt":"2021-06-04T08:08:16","guid":{"rendered":"https:\/\/hubsch-interior.com\/shop-b2c\/product\/product-6\/"},"modified":"2026-04-09T04:47:41","modified_gmt":"2026-04-09T02:47:41","slug":"less-etagere-murale-naturel","status":"publish","type":"product","link":"https:\/\/hubsch-interior.com\/fr\/produit\/less-etagere-murale-naturel\/","title":{"rendered":"Less \u00c9tag\u00e8re murale Naturel"},"content":{"rendered":"<p>La Less \u00c9tag\u00e8re murale Naturel est faite de placage de ch\u00eane et certifi\u00e9e FSC. Elle est con\u00e7ue pour rehausser votre d\u00e9cor int\u00e9rieur avec son style naturel et \u00e9l\u00e9gant. Elle est compacte et durable, parfaite pour les petits espaces et facile \u00e0 monter. La Less \u00c9tag\u00e8re murale Naturel est une solution pratique et esth\u00e9tique pour organiser votre espace int\u00e9rieur.<\/p>\n","protected":false},"excerpt":{"rendered":"<p>La Less \u00c9tag\u00e8re murale Naturel est faite de placage de ch\u00eane et certifi\u00e9e FSC. Elle est con\u00e7ue pour rehausser votre d\u00e9cor int\u00e9rieur avec son style naturel et \u00e9l\u00e9gant. Elle est compacte et durable, parfaite pour les petits espaces et facile \u00e0 monter. La Less \u00c9tag\u00e8re murale Naturel est une solution pratique et esth\u00e9tique pour organiser [&hellip;]<\/p>\n","protected":false},"featured_media":1101781,"template":"","meta":{"_acf_changed":false,"inline_featured_image":false},"product_brand":[],"product_cat":[6322,2859,4802,4001,4023,5026],"product_tag":[],"class_list":{"0":"post-394744","1":"product","2":"type-product","3":"status-publish","4":"has-post-thumbnail","6":"product_cat-fsc-fr","7":"product_cat-tables-fr","8":"product_cat-tables-de-chevet-fr","9":"product_cat-etageres-et-meubles-de-rangement-fr","10":"product_cat-etageres-murales-fr","11":"product_cat-bestsellers-fr","12":"product_shipping_class-pk","14":"pa_color-naturel-2","15":"pa_material-mdf-fr","16":"pa_material-placage-de-chne-2","18":"first","19":"instock","20":"featured","21":"taxable","22":"shipping-taxable","23":"purchasable","24":"product-type-simple"},"exclude_global_add_ons":[],"addons":[],"acf":[],"yoast_head":"<!-- This site is optimized with the Yoast SEO plugin v26.4 - https:\/\/yoast.com\/wordpress\/plugins\/seo\/ -->\n<title>Less \u00c9tag\u00e8re murale Naturel - H\u00fcbsch<\/title>\n<meta name=\"description\" content=\"La Less \u00c9tag\u00e8re murale Naturel est faite de placage de ch\u00eane et certifi\u00e9e FSC. Elle est con\u00e7ue pour rehausser votre d\u00e9cor int\u00e9rieur avec son style naturel\" \/>\n<meta name=\"robots\" content=\"index, follow, max-snippet:-1, max-image-preview:large, max-video-preview:-1\" \/>\n<link rel=\"canonical\" href=\"https:\/\/hubsch-interior.com\/fr\/wp-json\/wp\/v2\/product\/394744\" \/>\n<meta property=\"og:locale\" content=\"fr_FR\" \/>\n<meta property=\"og:type\" content=\"article\" \/>\n<meta property=\"og:title\" content=\"Less \u00c9tag\u00e8re murale Naturel - H\u00fcbsch\" \/>\n<meta property=\"og:description\" content=\"La Less \u00c9tag\u00e8re murale Naturel est faite de placage de ch\u00eane et certifi\u00e9e FSC. Elle est con\u00e7ue pour rehausser votre d\u00e9cor int\u00e9rieur avec son style naturel\" \/>\n<meta property=\"og:url\" content=\"https:\/\/hubsch-interior.com\/fr\/produit\/less-etagere-murale-naturel\/\" \/>\n<meta property=\"og:site_name\" content=\"H\u00fcbsch\" \/>\n<meta property=\"article:modified_time\" content=\"2026-04-09T02:47:41+00:00\" \/>\n<meta property=\"og:image\" content=\"https:\/\/hubsch-interior.com\/wp-content\/uploads\/2023\/08\/less-wall-shelf-natural-f83bb4794e977499716842a4d07c34fc.jpg\" \/>\n\t<meta property=\"og:image:width\" content=\"1200\" \/>\n\t<meta property=\"og:image:height\" content=\"1200\" \/>\n\t<meta property=\"og:image:type\" content=\"image\/jpeg\" \/>\n<meta name=\"twitter:card\" content=\"summary_large_image\" \/>\n<script type=\"application\/ld+json\" class=\"yoast-schema-graph\">{\"@context\":\"https:\/\/schema.org\",\"@graph\":[{\"@type\":\"WebPage\",\"@id\":\"https:\/\/hubsch-interior.com\/fr\/produit\/less-etagere-murale-naturel\/\",\"url\":\"https:\/\/hubsch-interior.com\/fr\/produit\/less-etagere-murale-naturel\/\",\"name\":\"Less \u00c9tag\u00e8re murale Naturel - H\u00fcbsch\",\"isPartOf\":{\"@id\":\"https:\/\/hubsch-interior.com\/fr\/#website\"},\"primaryImageOfPage\":{\"@id\":\"https:\/\/hubsch-interior.com\/fr\/produit\/less-etagere-murale-naturel\/#primaryimage\"},\"image\":{\"@id\":\"https:\/\/hubsch-interior.com\/fr\/produit\/less-etagere-murale-naturel\/#primaryimage\"},\"thumbnailUrl\":\"https:\/\/hubsch-interior.com\/wp-content\/uploads\/2026\/02\/less-wall-shelf-natural-ba3874088578b2129c80ec69417ea8c2.jpg\",\"datePublished\":\"2021-06-04T08:08:16+00:00\",\"dateModified\":\"2026-04-09T02:47:41+00:00\",\"description\":\"La Less \u00c9tag\u00e8re murale Naturel est faite de placage de ch\u00eane et certifi\u00e9e FSC. Elle est con\u00e7ue pour rehausser votre d\u00e9cor int\u00e9rieur avec son style naturel\",\"breadcrumb\":{\"@id\":\"https:\/\/hubsch-interior.com\/fr\/produit\/less-etagere-murale-naturel\/#breadcrumb\"},\"inLanguage\":\"fr-FR\",\"potentialAction\":[{\"@type\":\"ReadAction\",\"target\":[\"https:\/\/hubsch-interior.com\/fr\/produit\/less-etagere-murale-naturel\/\"]}]},{\"@type\":\"ImageObject\",\"inLanguage\":\"fr-FR\",\"@id\":\"https:\/\/hubsch-interior.com\/fr\/produit\/less-etagere-murale-naturel\/#primaryimage\",\"url\":\"https:\/\/hubsch-interior.com\/wp-content\/uploads\/2026\/02\/less-wall-shelf-natural-ba3874088578b2129c80ec69417ea8c2.jpg\",\"contentUrl\":\"https:\/\/hubsch-interior.com\/wp-content\/uploads\/2026\/02\/less-wall-shelf-natural-ba3874088578b2129c80ec69417ea8c2.jpg\",\"width\":1024,\"height\":1024},{\"@type\":\"BreadcrumbList\",\"@id\":\"https:\/\/hubsch-interior.com\/fr\/produit\/less-etagere-murale-naturel\/#breadcrumb\",\"itemListElement\":[{\"@type\":\"ListItem\",\"position\":1,\"name\":\"Page d'accueil\",\"item\":\"https:\/\/hubsch-interior.com\/fr\/\"},{\"@type\":\"ListItem\",\"position\":2,\"name\":\"Produits\",\"item\":\"https:\/\/hubsch-interior.com\/fr\/shop-2\/\"},{\"@type\":\"ListItem\",\"position\":3,\"name\":\"Meubles\",\"item\":\"https:\/\/hubsch-interior.com\/fr\/categorie-produit\/meubles\/\"},{\"@type\":\"ListItem\",\"position\":4,\"name\":\"Tables\",\"item\":\"https:\/\/hubsch-interior.com\/fr\/categorie-produit\/meubles\/tables-fr\/\"},{\"@type\":\"ListItem\",\"position\":5,\"name\":\"Tables de chevet\",\"item\":\"https:\/\/hubsch-interior.com\/fr\/categorie-produit\/meubles\/tables-fr\/tables-de-chevet-fr\/\"},{\"@type\":\"ListItem\",\"position\":6,\"name\":\"Less \u00c9tag\u00e8re murale Naturel\"}]},{\"@type\":\"WebSite\",\"@id\":\"https:\/\/hubsch-interior.com\/fr\/#website\",\"url\":\"https:\/\/hubsch-interior.com\/fr\/\",\"name\":\"H\u00fcbsch\",\"description\":\"Danish Home Interior and Design\",\"publisher\":{\"@id\":\"https:\/\/hubsch-interior.com\/fr\/#organization\"},\"potentialAction\":[{\"@type\":\"SearchAction\",\"target\":{\"@type\":\"EntryPoint\",\"urlTemplate\":\"https:\/\/hubsch-interior.com\/fr\/?s={search_term_string}\"},\"query-input\":{\"@type\":\"PropertyValueSpecification\",\"valueRequired\":true,\"valueName\":\"search_term_string\"}}],\"inLanguage\":\"fr-FR\"},{\"@type\":\"Organization\",\"@id\":\"https:\/\/hubsch-interior.com\/fr\/#organization\",\"name\":\"H\u00fcbsch\",\"url\":\"https:\/\/hubsch-interior.com\/fr\/\",\"logo\":{\"@type\":\"ImageObject\",\"inLanguage\":\"fr-FR\",\"@id\":\"https:\/\/hubsch-interior.com\/fr\/#\/schema\/logo\/image\/\",\"url\":\"https:\/\/hubsch-interior.com\/wp-content\/uploads\/2022\/12\/Hubsch_logo_black_one_line.svg\",\"contentUrl\":\"https:\/\/hubsch-interior.com\/wp-content\/uploads\/2022\/12\/Hubsch_logo_black_one_line.svg\",\"caption\":\"H\u00fcbsch\"},\"image\":{\"@id\":\"https:\/\/hubsch-interior.com\/fr\/#\/schema\/logo\/image\/\"}}]}<\/script>\n<!-- \/ Yoast SEO plugin. -->","yoast_head_json":{"title":"Less \u00c9tag\u00e8re murale Naturel - H\u00fcbsch","description":"La Less \u00c9tag\u00e8re murale Naturel est faite de placage de ch\u00eane et certifi\u00e9e FSC. Elle est con\u00e7ue pour rehausser votre d\u00e9cor int\u00e9rieur avec son style naturel","robots":{"index":"index","follow":"follow","max-snippet":"max-snippet:-1","max-image-preview":"max-image-preview:large","max-video-preview":"max-video-preview:-1"},"canonical":"https:\/\/hubsch-interior.com\/fr\/wp-json\/wp\/v2\/product\/394744","og_locale":"fr_FR","og_type":"article","og_title":"Less \u00c9tag\u00e8re murale Naturel - H\u00fcbsch","og_description":"La Less \u00c9tag\u00e8re murale Naturel est faite de placage de ch\u00eane et certifi\u00e9e FSC. Elle est con\u00e7ue pour rehausser votre d\u00e9cor int\u00e9rieur avec son style naturel","og_url":"https:\/\/hubsch-interior.com\/fr\/produit\/less-etagere-murale-naturel\/","og_site_name":"H\u00fcbsch","article_modified_time":"2026-04-09T02:47:41+00:00","og_image":[{"width":1200,"height":1200,"url":"https:\/\/hubsch-interior.com\/wp-content\/uploads\/2023\/08\/less-wall-shelf-natural-f83bb4794e977499716842a4d07c34fc.jpg","type":"image\/jpeg"}],"twitter_card":"summary_large_image","schema":{"@context":"https:\/\/schema.org","@graph":[{"@type":"WebPage","@id":"https:\/\/hubsch-interior.com\/fr\/produit\/less-etagere-murale-naturel\/","url":"https:\/\/hubsch-interior.com\/fr\/produit\/less-etagere-murale-naturel\/","name":"Less \u00c9tag\u00e8re murale Naturel - H\u00fcbsch","isPartOf":{"@id":"https:\/\/hubsch-interior.com\/fr\/#website"},"primaryImageOfPage":{"@id":"https:\/\/hubsch-interior.com\/fr\/produit\/less-etagere-murale-naturel\/#primaryimage"},"image":{"@id":"https:\/\/hubsch-interior.com\/fr\/produit\/less-etagere-murale-naturel\/#primaryimage"},"thumbnailUrl":"https:\/\/hubsch-interior.com\/wp-content\/uploads\/2026\/02\/less-wall-shelf-natural-ba3874088578b2129c80ec69417ea8c2.jpg","datePublished":"2021-06-04T08:08:16+00:00","dateModified":"2026-04-09T02:47:41+00:00","description":"La Less \u00c9tag\u00e8re murale Naturel est faite de placage de ch\u00eane et certifi\u00e9e FSC. Elle est con\u00e7ue pour rehausser votre d\u00e9cor int\u00e9rieur avec son style naturel","breadcrumb":{"@id":"https:\/\/hubsch-interior.com\/fr\/produit\/less-etagere-murale-naturel\/#breadcrumb"},"inLanguage":"fr-FR","potentialAction":[{"@type":"ReadAction","target":["https:\/\/hubsch-interior.com\/fr\/produit\/less-etagere-murale-naturel\/"]}]},{"@type":"ImageObject","inLanguage":"fr-FR","@id":"https:\/\/hubsch-interior.com\/fr\/produit\/less-etagere-murale-naturel\/#primaryimage","url":"https:\/\/hubsch-interior.com\/wp-content\/uploads\/2026\/02\/less-wall-shelf-natural-ba3874088578b2129c80ec69417ea8c2.jpg","contentUrl":"https:\/\/hubsch-interior.com\/wp-content\/uploads\/2026\/02\/less-wall-shelf-natural-ba3874088578b2129c80ec69417ea8c2.jpg","width":1024,"height":1024},{"@type":"BreadcrumbList","@id":"https:\/\/hubsch-interior.com\/fr\/produit\/less-etagere-murale-naturel\/#breadcrumb","itemListElement":[{"@type":"ListItem","position":1,"name":"Page d'accueil","item":"https:\/\/hubsch-interior.com\/fr\/"},{"@type":"ListItem","position":2,"name":"Produits","item":"https:\/\/hubsch-interior.com\/fr\/shop-2\/"},{"@type":"ListItem","position":3,"name":"Meubles","item":"https:\/\/hubsch-interior.com\/fr\/categorie-produit\/meubles\/"},{"@type":"ListItem","position":4,"name":"Tables","item":"https:\/\/hubsch-interior.com\/fr\/categorie-produit\/meubles\/tables-fr\/"},{"@type":"ListItem","position":5,"name":"Tables de chevet","item":"https:\/\/hubsch-interior.com\/fr\/categorie-produit\/meubles\/tables-fr\/tables-de-chevet-fr\/"},{"@type":"ListItem","position":6,"name":"Less \u00c9tag\u00e8re murale Naturel"}]},{"@type":"WebSite","@id":"https:\/\/hubsch-interior.com\/fr\/#website","url":"https:\/\/hubsch-interior.com\/fr\/","name":"H\u00fcbsch","description":"Danish Home Interior and Design","publisher":{"@id":"https:\/\/hubsch-interior.com\/fr\/#organization"},"potentialAction":[{"@type":"SearchAction","target":{"@type":"EntryPoint","urlTemplate":"https:\/\/hubsch-interior.com\/fr\/?s={search_term_string}"},"query-input":{"@type":"PropertyValueSpecification","valueRequired":true,"valueName":"search_term_string"}}],"inLanguage":"fr-FR"},{"@type":"Organization","@id":"https:\/\/hubsch-interior.com\/fr\/#organization","name":"H\u00fcbsch","url":"https:\/\/hubsch-interior.com\/fr\/","logo":{"@type":"ImageObject","inLanguage":"fr-FR","@id":"https:\/\/hubsch-interior.com\/fr\/#\/schema\/logo\/image\/","url":"https:\/\/hubsch-interior.com\/wp-content\/uploads\/2022\/12\/Hubsch_logo_black_one_line.svg","contentUrl":"https:\/\/hubsch-interior.com\/wp-content\/uploads\/2022\/12\/Hubsch_logo_black_one_line.svg","caption":"H\u00fcbsch"},"image":{"@id":"https:\/\/hubsch-interior.com\/fr\/#\/schema\/logo\/image\/"}}]}},"_links":{"self":[{"href":"https:\/\/hubsch-interior.com\/fr\/wp-json\/wp\/v2\/product\/394744","targetHints":{"allow":["GET"]}}],"collection":[{"href":"https:\/\/hubsch-interior.com\/fr\/wp-json\/wp\/v2\/product"}],"about":[{"href":"https:\/\/hubsch-interior.com\/fr\/wp-json\/wp\/v2\/types\/product"}],"wp:featuredmedia":[{"embeddable":true,"href":"https:\/\/hubsch-interior.com\/fr\/wp-json\/wp\/v2\/media\/1101781"}],"wp:attachment":[{"href":"https:\/\/hubsch-interior.com\/fr\/wp-json\/wp\/v2\/media?parent=394744"}],"wp:term":[{"taxonomy":"product_brand","embeddable":true,"href":"https:\/\/hubsch-interior.com\/fr\/wp-json\/wp\/v2\/product_brand?post=394744"},{"taxonomy":"product_cat","embeddable":true,"href":"https:\/\/hubsch-interior.com\/fr\/wp-json\/wp\/v2\/product_cat?post=394744"},{"taxonomy":"product_tag","embeddable":true,"href":"https:\/\/hubsch-interior.com\/fr\/wp-json\/wp\/v2\/product_tag?post=394744"}],"curies":[{"name":"wp","href":"https:\/\/api.w.org\/{rel}","templated":true}]}}