{"id":394944,"date":"2021-06-04T10:08:59","date_gmt":"2021-06-04T08:08:59","guid":{"rendered":"https:\/\/hubsch-interior.com\/shop-b2c\/product\/product-6\/"},"modified":"2026-04-09T04:48:15","modified_gmt":"2026-04-09T02:48:15","slug":"combine-planche-naturel","status":"publish","type":"product","link":"https:\/\/hubsch-interior.com\/fr\/produit\/combine-planche-naturel\/","title":{"rendered":"Combine Planche Naturel"},"content":{"rendered":"<p>Le tableau d&#8217;affichage est moderne et pratique. Placez-le dans votre bureau, dans votre cuisine ou dans une toute autre pi\u00e8ce dans votre maison. Convient pour afficher des photos, des notes, des rappels et bien plus encore. Le miroir lui conf\u00e8re une touche \u00e9l\u00e9gante.<\/p>\n","protected":false},"excerpt":{"rendered":"<p>Le tableau d&#8217;affichage est moderne et pratique. Placez-le dans votre bureau, dans votre cuisine ou dans une toute autre pi\u00e8ce dans votre maison. Convient pour afficher des photos, des notes, des rappels et bien plus encore. Le miroir lui conf\u00e8re une touche \u00e9l\u00e9gante.<\/p>\n","protected":false},"featured_media":1101971,"template":"","meta":{"_acf_changed":false,"inline_featured_image":false},"product_brand":[],"product_cat":[6892,6322,4153,4954,2923,2924],"product_tag":[],"class_list":{"0":"post-394944","1":"product","2":"type-product","3":"status-publish","4":"has-post-thumbnail","6":"product_cat-meubles-multifonctionnels-fr","7":"product_cat-fsc-fr","8":"product_cat-espace-de-travail-fr","9":"product_cat-tableau-daffichage-fr","10":"product_cat-miroirs-fr","11":"product_cat-miroirs-muraux-fr","12":"product_shipping_class-pk","14":"pa_color-naturel-2","15":"pa_material-mdf-fr","16":"pa_material-toile-fr","17":"pa_material-verre","18":"pa_material-placage-de-chne-2","20":"first","21":"instock","22":"taxable","23":"shipping-taxable","24":"purchasable","25":"product-type-simple"},"exclude_global_add_ons":[],"addons":[],"acf":[],"yoast_head":"<!-- This site is optimized with the Yoast SEO plugin v26.4 - https:\/\/yoast.com\/wordpress\/plugins\/seo\/ -->\n<title>Combine Planche Naturel - H\u00fcbsch<\/title>\n<meta name=\"description\" content=\"Le tableau d&#039;affichage est moderne et pratique. Placez-le dans votre bureau, dans votre cuisine ou dans une toute autre pi\u00e8ce dans votre maison. Convient\" \/>\n<meta name=\"robots\" content=\"index, follow, max-snippet:-1, max-image-preview:large, max-video-preview:-1\" \/>\n<link rel=\"canonical\" href=\"https:\/\/hubsch-interior.com\/fr\/wp-json\/wp\/v2\/product\/394944\" \/>\n<meta property=\"og:locale\" content=\"fr_FR\" \/>\n<meta property=\"og:type\" content=\"article\" \/>\n<meta property=\"og:title\" content=\"Combine Planche Naturel - H\u00fcbsch\" \/>\n<meta property=\"og:description\" content=\"Le tableau d&#039;affichage est moderne et pratique. Placez-le dans votre bureau, dans votre cuisine ou dans une toute autre pi\u00e8ce dans votre maison. Convient\" \/>\n<meta property=\"og:url\" content=\"https:\/\/hubsch-interior.com\/fr\/produit\/combine-planche-naturel\/\" \/>\n<meta property=\"og:site_name\" content=\"H\u00fcbsch\" \/>\n<meta property=\"article:modified_time\" content=\"2026-04-09T02:48:15+00:00\" \/>\n<meta property=\"og:image\" content=\"https:\/\/hubsch-interior.com\/wp-content\/uploads\/2023\/08\/combine-board-natural-a6aea2eaf23759b1556f078b68a5c5a2.jpg\" \/>\n\t<meta property=\"og:image:width\" content=\"1200\" \/>\n\t<meta property=\"og:image:height\" content=\"1200\" \/>\n\t<meta property=\"og:image:type\" content=\"image\/jpeg\" \/>\n<meta name=\"twitter:card\" content=\"summary_large_image\" \/>\n<script type=\"application\/ld+json\" class=\"yoast-schema-graph\">{\"@context\":\"https:\/\/schema.org\",\"@graph\":[{\"@type\":\"WebPage\",\"@id\":\"https:\/\/hubsch-interior.com\/fr\/produit\/combine-planche-naturel\/\",\"url\":\"https:\/\/hubsch-interior.com\/fr\/produit\/combine-planche-naturel\/\",\"name\":\"Combine Planche Naturel - H\u00fcbsch\",\"isPartOf\":{\"@id\":\"https:\/\/hubsch-interior.com\/fr\/#website\"},\"primaryImageOfPage\":{\"@id\":\"https:\/\/hubsch-interior.com\/fr\/produit\/combine-planche-naturel\/#primaryimage\"},\"image\":{\"@id\":\"https:\/\/hubsch-interior.com\/fr\/produit\/combine-planche-naturel\/#primaryimage\"},\"thumbnailUrl\":\"https:\/\/hubsch-interior.com\/wp-content\/uploads\/2026\/02\/combine-board-natural-b414bed818c68b5f20b95f5bd7565145.jpg\",\"datePublished\":\"2021-06-04T08:08:59+00:00\",\"dateModified\":\"2026-04-09T02:48:15+00:00\",\"description\":\"Le tableau d'affichage est moderne et pratique. Placez-le dans votre bureau, dans votre cuisine ou dans une toute autre pi\u00e8ce dans votre maison. Convient\",\"breadcrumb\":{\"@id\":\"https:\/\/hubsch-interior.com\/fr\/produit\/combine-planche-naturel\/#breadcrumb\"},\"inLanguage\":\"fr-FR\",\"potentialAction\":[{\"@type\":\"ReadAction\",\"target\":[\"https:\/\/hubsch-interior.com\/fr\/produit\/combine-planche-naturel\/\"]}]},{\"@type\":\"ImageObject\",\"inLanguage\":\"fr-FR\",\"@id\":\"https:\/\/hubsch-interior.com\/fr\/produit\/combine-planche-naturel\/#primaryimage\",\"url\":\"https:\/\/hubsch-interior.com\/wp-content\/uploads\/2026\/02\/combine-board-natural-b414bed818c68b5f20b95f5bd7565145.jpg\",\"contentUrl\":\"https:\/\/hubsch-interior.com\/wp-content\/uploads\/2026\/02\/combine-board-natural-b414bed818c68b5f20b95f5bd7565145.jpg\",\"width\":1024,\"height\":1024},{\"@type\":\"BreadcrumbList\",\"@id\":\"https:\/\/hubsch-interior.com\/fr\/produit\/combine-planche-naturel\/#breadcrumb\",\"itemListElement\":[{\"@type\":\"ListItem\",\"position\":1,\"name\":\"Page d'accueil\",\"item\":\"https:\/\/hubsch-interior.com\/fr\/\"},{\"@type\":\"ListItem\",\"position\":2,\"name\":\"Produits\",\"item\":\"https:\/\/hubsch-interior.com\/fr\/shop-2\/\"},{\"@type\":\"ListItem\",\"position\":3,\"name\":\"Accessoires maison\",\"item\":\"https:\/\/hubsch-interior.com\/fr\/categorie-produit\/accessoires-maison\/\"},{\"@type\":\"ListItem\",\"position\":4,\"name\":\"Espace de travail\",\"item\":\"https:\/\/hubsch-interior.com\/fr\/categorie-produit\/accessoires-maison\/espace-de-travail-fr\/\"},{\"@type\":\"ListItem\",\"position\":5,\"name\":\"Tableau d&#039;affichage\",\"item\":\"https:\/\/hubsch-interior.com\/fr\/categorie-produit\/accessoires-maison\/espace-de-travail-fr\/tableau-daffichage-fr\/\"},{\"@type\":\"ListItem\",\"position\":6,\"name\":\"Combine Planche Naturel\"}]},{\"@type\":\"WebSite\",\"@id\":\"https:\/\/hubsch-interior.com\/fr\/#website\",\"url\":\"https:\/\/hubsch-interior.com\/fr\/\",\"name\":\"H\u00fcbsch\",\"description\":\"Danish Home Interior and Design\",\"publisher\":{\"@id\":\"https:\/\/hubsch-interior.com\/fr\/#organization\"},\"potentialAction\":[{\"@type\":\"SearchAction\",\"target\":{\"@type\":\"EntryPoint\",\"urlTemplate\":\"https:\/\/hubsch-interior.com\/fr\/?s={search_term_string}\"},\"query-input\":{\"@type\":\"PropertyValueSpecification\",\"valueRequired\":true,\"valueName\":\"search_term_string\"}}],\"inLanguage\":\"fr-FR\"},{\"@type\":\"Organization\",\"@id\":\"https:\/\/hubsch-interior.com\/fr\/#organization\",\"name\":\"H\u00fcbsch\",\"url\":\"https:\/\/hubsch-interior.com\/fr\/\",\"logo\":{\"@type\":\"ImageObject\",\"inLanguage\":\"fr-FR\",\"@id\":\"https:\/\/hubsch-interior.com\/fr\/#\/schema\/logo\/image\/\",\"url\":\"https:\/\/hubsch-interior.com\/wp-content\/uploads\/2022\/12\/Hubsch_logo_black_one_line.svg\",\"contentUrl\":\"https:\/\/hubsch-interior.com\/wp-content\/uploads\/2022\/12\/Hubsch_logo_black_one_line.svg\",\"caption\":\"H\u00fcbsch\"},\"image\":{\"@id\":\"https:\/\/hubsch-interior.com\/fr\/#\/schema\/logo\/image\/\"}}]}<\/script>\n<!-- \/ Yoast SEO plugin. -->","yoast_head_json":{"title":"Combine Planche Naturel - H\u00fcbsch","description":"Le tableau d'affichage est moderne et pratique. Placez-le dans votre bureau, dans votre cuisine ou dans une toute autre pi\u00e8ce dans votre maison. Convient","robots":{"index":"index","follow":"follow","max-snippet":"max-snippet:-1","max-image-preview":"max-image-preview:large","max-video-preview":"max-video-preview:-1"},"canonical":"https:\/\/hubsch-interior.com\/fr\/wp-json\/wp\/v2\/product\/394944","og_locale":"fr_FR","og_type":"article","og_title":"Combine Planche Naturel - H\u00fcbsch","og_description":"Le tableau d'affichage est moderne et pratique. Placez-le dans votre bureau, dans votre cuisine ou dans une toute autre pi\u00e8ce dans votre maison. Convient","og_url":"https:\/\/hubsch-interior.com\/fr\/produit\/combine-planche-naturel\/","og_site_name":"H\u00fcbsch","article_modified_time":"2026-04-09T02:48:15+00:00","og_image":[{"width":1200,"height":1200,"url":"https:\/\/hubsch-interior.com\/wp-content\/uploads\/2023\/08\/combine-board-natural-a6aea2eaf23759b1556f078b68a5c5a2.jpg","type":"image\/jpeg"}],"twitter_card":"summary_large_image","schema":{"@context":"https:\/\/schema.org","@graph":[{"@type":"WebPage","@id":"https:\/\/hubsch-interior.com\/fr\/produit\/combine-planche-naturel\/","url":"https:\/\/hubsch-interior.com\/fr\/produit\/combine-planche-naturel\/","name":"Combine Planche Naturel - H\u00fcbsch","isPartOf":{"@id":"https:\/\/hubsch-interior.com\/fr\/#website"},"primaryImageOfPage":{"@id":"https:\/\/hubsch-interior.com\/fr\/produit\/combine-planche-naturel\/#primaryimage"},"image":{"@id":"https:\/\/hubsch-interior.com\/fr\/produit\/combine-planche-naturel\/#primaryimage"},"thumbnailUrl":"https:\/\/hubsch-interior.com\/wp-content\/uploads\/2026\/02\/combine-board-natural-b414bed818c68b5f20b95f5bd7565145.jpg","datePublished":"2021-06-04T08:08:59+00:00","dateModified":"2026-04-09T02:48:15+00:00","description":"Le tableau d'affichage est moderne et pratique. Placez-le dans votre bureau, dans votre cuisine ou dans une toute autre pi\u00e8ce dans votre maison. Convient","breadcrumb":{"@id":"https:\/\/hubsch-interior.com\/fr\/produit\/combine-planche-naturel\/#breadcrumb"},"inLanguage":"fr-FR","potentialAction":[{"@type":"ReadAction","target":["https:\/\/hubsch-interior.com\/fr\/produit\/combine-planche-naturel\/"]}]},{"@type":"ImageObject","inLanguage":"fr-FR","@id":"https:\/\/hubsch-interior.com\/fr\/produit\/combine-planche-naturel\/#primaryimage","url":"https:\/\/hubsch-interior.com\/wp-content\/uploads\/2026\/02\/combine-board-natural-b414bed818c68b5f20b95f5bd7565145.jpg","contentUrl":"https:\/\/hubsch-interior.com\/wp-content\/uploads\/2026\/02\/combine-board-natural-b414bed818c68b5f20b95f5bd7565145.jpg","width":1024,"height":1024},{"@type":"BreadcrumbList","@id":"https:\/\/hubsch-interior.com\/fr\/produit\/combine-planche-naturel\/#breadcrumb","itemListElement":[{"@type":"ListItem","position":1,"name":"Page d'accueil","item":"https:\/\/hubsch-interior.com\/fr\/"},{"@type":"ListItem","position":2,"name":"Produits","item":"https:\/\/hubsch-interior.com\/fr\/shop-2\/"},{"@type":"ListItem","position":3,"name":"Accessoires maison","item":"https:\/\/hubsch-interior.com\/fr\/categorie-produit\/accessoires-maison\/"},{"@type":"ListItem","position":4,"name":"Espace de travail","item":"https:\/\/hubsch-interior.com\/fr\/categorie-produit\/accessoires-maison\/espace-de-travail-fr\/"},{"@type":"ListItem","position":5,"name":"Tableau d&#039;affichage","item":"https:\/\/hubsch-interior.com\/fr\/categorie-produit\/accessoires-maison\/espace-de-travail-fr\/tableau-daffichage-fr\/"},{"@type":"ListItem","position":6,"name":"Combine Planche Naturel"}]},{"@type":"WebSite","@id":"https:\/\/hubsch-interior.com\/fr\/#website","url":"https:\/\/hubsch-interior.com\/fr\/","name":"H\u00fcbsch","description":"Danish Home Interior and Design","publisher":{"@id":"https:\/\/hubsch-interior.com\/fr\/#organization"},"potentialAction":[{"@type":"SearchAction","target":{"@type":"EntryPoint","urlTemplate":"https:\/\/hubsch-interior.com\/fr\/?s={search_term_string}"},"query-input":{"@type":"PropertyValueSpecification","valueRequired":true,"valueName":"search_term_string"}}],"inLanguage":"fr-FR"},{"@type":"Organization","@id":"https:\/\/hubsch-interior.com\/fr\/#organization","name":"H\u00fcbsch","url":"https:\/\/hubsch-interior.com\/fr\/","logo":{"@type":"ImageObject","inLanguage":"fr-FR","@id":"https:\/\/hubsch-interior.com\/fr\/#\/schema\/logo\/image\/","url":"https:\/\/hubsch-interior.com\/wp-content\/uploads\/2022\/12\/Hubsch_logo_black_one_line.svg","contentUrl":"https:\/\/hubsch-interior.com\/wp-content\/uploads\/2022\/12\/Hubsch_logo_black_one_line.svg","caption":"H\u00fcbsch"},"image":{"@id":"https:\/\/hubsch-interior.com\/fr\/#\/schema\/logo\/image\/"}}]}},"_links":{"self":[{"href":"https:\/\/hubsch-interior.com\/fr\/wp-json\/wp\/v2\/product\/394944","targetHints":{"allow":["GET"]}}],"collection":[{"href":"https:\/\/hubsch-interior.com\/fr\/wp-json\/wp\/v2\/product"}],"about":[{"href":"https:\/\/hubsch-interior.com\/fr\/wp-json\/wp\/v2\/types\/product"}],"wp:featuredmedia":[{"embeddable":true,"href":"https:\/\/hubsch-interior.com\/fr\/wp-json\/wp\/v2\/media\/1101971"}],"wp:attachment":[{"href":"https:\/\/hubsch-interior.com\/fr\/wp-json\/wp\/v2\/media?parent=394944"}],"wp:term":[{"taxonomy":"product_brand","embeddable":true,"href":"https:\/\/hubsch-interior.com\/fr\/wp-json\/wp\/v2\/product_brand?post=394944"},{"taxonomy":"product_cat","embeddable":true,"href":"https:\/\/hubsch-interior.com\/fr\/wp-json\/wp\/v2\/product_cat?post=394944"},{"taxonomy":"product_tag","embeddable":true,"href":"https:\/\/hubsch-interior.com\/fr\/wp-json\/wp\/v2\/product_tag?post=394944"}],"curies":[{"name":"wp","href":"https:\/\/api.w.org\/{rel}","templated":true}]}}