{"id":39538,"date":"2020-12-15T09:49:27","date_gmt":"2020-12-15T08:49:27","guid":{"rendered":"https:\/\/hubsch-interior.com\/product\/product-9\/"},"modified":"2026-04-05T04:50:13","modified_gmt":"2026-04-05T02:50:13","slug":"collect-table-console-naturel","status":"publish","type":"product","link":"https:\/\/hubsch-interior.com\/fr\/produit\/collect-table-console-naturel\/","title":{"rendered":"Collect Table console Naturel"},"content":{"rendered":"<p>Collect Table Console Naturel est une table console unique et \u00e9l\u00e9gante qui s&#8217;int\u00e9grera parfaitement dans votre salon. Fabriqu\u00e9e \u00e0 partir de placage en ch\u00eane et de bois de ch\u00eane, cette table console est certifi\u00e9e FSC et offre un look naturel unique. Elle est dot\u00e9e de compartiments pratiques pour stocker des objets, des t\u00e9l\u00e9commandes et des livres. Elle s&#8217;int\u00e9grera parfaitement dans votre int\u00e9rieur pour un look chic et contemporain.<\/p>\n","protected":false},"excerpt":{"rendered":"<p>Collect Table Console Naturel est une table console unique et \u00e9l\u00e9gante qui s&#8217;int\u00e9grera parfaitement dans votre salon. Fabriqu\u00e9e \u00e0 partir de placage en ch\u00eane et de bois de ch\u00eane, cette table console est certifi\u00e9e FSC et offre un look naturel unique. Elle est dot\u00e9e de compartiments pratiques pour stocker des objets, des t\u00e9l\u00e9commandes et des [&hellip;]<\/p>\n","protected":false},"featured_media":1102152,"template":"","meta":{"_acf_changed":false,"inline_featured_image":false},"product_brand":[],"product_cat":[2859,2860,5026],"product_tag":[],"class_list":{"0":"post-39538","1":"product","2":"type-product","3":"status-publish","4":"has-post-thumbnail","6":"product_cat-tables-fr","7":"product_cat-consoles-fr","8":"product_cat-bestsellers-fr","9":"product_shipping_class-p05","10":"pa_color-naturel-2","11":"pa_material-mdf-fr","12":"pa_material-bois-de-chne-2","13":"pa_material-placage-de-chne-2","15":"first","16":"outofstock","17":"featured","18":"taxable","19":"shipping-taxable","20":"purchasable","21":"product-type-simple"},"exclude_global_add_ons":[],"addons":[],"acf":[],"yoast_head":"<!-- This site is optimized with the Yoast SEO plugin v26.4 - https:\/\/yoast.com\/wordpress\/plugins\/seo\/ -->\n<title>Collect Table console Naturel - H\u00fcbsch<\/title>\n<meta name=\"description\" content=\"Collect Table Console Naturel est une table console unique et \u00e9l\u00e9gante qui s&#039;int\u00e9grera parfaitement dans votre salon. Fabriqu\u00e9e \u00e0 partir de placage en\" \/>\n<meta name=\"robots\" content=\"index, follow, max-snippet:-1, max-image-preview:large, max-video-preview:-1\" \/>\n<link rel=\"canonical\" href=\"https:\/\/hubsch-interior.com\/fr\/wp-json\/wp\/v2\/product\/39538\" \/>\n<meta property=\"og:locale\" content=\"fr_FR\" \/>\n<meta property=\"og:type\" content=\"article\" \/>\n<meta property=\"og:title\" content=\"Collect Table console Naturel - H\u00fcbsch\" \/>\n<meta property=\"og:description\" content=\"Collect Table Console Naturel est une table console unique et \u00e9l\u00e9gante qui s&#039;int\u00e9grera parfaitement dans votre salon. Fabriqu\u00e9e \u00e0 partir de placage en\" \/>\n<meta property=\"og:url\" content=\"https:\/\/hubsch-interior.com\/fr\/produit\/collect-table-console-naturel\/\" \/>\n<meta property=\"og:site_name\" content=\"H\u00fcbsch\" \/>\n<meta property=\"article:modified_time\" content=\"2026-04-05T02:50:13+00:00\" \/>\n<meta property=\"og:image\" content=\"https:\/\/hubsch-interior.com\/wp-content\/uploads\/2023\/08\/collect-console-table-natural-088e6df9ac974f6e1a19626d7a9f215a.jpg\" \/>\n\t<meta property=\"og:image:width\" content=\"1200\" \/>\n\t<meta property=\"og:image:height\" content=\"1200\" \/>\n\t<meta property=\"og:image:type\" content=\"image\/jpeg\" \/>\n<meta name=\"twitter:card\" content=\"summary_large_image\" \/>\n<script type=\"application\/ld+json\" class=\"yoast-schema-graph\">{\"@context\":\"https:\/\/schema.org\",\"@graph\":[{\"@type\":\"WebPage\",\"@id\":\"https:\/\/hubsch-interior.com\/fr\/produit\/collect-table-console-naturel\/\",\"url\":\"https:\/\/hubsch-interior.com\/fr\/produit\/collect-table-console-naturel\/\",\"name\":\"Collect Table console Naturel - H\u00fcbsch\",\"isPartOf\":{\"@id\":\"https:\/\/hubsch-interior.com\/fr\/#website\"},\"primaryImageOfPage\":{\"@id\":\"https:\/\/hubsch-interior.com\/fr\/produit\/collect-table-console-naturel\/#primaryimage\"},\"image\":{\"@id\":\"https:\/\/hubsch-interior.com\/fr\/produit\/collect-table-console-naturel\/#primaryimage\"},\"thumbnailUrl\":\"https:\/\/hubsch-interior.com\/wp-content\/uploads\/2026\/02\/collect-console-table-natural-97aedec7620f775cc14c6c5649d089dc.jpg\",\"datePublished\":\"2020-12-15T08:49:27+00:00\",\"dateModified\":\"2026-04-05T02:50:13+00:00\",\"description\":\"Collect Table Console Naturel est une table console unique et \u00e9l\u00e9gante qui s'int\u00e9grera parfaitement dans votre salon. Fabriqu\u00e9e \u00e0 partir de placage en\",\"breadcrumb\":{\"@id\":\"https:\/\/hubsch-interior.com\/fr\/produit\/collect-table-console-naturel\/#breadcrumb\"},\"inLanguage\":\"fr-FR\",\"potentialAction\":[{\"@type\":\"ReadAction\",\"target\":[\"https:\/\/hubsch-interior.com\/fr\/produit\/collect-table-console-naturel\/\"]}]},{\"@type\":\"ImageObject\",\"inLanguage\":\"fr-FR\",\"@id\":\"https:\/\/hubsch-interior.com\/fr\/produit\/collect-table-console-naturel\/#primaryimage\",\"url\":\"https:\/\/hubsch-interior.com\/wp-content\/uploads\/2026\/02\/collect-console-table-natural-97aedec7620f775cc14c6c5649d089dc.jpg\",\"contentUrl\":\"https:\/\/hubsch-interior.com\/wp-content\/uploads\/2026\/02\/collect-console-table-natural-97aedec7620f775cc14c6c5649d089dc.jpg\",\"width\":1024,\"height\":1024},{\"@type\":\"BreadcrumbList\",\"@id\":\"https:\/\/hubsch-interior.com\/fr\/produit\/collect-table-console-naturel\/#breadcrumb\",\"itemListElement\":[{\"@type\":\"ListItem\",\"position\":1,\"name\":\"Page d'accueil\",\"item\":\"https:\/\/hubsch-interior.com\/fr\/\"},{\"@type\":\"ListItem\",\"position\":2,\"name\":\"Produits\",\"item\":\"https:\/\/hubsch-interior.com\/fr\/shop-2\/\"},{\"@type\":\"ListItem\",\"position\":3,\"name\":\"Meubles\",\"item\":\"https:\/\/hubsch-interior.com\/fr\/categorie-produit\/meubles\/\"},{\"@type\":\"ListItem\",\"position\":4,\"name\":\"Tables\",\"item\":\"https:\/\/hubsch-interior.com\/fr\/categorie-produit\/meubles\/tables-fr\/\"},{\"@type\":\"ListItem\",\"position\":5,\"name\":\"Consoles\",\"item\":\"https:\/\/hubsch-interior.com\/fr\/categorie-produit\/meubles\/tables-fr\/consoles-fr\/\"},{\"@type\":\"ListItem\",\"position\":6,\"name\":\"Collect Table console Naturel\"}]},{\"@type\":\"WebSite\",\"@id\":\"https:\/\/hubsch-interior.com\/fr\/#website\",\"url\":\"https:\/\/hubsch-interior.com\/fr\/\",\"name\":\"H\u00fcbsch\",\"description\":\"Danish Home Interior and Design\",\"publisher\":{\"@id\":\"https:\/\/hubsch-interior.com\/fr\/#organization\"},\"potentialAction\":[{\"@type\":\"SearchAction\",\"target\":{\"@type\":\"EntryPoint\",\"urlTemplate\":\"https:\/\/hubsch-interior.com\/fr\/?s={search_term_string}\"},\"query-input\":{\"@type\":\"PropertyValueSpecification\",\"valueRequired\":true,\"valueName\":\"search_term_string\"}}],\"inLanguage\":\"fr-FR\"},{\"@type\":\"Organization\",\"@id\":\"https:\/\/hubsch-interior.com\/fr\/#organization\",\"name\":\"H\u00fcbsch\",\"url\":\"https:\/\/hubsch-interior.com\/fr\/\",\"logo\":{\"@type\":\"ImageObject\",\"inLanguage\":\"fr-FR\",\"@id\":\"https:\/\/hubsch-interior.com\/fr\/#\/schema\/logo\/image\/\",\"url\":\"https:\/\/hubsch-interior.com\/wp-content\/uploads\/2022\/12\/Hubsch_logo_black_one_line.svg\",\"contentUrl\":\"https:\/\/hubsch-interior.com\/wp-content\/uploads\/2022\/12\/Hubsch_logo_black_one_line.svg\",\"caption\":\"H\u00fcbsch\"},\"image\":{\"@id\":\"https:\/\/hubsch-interior.com\/fr\/#\/schema\/logo\/image\/\"}}]}<\/script>\n<!-- \/ Yoast SEO plugin. -->","yoast_head_json":{"title":"Collect Table console Naturel - H\u00fcbsch","description":"Collect Table Console Naturel est une table console unique et \u00e9l\u00e9gante qui s'int\u00e9grera parfaitement dans votre salon. Fabriqu\u00e9e \u00e0 partir de placage en","robots":{"index":"index","follow":"follow","max-snippet":"max-snippet:-1","max-image-preview":"max-image-preview:large","max-video-preview":"max-video-preview:-1"},"canonical":"https:\/\/hubsch-interior.com\/fr\/wp-json\/wp\/v2\/product\/39538","og_locale":"fr_FR","og_type":"article","og_title":"Collect Table console Naturel - H\u00fcbsch","og_description":"Collect Table Console Naturel est une table console unique et \u00e9l\u00e9gante qui s'int\u00e9grera parfaitement dans votre salon. Fabriqu\u00e9e \u00e0 partir de placage en","og_url":"https:\/\/hubsch-interior.com\/fr\/produit\/collect-table-console-naturel\/","og_site_name":"H\u00fcbsch","article_modified_time":"2026-04-05T02:50:13+00:00","og_image":[{"width":1200,"height":1200,"url":"https:\/\/hubsch-interior.com\/wp-content\/uploads\/2023\/08\/collect-console-table-natural-088e6df9ac974f6e1a19626d7a9f215a.jpg","type":"image\/jpeg"}],"twitter_card":"summary_large_image","schema":{"@context":"https:\/\/schema.org","@graph":[{"@type":"WebPage","@id":"https:\/\/hubsch-interior.com\/fr\/produit\/collect-table-console-naturel\/","url":"https:\/\/hubsch-interior.com\/fr\/produit\/collect-table-console-naturel\/","name":"Collect Table console Naturel - H\u00fcbsch","isPartOf":{"@id":"https:\/\/hubsch-interior.com\/fr\/#website"},"primaryImageOfPage":{"@id":"https:\/\/hubsch-interior.com\/fr\/produit\/collect-table-console-naturel\/#primaryimage"},"image":{"@id":"https:\/\/hubsch-interior.com\/fr\/produit\/collect-table-console-naturel\/#primaryimage"},"thumbnailUrl":"https:\/\/hubsch-interior.com\/wp-content\/uploads\/2026\/02\/collect-console-table-natural-97aedec7620f775cc14c6c5649d089dc.jpg","datePublished":"2020-12-15T08:49:27+00:00","dateModified":"2026-04-05T02:50:13+00:00","description":"Collect Table Console Naturel est une table console unique et \u00e9l\u00e9gante qui s'int\u00e9grera parfaitement dans votre salon. Fabriqu\u00e9e \u00e0 partir de placage en","breadcrumb":{"@id":"https:\/\/hubsch-interior.com\/fr\/produit\/collect-table-console-naturel\/#breadcrumb"},"inLanguage":"fr-FR","potentialAction":[{"@type":"ReadAction","target":["https:\/\/hubsch-interior.com\/fr\/produit\/collect-table-console-naturel\/"]}]},{"@type":"ImageObject","inLanguage":"fr-FR","@id":"https:\/\/hubsch-interior.com\/fr\/produit\/collect-table-console-naturel\/#primaryimage","url":"https:\/\/hubsch-interior.com\/wp-content\/uploads\/2026\/02\/collect-console-table-natural-97aedec7620f775cc14c6c5649d089dc.jpg","contentUrl":"https:\/\/hubsch-interior.com\/wp-content\/uploads\/2026\/02\/collect-console-table-natural-97aedec7620f775cc14c6c5649d089dc.jpg","width":1024,"height":1024},{"@type":"BreadcrumbList","@id":"https:\/\/hubsch-interior.com\/fr\/produit\/collect-table-console-naturel\/#breadcrumb","itemListElement":[{"@type":"ListItem","position":1,"name":"Page d'accueil","item":"https:\/\/hubsch-interior.com\/fr\/"},{"@type":"ListItem","position":2,"name":"Produits","item":"https:\/\/hubsch-interior.com\/fr\/shop-2\/"},{"@type":"ListItem","position":3,"name":"Meubles","item":"https:\/\/hubsch-interior.com\/fr\/categorie-produit\/meubles\/"},{"@type":"ListItem","position":4,"name":"Tables","item":"https:\/\/hubsch-interior.com\/fr\/categorie-produit\/meubles\/tables-fr\/"},{"@type":"ListItem","position":5,"name":"Consoles","item":"https:\/\/hubsch-interior.com\/fr\/categorie-produit\/meubles\/tables-fr\/consoles-fr\/"},{"@type":"ListItem","position":6,"name":"Collect Table console Naturel"}]},{"@type":"WebSite","@id":"https:\/\/hubsch-interior.com\/fr\/#website","url":"https:\/\/hubsch-interior.com\/fr\/","name":"H\u00fcbsch","description":"Danish Home Interior and Design","publisher":{"@id":"https:\/\/hubsch-interior.com\/fr\/#organization"},"potentialAction":[{"@type":"SearchAction","target":{"@type":"EntryPoint","urlTemplate":"https:\/\/hubsch-interior.com\/fr\/?s={search_term_string}"},"query-input":{"@type":"PropertyValueSpecification","valueRequired":true,"valueName":"search_term_string"}}],"inLanguage":"fr-FR"},{"@type":"Organization","@id":"https:\/\/hubsch-interior.com\/fr\/#organization","name":"H\u00fcbsch","url":"https:\/\/hubsch-interior.com\/fr\/","logo":{"@type":"ImageObject","inLanguage":"fr-FR","@id":"https:\/\/hubsch-interior.com\/fr\/#\/schema\/logo\/image\/","url":"https:\/\/hubsch-interior.com\/wp-content\/uploads\/2022\/12\/Hubsch_logo_black_one_line.svg","contentUrl":"https:\/\/hubsch-interior.com\/wp-content\/uploads\/2022\/12\/Hubsch_logo_black_one_line.svg","caption":"H\u00fcbsch"},"image":{"@id":"https:\/\/hubsch-interior.com\/fr\/#\/schema\/logo\/image\/"}}]}},"_links":{"self":[{"href":"https:\/\/hubsch-interior.com\/fr\/wp-json\/wp\/v2\/product\/39538","targetHints":{"allow":["GET"]}}],"collection":[{"href":"https:\/\/hubsch-interior.com\/fr\/wp-json\/wp\/v2\/product"}],"about":[{"href":"https:\/\/hubsch-interior.com\/fr\/wp-json\/wp\/v2\/types\/product"}],"wp:featuredmedia":[{"embeddable":true,"href":"https:\/\/hubsch-interior.com\/fr\/wp-json\/wp\/v2\/media\/1102152"}],"wp:attachment":[{"href":"https:\/\/hubsch-interior.com\/fr\/wp-json\/wp\/v2\/media?parent=39538"}],"wp:term":[{"taxonomy":"product_brand","embeddable":true,"href":"https:\/\/hubsch-interior.com\/fr\/wp-json\/wp\/v2\/product_brand?post=39538"},{"taxonomy":"product_cat","embeddable":true,"href":"https:\/\/hubsch-interior.com\/fr\/wp-json\/wp\/v2\/product_cat?post=39538"},{"taxonomy":"product_tag","embeddable":true,"href":"https:\/\/hubsch-interior.com\/fr\/wp-json\/wp\/v2\/product_tag?post=39538"}],"curies":[{"name":"wp","href":"https:\/\/api.w.org\/{rel}","templated":true}]}}