{"id":395536,"date":"2021-06-04T10:10:48","date_gmt":"2021-06-04T08:10:48","guid":{"rendered":"https:\/\/hubsch-interior.com\/shop-b2c\/product\/product-6\/"},"modified":"2026-04-09T04:49:17","modified_gmt":"2026-04-09T02:49:17","slug":"nomad-porte-manteaux-8-crochet-large-naturel","status":"publish","type":"product","link":"https:\/\/hubsch-interior.com\/fr\/produit\/nomad-porte-manteaux-8-crochet-large-naturel\/","title":{"rendered":"Nomad Porte-manteaux 8 Crochet Large Naturel"},"content":{"rendered":"<p>Le porte-manteau Nomad 8 Crochets Large Naturel est construit en bois de ch\u00eane et certifi\u00e9 FSC. Il est \u00e9l\u00e9gant et pratique, et peut \u00eatre install\u00e9 dans n\u2019importe quelle pi\u00e8ce. Il est dot\u00e9 de 8 crochets robustes et offre un grand espace de rangement. Parfait pour organiser vos manteaux, chapeaux et autres accessoires. Sa finition naturelle et sa structure en bois massif en font un meuble intemporel et durable.<\/p>\n","protected":false},"excerpt":{"rendered":"<p>Le porte-manteau Nomad 8 Crochets Large Naturel est construit en bois de ch\u00eane et certifi\u00e9 FSC. Il est \u00e9l\u00e9gant et pratique, et peut \u00eatre install\u00e9 dans n\u2019importe quelle pi\u00e8ce. Il est dot\u00e9 de 8 crochets robustes et offre un grand espace de rangement. Parfait pour organiser vos manteaux, chapeaux et autres accessoires. Sa finition naturelle [&hellip;]<\/p>\n","protected":false},"featured_media":1102439,"template":"","meta":{"_acf_changed":false,"inline_featured_image":false},"product_brand":[],"product_cat":[6322,4041,4042,5026,5030],"product_tag":[],"class_list":{"0":"post-395536","1":"product","2":"type-product","3":"status-publish","4":"has-post-thumbnail","6":"product_cat-fsc-fr","7":"product_cat-pateres-porte-manteaux-fr","8":"product_cat-porte-manteaux-fr","9":"product_cat-bestsellers-fr","10":"product_cat-de-nouveau-en-stock-fr","11":"product_shipping_class-pk","13":"pa_color-naturel-2","14":"pa_material-placage-de-chne-2","16":"first","17":"instock","18":"featured","19":"taxable","20":"shipping-taxable","21":"purchasable","22":"product-type-simple"},"exclude_global_add_ons":[],"addons":[],"acf":[],"yoast_head":"<!-- This site is optimized with the Yoast SEO plugin v26.4 - https:\/\/yoast.com\/wordpress\/plugins\/seo\/ -->\n<title>Nomad Porte-manteaux 8 Crochet Large Naturel - H\u00fcbsch<\/title>\n<meta name=\"description\" content=\"Le porte-manteau Nomad 8 Crochets Large Naturel est construit en bois de ch\u00eane et certifi\u00e9 FSC. Il est \u00e9l\u00e9gant et pratique, et peut \u00eatre install\u00e9 dans\" \/>\n<meta name=\"robots\" content=\"index, follow, max-snippet:-1, max-image-preview:large, max-video-preview:-1\" \/>\n<link rel=\"canonical\" href=\"https:\/\/hubsch-interior.com\/fr\/wp-json\/wp\/v2\/product\/395536\" \/>\n<meta property=\"og:locale\" content=\"fr_FR\" \/>\n<meta property=\"og:type\" content=\"article\" \/>\n<meta property=\"og:title\" content=\"Nomad Porte-manteaux 8 Crochet Large Naturel - H\u00fcbsch\" \/>\n<meta property=\"og:description\" content=\"Le porte-manteau Nomad 8 Crochets Large Naturel est construit en bois de ch\u00eane et certifi\u00e9 FSC. Il est \u00e9l\u00e9gant et pratique, et peut \u00eatre install\u00e9 dans\" \/>\n<meta property=\"og:url\" content=\"https:\/\/hubsch-interior.com\/fr\/produit\/nomad-porte-manteaux-8-crochet-large-naturel\/\" \/>\n<meta property=\"og:site_name\" content=\"H\u00fcbsch\" \/>\n<meta property=\"article:modified_time\" content=\"2026-04-09T02:49:17+00:00\" \/>\n<meta property=\"og:image\" content=\"https:\/\/hubsch-interior.com\/wp-content\/uploads\/2023\/08\/nomad-coatrack-8-hooks-large-natural-0ec58b667bcabef1b62bae8032f7b970.jpg\" \/>\n\t<meta property=\"og:image:width\" content=\"1200\" \/>\n\t<meta property=\"og:image:height\" content=\"1200\" \/>\n\t<meta property=\"og:image:type\" content=\"image\/jpeg\" \/>\n<meta name=\"twitter:card\" content=\"summary_large_image\" \/>\n<script type=\"application\/ld+json\" class=\"yoast-schema-graph\">{\"@context\":\"https:\/\/schema.org\",\"@graph\":[{\"@type\":\"WebPage\",\"@id\":\"https:\/\/hubsch-interior.com\/fr\/produit\/nomad-porte-manteaux-8-crochet-large-naturel\/\",\"url\":\"https:\/\/hubsch-interior.com\/fr\/produit\/nomad-porte-manteaux-8-crochet-large-naturel\/\",\"name\":\"Nomad Porte-manteaux 8 Crochet Large Naturel - H\u00fcbsch\",\"isPartOf\":{\"@id\":\"https:\/\/hubsch-interior.com\/fr\/#website\"},\"primaryImageOfPage\":{\"@id\":\"https:\/\/hubsch-interior.com\/fr\/produit\/nomad-porte-manteaux-8-crochet-large-naturel\/#primaryimage\"},\"image\":{\"@id\":\"https:\/\/hubsch-interior.com\/fr\/produit\/nomad-porte-manteaux-8-crochet-large-naturel\/#primaryimage\"},\"thumbnailUrl\":\"https:\/\/hubsch-interior.com\/wp-content\/uploads\/2026\/02\/nomad-coatrack-8-hooks-large-natural-0eff916eea5229c111ac553fd4e26041.jpg\",\"datePublished\":\"2021-06-04T08:10:48+00:00\",\"dateModified\":\"2026-04-09T02:49:17+00:00\",\"description\":\"Le porte-manteau Nomad 8 Crochets Large Naturel est construit en bois de ch\u00eane et certifi\u00e9 FSC. Il est \u00e9l\u00e9gant et pratique, et peut \u00eatre install\u00e9 dans\",\"breadcrumb\":{\"@id\":\"https:\/\/hubsch-interior.com\/fr\/produit\/nomad-porte-manteaux-8-crochet-large-naturel\/#breadcrumb\"},\"inLanguage\":\"fr-FR\",\"potentialAction\":[{\"@type\":\"ReadAction\",\"target\":[\"https:\/\/hubsch-interior.com\/fr\/produit\/nomad-porte-manteaux-8-crochet-large-naturel\/\"]}]},{\"@type\":\"ImageObject\",\"inLanguage\":\"fr-FR\",\"@id\":\"https:\/\/hubsch-interior.com\/fr\/produit\/nomad-porte-manteaux-8-crochet-large-naturel\/#primaryimage\",\"url\":\"https:\/\/hubsch-interior.com\/wp-content\/uploads\/2026\/02\/nomad-coatrack-8-hooks-large-natural-0eff916eea5229c111ac553fd4e26041.jpg\",\"contentUrl\":\"https:\/\/hubsch-interior.com\/wp-content\/uploads\/2026\/02\/nomad-coatrack-8-hooks-large-natural-0eff916eea5229c111ac553fd4e26041.jpg\",\"width\":1024,\"height\":1024},{\"@type\":\"BreadcrumbList\",\"@id\":\"https:\/\/hubsch-interior.com\/fr\/produit\/nomad-porte-manteaux-8-crochet-large-naturel\/#breadcrumb\",\"itemListElement\":[{\"@type\":\"ListItem\",\"position\":1,\"name\":\"Page d'accueil\",\"item\":\"https:\/\/hubsch-interior.com\/fr\/\"},{\"@type\":\"ListItem\",\"position\":2,\"name\":\"Produits\",\"item\":\"https:\/\/hubsch-interior.com\/fr\/shop-2\/\"},{\"@type\":\"ListItem\",\"position\":3,\"name\":\"Accessoires maison\",\"item\":\"https:\/\/hubsch-interior.com\/fr\/categorie-produit\/accessoires-maison\/\"},{\"@type\":\"ListItem\",\"position\":4,\"name\":\"Pat&egrave;res &amp; porte-manteaux\",\"item\":\"https:\/\/hubsch-interior.com\/fr\/categorie-produit\/accessoires-maison\/pateres-porte-manteaux-fr\/\"},{\"@type\":\"ListItem\",\"position\":5,\"name\":\"Porte-manteaux\",\"item\":\"https:\/\/hubsch-interior.com\/fr\/categorie-produit\/accessoires-maison\/pateres-porte-manteaux-fr\/porte-manteaux-fr\/\"},{\"@type\":\"ListItem\",\"position\":6,\"name\":\"Nomad Porte-manteaux 8 Crochet Large Naturel\"}]},{\"@type\":\"WebSite\",\"@id\":\"https:\/\/hubsch-interior.com\/fr\/#website\",\"url\":\"https:\/\/hubsch-interior.com\/fr\/\",\"name\":\"H\u00fcbsch\",\"description\":\"Danish Home Interior and Design\",\"publisher\":{\"@id\":\"https:\/\/hubsch-interior.com\/fr\/#organization\"},\"potentialAction\":[{\"@type\":\"SearchAction\",\"target\":{\"@type\":\"EntryPoint\",\"urlTemplate\":\"https:\/\/hubsch-interior.com\/fr\/?s={search_term_string}\"},\"query-input\":{\"@type\":\"PropertyValueSpecification\",\"valueRequired\":true,\"valueName\":\"search_term_string\"}}],\"inLanguage\":\"fr-FR\"},{\"@type\":\"Organization\",\"@id\":\"https:\/\/hubsch-interior.com\/fr\/#organization\",\"name\":\"H\u00fcbsch\",\"url\":\"https:\/\/hubsch-interior.com\/fr\/\",\"logo\":{\"@type\":\"ImageObject\",\"inLanguage\":\"fr-FR\",\"@id\":\"https:\/\/hubsch-interior.com\/fr\/#\/schema\/logo\/image\/\",\"url\":\"https:\/\/hubsch-interior.com\/wp-content\/uploads\/2022\/12\/Hubsch_logo_black_one_line.svg\",\"contentUrl\":\"https:\/\/hubsch-interior.com\/wp-content\/uploads\/2022\/12\/Hubsch_logo_black_one_line.svg\",\"caption\":\"H\u00fcbsch\"},\"image\":{\"@id\":\"https:\/\/hubsch-interior.com\/fr\/#\/schema\/logo\/image\/\"}}]}<\/script>\n<!-- \/ Yoast SEO plugin. -->","yoast_head_json":{"title":"Nomad Porte-manteaux 8 Crochet Large Naturel - H\u00fcbsch","description":"Le porte-manteau Nomad 8 Crochets Large Naturel est construit en bois de ch\u00eane et certifi\u00e9 FSC. Il est \u00e9l\u00e9gant et pratique, et peut \u00eatre install\u00e9 dans","robots":{"index":"index","follow":"follow","max-snippet":"max-snippet:-1","max-image-preview":"max-image-preview:large","max-video-preview":"max-video-preview:-1"},"canonical":"https:\/\/hubsch-interior.com\/fr\/wp-json\/wp\/v2\/product\/395536","og_locale":"fr_FR","og_type":"article","og_title":"Nomad Porte-manteaux 8 Crochet Large Naturel - H\u00fcbsch","og_description":"Le porte-manteau Nomad 8 Crochets Large Naturel est construit en bois de ch\u00eane et certifi\u00e9 FSC. Il est \u00e9l\u00e9gant et pratique, et peut \u00eatre install\u00e9 dans","og_url":"https:\/\/hubsch-interior.com\/fr\/produit\/nomad-porte-manteaux-8-crochet-large-naturel\/","og_site_name":"H\u00fcbsch","article_modified_time":"2026-04-09T02:49:17+00:00","og_image":[{"width":1200,"height":1200,"url":"https:\/\/hubsch-interior.com\/wp-content\/uploads\/2023\/08\/nomad-coatrack-8-hooks-large-natural-0ec58b667bcabef1b62bae8032f7b970.jpg","type":"image\/jpeg"}],"twitter_card":"summary_large_image","schema":{"@context":"https:\/\/schema.org","@graph":[{"@type":"WebPage","@id":"https:\/\/hubsch-interior.com\/fr\/produit\/nomad-porte-manteaux-8-crochet-large-naturel\/","url":"https:\/\/hubsch-interior.com\/fr\/produit\/nomad-porte-manteaux-8-crochet-large-naturel\/","name":"Nomad Porte-manteaux 8 Crochet Large Naturel - H\u00fcbsch","isPartOf":{"@id":"https:\/\/hubsch-interior.com\/fr\/#website"},"primaryImageOfPage":{"@id":"https:\/\/hubsch-interior.com\/fr\/produit\/nomad-porte-manteaux-8-crochet-large-naturel\/#primaryimage"},"image":{"@id":"https:\/\/hubsch-interior.com\/fr\/produit\/nomad-porte-manteaux-8-crochet-large-naturel\/#primaryimage"},"thumbnailUrl":"https:\/\/hubsch-interior.com\/wp-content\/uploads\/2026\/02\/nomad-coatrack-8-hooks-large-natural-0eff916eea5229c111ac553fd4e26041.jpg","datePublished":"2021-06-04T08:10:48+00:00","dateModified":"2026-04-09T02:49:17+00:00","description":"Le porte-manteau Nomad 8 Crochets Large Naturel est construit en bois de ch\u00eane et certifi\u00e9 FSC. Il est \u00e9l\u00e9gant et pratique, et peut \u00eatre install\u00e9 dans","breadcrumb":{"@id":"https:\/\/hubsch-interior.com\/fr\/produit\/nomad-porte-manteaux-8-crochet-large-naturel\/#breadcrumb"},"inLanguage":"fr-FR","potentialAction":[{"@type":"ReadAction","target":["https:\/\/hubsch-interior.com\/fr\/produit\/nomad-porte-manteaux-8-crochet-large-naturel\/"]}]},{"@type":"ImageObject","inLanguage":"fr-FR","@id":"https:\/\/hubsch-interior.com\/fr\/produit\/nomad-porte-manteaux-8-crochet-large-naturel\/#primaryimage","url":"https:\/\/hubsch-interior.com\/wp-content\/uploads\/2026\/02\/nomad-coatrack-8-hooks-large-natural-0eff916eea5229c111ac553fd4e26041.jpg","contentUrl":"https:\/\/hubsch-interior.com\/wp-content\/uploads\/2026\/02\/nomad-coatrack-8-hooks-large-natural-0eff916eea5229c111ac553fd4e26041.jpg","width":1024,"height":1024},{"@type":"BreadcrumbList","@id":"https:\/\/hubsch-interior.com\/fr\/produit\/nomad-porte-manteaux-8-crochet-large-naturel\/#breadcrumb","itemListElement":[{"@type":"ListItem","position":1,"name":"Page d'accueil","item":"https:\/\/hubsch-interior.com\/fr\/"},{"@type":"ListItem","position":2,"name":"Produits","item":"https:\/\/hubsch-interior.com\/fr\/shop-2\/"},{"@type":"ListItem","position":3,"name":"Accessoires maison","item":"https:\/\/hubsch-interior.com\/fr\/categorie-produit\/accessoires-maison\/"},{"@type":"ListItem","position":4,"name":"Pat&egrave;res &amp; porte-manteaux","item":"https:\/\/hubsch-interior.com\/fr\/categorie-produit\/accessoires-maison\/pateres-porte-manteaux-fr\/"},{"@type":"ListItem","position":5,"name":"Porte-manteaux","item":"https:\/\/hubsch-interior.com\/fr\/categorie-produit\/accessoires-maison\/pateres-porte-manteaux-fr\/porte-manteaux-fr\/"},{"@type":"ListItem","position":6,"name":"Nomad Porte-manteaux 8 Crochet Large Naturel"}]},{"@type":"WebSite","@id":"https:\/\/hubsch-interior.com\/fr\/#website","url":"https:\/\/hubsch-interior.com\/fr\/","name":"H\u00fcbsch","description":"Danish Home Interior and Design","publisher":{"@id":"https:\/\/hubsch-interior.com\/fr\/#organization"},"potentialAction":[{"@type":"SearchAction","target":{"@type":"EntryPoint","urlTemplate":"https:\/\/hubsch-interior.com\/fr\/?s={search_term_string}"},"query-input":{"@type":"PropertyValueSpecification","valueRequired":true,"valueName":"search_term_string"}}],"inLanguage":"fr-FR"},{"@type":"Organization","@id":"https:\/\/hubsch-interior.com\/fr\/#organization","name":"H\u00fcbsch","url":"https:\/\/hubsch-interior.com\/fr\/","logo":{"@type":"ImageObject","inLanguage":"fr-FR","@id":"https:\/\/hubsch-interior.com\/fr\/#\/schema\/logo\/image\/","url":"https:\/\/hubsch-interior.com\/wp-content\/uploads\/2022\/12\/Hubsch_logo_black_one_line.svg","contentUrl":"https:\/\/hubsch-interior.com\/wp-content\/uploads\/2022\/12\/Hubsch_logo_black_one_line.svg","caption":"H\u00fcbsch"},"image":{"@id":"https:\/\/hubsch-interior.com\/fr\/#\/schema\/logo\/image\/"}}]}},"_links":{"self":[{"href":"https:\/\/hubsch-interior.com\/fr\/wp-json\/wp\/v2\/product\/395536","targetHints":{"allow":["GET"]}}],"collection":[{"href":"https:\/\/hubsch-interior.com\/fr\/wp-json\/wp\/v2\/product"}],"about":[{"href":"https:\/\/hubsch-interior.com\/fr\/wp-json\/wp\/v2\/types\/product"}],"wp:featuredmedia":[{"embeddable":true,"href":"https:\/\/hubsch-interior.com\/fr\/wp-json\/wp\/v2\/media\/1102439"}],"wp:attachment":[{"href":"https:\/\/hubsch-interior.com\/fr\/wp-json\/wp\/v2\/media?parent=395536"}],"wp:term":[{"taxonomy":"product_brand","embeddable":true,"href":"https:\/\/hubsch-interior.com\/fr\/wp-json\/wp\/v2\/product_brand?post=395536"},{"taxonomy":"product_cat","embeddable":true,"href":"https:\/\/hubsch-interior.com\/fr\/wp-json\/wp\/v2\/product_cat?post=395536"},{"taxonomy":"product_tag","embeddable":true,"href":"https:\/\/hubsch-interior.com\/fr\/wp-json\/wp\/v2\/product_tag?post=395536"}],"curies":[{"name":"wp","href":"https:\/\/api.w.org\/{rel}","templated":true}]}}