{"id":39570,"date":"2020-12-15T09:49:33","date_gmt":"2020-12-15T08:49:33","guid":{"rendered":"https:\/\/hubsch-interior.com\/product\/product-9\/"},"modified":"2026-04-09T04:48:45","modified_gmt":"2026-04-09T02:48:45","slug":"split-miroir-magnetique-naturel","status":"publish","type":"product","link":"https:\/\/hubsch-interior.com\/fr\/produit\/split-miroir-magnetique-naturel\/","title":{"rendered":"Split Miroir Magn\u00e9tique Naturel"},"content":{"rendered":"<p>Le Split Miroir Magn\u00e9tique Naturel est le produit id\u00e9al pour votre maison. Fabriqu\u00e9 en verre miroir, placage de ch\u00eane et bois de ch\u00eane, ce miroir durable est certifi\u00e9 FSC pour un achat responsable. Sa conception modulable vous permet de l&#8217;adapter \u00e0 votre espace. Utilisez-le pour garder des messages importants ou pour d\u00e9corer votre int\u00e9rieur. Avec ce miroir, votre maison sera toujours \u00e0 la pointe de la tendance.<\/p>\n","protected":false},"excerpt":{"rendered":"<p>Le Split Miroir Magn\u00e9tique Naturel est le produit id\u00e9al pour votre maison. Fabriqu\u00e9 en verre miroir, placage de ch\u00eane et bois de ch\u00eane, ce miroir durable est certifi\u00e9 FSC pour un achat responsable. Sa conception modulable vous permet de l&#8217;adapter \u00e0 votre espace. Utilisez-le pour garder des messages importants ou pour d\u00e9corer votre int\u00e9rieur. Avec [&hellip;]<\/p>\n","protected":false},"featured_media":1102180,"template":"","meta":{"_acf_changed":false,"inline_featured_image":false},"product_brand":[],"product_cat":[6892,6322,4153,4954,2923,2924,5026],"product_tag":[],"class_list":{"0":"post-39570","1":"product","2":"type-product","3":"status-publish","4":"has-post-thumbnail","6":"product_cat-meubles-multifonctionnels-fr","7":"product_cat-fsc-fr","8":"product_cat-espace-de-travail-fr","9":"product_cat-tableau-daffichage-fr","10":"product_cat-miroirs-fr","11":"product_cat-miroirs-muraux-fr","12":"product_cat-bestsellers-fr","13":"product_shipping_class-pk","15":"pa_color-naturel-2","16":"pa_material-mdf-fr","17":"pa_material-verre","18":"pa_material-bois-de-chne-2","19":"pa_material-placage-de-chne-2","21":"first","22":"instock","23":"featured","24":"taxable","25":"shipping-taxable","26":"purchasable","27":"product-type-simple"},"exclude_global_add_ons":[],"addons":[],"acf":[],"yoast_head":"<!-- This site is optimized with the Yoast SEO plugin v26.4 - https:\/\/yoast.com\/wordpress\/plugins\/seo\/ -->\n<title>Split Miroir Magn\u00e9tique Naturel - H\u00fcbsch<\/title>\n<meta name=\"description\" content=\"Le Split Miroir Magn\u00e9tique Naturel est le produit id\u00e9al pour votre maison. Fabriqu\u00e9 en verre miroir, placage de ch\u00eane et bois de ch\u00eane, ce miroir durable\" \/>\n<meta name=\"robots\" content=\"index, follow, max-snippet:-1, max-image-preview:large, max-video-preview:-1\" \/>\n<link rel=\"canonical\" href=\"https:\/\/hubsch-interior.com\/fr\/wp-json\/wp\/v2\/product\/39570\" \/>\n<meta property=\"og:locale\" content=\"fr_FR\" \/>\n<meta property=\"og:type\" content=\"article\" \/>\n<meta property=\"og:title\" content=\"Split Miroir Magn\u00e9tique Naturel - H\u00fcbsch\" \/>\n<meta property=\"og:description\" content=\"Le Split Miroir Magn\u00e9tique Naturel est le produit id\u00e9al pour votre maison. Fabriqu\u00e9 en verre miroir, placage de ch\u00eane et bois de ch\u00eane, ce miroir durable\" \/>\n<meta property=\"og:url\" content=\"https:\/\/hubsch-interior.com\/fr\/produit\/split-miroir-magnetique-naturel\/\" \/>\n<meta property=\"og:site_name\" content=\"H\u00fcbsch\" \/>\n<meta property=\"article:modified_time\" content=\"2026-04-09T02:48:45+00:00\" \/>\n<meta property=\"og:image\" content=\"https:\/\/hubsch-interior.com\/wp-content\/uploads\/2023\/08\/split-mirror-magnetic-natural-1fac6783d1349b30f7611487f1ab825f.jpg\" \/>\n\t<meta property=\"og:image:width\" content=\"1200\" \/>\n\t<meta property=\"og:image:height\" content=\"1200\" \/>\n\t<meta property=\"og:image:type\" content=\"image\/jpeg\" \/>\n<meta name=\"twitter:card\" content=\"summary_large_image\" \/>\n<script type=\"application\/ld+json\" class=\"yoast-schema-graph\">{\"@context\":\"https:\/\/schema.org\",\"@graph\":[{\"@type\":\"WebPage\",\"@id\":\"https:\/\/hubsch-interior.com\/fr\/produit\/split-miroir-magnetique-naturel\/\",\"url\":\"https:\/\/hubsch-interior.com\/fr\/produit\/split-miroir-magnetique-naturel\/\",\"name\":\"Split Miroir Magn\u00e9tique Naturel - H\u00fcbsch\",\"isPartOf\":{\"@id\":\"https:\/\/hubsch-interior.com\/fr\/#website\"},\"primaryImageOfPage\":{\"@id\":\"https:\/\/hubsch-interior.com\/fr\/produit\/split-miroir-magnetique-naturel\/#primaryimage\"},\"image\":{\"@id\":\"https:\/\/hubsch-interior.com\/fr\/produit\/split-miroir-magnetique-naturel\/#primaryimage\"},\"thumbnailUrl\":\"https:\/\/hubsch-interior.com\/wp-content\/uploads\/2026\/02\/split-mirror-magnetic-natural-61393a8f6aa76e405f5f744129b9aedd.jpg\",\"datePublished\":\"2020-12-15T08:49:33+00:00\",\"dateModified\":\"2026-04-09T02:48:45+00:00\",\"description\":\"Le Split Miroir Magn\u00e9tique Naturel est le produit id\u00e9al pour votre maison. Fabriqu\u00e9 en verre miroir, placage de ch\u00eane et bois de ch\u00eane, ce miroir durable\",\"breadcrumb\":{\"@id\":\"https:\/\/hubsch-interior.com\/fr\/produit\/split-miroir-magnetique-naturel\/#breadcrumb\"},\"inLanguage\":\"fr-FR\",\"potentialAction\":[{\"@type\":\"ReadAction\",\"target\":[\"https:\/\/hubsch-interior.com\/fr\/produit\/split-miroir-magnetique-naturel\/\"]}]},{\"@type\":\"ImageObject\",\"inLanguage\":\"fr-FR\",\"@id\":\"https:\/\/hubsch-interior.com\/fr\/produit\/split-miroir-magnetique-naturel\/#primaryimage\",\"url\":\"https:\/\/hubsch-interior.com\/wp-content\/uploads\/2026\/02\/split-mirror-magnetic-natural-61393a8f6aa76e405f5f744129b9aedd.jpg\",\"contentUrl\":\"https:\/\/hubsch-interior.com\/wp-content\/uploads\/2026\/02\/split-mirror-magnetic-natural-61393a8f6aa76e405f5f744129b9aedd.jpg\",\"width\":1024,\"height\":1024},{\"@type\":\"BreadcrumbList\",\"@id\":\"https:\/\/hubsch-interior.com\/fr\/produit\/split-miroir-magnetique-naturel\/#breadcrumb\",\"itemListElement\":[{\"@type\":\"ListItem\",\"position\":1,\"name\":\"Page d'accueil\",\"item\":\"https:\/\/hubsch-interior.com\/fr\/\"},{\"@type\":\"ListItem\",\"position\":2,\"name\":\"Produits\",\"item\":\"https:\/\/hubsch-interior.com\/fr\/shop-2\/\"},{\"@type\":\"ListItem\",\"position\":3,\"name\":\"Accessoires maison\",\"item\":\"https:\/\/hubsch-interior.com\/fr\/categorie-produit\/accessoires-maison\/\"},{\"@type\":\"ListItem\",\"position\":4,\"name\":\"Espace de travail\",\"item\":\"https:\/\/hubsch-interior.com\/fr\/categorie-produit\/accessoires-maison\/espace-de-travail-fr\/\"},{\"@type\":\"ListItem\",\"position\":5,\"name\":\"Tableau d&#039;affichage\",\"item\":\"https:\/\/hubsch-interior.com\/fr\/categorie-produit\/accessoires-maison\/espace-de-travail-fr\/tableau-daffichage-fr\/\"},{\"@type\":\"ListItem\",\"position\":6,\"name\":\"Split Miroir Magn\u00e9tique Naturel\"}]},{\"@type\":\"WebSite\",\"@id\":\"https:\/\/hubsch-interior.com\/fr\/#website\",\"url\":\"https:\/\/hubsch-interior.com\/fr\/\",\"name\":\"H\u00fcbsch\",\"description\":\"Danish Home Interior and Design\",\"publisher\":{\"@id\":\"https:\/\/hubsch-interior.com\/fr\/#organization\"},\"potentialAction\":[{\"@type\":\"SearchAction\",\"target\":{\"@type\":\"EntryPoint\",\"urlTemplate\":\"https:\/\/hubsch-interior.com\/fr\/?s={search_term_string}\"},\"query-input\":{\"@type\":\"PropertyValueSpecification\",\"valueRequired\":true,\"valueName\":\"search_term_string\"}}],\"inLanguage\":\"fr-FR\"},{\"@type\":\"Organization\",\"@id\":\"https:\/\/hubsch-interior.com\/fr\/#organization\",\"name\":\"H\u00fcbsch\",\"url\":\"https:\/\/hubsch-interior.com\/fr\/\",\"logo\":{\"@type\":\"ImageObject\",\"inLanguage\":\"fr-FR\",\"@id\":\"https:\/\/hubsch-interior.com\/fr\/#\/schema\/logo\/image\/\",\"url\":\"https:\/\/hubsch-interior.com\/wp-content\/uploads\/2022\/12\/Hubsch_logo_black_one_line.svg\",\"contentUrl\":\"https:\/\/hubsch-interior.com\/wp-content\/uploads\/2022\/12\/Hubsch_logo_black_one_line.svg\",\"caption\":\"H\u00fcbsch\"},\"image\":{\"@id\":\"https:\/\/hubsch-interior.com\/fr\/#\/schema\/logo\/image\/\"}}]}<\/script>\n<!-- \/ Yoast SEO plugin. -->","yoast_head_json":{"title":"Split Miroir Magn\u00e9tique Naturel - H\u00fcbsch","description":"Le Split Miroir Magn\u00e9tique Naturel est le produit id\u00e9al pour votre maison. Fabriqu\u00e9 en verre miroir, placage de ch\u00eane et bois de ch\u00eane, ce miroir durable","robots":{"index":"index","follow":"follow","max-snippet":"max-snippet:-1","max-image-preview":"max-image-preview:large","max-video-preview":"max-video-preview:-1"},"canonical":"https:\/\/hubsch-interior.com\/fr\/wp-json\/wp\/v2\/product\/39570","og_locale":"fr_FR","og_type":"article","og_title":"Split Miroir Magn\u00e9tique Naturel - H\u00fcbsch","og_description":"Le Split Miroir Magn\u00e9tique Naturel est le produit id\u00e9al pour votre maison. Fabriqu\u00e9 en verre miroir, placage de ch\u00eane et bois de ch\u00eane, ce miroir durable","og_url":"https:\/\/hubsch-interior.com\/fr\/produit\/split-miroir-magnetique-naturel\/","og_site_name":"H\u00fcbsch","article_modified_time":"2026-04-09T02:48:45+00:00","og_image":[{"width":1200,"height":1200,"url":"https:\/\/hubsch-interior.com\/wp-content\/uploads\/2023\/08\/split-mirror-magnetic-natural-1fac6783d1349b30f7611487f1ab825f.jpg","type":"image\/jpeg"}],"twitter_card":"summary_large_image","schema":{"@context":"https:\/\/schema.org","@graph":[{"@type":"WebPage","@id":"https:\/\/hubsch-interior.com\/fr\/produit\/split-miroir-magnetique-naturel\/","url":"https:\/\/hubsch-interior.com\/fr\/produit\/split-miroir-magnetique-naturel\/","name":"Split Miroir Magn\u00e9tique Naturel - H\u00fcbsch","isPartOf":{"@id":"https:\/\/hubsch-interior.com\/fr\/#website"},"primaryImageOfPage":{"@id":"https:\/\/hubsch-interior.com\/fr\/produit\/split-miroir-magnetique-naturel\/#primaryimage"},"image":{"@id":"https:\/\/hubsch-interior.com\/fr\/produit\/split-miroir-magnetique-naturel\/#primaryimage"},"thumbnailUrl":"https:\/\/hubsch-interior.com\/wp-content\/uploads\/2026\/02\/split-mirror-magnetic-natural-61393a8f6aa76e405f5f744129b9aedd.jpg","datePublished":"2020-12-15T08:49:33+00:00","dateModified":"2026-04-09T02:48:45+00:00","description":"Le Split Miroir Magn\u00e9tique Naturel est le produit id\u00e9al pour votre maison. Fabriqu\u00e9 en verre miroir, placage de ch\u00eane et bois de ch\u00eane, ce miroir durable","breadcrumb":{"@id":"https:\/\/hubsch-interior.com\/fr\/produit\/split-miroir-magnetique-naturel\/#breadcrumb"},"inLanguage":"fr-FR","potentialAction":[{"@type":"ReadAction","target":["https:\/\/hubsch-interior.com\/fr\/produit\/split-miroir-magnetique-naturel\/"]}]},{"@type":"ImageObject","inLanguage":"fr-FR","@id":"https:\/\/hubsch-interior.com\/fr\/produit\/split-miroir-magnetique-naturel\/#primaryimage","url":"https:\/\/hubsch-interior.com\/wp-content\/uploads\/2026\/02\/split-mirror-magnetic-natural-61393a8f6aa76e405f5f744129b9aedd.jpg","contentUrl":"https:\/\/hubsch-interior.com\/wp-content\/uploads\/2026\/02\/split-mirror-magnetic-natural-61393a8f6aa76e405f5f744129b9aedd.jpg","width":1024,"height":1024},{"@type":"BreadcrumbList","@id":"https:\/\/hubsch-interior.com\/fr\/produit\/split-miroir-magnetique-naturel\/#breadcrumb","itemListElement":[{"@type":"ListItem","position":1,"name":"Page d'accueil","item":"https:\/\/hubsch-interior.com\/fr\/"},{"@type":"ListItem","position":2,"name":"Produits","item":"https:\/\/hubsch-interior.com\/fr\/shop-2\/"},{"@type":"ListItem","position":3,"name":"Accessoires maison","item":"https:\/\/hubsch-interior.com\/fr\/categorie-produit\/accessoires-maison\/"},{"@type":"ListItem","position":4,"name":"Espace de travail","item":"https:\/\/hubsch-interior.com\/fr\/categorie-produit\/accessoires-maison\/espace-de-travail-fr\/"},{"@type":"ListItem","position":5,"name":"Tableau d&#039;affichage","item":"https:\/\/hubsch-interior.com\/fr\/categorie-produit\/accessoires-maison\/espace-de-travail-fr\/tableau-daffichage-fr\/"},{"@type":"ListItem","position":6,"name":"Split Miroir Magn\u00e9tique Naturel"}]},{"@type":"WebSite","@id":"https:\/\/hubsch-interior.com\/fr\/#website","url":"https:\/\/hubsch-interior.com\/fr\/","name":"H\u00fcbsch","description":"Danish Home Interior and Design","publisher":{"@id":"https:\/\/hubsch-interior.com\/fr\/#organization"},"potentialAction":[{"@type":"SearchAction","target":{"@type":"EntryPoint","urlTemplate":"https:\/\/hubsch-interior.com\/fr\/?s={search_term_string}"},"query-input":{"@type":"PropertyValueSpecification","valueRequired":true,"valueName":"search_term_string"}}],"inLanguage":"fr-FR"},{"@type":"Organization","@id":"https:\/\/hubsch-interior.com\/fr\/#organization","name":"H\u00fcbsch","url":"https:\/\/hubsch-interior.com\/fr\/","logo":{"@type":"ImageObject","inLanguage":"fr-FR","@id":"https:\/\/hubsch-interior.com\/fr\/#\/schema\/logo\/image\/","url":"https:\/\/hubsch-interior.com\/wp-content\/uploads\/2022\/12\/Hubsch_logo_black_one_line.svg","contentUrl":"https:\/\/hubsch-interior.com\/wp-content\/uploads\/2022\/12\/Hubsch_logo_black_one_line.svg","caption":"H\u00fcbsch"},"image":{"@id":"https:\/\/hubsch-interior.com\/fr\/#\/schema\/logo\/image\/"}}]}},"_links":{"self":[{"href":"https:\/\/hubsch-interior.com\/fr\/wp-json\/wp\/v2\/product\/39570","targetHints":{"allow":["GET"]}}],"collection":[{"href":"https:\/\/hubsch-interior.com\/fr\/wp-json\/wp\/v2\/product"}],"about":[{"href":"https:\/\/hubsch-interior.com\/fr\/wp-json\/wp\/v2\/types\/product"}],"wp:featuredmedia":[{"embeddable":true,"href":"https:\/\/hubsch-interior.com\/fr\/wp-json\/wp\/v2\/media\/1102180"}],"wp:attachment":[{"href":"https:\/\/hubsch-interior.com\/fr\/wp-json\/wp\/v2\/media?parent=39570"}],"wp:term":[{"taxonomy":"product_brand","embeddable":true,"href":"https:\/\/hubsch-interior.com\/fr\/wp-json\/wp\/v2\/product_brand?post=39570"},{"taxonomy":"product_cat","embeddable":true,"href":"https:\/\/hubsch-interior.com\/fr\/wp-json\/wp\/v2\/product_cat?post=39570"},{"taxonomy":"product_tag","embeddable":true,"href":"https:\/\/hubsch-interior.com\/fr\/wp-json\/wp\/v2\/product_tag?post=39570"}],"curies":[{"name":"wp","href":"https:\/\/api.w.org\/{rel}","templated":true}]}}