{"id":395740,"date":"2021-06-04T10:11:28","date_gmt":"2021-06-04T08:11:28","guid":{"rendered":"https:\/\/hubsch-interior.com\/shop-b2c\/product\/product-6\/"},"modified":"2026-04-09T04:49:31","modified_gmt":"2026-04-09T02:49:31","slug":"acorn-portant-a-vetements-naturel","status":"publish","type":"product","link":"https:\/\/hubsch-interior.com\/fr\/produit\/acorn-portant-a-vetements-naturel\/","title":{"rendered":"Acorn Portant \u00e0 v\u00eatements Naturel"},"content":{"rendered":"<p>La Pat\u00e8re Naturel Acorn est un must pour votre maison. Fabriqu\u00e9e en bois de ch\u00eane certifi\u00e9 FSC\u00ae, elle offre une esth\u00e9tique naturelle et authentique. Son design \u00e9l\u00e9gant et intemporel se mariera parfaitement avec tous les styles de d\u00e9coration int\u00e9rieure. Parfait pour suspendre des manteaux, des vestes et des chapeaux, cette pat\u00e8re est solide et robuste. La Pat\u00e8re Naturel Acorn est un excellent choix pour votre int\u00e9rieur.<\/p>\n","protected":false},"excerpt":{"rendered":"<p>La Pat\u00e8re Naturel Acorn est un must pour votre maison. Fabriqu\u00e9e en bois de ch\u00eane certifi\u00e9 FSC\u00ae, elle offre une esth\u00e9tique naturelle et authentique. Son design \u00e9l\u00e9gant et intemporel se mariera parfaitement avec tous les styles de d\u00e9coration int\u00e9rieure. Parfait pour suspendre des manteaux, des vestes et des chapeaux, cette pat\u00e8re est solide et robuste. [&hellip;]<\/p>\n","protected":false},"featured_media":1102503,"template":"","meta":{"_acf_changed":false,"inline_featured_image":false},"product_brand":[],"product_cat":[6322,4001,5089,4033,5461,5026,5030],"product_tag":[],"class_list":{"0":"post-395740","1":"product","2":"type-product","3":"status-publish","4":"has-post-thumbnail","6":"product_cat-fsc-fr","7":"product_cat-etageres-et-meubles-de-rangement-fr","8":"product_cat-portants-fr","9":"product_cat-garde-robe-portants-fr","10":"product_cat-etageres-fr","11":"product_cat-bestsellers-fr","12":"product_cat-de-nouveau-en-stock-fr","13":"product_shipping_class-p05","15":"pa_color-naturel-2","16":"pa_material-bois-de-chne-2","18":"first","19":"instock","20":"featured","21":"taxable","22":"shipping-taxable","23":"purchasable","24":"product-type-simple"},"exclude_global_add_ons":[],"addons":[],"acf":[],"yoast_head":"<!-- This site is optimized with the Yoast SEO plugin v26.4 - https:\/\/yoast.com\/wordpress\/plugins\/seo\/ -->\n<title>Acorn Portant \u00e0 v\u00eatements Naturel - H\u00fcbsch<\/title>\n<meta name=\"description\" content=\"La Pat\u00e8re Naturel Acorn est un must pour votre maison. Fabriqu\u00e9e en bois de ch\u00eane certifi\u00e9 FSC\u00ae, elle offre une esth\u00e9tique naturelle et authentique. Son\" \/>\n<meta name=\"robots\" content=\"index, follow, max-snippet:-1, max-image-preview:large, max-video-preview:-1\" \/>\n<link rel=\"canonical\" href=\"https:\/\/hubsch-interior.com\/fr\/wp-json\/wp\/v2\/product\/395740\" \/>\n<meta property=\"og:locale\" content=\"fr_FR\" \/>\n<meta property=\"og:type\" content=\"article\" \/>\n<meta property=\"og:title\" content=\"Acorn Portant \u00e0 v\u00eatements Naturel - H\u00fcbsch\" \/>\n<meta property=\"og:description\" content=\"La Pat\u00e8re Naturel Acorn est un must pour votre maison. Fabriqu\u00e9e en bois de ch\u00eane certifi\u00e9 FSC\u00ae, elle offre une esth\u00e9tique naturelle et authentique. Son\" \/>\n<meta property=\"og:url\" content=\"https:\/\/hubsch-interior.com\/fr\/produit\/acorn-portant-a-vetements-naturel\/\" \/>\n<meta property=\"og:site_name\" content=\"H\u00fcbsch\" \/>\n<meta property=\"article:modified_time\" content=\"2026-04-09T02:49:31+00:00\" \/>\n<meta property=\"og:image\" content=\"https:\/\/hubsch-interior.com\/wp-content\/uploads\/2024\/06\/acorn-clothing-rack-natural-2ef130c6535eb0befc06db503908d61e.jpg\" \/>\n\t<meta property=\"og:image:width\" content=\"1200\" \/>\n\t<meta property=\"og:image:height\" content=\"1200\" \/>\n\t<meta property=\"og:image:type\" content=\"image\/jpeg\" \/>\n<meta name=\"twitter:card\" content=\"summary_large_image\" \/>\n<script type=\"application\/ld+json\" class=\"yoast-schema-graph\">{\"@context\":\"https:\/\/schema.org\",\"@graph\":[{\"@type\":\"WebPage\",\"@id\":\"https:\/\/hubsch-interior.com\/fr\/produit\/acorn-portant-a-vetements-naturel\/\",\"url\":\"https:\/\/hubsch-interior.com\/fr\/produit\/acorn-portant-a-vetements-naturel\/\",\"name\":\"Acorn Portant \u00e0 v\u00eatements Naturel - H\u00fcbsch\",\"isPartOf\":{\"@id\":\"https:\/\/hubsch-interior.com\/fr\/#website\"},\"primaryImageOfPage\":{\"@id\":\"https:\/\/hubsch-interior.com\/fr\/produit\/acorn-portant-a-vetements-naturel\/#primaryimage\"},\"image\":{\"@id\":\"https:\/\/hubsch-interior.com\/fr\/produit\/acorn-portant-a-vetements-naturel\/#primaryimage\"},\"thumbnailUrl\":\"https:\/\/hubsch-interior.com\/wp-content\/uploads\/2026\/02\/acorn-clothing-rack-natural-822795122d69517f17e2f001d58f9b30.jpg\",\"datePublished\":\"2021-06-04T08:11:28+00:00\",\"dateModified\":\"2026-04-09T02:49:31+00:00\",\"description\":\"La Pat\u00e8re Naturel Acorn est un must pour votre maison. Fabriqu\u00e9e en bois de ch\u00eane certifi\u00e9 FSC\u00ae, elle offre une esth\u00e9tique naturelle et authentique. Son\",\"breadcrumb\":{\"@id\":\"https:\/\/hubsch-interior.com\/fr\/produit\/acorn-portant-a-vetements-naturel\/#breadcrumb\"},\"inLanguage\":\"fr-FR\",\"potentialAction\":[{\"@type\":\"ReadAction\",\"target\":[\"https:\/\/hubsch-interior.com\/fr\/produit\/acorn-portant-a-vetements-naturel\/\"]}]},{\"@type\":\"ImageObject\",\"inLanguage\":\"fr-FR\",\"@id\":\"https:\/\/hubsch-interior.com\/fr\/produit\/acorn-portant-a-vetements-naturel\/#primaryimage\",\"url\":\"https:\/\/hubsch-interior.com\/wp-content\/uploads\/2026\/02\/acorn-clothing-rack-natural-822795122d69517f17e2f001d58f9b30.jpg\",\"contentUrl\":\"https:\/\/hubsch-interior.com\/wp-content\/uploads\/2026\/02\/acorn-clothing-rack-natural-822795122d69517f17e2f001d58f9b30.jpg\",\"width\":1024,\"height\":1024},{\"@type\":\"BreadcrumbList\",\"@id\":\"https:\/\/hubsch-interior.com\/fr\/produit\/acorn-portant-a-vetements-naturel\/#breadcrumb\",\"itemListElement\":[{\"@type\":\"ListItem\",\"position\":1,\"name\":\"Page d'accueil\",\"item\":\"https:\/\/hubsch-interior.com\/fr\/\"},{\"@type\":\"ListItem\",\"position\":2,\"name\":\"Produits\",\"item\":\"https:\/\/hubsch-interior.com\/fr\/shop-2\/\"},{\"@type\":\"ListItem\",\"position\":3,\"name\":\"Meubles\",\"item\":\"https:\/\/hubsch-interior.com\/fr\/categorie-produit\/meubles\/\"},{\"@type\":\"ListItem\",\"position\":4,\"name\":\"Etag&egrave;res et meubles de rangement\",\"item\":\"https:\/\/hubsch-interior.com\/fr\/categorie-produit\/meubles\/etageres-et-meubles-de-rangement-fr\/\"},{\"@type\":\"ListItem\",\"position\":5,\"name\":\"Portants\",\"item\":\"https:\/\/hubsch-interior.com\/fr\/categorie-produit\/meubles\/etageres-et-meubles-de-rangement-fr\/portants-fr\/\"},{\"@type\":\"ListItem\",\"position\":6,\"name\":\"Acorn Portant \u00e0 v\u00eatements Naturel\"}]},{\"@type\":\"WebSite\",\"@id\":\"https:\/\/hubsch-interior.com\/fr\/#website\",\"url\":\"https:\/\/hubsch-interior.com\/fr\/\",\"name\":\"H\u00fcbsch\",\"description\":\"Danish Home Interior and Design\",\"publisher\":{\"@id\":\"https:\/\/hubsch-interior.com\/fr\/#organization\"},\"potentialAction\":[{\"@type\":\"SearchAction\",\"target\":{\"@type\":\"EntryPoint\",\"urlTemplate\":\"https:\/\/hubsch-interior.com\/fr\/?s={search_term_string}\"},\"query-input\":{\"@type\":\"PropertyValueSpecification\",\"valueRequired\":true,\"valueName\":\"search_term_string\"}}],\"inLanguage\":\"fr-FR\"},{\"@type\":\"Organization\",\"@id\":\"https:\/\/hubsch-interior.com\/fr\/#organization\",\"name\":\"H\u00fcbsch\",\"url\":\"https:\/\/hubsch-interior.com\/fr\/\",\"logo\":{\"@type\":\"ImageObject\",\"inLanguage\":\"fr-FR\",\"@id\":\"https:\/\/hubsch-interior.com\/fr\/#\/schema\/logo\/image\/\",\"url\":\"https:\/\/hubsch-interior.com\/wp-content\/uploads\/2022\/12\/Hubsch_logo_black_one_line.svg\",\"contentUrl\":\"https:\/\/hubsch-interior.com\/wp-content\/uploads\/2022\/12\/Hubsch_logo_black_one_line.svg\",\"caption\":\"H\u00fcbsch\"},\"image\":{\"@id\":\"https:\/\/hubsch-interior.com\/fr\/#\/schema\/logo\/image\/\"}}]}<\/script>\n<!-- \/ Yoast SEO plugin. -->","yoast_head_json":{"title":"Acorn Portant \u00e0 v\u00eatements Naturel - H\u00fcbsch","description":"La Pat\u00e8re Naturel Acorn est un must pour votre maison. Fabriqu\u00e9e en bois de ch\u00eane certifi\u00e9 FSC\u00ae, elle offre une esth\u00e9tique naturelle et authentique. Son","robots":{"index":"index","follow":"follow","max-snippet":"max-snippet:-1","max-image-preview":"max-image-preview:large","max-video-preview":"max-video-preview:-1"},"canonical":"https:\/\/hubsch-interior.com\/fr\/wp-json\/wp\/v2\/product\/395740","og_locale":"fr_FR","og_type":"article","og_title":"Acorn Portant \u00e0 v\u00eatements Naturel - H\u00fcbsch","og_description":"La Pat\u00e8re Naturel Acorn est un must pour votre maison. Fabriqu\u00e9e en bois de ch\u00eane certifi\u00e9 FSC\u00ae, elle offre une esth\u00e9tique naturelle et authentique. Son","og_url":"https:\/\/hubsch-interior.com\/fr\/produit\/acorn-portant-a-vetements-naturel\/","og_site_name":"H\u00fcbsch","article_modified_time":"2026-04-09T02:49:31+00:00","og_image":[{"width":1200,"height":1200,"url":"https:\/\/hubsch-interior.com\/wp-content\/uploads\/2024\/06\/acorn-clothing-rack-natural-2ef130c6535eb0befc06db503908d61e.jpg","type":"image\/jpeg"}],"twitter_card":"summary_large_image","schema":{"@context":"https:\/\/schema.org","@graph":[{"@type":"WebPage","@id":"https:\/\/hubsch-interior.com\/fr\/produit\/acorn-portant-a-vetements-naturel\/","url":"https:\/\/hubsch-interior.com\/fr\/produit\/acorn-portant-a-vetements-naturel\/","name":"Acorn Portant \u00e0 v\u00eatements Naturel - H\u00fcbsch","isPartOf":{"@id":"https:\/\/hubsch-interior.com\/fr\/#website"},"primaryImageOfPage":{"@id":"https:\/\/hubsch-interior.com\/fr\/produit\/acorn-portant-a-vetements-naturel\/#primaryimage"},"image":{"@id":"https:\/\/hubsch-interior.com\/fr\/produit\/acorn-portant-a-vetements-naturel\/#primaryimage"},"thumbnailUrl":"https:\/\/hubsch-interior.com\/wp-content\/uploads\/2026\/02\/acorn-clothing-rack-natural-822795122d69517f17e2f001d58f9b30.jpg","datePublished":"2021-06-04T08:11:28+00:00","dateModified":"2026-04-09T02:49:31+00:00","description":"La Pat\u00e8re Naturel Acorn est un must pour votre maison. Fabriqu\u00e9e en bois de ch\u00eane certifi\u00e9 FSC\u00ae, elle offre une esth\u00e9tique naturelle et authentique. Son","breadcrumb":{"@id":"https:\/\/hubsch-interior.com\/fr\/produit\/acorn-portant-a-vetements-naturel\/#breadcrumb"},"inLanguage":"fr-FR","potentialAction":[{"@type":"ReadAction","target":["https:\/\/hubsch-interior.com\/fr\/produit\/acorn-portant-a-vetements-naturel\/"]}]},{"@type":"ImageObject","inLanguage":"fr-FR","@id":"https:\/\/hubsch-interior.com\/fr\/produit\/acorn-portant-a-vetements-naturel\/#primaryimage","url":"https:\/\/hubsch-interior.com\/wp-content\/uploads\/2026\/02\/acorn-clothing-rack-natural-822795122d69517f17e2f001d58f9b30.jpg","contentUrl":"https:\/\/hubsch-interior.com\/wp-content\/uploads\/2026\/02\/acorn-clothing-rack-natural-822795122d69517f17e2f001d58f9b30.jpg","width":1024,"height":1024},{"@type":"BreadcrumbList","@id":"https:\/\/hubsch-interior.com\/fr\/produit\/acorn-portant-a-vetements-naturel\/#breadcrumb","itemListElement":[{"@type":"ListItem","position":1,"name":"Page d'accueil","item":"https:\/\/hubsch-interior.com\/fr\/"},{"@type":"ListItem","position":2,"name":"Produits","item":"https:\/\/hubsch-interior.com\/fr\/shop-2\/"},{"@type":"ListItem","position":3,"name":"Meubles","item":"https:\/\/hubsch-interior.com\/fr\/categorie-produit\/meubles\/"},{"@type":"ListItem","position":4,"name":"Etag&egrave;res et meubles de rangement","item":"https:\/\/hubsch-interior.com\/fr\/categorie-produit\/meubles\/etageres-et-meubles-de-rangement-fr\/"},{"@type":"ListItem","position":5,"name":"Portants","item":"https:\/\/hubsch-interior.com\/fr\/categorie-produit\/meubles\/etageres-et-meubles-de-rangement-fr\/portants-fr\/"},{"@type":"ListItem","position":6,"name":"Acorn Portant \u00e0 v\u00eatements Naturel"}]},{"@type":"WebSite","@id":"https:\/\/hubsch-interior.com\/fr\/#website","url":"https:\/\/hubsch-interior.com\/fr\/","name":"H\u00fcbsch","description":"Danish Home Interior and Design","publisher":{"@id":"https:\/\/hubsch-interior.com\/fr\/#organization"},"potentialAction":[{"@type":"SearchAction","target":{"@type":"EntryPoint","urlTemplate":"https:\/\/hubsch-interior.com\/fr\/?s={search_term_string}"},"query-input":{"@type":"PropertyValueSpecification","valueRequired":true,"valueName":"search_term_string"}}],"inLanguage":"fr-FR"},{"@type":"Organization","@id":"https:\/\/hubsch-interior.com\/fr\/#organization","name":"H\u00fcbsch","url":"https:\/\/hubsch-interior.com\/fr\/","logo":{"@type":"ImageObject","inLanguage":"fr-FR","@id":"https:\/\/hubsch-interior.com\/fr\/#\/schema\/logo\/image\/","url":"https:\/\/hubsch-interior.com\/wp-content\/uploads\/2022\/12\/Hubsch_logo_black_one_line.svg","contentUrl":"https:\/\/hubsch-interior.com\/wp-content\/uploads\/2022\/12\/Hubsch_logo_black_one_line.svg","caption":"H\u00fcbsch"},"image":{"@id":"https:\/\/hubsch-interior.com\/fr\/#\/schema\/logo\/image\/"}}]}},"_links":{"self":[{"href":"https:\/\/hubsch-interior.com\/fr\/wp-json\/wp\/v2\/product\/395740","targetHints":{"allow":["GET"]}}],"collection":[{"href":"https:\/\/hubsch-interior.com\/fr\/wp-json\/wp\/v2\/product"}],"about":[{"href":"https:\/\/hubsch-interior.com\/fr\/wp-json\/wp\/v2\/types\/product"}],"wp:featuredmedia":[{"embeddable":true,"href":"https:\/\/hubsch-interior.com\/fr\/wp-json\/wp\/v2\/media\/1102503"}],"wp:attachment":[{"href":"https:\/\/hubsch-interior.com\/fr\/wp-json\/wp\/v2\/media?parent=395740"}],"wp:term":[{"taxonomy":"product_brand","embeddable":true,"href":"https:\/\/hubsch-interior.com\/fr\/wp-json\/wp\/v2\/product_brand?post=395740"},{"taxonomy":"product_cat","embeddable":true,"href":"https:\/\/hubsch-interior.com\/fr\/wp-json\/wp\/v2\/product_cat?post=395740"},{"taxonomy":"product_tag","embeddable":true,"href":"https:\/\/hubsch-interior.com\/fr\/wp-json\/wp\/v2\/product_tag?post=395740"}],"curies":[{"name":"wp","href":"https:\/\/api.w.org\/{rel}","templated":true}]}}