{"id":39586,"date":"2020-12-15T09:49:40","date_gmt":"2020-12-15T08:49:40","guid":{"rendered":"https:\/\/hubsch-interior.com\/product\/product-10\/"},"modified":"2026-04-08T04:48:49","modified_gmt":"2026-04-08T02:48:49","slug":"depth-miroir-naturel","status":"publish","type":"product","link":"https:\/\/hubsch-interior.com\/fr\/produit\/depth-miroir-naturel\/","title":{"rendered":"Depth Miroir Naturel"},"content":{"rendered":"<p>Le miroir Depth Naturel est parfait pour donner un look moderne et sophistiqu\u00e9 \u00e0 votre int\u00e9rieur. Fabriqu\u00e9 \u00e0 partir de verre miroir et de bois de ch\u00eane v\u00e9ritable, ce miroir est certifi\u00e9 FSC et est con\u00e7u pour durer. Il est parfait pour une pi\u00e8ce \u00e0 vivre, une salle \u00e0 manger ou une chambre \u00e0 coucher. Sa conception unique et ses finitions \u00e0 la main ajoutent une touche d&#8217;\u00e9l\u00e9gance et de modernit\u00e9 \u00e0 votre d\u00e9cor. Transformez votre int\u00e9rieur avec le miroir Depth Naturel et apportez une touche de charme \u00e0 votre maison.<\/p>\n","protected":false},"excerpt":{"rendered":"<p>Le miroir Depth Naturel est parfait pour donner un look moderne et sophistiqu\u00e9 \u00e0 votre int\u00e9rieur. Fabriqu\u00e9 \u00e0 partir de verre miroir et de bois de ch\u00eane v\u00e9ritable, ce miroir est certifi\u00e9 FSC et est con\u00e7u pour durer. Il est parfait pour une pi\u00e8ce \u00e0 vivre, une salle \u00e0 manger ou une chambre \u00e0 coucher. [&hellip;]<\/p>\n","protected":false},"featured_media":1102196,"template":"","meta":{"_acf_changed":false,"inline_featured_image":false},"product_brand":[],"product_cat":[2923,2924,5026],"product_tag":[],"class_list":{"0":"post-39586","1":"product","2":"type-product","3":"status-publish","4":"has-post-thumbnail","6":"product_cat-miroirs-fr","7":"product_cat-miroirs-muraux-fr","8":"product_cat-bestsellers-fr","9":"product_shipping_class-pk","10":"pa_color-naturel-2","11":"pa_material-mdf-fr","12":"pa_material-verre","13":"pa_material-bois-de-chne-2","14":"pa_material-placage-de-chne-2","16":"first","17":"outofstock","18":"featured","19":"taxable","20":"shipping-taxable","21":"purchasable","22":"product-type-simple"},"exclude_global_add_ons":[],"addons":[],"acf":[],"yoast_head":"<!-- This site is optimized with the Yoast SEO plugin v26.4 - https:\/\/yoast.com\/wordpress\/plugins\/seo\/ -->\n<title>Depth Miroir Naturel - H\u00fcbsch<\/title>\n<meta name=\"description\" content=\"Le miroir Depth Naturel est parfait pour donner un look moderne et sophistiqu\u00e9 \u00e0 votre int\u00e9rieur. Fabriqu\u00e9 \u00e0 partir de verre miroir et de bois de ch\u00eane\" \/>\n<meta name=\"robots\" content=\"index, follow, max-snippet:-1, max-image-preview:large, max-video-preview:-1\" \/>\n<link rel=\"canonical\" href=\"https:\/\/hubsch-interior.com\/fr\/wp-json\/wp\/v2\/product\/39586\" \/>\n<meta property=\"og:locale\" content=\"fr_FR\" \/>\n<meta property=\"og:type\" content=\"article\" \/>\n<meta property=\"og:title\" content=\"Depth Miroir Naturel - H\u00fcbsch\" \/>\n<meta property=\"og:description\" content=\"Le miroir Depth Naturel est parfait pour donner un look moderne et sophistiqu\u00e9 \u00e0 votre int\u00e9rieur. Fabriqu\u00e9 \u00e0 partir de verre miroir et de bois de ch\u00eane\" \/>\n<meta property=\"og:url\" content=\"https:\/\/hubsch-interior.com\/fr\/produit\/depth-miroir-naturel\/\" \/>\n<meta property=\"og:site_name\" content=\"H\u00fcbsch\" \/>\n<meta property=\"article:modified_time\" content=\"2026-04-08T02:48:49+00:00\" \/>\n<meta property=\"og:image\" content=\"https:\/\/hubsch-interior.com\/wp-content\/uploads\/2023\/08\/depth-mirror-natural-39996d7adde0979ac16094c8a15d0df6.jpg\" \/>\n\t<meta property=\"og:image:width\" content=\"1200\" \/>\n\t<meta property=\"og:image:height\" content=\"1200\" \/>\n\t<meta property=\"og:image:type\" content=\"image\/jpeg\" \/>\n<meta name=\"twitter:card\" content=\"summary_large_image\" \/>\n<script type=\"application\/ld+json\" class=\"yoast-schema-graph\">{\"@context\":\"https:\/\/schema.org\",\"@graph\":[{\"@type\":\"WebPage\",\"@id\":\"https:\/\/hubsch-interior.com\/fr\/produit\/depth-miroir-naturel\/\",\"url\":\"https:\/\/hubsch-interior.com\/fr\/produit\/depth-miroir-naturel\/\",\"name\":\"Depth Miroir Naturel - H\u00fcbsch\",\"isPartOf\":{\"@id\":\"https:\/\/hubsch-interior.com\/fr\/#website\"},\"primaryImageOfPage\":{\"@id\":\"https:\/\/hubsch-interior.com\/fr\/produit\/depth-miroir-naturel\/#primaryimage\"},\"image\":{\"@id\":\"https:\/\/hubsch-interior.com\/fr\/produit\/depth-miroir-naturel\/#primaryimage\"},\"thumbnailUrl\":\"https:\/\/hubsch-interior.com\/wp-content\/uploads\/2026\/02\/depth-mirror-natural-3936b3b04bb6b9c3d97a04057e1613b7.jpg\",\"datePublished\":\"2020-12-15T08:49:40+00:00\",\"dateModified\":\"2026-04-08T02:48:49+00:00\",\"description\":\"Le miroir Depth Naturel est parfait pour donner un look moderne et sophistiqu\u00e9 \u00e0 votre int\u00e9rieur. Fabriqu\u00e9 \u00e0 partir de verre miroir et de bois de ch\u00eane\",\"breadcrumb\":{\"@id\":\"https:\/\/hubsch-interior.com\/fr\/produit\/depth-miroir-naturel\/#breadcrumb\"},\"inLanguage\":\"fr-FR\",\"potentialAction\":[{\"@type\":\"ReadAction\",\"target\":[\"https:\/\/hubsch-interior.com\/fr\/produit\/depth-miroir-naturel\/\"]}]},{\"@type\":\"ImageObject\",\"inLanguage\":\"fr-FR\",\"@id\":\"https:\/\/hubsch-interior.com\/fr\/produit\/depth-miroir-naturel\/#primaryimage\",\"url\":\"https:\/\/hubsch-interior.com\/wp-content\/uploads\/2026\/02\/depth-mirror-natural-3936b3b04bb6b9c3d97a04057e1613b7.jpg\",\"contentUrl\":\"https:\/\/hubsch-interior.com\/wp-content\/uploads\/2026\/02\/depth-mirror-natural-3936b3b04bb6b9c3d97a04057e1613b7.jpg\",\"width\":1024,\"height\":1024},{\"@type\":\"BreadcrumbList\",\"@id\":\"https:\/\/hubsch-interior.com\/fr\/produit\/depth-miroir-naturel\/#breadcrumb\",\"itemListElement\":[{\"@type\":\"ListItem\",\"position\":1,\"name\":\"Page d'accueil\",\"item\":\"https:\/\/hubsch-interior.com\/fr\/\"},{\"@type\":\"ListItem\",\"position\":2,\"name\":\"Produits\",\"item\":\"https:\/\/hubsch-interior.com\/fr\/shop-2\/\"},{\"@type\":\"ListItem\",\"position\":3,\"name\":\"Accessoires maison\",\"item\":\"https:\/\/hubsch-interior.com\/fr\/categorie-produit\/accessoires-maison\/\"},{\"@type\":\"ListItem\",\"position\":4,\"name\":\"Miroirs\",\"item\":\"https:\/\/hubsch-interior.com\/fr\/categorie-produit\/accessoires-maison\/miroirs-fr\/\"},{\"@type\":\"ListItem\",\"position\":5,\"name\":\"Miroirs muraux\",\"item\":\"https:\/\/hubsch-interior.com\/fr\/categorie-produit\/accessoires-maison\/miroirs-fr\/miroirs-muraux-fr\/\"},{\"@type\":\"ListItem\",\"position\":6,\"name\":\"Depth Miroir Naturel\"}]},{\"@type\":\"WebSite\",\"@id\":\"https:\/\/hubsch-interior.com\/fr\/#website\",\"url\":\"https:\/\/hubsch-interior.com\/fr\/\",\"name\":\"H\u00fcbsch\",\"description\":\"Danish Home Interior and Design\",\"publisher\":{\"@id\":\"https:\/\/hubsch-interior.com\/fr\/#organization\"},\"potentialAction\":[{\"@type\":\"SearchAction\",\"target\":{\"@type\":\"EntryPoint\",\"urlTemplate\":\"https:\/\/hubsch-interior.com\/fr\/?s={search_term_string}\"},\"query-input\":{\"@type\":\"PropertyValueSpecification\",\"valueRequired\":true,\"valueName\":\"search_term_string\"}}],\"inLanguage\":\"fr-FR\"},{\"@type\":\"Organization\",\"@id\":\"https:\/\/hubsch-interior.com\/fr\/#organization\",\"name\":\"H\u00fcbsch\",\"url\":\"https:\/\/hubsch-interior.com\/fr\/\",\"logo\":{\"@type\":\"ImageObject\",\"inLanguage\":\"fr-FR\",\"@id\":\"https:\/\/hubsch-interior.com\/fr\/#\/schema\/logo\/image\/\",\"url\":\"https:\/\/hubsch-interior.com\/wp-content\/uploads\/2022\/12\/Hubsch_logo_black_one_line.svg\",\"contentUrl\":\"https:\/\/hubsch-interior.com\/wp-content\/uploads\/2022\/12\/Hubsch_logo_black_one_line.svg\",\"caption\":\"H\u00fcbsch\"},\"image\":{\"@id\":\"https:\/\/hubsch-interior.com\/fr\/#\/schema\/logo\/image\/\"}}]}<\/script>\n<!-- \/ Yoast SEO plugin. -->","yoast_head_json":{"title":"Depth Miroir Naturel - H\u00fcbsch","description":"Le miroir Depth Naturel est parfait pour donner un look moderne et sophistiqu\u00e9 \u00e0 votre int\u00e9rieur. Fabriqu\u00e9 \u00e0 partir de verre miroir et de bois de ch\u00eane","robots":{"index":"index","follow":"follow","max-snippet":"max-snippet:-1","max-image-preview":"max-image-preview:large","max-video-preview":"max-video-preview:-1"},"canonical":"https:\/\/hubsch-interior.com\/fr\/wp-json\/wp\/v2\/product\/39586","og_locale":"fr_FR","og_type":"article","og_title":"Depth Miroir Naturel - H\u00fcbsch","og_description":"Le miroir Depth Naturel est parfait pour donner un look moderne et sophistiqu\u00e9 \u00e0 votre int\u00e9rieur. Fabriqu\u00e9 \u00e0 partir de verre miroir et de bois de ch\u00eane","og_url":"https:\/\/hubsch-interior.com\/fr\/produit\/depth-miroir-naturel\/","og_site_name":"H\u00fcbsch","article_modified_time":"2026-04-08T02:48:49+00:00","og_image":[{"width":1200,"height":1200,"url":"https:\/\/hubsch-interior.com\/wp-content\/uploads\/2023\/08\/depth-mirror-natural-39996d7adde0979ac16094c8a15d0df6.jpg","type":"image\/jpeg"}],"twitter_card":"summary_large_image","schema":{"@context":"https:\/\/schema.org","@graph":[{"@type":"WebPage","@id":"https:\/\/hubsch-interior.com\/fr\/produit\/depth-miroir-naturel\/","url":"https:\/\/hubsch-interior.com\/fr\/produit\/depth-miroir-naturel\/","name":"Depth Miroir Naturel - H\u00fcbsch","isPartOf":{"@id":"https:\/\/hubsch-interior.com\/fr\/#website"},"primaryImageOfPage":{"@id":"https:\/\/hubsch-interior.com\/fr\/produit\/depth-miroir-naturel\/#primaryimage"},"image":{"@id":"https:\/\/hubsch-interior.com\/fr\/produit\/depth-miroir-naturel\/#primaryimage"},"thumbnailUrl":"https:\/\/hubsch-interior.com\/wp-content\/uploads\/2026\/02\/depth-mirror-natural-3936b3b04bb6b9c3d97a04057e1613b7.jpg","datePublished":"2020-12-15T08:49:40+00:00","dateModified":"2026-04-08T02:48:49+00:00","description":"Le miroir Depth Naturel est parfait pour donner un look moderne et sophistiqu\u00e9 \u00e0 votre int\u00e9rieur. Fabriqu\u00e9 \u00e0 partir de verre miroir et de bois de ch\u00eane","breadcrumb":{"@id":"https:\/\/hubsch-interior.com\/fr\/produit\/depth-miroir-naturel\/#breadcrumb"},"inLanguage":"fr-FR","potentialAction":[{"@type":"ReadAction","target":["https:\/\/hubsch-interior.com\/fr\/produit\/depth-miroir-naturel\/"]}]},{"@type":"ImageObject","inLanguage":"fr-FR","@id":"https:\/\/hubsch-interior.com\/fr\/produit\/depth-miroir-naturel\/#primaryimage","url":"https:\/\/hubsch-interior.com\/wp-content\/uploads\/2026\/02\/depth-mirror-natural-3936b3b04bb6b9c3d97a04057e1613b7.jpg","contentUrl":"https:\/\/hubsch-interior.com\/wp-content\/uploads\/2026\/02\/depth-mirror-natural-3936b3b04bb6b9c3d97a04057e1613b7.jpg","width":1024,"height":1024},{"@type":"BreadcrumbList","@id":"https:\/\/hubsch-interior.com\/fr\/produit\/depth-miroir-naturel\/#breadcrumb","itemListElement":[{"@type":"ListItem","position":1,"name":"Page d'accueil","item":"https:\/\/hubsch-interior.com\/fr\/"},{"@type":"ListItem","position":2,"name":"Produits","item":"https:\/\/hubsch-interior.com\/fr\/shop-2\/"},{"@type":"ListItem","position":3,"name":"Accessoires maison","item":"https:\/\/hubsch-interior.com\/fr\/categorie-produit\/accessoires-maison\/"},{"@type":"ListItem","position":4,"name":"Miroirs","item":"https:\/\/hubsch-interior.com\/fr\/categorie-produit\/accessoires-maison\/miroirs-fr\/"},{"@type":"ListItem","position":5,"name":"Miroirs muraux","item":"https:\/\/hubsch-interior.com\/fr\/categorie-produit\/accessoires-maison\/miroirs-fr\/miroirs-muraux-fr\/"},{"@type":"ListItem","position":6,"name":"Depth Miroir Naturel"}]},{"@type":"WebSite","@id":"https:\/\/hubsch-interior.com\/fr\/#website","url":"https:\/\/hubsch-interior.com\/fr\/","name":"H\u00fcbsch","description":"Danish Home Interior and Design","publisher":{"@id":"https:\/\/hubsch-interior.com\/fr\/#organization"},"potentialAction":[{"@type":"SearchAction","target":{"@type":"EntryPoint","urlTemplate":"https:\/\/hubsch-interior.com\/fr\/?s={search_term_string}"},"query-input":{"@type":"PropertyValueSpecification","valueRequired":true,"valueName":"search_term_string"}}],"inLanguage":"fr-FR"},{"@type":"Organization","@id":"https:\/\/hubsch-interior.com\/fr\/#organization","name":"H\u00fcbsch","url":"https:\/\/hubsch-interior.com\/fr\/","logo":{"@type":"ImageObject","inLanguage":"fr-FR","@id":"https:\/\/hubsch-interior.com\/fr\/#\/schema\/logo\/image\/","url":"https:\/\/hubsch-interior.com\/wp-content\/uploads\/2022\/12\/Hubsch_logo_black_one_line.svg","contentUrl":"https:\/\/hubsch-interior.com\/wp-content\/uploads\/2022\/12\/Hubsch_logo_black_one_line.svg","caption":"H\u00fcbsch"},"image":{"@id":"https:\/\/hubsch-interior.com\/fr\/#\/schema\/logo\/image\/"}}]}},"_links":{"self":[{"href":"https:\/\/hubsch-interior.com\/fr\/wp-json\/wp\/v2\/product\/39586","targetHints":{"allow":["GET"]}}],"collection":[{"href":"https:\/\/hubsch-interior.com\/fr\/wp-json\/wp\/v2\/product"}],"about":[{"href":"https:\/\/hubsch-interior.com\/fr\/wp-json\/wp\/v2\/types\/product"}],"wp:featuredmedia":[{"embeddable":true,"href":"https:\/\/hubsch-interior.com\/fr\/wp-json\/wp\/v2\/media\/1102196"}],"wp:attachment":[{"href":"https:\/\/hubsch-interior.com\/fr\/wp-json\/wp\/v2\/media?parent=39586"}],"wp:term":[{"taxonomy":"product_brand","embeddable":true,"href":"https:\/\/hubsch-interior.com\/fr\/wp-json\/wp\/v2\/product_brand?post=39586"},{"taxonomy":"product_cat","embeddable":true,"href":"https:\/\/hubsch-interior.com\/fr\/wp-json\/wp\/v2\/product_cat?post=39586"},{"taxonomy":"product_tag","embeddable":true,"href":"https:\/\/hubsch-interior.com\/fr\/wp-json\/wp\/v2\/product_tag?post=39586"}],"curies":[{"name":"wp","href":"https:\/\/api.w.org\/{rel}","templated":true}]}}