{"id":396152,"date":"2021-06-04T10:12:53","date_gmt":"2021-06-04T08:12:53","guid":{"rendered":"https:\/\/hubsch-interior.com\/shop-b2c\/product\/product-6\/"},"modified":"2026-04-12T05:02:18","modified_gmt":"2026-04-12T03:02:18","slug":"led-ampoule-inclusif-transparent","status":"publish","type":"product","link":"https:\/\/hubsch-interior.com\/fr\/produit\/led-ampoule-inclusif-transparent\/","title":{"rendered":"LED Ampoule inclusif Transparent"},"content":{"rendered":"<p>Cette ampoule LED est faite de verre transparent et inclusif. Elle a une dur\u00e9e de vie allant jusqu&#8217;\u00e0 25000 heures et consomme tr\u00e8s peu d&#8217;\u00e9nergie. Son design \u00e9pur\u00e9 et moderne s&#8217;adapte \u00e0 tous les styles d&#8217;int\u00e9rieur, et ses caract\u00e9ristiques optimis\u00e9es garantissent une lumi\u00e8re agr\u00e9able et homog\u00e8ne. Mettez votre maison en lumi\u00e8re avec la LED Ampoule inclusif Transparent.<\/p>\n","protected":false},"excerpt":{"rendered":"<p>Cette ampoule LED est faite de verre transparent et inclusif. Elle a une dur\u00e9e de vie allant jusqu&#8217;\u00e0 25000 heures et consomme tr\u00e8s peu d&#8217;\u00e9nergie. Son design \u00e9pur\u00e9 et moderne s&#8217;adapte \u00e0 tous les styles d&#8217;int\u00e9rieur, et ses caract\u00e9ristiques optimis\u00e9es garantissent une lumi\u00e8re agr\u00e9able et homog\u00e8ne. Mettez votre maison en lumi\u00e8re avec la LED Ampoule [&hellip;]<\/p>\n","protected":false},"featured_media":1105949,"template":"","meta":{"_acf_changed":false,"inline_featured_image":false},"product_brand":[],"product_cat":[3810,4171,6535],"product_tag":[],"class_list":{"0":"post-396152","1":"product","2":"type-product","3":"status-publish","4":"has-post-thumbnail","6":"product_cat-luminaires","7":"product_cat-accessoires-luminaires-fr","8":"product_cat-outlet-fr","9":"product_shipping_class-pk","11":"pa_color-transparent","12":"pa_material-verre-fr","14":"first","15":"instock","16":"sale","17":"taxable","18":"shipping-taxable","19":"purchasable","20":"product-type-simple"},"exclude_global_add_ons":[],"addons":[],"acf":[],"yoast_head":"<!-- This site is optimized with the Yoast SEO plugin v26.4 - https:\/\/yoast.com\/wordpress\/plugins\/seo\/ -->\n<title>LED Ampoule inclusif Transparent - H\u00fcbsch<\/title>\n<meta name=\"description\" content=\"Cette ampoule LED est faite de verre transparent et inclusif. Elle a une dur\u00e9e de vie allant jusqu&#039;\u00e0 25000 heures et consomme tr\u00e8s peu d&#039;\u00e9nergie. Son\" \/>\n<meta name=\"robots\" content=\"index, follow, max-snippet:-1, max-image-preview:large, max-video-preview:-1\" \/>\n<link rel=\"canonical\" href=\"https:\/\/hubsch-interior.com\/fr\/wp-json\/wp\/v2\/product\/396152\" \/>\n<meta property=\"og:locale\" content=\"fr_FR\" \/>\n<meta property=\"og:type\" content=\"article\" \/>\n<meta property=\"og:title\" content=\"LED Ampoule inclusif Transparent - H\u00fcbsch\" \/>\n<meta property=\"og:description\" content=\"Cette ampoule LED est faite de verre transparent et inclusif. Elle a une dur\u00e9e de vie allant jusqu&#039;\u00e0 25000 heures et consomme tr\u00e8s peu d&#039;\u00e9nergie. Son\" \/>\n<meta property=\"og:url\" content=\"https:\/\/hubsch-interior.com\/fr\/produit\/led-ampoule-inclusif-transparent\/\" \/>\n<meta property=\"og:site_name\" content=\"H\u00fcbsch\" \/>\n<meta property=\"article:modified_time\" content=\"2026-04-12T03:02:18+00:00\" \/>\n<meta property=\"og:image\" content=\"https:\/\/hubsch-interior.com\/wp-content\/uploads\/2023\/10\/led-bulb-clear-bfde6da1a27eb82e001c0a8b8a2d2628.jpg\" \/>\n\t<meta property=\"og:image:width\" content=\"1200\" \/>\n\t<meta property=\"og:image:height\" content=\"1200\" \/>\n\t<meta property=\"og:image:type\" content=\"image\/jpeg\" \/>\n<meta name=\"twitter:card\" content=\"summary_large_image\" \/>\n<script type=\"application\/ld+json\" class=\"yoast-schema-graph\">{\"@context\":\"https:\/\/schema.org\",\"@graph\":[{\"@type\":\"WebPage\",\"@id\":\"https:\/\/hubsch-interior.com\/fr\/produit\/led-ampoule-inclusif-transparent\/\",\"url\":\"https:\/\/hubsch-interior.com\/fr\/produit\/led-ampoule-inclusif-transparent\/\",\"name\":\"LED Ampoule inclusif Transparent - H\u00fcbsch\",\"isPartOf\":{\"@id\":\"https:\/\/hubsch-interior.com\/fr\/#website\"},\"primaryImageOfPage\":{\"@id\":\"https:\/\/hubsch-interior.com\/fr\/produit\/led-ampoule-inclusif-transparent\/#primaryimage\"},\"image\":{\"@id\":\"https:\/\/hubsch-interior.com\/fr\/produit\/led-ampoule-inclusif-transparent\/#primaryimage\"},\"thumbnailUrl\":\"https:\/\/hubsch-interior.com\/wp-content\/uploads\/2026\/02\/led-bulb-clear-6b612d483f8776dbe474b9481b317acf.jpg\",\"datePublished\":\"2021-06-04T08:12:53+00:00\",\"dateModified\":\"2026-04-12T03:02:18+00:00\",\"description\":\"Cette ampoule LED est faite de verre transparent et inclusif. Elle a une dur\u00e9e de vie allant jusqu'\u00e0 25000 heures et consomme tr\u00e8s peu d'\u00e9nergie. Son\",\"breadcrumb\":{\"@id\":\"https:\/\/hubsch-interior.com\/fr\/produit\/led-ampoule-inclusif-transparent\/#breadcrumb\"},\"inLanguage\":\"fr-FR\",\"potentialAction\":[{\"@type\":\"ReadAction\",\"target\":[\"https:\/\/hubsch-interior.com\/fr\/produit\/led-ampoule-inclusif-transparent\/\"]}]},{\"@type\":\"ImageObject\",\"inLanguage\":\"fr-FR\",\"@id\":\"https:\/\/hubsch-interior.com\/fr\/produit\/led-ampoule-inclusif-transparent\/#primaryimage\",\"url\":\"https:\/\/hubsch-interior.com\/wp-content\/uploads\/2026\/02\/led-bulb-clear-6b612d483f8776dbe474b9481b317acf.jpg\",\"contentUrl\":\"https:\/\/hubsch-interior.com\/wp-content\/uploads\/2026\/02\/led-bulb-clear-6b612d483f8776dbe474b9481b317acf.jpg\",\"width\":1024,\"height\":1024},{\"@type\":\"BreadcrumbList\",\"@id\":\"https:\/\/hubsch-interior.com\/fr\/produit\/led-ampoule-inclusif-transparent\/#breadcrumb\",\"itemListElement\":[{\"@type\":\"ListItem\",\"position\":1,\"name\":\"Page d'accueil\",\"item\":\"https:\/\/hubsch-interior.com\/fr\/\"},{\"@type\":\"ListItem\",\"position\":2,\"name\":\"Produits\",\"item\":\"https:\/\/hubsch-interior.com\/fr\/shop-2\/\"},{\"@type\":\"ListItem\",\"position\":3,\"name\":\"Luminaires\",\"item\":\"https:\/\/hubsch-interior.com\/fr\/categorie-produit\/luminaires\/\"},{\"@type\":\"ListItem\",\"position\":4,\"name\":\"Accessoires luminaires\",\"item\":\"https:\/\/hubsch-interior.com\/fr\/categorie-produit\/luminaires\/accessoires-luminaires-fr\/\"},{\"@type\":\"ListItem\",\"position\":5,\"name\":\"LED Ampoule inclusif Transparent\"}]},{\"@type\":\"WebSite\",\"@id\":\"https:\/\/hubsch-interior.com\/fr\/#website\",\"url\":\"https:\/\/hubsch-interior.com\/fr\/\",\"name\":\"H\u00fcbsch\",\"description\":\"Danish Home Interior and Design\",\"publisher\":{\"@id\":\"https:\/\/hubsch-interior.com\/fr\/#organization\"},\"potentialAction\":[{\"@type\":\"SearchAction\",\"target\":{\"@type\":\"EntryPoint\",\"urlTemplate\":\"https:\/\/hubsch-interior.com\/fr\/?s={search_term_string}\"},\"query-input\":{\"@type\":\"PropertyValueSpecification\",\"valueRequired\":true,\"valueName\":\"search_term_string\"}}],\"inLanguage\":\"fr-FR\"},{\"@type\":\"Organization\",\"@id\":\"https:\/\/hubsch-interior.com\/fr\/#organization\",\"name\":\"H\u00fcbsch\",\"url\":\"https:\/\/hubsch-interior.com\/fr\/\",\"logo\":{\"@type\":\"ImageObject\",\"inLanguage\":\"fr-FR\",\"@id\":\"https:\/\/hubsch-interior.com\/fr\/#\/schema\/logo\/image\/\",\"url\":\"https:\/\/hubsch-interior.com\/wp-content\/uploads\/2022\/12\/Hubsch_logo_black_one_line.svg\",\"contentUrl\":\"https:\/\/hubsch-interior.com\/wp-content\/uploads\/2022\/12\/Hubsch_logo_black_one_line.svg\",\"caption\":\"H\u00fcbsch\"},\"image\":{\"@id\":\"https:\/\/hubsch-interior.com\/fr\/#\/schema\/logo\/image\/\"}}]}<\/script>\n<!-- \/ Yoast SEO plugin. -->","yoast_head_json":{"title":"LED Ampoule inclusif Transparent - H\u00fcbsch","description":"Cette ampoule LED est faite de verre transparent et inclusif. Elle a une dur\u00e9e de vie allant jusqu'\u00e0 25000 heures et consomme tr\u00e8s peu d'\u00e9nergie. Son","robots":{"index":"index","follow":"follow","max-snippet":"max-snippet:-1","max-image-preview":"max-image-preview:large","max-video-preview":"max-video-preview:-1"},"canonical":"https:\/\/hubsch-interior.com\/fr\/wp-json\/wp\/v2\/product\/396152","og_locale":"fr_FR","og_type":"article","og_title":"LED Ampoule inclusif Transparent - H\u00fcbsch","og_description":"Cette ampoule LED est faite de verre transparent et inclusif. Elle a une dur\u00e9e de vie allant jusqu'\u00e0 25000 heures et consomme tr\u00e8s peu d'\u00e9nergie. Son","og_url":"https:\/\/hubsch-interior.com\/fr\/produit\/led-ampoule-inclusif-transparent\/","og_site_name":"H\u00fcbsch","article_modified_time":"2026-04-12T03:02:18+00:00","og_image":[{"width":1200,"height":1200,"url":"https:\/\/hubsch-interior.com\/wp-content\/uploads\/2023\/10\/led-bulb-clear-bfde6da1a27eb82e001c0a8b8a2d2628.jpg","type":"image\/jpeg"}],"twitter_card":"summary_large_image","schema":{"@context":"https:\/\/schema.org","@graph":[{"@type":"WebPage","@id":"https:\/\/hubsch-interior.com\/fr\/produit\/led-ampoule-inclusif-transparent\/","url":"https:\/\/hubsch-interior.com\/fr\/produit\/led-ampoule-inclusif-transparent\/","name":"LED Ampoule inclusif Transparent - H\u00fcbsch","isPartOf":{"@id":"https:\/\/hubsch-interior.com\/fr\/#website"},"primaryImageOfPage":{"@id":"https:\/\/hubsch-interior.com\/fr\/produit\/led-ampoule-inclusif-transparent\/#primaryimage"},"image":{"@id":"https:\/\/hubsch-interior.com\/fr\/produit\/led-ampoule-inclusif-transparent\/#primaryimage"},"thumbnailUrl":"https:\/\/hubsch-interior.com\/wp-content\/uploads\/2026\/02\/led-bulb-clear-6b612d483f8776dbe474b9481b317acf.jpg","datePublished":"2021-06-04T08:12:53+00:00","dateModified":"2026-04-12T03:02:18+00:00","description":"Cette ampoule LED est faite de verre transparent et inclusif. Elle a une dur\u00e9e de vie allant jusqu'\u00e0 25000 heures et consomme tr\u00e8s peu d'\u00e9nergie. Son","breadcrumb":{"@id":"https:\/\/hubsch-interior.com\/fr\/produit\/led-ampoule-inclusif-transparent\/#breadcrumb"},"inLanguage":"fr-FR","potentialAction":[{"@type":"ReadAction","target":["https:\/\/hubsch-interior.com\/fr\/produit\/led-ampoule-inclusif-transparent\/"]}]},{"@type":"ImageObject","inLanguage":"fr-FR","@id":"https:\/\/hubsch-interior.com\/fr\/produit\/led-ampoule-inclusif-transparent\/#primaryimage","url":"https:\/\/hubsch-interior.com\/wp-content\/uploads\/2026\/02\/led-bulb-clear-6b612d483f8776dbe474b9481b317acf.jpg","contentUrl":"https:\/\/hubsch-interior.com\/wp-content\/uploads\/2026\/02\/led-bulb-clear-6b612d483f8776dbe474b9481b317acf.jpg","width":1024,"height":1024},{"@type":"BreadcrumbList","@id":"https:\/\/hubsch-interior.com\/fr\/produit\/led-ampoule-inclusif-transparent\/#breadcrumb","itemListElement":[{"@type":"ListItem","position":1,"name":"Page d'accueil","item":"https:\/\/hubsch-interior.com\/fr\/"},{"@type":"ListItem","position":2,"name":"Produits","item":"https:\/\/hubsch-interior.com\/fr\/shop-2\/"},{"@type":"ListItem","position":3,"name":"Luminaires","item":"https:\/\/hubsch-interior.com\/fr\/categorie-produit\/luminaires\/"},{"@type":"ListItem","position":4,"name":"Accessoires luminaires","item":"https:\/\/hubsch-interior.com\/fr\/categorie-produit\/luminaires\/accessoires-luminaires-fr\/"},{"@type":"ListItem","position":5,"name":"LED Ampoule inclusif Transparent"}]},{"@type":"WebSite","@id":"https:\/\/hubsch-interior.com\/fr\/#website","url":"https:\/\/hubsch-interior.com\/fr\/","name":"H\u00fcbsch","description":"Danish Home Interior and Design","publisher":{"@id":"https:\/\/hubsch-interior.com\/fr\/#organization"},"potentialAction":[{"@type":"SearchAction","target":{"@type":"EntryPoint","urlTemplate":"https:\/\/hubsch-interior.com\/fr\/?s={search_term_string}"},"query-input":{"@type":"PropertyValueSpecification","valueRequired":true,"valueName":"search_term_string"}}],"inLanguage":"fr-FR"},{"@type":"Organization","@id":"https:\/\/hubsch-interior.com\/fr\/#organization","name":"H\u00fcbsch","url":"https:\/\/hubsch-interior.com\/fr\/","logo":{"@type":"ImageObject","inLanguage":"fr-FR","@id":"https:\/\/hubsch-interior.com\/fr\/#\/schema\/logo\/image\/","url":"https:\/\/hubsch-interior.com\/wp-content\/uploads\/2022\/12\/Hubsch_logo_black_one_line.svg","contentUrl":"https:\/\/hubsch-interior.com\/wp-content\/uploads\/2022\/12\/Hubsch_logo_black_one_line.svg","caption":"H\u00fcbsch"},"image":{"@id":"https:\/\/hubsch-interior.com\/fr\/#\/schema\/logo\/image\/"}}]}},"_links":{"self":[{"href":"https:\/\/hubsch-interior.com\/fr\/wp-json\/wp\/v2\/product\/396152","targetHints":{"allow":["GET"]}}],"collection":[{"href":"https:\/\/hubsch-interior.com\/fr\/wp-json\/wp\/v2\/product"}],"about":[{"href":"https:\/\/hubsch-interior.com\/fr\/wp-json\/wp\/v2\/types\/product"}],"wp:featuredmedia":[{"embeddable":true,"href":"https:\/\/hubsch-interior.com\/fr\/wp-json\/wp\/v2\/media\/1105949"}],"wp:attachment":[{"href":"https:\/\/hubsch-interior.com\/fr\/wp-json\/wp\/v2\/media?parent=396152"}],"wp:term":[{"taxonomy":"product_brand","embeddable":true,"href":"https:\/\/hubsch-interior.com\/fr\/wp-json\/wp\/v2\/product_brand?post=396152"},{"taxonomy":"product_cat","embeddable":true,"href":"https:\/\/hubsch-interior.com\/fr\/wp-json\/wp\/v2\/product_cat?post=396152"},{"taxonomy":"product_tag","embeddable":true,"href":"https:\/\/hubsch-interior.com\/fr\/wp-json\/wp\/v2\/product_tag?post=396152"}],"curies":[{"name":"wp","href":"https:\/\/api.w.org\/{rel}","templated":true}]}}