{"id":396312,"date":"2021-06-04T10:13:37","date_gmt":"2021-06-04T08:13:37","guid":{"rendered":"https:\/\/hubsch-interior.com\/shop-b2c\/product\/product-6\/"},"modified":"2026-04-05T05:04:32","modified_gmt":"2026-04-05T03:04:32","slug":"hall-miroir-transparent","status":"publish","type":"product","link":"https:\/\/hubsch-interior.com\/fr\/produit\/hall-miroir-transparent\/","title":{"rendered":"Hall Miroir Transparent"},"content":{"rendered":"<p>Ce miroir tendance et \u00e9pur\u00e9 convient \u00e0 plusieurs styles d\u2019int\u00e9rieurs. Placez-le au-dessus d\u2019une commode dans l\u2019entr\u00e9e ou dans une chambre pour une d\u00e9coration \u00e9l\u00e9gante.<\/p>\n","protected":false},"excerpt":{"rendered":"<p>Ce miroir tendance et \u00e9pur\u00e9 convient \u00e0 plusieurs styles d\u2019int\u00e9rieurs. Placez-le au-dessus d\u2019une commode dans l\u2019entr\u00e9e ou dans une chambre pour une d\u00e9coration \u00e9l\u00e9gante.<\/p>\n","protected":false},"featured_media":1106021,"template":"","meta":{"_acf_changed":false,"inline_featured_image":false},"product_brand":[],"product_cat":[2923,2924,5026],"product_tag":[],"class_list":{"0":"post-396312","1":"product","2":"type-product","3":"status-publish","4":"has-post-thumbnail","6":"product_cat-miroirs-fr","7":"product_cat-miroirs-muraux-fr","8":"product_cat-bestsellers-fr","9":"product_shipping_class-pk","11":"pa_color-transparent","12":"pa_material-verre","14":"first","15":"instock","16":"featured","17":"taxable","18":"shipping-taxable","19":"purchasable","20":"product-type-simple"},"exclude_global_add_ons":[],"addons":[],"acf":[],"yoast_head":"<!-- This site is optimized with the Yoast SEO plugin v26.4 - https:\/\/yoast.com\/wordpress\/plugins\/seo\/ -->\n<title>Hall Miroir Transparent - H\u00fcbsch<\/title>\n<meta name=\"description\" content=\"Ce miroir tendance et \u00e9pur\u00e9 convient \u00e0 plusieurs styles d\u2019int\u00e9rieurs. Placez-le au-dessus d\u2019une commode dans l\u2019entr\u00e9e ou dans une chambre pour une\" \/>\n<meta name=\"robots\" content=\"index, follow, max-snippet:-1, max-image-preview:large, max-video-preview:-1\" \/>\n<link rel=\"canonical\" href=\"https:\/\/hubsch-interior.com\/fr\/wp-json\/wp\/v2\/product\/396312\" \/>\n<meta property=\"og:locale\" content=\"fr_FR\" \/>\n<meta property=\"og:type\" content=\"article\" \/>\n<meta property=\"og:title\" content=\"Hall Miroir Transparent - H\u00fcbsch\" \/>\n<meta property=\"og:description\" content=\"Ce miroir tendance et \u00e9pur\u00e9 convient \u00e0 plusieurs styles d\u2019int\u00e9rieurs. Placez-le au-dessus d\u2019une commode dans l\u2019entr\u00e9e ou dans une chambre pour une\" \/>\n<meta property=\"og:url\" content=\"https:\/\/hubsch-interior.com\/fr\/produit\/hall-miroir-transparent\/\" \/>\n<meta property=\"og:site_name\" content=\"H\u00fcbsch\" \/>\n<meta property=\"article:modified_time\" content=\"2026-04-05T03:04:32+00:00\" \/>\n<meta property=\"og:image\" content=\"https:\/\/hubsch-interior.com\/wp-content\/uploads\/2024\/01\/hall-mirror-clear-ff6d3ab8a61a81fc9d439f6b3014f66e.jpg\" \/>\n\t<meta property=\"og:image:width\" content=\"1200\" \/>\n\t<meta property=\"og:image:height\" content=\"1200\" \/>\n\t<meta property=\"og:image:type\" content=\"image\/jpeg\" \/>\n<meta name=\"twitter:card\" content=\"summary_large_image\" \/>\n<script type=\"application\/ld+json\" class=\"yoast-schema-graph\">{\"@context\":\"https:\/\/schema.org\",\"@graph\":[{\"@type\":\"WebPage\",\"@id\":\"https:\/\/hubsch-interior.com\/fr\/produit\/hall-miroir-transparent\/\",\"url\":\"https:\/\/hubsch-interior.com\/fr\/produit\/hall-miroir-transparent\/\",\"name\":\"Hall Miroir Transparent - H\u00fcbsch\",\"isPartOf\":{\"@id\":\"https:\/\/hubsch-interior.com\/fr\/#website\"},\"primaryImageOfPage\":{\"@id\":\"https:\/\/hubsch-interior.com\/fr\/produit\/hall-miroir-transparent\/#primaryimage\"},\"image\":{\"@id\":\"https:\/\/hubsch-interior.com\/fr\/produit\/hall-miroir-transparent\/#primaryimage\"},\"thumbnailUrl\":\"https:\/\/hubsch-interior.com\/wp-content\/uploads\/2026\/02\/hall-mirror-clear-61a2b303e6ed0b371a2e5a997fa7dbb4.jpg\",\"datePublished\":\"2021-06-04T08:13:37+00:00\",\"dateModified\":\"2026-04-05T03:04:32+00:00\",\"description\":\"Ce miroir tendance et \u00e9pur\u00e9 convient \u00e0 plusieurs styles d\u2019int\u00e9rieurs. Placez-le au-dessus d\u2019une commode dans l\u2019entr\u00e9e ou dans une chambre pour une\",\"breadcrumb\":{\"@id\":\"https:\/\/hubsch-interior.com\/fr\/produit\/hall-miroir-transparent\/#breadcrumb\"},\"inLanguage\":\"fr-FR\",\"potentialAction\":[{\"@type\":\"ReadAction\",\"target\":[\"https:\/\/hubsch-interior.com\/fr\/produit\/hall-miroir-transparent\/\"]}]},{\"@type\":\"ImageObject\",\"inLanguage\":\"fr-FR\",\"@id\":\"https:\/\/hubsch-interior.com\/fr\/produit\/hall-miroir-transparent\/#primaryimage\",\"url\":\"https:\/\/hubsch-interior.com\/wp-content\/uploads\/2026\/02\/hall-mirror-clear-61a2b303e6ed0b371a2e5a997fa7dbb4.jpg\",\"contentUrl\":\"https:\/\/hubsch-interior.com\/wp-content\/uploads\/2026\/02\/hall-mirror-clear-61a2b303e6ed0b371a2e5a997fa7dbb4.jpg\",\"width\":1024,\"height\":1024},{\"@type\":\"BreadcrumbList\",\"@id\":\"https:\/\/hubsch-interior.com\/fr\/produit\/hall-miroir-transparent\/#breadcrumb\",\"itemListElement\":[{\"@type\":\"ListItem\",\"position\":1,\"name\":\"Page d'accueil\",\"item\":\"https:\/\/hubsch-interior.com\/fr\/\"},{\"@type\":\"ListItem\",\"position\":2,\"name\":\"Produits\",\"item\":\"https:\/\/hubsch-interior.com\/fr\/shop-2\/\"},{\"@type\":\"ListItem\",\"position\":3,\"name\":\"Accessoires maison\",\"item\":\"https:\/\/hubsch-interior.com\/fr\/categorie-produit\/accessoires-maison\/\"},{\"@type\":\"ListItem\",\"position\":4,\"name\":\"Miroirs\",\"item\":\"https:\/\/hubsch-interior.com\/fr\/categorie-produit\/accessoires-maison\/miroirs-fr\/\"},{\"@type\":\"ListItem\",\"position\":5,\"name\":\"Miroirs muraux\",\"item\":\"https:\/\/hubsch-interior.com\/fr\/categorie-produit\/accessoires-maison\/miroirs-fr\/miroirs-muraux-fr\/\"},{\"@type\":\"ListItem\",\"position\":6,\"name\":\"Hall Miroir Transparent\"}]},{\"@type\":\"WebSite\",\"@id\":\"https:\/\/hubsch-interior.com\/fr\/#website\",\"url\":\"https:\/\/hubsch-interior.com\/fr\/\",\"name\":\"H\u00fcbsch\",\"description\":\"Danish Home Interior and Design\",\"publisher\":{\"@id\":\"https:\/\/hubsch-interior.com\/fr\/#organization\"},\"potentialAction\":[{\"@type\":\"SearchAction\",\"target\":{\"@type\":\"EntryPoint\",\"urlTemplate\":\"https:\/\/hubsch-interior.com\/fr\/?s={search_term_string}\"},\"query-input\":{\"@type\":\"PropertyValueSpecification\",\"valueRequired\":true,\"valueName\":\"search_term_string\"}}],\"inLanguage\":\"fr-FR\"},{\"@type\":\"Organization\",\"@id\":\"https:\/\/hubsch-interior.com\/fr\/#organization\",\"name\":\"H\u00fcbsch\",\"url\":\"https:\/\/hubsch-interior.com\/fr\/\",\"logo\":{\"@type\":\"ImageObject\",\"inLanguage\":\"fr-FR\",\"@id\":\"https:\/\/hubsch-interior.com\/fr\/#\/schema\/logo\/image\/\",\"url\":\"https:\/\/hubsch-interior.com\/wp-content\/uploads\/2022\/12\/Hubsch_logo_black_one_line.svg\",\"contentUrl\":\"https:\/\/hubsch-interior.com\/wp-content\/uploads\/2022\/12\/Hubsch_logo_black_one_line.svg\",\"caption\":\"H\u00fcbsch\"},\"image\":{\"@id\":\"https:\/\/hubsch-interior.com\/fr\/#\/schema\/logo\/image\/\"}}]}<\/script>\n<!-- \/ Yoast SEO plugin. -->","yoast_head_json":{"title":"Hall Miroir Transparent - H\u00fcbsch","description":"Ce miroir tendance et \u00e9pur\u00e9 convient \u00e0 plusieurs styles d\u2019int\u00e9rieurs. Placez-le au-dessus d\u2019une commode dans l\u2019entr\u00e9e ou dans une chambre pour une","robots":{"index":"index","follow":"follow","max-snippet":"max-snippet:-1","max-image-preview":"max-image-preview:large","max-video-preview":"max-video-preview:-1"},"canonical":"https:\/\/hubsch-interior.com\/fr\/wp-json\/wp\/v2\/product\/396312","og_locale":"fr_FR","og_type":"article","og_title":"Hall Miroir Transparent - H\u00fcbsch","og_description":"Ce miroir tendance et \u00e9pur\u00e9 convient \u00e0 plusieurs styles d\u2019int\u00e9rieurs. Placez-le au-dessus d\u2019une commode dans l\u2019entr\u00e9e ou dans une chambre pour une","og_url":"https:\/\/hubsch-interior.com\/fr\/produit\/hall-miroir-transparent\/","og_site_name":"H\u00fcbsch","article_modified_time":"2026-04-05T03:04:32+00:00","og_image":[{"width":1200,"height":1200,"url":"https:\/\/hubsch-interior.com\/wp-content\/uploads\/2024\/01\/hall-mirror-clear-ff6d3ab8a61a81fc9d439f6b3014f66e.jpg","type":"image\/jpeg"}],"twitter_card":"summary_large_image","schema":{"@context":"https:\/\/schema.org","@graph":[{"@type":"WebPage","@id":"https:\/\/hubsch-interior.com\/fr\/produit\/hall-miroir-transparent\/","url":"https:\/\/hubsch-interior.com\/fr\/produit\/hall-miroir-transparent\/","name":"Hall Miroir Transparent - H\u00fcbsch","isPartOf":{"@id":"https:\/\/hubsch-interior.com\/fr\/#website"},"primaryImageOfPage":{"@id":"https:\/\/hubsch-interior.com\/fr\/produit\/hall-miroir-transparent\/#primaryimage"},"image":{"@id":"https:\/\/hubsch-interior.com\/fr\/produit\/hall-miroir-transparent\/#primaryimage"},"thumbnailUrl":"https:\/\/hubsch-interior.com\/wp-content\/uploads\/2026\/02\/hall-mirror-clear-61a2b303e6ed0b371a2e5a997fa7dbb4.jpg","datePublished":"2021-06-04T08:13:37+00:00","dateModified":"2026-04-05T03:04:32+00:00","description":"Ce miroir tendance et \u00e9pur\u00e9 convient \u00e0 plusieurs styles d\u2019int\u00e9rieurs. Placez-le au-dessus d\u2019une commode dans l\u2019entr\u00e9e ou dans une chambre pour une","breadcrumb":{"@id":"https:\/\/hubsch-interior.com\/fr\/produit\/hall-miroir-transparent\/#breadcrumb"},"inLanguage":"fr-FR","potentialAction":[{"@type":"ReadAction","target":["https:\/\/hubsch-interior.com\/fr\/produit\/hall-miroir-transparent\/"]}]},{"@type":"ImageObject","inLanguage":"fr-FR","@id":"https:\/\/hubsch-interior.com\/fr\/produit\/hall-miroir-transparent\/#primaryimage","url":"https:\/\/hubsch-interior.com\/wp-content\/uploads\/2026\/02\/hall-mirror-clear-61a2b303e6ed0b371a2e5a997fa7dbb4.jpg","contentUrl":"https:\/\/hubsch-interior.com\/wp-content\/uploads\/2026\/02\/hall-mirror-clear-61a2b303e6ed0b371a2e5a997fa7dbb4.jpg","width":1024,"height":1024},{"@type":"BreadcrumbList","@id":"https:\/\/hubsch-interior.com\/fr\/produit\/hall-miroir-transparent\/#breadcrumb","itemListElement":[{"@type":"ListItem","position":1,"name":"Page d'accueil","item":"https:\/\/hubsch-interior.com\/fr\/"},{"@type":"ListItem","position":2,"name":"Produits","item":"https:\/\/hubsch-interior.com\/fr\/shop-2\/"},{"@type":"ListItem","position":3,"name":"Accessoires maison","item":"https:\/\/hubsch-interior.com\/fr\/categorie-produit\/accessoires-maison\/"},{"@type":"ListItem","position":4,"name":"Miroirs","item":"https:\/\/hubsch-interior.com\/fr\/categorie-produit\/accessoires-maison\/miroirs-fr\/"},{"@type":"ListItem","position":5,"name":"Miroirs muraux","item":"https:\/\/hubsch-interior.com\/fr\/categorie-produit\/accessoires-maison\/miroirs-fr\/miroirs-muraux-fr\/"},{"@type":"ListItem","position":6,"name":"Hall Miroir Transparent"}]},{"@type":"WebSite","@id":"https:\/\/hubsch-interior.com\/fr\/#website","url":"https:\/\/hubsch-interior.com\/fr\/","name":"H\u00fcbsch","description":"Danish Home Interior and Design","publisher":{"@id":"https:\/\/hubsch-interior.com\/fr\/#organization"},"potentialAction":[{"@type":"SearchAction","target":{"@type":"EntryPoint","urlTemplate":"https:\/\/hubsch-interior.com\/fr\/?s={search_term_string}"},"query-input":{"@type":"PropertyValueSpecification","valueRequired":true,"valueName":"search_term_string"}}],"inLanguage":"fr-FR"},{"@type":"Organization","@id":"https:\/\/hubsch-interior.com\/fr\/#organization","name":"H\u00fcbsch","url":"https:\/\/hubsch-interior.com\/fr\/","logo":{"@type":"ImageObject","inLanguage":"fr-FR","@id":"https:\/\/hubsch-interior.com\/fr\/#\/schema\/logo\/image\/","url":"https:\/\/hubsch-interior.com\/wp-content\/uploads\/2022\/12\/Hubsch_logo_black_one_line.svg","contentUrl":"https:\/\/hubsch-interior.com\/wp-content\/uploads\/2022\/12\/Hubsch_logo_black_one_line.svg","caption":"H\u00fcbsch"},"image":{"@id":"https:\/\/hubsch-interior.com\/fr\/#\/schema\/logo\/image\/"}}]}},"_links":{"self":[{"href":"https:\/\/hubsch-interior.com\/fr\/wp-json\/wp\/v2\/product\/396312","targetHints":{"allow":["GET"]}}],"collection":[{"href":"https:\/\/hubsch-interior.com\/fr\/wp-json\/wp\/v2\/product"}],"about":[{"href":"https:\/\/hubsch-interior.com\/fr\/wp-json\/wp\/v2\/types\/product"}],"wp:featuredmedia":[{"embeddable":true,"href":"https:\/\/hubsch-interior.com\/fr\/wp-json\/wp\/v2\/media\/1106021"}],"wp:attachment":[{"href":"https:\/\/hubsch-interior.com\/fr\/wp-json\/wp\/v2\/media?parent=396312"}],"wp:term":[{"taxonomy":"product_brand","embeddable":true,"href":"https:\/\/hubsch-interior.com\/fr\/wp-json\/wp\/v2\/product_brand?post=396312"},{"taxonomy":"product_cat","embeddable":true,"href":"https:\/\/hubsch-interior.com\/fr\/wp-json\/wp\/v2\/product_cat?post=396312"},{"taxonomy":"product_tag","embeddable":true,"href":"https:\/\/hubsch-interior.com\/fr\/wp-json\/wp\/v2\/product_tag?post=396312"}],"curies":[{"name":"wp","href":"https:\/\/api.w.org\/{rel}","templated":true}]}}