{"id":396928,"date":"2021-06-04T10:16:01","date_gmt":"2021-06-04T08:16:01","guid":{"rendered":"https:\/\/hubsch-interior.com\/shop-b2c\/product\/product-6\/"},"modified":"2026-04-09T05:12:03","modified_gmt":"2026-04-09T03:12:03","slug":"flow-jardiniere-gris-clair","status":"publish","type":"product","link":"https:\/\/hubsch-interior.com\/fr\/produit\/flow-jardiniere-gris-clair\/","title":{"rendered":"Flow Jardini\u00e8re Gris clair"},"content":{"rendered":"<p>La jardini\u00e8re Flow Gris Clair est la pi\u00e8ce intemporelle que chaque int\u00e9rieur doit avoir. Elle est con\u00e7ue en m\u00e9tal, ce qui lui conf\u00e8re une robustesse et une dur\u00e9e de vie exceptionnelles. Sa couleur grise claire est neutre et s&#8217;int\u00e8gre parfaitement dans tous les styles de d\u00e9coration int\u00e9rieure. La jardini\u00e8re Flow Gris Clair vous offre un espace pour de belles plantes et une d\u00e9coration int\u00e9rieure unique.<\/p>\n","protected":false},"excerpt":{"rendered":"<p>La jardini\u00e8re Flow Gris Clair est la pi\u00e8ce intemporelle que chaque int\u00e9rieur doit avoir. Elle est con\u00e7ue en m\u00e9tal, ce qui lui conf\u00e8re une robustesse et une dur\u00e9e de vie exceptionnelles. Sa couleur grise claire est neutre et s&#8217;int\u00e8gre parfaitement dans tous les styles de d\u00e9coration int\u00e9rieure. La jardini\u00e8re Flow Gris Clair vous offre un [&hellip;]<\/p>\n","protected":false},"featured_media":1108725,"template":"","meta":{"_acf_changed":false,"inline_featured_image":false},"product_brand":[],"product_cat":[4914,4915],"product_tag":[],"class_list":{"0":"post-396928","1":"product","2":"type-product","3":"status-publish","4":"has-post-thumbnail","6":"product_cat-pots-de-fleur-et-arrosior-fr","7":"product_cat-pots-de-fleurs-fr","8":"product_shipping_class-pk","10":"pa_color-gris-clair-2","11":"pa_material-fer-fr","13":"first","14":"instock","15":"taxable","16":"shipping-taxable","17":"purchasable","18":"product-type-simple"},"exclude_global_add_ons":[],"addons":[],"acf":[],"yoast_head":"<!-- This site is optimized with the Yoast SEO plugin v26.4 - https:\/\/yoast.com\/wordpress\/plugins\/seo\/ -->\n<title>Flow Jardini\u00e8re Gris clair - H\u00fcbsch<\/title>\n<meta name=\"description\" content=\"La jardini\u00e8re Flow Gris Clair est la pi\u00e8ce intemporelle que chaque int\u00e9rieur doit avoir. Elle est con\u00e7ue en m\u00e9tal, ce qui lui conf\u00e8re une robustesse et\" \/>\n<meta name=\"robots\" content=\"index, follow, max-snippet:-1, max-image-preview:large, max-video-preview:-1\" \/>\n<link rel=\"canonical\" href=\"https:\/\/hubsch-interior.com\/fr\/wp-json\/wp\/v2\/product\/396928\" \/>\n<meta property=\"og:locale\" content=\"fr_FR\" \/>\n<meta property=\"og:type\" content=\"article\" \/>\n<meta property=\"og:title\" content=\"Flow Jardini\u00e8re Gris clair - H\u00fcbsch\" \/>\n<meta property=\"og:description\" content=\"La jardini\u00e8re Flow Gris Clair est la pi\u00e8ce intemporelle que chaque int\u00e9rieur doit avoir. Elle est con\u00e7ue en m\u00e9tal, ce qui lui conf\u00e8re une robustesse et\" \/>\n<meta property=\"og:url\" content=\"https:\/\/hubsch-interior.com\/fr\/produit\/flow-jardiniere-gris-clair\/\" \/>\n<meta property=\"og:site_name\" content=\"H\u00fcbsch\" \/>\n<meta property=\"article:modified_time\" content=\"2026-04-09T03:12:03+00:00\" \/>\n<meta property=\"og:image\" content=\"https:\/\/hubsch-interior.com\/wp-content\/uploads\/2025\/05\/flow-planter-light-grey-b4c94e96c836cd222f968b289a067ec2.jpg\" \/>\n\t<meta property=\"og:image:width\" content=\"1200\" \/>\n\t<meta property=\"og:image:height\" content=\"1200\" \/>\n\t<meta property=\"og:image:type\" content=\"image\/jpeg\" \/>\n<meta name=\"twitter:card\" content=\"summary_large_image\" \/>\n<script type=\"application\/ld+json\" class=\"yoast-schema-graph\">{\"@context\":\"https:\/\/schema.org\",\"@graph\":[{\"@type\":\"WebPage\",\"@id\":\"https:\/\/hubsch-interior.com\/fr\/produit\/flow-jardiniere-gris-clair\/\",\"url\":\"https:\/\/hubsch-interior.com\/fr\/produit\/flow-jardiniere-gris-clair\/\",\"name\":\"Flow Jardini\u00e8re Gris clair - H\u00fcbsch\",\"isPartOf\":{\"@id\":\"https:\/\/hubsch-interior.com\/fr\/#website\"},\"primaryImageOfPage\":{\"@id\":\"https:\/\/hubsch-interior.com\/fr\/produit\/flow-jardiniere-gris-clair\/#primaryimage\"},\"image\":{\"@id\":\"https:\/\/hubsch-interior.com\/fr\/produit\/flow-jardiniere-gris-clair\/#primaryimage\"},\"thumbnailUrl\":\"https:\/\/hubsch-interior.com\/wp-content\/uploads\/2026\/02\/flow-planter-light-grey-135276c404e05e7c358392c1fbd4c467.jpg\",\"datePublished\":\"2021-06-04T08:16:01+00:00\",\"dateModified\":\"2026-04-09T03:12:03+00:00\",\"description\":\"La jardini\u00e8re Flow Gris Clair est la pi\u00e8ce intemporelle que chaque int\u00e9rieur doit avoir. Elle est con\u00e7ue en m\u00e9tal, ce qui lui conf\u00e8re une robustesse et\",\"breadcrumb\":{\"@id\":\"https:\/\/hubsch-interior.com\/fr\/produit\/flow-jardiniere-gris-clair\/#breadcrumb\"},\"inLanguage\":\"fr-FR\",\"potentialAction\":[{\"@type\":\"ReadAction\",\"target\":[\"https:\/\/hubsch-interior.com\/fr\/produit\/flow-jardiniere-gris-clair\/\"]}]},{\"@type\":\"ImageObject\",\"inLanguage\":\"fr-FR\",\"@id\":\"https:\/\/hubsch-interior.com\/fr\/produit\/flow-jardiniere-gris-clair\/#primaryimage\",\"url\":\"https:\/\/hubsch-interior.com\/wp-content\/uploads\/2026\/02\/flow-planter-light-grey-135276c404e05e7c358392c1fbd4c467.jpg\",\"contentUrl\":\"https:\/\/hubsch-interior.com\/wp-content\/uploads\/2026\/02\/flow-planter-light-grey-135276c404e05e7c358392c1fbd4c467.jpg\",\"width\":1024,\"height\":1024},{\"@type\":\"BreadcrumbList\",\"@id\":\"https:\/\/hubsch-interior.com\/fr\/produit\/flow-jardiniere-gris-clair\/#breadcrumb\",\"itemListElement\":[{\"@type\":\"ListItem\",\"position\":1,\"name\":\"Page d'accueil\",\"item\":\"https:\/\/hubsch-interior.com\/fr\/\"},{\"@type\":\"ListItem\",\"position\":2,\"name\":\"Produits\",\"item\":\"https:\/\/hubsch-interior.com\/fr\/shop-2\/\"},{\"@type\":\"ListItem\",\"position\":3,\"name\":\"Accessoires maison\",\"item\":\"https:\/\/hubsch-interior.com\/fr\/categorie-produit\/accessoires-maison\/\"},{\"@type\":\"ListItem\",\"position\":4,\"name\":\"Pots de fleur et arrosior\",\"item\":\"https:\/\/hubsch-interior.com\/fr\/categorie-produit\/accessoires-maison\/pots-de-fleur-et-arrosior-fr\/\"},{\"@type\":\"ListItem\",\"position\":5,\"name\":\"Pots de fleurs\",\"item\":\"https:\/\/hubsch-interior.com\/fr\/categorie-produit\/accessoires-maison\/pots-de-fleur-et-arrosior-fr\/pots-de-fleurs-fr\/\"},{\"@type\":\"ListItem\",\"position\":6,\"name\":\"Flow Jardini\u00e8re Gris clair\"}]},{\"@type\":\"WebSite\",\"@id\":\"https:\/\/hubsch-interior.com\/fr\/#website\",\"url\":\"https:\/\/hubsch-interior.com\/fr\/\",\"name\":\"H\u00fcbsch\",\"description\":\"Danish Home Interior and Design\",\"publisher\":{\"@id\":\"https:\/\/hubsch-interior.com\/fr\/#organization\"},\"potentialAction\":[{\"@type\":\"SearchAction\",\"target\":{\"@type\":\"EntryPoint\",\"urlTemplate\":\"https:\/\/hubsch-interior.com\/fr\/?s={search_term_string}\"},\"query-input\":{\"@type\":\"PropertyValueSpecification\",\"valueRequired\":true,\"valueName\":\"search_term_string\"}}],\"inLanguage\":\"fr-FR\"},{\"@type\":\"Organization\",\"@id\":\"https:\/\/hubsch-interior.com\/fr\/#organization\",\"name\":\"H\u00fcbsch\",\"url\":\"https:\/\/hubsch-interior.com\/fr\/\",\"logo\":{\"@type\":\"ImageObject\",\"inLanguage\":\"fr-FR\",\"@id\":\"https:\/\/hubsch-interior.com\/fr\/#\/schema\/logo\/image\/\",\"url\":\"https:\/\/hubsch-interior.com\/wp-content\/uploads\/2022\/12\/Hubsch_logo_black_one_line.svg\",\"contentUrl\":\"https:\/\/hubsch-interior.com\/wp-content\/uploads\/2022\/12\/Hubsch_logo_black_one_line.svg\",\"caption\":\"H\u00fcbsch\"},\"image\":{\"@id\":\"https:\/\/hubsch-interior.com\/fr\/#\/schema\/logo\/image\/\"}}]}<\/script>\n<!-- \/ Yoast SEO plugin. -->","yoast_head_json":{"title":"Flow Jardini\u00e8re Gris clair - H\u00fcbsch","description":"La jardini\u00e8re Flow Gris Clair est la pi\u00e8ce intemporelle que chaque int\u00e9rieur doit avoir. Elle est con\u00e7ue en m\u00e9tal, ce qui lui conf\u00e8re une robustesse et","robots":{"index":"index","follow":"follow","max-snippet":"max-snippet:-1","max-image-preview":"max-image-preview:large","max-video-preview":"max-video-preview:-1"},"canonical":"https:\/\/hubsch-interior.com\/fr\/wp-json\/wp\/v2\/product\/396928","og_locale":"fr_FR","og_type":"article","og_title":"Flow Jardini\u00e8re Gris clair - H\u00fcbsch","og_description":"La jardini\u00e8re Flow Gris Clair est la pi\u00e8ce intemporelle que chaque int\u00e9rieur doit avoir. Elle est con\u00e7ue en m\u00e9tal, ce qui lui conf\u00e8re une robustesse et","og_url":"https:\/\/hubsch-interior.com\/fr\/produit\/flow-jardiniere-gris-clair\/","og_site_name":"H\u00fcbsch","article_modified_time":"2026-04-09T03:12:03+00:00","og_image":[{"width":1200,"height":1200,"url":"https:\/\/hubsch-interior.com\/wp-content\/uploads\/2025\/05\/flow-planter-light-grey-b4c94e96c836cd222f968b289a067ec2.jpg","type":"image\/jpeg"}],"twitter_card":"summary_large_image","schema":{"@context":"https:\/\/schema.org","@graph":[{"@type":"WebPage","@id":"https:\/\/hubsch-interior.com\/fr\/produit\/flow-jardiniere-gris-clair\/","url":"https:\/\/hubsch-interior.com\/fr\/produit\/flow-jardiniere-gris-clair\/","name":"Flow Jardini\u00e8re Gris clair - H\u00fcbsch","isPartOf":{"@id":"https:\/\/hubsch-interior.com\/fr\/#website"},"primaryImageOfPage":{"@id":"https:\/\/hubsch-interior.com\/fr\/produit\/flow-jardiniere-gris-clair\/#primaryimage"},"image":{"@id":"https:\/\/hubsch-interior.com\/fr\/produit\/flow-jardiniere-gris-clair\/#primaryimage"},"thumbnailUrl":"https:\/\/hubsch-interior.com\/wp-content\/uploads\/2026\/02\/flow-planter-light-grey-135276c404e05e7c358392c1fbd4c467.jpg","datePublished":"2021-06-04T08:16:01+00:00","dateModified":"2026-04-09T03:12:03+00:00","description":"La jardini\u00e8re Flow Gris Clair est la pi\u00e8ce intemporelle que chaque int\u00e9rieur doit avoir. Elle est con\u00e7ue en m\u00e9tal, ce qui lui conf\u00e8re une robustesse et","breadcrumb":{"@id":"https:\/\/hubsch-interior.com\/fr\/produit\/flow-jardiniere-gris-clair\/#breadcrumb"},"inLanguage":"fr-FR","potentialAction":[{"@type":"ReadAction","target":["https:\/\/hubsch-interior.com\/fr\/produit\/flow-jardiniere-gris-clair\/"]}]},{"@type":"ImageObject","inLanguage":"fr-FR","@id":"https:\/\/hubsch-interior.com\/fr\/produit\/flow-jardiniere-gris-clair\/#primaryimage","url":"https:\/\/hubsch-interior.com\/wp-content\/uploads\/2026\/02\/flow-planter-light-grey-135276c404e05e7c358392c1fbd4c467.jpg","contentUrl":"https:\/\/hubsch-interior.com\/wp-content\/uploads\/2026\/02\/flow-planter-light-grey-135276c404e05e7c358392c1fbd4c467.jpg","width":1024,"height":1024},{"@type":"BreadcrumbList","@id":"https:\/\/hubsch-interior.com\/fr\/produit\/flow-jardiniere-gris-clair\/#breadcrumb","itemListElement":[{"@type":"ListItem","position":1,"name":"Page d'accueil","item":"https:\/\/hubsch-interior.com\/fr\/"},{"@type":"ListItem","position":2,"name":"Produits","item":"https:\/\/hubsch-interior.com\/fr\/shop-2\/"},{"@type":"ListItem","position":3,"name":"Accessoires maison","item":"https:\/\/hubsch-interior.com\/fr\/categorie-produit\/accessoires-maison\/"},{"@type":"ListItem","position":4,"name":"Pots de fleur et arrosior","item":"https:\/\/hubsch-interior.com\/fr\/categorie-produit\/accessoires-maison\/pots-de-fleur-et-arrosior-fr\/"},{"@type":"ListItem","position":5,"name":"Pots de fleurs","item":"https:\/\/hubsch-interior.com\/fr\/categorie-produit\/accessoires-maison\/pots-de-fleur-et-arrosior-fr\/pots-de-fleurs-fr\/"},{"@type":"ListItem","position":6,"name":"Flow Jardini\u00e8re Gris clair"}]},{"@type":"WebSite","@id":"https:\/\/hubsch-interior.com\/fr\/#website","url":"https:\/\/hubsch-interior.com\/fr\/","name":"H\u00fcbsch","description":"Danish Home Interior and Design","publisher":{"@id":"https:\/\/hubsch-interior.com\/fr\/#organization"},"potentialAction":[{"@type":"SearchAction","target":{"@type":"EntryPoint","urlTemplate":"https:\/\/hubsch-interior.com\/fr\/?s={search_term_string}"},"query-input":{"@type":"PropertyValueSpecification","valueRequired":true,"valueName":"search_term_string"}}],"inLanguage":"fr-FR"},{"@type":"Organization","@id":"https:\/\/hubsch-interior.com\/fr\/#organization","name":"H\u00fcbsch","url":"https:\/\/hubsch-interior.com\/fr\/","logo":{"@type":"ImageObject","inLanguage":"fr-FR","@id":"https:\/\/hubsch-interior.com\/fr\/#\/schema\/logo\/image\/","url":"https:\/\/hubsch-interior.com\/wp-content\/uploads\/2022\/12\/Hubsch_logo_black_one_line.svg","contentUrl":"https:\/\/hubsch-interior.com\/wp-content\/uploads\/2022\/12\/Hubsch_logo_black_one_line.svg","caption":"H\u00fcbsch"},"image":{"@id":"https:\/\/hubsch-interior.com\/fr\/#\/schema\/logo\/image\/"}}]}},"_links":{"self":[{"href":"https:\/\/hubsch-interior.com\/fr\/wp-json\/wp\/v2\/product\/396928","targetHints":{"allow":["GET"]}}],"collection":[{"href":"https:\/\/hubsch-interior.com\/fr\/wp-json\/wp\/v2\/product"}],"about":[{"href":"https:\/\/hubsch-interior.com\/fr\/wp-json\/wp\/v2\/types\/product"}],"wp:featuredmedia":[{"embeddable":true,"href":"https:\/\/hubsch-interior.com\/fr\/wp-json\/wp\/v2\/media\/1108725"}],"wp:attachment":[{"href":"https:\/\/hubsch-interior.com\/fr\/wp-json\/wp\/v2\/media?parent=396928"}],"wp:term":[{"taxonomy":"product_brand","embeddable":true,"href":"https:\/\/hubsch-interior.com\/fr\/wp-json\/wp\/v2\/product_brand?post=396928"},{"taxonomy":"product_cat","embeddable":true,"href":"https:\/\/hubsch-interior.com\/fr\/wp-json\/wp\/v2\/product_cat?post=396928"},{"taxonomy":"product_tag","embeddable":true,"href":"https:\/\/hubsch-interior.com\/fr\/wp-json\/wp\/v2\/product_tag?post=396928"}],"curies":[{"name":"wp","href":"https:\/\/api.w.org\/{rel}","templated":true}]}}