{"id":39694,"date":"2020-12-15T09:50:03","date_gmt":"2020-12-15T08:50:03","guid":{"rendered":"https:\/\/hubsch-interior.com\/product\/product-15\/"},"modified":"2026-04-09T04:48:55","modified_gmt":"2026-04-09T02:48:55","slug":"mason-etagere-single-naturel","status":"publish","type":"product","link":"https:\/\/hubsch-interior.com\/fr\/produit\/mason-etagere-single-naturel\/","title":{"rendered":"Mason \u00c9tag\u00e8re Single Naturel"},"content":{"rendered":"<p>L&#8217;\u00e9tag\u00e8re Mason Single Naturel est une pi\u00e8ce \u00e9l\u00e9gante et intemporelle qui peut s&#8217;adapter \u00e0 n&#8217;importe quelle d\u00e9coration int\u00e9rieure. Fabriqu\u00e9e \u00e0 partir de placage de ch\u00eane et de bois de ch\u00eane, cette \u00e9tag\u00e8re est certifi\u00e9e FSC pour assurer une gestion durable des for\u00eats. La finition naturelle offre une sensation authentique et chaleureuse qui compl\u00e9tera votre int\u00e9rieur. Gr\u00e2ce \u00e0 ses lignes \u00e9pur\u00e9es et \u00e0 son design minimaliste, cette \u00e9tag\u00e8re ajoutera une touche de style et de sophistication \u00e0 votre espace.<\/p>\n","protected":false},"excerpt":{"rendered":"<p>L&#8217;\u00e9tag\u00e8re Mason Single Naturel est une pi\u00e8ce \u00e9l\u00e9gante et intemporelle qui peut s&#8217;adapter \u00e0 n&#8217;importe quelle d\u00e9coration int\u00e9rieure. Fabriqu\u00e9e \u00e0 partir de placage de ch\u00eane et de bois de ch\u00eane, cette \u00e9tag\u00e8re est certifi\u00e9e FSC pour assurer une gestion durable des for\u00eats. La finition naturelle offre une sensation authentique et chaleureuse qui compl\u00e9tera votre int\u00e9rieur. [&hellip;]<\/p>\n","protected":false},"featured_media":1102240,"template":"","meta":{"_acf_changed":false,"inline_featured_image":false},"product_brand":[],"product_cat":[6322,4001,4011,5026],"product_tag":[],"class_list":{"0":"post-39694","1":"product","2":"type-product","3":"status-publish","4":"has-post-thumbnail","6":"product_cat-fsc-fr","7":"product_cat-etageres-et-meubles-de-rangement-fr","8":"product_cat-bibliotheques-fr","9":"product_cat-bestsellers-fr","10":"product_shipping_class-p05","12":"pa_color-naturel-2","13":"pa_material-mdf-fr","14":"pa_material-bois-de-chne-2","15":"pa_material-placage-de-chne-2","17":"first","18":"instock","19":"featured","20":"taxable","21":"shipping-taxable","22":"purchasable","23":"product-type-simple"},"exclude_global_add_ons":[],"addons":[],"acf":[],"yoast_head":"<!-- This site is optimized with the Yoast SEO plugin v26.4 - https:\/\/yoast.com\/wordpress\/plugins\/seo\/ -->\n<title>Mason \u00c9tag\u00e8re Single Naturel - H\u00fcbsch<\/title>\n<meta name=\"description\" content=\"L&#039;\u00e9tag\u00e8re Mason Single Naturel est une pi\u00e8ce \u00e9l\u00e9gante et intemporelle qui peut s&#039;adapter \u00e0 n&#039;importe quelle d\u00e9coration int\u00e9rieure. Fabriqu\u00e9e \u00e0 partir de\" \/>\n<meta name=\"robots\" content=\"index, follow, max-snippet:-1, max-image-preview:large, max-video-preview:-1\" \/>\n<link rel=\"canonical\" href=\"https:\/\/hubsch-interior.com\/fr\/wp-json\/wp\/v2\/product\/39694\" \/>\n<meta property=\"og:locale\" content=\"fr_FR\" \/>\n<meta property=\"og:type\" content=\"article\" \/>\n<meta property=\"og:title\" content=\"Mason \u00c9tag\u00e8re Single Naturel - H\u00fcbsch\" \/>\n<meta property=\"og:description\" content=\"L&#039;\u00e9tag\u00e8re Mason Single Naturel est une pi\u00e8ce \u00e9l\u00e9gante et intemporelle qui peut s&#039;adapter \u00e0 n&#039;importe quelle d\u00e9coration int\u00e9rieure. Fabriqu\u00e9e \u00e0 partir de\" \/>\n<meta property=\"og:url\" content=\"https:\/\/hubsch-interior.com\/fr\/produit\/mason-etagere-single-naturel\/\" \/>\n<meta property=\"og:site_name\" content=\"H\u00fcbsch\" \/>\n<meta property=\"article:modified_time\" content=\"2026-04-09T02:48:55+00:00\" \/>\n<meta property=\"og:image\" content=\"https:\/\/hubsch-interior.com\/wp-content\/uploads\/2023\/08\/mason-shelf-unit-single-natural-7db71713fb6ba1f42661675773559798.jpg\" \/>\n\t<meta property=\"og:image:width\" content=\"1200\" \/>\n\t<meta property=\"og:image:height\" content=\"1200\" \/>\n\t<meta property=\"og:image:type\" content=\"image\/jpeg\" \/>\n<meta name=\"twitter:card\" content=\"summary_large_image\" \/>\n<script type=\"application\/ld+json\" class=\"yoast-schema-graph\">{\"@context\":\"https:\/\/schema.org\",\"@graph\":[{\"@type\":\"WebPage\",\"@id\":\"https:\/\/hubsch-interior.com\/fr\/produit\/mason-etagere-single-naturel\/\",\"url\":\"https:\/\/hubsch-interior.com\/fr\/produit\/mason-etagere-single-naturel\/\",\"name\":\"Mason \u00c9tag\u00e8re Single Naturel - H\u00fcbsch\",\"isPartOf\":{\"@id\":\"https:\/\/hubsch-interior.com\/fr\/#website\"},\"primaryImageOfPage\":{\"@id\":\"https:\/\/hubsch-interior.com\/fr\/produit\/mason-etagere-single-naturel\/#primaryimage\"},\"image\":{\"@id\":\"https:\/\/hubsch-interior.com\/fr\/produit\/mason-etagere-single-naturel\/#primaryimage\"},\"thumbnailUrl\":\"https:\/\/hubsch-interior.com\/wp-content\/uploads\/2026\/02\/mason-shelf-unit-single-natural-96458222144261c28738bae2fc715c4c.jpg\",\"datePublished\":\"2020-12-15T08:50:03+00:00\",\"dateModified\":\"2026-04-09T02:48:55+00:00\",\"description\":\"L'\u00e9tag\u00e8re Mason Single Naturel est une pi\u00e8ce \u00e9l\u00e9gante et intemporelle qui peut s'adapter \u00e0 n'importe quelle d\u00e9coration int\u00e9rieure. Fabriqu\u00e9e \u00e0 partir de\",\"breadcrumb\":{\"@id\":\"https:\/\/hubsch-interior.com\/fr\/produit\/mason-etagere-single-naturel\/#breadcrumb\"},\"inLanguage\":\"fr-FR\",\"potentialAction\":[{\"@type\":\"ReadAction\",\"target\":[\"https:\/\/hubsch-interior.com\/fr\/produit\/mason-etagere-single-naturel\/\"]}]},{\"@type\":\"ImageObject\",\"inLanguage\":\"fr-FR\",\"@id\":\"https:\/\/hubsch-interior.com\/fr\/produit\/mason-etagere-single-naturel\/#primaryimage\",\"url\":\"https:\/\/hubsch-interior.com\/wp-content\/uploads\/2026\/02\/mason-shelf-unit-single-natural-96458222144261c28738bae2fc715c4c.jpg\",\"contentUrl\":\"https:\/\/hubsch-interior.com\/wp-content\/uploads\/2026\/02\/mason-shelf-unit-single-natural-96458222144261c28738bae2fc715c4c.jpg\",\"width\":1024,\"height\":1024},{\"@type\":\"BreadcrumbList\",\"@id\":\"https:\/\/hubsch-interior.com\/fr\/produit\/mason-etagere-single-naturel\/#breadcrumb\",\"itemListElement\":[{\"@type\":\"ListItem\",\"position\":1,\"name\":\"Page d'accueil\",\"item\":\"https:\/\/hubsch-interior.com\/fr\/\"},{\"@type\":\"ListItem\",\"position\":2,\"name\":\"Produits\",\"item\":\"https:\/\/hubsch-interior.com\/fr\/shop-2\/\"},{\"@type\":\"ListItem\",\"position\":3,\"name\":\"Meubles\",\"item\":\"https:\/\/hubsch-interior.com\/fr\/categorie-produit\/meubles\/\"},{\"@type\":\"ListItem\",\"position\":4,\"name\":\"Etag&egrave;res et meubles de rangement\",\"item\":\"https:\/\/hubsch-interior.com\/fr\/categorie-produit\/meubles\/etageres-et-meubles-de-rangement-fr\/\"},{\"@type\":\"ListItem\",\"position\":5,\"name\":\"Biblioth&egrave;ques\",\"item\":\"https:\/\/hubsch-interior.com\/fr\/categorie-produit\/meubles\/etageres-et-meubles-de-rangement-fr\/bibliotheques-fr\/\"},{\"@type\":\"ListItem\",\"position\":6,\"name\":\"Mason \u00c9tag\u00e8re Single Naturel\"}]},{\"@type\":\"WebSite\",\"@id\":\"https:\/\/hubsch-interior.com\/fr\/#website\",\"url\":\"https:\/\/hubsch-interior.com\/fr\/\",\"name\":\"H\u00fcbsch\",\"description\":\"Danish Home Interior and Design\",\"publisher\":{\"@id\":\"https:\/\/hubsch-interior.com\/fr\/#organization\"},\"potentialAction\":[{\"@type\":\"SearchAction\",\"target\":{\"@type\":\"EntryPoint\",\"urlTemplate\":\"https:\/\/hubsch-interior.com\/fr\/?s={search_term_string}\"},\"query-input\":{\"@type\":\"PropertyValueSpecification\",\"valueRequired\":true,\"valueName\":\"search_term_string\"}}],\"inLanguage\":\"fr-FR\"},{\"@type\":\"Organization\",\"@id\":\"https:\/\/hubsch-interior.com\/fr\/#organization\",\"name\":\"H\u00fcbsch\",\"url\":\"https:\/\/hubsch-interior.com\/fr\/\",\"logo\":{\"@type\":\"ImageObject\",\"inLanguage\":\"fr-FR\",\"@id\":\"https:\/\/hubsch-interior.com\/fr\/#\/schema\/logo\/image\/\",\"url\":\"https:\/\/hubsch-interior.com\/wp-content\/uploads\/2022\/12\/Hubsch_logo_black_one_line.svg\",\"contentUrl\":\"https:\/\/hubsch-interior.com\/wp-content\/uploads\/2022\/12\/Hubsch_logo_black_one_line.svg\",\"caption\":\"H\u00fcbsch\"},\"image\":{\"@id\":\"https:\/\/hubsch-interior.com\/fr\/#\/schema\/logo\/image\/\"}}]}<\/script>\n<!-- \/ Yoast SEO plugin. -->","yoast_head_json":{"title":"Mason \u00c9tag\u00e8re Single Naturel - H\u00fcbsch","description":"L'\u00e9tag\u00e8re Mason Single Naturel est une pi\u00e8ce \u00e9l\u00e9gante et intemporelle qui peut s'adapter \u00e0 n'importe quelle d\u00e9coration int\u00e9rieure. Fabriqu\u00e9e \u00e0 partir de","robots":{"index":"index","follow":"follow","max-snippet":"max-snippet:-1","max-image-preview":"max-image-preview:large","max-video-preview":"max-video-preview:-1"},"canonical":"https:\/\/hubsch-interior.com\/fr\/wp-json\/wp\/v2\/product\/39694","og_locale":"fr_FR","og_type":"article","og_title":"Mason \u00c9tag\u00e8re Single Naturel - H\u00fcbsch","og_description":"L'\u00e9tag\u00e8re Mason Single Naturel est une pi\u00e8ce \u00e9l\u00e9gante et intemporelle qui peut s'adapter \u00e0 n'importe quelle d\u00e9coration int\u00e9rieure. Fabriqu\u00e9e \u00e0 partir de","og_url":"https:\/\/hubsch-interior.com\/fr\/produit\/mason-etagere-single-naturel\/","og_site_name":"H\u00fcbsch","article_modified_time":"2026-04-09T02:48:55+00:00","og_image":[{"width":1200,"height":1200,"url":"https:\/\/hubsch-interior.com\/wp-content\/uploads\/2023\/08\/mason-shelf-unit-single-natural-7db71713fb6ba1f42661675773559798.jpg","type":"image\/jpeg"}],"twitter_card":"summary_large_image","schema":{"@context":"https:\/\/schema.org","@graph":[{"@type":"WebPage","@id":"https:\/\/hubsch-interior.com\/fr\/produit\/mason-etagere-single-naturel\/","url":"https:\/\/hubsch-interior.com\/fr\/produit\/mason-etagere-single-naturel\/","name":"Mason \u00c9tag\u00e8re Single Naturel - H\u00fcbsch","isPartOf":{"@id":"https:\/\/hubsch-interior.com\/fr\/#website"},"primaryImageOfPage":{"@id":"https:\/\/hubsch-interior.com\/fr\/produit\/mason-etagere-single-naturel\/#primaryimage"},"image":{"@id":"https:\/\/hubsch-interior.com\/fr\/produit\/mason-etagere-single-naturel\/#primaryimage"},"thumbnailUrl":"https:\/\/hubsch-interior.com\/wp-content\/uploads\/2026\/02\/mason-shelf-unit-single-natural-96458222144261c28738bae2fc715c4c.jpg","datePublished":"2020-12-15T08:50:03+00:00","dateModified":"2026-04-09T02:48:55+00:00","description":"L'\u00e9tag\u00e8re Mason Single Naturel est une pi\u00e8ce \u00e9l\u00e9gante et intemporelle qui peut s'adapter \u00e0 n'importe quelle d\u00e9coration int\u00e9rieure. Fabriqu\u00e9e \u00e0 partir de","breadcrumb":{"@id":"https:\/\/hubsch-interior.com\/fr\/produit\/mason-etagere-single-naturel\/#breadcrumb"},"inLanguage":"fr-FR","potentialAction":[{"@type":"ReadAction","target":["https:\/\/hubsch-interior.com\/fr\/produit\/mason-etagere-single-naturel\/"]}]},{"@type":"ImageObject","inLanguage":"fr-FR","@id":"https:\/\/hubsch-interior.com\/fr\/produit\/mason-etagere-single-naturel\/#primaryimage","url":"https:\/\/hubsch-interior.com\/wp-content\/uploads\/2026\/02\/mason-shelf-unit-single-natural-96458222144261c28738bae2fc715c4c.jpg","contentUrl":"https:\/\/hubsch-interior.com\/wp-content\/uploads\/2026\/02\/mason-shelf-unit-single-natural-96458222144261c28738bae2fc715c4c.jpg","width":1024,"height":1024},{"@type":"BreadcrumbList","@id":"https:\/\/hubsch-interior.com\/fr\/produit\/mason-etagere-single-naturel\/#breadcrumb","itemListElement":[{"@type":"ListItem","position":1,"name":"Page d'accueil","item":"https:\/\/hubsch-interior.com\/fr\/"},{"@type":"ListItem","position":2,"name":"Produits","item":"https:\/\/hubsch-interior.com\/fr\/shop-2\/"},{"@type":"ListItem","position":3,"name":"Meubles","item":"https:\/\/hubsch-interior.com\/fr\/categorie-produit\/meubles\/"},{"@type":"ListItem","position":4,"name":"Etag&egrave;res et meubles de rangement","item":"https:\/\/hubsch-interior.com\/fr\/categorie-produit\/meubles\/etageres-et-meubles-de-rangement-fr\/"},{"@type":"ListItem","position":5,"name":"Biblioth&egrave;ques","item":"https:\/\/hubsch-interior.com\/fr\/categorie-produit\/meubles\/etageres-et-meubles-de-rangement-fr\/bibliotheques-fr\/"},{"@type":"ListItem","position":6,"name":"Mason \u00c9tag\u00e8re Single Naturel"}]},{"@type":"WebSite","@id":"https:\/\/hubsch-interior.com\/fr\/#website","url":"https:\/\/hubsch-interior.com\/fr\/","name":"H\u00fcbsch","description":"Danish Home Interior and Design","publisher":{"@id":"https:\/\/hubsch-interior.com\/fr\/#organization"},"potentialAction":[{"@type":"SearchAction","target":{"@type":"EntryPoint","urlTemplate":"https:\/\/hubsch-interior.com\/fr\/?s={search_term_string}"},"query-input":{"@type":"PropertyValueSpecification","valueRequired":true,"valueName":"search_term_string"}}],"inLanguage":"fr-FR"},{"@type":"Organization","@id":"https:\/\/hubsch-interior.com\/fr\/#organization","name":"H\u00fcbsch","url":"https:\/\/hubsch-interior.com\/fr\/","logo":{"@type":"ImageObject","inLanguage":"fr-FR","@id":"https:\/\/hubsch-interior.com\/fr\/#\/schema\/logo\/image\/","url":"https:\/\/hubsch-interior.com\/wp-content\/uploads\/2022\/12\/Hubsch_logo_black_one_line.svg","contentUrl":"https:\/\/hubsch-interior.com\/wp-content\/uploads\/2022\/12\/Hubsch_logo_black_one_line.svg","caption":"H\u00fcbsch"},"image":{"@id":"https:\/\/hubsch-interior.com\/fr\/#\/schema\/logo\/image\/"}}]}},"_links":{"self":[{"href":"https:\/\/hubsch-interior.com\/fr\/wp-json\/wp\/v2\/product\/39694","targetHints":{"allow":["GET"]}}],"collection":[{"href":"https:\/\/hubsch-interior.com\/fr\/wp-json\/wp\/v2\/product"}],"about":[{"href":"https:\/\/hubsch-interior.com\/fr\/wp-json\/wp\/v2\/types\/product"}],"wp:featuredmedia":[{"embeddable":true,"href":"https:\/\/hubsch-interior.com\/fr\/wp-json\/wp\/v2\/media\/1102240"}],"wp:attachment":[{"href":"https:\/\/hubsch-interior.com\/fr\/wp-json\/wp\/v2\/media?parent=39694"}],"wp:term":[{"taxonomy":"product_brand","embeddable":true,"href":"https:\/\/hubsch-interior.com\/fr\/wp-json\/wp\/v2\/product_brand?post=39694"},{"taxonomy":"product_cat","embeddable":true,"href":"https:\/\/hubsch-interior.com\/fr\/wp-json\/wp\/v2\/product_cat?post=39694"},{"taxonomy":"product_tag","embeddable":true,"href":"https:\/\/hubsch-interior.com\/fr\/wp-json\/wp\/v2\/product_tag?post=39694"}],"curies":[{"name":"wp","href":"https:\/\/api.w.org\/{rel}","templated":true}]}}