{"id":396956,"date":"2021-06-04T10:16:10","date_gmt":"2021-06-04T08:16:10","guid":{"rendered":"https:\/\/hubsch-interior.com\/shop-b2c\/product\/product-6\/"},"modified":"2026-04-09T05:12:07","modified_gmt":"2026-04-09T03:12:07","slug":"bean-lampe-de-table-blanc","status":"publish","type":"product","link":"https:\/\/hubsch-interior.com\/fr\/produit\/bean-lampe-de-table-blanc\/","title":{"rendered":"Bean Lampe de table Blanc"},"content":{"rendered":"<p>La lampe de table est en verre, en m\u00e9tal et en laiton, elle mesure \u00f839xh28cm. Sa forme organique ainsi que la couleur fum\u00e9e blanche du verre cr\u00e9ent un look naturel, tandis que le d\u00e9tail dor\u00e9 lui conf\u00e8re une touche \u00e9l\u00e9gante. Ce produit est fait \u00e0 la main et peut donc varier.<\/p>\n","protected":false},"excerpt":{"rendered":"<p>La lampe de table est en verre, en m\u00e9tal et en laiton, elle mesure \u00f839xh28cm. Sa forme organique ainsi que la couleur fum\u00e9e blanche du verre cr\u00e9ent un look naturel, tandis que le d\u00e9tail dor\u00e9 lui conf\u00e8re une touche \u00e9l\u00e9gante. Ce produit est fait \u00e0 la main et peut donc varier.<\/p>\n","protected":false},"featured_media":1108733,"template":"","meta":{"_acf_changed":false,"inline_featured_image":false},"product_brand":[],"product_cat":[3810,3500,5026],"product_tag":[],"class_list":{"0":"post-396956","1":"product","2":"type-product","3":"status-publish","4":"has-post-thumbnail","6":"product_cat-luminaires","7":"product_cat-lampes-a-poser-fr","8":"product_cat-bestsellers-fr","9":"product_shipping_class-pk","11":"pa_color-blanc","12":"pa_material-fer-fr","13":"pa_material-verre-fr","15":"first","16":"instock","17":"featured","18":"taxable","19":"shipping-taxable","20":"purchasable","21":"product-type-simple"},"exclude_global_add_ons":[],"addons":[],"acf":[],"yoast_head":"<!-- This site is optimized with the Yoast SEO plugin v26.4 - https:\/\/yoast.com\/wordpress\/plugins\/seo\/ -->\n<title>Bean Lampe de table Blanc - H\u00fcbsch<\/title>\n<meta name=\"description\" content=\"La lampe de table est en verre, en m\u00e9tal et en laiton, elle mesure \u00f839xh28cm. Sa forme organique ainsi que la couleur fum\u00e9e blanche du verre cr\u00e9ent un\" \/>\n<meta name=\"robots\" content=\"index, follow, max-snippet:-1, max-image-preview:large, max-video-preview:-1\" \/>\n<link rel=\"canonical\" href=\"https:\/\/hubsch-interior.com\/fr\/wp-json\/wp\/v2\/product\/396956\" \/>\n<meta property=\"og:locale\" content=\"fr_FR\" \/>\n<meta property=\"og:type\" content=\"article\" \/>\n<meta property=\"og:title\" content=\"Bean Lampe de table Blanc - H\u00fcbsch\" \/>\n<meta property=\"og:description\" content=\"La lampe de table est en verre, en m\u00e9tal et en laiton, elle mesure \u00f839xh28cm. Sa forme organique ainsi que la couleur fum\u00e9e blanche du verre cr\u00e9ent un\" \/>\n<meta property=\"og:url\" content=\"https:\/\/hubsch-interior.com\/fr\/produit\/bean-lampe-de-table-blanc\/\" \/>\n<meta property=\"og:site_name\" content=\"H\u00fcbsch\" \/>\n<meta property=\"article:modified_time\" content=\"2026-04-09T03:12:07+00:00\" \/>\n<meta property=\"og:image\" content=\"https:\/\/hubsch-interior.com\/wp-content\/uploads\/2024\/12\/bean-table-lamp-white-3000dce56056e511cad5e8e071553c64.jpg\" \/>\n\t<meta property=\"og:image:width\" content=\"1200\" \/>\n\t<meta property=\"og:image:height\" content=\"1200\" \/>\n\t<meta property=\"og:image:type\" content=\"image\/jpeg\" \/>\n<meta name=\"twitter:card\" content=\"summary_large_image\" \/>\n<script type=\"application\/ld+json\" class=\"yoast-schema-graph\">{\"@context\":\"https:\/\/schema.org\",\"@graph\":[{\"@type\":\"WebPage\",\"@id\":\"https:\/\/hubsch-interior.com\/fr\/produit\/bean-lampe-de-table-blanc\/\",\"url\":\"https:\/\/hubsch-interior.com\/fr\/produit\/bean-lampe-de-table-blanc\/\",\"name\":\"Bean Lampe de table Blanc - H\u00fcbsch\",\"isPartOf\":{\"@id\":\"https:\/\/hubsch-interior.com\/fr\/#website\"},\"primaryImageOfPage\":{\"@id\":\"https:\/\/hubsch-interior.com\/fr\/produit\/bean-lampe-de-table-blanc\/#primaryimage\"},\"image\":{\"@id\":\"https:\/\/hubsch-interior.com\/fr\/produit\/bean-lampe-de-table-blanc\/#primaryimage\"},\"thumbnailUrl\":\"https:\/\/hubsch-interior.com\/wp-content\/uploads\/2026\/02\/bean-table-lamp-white-08391c05c166855075a5dde689546f50.jpg\",\"datePublished\":\"2021-06-04T08:16:10+00:00\",\"dateModified\":\"2026-04-09T03:12:07+00:00\",\"description\":\"La lampe de table est en verre, en m\u00e9tal et en laiton, elle mesure \u00f839xh28cm. Sa forme organique ainsi que la couleur fum\u00e9e blanche du verre cr\u00e9ent un\",\"breadcrumb\":{\"@id\":\"https:\/\/hubsch-interior.com\/fr\/produit\/bean-lampe-de-table-blanc\/#breadcrumb\"},\"inLanguage\":\"fr-FR\",\"potentialAction\":[{\"@type\":\"ReadAction\",\"target\":[\"https:\/\/hubsch-interior.com\/fr\/produit\/bean-lampe-de-table-blanc\/\"]}]},{\"@type\":\"ImageObject\",\"inLanguage\":\"fr-FR\",\"@id\":\"https:\/\/hubsch-interior.com\/fr\/produit\/bean-lampe-de-table-blanc\/#primaryimage\",\"url\":\"https:\/\/hubsch-interior.com\/wp-content\/uploads\/2026\/02\/bean-table-lamp-white-08391c05c166855075a5dde689546f50.jpg\",\"contentUrl\":\"https:\/\/hubsch-interior.com\/wp-content\/uploads\/2026\/02\/bean-table-lamp-white-08391c05c166855075a5dde689546f50.jpg\",\"width\":1024,\"height\":1024},{\"@type\":\"BreadcrumbList\",\"@id\":\"https:\/\/hubsch-interior.com\/fr\/produit\/bean-lampe-de-table-blanc\/#breadcrumb\",\"itemListElement\":[{\"@type\":\"ListItem\",\"position\":1,\"name\":\"Page d'accueil\",\"item\":\"https:\/\/hubsch-interior.com\/fr\/\"},{\"@type\":\"ListItem\",\"position\":2,\"name\":\"Produits\",\"item\":\"https:\/\/hubsch-interior.com\/fr\/shop-2\/\"},{\"@type\":\"ListItem\",\"position\":3,\"name\":\"Luminaires\",\"item\":\"https:\/\/hubsch-interior.com\/fr\/categorie-produit\/luminaires\/\"},{\"@type\":\"ListItem\",\"position\":4,\"name\":\"Lampes &agrave; poser\",\"item\":\"https:\/\/hubsch-interior.com\/fr\/categorie-produit\/luminaires\/lampes-a-poser-fr\/\"},{\"@type\":\"ListItem\",\"position\":5,\"name\":\"Bean Lampe de table Blanc\"}]},{\"@type\":\"WebSite\",\"@id\":\"https:\/\/hubsch-interior.com\/fr\/#website\",\"url\":\"https:\/\/hubsch-interior.com\/fr\/\",\"name\":\"H\u00fcbsch\",\"description\":\"Danish Home Interior and Design\",\"publisher\":{\"@id\":\"https:\/\/hubsch-interior.com\/fr\/#organization\"},\"potentialAction\":[{\"@type\":\"SearchAction\",\"target\":{\"@type\":\"EntryPoint\",\"urlTemplate\":\"https:\/\/hubsch-interior.com\/fr\/?s={search_term_string}\"},\"query-input\":{\"@type\":\"PropertyValueSpecification\",\"valueRequired\":true,\"valueName\":\"search_term_string\"}}],\"inLanguage\":\"fr-FR\"},{\"@type\":\"Organization\",\"@id\":\"https:\/\/hubsch-interior.com\/fr\/#organization\",\"name\":\"H\u00fcbsch\",\"url\":\"https:\/\/hubsch-interior.com\/fr\/\",\"logo\":{\"@type\":\"ImageObject\",\"inLanguage\":\"fr-FR\",\"@id\":\"https:\/\/hubsch-interior.com\/fr\/#\/schema\/logo\/image\/\",\"url\":\"https:\/\/hubsch-interior.com\/wp-content\/uploads\/2022\/12\/Hubsch_logo_black_one_line.svg\",\"contentUrl\":\"https:\/\/hubsch-interior.com\/wp-content\/uploads\/2022\/12\/Hubsch_logo_black_one_line.svg\",\"caption\":\"H\u00fcbsch\"},\"image\":{\"@id\":\"https:\/\/hubsch-interior.com\/fr\/#\/schema\/logo\/image\/\"}}]}<\/script>\n<!-- \/ Yoast SEO plugin. -->","yoast_head_json":{"title":"Bean Lampe de table Blanc - H\u00fcbsch","description":"La lampe de table est en verre, en m\u00e9tal et en laiton, elle mesure \u00f839xh28cm. Sa forme organique ainsi que la couleur fum\u00e9e blanche du verre cr\u00e9ent un","robots":{"index":"index","follow":"follow","max-snippet":"max-snippet:-1","max-image-preview":"max-image-preview:large","max-video-preview":"max-video-preview:-1"},"canonical":"https:\/\/hubsch-interior.com\/fr\/wp-json\/wp\/v2\/product\/396956","og_locale":"fr_FR","og_type":"article","og_title":"Bean Lampe de table Blanc - H\u00fcbsch","og_description":"La lampe de table est en verre, en m\u00e9tal et en laiton, elle mesure \u00f839xh28cm. Sa forme organique ainsi que la couleur fum\u00e9e blanche du verre cr\u00e9ent un","og_url":"https:\/\/hubsch-interior.com\/fr\/produit\/bean-lampe-de-table-blanc\/","og_site_name":"H\u00fcbsch","article_modified_time":"2026-04-09T03:12:07+00:00","og_image":[{"width":1200,"height":1200,"url":"https:\/\/hubsch-interior.com\/wp-content\/uploads\/2024\/12\/bean-table-lamp-white-3000dce56056e511cad5e8e071553c64.jpg","type":"image\/jpeg"}],"twitter_card":"summary_large_image","schema":{"@context":"https:\/\/schema.org","@graph":[{"@type":"WebPage","@id":"https:\/\/hubsch-interior.com\/fr\/produit\/bean-lampe-de-table-blanc\/","url":"https:\/\/hubsch-interior.com\/fr\/produit\/bean-lampe-de-table-blanc\/","name":"Bean Lampe de table Blanc - H\u00fcbsch","isPartOf":{"@id":"https:\/\/hubsch-interior.com\/fr\/#website"},"primaryImageOfPage":{"@id":"https:\/\/hubsch-interior.com\/fr\/produit\/bean-lampe-de-table-blanc\/#primaryimage"},"image":{"@id":"https:\/\/hubsch-interior.com\/fr\/produit\/bean-lampe-de-table-blanc\/#primaryimage"},"thumbnailUrl":"https:\/\/hubsch-interior.com\/wp-content\/uploads\/2026\/02\/bean-table-lamp-white-08391c05c166855075a5dde689546f50.jpg","datePublished":"2021-06-04T08:16:10+00:00","dateModified":"2026-04-09T03:12:07+00:00","description":"La lampe de table est en verre, en m\u00e9tal et en laiton, elle mesure \u00f839xh28cm. Sa forme organique ainsi que la couleur fum\u00e9e blanche du verre cr\u00e9ent un","breadcrumb":{"@id":"https:\/\/hubsch-interior.com\/fr\/produit\/bean-lampe-de-table-blanc\/#breadcrumb"},"inLanguage":"fr-FR","potentialAction":[{"@type":"ReadAction","target":["https:\/\/hubsch-interior.com\/fr\/produit\/bean-lampe-de-table-blanc\/"]}]},{"@type":"ImageObject","inLanguage":"fr-FR","@id":"https:\/\/hubsch-interior.com\/fr\/produit\/bean-lampe-de-table-blanc\/#primaryimage","url":"https:\/\/hubsch-interior.com\/wp-content\/uploads\/2026\/02\/bean-table-lamp-white-08391c05c166855075a5dde689546f50.jpg","contentUrl":"https:\/\/hubsch-interior.com\/wp-content\/uploads\/2026\/02\/bean-table-lamp-white-08391c05c166855075a5dde689546f50.jpg","width":1024,"height":1024},{"@type":"BreadcrumbList","@id":"https:\/\/hubsch-interior.com\/fr\/produit\/bean-lampe-de-table-blanc\/#breadcrumb","itemListElement":[{"@type":"ListItem","position":1,"name":"Page d'accueil","item":"https:\/\/hubsch-interior.com\/fr\/"},{"@type":"ListItem","position":2,"name":"Produits","item":"https:\/\/hubsch-interior.com\/fr\/shop-2\/"},{"@type":"ListItem","position":3,"name":"Luminaires","item":"https:\/\/hubsch-interior.com\/fr\/categorie-produit\/luminaires\/"},{"@type":"ListItem","position":4,"name":"Lampes &agrave; poser","item":"https:\/\/hubsch-interior.com\/fr\/categorie-produit\/luminaires\/lampes-a-poser-fr\/"},{"@type":"ListItem","position":5,"name":"Bean Lampe de table Blanc"}]},{"@type":"WebSite","@id":"https:\/\/hubsch-interior.com\/fr\/#website","url":"https:\/\/hubsch-interior.com\/fr\/","name":"H\u00fcbsch","description":"Danish Home Interior and Design","publisher":{"@id":"https:\/\/hubsch-interior.com\/fr\/#organization"},"potentialAction":[{"@type":"SearchAction","target":{"@type":"EntryPoint","urlTemplate":"https:\/\/hubsch-interior.com\/fr\/?s={search_term_string}"},"query-input":{"@type":"PropertyValueSpecification","valueRequired":true,"valueName":"search_term_string"}}],"inLanguage":"fr-FR"},{"@type":"Organization","@id":"https:\/\/hubsch-interior.com\/fr\/#organization","name":"H\u00fcbsch","url":"https:\/\/hubsch-interior.com\/fr\/","logo":{"@type":"ImageObject","inLanguage":"fr-FR","@id":"https:\/\/hubsch-interior.com\/fr\/#\/schema\/logo\/image\/","url":"https:\/\/hubsch-interior.com\/wp-content\/uploads\/2022\/12\/Hubsch_logo_black_one_line.svg","contentUrl":"https:\/\/hubsch-interior.com\/wp-content\/uploads\/2022\/12\/Hubsch_logo_black_one_line.svg","caption":"H\u00fcbsch"},"image":{"@id":"https:\/\/hubsch-interior.com\/fr\/#\/schema\/logo\/image\/"}}]}},"_links":{"self":[{"href":"https:\/\/hubsch-interior.com\/fr\/wp-json\/wp\/v2\/product\/396956","targetHints":{"allow":["GET"]}}],"collection":[{"href":"https:\/\/hubsch-interior.com\/fr\/wp-json\/wp\/v2\/product"}],"about":[{"href":"https:\/\/hubsch-interior.com\/fr\/wp-json\/wp\/v2\/types\/product"}],"wp:featuredmedia":[{"embeddable":true,"href":"https:\/\/hubsch-interior.com\/fr\/wp-json\/wp\/v2\/media\/1108733"}],"wp:attachment":[{"href":"https:\/\/hubsch-interior.com\/fr\/wp-json\/wp\/v2\/media?parent=396956"}],"wp:term":[{"taxonomy":"product_brand","embeddable":true,"href":"https:\/\/hubsch-interior.com\/fr\/wp-json\/wp\/v2\/product_brand?post=396956"},{"taxonomy":"product_cat","embeddable":true,"href":"https:\/\/hubsch-interior.com\/fr\/wp-json\/wp\/v2\/product_cat?post=396956"},{"taxonomy":"product_tag","embeddable":true,"href":"https:\/\/hubsch-interior.com\/fr\/wp-json\/wp\/v2\/product_tag?post=396956"}],"curies":[{"name":"wp","href":"https:\/\/api.w.org\/{rel}","templated":true}]}}