{"id":397004,"date":"2021-06-04T10:16:22","date_gmt":"2021-06-04T08:16:22","guid":{"rendered":"https:\/\/hubsch-interior.com\/shop-b2c\/product\/product-6\/"},"modified":"2026-04-09T05:12:15","modified_gmt":"2026-04-09T03:12:15","slug":"pipe-lampadaire-laiton","status":"publish","type":"product","link":"https:\/\/hubsch-interior.com\/fr\/produit\/pipe-lampadaire-laiton\/","title":{"rendered":"Pipe Lampadaire Laiton"},"content":{"rendered":"<p>Le lampadaire est fabriqu\u00e9 en laiton, en verre, en marbre et en m\u00e9tal. La lampe est \u00e9l\u00e9gante et simple. La forme douce ainsi que la couleur dor\u00e9e cr\u00e9ent un look \u00e9l\u00e9gant. Placez-le dans n&#8217;importe quelle pi\u00e8ce de la maison pour un d\u00e9tail \u00e9l\u00e9gant.<\/p>\n","protected":false},"excerpt":{"rendered":"<p>Le lampadaire est fabriqu\u00e9 en laiton, en verre, en marbre et en m\u00e9tal. La lampe est \u00e9l\u00e9gante et simple. La forme douce ainsi que la couleur dor\u00e9e cr\u00e9ent un look \u00e9l\u00e9gant. Placez-le dans n&#8217;importe quelle pi\u00e8ce de la maison pour un d\u00e9tail \u00e9l\u00e9gant.<\/p>\n","protected":false},"featured_media":1108761,"template":"","meta":{"_acf_changed":false,"inline_featured_image":false},"product_brand":[],"product_cat":[3810,3496,5026],"product_tag":[],"class_list":{"0":"post-397004","1":"product","2":"type-product","3":"status-publish","4":"has-post-thumbnail","6":"product_cat-luminaires","7":"product_cat-lampadaires-fr","8":"product_cat-bestsellers-fr","9":"product_shipping_class-pk","11":"pa_color-laiton","12":"pa_material-fer-fr","13":"pa_material-marbre-fr","14":"pa_material-verre-fr","16":"first","17":"instock","18":"featured","19":"taxable","20":"shipping-taxable","21":"purchasable","22":"product-type-simple"},"exclude_global_add_ons":[],"addons":[],"acf":[],"yoast_head":"<!-- This site is optimized with the Yoast SEO plugin v26.4 - https:\/\/yoast.com\/wordpress\/plugins\/seo\/ -->\n<title>Pipe Lampadaire Laiton - H\u00fcbsch<\/title>\n<meta name=\"description\" content=\"Le lampadaire est fabriqu\u00e9 en laiton, en verre, en marbre et en m\u00e9tal. La lampe est \u00e9l\u00e9gante et simple. La forme douce ainsi que la couleur dor\u00e9e cr\u00e9ent\" \/>\n<meta name=\"robots\" content=\"index, follow, max-snippet:-1, max-image-preview:large, max-video-preview:-1\" \/>\n<link rel=\"canonical\" href=\"https:\/\/hubsch-interior.com\/fr\/wp-json\/wp\/v2\/product\/397004\" \/>\n<meta property=\"og:locale\" content=\"fr_FR\" \/>\n<meta property=\"og:type\" content=\"article\" \/>\n<meta property=\"og:title\" content=\"Pipe Lampadaire Laiton - H\u00fcbsch\" \/>\n<meta property=\"og:description\" content=\"Le lampadaire est fabriqu\u00e9 en laiton, en verre, en marbre et en m\u00e9tal. La lampe est \u00e9l\u00e9gante et simple. La forme douce ainsi que la couleur dor\u00e9e cr\u00e9ent\" \/>\n<meta property=\"og:url\" content=\"https:\/\/hubsch-interior.com\/fr\/produit\/pipe-lampadaire-laiton\/\" \/>\n<meta property=\"og:site_name\" content=\"H\u00fcbsch\" \/>\n<meta property=\"article:modified_time\" content=\"2026-04-09T03:12:15+00:00\" \/>\n<meta property=\"og:image\" content=\"https:\/\/hubsch-interior.com\/wp-content\/uploads\/2024\/01\/pipe-floor-lamp-brass-af98f8904f0263970f7cbb8e88c8a07b.jpg\" \/>\n\t<meta property=\"og:image:width\" content=\"1200\" \/>\n\t<meta property=\"og:image:height\" content=\"1200\" \/>\n\t<meta property=\"og:image:type\" content=\"image\/jpeg\" \/>\n<meta name=\"twitter:card\" content=\"summary_large_image\" \/>\n<script type=\"application\/ld+json\" class=\"yoast-schema-graph\">{\"@context\":\"https:\/\/schema.org\",\"@graph\":[{\"@type\":\"WebPage\",\"@id\":\"https:\/\/hubsch-interior.com\/fr\/produit\/pipe-lampadaire-laiton\/\",\"url\":\"https:\/\/hubsch-interior.com\/fr\/produit\/pipe-lampadaire-laiton\/\",\"name\":\"Pipe Lampadaire Laiton - H\u00fcbsch\",\"isPartOf\":{\"@id\":\"https:\/\/hubsch-interior.com\/fr\/#website\"},\"primaryImageOfPage\":{\"@id\":\"https:\/\/hubsch-interior.com\/fr\/produit\/pipe-lampadaire-laiton\/#primaryimage\"},\"image\":{\"@id\":\"https:\/\/hubsch-interior.com\/fr\/produit\/pipe-lampadaire-laiton\/#primaryimage\"},\"thumbnailUrl\":\"https:\/\/hubsch-interior.com\/wp-content\/uploads\/2026\/02\/pipe-floor-lamp-brass-316fc4ad4fab208569e4398cc415a340.jpg\",\"datePublished\":\"2021-06-04T08:16:22+00:00\",\"dateModified\":\"2026-04-09T03:12:15+00:00\",\"description\":\"Le lampadaire est fabriqu\u00e9 en laiton, en verre, en marbre et en m\u00e9tal. La lampe est \u00e9l\u00e9gante et simple. La forme douce ainsi que la couleur dor\u00e9e cr\u00e9ent\",\"breadcrumb\":{\"@id\":\"https:\/\/hubsch-interior.com\/fr\/produit\/pipe-lampadaire-laiton\/#breadcrumb\"},\"inLanguage\":\"fr-FR\",\"potentialAction\":[{\"@type\":\"ReadAction\",\"target\":[\"https:\/\/hubsch-interior.com\/fr\/produit\/pipe-lampadaire-laiton\/\"]}]},{\"@type\":\"ImageObject\",\"inLanguage\":\"fr-FR\",\"@id\":\"https:\/\/hubsch-interior.com\/fr\/produit\/pipe-lampadaire-laiton\/#primaryimage\",\"url\":\"https:\/\/hubsch-interior.com\/wp-content\/uploads\/2026\/02\/pipe-floor-lamp-brass-316fc4ad4fab208569e4398cc415a340.jpg\",\"contentUrl\":\"https:\/\/hubsch-interior.com\/wp-content\/uploads\/2026\/02\/pipe-floor-lamp-brass-316fc4ad4fab208569e4398cc415a340.jpg\",\"width\":1024,\"height\":1024},{\"@type\":\"BreadcrumbList\",\"@id\":\"https:\/\/hubsch-interior.com\/fr\/produit\/pipe-lampadaire-laiton\/#breadcrumb\",\"itemListElement\":[{\"@type\":\"ListItem\",\"position\":1,\"name\":\"Page d'accueil\",\"item\":\"https:\/\/hubsch-interior.com\/fr\/\"},{\"@type\":\"ListItem\",\"position\":2,\"name\":\"Produits\",\"item\":\"https:\/\/hubsch-interior.com\/fr\/shop-2\/\"},{\"@type\":\"ListItem\",\"position\":3,\"name\":\"Luminaires\",\"item\":\"https:\/\/hubsch-interior.com\/fr\/categorie-produit\/luminaires\/\"},{\"@type\":\"ListItem\",\"position\":4,\"name\":\"Lampadaires\",\"item\":\"https:\/\/hubsch-interior.com\/fr\/categorie-produit\/luminaires\/lampadaires-fr\/\"},{\"@type\":\"ListItem\",\"position\":5,\"name\":\"Pipe Lampadaire Laiton\"}]},{\"@type\":\"WebSite\",\"@id\":\"https:\/\/hubsch-interior.com\/fr\/#website\",\"url\":\"https:\/\/hubsch-interior.com\/fr\/\",\"name\":\"H\u00fcbsch\",\"description\":\"Danish Home Interior and Design\",\"publisher\":{\"@id\":\"https:\/\/hubsch-interior.com\/fr\/#organization\"},\"potentialAction\":[{\"@type\":\"SearchAction\",\"target\":{\"@type\":\"EntryPoint\",\"urlTemplate\":\"https:\/\/hubsch-interior.com\/fr\/?s={search_term_string}\"},\"query-input\":{\"@type\":\"PropertyValueSpecification\",\"valueRequired\":true,\"valueName\":\"search_term_string\"}}],\"inLanguage\":\"fr-FR\"},{\"@type\":\"Organization\",\"@id\":\"https:\/\/hubsch-interior.com\/fr\/#organization\",\"name\":\"H\u00fcbsch\",\"url\":\"https:\/\/hubsch-interior.com\/fr\/\",\"logo\":{\"@type\":\"ImageObject\",\"inLanguage\":\"fr-FR\",\"@id\":\"https:\/\/hubsch-interior.com\/fr\/#\/schema\/logo\/image\/\",\"url\":\"https:\/\/hubsch-interior.com\/wp-content\/uploads\/2022\/12\/Hubsch_logo_black_one_line.svg\",\"contentUrl\":\"https:\/\/hubsch-interior.com\/wp-content\/uploads\/2022\/12\/Hubsch_logo_black_one_line.svg\",\"caption\":\"H\u00fcbsch\"},\"image\":{\"@id\":\"https:\/\/hubsch-interior.com\/fr\/#\/schema\/logo\/image\/\"}}]}<\/script>\n<!-- \/ Yoast SEO plugin. -->","yoast_head_json":{"title":"Pipe Lampadaire Laiton - H\u00fcbsch","description":"Le lampadaire est fabriqu\u00e9 en laiton, en verre, en marbre et en m\u00e9tal. La lampe est \u00e9l\u00e9gante et simple. La forme douce ainsi que la couleur dor\u00e9e cr\u00e9ent","robots":{"index":"index","follow":"follow","max-snippet":"max-snippet:-1","max-image-preview":"max-image-preview:large","max-video-preview":"max-video-preview:-1"},"canonical":"https:\/\/hubsch-interior.com\/fr\/wp-json\/wp\/v2\/product\/397004","og_locale":"fr_FR","og_type":"article","og_title":"Pipe Lampadaire Laiton - H\u00fcbsch","og_description":"Le lampadaire est fabriqu\u00e9 en laiton, en verre, en marbre et en m\u00e9tal. La lampe est \u00e9l\u00e9gante et simple. La forme douce ainsi que la couleur dor\u00e9e cr\u00e9ent","og_url":"https:\/\/hubsch-interior.com\/fr\/produit\/pipe-lampadaire-laiton\/","og_site_name":"H\u00fcbsch","article_modified_time":"2026-04-09T03:12:15+00:00","og_image":[{"width":1200,"height":1200,"url":"https:\/\/hubsch-interior.com\/wp-content\/uploads\/2024\/01\/pipe-floor-lamp-brass-af98f8904f0263970f7cbb8e88c8a07b.jpg","type":"image\/jpeg"}],"twitter_card":"summary_large_image","schema":{"@context":"https:\/\/schema.org","@graph":[{"@type":"WebPage","@id":"https:\/\/hubsch-interior.com\/fr\/produit\/pipe-lampadaire-laiton\/","url":"https:\/\/hubsch-interior.com\/fr\/produit\/pipe-lampadaire-laiton\/","name":"Pipe Lampadaire Laiton - H\u00fcbsch","isPartOf":{"@id":"https:\/\/hubsch-interior.com\/fr\/#website"},"primaryImageOfPage":{"@id":"https:\/\/hubsch-interior.com\/fr\/produit\/pipe-lampadaire-laiton\/#primaryimage"},"image":{"@id":"https:\/\/hubsch-interior.com\/fr\/produit\/pipe-lampadaire-laiton\/#primaryimage"},"thumbnailUrl":"https:\/\/hubsch-interior.com\/wp-content\/uploads\/2026\/02\/pipe-floor-lamp-brass-316fc4ad4fab208569e4398cc415a340.jpg","datePublished":"2021-06-04T08:16:22+00:00","dateModified":"2026-04-09T03:12:15+00:00","description":"Le lampadaire est fabriqu\u00e9 en laiton, en verre, en marbre et en m\u00e9tal. La lampe est \u00e9l\u00e9gante et simple. La forme douce ainsi que la couleur dor\u00e9e cr\u00e9ent","breadcrumb":{"@id":"https:\/\/hubsch-interior.com\/fr\/produit\/pipe-lampadaire-laiton\/#breadcrumb"},"inLanguage":"fr-FR","potentialAction":[{"@type":"ReadAction","target":["https:\/\/hubsch-interior.com\/fr\/produit\/pipe-lampadaire-laiton\/"]}]},{"@type":"ImageObject","inLanguage":"fr-FR","@id":"https:\/\/hubsch-interior.com\/fr\/produit\/pipe-lampadaire-laiton\/#primaryimage","url":"https:\/\/hubsch-interior.com\/wp-content\/uploads\/2026\/02\/pipe-floor-lamp-brass-316fc4ad4fab208569e4398cc415a340.jpg","contentUrl":"https:\/\/hubsch-interior.com\/wp-content\/uploads\/2026\/02\/pipe-floor-lamp-brass-316fc4ad4fab208569e4398cc415a340.jpg","width":1024,"height":1024},{"@type":"BreadcrumbList","@id":"https:\/\/hubsch-interior.com\/fr\/produit\/pipe-lampadaire-laiton\/#breadcrumb","itemListElement":[{"@type":"ListItem","position":1,"name":"Page d'accueil","item":"https:\/\/hubsch-interior.com\/fr\/"},{"@type":"ListItem","position":2,"name":"Produits","item":"https:\/\/hubsch-interior.com\/fr\/shop-2\/"},{"@type":"ListItem","position":3,"name":"Luminaires","item":"https:\/\/hubsch-interior.com\/fr\/categorie-produit\/luminaires\/"},{"@type":"ListItem","position":4,"name":"Lampadaires","item":"https:\/\/hubsch-interior.com\/fr\/categorie-produit\/luminaires\/lampadaires-fr\/"},{"@type":"ListItem","position":5,"name":"Pipe Lampadaire Laiton"}]},{"@type":"WebSite","@id":"https:\/\/hubsch-interior.com\/fr\/#website","url":"https:\/\/hubsch-interior.com\/fr\/","name":"H\u00fcbsch","description":"Danish Home Interior and Design","publisher":{"@id":"https:\/\/hubsch-interior.com\/fr\/#organization"},"potentialAction":[{"@type":"SearchAction","target":{"@type":"EntryPoint","urlTemplate":"https:\/\/hubsch-interior.com\/fr\/?s={search_term_string}"},"query-input":{"@type":"PropertyValueSpecification","valueRequired":true,"valueName":"search_term_string"}}],"inLanguage":"fr-FR"},{"@type":"Organization","@id":"https:\/\/hubsch-interior.com\/fr\/#organization","name":"H\u00fcbsch","url":"https:\/\/hubsch-interior.com\/fr\/","logo":{"@type":"ImageObject","inLanguage":"fr-FR","@id":"https:\/\/hubsch-interior.com\/fr\/#\/schema\/logo\/image\/","url":"https:\/\/hubsch-interior.com\/wp-content\/uploads\/2022\/12\/Hubsch_logo_black_one_line.svg","contentUrl":"https:\/\/hubsch-interior.com\/wp-content\/uploads\/2022\/12\/Hubsch_logo_black_one_line.svg","caption":"H\u00fcbsch"},"image":{"@id":"https:\/\/hubsch-interior.com\/fr\/#\/schema\/logo\/image\/"}}]}},"_links":{"self":[{"href":"https:\/\/hubsch-interior.com\/fr\/wp-json\/wp\/v2\/product\/397004","targetHints":{"allow":["GET"]}}],"collection":[{"href":"https:\/\/hubsch-interior.com\/fr\/wp-json\/wp\/v2\/product"}],"about":[{"href":"https:\/\/hubsch-interior.com\/fr\/wp-json\/wp\/v2\/types\/product"}],"wp:featuredmedia":[{"embeddable":true,"href":"https:\/\/hubsch-interior.com\/fr\/wp-json\/wp\/v2\/media\/1108761"}],"wp:attachment":[{"href":"https:\/\/hubsch-interior.com\/fr\/wp-json\/wp\/v2\/media?parent=397004"}],"wp:term":[{"taxonomy":"product_brand","embeddable":true,"href":"https:\/\/hubsch-interior.com\/fr\/wp-json\/wp\/v2\/product_brand?post=397004"},{"taxonomy":"product_cat","embeddable":true,"href":"https:\/\/hubsch-interior.com\/fr\/wp-json\/wp\/v2\/product_cat?post=397004"},{"taxonomy":"product_tag","embeddable":true,"href":"https:\/\/hubsch-interior.com\/fr\/wp-json\/wp\/v2\/product_tag?post=397004"}],"curies":[{"name":"wp","href":"https:\/\/api.w.org\/{rel}","templated":true}]}}