{"id":39758,"date":"2020-12-15T09:50:14","date_gmt":"2020-12-15T08:50:14","guid":{"rendered":"https:\/\/hubsch-interior.com\/product\/product-18\/"},"modified":"2026-04-05T04:50:43","modified_gmt":"2026-04-05T02:50:43","slug":"collect-meuble-a-chaussures-naturel","status":"publish","type":"product","link":"https:\/\/hubsch-interior.com\/fr\/produit\/collect-meuble-a-chaussures-naturel\/","title":{"rendered":"Collect Meuble \u00e0 chaussures Naturel"},"content":{"rendered":"<p>Le Collect Meuble \u00e0 chaussures Naturel est con\u00e7u pour offrir une solution pratique et durable pour le rangement des chaussures. Fabriqu\u00e9 \u00e0 partir de bois de ch\u00eane certifi\u00e9 FSC, ce meuble \u00e0 chaussures est robuste et durable, offrant une solution de rangement \u00e0 long terme. Sa finition naturelle donne \u00e0 votre int\u00e9rieur un look classique et \u00e9l\u00e9gant. Gr\u00e2ce \u00e0 ses mat\u00e9riaux de qualit\u00e9 et \u00e0 sa construction solide, ce meuble \u00e0 chaussures vous offrira des ann\u00e9es de service fiable. Vous n&#8217;aurez plus \u00e0 vous inqui\u00e9ter de manquer de place pour vos chaussures. Le Collect Meuble \u00e0 chaussures Naturel est la solution parfaite pour ranger vos chaussures en toute s\u00e9curit\u00e9.<\/p>\n","protected":false},"excerpt":{"rendered":"<p>Le Collect Meuble \u00e0 chaussures Naturel est con\u00e7u pour offrir une solution pratique et durable pour le rangement des chaussures. Fabriqu\u00e9 \u00e0 partir de bois de ch\u00eane certifi\u00e9 FSC, ce meuble \u00e0 chaussures est robuste et durable, offrant une solution de rangement \u00e0 long terme. Sa finition naturelle donne \u00e0 votre int\u00e9rieur un look classique [&hellip;]<\/p>\n","protected":false},"featured_media":1102280,"template":"","meta":{"_acf_changed":false,"inline_featured_image":false},"product_brand":[],"product_cat":[4001,4852,5026],"product_tag":[],"class_list":{"0":"post-39758","1":"product","2":"type-product","3":"status-publish","4":"has-post-thumbnail","6":"product_cat-etageres-et-meubles-de-rangement-fr","7":"product_cat-meuble-a-chaussures-fr","8":"product_cat-bestsellers-fr","9":"product_shipping_class-p05","10":"pa_color-naturel-2","11":"pa_material-mdf-fr","12":"pa_material-bois-de-chne-2","13":"pa_material-placage-de-chne-2","15":"first","16":"outofstock","17":"featured","18":"taxable","19":"shipping-taxable","20":"purchasable","21":"product-type-simple"},"exclude_global_add_ons":[],"addons":[],"acf":[],"yoast_head":"<!-- This site is optimized with the Yoast SEO plugin v26.4 - https:\/\/yoast.com\/wordpress\/plugins\/seo\/ -->\n<title>Collect Meuble \u00e0 chaussures Naturel - H\u00fcbsch<\/title>\n<meta name=\"description\" content=\"Le Collect Meuble \u00e0 chaussures Naturel est con\u00e7u pour offrir une solution pratique et durable pour le rangement des chaussures. Fabriqu\u00e9 \u00e0 partir de bois\" \/>\n<meta name=\"robots\" content=\"index, follow, max-snippet:-1, max-image-preview:large, max-video-preview:-1\" \/>\n<link rel=\"canonical\" href=\"https:\/\/hubsch-interior.com\/fr\/wp-json\/wp\/v2\/product\/39758\" \/>\n<meta property=\"og:locale\" content=\"fr_FR\" \/>\n<meta property=\"og:type\" content=\"article\" \/>\n<meta property=\"og:title\" content=\"Collect Meuble \u00e0 chaussures Naturel - H\u00fcbsch\" \/>\n<meta property=\"og:description\" content=\"Le Collect Meuble \u00e0 chaussures Naturel est con\u00e7u pour offrir une solution pratique et durable pour le rangement des chaussures. Fabriqu\u00e9 \u00e0 partir de bois\" \/>\n<meta property=\"og:url\" content=\"https:\/\/hubsch-interior.com\/fr\/produit\/collect-meuble-a-chaussures-naturel\/\" \/>\n<meta property=\"og:site_name\" content=\"H\u00fcbsch\" \/>\n<meta property=\"article:modified_time\" content=\"2026-04-05T02:50:43+00:00\" \/>\n<meta property=\"og:image\" content=\"https:\/\/hubsch-interior.com\/wp-content\/uploads\/2023\/08\/collect-shoe-cabinet-natural-8cb1ef3ab88068ecc0c2f5368f39343c.jpg\" \/>\n\t<meta property=\"og:image:width\" content=\"1200\" \/>\n\t<meta property=\"og:image:height\" content=\"1200\" \/>\n\t<meta property=\"og:image:type\" content=\"image\/jpeg\" \/>\n<meta name=\"twitter:card\" content=\"summary_large_image\" \/>\n<meta name=\"twitter:label1\" content=\"Dur\u00e9e de lecture estim\u00e9e\" \/>\n\t<meta name=\"twitter:data1\" content=\"1 minute\" \/>\n<script type=\"application\/ld+json\" class=\"yoast-schema-graph\">{\"@context\":\"https:\/\/schema.org\",\"@graph\":[{\"@type\":\"WebPage\",\"@id\":\"https:\/\/hubsch-interior.com\/fr\/produit\/collect-meuble-a-chaussures-naturel\/\",\"url\":\"https:\/\/hubsch-interior.com\/fr\/produit\/collect-meuble-a-chaussures-naturel\/\",\"name\":\"Collect Meuble \u00e0 chaussures Naturel - H\u00fcbsch\",\"isPartOf\":{\"@id\":\"https:\/\/hubsch-interior.com\/fr\/#website\"},\"primaryImageOfPage\":{\"@id\":\"https:\/\/hubsch-interior.com\/fr\/produit\/collect-meuble-a-chaussures-naturel\/#primaryimage\"},\"image\":{\"@id\":\"https:\/\/hubsch-interior.com\/fr\/produit\/collect-meuble-a-chaussures-naturel\/#primaryimage\"},\"thumbnailUrl\":\"https:\/\/hubsch-interior.com\/wp-content\/uploads\/2026\/02\/collect-shoe-cabinet-natural-f8fc40795453e54e302d04b33d0af537.jpg\",\"datePublished\":\"2020-12-15T08:50:14+00:00\",\"dateModified\":\"2026-04-05T02:50:43+00:00\",\"description\":\"Le Collect Meuble \u00e0 chaussures Naturel est con\u00e7u pour offrir une solution pratique et durable pour le rangement des chaussures. Fabriqu\u00e9 \u00e0 partir de bois\",\"breadcrumb\":{\"@id\":\"https:\/\/hubsch-interior.com\/fr\/produit\/collect-meuble-a-chaussures-naturel\/#breadcrumb\"},\"inLanguage\":\"fr-FR\",\"potentialAction\":[{\"@type\":\"ReadAction\",\"target\":[\"https:\/\/hubsch-interior.com\/fr\/produit\/collect-meuble-a-chaussures-naturel\/\"]}]},{\"@type\":\"ImageObject\",\"inLanguage\":\"fr-FR\",\"@id\":\"https:\/\/hubsch-interior.com\/fr\/produit\/collect-meuble-a-chaussures-naturel\/#primaryimage\",\"url\":\"https:\/\/hubsch-interior.com\/wp-content\/uploads\/2026\/02\/collect-shoe-cabinet-natural-f8fc40795453e54e302d04b33d0af537.jpg\",\"contentUrl\":\"https:\/\/hubsch-interior.com\/wp-content\/uploads\/2026\/02\/collect-shoe-cabinet-natural-f8fc40795453e54e302d04b33d0af537.jpg\",\"width\":1024,\"height\":1024},{\"@type\":\"BreadcrumbList\",\"@id\":\"https:\/\/hubsch-interior.com\/fr\/produit\/collect-meuble-a-chaussures-naturel\/#breadcrumb\",\"itemListElement\":[{\"@type\":\"ListItem\",\"position\":1,\"name\":\"Page d'accueil\",\"item\":\"https:\/\/hubsch-interior.com\/fr\/\"},{\"@type\":\"ListItem\",\"position\":2,\"name\":\"Produits\",\"item\":\"https:\/\/hubsch-interior.com\/fr\/shop-2\/\"},{\"@type\":\"ListItem\",\"position\":3,\"name\":\"Meubles\",\"item\":\"https:\/\/hubsch-interior.com\/fr\/categorie-produit\/meubles\/\"},{\"@type\":\"ListItem\",\"position\":4,\"name\":\"Etag&egrave;res et meubles de rangement\",\"item\":\"https:\/\/hubsch-interior.com\/fr\/categorie-produit\/meubles\/etageres-et-meubles-de-rangement-fr\/\"},{\"@type\":\"ListItem\",\"position\":5,\"name\":\"Meuble &agrave; chaussures\",\"item\":\"https:\/\/hubsch-interior.com\/fr\/categorie-produit\/meubles\/etageres-et-meubles-de-rangement-fr\/meuble-a-chaussures-fr\/\"},{\"@type\":\"ListItem\",\"position\":6,\"name\":\"Collect Meuble \u00e0 chaussures Naturel\"}]},{\"@type\":\"WebSite\",\"@id\":\"https:\/\/hubsch-interior.com\/fr\/#website\",\"url\":\"https:\/\/hubsch-interior.com\/fr\/\",\"name\":\"H\u00fcbsch\",\"description\":\"Danish Home Interior and Design\",\"publisher\":{\"@id\":\"https:\/\/hubsch-interior.com\/fr\/#organization\"},\"potentialAction\":[{\"@type\":\"SearchAction\",\"target\":{\"@type\":\"EntryPoint\",\"urlTemplate\":\"https:\/\/hubsch-interior.com\/fr\/?s={search_term_string}\"},\"query-input\":{\"@type\":\"PropertyValueSpecification\",\"valueRequired\":true,\"valueName\":\"search_term_string\"}}],\"inLanguage\":\"fr-FR\"},{\"@type\":\"Organization\",\"@id\":\"https:\/\/hubsch-interior.com\/fr\/#organization\",\"name\":\"H\u00fcbsch\",\"url\":\"https:\/\/hubsch-interior.com\/fr\/\",\"logo\":{\"@type\":\"ImageObject\",\"inLanguage\":\"fr-FR\",\"@id\":\"https:\/\/hubsch-interior.com\/fr\/#\/schema\/logo\/image\/\",\"url\":\"https:\/\/hubsch-interior.com\/wp-content\/uploads\/2022\/12\/Hubsch_logo_black_one_line.svg\",\"contentUrl\":\"https:\/\/hubsch-interior.com\/wp-content\/uploads\/2022\/12\/Hubsch_logo_black_one_line.svg\",\"caption\":\"H\u00fcbsch\"},\"image\":{\"@id\":\"https:\/\/hubsch-interior.com\/fr\/#\/schema\/logo\/image\/\"}}]}<\/script>\n<!-- \/ Yoast SEO plugin. -->","yoast_head_json":{"title":"Collect Meuble \u00e0 chaussures Naturel - H\u00fcbsch","description":"Le Collect Meuble \u00e0 chaussures Naturel est con\u00e7u pour offrir une solution pratique et durable pour le rangement des chaussures. Fabriqu\u00e9 \u00e0 partir de bois","robots":{"index":"index","follow":"follow","max-snippet":"max-snippet:-1","max-image-preview":"max-image-preview:large","max-video-preview":"max-video-preview:-1"},"canonical":"https:\/\/hubsch-interior.com\/fr\/wp-json\/wp\/v2\/product\/39758","og_locale":"fr_FR","og_type":"article","og_title":"Collect Meuble \u00e0 chaussures Naturel - H\u00fcbsch","og_description":"Le Collect Meuble \u00e0 chaussures Naturel est con\u00e7u pour offrir une solution pratique et durable pour le rangement des chaussures. Fabriqu\u00e9 \u00e0 partir de bois","og_url":"https:\/\/hubsch-interior.com\/fr\/produit\/collect-meuble-a-chaussures-naturel\/","og_site_name":"H\u00fcbsch","article_modified_time":"2026-04-05T02:50:43+00:00","og_image":[{"width":1200,"height":1200,"url":"https:\/\/hubsch-interior.com\/wp-content\/uploads\/2023\/08\/collect-shoe-cabinet-natural-8cb1ef3ab88068ecc0c2f5368f39343c.jpg","type":"image\/jpeg"}],"twitter_card":"summary_large_image","twitter_misc":{"Dur\u00e9e de lecture estim\u00e9e":"1 minute"},"schema":{"@context":"https:\/\/schema.org","@graph":[{"@type":"WebPage","@id":"https:\/\/hubsch-interior.com\/fr\/produit\/collect-meuble-a-chaussures-naturel\/","url":"https:\/\/hubsch-interior.com\/fr\/produit\/collect-meuble-a-chaussures-naturel\/","name":"Collect Meuble \u00e0 chaussures Naturel - H\u00fcbsch","isPartOf":{"@id":"https:\/\/hubsch-interior.com\/fr\/#website"},"primaryImageOfPage":{"@id":"https:\/\/hubsch-interior.com\/fr\/produit\/collect-meuble-a-chaussures-naturel\/#primaryimage"},"image":{"@id":"https:\/\/hubsch-interior.com\/fr\/produit\/collect-meuble-a-chaussures-naturel\/#primaryimage"},"thumbnailUrl":"https:\/\/hubsch-interior.com\/wp-content\/uploads\/2026\/02\/collect-shoe-cabinet-natural-f8fc40795453e54e302d04b33d0af537.jpg","datePublished":"2020-12-15T08:50:14+00:00","dateModified":"2026-04-05T02:50:43+00:00","description":"Le Collect Meuble \u00e0 chaussures Naturel est con\u00e7u pour offrir une solution pratique et durable pour le rangement des chaussures. Fabriqu\u00e9 \u00e0 partir de bois","breadcrumb":{"@id":"https:\/\/hubsch-interior.com\/fr\/produit\/collect-meuble-a-chaussures-naturel\/#breadcrumb"},"inLanguage":"fr-FR","potentialAction":[{"@type":"ReadAction","target":["https:\/\/hubsch-interior.com\/fr\/produit\/collect-meuble-a-chaussures-naturel\/"]}]},{"@type":"ImageObject","inLanguage":"fr-FR","@id":"https:\/\/hubsch-interior.com\/fr\/produit\/collect-meuble-a-chaussures-naturel\/#primaryimage","url":"https:\/\/hubsch-interior.com\/wp-content\/uploads\/2026\/02\/collect-shoe-cabinet-natural-f8fc40795453e54e302d04b33d0af537.jpg","contentUrl":"https:\/\/hubsch-interior.com\/wp-content\/uploads\/2026\/02\/collect-shoe-cabinet-natural-f8fc40795453e54e302d04b33d0af537.jpg","width":1024,"height":1024},{"@type":"BreadcrumbList","@id":"https:\/\/hubsch-interior.com\/fr\/produit\/collect-meuble-a-chaussures-naturel\/#breadcrumb","itemListElement":[{"@type":"ListItem","position":1,"name":"Page d'accueil","item":"https:\/\/hubsch-interior.com\/fr\/"},{"@type":"ListItem","position":2,"name":"Produits","item":"https:\/\/hubsch-interior.com\/fr\/shop-2\/"},{"@type":"ListItem","position":3,"name":"Meubles","item":"https:\/\/hubsch-interior.com\/fr\/categorie-produit\/meubles\/"},{"@type":"ListItem","position":4,"name":"Etag&egrave;res et meubles de rangement","item":"https:\/\/hubsch-interior.com\/fr\/categorie-produit\/meubles\/etageres-et-meubles-de-rangement-fr\/"},{"@type":"ListItem","position":5,"name":"Meuble &agrave; chaussures","item":"https:\/\/hubsch-interior.com\/fr\/categorie-produit\/meubles\/etageres-et-meubles-de-rangement-fr\/meuble-a-chaussures-fr\/"},{"@type":"ListItem","position":6,"name":"Collect Meuble \u00e0 chaussures Naturel"}]},{"@type":"WebSite","@id":"https:\/\/hubsch-interior.com\/fr\/#website","url":"https:\/\/hubsch-interior.com\/fr\/","name":"H\u00fcbsch","description":"Danish Home Interior and Design","publisher":{"@id":"https:\/\/hubsch-interior.com\/fr\/#organization"},"potentialAction":[{"@type":"SearchAction","target":{"@type":"EntryPoint","urlTemplate":"https:\/\/hubsch-interior.com\/fr\/?s={search_term_string}"},"query-input":{"@type":"PropertyValueSpecification","valueRequired":true,"valueName":"search_term_string"}}],"inLanguage":"fr-FR"},{"@type":"Organization","@id":"https:\/\/hubsch-interior.com\/fr\/#organization","name":"H\u00fcbsch","url":"https:\/\/hubsch-interior.com\/fr\/","logo":{"@type":"ImageObject","inLanguage":"fr-FR","@id":"https:\/\/hubsch-interior.com\/fr\/#\/schema\/logo\/image\/","url":"https:\/\/hubsch-interior.com\/wp-content\/uploads\/2022\/12\/Hubsch_logo_black_one_line.svg","contentUrl":"https:\/\/hubsch-interior.com\/wp-content\/uploads\/2022\/12\/Hubsch_logo_black_one_line.svg","caption":"H\u00fcbsch"},"image":{"@id":"https:\/\/hubsch-interior.com\/fr\/#\/schema\/logo\/image\/"}}]}},"_links":{"self":[{"href":"https:\/\/hubsch-interior.com\/fr\/wp-json\/wp\/v2\/product\/39758","targetHints":{"allow":["GET"]}}],"collection":[{"href":"https:\/\/hubsch-interior.com\/fr\/wp-json\/wp\/v2\/product"}],"about":[{"href":"https:\/\/hubsch-interior.com\/fr\/wp-json\/wp\/v2\/types\/product"}],"wp:featuredmedia":[{"embeddable":true,"href":"https:\/\/hubsch-interior.com\/fr\/wp-json\/wp\/v2\/media\/1102280"}],"wp:attachment":[{"href":"https:\/\/hubsch-interior.com\/fr\/wp-json\/wp\/v2\/media?parent=39758"}],"wp:term":[{"taxonomy":"product_brand","embeddable":true,"href":"https:\/\/hubsch-interior.com\/fr\/wp-json\/wp\/v2\/product_brand?post=39758"},{"taxonomy":"product_cat","embeddable":true,"href":"https:\/\/hubsch-interior.com\/fr\/wp-json\/wp\/v2\/product_cat?post=39758"},{"taxonomy":"product_tag","embeddable":true,"href":"https:\/\/hubsch-interior.com\/fr\/wp-json\/wp\/v2\/product_tag?post=39758"}],"curies":[{"name":"wp","href":"https:\/\/api.w.org\/{rel}","templated":true}]}}