{"id":39778,"date":"2020-12-15T09:50:18","date_gmt":"2020-12-15T08:50:18","guid":{"rendered":"https:\/\/hubsch-interior.com\/product\/product-19\/"},"modified":"2026-04-09T04:49:00","modified_gmt":"2026-04-09T02:49:00","slug":"spectacle-vitrine-naturel","status":"publish","type":"product","link":"https:\/\/hubsch-interior.com\/fr\/produit\/spectacle-vitrine-naturel\/","title":{"rendered":"Spectacle Vitrine Naturel"},"content":{"rendered":"<p>Le Spectacle Vitrine Naturel est un produit artisanal \u00e9l\u00e9gant et intemporel. Fabriqu\u00e9 \u00e0 partir de verre et de bois de ch\u00eane certifi\u00e9 FSC, ce produit est durable et robuste. Sa structure en bois est con\u00e7ue pour r\u00e9sister \u00e0 l&#8217;usure du temps, tandis que le verre renforc\u00e9 offre une protection suppl\u00e9mentaire. Le design simple et intemporel de ce produit en fait un ajout charmant \u00e0 n&#8217;importe quelle pi\u00e8ce de votre maison. La finition de qualit\u00e9 et les mat\u00e9riaux robustes font de ce produit un choix id\u00e9al pour ceux qui recherchent une solution durable et \u00e9l\u00e9gante.<\/p>\n","protected":false},"excerpt":{"rendered":"<p>Le Spectacle Vitrine Naturel est un produit artisanal \u00e9l\u00e9gant et intemporel. Fabriqu\u00e9 \u00e0 partir de verre et de bois de ch\u00eane certifi\u00e9 FSC, ce produit est durable et robuste. Sa structure en bois est con\u00e7ue pour r\u00e9sister \u00e0 l&#8217;usure du temps, tandis que le verre renforc\u00e9 offre une protection suppl\u00e9mentaire. Le design simple et intemporel [&hellip;]<\/p>\n","protected":false},"featured_media":1102303,"template":"","meta":{"_acf_changed":false,"inline_featured_image":false},"product_brand":[],"product_cat":[6322,3110,3645,5026],"product_tag":[],"class_list":{"0":"post-39778","1":"product","2":"type-product","3":"status-publish","4":"has-post-thumbnail","6":"product_cat-fsc-fr","7":"product_cat-espace-de-rangement-fr","8":"product_cat-boites-a-rangement-fr","9":"product_cat-bestsellers-fr","10":"product_shipping_class-pk","12":"pa_color-naturel-2","13":"pa_material-verre-fr","14":"pa_material-bois-de-chne-2","16":"first","17":"instock","18":"featured","19":"taxable","20":"shipping-taxable","21":"purchasable","22":"product-type-simple"},"exclude_global_add_ons":[],"addons":[],"acf":[],"yoast_head":"<!-- This site is optimized with the Yoast SEO plugin v26.4 - https:\/\/yoast.com\/wordpress\/plugins\/seo\/ -->\n<title>Spectacle Vitrine Naturel - H\u00fcbsch<\/title>\n<meta name=\"description\" content=\"Le Spectacle Vitrine Naturel est un produit artisanal \u00e9l\u00e9gant et intemporel. Fabriqu\u00e9 \u00e0 partir de verre et de bois de ch\u00eane certifi\u00e9 FSC, ce produit est\" \/>\n<meta name=\"robots\" content=\"index, follow, max-snippet:-1, max-image-preview:large, max-video-preview:-1\" \/>\n<link rel=\"canonical\" href=\"https:\/\/hubsch-interior.com\/fr\/wp-json\/wp\/v2\/product\/39778\" \/>\n<meta property=\"og:locale\" content=\"fr_FR\" \/>\n<meta property=\"og:type\" content=\"article\" \/>\n<meta property=\"og:title\" content=\"Spectacle Vitrine Naturel - H\u00fcbsch\" \/>\n<meta property=\"og:description\" content=\"Le Spectacle Vitrine Naturel est un produit artisanal \u00e9l\u00e9gant et intemporel. Fabriqu\u00e9 \u00e0 partir de verre et de bois de ch\u00eane certifi\u00e9 FSC, ce produit est\" \/>\n<meta property=\"og:url\" content=\"https:\/\/hubsch-interior.com\/fr\/produit\/spectacle-vitrine-naturel\/\" \/>\n<meta property=\"og:site_name\" content=\"H\u00fcbsch\" \/>\n<meta property=\"article:modified_time\" content=\"2026-04-09T02:49:00+00:00\" \/>\n<meta property=\"og:image\" content=\"https:\/\/hubsch-interior.com\/wp-content\/uploads\/2023\/08\/spectacle-display-unit-natural-eaf12b41f2291ffa762f9a39be119d18.jpg\" \/>\n\t<meta property=\"og:image:width\" content=\"1200\" \/>\n\t<meta property=\"og:image:height\" content=\"1200\" \/>\n\t<meta property=\"og:image:type\" content=\"image\/jpeg\" \/>\n<meta name=\"twitter:card\" content=\"summary_large_image\" \/>\n<meta name=\"twitter:label1\" content=\"Dur\u00e9e de lecture estim\u00e9e\" \/>\n\t<meta name=\"twitter:data1\" content=\"1 minute\" \/>\n<script type=\"application\/ld+json\" class=\"yoast-schema-graph\">{\"@context\":\"https:\/\/schema.org\",\"@graph\":[{\"@type\":\"WebPage\",\"@id\":\"https:\/\/hubsch-interior.com\/fr\/produit\/spectacle-vitrine-naturel\/\",\"url\":\"https:\/\/hubsch-interior.com\/fr\/produit\/spectacle-vitrine-naturel\/\",\"name\":\"Spectacle Vitrine Naturel - H\u00fcbsch\",\"isPartOf\":{\"@id\":\"https:\/\/hubsch-interior.com\/fr\/#website\"},\"primaryImageOfPage\":{\"@id\":\"https:\/\/hubsch-interior.com\/fr\/produit\/spectacle-vitrine-naturel\/#primaryimage\"},\"image\":{\"@id\":\"https:\/\/hubsch-interior.com\/fr\/produit\/spectacle-vitrine-naturel\/#primaryimage\"},\"thumbnailUrl\":\"https:\/\/hubsch-interior.com\/wp-content\/uploads\/2026\/02\/spectacle-display-unit-natural-4749c356be025c75e3fc8aa317184197.jpg\",\"datePublished\":\"2020-12-15T08:50:18+00:00\",\"dateModified\":\"2026-04-09T02:49:00+00:00\",\"description\":\"Le Spectacle Vitrine Naturel est un produit artisanal \u00e9l\u00e9gant et intemporel. Fabriqu\u00e9 \u00e0 partir de verre et de bois de ch\u00eane certifi\u00e9 FSC, ce produit est\",\"breadcrumb\":{\"@id\":\"https:\/\/hubsch-interior.com\/fr\/produit\/spectacle-vitrine-naturel\/#breadcrumb\"},\"inLanguage\":\"fr-FR\",\"potentialAction\":[{\"@type\":\"ReadAction\",\"target\":[\"https:\/\/hubsch-interior.com\/fr\/produit\/spectacle-vitrine-naturel\/\"]}]},{\"@type\":\"ImageObject\",\"inLanguage\":\"fr-FR\",\"@id\":\"https:\/\/hubsch-interior.com\/fr\/produit\/spectacle-vitrine-naturel\/#primaryimage\",\"url\":\"https:\/\/hubsch-interior.com\/wp-content\/uploads\/2026\/02\/spectacle-display-unit-natural-4749c356be025c75e3fc8aa317184197.jpg\",\"contentUrl\":\"https:\/\/hubsch-interior.com\/wp-content\/uploads\/2026\/02\/spectacle-display-unit-natural-4749c356be025c75e3fc8aa317184197.jpg\",\"width\":1024,\"height\":1024},{\"@type\":\"BreadcrumbList\",\"@id\":\"https:\/\/hubsch-interior.com\/fr\/produit\/spectacle-vitrine-naturel\/#breadcrumb\",\"itemListElement\":[{\"@type\":\"ListItem\",\"position\":1,\"name\":\"Page d'accueil\",\"item\":\"https:\/\/hubsch-interior.com\/fr\/\"},{\"@type\":\"ListItem\",\"position\":2,\"name\":\"Produits\",\"item\":\"https:\/\/hubsch-interior.com\/fr\/shop-2\/\"},{\"@type\":\"ListItem\",\"position\":3,\"name\":\"Accessoires maison\",\"item\":\"https:\/\/hubsch-interior.com\/fr\/categorie-produit\/accessoires-maison\/\"},{\"@type\":\"ListItem\",\"position\":4,\"name\":\"Espace de rangement\",\"item\":\"https:\/\/hubsch-interior.com\/fr\/categorie-produit\/accessoires-maison\/espace-de-rangement-fr\/\"},{\"@type\":\"ListItem\",\"position\":5,\"name\":\"Boites &agrave; rangement\",\"item\":\"https:\/\/hubsch-interior.com\/fr\/categorie-produit\/accessoires-maison\/espace-de-rangement-fr\/boites-a-rangement-fr\/\"},{\"@type\":\"ListItem\",\"position\":6,\"name\":\"Spectacle Vitrine Naturel\"}]},{\"@type\":\"WebSite\",\"@id\":\"https:\/\/hubsch-interior.com\/fr\/#website\",\"url\":\"https:\/\/hubsch-interior.com\/fr\/\",\"name\":\"H\u00fcbsch\",\"description\":\"Danish Home Interior and Design\",\"publisher\":{\"@id\":\"https:\/\/hubsch-interior.com\/fr\/#organization\"},\"potentialAction\":[{\"@type\":\"SearchAction\",\"target\":{\"@type\":\"EntryPoint\",\"urlTemplate\":\"https:\/\/hubsch-interior.com\/fr\/?s={search_term_string}\"},\"query-input\":{\"@type\":\"PropertyValueSpecification\",\"valueRequired\":true,\"valueName\":\"search_term_string\"}}],\"inLanguage\":\"fr-FR\"},{\"@type\":\"Organization\",\"@id\":\"https:\/\/hubsch-interior.com\/fr\/#organization\",\"name\":\"H\u00fcbsch\",\"url\":\"https:\/\/hubsch-interior.com\/fr\/\",\"logo\":{\"@type\":\"ImageObject\",\"inLanguage\":\"fr-FR\",\"@id\":\"https:\/\/hubsch-interior.com\/fr\/#\/schema\/logo\/image\/\",\"url\":\"https:\/\/hubsch-interior.com\/wp-content\/uploads\/2022\/12\/Hubsch_logo_black_one_line.svg\",\"contentUrl\":\"https:\/\/hubsch-interior.com\/wp-content\/uploads\/2022\/12\/Hubsch_logo_black_one_line.svg\",\"caption\":\"H\u00fcbsch\"},\"image\":{\"@id\":\"https:\/\/hubsch-interior.com\/fr\/#\/schema\/logo\/image\/\"}}]}<\/script>\n<!-- \/ Yoast SEO plugin. -->","yoast_head_json":{"title":"Spectacle Vitrine Naturel - H\u00fcbsch","description":"Le Spectacle Vitrine Naturel est un produit artisanal \u00e9l\u00e9gant et intemporel. Fabriqu\u00e9 \u00e0 partir de verre et de bois de ch\u00eane certifi\u00e9 FSC, ce produit est","robots":{"index":"index","follow":"follow","max-snippet":"max-snippet:-1","max-image-preview":"max-image-preview:large","max-video-preview":"max-video-preview:-1"},"canonical":"https:\/\/hubsch-interior.com\/fr\/wp-json\/wp\/v2\/product\/39778","og_locale":"fr_FR","og_type":"article","og_title":"Spectacle Vitrine Naturel - H\u00fcbsch","og_description":"Le Spectacle Vitrine Naturel est un produit artisanal \u00e9l\u00e9gant et intemporel. Fabriqu\u00e9 \u00e0 partir de verre et de bois de ch\u00eane certifi\u00e9 FSC, ce produit est","og_url":"https:\/\/hubsch-interior.com\/fr\/produit\/spectacle-vitrine-naturel\/","og_site_name":"H\u00fcbsch","article_modified_time":"2026-04-09T02:49:00+00:00","og_image":[{"width":1200,"height":1200,"url":"https:\/\/hubsch-interior.com\/wp-content\/uploads\/2023\/08\/spectacle-display-unit-natural-eaf12b41f2291ffa762f9a39be119d18.jpg","type":"image\/jpeg"}],"twitter_card":"summary_large_image","twitter_misc":{"Dur\u00e9e de lecture estim\u00e9e":"1 minute"},"schema":{"@context":"https:\/\/schema.org","@graph":[{"@type":"WebPage","@id":"https:\/\/hubsch-interior.com\/fr\/produit\/spectacle-vitrine-naturel\/","url":"https:\/\/hubsch-interior.com\/fr\/produit\/spectacle-vitrine-naturel\/","name":"Spectacle Vitrine Naturel - H\u00fcbsch","isPartOf":{"@id":"https:\/\/hubsch-interior.com\/fr\/#website"},"primaryImageOfPage":{"@id":"https:\/\/hubsch-interior.com\/fr\/produit\/spectacle-vitrine-naturel\/#primaryimage"},"image":{"@id":"https:\/\/hubsch-interior.com\/fr\/produit\/spectacle-vitrine-naturel\/#primaryimage"},"thumbnailUrl":"https:\/\/hubsch-interior.com\/wp-content\/uploads\/2026\/02\/spectacle-display-unit-natural-4749c356be025c75e3fc8aa317184197.jpg","datePublished":"2020-12-15T08:50:18+00:00","dateModified":"2026-04-09T02:49:00+00:00","description":"Le Spectacle Vitrine Naturel est un produit artisanal \u00e9l\u00e9gant et intemporel. Fabriqu\u00e9 \u00e0 partir de verre et de bois de ch\u00eane certifi\u00e9 FSC, ce produit est","breadcrumb":{"@id":"https:\/\/hubsch-interior.com\/fr\/produit\/spectacle-vitrine-naturel\/#breadcrumb"},"inLanguage":"fr-FR","potentialAction":[{"@type":"ReadAction","target":["https:\/\/hubsch-interior.com\/fr\/produit\/spectacle-vitrine-naturel\/"]}]},{"@type":"ImageObject","inLanguage":"fr-FR","@id":"https:\/\/hubsch-interior.com\/fr\/produit\/spectacle-vitrine-naturel\/#primaryimage","url":"https:\/\/hubsch-interior.com\/wp-content\/uploads\/2026\/02\/spectacle-display-unit-natural-4749c356be025c75e3fc8aa317184197.jpg","contentUrl":"https:\/\/hubsch-interior.com\/wp-content\/uploads\/2026\/02\/spectacle-display-unit-natural-4749c356be025c75e3fc8aa317184197.jpg","width":1024,"height":1024},{"@type":"BreadcrumbList","@id":"https:\/\/hubsch-interior.com\/fr\/produit\/spectacle-vitrine-naturel\/#breadcrumb","itemListElement":[{"@type":"ListItem","position":1,"name":"Page d'accueil","item":"https:\/\/hubsch-interior.com\/fr\/"},{"@type":"ListItem","position":2,"name":"Produits","item":"https:\/\/hubsch-interior.com\/fr\/shop-2\/"},{"@type":"ListItem","position":3,"name":"Accessoires maison","item":"https:\/\/hubsch-interior.com\/fr\/categorie-produit\/accessoires-maison\/"},{"@type":"ListItem","position":4,"name":"Espace de rangement","item":"https:\/\/hubsch-interior.com\/fr\/categorie-produit\/accessoires-maison\/espace-de-rangement-fr\/"},{"@type":"ListItem","position":5,"name":"Boites &agrave; rangement","item":"https:\/\/hubsch-interior.com\/fr\/categorie-produit\/accessoires-maison\/espace-de-rangement-fr\/boites-a-rangement-fr\/"},{"@type":"ListItem","position":6,"name":"Spectacle Vitrine Naturel"}]},{"@type":"WebSite","@id":"https:\/\/hubsch-interior.com\/fr\/#website","url":"https:\/\/hubsch-interior.com\/fr\/","name":"H\u00fcbsch","description":"Danish Home Interior and Design","publisher":{"@id":"https:\/\/hubsch-interior.com\/fr\/#organization"},"potentialAction":[{"@type":"SearchAction","target":{"@type":"EntryPoint","urlTemplate":"https:\/\/hubsch-interior.com\/fr\/?s={search_term_string}"},"query-input":{"@type":"PropertyValueSpecification","valueRequired":true,"valueName":"search_term_string"}}],"inLanguage":"fr-FR"},{"@type":"Organization","@id":"https:\/\/hubsch-interior.com\/fr\/#organization","name":"H\u00fcbsch","url":"https:\/\/hubsch-interior.com\/fr\/","logo":{"@type":"ImageObject","inLanguage":"fr-FR","@id":"https:\/\/hubsch-interior.com\/fr\/#\/schema\/logo\/image\/","url":"https:\/\/hubsch-interior.com\/wp-content\/uploads\/2022\/12\/Hubsch_logo_black_one_line.svg","contentUrl":"https:\/\/hubsch-interior.com\/wp-content\/uploads\/2022\/12\/Hubsch_logo_black_one_line.svg","caption":"H\u00fcbsch"},"image":{"@id":"https:\/\/hubsch-interior.com\/fr\/#\/schema\/logo\/image\/"}}]}},"_links":{"self":[{"href":"https:\/\/hubsch-interior.com\/fr\/wp-json\/wp\/v2\/product\/39778","targetHints":{"allow":["GET"]}}],"collection":[{"href":"https:\/\/hubsch-interior.com\/fr\/wp-json\/wp\/v2\/product"}],"about":[{"href":"https:\/\/hubsch-interior.com\/fr\/wp-json\/wp\/v2\/types\/product"}],"wp:featuredmedia":[{"embeddable":true,"href":"https:\/\/hubsch-interior.com\/fr\/wp-json\/wp\/v2\/media\/1102303"}],"wp:attachment":[{"href":"https:\/\/hubsch-interior.com\/fr\/wp-json\/wp\/v2\/media?parent=39778"}],"wp:term":[{"taxonomy":"product_brand","embeddable":true,"href":"https:\/\/hubsch-interior.com\/fr\/wp-json\/wp\/v2\/product_brand?post=39778"},{"taxonomy":"product_cat","embeddable":true,"href":"https:\/\/hubsch-interior.com\/fr\/wp-json\/wp\/v2\/product_cat?post=39778"},{"taxonomy":"product_tag","embeddable":true,"href":"https:\/\/hubsch-interior.com\/fr\/wp-json\/wp\/v2\/product_tag?post=39778"}],"curies":[{"name":"wp","href":"https:\/\/api.w.org\/{rel}","templated":true}]}}