{"id":39834,"date":"2020-12-15T09:50:30","date_gmt":"2020-12-15T08:50:30","guid":{"rendered":"https:\/\/hubsch-interior.com\/product\/product-21\/"},"modified":"2026-04-05T04:50:54","modified_gmt":"2026-04-05T02:50:54","slug":"herringbone-armoire-large-naturel","status":"publish","type":"product","link":"https:\/\/hubsch-interior.com\/fr\/produit\/herringbone-armoire-large-naturel\/","title":{"rendered":"Herringbone Armoire Large Naturel"},"content":{"rendered":"<p>L&#8217;armoire Herringbone Large Naturel est un design classique et durable fabriqu\u00e9 en bois de ch\u00eane et placage de ch\u00eane. Cette armoire est certifi\u00e9e FSC, ce qui signifie qu&#8217;elle est produite \u00e0 partir de mati\u00e8res premi\u00e8res responsables et durables. La grande taille de l&#8217;armoire offre un grand espace de rangement pour organiser et ranger vos articles de mani\u00e8re pratique. La finition naturelle et le mat\u00e9riau en bois de ch\u00eane lui donne une allure \u00e9l\u00e9gante et intemporelle.<\/p>\n","protected":false},"excerpt":{"rendered":"<p>L&#8217;armoire Herringbone Large Naturel est un design classique et durable fabriqu\u00e9 en bois de ch\u00eane et placage de ch\u00eane. Cette armoire est certifi\u00e9e FSC, ce qui signifie qu&#8217;elle est produite \u00e0 partir de mati\u00e8res premi\u00e8res responsables et durables. La grande taille de l&#8217;armoire offre un grand espace de rangement pour organiser et ranger vos articles [&hellip;]<\/p>\n","protected":false},"featured_media":1102343,"template":"","meta":{"_acf_changed":false,"inline_featured_image":false},"product_brand":[],"product_cat":[4033,6482,5026],"product_tag":[],"class_list":{"0":"post-39834","1":"product","2":"type-product","3":"status-publish","4":"has-post-thumbnail","6":"product_cat-garde-robe-portants-fr","7":"product_cat-garde-robe-fr","8":"product_cat-bestsellers-fr","9":"product_shipping_class-p10","11":"pa_color-naturel-2","12":"pa_material-mdf-fr","13":"pa_material-bois-de-chne-2","14":"pa_material-placage-de-chne-2","16":"first","17":"outofstock","18":"featured","19":"taxable","20":"shipping-taxable","21":"purchasable","22":"product-type-simple"},"exclude_global_add_ons":[],"addons":[],"acf":[],"yoast_head":"<!-- This site is optimized with the Yoast SEO plugin v26.4 - https:\/\/yoast.com\/wordpress\/plugins\/seo\/ -->\n<title>Herringbone Armoire Large Naturel - H\u00fcbsch<\/title>\n<meta name=\"description\" content=\"L&#039;armoire Herringbone Large Naturel est un design classique et durable fabriqu\u00e9 en bois de ch\u00eane et placage de ch\u00eane. Cette armoire est certifi\u00e9e FSC, ce\" \/>\n<meta name=\"robots\" content=\"index, follow, max-snippet:-1, max-image-preview:large, max-video-preview:-1\" \/>\n<link rel=\"canonical\" href=\"https:\/\/hubsch-interior.com\/fr\/wp-json\/wp\/v2\/product\/39834\" \/>\n<meta property=\"og:locale\" content=\"fr_FR\" \/>\n<meta property=\"og:type\" content=\"article\" \/>\n<meta property=\"og:title\" content=\"Herringbone Armoire Large Naturel - H\u00fcbsch\" \/>\n<meta property=\"og:description\" content=\"L&#039;armoire Herringbone Large Naturel est un design classique et durable fabriqu\u00e9 en bois de ch\u00eane et placage de ch\u00eane. Cette armoire est certifi\u00e9e FSC, ce\" \/>\n<meta property=\"og:url\" content=\"https:\/\/hubsch-interior.com\/fr\/produit\/herringbone-armoire-large-naturel\/\" \/>\n<meta property=\"og:site_name\" content=\"H\u00fcbsch\" \/>\n<meta property=\"article:modified_time\" content=\"2026-04-05T02:50:54+00:00\" \/>\n<meta property=\"og:image\" content=\"https:\/\/hubsch-interior.com\/wp-content\/uploads\/2023\/08\/herringbone-wardrobe-large-natural-4168f094e633e07fcda8d8f02422ea42.jpg\" \/>\n\t<meta property=\"og:image:width\" content=\"1200\" \/>\n\t<meta property=\"og:image:height\" content=\"1200\" \/>\n\t<meta property=\"og:image:type\" content=\"image\/jpeg\" \/>\n<meta name=\"twitter:card\" content=\"summary_large_image\" \/>\n<script type=\"application\/ld+json\" class=\"yoast-schema-graph\">{\"@context\":\"https:\/\/schema.org\",\"@graph\":[{\"@type\":\"WebPage\",\"@id\":\"https:\/\/hubsch-interior.com\/fr\/produit\/herringbone-armoire-large-naturel\/\",\"url\":\"https:\/\/hubsch-interior.com\/fr\/produit\/herringbone-armoire-large-naturel\/\",\"name\":\"Herringbone Armoire Large Naturel - H\u00fcbsch\",\"isPartOf\":{\"@id\":\"https:\/\/hubsch-interior.com\/fr\/#website\"},\"primaryImageOfPage\":{\"@id\":\"https:\/\/hubsch-interior.com\/fr\/produit\/herringbone-armoire-large-naturel\/#primaryimage\"},\"image\":{\"@id\":\"https:\/\/hubsch-interior.com\/fr\/produit\/herringbone-armoire-large-naturel\/#primaryimage\"},\"thumbnailUrl\":\"https:\/\/hubsch-interior.com\/wp-content\/uploads\/2026\/02\/herringbone-wardrobe-large-natural-66c991a781948180b0fd98fdd8319fcf.jpg\",\"datePublished\":\"2020-12-15T08:50:30+00:00\",\"dateModified\":\"2026-04-05T02:50:54+00:00\",\"description\":\"L'armoire Herringbone Large Naturel est un design classique et durable fabriqu\u00e9 en bois de ch\u00eane et placage de ch\u00eane. Cette armoire est certifi\u00e9e FSC, ce\",\"breadcrumb\":{\"@id\":\"https:\/\/hubsch-interior.com\/fr\/produit\/herringbone-armoire-large-naturel\/#breadcrumb\"},\"inLanguage\":\"fr-FR\",\"potentialAction\":[{\"@type\":\"ReadAction\",\"target\":[\"https:\/\/hubsch-interior.com\/fr\/produit\/herringbone-armoire-large-naturel\/\"]}]},{\"@type\":\"ImageObject\",\"inLanguage\":\"fr-FR\",\"@id\":\"https:\/\/hubsch-interior.com\/fr\/produit\/herringbone-armoire-large-naturel\/#primaryimage\",\"url\":\"https:\/\/hubsch-interior.com\/wp-content\/uploads\/2026\/02\/herringbone-wardrobe-large-natural-66c991a781948180b0fd98fdd8319fcf.jpg\",\"contentUrl\":\"https:\/\/hubsch-interior.com\/wp-content\/uploads\/2026\/02\/herringbone-wardrobe-large-natural-66c991a781948180b0fd98fdd8319fcf.jpg\",\"width\":1024,\"height\":1024},{\"@type\":\"BreadcrumbList\",\"@id\":\"https:\/\/hubsch-interior.com\/fr\/produit\/herringbone-armoire-large-naturel\/#breadcrumb\",\"itemListElement\":[{\"@type\":\"ListItem\",\"position\":1,\"name\":\"Page d'accueil\",\"item\":\"https:\/\/hubsch-interior.com\/fr\/\"},{\"@type\":\"ListItem\",\"position\":2,\"name\":\"Produits\",\"item\":\"https:\/\/hubsch-interior.com\/fr\/shop-2\/\"},{\"@type\":\"ListItem\",\"position\":3,\"name\":\"Meubles\",\"item\":\"https:\/\/hubsch-interior.com\/fr\/categorie-produit\/meubles\/\"},{\"@type\":\"ListItem\",\"position\":4,\"name\":\"Garde-robe &amp; portants\",\"item\":\"https:\/\/hubsch-interior.com\/fr\/categorie-produit\/meubles\/garde-robe-portants-fr\/\"},{\"@type\":\"ListItem\",\"position\":5,\"name\":\"Garde-robe\",\"item\":\"https:\/\/hubsch-interior.com\/fr\/categorie-produit\/meubles\/garde-robe-portants-fr\/garde-robe-fr\/\"},{\"@type\":\"ListItem\",\"position\":6,\"name\":\"Herringbone Armoire Large Naturel\"}]},{\"@type\":\"WebSite\",\"@id\":\"https:\/\/hubsch-interior.com\/fr\/#website\",\"url\":\"https:\/\/hubsch-interior.com\/fr\/\",\"name\":\"H\u00fcbsch\",\"description\":\"Danish Home Interior and Design\",\"publisher\":{\"@id\":\"https:\/\/hubsch-interior.com\/fr\/#organization\"},\"potentialAction\":[{\"@type\":\"SearchAction\",\"target\":{\"@type\":\"EntryPoint\",\"urlTemplate\":\"https:\/\/hubsch-interior.com\/fr\/?s={search_term_string}\"},\"query-input\":{\"@type\":\"PropertyValueSpecification\",\"valueRequired\":true,\"valueName\":\"search_term_string\"}}],\"inLanguage\":\"fr-FR\"},{\"@type\":\"Organization\",\"@id\":\"https:\/\/hubsch-interior.com\/fr\/#organization\",\"name\":\"H\u00fcbsch\",\"url\":\"https:\/\/hubsch-interior.com\/fr\/\",\"logo\":{\"@type\":\"ImageObject\",\"inLanguage\":\"fr-FR\",\"@id\":\"https:\/\/hubsch-interior.com\/fr\/#\/schema\/logo\/image\/\",\"url\":\"https:\/\/hubsch-interior.com\/wp-content\/uploads\/2022\/12\/Hubsch_logo_black_one_line.svg\",\"contentUrl\":\"https:\/\/hubsch-interior.com\/wp-content\/uploads\/2022\/12\/Hubsch_logo_black_one_line.svg\",\"caption\":\"H\u00fcbsch\"},\"image\":{\"@id\":\"https:\/\/hubsch-interior.com\/fr\/#\/schema\/logo\/image\/\"}}]}<\/script>\n<!-- \/ Yoast SEO plugin. -->","yoast_head_json":{"title":"Herringbone Armoire Large Naturel - H\u00fcbsch","description":"L'armoire Herringbone Large Naturel est un design classique et durable fabriqu\u00e9 en bois de ch\u00eane et placage de ch\u00eane. Cette armoire est certifi\u00e9e FSC, ce","robots":{"index":"index","follow":"follow","max-snippet":"max-snippet:-1","max-image-preview":"max-image-preview:large","max-video-preview":"max-video-preview:-1"},"canonical":"https:\/\/hubsch-interior.com\/fr\/wp-json\/wp\/v2\/product\/39834","og_locale":"fr_FR","og_type":"article","og_title":"Herringbone Armoire Large Naturel - H\u00fcbsch","og_description":"L'armoire Herringbone Large Naturel est un design classique et durable fabriqu\u00e9 en bois de ch\u00eane et placage de ch\u00eane. Cette armoire est certifi\u00e9e FSC, ce","og_url":"https:\/\/hubsch-interior.com\/fr\/produit\/herringbone-armoire-large-naturel\/","og_site_name":"H\u00fcbsch","article_modified_time":"2026-04-05T02:50:54+00:00","og_image":[{"width":1200,"height":1200,"url":"https:\/\/hubsch-interior.com\/wp-content\/uploads\/2023\/08\/herringbone-wardrobe-large-natural-4168f094e633e07fcda8d8f02422ea42.jpg","type":"image\/jpeg"}],"twitter_card":"summary_large_image","schema":{"@context":"https:\/\/schema.org","@graph":[{"@type":"WebPage","@id":"https:\/\/hubsch-interior.com\/fr\/produit\/herringbone-armoire-large-naturel\/","url":"https:\/\/hubsch-interior.com\/fr\/produit\/herringbone-armoire-large-naturel\/","name":"Herringbone Armoire Large Naturel - H\u00fcbsch","isPartOf":{"@id":"https:\/\/hubsch-interior.com\/fr\/#website"},"primaryImageOfPage":{"@id":"https:\/\/hubsch-interior.com\/fr\/produit\/herringbone-armoire-large-naturel\/#primaryimage"},"image":{"@id":"https:\/\/hubsch-interior.com\/fr\/produit\/herringbone-armoire-large-naturel\/#primaryimage"},"thumbnailUrl":"https:\/\/hubsch-interior.com\/wp-content\/uploads\/2026\/02\/herringbone-wardrobe-large-natural-66c991a781948180b0fd98fdd8319fcf.jpg","datePublished":"2020-12-15T08:50:30+00:00","dateModified":"2026-04-05T02:50:54+00:00","description":"L'armoire Herringbone Large Naturel est un design classique et durable fabriqu\u00e9 en bois de ch\u00eane et placage de ch\u00eane. Cette armoire est certifi\u00e9e FSC, ce","breadcrumb":{"@id":"https:\/\/hubsch-interior.com\/fr\/produit\/herringbone-armoire-large-naturel\/#breadcrumb"},"inLanguage":"fr-FR","potentialAction":[{"@type":"ReadAction","target":["https:\/\/hubsch-interior.com\/fr\/produit\/herringbone-armoire-large-naturel\/"]}]},{"@type":"ImageObject","inLanguage":"fr-FR","@id":"https:\/\/hubsch-interior.com\/fr\/produit\/herringbone-armoire-large-naturel\/#primaryimage","url":"https:\/\/hubsch-interior.com\/wp-content\/uploads\/2026\/02\/herringbone-wardrobe-large-natural-66c991a781948180b0fd98fdd8319fcf.jpg","contentUrl":"https:\/\/hubsch-interior.com\/wp-content\/uploads\/2026\/02\/herringbone-wardrobe-large-natural-66c991a781948180b0fd98fdd8319fcf.jpg","width":1024,"height":1024},{"@type":"BreadcrumbList","@id":"https:\/\/hubsch-interior.com\/fr\/produit\/herringbone-armoire-large-naturel\/#breadcrumb","itemListElement":[{"@type":"ListItem","position":1,"name":"Page d'accueil","item":"https:\/\/hubsch-interior.com\/fr\/"},{"@type":"ListItem","position":2,"name":"Produits","item":"https:\/\/hubsch-interior.com\/fr\/shop-2\/"},{"@type":"ListItem","position":3,"name":"Meubles","item":"https:\/\/hubsch-interior.com\/fr\/categorie-produit\/meubles\/"},{"@type":"ListItem","position":4,"name":"Garde-robe &amp; portants","item":"https:\/\/hubsch-interior.com\/fr\/categorie-produit\/meubles\/garde-robe-portants-fr\/"},{"@type":"ListItem","position":5,"name":"Garde-robe","item":"https:\/\/hubsch-interior.com\/fr\/categorie-produit\/meubles\/garde-robe-portants-fr\/garde-robe-fr\/"},{"@type":"ListItem","position":6,"name":"Herringbone Armoire Large Naturel"}]},{"@type":"WebSite","@id":"https:\/\/hubsch-interior.com\/fr\/#website","url":"https:\/\/hubsch-interior.com\/fr\/","name":"H\u00fcbsch","description":"Danish Home Interior and Design","publisher":{"@id":"https:\/\/hubsch-interior.com\/fr\/#organization"},"potentialAction":[{"@type":"SearchAction","target":{"@type":"EntryPoint","urlTemplate":"https:\/\/hubsch-interior.com\/fr\/?s={search_term_string}"},"query-input":{"@type":"PropertyValueSpecification","valueRequired":true,"valueName":"search_term_string"}}],"inLanguage":"fr-FR"},{"@type":"Organization","@id":"https:\/\/hubsch-interior.com\/fr\/#organization","name":"H\u00fcbsch","url":"https:\/\/hubsch-interior.com\/fr\/","logo":{"@type":"ImageObject","inLanguage":"fr-FR","@id":"https:\/\/hubsch-interior.com\/fr\/#\/schema\/logo\/image\/","url":"https:\/\/hubsch-interior.com\/wp-content\/uploads\/2022\/12\/Hubsch_logo_black_one_line.svg","contentUrl":"https:\/\/hubsch-interior.com\/wp-content\/uploads\/2022\/12\/Hubsch_logo_black_one_line.svg","caption":"H\u00fcbsch"},"image":{"@id":"https:\/\/hubsch-interior.com\/fr\/#\/schema\/logo\/image\/"}}]}},"_links":{"self":[{"href":"https:\/\/hubsch-interior.com\/fr\/wp-json\/wp\/v2\/product\/39834","targetHints":{"allow":["GET"]}}],"collection":[{"href":"https:\/\/hubsch-interior.com\/fr\/wp-json\/wp\/v2\/product"}],"about":[{"href":"https:\/\/hubsch-interior.com\/fr\/wp-json\/wp\/v2\/types\/product"}],"wp:featuredmedia":[{"embeddable":true,"href":"https:\/\/hubsch-interior.com\/fr\/wp-json\/wp\/v2\/media\/1102343"}],"wp:attachment":[{"href":"https:\/\/hubsch-interior.com\/fr\/wp-json\/wp\/v2\/media?parent=39834"}],"wp:term":[{"taxonomy":"product_brand","embeddable":true,"href":"https:\/\/hubsch-interior.com\/fr\/wp-json\/wp\/v2\/product_brand?post=39834"},{"taxonomy":"product_cat","embeddable":true,"href":"https:\/\/hubsch-interior.com\/fr\/wp-json\/wp\/v2\/product_cat?post=39834"},{"taxonomy":"product_tag","embeddable":true,"href":"https:\/\/hubsch-interior.com\/fr\/wp-json\/wp\/v2\/product_tag?post=39834"}],"curies":[{"name":"wp","href":"https:\/\/api.w.org\/{rel}","templated":true}]}}