{"id":398384,"date":"2021-06-13T22:34:59","date_gmt":"2021-06-13T20:34:59","guid":{"rendered":"https:\/\/hubsch-interior.com\/shop-b2c\/product\/product\/"},"modified":"2026-04-09T04:22:28","modified_gmt":"2026-04-09T02:22:28","slug":"aki-linge-de-lit-80-220-bleu-jaune","status":"publish","type":"product","link":"https:\/\/hubsch-interior.com\/fr\/produit\/aki-linge-de-lit-80-220-bleu-jaune\/","title":{"rendered":"Aki Linge de lit 80\/220 Bleu\/Jaune"},"content":{"rendered":"<p>Cette superbe parure de lit r\u00e9versible vous fera dormir comme un b\u00e9b\u00e9. La parure est de couleur bleu, jaune et marron, ce qui vous permet de cr\u00e9er deux looks diff\u00e9rents dans votre chambre. Fabriqu\u00e9e en percale de coton OEKO-TEX\u00ae STANDARD 100\u00ae, cette parure de lit est si douce et confortable que vous aurez du mal \u00e0 sortir du lit, \u00e0 moins qu\u2019un d\u00e9licieux caf\u00e9 ne vous attende \u00e0 table. Cette parure de lit zipp\u00e9e comprend une housse de couette et une taie d&#8217;oreiller. Disponible en quatre tailles diff\u00e9rentes.<\/p>\n","protected":false},"excerpt":{"rendered":"<p>Cette superbe parure de lit r\u00e9versible vous fera dormir comme un b\u00e9b\u00e9. La parure est de couleur bleu, jaune et marron, ce qui vous permet de cr\u00e9er deux looks diff\u00e9rents dans votre chambre. Fabriqu\u00e9e en percale de coton OEKO-TEX\u00ae STANDARD 100\u00ae, cette parure de lit est si douce et confortable que vous aurez du mal [&hellip;]<\/p>\n","protected":false},"featured_media":1094908,"template":"","meta":{"_acf_changed":false,"inline_featured_image":false},"product_brand":[],"product_cat":[3002,3970],"product_tag":[],"class_list":{"0":"post-398384","1":"product","2":"type-product","3":"status-publish","4":"has-post-thumbnail","6":"product_cat-textile","7":"product_cat-linge-de-lit-fr","8":"product_shipping_class-pk","10":"pa_color-jaune","11":"pa_color-bleu-2","12":"pa_material-cotton-100-fr","14":"first","15":"instock","16":"taxable","17":"shipping-taxable","18":"purchasable","19":"product-type-simple"},"exclude_global_add_ons":[],"addons":[],"acf":[],"yoast_head":"<!-- This site is optimized with the Yoast SEO plugin v26.4 - https:\/\/yoast.com\/wordpress\/plugins\/seo\/ -->\n<title>Aki Linge de lit 80\/220 Bleu\/Jaune - H\u00fcbsch<\/title>\n<meta name=\"description\" content=\"Cette superbe parure de lit r\u00e9versible vous fera dormir comme un b\u00e9b\u00e9. La parure est de couleur bleu, jaune et marron, ce qui vous permet de cr\u00e9er deux\" \/>\n<meta name=\"robots\" content=\"index, follow, max-snippet:-1, max-image-preview:large, max-video-preview:-1\" \/>\n<link rel=\"canonical\" href=\"https:\/\/hubsch-interior.com\/fr\/wp-json\/wp\/v2\/product\/398384\" \/>\n<meta property=\"og:locale\" content=\"fr_FR\" \/>\n<meta property=\"og:type\" content=\"article\" \/>\n<meta property=\"og:title\" content=\"Aki Linge de lit 80\/220 Bleu\/Jaune - H\u00fcbsch\" \/>\n<meta property=\"og:description\" content=\"Cette superbe parure de lit r\u00e9versible vous fera dormir comme un b\u00e9b\u00e9. La parure est de couleur bleu, jaune et marron, ce qui vous permet de cr\u00e9er deux\" \/>\n<meta property=\"og:url\" content=\"https:\/\/hubsch-interior.com\/fr\/produit\/aki-linge-de-lit-80-220-bleu-jaune\/\" \/>\n<meta property=\"og:site_name\" content=\"H\u00fcbsch\" \/>\n<meta property=\"article:modified_time\" content=\"2026-04-09T02:22:28+00:00\" \/>\n<meta property=\"og:image\" content=\"https:\/\/hubsch-interior.com\/wp-content\/uploads\/2023\/08\/aki-bed-linen-80220-blueyellow-56dbb4d23e9af52bcdcff00c5ac34b20.jpg\" \/>\n\t<meta property=\"og:image:width\" content=\"1200\" \/>\n\t<meta property=\"og:image:height\" content=\"1200\" \/>\n\t<meta property=\"og:image:type\" content=\"image\/jpeg\" \/>\n<meta name=\"twitter:card\" content=\"summary_large_image\" \/>\n<script type=\"application\/ld+json\" class=\"yoast-schema-graph\">{\"@context\":\"https:\/\/schema.org\",\"@graph\":[{\"@type\":\"WebPage\",\"@id\":\"https:\/\/hubsch-interior.com\/fr\/produit\/aki-linge-de-lit-80-220-bleu-jaune\/\",\"url\":\"https:\/\/hubsch-interior.com\/fr\/produit\/aki-linge-de-lit-80-220-bleu-jaune\/\",\"name\":\"Aki Linge de lit 80\/220 Bleu\/Jaune - H\u00fcbsch\",\"isPartOf\":{\"@id\":\"https:\/\/hubsch-interior.com\/fr\/#website\"},\"primaryImageOfPage\":{\"@id\":\"https:\/\/hubsch-interior.com\/fr\/produit\/aki-linge-de-lit-80-220-bleu-jaune\/#primaryimage\"},\"image\":{\"@id\":\"https:\/\/hubsch-interior.com\/fr\/produit\/aki-linge-de-lit-80-220-bleu-jaune\/#primaryimage\"},\"thumbnailUrl\":\"https:\/\/hubsch-interior.com\/wp-content\/uploads\/2026\/02\/aki-bed-linen-80220-blueyellow-5a20b2f4a01ff8b1996bb707b637711b.jpg\",\"datePublished\":\"2021-06-13T20:34:59+00:00\",\"dateModified\":\"2026-04-09T02:22:28+00:00\",\"description\":\"Cette superbe parure de lit r\u00e9versible vous fera dormir comme un b\u00e9b\u00e9. La parure est de couleur bleu, jaune et marron, ce qui vous permet de cr\u00e9er deux\",\"breadcrumb\":{\"@id\":\"https:\/\/hubsch-interior.com\/fr\/produit\/aki-linge-de-lit-80-220-bleu-jaune\/#breadcrumb\"},\"inLanguage\":\"fr-FR\",\"potentialAction\":[{\"@type\":\"ReadAction\",\"target\":[\"https:\/\/hubsch-interior.com\/fr\/produit\/aki-linge-de-lit-80-220-bleu-jaune\/\"]}]},{\"@type\":\"ImageObject\",\"inLanguage\":\"fr-FR\",\"@id\":\"https:\/\/hubsch-interior.com\/fr\/produit\/aki-linge-de-lit-80-220-bleu-jaune\/#primaryimage\",\"url\":\"https:\/\/hubsch-interior.com\/wp-content\/uploads\/2026\/02\/aki-bed-linen-80220-blueyellow-5a20b2f4a01ff8b1996bb707b637711b.jpg\",\"contentUrl\":\"https:\/\/hubsch-interior.com\/wp-content\/uploads\/2026\/02\/aki-bed-linen-80220-blueyellow-5a20b2f4a01ff8b1996bb707b637711b.jpg\",\"width\":1024,\"height\":1024},{\"@type\":\"BreadcrumbList\",\"@id\":\"https:\/\/hubsch-interior.com\/fr\/produit\/aki-linge-de-lit-80-220-bleu-jaune\/#breadcrumb\",\"itemListElement\":[{\"@type\":\"ListItem\",\"position\":1,\"name\":\"Page d'accueil\",\"item\":\"https:\/\/hubsch-interior.com\/fr\/\"},{\"@type\":\"ListItem\",\"position\":2,\"name\":\"Produits\",\"item\":\"https:\/\/hubsch-interior.com\/fr\/shop-2\/\"},{\"@type\":\"ListItem\",\"position\":3,\"name\":\"Textiles\",\"item\":\"https:\/\/hubsch-interior.com\/fr\/categorie-produit\/textile\/\"},{\"@type\":\"ListItem\",\"position\":4,\"name\":\"Linge de lit\",\"item\":\"https:\/\/hubsch-interior.com\/fr\/categorie-produit\/textile\/linge-de-lit-fr\/\"},{\"@type\":\"ListItem\",\"position\":5,\"name\":\"Aki Linge de lit 80\/220 Bleu\/Jaune\"}]},{\"@type\":\"WebSite\",\"@id\":\"https:\/\/hubsch-interior.com\/fr\/#website\",\"url\":\"https:\/\/hubsch-interior.com\/fr\/\",\"name\":\"H\u00fcbsch\",\"description\":\"Danish Home Interior and Design\",\"publisher\":{\"@id\":\"https:\/\/hubsch-interior.com\/fr\/#organization\"},\"potentialAction\":[{\"@type\":\"SearchAction\",\"target\":{\"@type\":\"EntryPoint\",\"urlTemplate\":\"https:\/\/hubsch-interior.com\/fr\/?s={search_term_string}\"},\"query-input\":{\"@type\":\"PropertyValueSpecification\",\"valueRequired\":true,\"valueName\":\"search_term_string\"}}],\"inLanguage\":\"fr-FR\"},{\"@type\":\"Organization\",\"@id\":\"https:\/\/hubsch-interior.com\/fr\/#organization\",\"name\":\"H\u00fcbsch\",\"url\":\"https:\/\/hubsch-interior.com\/fr\/\",\"logo\":{\"@type\":\"ImageObject\",\"inLanguage\":\"fr-FR\",\"@id\":\"https:\/\/hubsch-interior.com\/fr\/#\/schema\/logo\/image\/\",\"url\":\"https:\/\/hubsch-interior.com\/wp-content\/uploads\/2022\/12\/Hubsch_logo_black_one_line.svg\",\"contentUrl\":\"https:\/\/hubsch-interior.com\/wp-content\/uploads\/2022\/12\/Hubsch_logo_black_one_line.svg\",\"caption\":\"H\u00fcbsch\"},\"image\":{\"@id\":\"https:\/\/hubsch-interior.com\/fr\/#\/schema\/logo\/image\/\"}}]}<\/script>\n<!-- \/ Yoast SEO plugin. -->","yoast_head_json":{"title":"Aki Linge de lit 80\/220 Bleu\/Jaune - H\u00fcbsch","description":"Cette superbe parure de lit r\u00e9versible vous fera dormir comme un b\u00e9b\u00e9. La parure est de couleur bleu, jaune et marron, ce qui vous permet de cr\u00e9er deux","robots":{"index":"index","follow":"follow","max-snippet":"max-snippet:-1","max-image-preview":"max-image-preview:large","max-video-preview":"max-video-preview:-1"},"canonical":"https:\/\/hubsch-interior.com\/fr\/wp-json\/wp\/v2\/product\/398384","og_locale":"fr_FR","og_type":"article","og_title":"Aki Linge de lit 80\/220 Bleu\/Jaune - H\u00fcbsch","og_description":"Cette superbe parure de lit r\u00e9versible vous fera dormir comme un b\u00e9b\u00e9. La parure est de couleur bleu, jaune et marron, ce qui vous permet de cr\u00e9er deux","og_url":"https:\/\/hubsch-interior.com\/fr\/produit\/aki-linge-de-lit-80-220-bleu-jaune\/","og_site_name":"H\u00fcbsch","article_modified_time":"2026-04-09T02:22:28+00:00","og_image":[{"width":1200,"height":1200,"url":"https:\/\/hubsch-interior.com\/wp-content\/uploads\/2023\/08\/aki-bed-linen-80220-blueyellow-56dbb4d23e9af52bcdcff00c5ac34b20.jpg","type":"image\/jpeg"}],"twitter_card":"summary_large_image","schema":{"@context":"https:\/\/schema.org","@graph":[{"@type":"WebPage","@id":"https:\/\/hubsch-interior.com\/fr\/produit\/aki-linge-de-lit-80-220-bleu-jaune\/","url":"https:\/\/hubsch-interior.com\/fr\/produit\/aki-linge-de-lit-80-220-bleu-jaune\/","name":"Aki Linge de lit 80\/220 Bleu\/Jaune - H\u00fcbsch","isPartOf":{"@id":"https:\/\/hubsch-interior.com\/fr\/#website"},"primaryImageOfPage":{"@id":"https:\/\/hubsch-interior.com\/fr\/produit\/aki-linge-de-lit-80-220-bleu-jaune\/#primaryimage"},"image":{"@id":"https:\/\/hubsch-interior.com\/fr\/produit\/aki-linge-de-lit-80-220-bleu-jaune\/#primaryimage"},"thumbnailUrl":"https:\/\/hubsch-interior.com\/wp-content\/uploads\/2026\/02\/aki-bed-linen-80220-blueyellow-5a20b2f4a01ff8b1996bb707b637711b.jpg","datePublished":"2021-06-13T20:34:59+00:00","dateModified":"2026-04-09T02:22:28+00:00","description":"Cette superbe parure de lit r\u00e9versible vous fera dormir comme un b\u00e9b\u00e9. La parure est de couleur bleu, jaune et marron, ce qui vous permet de cr\u00e9er deux","breadcrumb":{"@id":"https:\/\/hubsch-interior.com\/fr\/produit\/aki-linge-de-lit-80-220-bleu-jaune\/#breadcrumb"},"inLanguage":"fr-FR","potentialAction":[{"@type":"ReadAction","target":["https:\/\/hubsch-interior.com\/fr\/produit\/aki-linge-de-lit-80-220-bleu-jaune\/"]}]},{"@type":"ImageObject","inLanguage":"fr-FR","@id":"https:\/\/hubsch-interior.com\/fr\/produit\/aki-linge-de-lit-80-220-bleu-jaune\/#primaryimage","url":"https:\/\/hubsch-interior.com\/wp-content\/uploads\/2026\/02\/aki-bed-linen-80220-blueyellow-5a20b2f4a01ff8b1996bb707b637711b.jpg","contentUrl":"https:\/\/hubsch-interior.com\/wp-content\/uploads\/2026\/02\/aki-bed-linen-80220-blueyellow-5a20b2f4a01ff8b1996bb707b637711b.jpg","width":1024,"height":1024},{"@type":"BreadcrumbList","@id":"https:\/\/hubsch-interior.com\/fr\/produit\/aki-linge-de-lit-80-220-bleu-jaune\/#breadcrumb","itemListElement":[{"@type":"ListItem","position":1,"name":"Page d'accueil","item":"https:\/\/hubsch-interior.com\/fr\/"},{"@type":"ListItem","position":2,"name":"Produits","item":"https:\/\/hubsch-interior.com\/fr\/shop-2\/"},{"@type":"ListItem","position":3,"name":"Textiles","item":"https:\/\/hubsch-interior.com\/fr\/categorie-produit\/textile\/"},{"@type":"ListItem","position":4,"name":"Linge de lit","item":"https:\/\/hubsch-interior.com\/fr\/categorie-produit\/textile\/linge-de-lit-fr\/"},{"@type":"ListItem","position":5,"name":"Aki Linge de lit 80\/220 Bleu\/Jaune"}]},{"@type":"WebSite","@id":"https:\/\/hubsch-interior.com\/fr\/#website","url":"https:\/\/hubsch-interior.com\/fr\/","name":"H\u00fcbsch","description":"Danish Home Interior and Design","publisher":{"@id":"https:\/\/hubsch-interior.com\/fr\/#organization"},"potentialAction":[{"@type":"SearchAction","target":{"@type":"EntryPoint","urlTemplate":"https:\/\/hubsch-interior.com\/fr\/?s={search_term_string}"},"query-input":{"@type":"PropertyValueSpecification","valueRequired":true,"valueName":"search_term_string"}}],"inLanguage":"fr-FR"},{"@type":"Organization","@id":"https:\/\/hubsch-interior.com\/fr\/#organization","name":"H\u00fcbsch","url":"https:\/\/hubsch-interior.com\/fr\/","logo":{"@type":"ImageObject","inLanguage":"fr-FR","@id":"https:\/\/hubsch-interior.com\/fr\/#\/schema\/logo\/image\/","url":"https:\/\/hubsch-interior.com\/wp-content\/uploads\/2022\/12\/Hubsch_logo_black_one_line.svg","contentUrl":"https:\/\/hubsch-interior.com\/wp-content\/uploads\/2022\/12\/Hubsch_logo_black_one_line.svg","caption":"H\u00fcbsch"},"image":{"@id":"https:\/\/hubsch-interior.com\/fr\/#\/schema\/logo\/image\/"}}]}},"_links":{"self":[{"href":"https:\/\/hubsch-interior.com\/fr\/wp-json\/wp\/v2\/product\/398384","targetHints":{"allow":["GET"]}}],"collection":[{"href":"https:\/\/hubsch-interior.com\/fr\/wp-json\/wp\/v2\/product"}],"about":[{"href":"https:\/\/hubsch-interior.com\/fr\/wp-json\/wp\/v2\/types\/product"}],"wp:featuredmedia":[{"embeddable":true,"href":"https:\/\/hubsch-interior.com\/fr\/wp-json\/wp\/v2\/media\/1094908"}],"wp:attachment":[{"href":"https:\/\/hubsch-interior.com\/fr\/wp-json\/wp\/v2\/media?parent=398384"}],"wp:term":[{"taxonomy":"product_brand","embeddable":true,"href":"https:\/\/hubsch-interior.com\/fr\/wp-json\/wp\/v2\/product_brand?post=398384"},{"taxonomy":"product_cat","embeddable":true,"href":"https:\/\/hubsch-interior.com\/fr\/wp-json\/wp\/v2\/product_cat?post=398384"},{"taxonomy":"product_tag","embeddable":true,"href":"https:\/\/hubsch-interior.com\/fr\/wp-json\/wp\/v2\/product_tag?post=398384"}],"curies":[{"name":"wp","href":"https:\/\/api.w.org\/{rel}","templated":true}]}}