{"id":398388,"date":"2021-06-13T22:35:02","date_gmt":"2021-06-13T20:35:02","guid":{"rendered":"https:\/\/hubsch-interior.com\/shop-b2c\/product\/product\/"},"modified":"2026-04-09T04:22:30","modified_gmt":"2026-04-09T02:22:30","slug":"promenade-serviette-small-violet-bleu","status":"publish","type":"product","link":"https:\/\/hubsch-interior.com\/fr\/produit\/promenade-serviette-small-violet-bleu\/","title":{"rendered":"Promenade Serviette Small Violet\/Bleu"},"content":{"rendered":"<p>La salle de bain est souvent n\u00e9glig\u00e9e en mati\u00e8re de style mais vous allez adorer nos nouvelles serviettes douces et color\u00e9es certifi\u00e9es OEKO-TEX\u00ae STANDARD 100\u00ae. Il n\u2019y a rien de plus agr\u00e9able que de s&#8217;envelopper dans une jolie serviette de bain en coton apr\u00e8s une longue douche ou un bain chaud. Cette serviette violette et bleue vous apportera du r\u00e9confort et embellira votre salle de bain. Disponible en deux tailles diff\u00e9rentes.<\/p>\n","protected":false},"excerpt":{"rendered":"<p>La salle de bain est souvent n\u00e9glig\u00e9e en mati\u00e8re de style mais vous allez adorer nos nouvelles serviettes douces et color\u00e9es certifi\u00e9es OEKO-TEX\u00ae STANDARD 100\u00ae. Il n\u2019y a rien de plus agr\u00e9able que de s&#8217;envelopper dans une jolie serviette de bain en coton apr\u00e8s une longue douche ou un bain chaud. Cette serviette violette et [&hellip;]<\/p>\n","protected":false},"featured_media":1094946,"template":"","meta":{"_acf_changed":false,"inline_featured_image":false},"product_brand":[],"product_cat":[3002,3949],"product_tag":[],"class_list":{"0":"post-398388","1":"product","2":"type-product","3":"status-publish","4":"has-post-thumbnail","6":"product_cat-textile","7":"product_cat-serviettes-de-bain-fr","8":"product_shipping_class-pk","10":"pa_color-violet","11":"pa_color-bleu-2","12":"pa_material-cotton-100-fr","14":"first","15":"instock","16":"taxable","17":"shipping-taxable","18":"purchasable","19":"product-type-simple"},"exclude_global_add_ons":[],"addons":[],"acf":[],"yoast_head":"<!-- This site is optimized with the Yoast SEO plugin v26.4 - https:\/\/yoast.com\/wordpress\/plugins\/seo\/ -->\n<title>Promenade Serviette Small Violet\/Bleu - H\u00fcbsch<\/title>\n<meta name=\"description\" content=\"La salle de bain est souvent n\u00e9glig\u00e9e en mati\u00e8re de style mais vous allez adorer nos nouvelles serviettes douces et color\u00e9es certifi\u00e9es OEKO-TEX\u00ae STANDARD\" \/>\n<meta name=\"robots\" content=\"index, follow, max-snippet:-1, max-image-preview:large, max-video-preview:-1\" \/>\n<link rel=\"canonical\" href=\"https:\/\/hubsch-interior.com\/fr\/wp-json\/wp\/v2\/product\/398388\" \/>\n<meta property=\"og:locale\" content=\"fr_FR\" \/>\n<meta property=\"og:type\" content=\"article\" \/>\n<meta property=\"og:title\" content=\"Promenade Serviette Small Violet\/Bleu - H\u00fcbsch\" \/>\n<meta property=\"og:description\" content=\"La salle de bain est souvent n\u00e9glig\u00e9e en mati\u00e8re de style mais vous allez adorer nos nouvelles serviettes douces et color\u00e9es certifi\u00e9es OEKO-TEX\u00ae STANDARD\" \/>\n<meta property=\"og:url\" content=\"https:\/\/hubsch-interior.com\/fr\/produit\/promenade-serviette-small-violet-bleu\/\" \/>\n<meta property=\"og:site_name\" content=\"H\u00fcbsch\" \/>\n<meta property=\"article:modified_time\" content=\"2026-04-09T02:22:30+00:00\" \/>\n<meta property=\"og:image\" content=\"https:\/\/hubsch-interior.com\/wp-content\/uploads\/2023\/08\/promenade-towel-small-purpleblue-ffb237ee93bb0c59d314292d92db2141.jpg\" \/>\n\t<meta property=\"og:image:width\" content=\"1200\" \/>\n\t<meta property=\"og:image:height\" content=\"1200\" \/>\n\t<meta property=\"og:image:type\" content=\"image\/jpeg\" \/>\n<meta name=\"twitter:card\" content=\"summary_large_image\" \/>\n<script type=\"application\/ld+json\" class=\"yoast-schema-graph\">{\"@context\":\"https:\/\/schema.org\",\"@graph\":[{\"@type\":\"WebPage\",\"@id\":\"https:\/\/hubsch-interior.com\/fr\/produit\/promenade-serviette-small-violet-bleu\/\",\"url\":\"https:\/\/hubsch-interior.com\/fr\/produit\/promenade-serviette-small-violet-bleu\/\",\"name\":\"Promenade Serviette Small Violet\/Bleu - H\u00fcbsch\",\"isPartOf\":{\"@id\":\"https:\/\/hubsch-interior.com\/fr\/#website\"},\"primaryImageOfPage\":{\"@id\":\"https:\/\/hubsch-interior.com\/fr\/produit\/promenade-serviette-small-violet-bleu\/#primaryimage\"},\"image\":{\"@id\":\"https:\/\/hubsch-interior.com\/fr\/produit\/promenade-serviette-small-violet-bleu\/#primaryimage\"},\"thumbnailUrl\":\"https:\/\/hubsch-interior.com\/wp-content\/uploads\/2026\/02\/promenade-towel-small-purpleblue-aa5e2b8c1d75e023f67a7c904ad16956.jpg\",\"datePublished\":\"2021-06-13T20:35:02+00:00\",\"dateModified\":\"2026-04-09T02:22:30+00:00\",\"description\":\"La salle de bain est souvent n\u00e9glig\u00e9e en mati\u00e8re de style mais vous allez adorer nos nouvelles serviettes douces et color\u00e9es certifi\u00e9es OEKO-TEX\u00ae STANDARD\",\"breadcrumb\":{\"@id\":\"https:\/\/hubsch-interior.com\/fr\/produit\/promenade-serviette-small-violet-bleu\/#breadcrumb\"},\"inLanguage\":\"fr-FR\",\"potentialAction\":[{\"@type\":\"ReadAction\",\"target\":[\"https:\/\/hubsch-interior.com\/fr\/produit\/promenade-serviette-small-violet-bleu\/\"]}]},{\"@type\":\"ImageObject\",\"inLanguage\":\"fr-FR\",\"@id\":\"https:\/\/hubsch-interior.com\/fr\/produit\/promenade-serviette-small-violet-bleu\/#primaryimage\",\"url\":\"https:\/\/hubsch-interior.com\/wp-content\/uploads\/2026\/02\/promenade-towel-small-purpleblue-aa5e2b8c1d75e023f67a7c904ad16956.jpg\",\"contentUrl\":\"https:\/\/hubsch-interior.com\/wp-content\/uploads\/2026\/02\/promenade-towel-small-purpleblue-aa5e2b8c1d75e023f67a7c904ad16956.jpg\",\"width\":1024,\"height\":1024},{\"@type\":\"BreadcrumbList\",\"@id\":\"https:\/\/hubsch-interior.com\/fr\/produit\/promenade-serviette-small-violet-bleu\/#breadcrumb\",\"itemListElement\":[{\"@type\":\"ListItem\",\"position\":1,\"name\":\"Page d'accueil\",\"item\":\"https:\/\/hubsch-interior.com\/fr\/\"},{\"@type\":\"ListItem\",\"position\":2,\"name\":\"Produits\",\"item\":\"https:\/\/hubsch-interior.com\/fr\/shop-2\/\"},{\"@type\":\"ListItem\",\"position\":3,\"name\":\"Textiles\",\"item\":\"https:\/\/hubsch-interior.com\/fr\/categorie-produit\/textile\/\"},{\"@type\":\"ListItem\",\"position\":4,\"name\":\"Serviettes de bain\",\"item\":\"https:\/\/hubsch-interior.com\/fr\/categorie-produit\/textile\/serviettes-de-bain-fr\/\"},{\"@type\":\"ListItem\",\"position\":5,\"name\":\"Promenade Serviette Small Violet\/Bleu\"}]},{\"@type\":\"WebSite\",\"@id\":\"https:\/\/hubsch-interior.com\/fr\/#website\",\"url\":\"https:\/\/hubsch-interior.com\/fr\/\",\"name\":\"H\u00fcbsch\",\"description\":\"Danish Home Interior and Design\",\"publisher\":{\"@id\":\"https:\/\/hubsch-interior.com\/fr\/#organization\"},\"potentialAction\":[{\"@type\":\"SearchAction\",\"target\":{\"@type\":\"EntryPoint\",\"urlTemplate\":\"https:\/\/hubsch-interior.com\/fr\/?s={search_term_string}\"},\"query-input\":{\"@type\":\"PropertyValueSpecification\",\"valueRequired\":true,\"valueName\":\"search_term_string\"}}],\"inLanguage\":\"fr-FR\"},{\"@type\":\"Organization\",\"@id\":\"https:\/\/hubsch-interior.com\/fr\/#organization\",\"name\":\"H\u00fcbsch\",\"url\":\"https:\/\/hubsch-interior.com\/fr\/\",\"logo\":{\"@type\":\"ImageObject\",\"inLanguage\":\"fr-FR\",\"@id\":\"https:\/\/hubsch-interior.com\/fr\/#\/schema\/logo\/image\/\",\"url\":\"https:\/\/hubsch-interior.com\/wp-content\/uploads\/2022\/12\/Hubsch_logo_black_one_line.svg\",\"contentUrl\":\"https:\/\/hubsch-interior.com\/wp-content\/uploads\/2022\/12\/Hubsch_logo_black_one_line.svg\",\"caption\":\"H\u00fcbsch\"},\"image\":{\"@id\":\"https:\/\/hubsch-interior.com\/fr\/#\/schema\/logo\/image\/\"}}]}<\/script>\n<!-- \/ Yoast SEO plugin. -->","yoast_head_json":{"title":"Promenade Serviette Small Violet\/Bleu - H\u00fcbsch","description":"La salle de bain est souvent n\u00e9glig\u00e9e en mati\u00e8re de style mais vous allez adorer nos nouvelles serviettes douces et color\u00e9es certifi\u00e9es OEKO-TEX\u00ae STANDARD","robots":{"index":"index","follow":"follow","max-snippet":"max-snippet:-1","max-image-preview":"max-image-preview:large","max-video-preview":"max-video-preview:-1"},"canonical":"https:\/\/hubsch-interior.com\/fr\/wp-json\/wp\/v2\/product\/398388","og_locale":"fr_FR","og_type":"article","og_title":"Promenade Serviette Small Violet\/Bleu - H\u00fcbsch","og_description":"La salle de bain est souvent n\u00e9glig\u00e9e en mati\u00e8re de style mais vous allez adorer nos nouvelles serviettes douces et color\u00e9es certifi\u00e9es OEKO-TEX\u00ae STANDARD","og_url":"https:\/\/hubsch-interior.com\/fr\/produit\/promenade-serviette-small-violet-bleu\/","og_site_name":"H\u00fcbsch","article_modified_time":"2026-04-09T02:22:30+00:00","og_image":[{"width":1200,"height":1200,"url":"https:\/\/hubsch-interior.com\/wp-content\/uploads\/2023\/08\/promenade-towel-small-purpleblue-ffb237ee93bb0c59d314292d92db2141.jpg","type":"image\/jpeg"}],"twitter_card":"summary_large_image","schema":{"@context":"https:\/\/schema.org","@graph":[{"@type":"WebPage","@id":"https:\/\/hubsch-interior.com\/fr\/produit\/promenade-serviette-small-violet-bleu\/","url":"https:\/\/hubsch-interior.com\/fr\/produit\/promenade-serviette-small-violet-bleu\/","name":"Promenade Serviette Small Violet\/Bleu - H\u00fcbsch","isPartOf":{"@id":"https:\/\/hubsch-interior.com\/fr\/#website"},"primaryImageOfPage":{"@id":"https:\/\/hubsch-interior.com\/fr\/produit\/promenade-serviette-small-violet-bleu\/#primaryimage"},"image":{"@id":"https:\/\/hubsch-interior.com\/fr\/produit\/promenade-serviette-small-violet-bleu\/#primaryimage"},"thumbnailUrl":"https:\/\/hubsch-interior.com\/wp-content\/uploads\/2026\/02\/promenade-towel-small-purpleblue-aa5e2b8c1d75e023f67a7c904ad16956.jpg","datePublished":"2021-06-13T20:35:02+00:00","dateModified":"2026-04-09T02:22:30+00:00","description":"La salle de bain est souvent n\u00e9glig\u00e9e en mati\u00e8re de style mais vous allez adorer nos nouvelles serviettes douces et color\u00e9es certifi\u00e9es OEKO-TEX\u00ae STANDARD","breadcrumb":{"@id":"https:\/\/hubsch-interior.com\/fr\/produit\/promenade-serviette-small-violet-bleu\/#breadcrumb"},"inLanguage":"fr-FR","potentialAction":[{"@type":"ReadAction","target":["https:\/\/hubsch-interior.com\/fr\/produit\/promenade-serviette-small-violet-bleu\/"]}]},{"@type":"ImageObject","inLanguage":"fr-FR","@id":"https:\/\/hubsch-interior.com\/fr\/produit\/promenade-serviette-small-violet-bleu\/#primaryimage","url":"https:\/\/hubsch-interior.com\/wp-content\/uploads\/2026\/02\/promenade-towel-small-purpleblue-aa5e2b8c1d75e023f67a7c904ad16956.jpg","contentUrl":"https:\/\/hubsch-interior.com\/wp-content\/uploads\/2026\/02\/promenade-towel-small-purpleblue-aa5e2b8c1d75e023f67a7c904ad16956.jpg","width":1024,"height":1024},{"@type":"BreadcrumbList","@id":"https:\/\/hubsch-interior.com\/fr\/produit\/promenade-serviette-small-violet-bleu\/#breadcrumb","itemListElement":[{"@type":"ListItem","position":1,"name":"Page d'accueil","item":"https:\/\/hubsch-interior.com\/fr\/"},{"@type":"ListItem","position":2,"name":"Produits","item":"https:\/\/hubsch-interior.com\/fr\/shop-2\/"},{"@type":"ListItem","position":3,"name":"Textiles","item":"https:\/\/hubsch-interior.com\/fr\/categorie-produit\/textile\/"},{"@type":"ListItem","position":4,"name":"Serviettes de bain","item":"https:\/\/hubsch-interior.com\/fr\/categorie-produit\/textile\/serviettes-de-bain-fr\/"},{"@type":"ListItem","position":5,"name":"Promenade Serviette Small Violet\/Bleu"}]},{"@type":"WebSite","@id":"https:\/\/hubsch-interior.com\/fr\/#website","url":"https:\/\/hubsch-interior.com\/fr\/","name":"H\u00fcbsch","description":"Danish Home Interior and Design","publisher":{"@id":"https:\/\/hubsch-interior.com\/fr\/#organization"},"potentialAction":[{"@type":"SearchAction","target":{"@type":"EntryPoint","urlTemplate":"https:\/\/hubsch-interior.com\/fr\/?s={search_term_string}"},"query-input":{"@type":"PropertyValueSpecification","valueRequired":true,"valueName":"search_term_string"}}],"inLanguage":"fr-FR"},{"@type":"Organization","@id":"https:\/\/hubsch-interior.com\/fr\/#organization","name":"H\u00fcbsch","url":"https:\/\/hubsch-interior.com\/fr\/","logo":{"@type":"ImageObject","inLanguage":"fr-FR","@id":"https:\/\/hubsch-interior.com\/fr\/#\/schema\/logo\/image\/","url":"https:\/\/hubsch-interior.com\/wp-content\/uploads\/2022\/12\/Hubsch_logo_black_one_line.svg","contentUrl":"https:\/\/hubsch-interior.com\/wp-content\/uploads\/2022\/12\/Hubsch_logo_black_one_line.svg","caption":"H\u00fcbsch"},"image":{"@id":"https:\/\/hubsch-interior.com\/fr\/#\/schema\/logo\/image\/"}}]}},"_links":{"self":[{"href":"https:\/\/hubsch-interior.com\/fr\/wp-json\/wp\/v2\/product\/398388","targetHints":{"allow":["GET"]}}],"collection":[{"href":"https:\/\/hubsch-interior.com\/fr\/wp-json\/wp\/v2\/product"}],"about":[{"href":"https:\/\/hubsch-interior.com\/fr\/wp-json\/wp\/v2\/types\/product"}],"wp:featuredmedia":[{"embeddable":true,"href":"https:\/\/hubsch-interior.com\/fr\/wp-json\/wp\/v2\/media\/1094946"}],"wp:attachment":[{"href":"https:\/\/hubsch-interior.com\/fr\/wp-json\/wp\/v2\/media?parent=398388"}],"wp:term":[{"taxonomy":"product_brand","embeddable":true,"href":"https:\/\/hubsch-interior.com\/fr\/wp-json\/wp\/v2\/product_brand?post=398388"},{"taxonomy":"product_cat","embeddable":true,"href":"https:\/\/hubsch-interior.com\/fr\/wp-json\/wp\/v2\/product_cat?post=398388"},{"taxonomy":"product_tag","embeddable":true,"href":"https:\/\/hubsch-interior.com\/fr\/wp-json\/wp\/v2\/product_tag?post=398388"}],"curies":[{"name":"wp","href":"https:\/\/api.w.org\/{rel}","templated":true}]}}