{"id":398428,"date":"2021-06-13T22:39:00","date_gmt":"2021-06-13T20:39:00","guid":{"rendered":"https:\/\/hubsch-interior.com\/shop-b2c\/product\/product\/"},"modified":"2026-04-09T04:25:33","modified_gmt":"2026-04-09T02:25:33","slug":"fuyu-assiette-medium-texture","status":"publish","type":"product","link":"https:\/\/hubsch-interior.com\/fr\/produit\/fuyu-assiette-medium-texture\/","title":{"rendered":"Fuyu Assiette Medium Textur\u00e9"},"content":{"rendered":"<p>Vous vous rappelez quand votre grand-m\u00e8re sortait le service vaisselle haut de gamme pour le d\u00e9jeuner du dimanche ? Avec cette assiette en verre transparent et textur\u00e9, tous les jours c\u2019est dimanche.  Cette magnifique assiette est le compagnon id\u00e9al pour tous les repas. Elle fait partie d\u2019un service vaisselle comprenant un bol de c\u00e9r\u00e9ales, une assiette plate, un saladier et un grand verre. Connaissez-vous la bonne nouvelle ? Il passe au lave-vaisselle.<\/p>\n","protected":false},"excerpt":{"rendered":"<p>Vous vous rappelez quand votre grand-m\u00e8re sortait le service vaisselle haut de gamme pour le d\u00e9jeuner du dimanche ? Avec cette assiette en verre transparent et textur\u00e9, tous les jours c\u2019est dimanche. Cette magnifique assiette est le compagnon id\u00e9al pour tous les repas. Elle fait partie d\u2019un service vaisselle comprenant un bol de c\u00e9r\u00e9ales, une [&hellip;]<\/p>\n","protected":false},"featured_media":1095801,"template":"","meta":{"_acf_changed":false,"inline_featured_image":false},"product_brand":[],"product_cat":[7077,6971,7027,6348,4053,4095,5026,6535],"product_tag":[],"class_list":{"0":"post-398428","1":"product","2":"type-product","3":"status-publish","4":"has-post-thumbnail","6":"product_cat-assiettes-et-bols-fr","7":"product_cat-paques","8":"product_cat-vaisselle-fr-2","9":"product_cat-garden-selection-fr","10":"product_cat-accessoires-de-cuisine-fr","11":"product_cat-vaisselle-fr","12":"product_cat-bestsellers-fr","13":"product_cat-outlet-fr","14":"product_shipping_class-pk","16":"pa_color-textur","17":"pa_material-verre-fr","19":"first","20":"instock","21":"sale","22":"featured","23":"taxable","24":"shipping-taxable","25":"purchasable","26":"product-type-simple"},"exclude_global_add_ons":[],"addons":[],"acf":[],"yoast_head":"<!-- This site is optimized with the Yoast SEO plugin v26.4 - https:\/\/yoast.com\/wordpress\/plugins\/seo\/ -->\n<title>Fuyu Assiette Medium Textur\u00e9 - H\u00fcbsch<\/title>\n<meta name=\"description\" content=\"Vous vous rappelez quand votre grand-m\u00e8re sortait le service vaisselle haut de gamme pour le d\u00e9jeuner du dimanche ? Avec cette assiette en verre\" \/>\n<meta name=\"robots\" content=\"index, follow, max-snippet:-1, max-image-preview:large, max-video-preview:-1\" \/>\n<link rel=\"canonical\" href=\"https:\/\/hubsch-interior.com\/fr\/wp-json\/wp\/v2\/product\/398428\" \/>\n<meta property=\"og:locale\" content=\"fr_FR\" \/>\n<meta property=\"og:type\" content=\"article\" \/>\n<meta property=\"og:title\" content=\"Fuyu Assiette Medium Textur\u00e9 - H\u00fcbsch\" \/>\n<meta property=\"og:description\" content=\"Vous vous rappelez quand votre grand-m\u00e8re sortait le service vaisselle haut de gamme pour le d\u00e9jeuner du dimanche ? Avec cette assiette en verre\" \/>\n<meta property=\"og:url\" content=\"https:\/\/hubsch-interior.com\/fr\/produit\/fuyu-assiette-medium-texture\/\" \/>\n<meta property=\"og:site_name\" content=\"H\u00fcbsch\" \/>\n<meta property=\"article:modified_time\" content=\"2026-04-09T02:25:33+00:00\" \/>\n<meta property=\"og:image\" content=\"https:\/\/hubsch-interior.com\/wp-content\/uploads\/2023\/08\/fuyu-plate-medium-texturedclear-773330558edd7ecf00e7830245e33ca7.jpg\" \/>\n\t<meta property=\"og:image:width\" content=\"1200\" \/>\n\t<meta property=\"og:image:height\" content=\"1200\" \/>\n\t<meta property=\"og:image:type\" content=\"image\/jpeg\" \/>\n<meta name=\"twitter:card\" content=\"summary_large_image\" \/>\n<script type=\"application\/ld+json\" class=\"yoast-schema-graph\">{\"@context\":\"https:\/\/schema.org\",\"@graph\":[{\"@type\":\"WebPage\",\"@id\":\"https:\/\/hubsch-interior.com\/fr\/produit\/fuyu-assiette-medium-texture\/\",\"url\":\"https:\/\/hubsch-interior.com\/fr\/produit\/fuyu-assiette-medium-texture\/\",\"name\":\"Fuyu Assiette Medium Textur\u00e9 - H\u00fcbsch\",\"isPartOf\":{\"@id\":\"https:\/\/hubsch-interior.com\/fr\/#website\"},\"primaryImageOfPage\":{\"@id\":\"https:\/\/hubsch-interior.com\/fr\/produit\/fuyu-assiette-medium-texture\/#primaryimage\"},\"image\":{\"@id\":\"https:\/\/hubsch-interior.com\/fr\/produit\/fuyu-assiette-medium-texture\/#primaryimage\"},\"thumbnailUrl\":\"https:\/\/hubsch-interior.com\/wp-content\/uploads\/2026\/02\/fuyu-plate-medium-textured-6c0b1fc1c906a5d7bd86b494fa2d27a9.jpg\",\"datePublished\":\"2021-06-13T20:39:00+00:00\",\"dateModified\":\"2026-04-09T02:25:33+00:00\",\"description\":\"Vous vous rappelez quand votre grand-m\u00e8re sortait le service vaisselle haut de gamme pour le d\u00e9jeuner du dimanche ? Avec cette assiette en verre\",\"breadcrumb\":{\"@id\":\"https:\/\/hubsch-interior.com\/fr\/produit\/fuyu-assiette-medium-texture\/#breadcrumb\"},\"inLanguage\":\"fr-FR\",\"potentialAction\":[{\"@type\":\"ReadAction\",\"target\":[\"https:\/\/hubsch-interior.com\/fr\/produit\/fuyu-assiette-medium-texture\/\"]}]},{\"@type\":\"ImageObject\",\"inLanguage\":\"fr-FR\",\"@id\":\"https:\/\/hubsch-interior.com\/fr\/produit\/fuyu-assiette-medium-texture\/#primaryimage\",\"url\":\"https:\/\/hubsch-interior.com\/wp-content\/uploads\/2026\/02\/fuyu-plate-medium-textured-6c0b1fc1c906a5d7bd86b494fa2d27a9.jpg\",\"contentUrl\":\"https:\/\/hubsch-interior.com\/wp-content\/uploads\/2026\/02\/fuyu-plate-medium-textured-6c0b1fc1c906a5d7bd86b494fa2d27a9.jpg\",\"width\":1024,\"height\":1024},{\"@type\":\"BreadcrumbList\",\"@id\":\"https:\/\/hubsch-interior.com\/fr\/produit\/fuyu-assiette-medium-texture\/#breadcrumb\",\"itemListElement\":[{\"@type\":\"ListItem\",\"position\":1,\"name\":\"Page d'accueil\",\"item\":\"https:\/\/hubsch-interior.com\/fr\/\"},{\"@type\":\"ListItem\",\"position\":2,\"name\":\"Produits\",\"item\":\"https:\/\/hubsch-interior.com\/fr\/shop-2\/\"},{\"@type\":\"ListItem\",\"position\":3,\"name\":\"Cuisine\",\"item\":\"https:\/\/hubsch-interior.com\/fr\/categorie-produit\/cuisine\/\"},{\"@type\":\"ListItem\",\"position\":4,\"name\":\"Vaisselle\",\"item\":\"https:\/\/hubsch-interior.com\/fr\/categorie-produit\/cuisine\/vaisselle-fr-2\/\"},{\"@type\":\"ListItem\",\"position\":5,\"name\":\"Assiettes et bols\",\"item\":\"https:\/\/hubsch-interior.com\/fr\/categorie-produit\/cuisine\/vaisselle-fr-2\/assiettes-et-bols-fr\/\"},{\"@type\":\"ListItem\",\"position\":6,\"name\":\"Fuyu Assiette Medium Textur\u00e9\"}]},{\"@type\":\"WebSite\",\"@id\":\"https:\/\/hubsch-interior.com\/fr\/#website\",\"url\":\"https:\/\/hubsch-interior.com\/fr\/\",\"name\":\"H\u00fcbsch\",\"description\":\"Danish Home Interior and Design\",\"publisher\":{\"@id\":\"https:\/\/hubsch-interior.com\/fr\/#organization\"},\"potentialAction\":[{\"@type\":\"SearchAction\",\"target\":{\"@type\":\"EntryPoint\",\"urlTemplate\":\"https:\/\/hubsch-interior.com\/fr\/?s={search_term_string}\"},\"query-input\":{\"@type\":\"PropertyValueSpecification\",\"valueRequired\":true,\"valueName\":\"search_term_string\"}}],\"inLanguage\":\"fr-FR\"},{\"@type\":\"Organization\",\"@id\":\"https:\/\/hubsch-interior.com\/fr\/#organization\",\"name\":\"H\u00fcbsch\",\"url\":\"https:\/\/hubsch-interior.com\/fr\/\",\"logo\":{\"@type\":\"ImageObject\",\"inLanguage\":\"fr-FR\",\"@id\":\"https:\/\/hubsch-interior.com\/fr\/#\/schema\/logo\/image\/\",\"url\":\"https:\/\/hubsch-interior.com\/wp-content\/uploads\/2022\/12\/Hubsch_logo_black_one_line.svg\",\"contentUrl\":\"https:\/\/hubsch-interior.com\/wp-content\/uploads\/2022\/12\/Hubsch_logo_black_one_line.svg\",\"caption\":\"H\u00fcbsch\"},\"image\":{\"@id\":\"https:\/\/hubsch-interior.com\/fr\/#\/schema\/logo\/image\/\"}}]}<\/script>\n<!-- \/ Yoast SEO plugin. -->","yoast_head_json":{"title":"Fuyu Assiette Medium Textur\u00e9 - H\u00fcbsch","description":"Vous vous rappelez quand votre grand-m\u00e8re sortait le service vaisselle haut de gamme pour le d\u00e9jeuner du dimanche ? Avec cette assiette en verre","robots":{"index":"index","follow":"follow","max-snippet":"max-snippet:-1","max-image-preview":"max-image-preview:large","max-video-preview":"max-video-preview:-1"},"canonical":"https:\/\/hubsch-interior.com\/fr\/wp-json\/wp\/v2\/product\/398428","og_locale":"fr_FR","og_type":"article","og_title":"Fuyu Assiette Medium Textur\u00e9 - H\u00fcbsch","og_description":"Vous vous rappelez quand votre grand-m\u00e8re sortait le service vaisselle haut de gamme pour le d\u00e9jeuner du dimanche ? Avec cette assiette en verre","og_url":"https:\/\/hubsch-interior.com\/fr\/produit\/fuyu-assiette-medium-texture\/","og_site_name":"H\u00fcbsch","article_modified_time":"2026-04-09T02:25:33+00:00","og_image":[{"width":1200,"height":1200,"url":"https:\/\/hubsch-interior.com\/wp-content\/uploads\/2023\/08\/fuyu-plate-medium-texturedclear-773330558edd7ecf00e7830245e33ca7.jpg","type":"image\/jpeg"}],"twitter_card":"summary_large_image","schema":{"@context":"https:\/\/schema.org","@graph":[{"@type":"WebPage","@id":"https:\/\/hubsch-interior.com\/fr\/produit\/fuyu-assiette-medium-texture\/","url":"https:\/\/hubsch-interior.com\/fr\/produit\/fuyu-assiette-medium-texture\/","name":"Fuyu Assiette Medium Textur\u00e9 - H\u00fcbsch","isPartOf":{"@id":"https:\/\/hubsch-interior.com\/fr\/#website"},"primaryImageOfPage":{"@id":"https:\/\/hubsch-interior.com\/fr\/produit\/fuyu-assiette-medium-texture\/#primaryimage"},"image":{"@id":"https:\/\/hubsch-interior.com\/fr\/produit\/fuyu-assiette-medium-texture\/#primaryimage"},"thumbnailUrl":"https:\/\/hubsch-interior.com\/wp-content\/uploads\/2026\/02\/fuyu-plate-medium-textured-6c0b1fc1c906a5d7bd86b494fa2d27a9.jpg","datePublished":"2021-06-13T20:39:00+00:00","dateModified":"2026-04-09T02:25:33+00:00","description":"Vous vous rappelez quand votre grand-m\u00e8re sortait le service vaisselle haut de gamme pour le d\u00e9jeuner du dimanche ? Avec cette assiette en verre","breadcrumb":{"@id":"https:\/\/hubsch-interior.com\/fr\/produit\/fuyu-assiette-medium-texture\/#breadcrumb"},"inLanguage":"fr-FR","potentialAction":[{"@type":"ReadAction","target":["https:\/\/hubsch-interior.com\/fr\/produit\/fuyu-assiette-medium-texture\/"]}]},{"@type":"ImageObject","inLanguage":"fr-FR","@id":"https:\/\/hubsch-interior.com\/fr\/produit\/fuyu-assiette-medium-texture\/#primaryimage","url":"https:\/\/hubsch-interior.com\/wp-content\/uploads\/2026\/02\/fuyu-plate-medium-textured-6c0b1fc1c906a5d7bd86b494fa2d27a9.jpg","contentUrl":"https:\/\/hubsch-interior.com\/wp-content\/uploads\/2026\/02\/fuyu-plate-medium-textured-6c0b1fc1c906a5d7bd86b494fa2d27a9.jpg","width":1024,"height":1024},{"@type":"BreadcrumbList","@id":"https:\/\/hubsch-interior.com\/fr\/produit\/fuyu-assiette-medium-texture\/#breadcrumb","itemListElement":[{"@type":"ListItem","position":1,"name":"Page d'accueil","item":"https:\/\/hubsch-interior.com\/fr\/"},{"@type":"ListItem","position":2,"name":"Produits","item":"https:\/\/hubsch-interior.com\/fr\/shop-2\/"},{"@type":"ListItem","position":3,"name":"Cuisine","item":"https:\/\/hubsch-interior.com\/fr\/categorie-produit\/cuisine\/"},{"@type":"ListItem","position":4,"name":"Vaisselle","item":"https:\/\/hubsch-interior.com\/fr\/categorie-produit\/cuisine\/vaisselle-fr-2\/"},{"@type":"ListItem","position":5,"name":"Assiettes et bols","item":"https:\/\/hubsch-interior.com\/fr\/categorie-produit\/cuisine\/vaisselle-fr-2\/assiettes-et-bols-fr\/"},{"@type":"ListItem","position":6,"name":"Fuyu Assiette Medium Textur\u00e9"}]},{"@type":"WebSite","@id":"https:\/\/hubsch-interior.com\/fr\/#website","url":"https:\/\/hubsch-interior.com\/fr\/","name":"H\u00fcbsch","description":"Danish Home Interior and Design","publisher":{"@id":"https:\/\/hubsch-interior.com\/fr\/#organization"},"potentialAction":[{"@type":"SearchAction","target":{"@type":"EntryPoint","urlTemplate":"https:\/\/hubsch-interior.com\/fr\/?s={search_term_string}"},"query-input":{"@type":"PropertyValueSpecification","valueRequired":true,"valueName":"search_term_string"}}],"inLanguage":"fr-FR"},{"@type":"Organization","@id":"https:\/\/hubsch-interior.com\/fr\/#organization","name":"H\u00fcbsch","url":"https:\/\/hubsch-interior.com\/fr\/","logo":{"@type":"ImageObject","inLanguage":"fr-FR","@id":"https:\/\/hubsch-interior.com\/fr\/#\/schema\/logo\/image\/","url":"https:\/\/hubsch-interior.com\/wp-content\/uploads\/2022\/12\/Hubsch_logo_black_one_line.svg","contentUrl":"https:\/\/hubsch-interior.com\/wp-content\/uploads\/2022\/12\/Hubsch_logo_black_one_line.svg","caption":"H\u00fcbsch"},"image":{"@id":"https:\/\/hubsch-interior.com\/fr\/#\/schema\/logo\/image\/"}}]}},"_links":{"self":[{"href":"https:\/\/hubsch-interior.com\/fr\/wp-json\/wp\/v2\/product\/398428","targetHints":{"allow":["GET"]}}],"collection":[{"href":"https:\/\/hubsch-interior.com\/fr\/wp-json\/wp\/v2\/product"}],"about":[{"href":"https:\/\/hubsch-interior.com\/fr\/wp-json\/wp\/v2\/types\/product"}],"wp:featuredmedia":[{"embeddable":true,"href":"https:\/\/hubsch-interior.com\/fr\/wp-json\/wp\/v2\/media\/1095801"}],"wp:attachment":[{"href":"https:\/\/hubsch-interior.com\/fr\/wp-json\/wp\/v2\/media?parent=398428"}],"wp:term":[{"taxonomy":"product_brand","embeddable":true,"href":"https:\/\/hubsch-interior.com\/fr\/wp-json\/wp\/v2\/product_brand?post=398428"},{"taxonomy":"product_cat","embeddable":true,"href":"https:\/\/hubsch-interior.com\/fr\/wp-json\/wp\/v2\/product_cat?post=398428"},{"taxonomy":"product_tag","embeddable":true,"href":"https:\/\/hubsch-interior.com\/fr\/wp-json\/wp\/v2\/product_tag?post=398428"}],"curies":[{"name":"wp","href":"https:\/\/api.w.org\/{rel}","templated":true}]}}