{"id":398444,"date":"2021-06-13T22:40:08","date_gmt":"2021-06-13T20:40:08","guid":{"rendered":"https:\/\/hubsch-interior.com\/shop-b2c\/product\/product\/"},"modified":"2026-04-09T04:29:16","modified_gmt":"2026-04-09T02:29:16","slug":"cuddle-plaid-bleu-petrole-burgundy","status":"publish","type":"product","link":"https:\/\/hubsch-interior.com\/fr\/produit\/cuddle-plaid-bleu-petrole-burgundy\/","title":{"rendered":"Cuddle Plaid Bleu p\u00e9trole\/Burgundy"},"content":{"rendered":"<p>Notre plaid en coton OEKO-TEX\u00ae STANDARD 100\u00ae est l\u2019\u00e9l\u00e9ment indispensable pour relooker votre canap\u00e9. Que ce soit pour se blottir en regardant Netflix ou pour ajouter une couche suppl\u00e9mentaire sur votre lit pour plus de confort et de bien-\u00eatre. Ce joli plaid bleu et bordeaux est si doux que vous aurez du mal \u00e0 vous en passer.<\/p>\n","protected":false},"excerpt":{"rendered":"<p>Notre plaid en coton OEKO-TEX\u00ae STANDARD 100\u00ae est l\u2019\u00e9l\u00e9ment indispensable pour relooker votre canap\u00e9. Que ce soit pour se blottir en regardant Netflix ou pour ajouter une couche suppl\u00e9mentaire sur votre lit pour plus de confort et de bien-\u00eatre. Ce joli plaid bleu et bordeaux est si doux que vous aurez du mal \u00e0 vous [&hellip;]<\/p>\n","protected":false},"featured_media":1096699,"template":"","meta":{"_acf_changed":false,"inline_featured_image":false},"product_brand":[],"product_cat":[5026,4942,3002],"product_tag":[],"class_list":{"0":"post-398444","1":"product","2":"type-product","3":"status-publish","4":"has-post-thumbnail","6":"product_cat-bestsellers-fr","7":"product_cat-plaids-fr","8":"product_cat-textile","9":"product_shipping_class-pk","11":"pa_color-bleu-ptrole","12":"pa_color-burgundy-fr","13":"pa_material-cotton-100-fr","15":"first","16":"instock","17":"featured","18":"taxable","19":"shipping-taxable","20":"purchasable","21":"product-type-simple"},"exclude_global_add_ons":[],"addons":[],"acf":[],"yoast_head":"<!-- This site is optimized with the Yoast SEO plugin v26.4 - https:\/\/yoast.com\/wordpress\/plugins\/seo\/ -->\n<title>Cuddle Plaid Bleu p\u00e9trole\/Burgundy - H\u00fcbsch<\/title>\n<meta name=\"description\" content=\"Notre plaid en coton OEKO-TEX\u00ae STANDARD 100\u00ae est l\u2019\u00e9l\u00e9ment indispensable pour relooker votre canap\u00e9. Que ce soit pour se blottir en regardant Netflix ou\" \/>\n<meta name=\"robots\" content=\"index, follow, max-snippet:-1, max-image-preview:large, max-video-preview:-1\" \/>\n<link rel=\"canonical\" href=\"https:\/\/hubsch-interior.com\/fr\/wp-json\/wp\/v2\/product\/398444\" \/>\n<meta property=\"og:locale\" content=\"fr_FR\" \/>\n<meta property=\"og:type\" content=\"article\" \/>\n<meta property=\"og:title\" content=\"Cuddle Plaid Bleu p\u00e9trole\/Burgundy - H\u00fcbsch\" \/>\n<meta property=\"og:description\" content=\"Notre plaid en coton OEKO-TEX\u00ae STANDARD 100\u00ae est l\u2019\u00e9l\u00e9ment indispensable pour relooker votre canap\u00e9. Que ce soit pour se blottir en regardant Netflix ou\" \/>\n<meta property=\"og:url\" content=\"https:\/\/hubsch-interior.com\/fr\/produit\/cuddle-plaid-bleu-petrole-burgundy\/\" \/>\n<meta property=\"og:site_name\" content=\"H\u00fcbsch\" \/>\n<meta property=\"article:modified_time\" content=\"2026-04-09T02:29:16+00:00\" \/>\n<meta property=\"og:image\" content=\"https:\/\/hubsch-interior.com\/wp-content\/uploads\/2026\/02\/cuddle-plaid-petrolburgundy-40b692e0ae3c1aa7fcadb20c1d1ef102.jpg\" \/>\n\t<meta property=\"og:image:width\" content=\"1024\" \/>\n\t<meta property=\"og:image:height\" content=\"1024\" \/>\n\t<meta property=\"og:image:type\" content=\"image\/jpeg\" \/>\n<meta name=\"twitter:card\" content=\"summary_large_image\" \/>\n<script type=\"application\/ld+json\" class=\"yoast-schema-graph\">{\"@context\":\"https:\/\/schema.org\",\"@graph\":[{\"@type\":\"WebPage\",\"@id\":\"https:\/\/hubsch-interior.com\/fr\/produit\/cuddle-plaid-bleu-petrole-burgundy\/\",\"url\":\"https:\/\/hubsch-interior.com\/fr\/produit\/cuddle-plaid-bleu-petrole-burgundy\/\",\"name\":\"Cuddle Plaid Bleu p\u00e9trole\/Burgundy - H\u00fcbsch\",\"isPartOf\":{\"@id\":\"https:\/\/hubsch-interior.com\/fr\/#website\"},\"primaryImageOfPage\":{\"@id\":\"https:\/\/hubsch-interior.com\/fr\/produit\/cuddle-plaid-bleu-petrole-burgundy\/#primaryimage\"},\"image\":{\"@id\":\"https:\/\/hubsch-interior.com\/fr\/produit\/cuddle-plaid-bleu-petrole-burgundy\/#primaryimage\"},\"thumbnailUrl\":\"https:\/\/hubsch-interior.com\/wp-content\/uploads\/2026\/02\/cuddle-plaid-petrolburgundy-40b692e0ae3c1aa7fcadb20c1d1ef102.jpg\",\"datePublished\":\"2021-06-13T20:40:08+00:00\",\"dateModified\":\"2026-04-09T02:29:16+00:00\",\"description\":\"Notre plaid en coton OEKO-TEX\u00ae STANDARD 100\u00ae est l\u2019\u00e9l\u00e9ment indispensable pour relooker votre canap\u00e9. Que ce soit pour se blottir en regardant Netflix ou\",\"breadcrumb\":{\"@id\":\"https:\/\/hubsch-interior.com\/fr\/produit\/cuddle-plaid-bleu-petrole-burgundy\/#breadcrumb\"},\"inLanguage\":\"fr-FR\",\"potentialAction\":[{\"@type\":\"ReadAction\",\"target\":[\"https:\/\/hubsch-interior.com\/fr\/produit\/cuddle-plaid-bleu-petrole-burgundy\/\"]}]},{\"@type\":\"ImageObject\",\"inLanguage\":\"fr-FR\",\"@id\":\"https:\/\/hubsch-interior.com\/fr\/produit\/cuddle-plaid-bleu-petrole-burgundy\/#primaryimage\",\"url\":\"https:\/\/hubsch-interior.com\/wp-content\/uploads\/2026\/02\/cuddle-plaid-petrolburgundy-40b692e0ae3c1aa7fcadb20c1d1ef102.jpg\",\"contentUrl\":\"https:\/\/hubsch-interior.com\/wp-content\/uploads\/2026\/02\/cuddle-plaid-petrolburgundy-40b692e0ae3c1aa7fcadb20c1d1ef102.jpg\",\"width\":1024,\"height\":1024},{\"@type\":\"BreadcrumbList\",\"@id\":\"https:\/\/hubsch-interior.com\/fr\/produit\/cuddle-plaid-bleu-petrole-burgundy\/#breadcrumb\",\"itemListElement\":[{\"@type\":\"ListItem\",\"position\":1,\"name\":\"Page d'accueil\",\"item\":\"https:\/\/hubsch-interior.com\/fr\/\"},{\"@type\":\"ListItem\",\"position\":2,\"name\":\"Produits\",\"item\":\"https:\/\/hubsch-interior.com\/fr\/shop-2\/\"},{\"@type\":\"ListItem\",\"position\":3,\"name\":\"Textiles\",\"item\":\"https:\/\/hubsch-interior.com\/fr\/categorie-produit\/textile\/\"},{\"@type\":\"ListItem\",\"position\":4,\"name\":\"Plaids\",\"item\":\"https:\/\/hubsch-interior.com\/fr\/categorie-produit\/textile\/plaids-fr\/\"},{\"@type\":\"ListItem\",\"position\":5,\"name\":\"Cuddle Plaid Bleu p\u00e9trole\/Burgundy\"}]},{\"@type\":\"WebSite\",\"@id\":\"https:\/\/hubsch-interior.com\/fr\/#website\",\"url\":\"https:\/\/hubsch-interior.com\/fr\/\",\"name\":\"H\u00fcbsch\",\"description\":\"Danish Home Interior and Design\",\"publisher\":{\"@id\":\"https:\/\/hubsch-interior.com\/fr\/#organization\"},\"potentialAction\":[{\"@type\":\"SearchAction\",\"target\":{\"@type\":\"EntryPoint\",\"urlTemplate\":\"https:\/\/hubsch-interior.com\/fr\/?s={search_term_string}\"},\"query-input\":{\"@type\":\"PropertyValueSpecification\",\"valueRequired\":true,\"valueName\":\"search_term_string\"}}],\"inLanguage\":\"fr-FR\"},{\"@type\":\"Organization\",\"@id\":\"https:\/\/hubsch-interior.com\/fr\/#organization\",\"name\":\"H\u00fcbsch\",\"url\":\"https:\/\/hubsch-interior.com\/fr\/\",\"logo\":{\"@type\":\"ImageObject\",\"inLanguage\":\"fr-FR\",\"@id\":\"https:\/\/hubsch-interior.com\/fr\/#\/schema\/logo\/image\/\",\"url\":\"https:\/\/hubsch-interior.com\/wp-content\/uploads\/2022\/12\/Hubsch_logo_black_one_line.svg\",\"contentUrl\":\"https:\/\/hubsch-interior.com\/wp-content\/uploads\/2022\/12\/Hubsch_logo_black_one_line.svg\",\"caption\":\"H\u00fcbsch\"},\"image\":{\"@id\":\"https:\/\/hubsch-interior.com\/fr\/#\/schema\/logo\/image\/\"}}]}<\/script>\n<!-- \/ Yoast SEO plugin. -->","yoast_head_json":{"title":"Cuddle Plaid Bleu p\u00e9trole\/Burgundy - H\u00fcbsch","description":"Notre plaid en coton OEKO-TEX\u00ae STANDARD 100\u00ae est l\u2019\u00e9l\u00e9ment indispensable pour relooker votre canap\u00e9. Que ce soit pour se blottir en regardant Netflix ou","robots":{"index":"index","follow":"follow","max-snippet":"max-snippet:-1","max-image-preview":"max-image-preview:large","max-video-preview":"max-video-preview:-1"},"canonical":"https:\/\/hubsch-interior.com\/fr\/wp-json\/wp\/v2\/product\/398444","og_locale":"fr_FR","og_type":"article","og_title":"Cuddle Plaid Bleu p\u00e9trole\/Burgundy - H\u00fcbsch","og_description":"Notre plaid en coton OEKO-TEX\u00ae STANDARD 100\u00ae est l\u2019\u00e9l\u00e9ment indispensable pour relooker votre canap\u00e9. Que ce soit pour se blottir en regardant Netflix ou","og_url":"https:\/\/hubsch-interior.com\/fr\/produit\/cuddle-plaid-bleu-petrole-burgundy\/","og_site_name":"H\u00fcbsch","article_modified_time":"2026-04-09T02:29:16+00:00","og_image":[{"width":1024,"height":1024,"url":"https:\/\/hubsch-interior.com\/wp-content\/uploads\/2026\/02\/cuddle-plaid-petrolburgundy-40b692e0ae3c1aa7fcadb20c1d1ef102.jpg","type":"image\/jpeg"}],"twitter_card":"summary_large_image","schema":{"@context":"https:\/\/schema.org","@graph":[{"@type":"WebPage","@id":"https:\/\/hubsch-interior.com\/fr\/produit\/cuddle-plaid-bleu-petrole-burgundy\/","url":"https:\/\/hubsch-interior.com\/fr\/produit\/cuddle-plaid-bleu-petrole-burgundy\/","name":"Cuddle Plaid Bleu p\u00e9trole\/Burgundy - H\u00fcbsch","isPartOf":{"@id":"https:\/\/hubsch-interior.com\/fr\/#website"},"primaryImageOfPage":{"@id":"https:\/\/hubsch-interior.com\/fr\/produit\/cuddle-plaid-bleu-petrole-burgundy\/#primaryimage"},"image":{"@id":"https:\/\/hubsch-interior.com\/fr\/produit\/cuddle-plaid-bleu-petrole-burgundy\/#primaryimage"},"thumbnailUrl":"https:\/\/hubsch-interior.com\/wp-content\/uploads\/2026\/02\/cuddle-plaid-petrolburgundy-40b692e0ae3c1aa7fcadb20c1d1ef102.jpg","datePublished":"2021-06-13T20:40:08+00:00","dateModified":"2026-04-09T02:29:16+00:00","description":"Notre plaid en coton OEKO-TEX\u00ae STANDARD 100\u00ae est l\u2019\u00e9l\u00e9ment indispensable pour relooker votre canap\u00e9. Que ce soit pour se blottir en regardant Netflix ou","breadcrumb":{"@id":"https:\/\/hubsch-interior.com\/fr\/produit\/cuddle-plaid-bleu-petrole-burgundy\/#breadcrumb"},"inLanguage":"fr-FR","potentialAction":[{"@type":"ReadAction","target":["https:\/\/hubsch-interior.com\/fr\/produit\/cuddle-plaid-bleu-petrole-burgundy\/"]}]},{"@type":"ImageObject","inLanguage":"fr-FR","@id":"https:\/\/hubsch-interior.com\/fr\/produit\/cuddle-plaid-bleu-petrole-burgundy\/#primaryimage","url":"https:\/\/hubsch-interior.com\/wp-content\/uploads\/2026\/02\/cuddle-plaid-petrolburgundy-40b692e0ae3c1aa7fcadb20c1d1ef102.jpg","contentUrl":"https:\/\/hubsch-interior.com\/wp-content\/uploads\/2026\/02\/cuddle-plaid-petrolburgundy-40b692e0ae3c1aa7fcadb20c1d1ef102.jpg","width":1024,"height":1024},{"@type":"BreadcrumbList","@id":"https:\/\/hubsch-interior.com\/fr\/produit\/cuddle-plaid-bleu-petrole-burgundy\/#breadcrumb","itemListElement":[{"@type":"ListItem","position":1,"name":"Page d'accueil","item":"https:\/\/hubsch-interior.com\/fr\/"},{"@type":"ListItem","position":2,"name":"Produits","item":"https:\/\/hubsch-interior.com\/fr\/shop-2\/"},{"@type":"ListItem","position":3,"name":"Textiles","item":"https:\/\/hubsch-interior.com\/fr\/categorie-produit\/textile\/"},{"@type":"ListItem","position":4,"name":"Plaids","item":"https:\/\/hubsch-interior.com\/fr\/categorie-produit\/textile\/plaids-fr\/"},{"@type":"ListItem","position":5,"name":"Cuddle Plaid Bleu p\u00e9trole\/Burgundy"}]},{"@type":"WebSite","@id":"https:\/\/hubsch-interior.com\/fr\/#website","url":"https:\/\/hubsch-interior.com\/fr\/","name":"H\u00fcbsch","description":"Danish Home Interior and Design","publisher":{"@id":"https:\/\/hubsch-interior.com\/fr\/#organization"},"potentialAction":[{"@type":"SearchAction","target":{"@type":"EntryPoint","urlTemplate":"https:\/\/hubsch-interior.com\/fr\/?s={search_term_string}"},"query-input":{"@type":"PropertyValueSpecification","valueRequired":true,"valueName":"search_term_string"}}],"inLanguage":"fr-FR"},{"@type":"Organization","@id":"https:\/\/hubsch-interior.com\/fr\/#organization","name":"H\u00fcbsch","url":"https:\/\/hubsch-interior.com\/fr\/","logo":{"@type":"ImageObject","inLanguage":"fr-FR","@id":"https:\/\/hubsch-interior.com\/fr\/#\/schema\/logo\/image\/","url":"https:\/\/hubsch-interior.com\/wp-content\/uploads\/2022\/12\/Hubsch_logo_black_one_line.svg","contentUrl":"https:\/\/hubsch-interior.com\/wp-content\/uploads\/2022\/12\/Hubsch_logo_black_one_line.svg","caption":"H\u00fcbsch"},"image":{"@id":"https:\/\/hubsch-interior.com\/fr\/#\/schema\/logo\/image\/"}}]}},"_links":{"self":[{"href":"https:\/\/hubsch-interior.com\/fr\/wp-json\/wp\/v2\/product\/398444","targetHints":{"allow":["GET"]}}],"collection":[{"href":"https:\/\/hubsch-interior.com\/fr\/wp-json\/wp\/v2\/product"}],"about":[{"href":"https:\/\/hubsch-interior.com\/fr\/wp-json\/wp\/v2\/types\/product"}],"wp:featuredmedia":[{"embeddable":true,"href":"https:\/\/hubsch-interior.com\/fr\/wp-json\/wp\/v2\/media\/1096699"}],"wp:attachment":[{"href":"https:\/\/hubsch-interior.com\/fr\/wp-json\/wp\/v2\/media?parent=398444"}],"wp:term":[{"taxonomy":"product_brand","embeddable":true,"href":"https:\/\/hubsch-interior.com\/fr\/wp-json\/wp\/v2\/product_brand?post=398444"},{"taxonomy":"product_cat","embeddable":true,"href":"https:\/\/hubsch-interior.com\/fr\/wp-json\/wp\/v2\/product_cat?post=398444"},{"taxonomy":"product_tag","embeddable":true,"href":"https:\/\/hubsch-interior.com\/fr\/wp-json\/wp\/v2\/product_tag?post=398444"}],"curies":[{"name":"wp","href":"https:\/\/api.w.org\/{rel}","templated":true}]}}