{"id":398476,"date":"2021-06-13T22:47:43","date_gmt":"2021-06-13T20:47:43","guid":{"rendered":"https:\/\/hubsch-interior.com\/shop-b2c\/product\/product\/"},"modified":"2026-04-05T04:37:33","modified_gmt":"2026-04-05T02:37:33","slug":"lemonade-carafe-ambre","status":"publish","type":"product","link":"https:\/\/hubsch-interior.com\/fr\/produit\/lemonade-carafe-ambre\/","title":{"rendered":"Lemonade Carafe Ambre"},"content":{"rendered":"<p>Les carafes en verre color\u00e9es sont indispensables pour le dressage de table. Cette carafe transparente de couleur ambr\u00e9e avec une base rose, plaira sans h\u00e9sitation \u00e0 tout le monde. Parfait pour servir de l&#8217;eau, de la limonade ou toute autre boisson non alcoolis\u00e9e, cette carafe en verre attirera l\u2019attention de vos invit\u00e9s \u00e0 coup s\u00fbr. Disponible en deux couleurs.<\/p>\n","protected":false},"excerpt":{"rendered":"<p>Les carafes en verre color\u00e9es sont indispensables pour le dressage de table. Cette carafe transparente de couleur ambr\u00e9e avec une base rose, plaira sans h\u00e9sitation \u00e0 tout le monde. Parfait pour servir de l&#8217;eau, de la limonade ou toute autre boisson non alcoolis\u00e9e, cette carafe en verre attirera l\u2019attention de vos invit\u00e9s \u00e0 coup s\u00fbr. [&hellip;]<\/p>\n","protected":false},"featured_media":1098966,"template":"","meta":{"_acf_changed":false,"inline_featured_image":false},"product_brand":[],"product_cat":[7027,7033,6348,4053,4095,5026],"product_tag":[],"class_list":{"0":"post-398476","1":"product","2":"type-product","3":"status-publish","4":"has-post-thumbnail","6":"product_cat-vaisselle-fr-2","7":"product_cat-verres-et-carafes-fr","8":"product_cat-garden-selection-fr","9":"product_cat-accessoires-de-cuisine-fr","10":"product_cat-vaisselle-fr","11":"product_cat-bestsellers-fr","12":"product_shipping_class-pk","13":"pa_color-ambre","14":"pa_material-verre-fr","16":"first","17":"outofstock","18":"featured","19":"taxable","20":"shipping-taxable","21":"purchasable","22":"product-type-simple"},"exclude_global_add_ons":[],"addons":[],"acf":[],"yoast_head":"<!-- This site is optimized with the Yoast SEO plugin v26.4 - https:\/\/yoast.com\/wordpress\/plugins\/seo\/ -->\n<title>Lemonade Carafe Ambre - H\u00fcbsch<\/title>\n<meta name=\"description\" content=\"Les carafes en verre color\u00e9es sont indispensables pour le dressage de table. Cette carafe transparente de couleur ambr\u00e9e avec une base rose, plaira sans\" \/>\n<meta name=\"robots\" content=\"index, follow, max-snippet:-1, max-image-preview:large, max-video-preview:-1\" \/>\n<link rel=\"canonical\" href=\"https:\/\/hubsch-interior.com\/fr\/wp-json\/wp\/v2\/product\/398476\" \/>\n<meta property=\"og:locale\" content=\"fr_FR\" \/>\n<meta property=\"og:type\" content=\"article\" \/>\n<meta property=\"og:title\" content=\"Lemonade Carafe Ambre - H\u00fcbsch\" \/>\n<meta property=\"og:description\" content=\"Les carafes en verre color\u00e9es sont indispensables pour le dressage de table. Cette carafe transparente de couleur ambr\u00e9e avec une base rose, plaira sans\" \/>\n<meta property=\"og:url\" content=\"https:\/\/hubsch-interior.com\/fr\/produit\/lemonade-carafe-ambre\/\" \/>\n<meta property=\"og:site_name\" content=\"H\u00fcbsch\" \/>\n<meta property=\"article:modified_time\" content=\"2026-04-05T02:37:33+00:00\" \/>\n<meta property=\"og:image\" content=\"https:\/\/hubsch-interior.com\/wp-content\/uploads\/2024\/01\/lemonade-jug-amber-e29b5c93270ddbfab162ecb4b5762896.jpg\" \/>\n\t<meta property=\"og:image:width\" content=\"1200\" \/>\n\t<meta property=\"og:image:height\" content=\"1200\" \/>\n\t<meta property=\"og:image:type\" content=\"image\/jpeg\" \/>\n<meta name=\"twitter:card\" content=\"summary_large_image\" \/>\n<script type=\"application\/ld+json\" class=\"yoast-schema-graph\">{\"@context\":\"https:\/\/schema.org\",\"@graph\":[{\"@type\":\"WebPage\",\"@id\":\"https:\/\/hubsch-interior.com\/fr\/produit\/lemonade-carafe-ambre\/\",\"url\":\"https:\/\/hubsch-interior.com\/fr\/produit\/lemonade-carafe-ambre\/\",\"name\":\"Lemonade Carafe Ambre - H\u00fcbsch\",\"isPartOf\":{\"@id\":\"https:\/\/hubsch-interior.com\/fr\/#website\"},\"primaryImageOfPage\":{\"@id\":\"https:\/\/hubsch-interior.com\/fr\/produit\/lemonade-carafe-ambre\/#primaryimage\"},\"image\":{\"@id\":\"https:\/\/hubsch-interior.com\/fr\/produit\/lemonade-carafe-ambre\/#primaryimage\"},\"thumbnailUrl\":\"https:\/\/hubsch-interior.com\/wp-content\/uploads\/2026\/02\/lemonade-jug-amber-8de8b043214cb9fc2da6c81bb0ae8988.jpg\",\"datePublished\":\"2021-06-13T20:47:43+00:00\",\"dateModified\":\"2026-04-05T02:37:33+00:00\",\"description\":\"Les carafes en verre color\u00e9es sont indispensables pour le dressage de table. Cette carafe transparente de couleur ambr\u00e9e avec une base rose, plaira sans\",\"breadcrumb\":{\"@id\":\"https:\/\/hubsch-interior.com\/fr\/produit\/lemonade-carafe-ambre\/#breadcrumb\"},\"inLanguage\":\"fr-FR\",\"potentialAction\":[{\"@type\":\"ReadAction\",\"target\":[\"https:\/\/hubsch-interior.com\/fr\/produit\/lemonade-carafe-ambre\/\"]}]},{\"@type\":\"ImageObject\",\"inLanguage\":\"fr-FR\",\"@id\":\"https:\/\/hubsch-interior.com\/fr\/produit\/lemonade-carafe-ambre\/#primaryimage\",\"url\":\"https:\/\/hubsch-interior.com\/wp-content\/uploads\/2026\/02\/lemonade-jug-amber-8de8b043214cb9fc2da6c81bb0ae8988.jpg\",\"contentUrl\":\"https:\/\/hubsch-interior.com\/wp-content\/uploads\/2026\/02\/lemonade-jug-amber-8de8b043214cb9fc2da6c81bb0ae8988.jpg\",\"width\":1024,\"height\":1024},{\"@type\":\"BreadcrumbList\",\"@id\":\"https:\/\/hubsch-interior.com\/fr\/produit\/lemonade-carafe-ambre\/#breadcrumb\",\"itemListElement\":[{\"@type\":\"ListItem\",\"position\":1,\"name\":\"Page d'accueil\",\"item\":\"https:\/\/hubsch-interior.com\/fr\/\"},{\"@type\":\"ListItem\",\"position\":2,\"name\":\"Produits\",\"item\":\"https:\/\/hubsch-interior.com\/fr\/shop-2\/\"},{\"@type\":\"ListItem\",\"position\":3,\"name\":\"Cuisine\",\"item\":\"https:\/\/hubsch-interior.com\/fr\/categorie-produit\/cuisine\/\"},{\"@type\":\"ListItem\",\"position\":4,\"name\":\"Vaisselle\",\"item\":\"https:\/\/hubsch-interior.com\/fr\/categorie-produit\/cuisine\/vaisselle-fr-2\/\"},{\"@type\":\"ListItem\",\"position\":5,\"name\":\"Verres et Carafes\",\"item\":\"https:\/\/hubsch-interior.com\/fr\/categorie-produit\/cuisine\/vaisselle-fr-2\/verres-et-carafes-fr\/\"},{\"@type\":\"ListItem\",\"position\":6,\"name\":\"Lemonade Carafe Ambre\"}]},{\"@type\":\"WebSite\",\"@id\":\"https:\/\/hubsch-interior.com\/fr\/#website\",\"url\":\"https:\/\/hubsch-interior.com\/fr\/\",\"name\":\"H\u00fcbsch\",\"description\":\"Danish Home Interior and Design\",\"publisher\":{\"@id\":\"https:\/\/hubsch-interior.com\/fr\/#organization\"},\"potentialAction\":[{\"@type\":\"SearchAction\",\"target\":{\"@type\":\"EntryPoint\",\"urlTemplate\":\"https:\/\/hubsch-interior.com\/fr\/?s={search_term_string}\"},\"query-input\":{\"@type\":\"PropertyValueSpecification\",\"valueRequired\":true,\"valueName\":\"search_term_string\"}}],\"inLanguage\":\"fr-FR\"},{\"@type\":\"Organization\",\"@id\":\"https:\/\/hubsch-interior.com\/fr\/#organization\",\"name\":\"H\u00fcbsch\",\"url\":\"https:\/\/hubsch-interior.com\/fr\/\",\"logo\":{\"@type\":\"ImageObject\",\"inLanguage\":\"fr-FR\",\"@id\":\"https:\/\/hubsch-interior.com\/fr\/#\/schema\/logo\/image\/\",\"url\":\"https:\/\/hubsch-interior.com\/wp-content\/uploads\/2022\/12\/Hubsch_logo_black_one_line.svg\",\"contentUrl\":\"https:\/\/hubsch-interior.com\/wp-content\/uploads\/2022\/12\/Hubsch_logo_black_one_line.svg\",\"caption\":\"H\u00fcbsch\"},\"image\":{\"@id\":\"https:\/\/hubsch-interior.com\/fr\/#\/schema\/logo\/image\/\"}}]}<\/script>\n<!-- \/ Yoast SEO plugin. -->","yoast_head_json":{"title":"Lemonade Carafe Ambre - H\u00fcbsch","description":"Les carafes en verre color\u00e9es sont indispensables pour le dressage de table. Cette carafe transparente de couleur ambr\u00e9e avec une base rose, plaira sans","robots":{"index":"index","follow":"follow","max-snippet":"max-snippet:-1","max-image-preview":"max-image-preview:large","max-video-preview":"max-video-preview:-1"},"canonical":"https:\/\/hubsch-interior.com\/fr\/wp-json\/wp\/v2\/product\/398476","og_locale":"fr_FR","og_type":"article","og_title":"Lemonade Carafe Ambre - H\u00fcbsch","og_description":"Les carafes en verre color\u00e9es sont indispensables pour le dressage de table. Cette carafe transparente de couleur ambr\u00e9e avec une base rose, plaira sans","og_url":"https:\/\/hubsch-interior.com\/fr\/produit\/lemonade-carafe-ambre\/","og_site_name":"H\u00fcbsch","article_modified_time":"2026-04-05T02:37:33+00:00","og_image":[{"width":1200,"height":1200,"url":"https:\/\/hubsch-interior.com\/wp-content\/uploads\/2024\/01\/lemonade-jug-amber-e29b5c93270ddbfab162ecb4b5762896.jpg","type":"image\/jpeg"}],"twitter_card":"summary_large_image","schema":{"@context":"https:\/\/schema.org","@graph":[{"@type":"WebPage","@id":"https:\/\/hubsch-interior.com\/fr\/produit\/lemonade-carafe-ambre\/","url":"https:\/\/hubsch-interior.com\/fr\/produit\/lemonade-carafe-ambre\/","name":"Lemonade Carafe Ambre - H\u00fcbsch","isPartOf":{"@id":"https:\/\/hubsch-interior.com\/fr\/#website"},"primaryImageOfPage":{"@id":"https:\/\/hubsch-interior.com\/fr\/produit\/lemonade-carafe-ambre\/#primaryimage"},"image":{"@id":"https:\/\/hubsch-interior.com\/fr\/produit\/lemonade-carafe-ambre\/#primaryimage"},"thumbnailUrl":"https:\/\/hubsch-interior.com\/wp-content\/uploads\/2026\/02\/lemonade-jug-amber-8de8b043214cb9fc2da6c81bb0ae8988.jpg","datePublished":"2021-06-13T20:47:43+00:00","dateModified":"2026-04-05T02:37:33+00:00","description":"Les carafes en verre color\u00e9es sont indispensables pour le dressage de table. Cette carafe transparente de couleur ambr\u00e9e avec une base rose, plaira sans","breadcrumb":{"@id":"https:\/\/hubsch-interior.com\/fr\/produit\/lemonade-carafe-ambre\/#breadcrumb"},"inLanguage":"fr-FR","potentialAction":[{"@type":"ReadAction","target":["https:\/\/hubsch-interior.com\/fr\/produit\/lemonade-carafe-ambre\/"]}]},{"@type":"ImageObject","inLanguage":"fr-FR","@id":"https:\/\/hubsch-interior.com\/fr\/produit\/lemonade-carafe-ambre\/#primaryimage","url":"https:\/\/hubsch-interior.com\/wp-content\/uploads\/2026\/02\/lemonade-jug-amber-8de8b043214cb9fc2da6c81bb0ae8988.jpg","contentUrl":"https:\/\/hubsch-interior.com\/wp-content\/uploads\/2026\/02\/lemonade-jug-amber-8de8b043214cb9fc2da6c81bb0ae8988.jpg","width":1024,"height":1024},{"@type":"BreadcrumbList","@id":"https:\/\/hubsch-interior.com\/fr\/produit\/lemonade-carafe-ambre\/#breadcrumb","itemListElement":[{"@type":"ListItem","position":1,"name":"Page d'accueil","item":"https:\/\/hubsch-interior.com\/fr\/"},{"@type":"ListItem","position":2,"name":"Produits","item":"https:\/\/hubsch-interior.com\/fr\/shop-2\/"},{"@type":"ListItem","position":3,"name":"Cuisine","item":"https:\/\/hubsch-interior.com\/fr\/categorie-produit\/cuisine\/"},{"@type":"ListItem","position":4,"name":"Vaisselle","item":"https:\/\/hubsch-interior.com\/fr\/categorie-produit\/cuisine\/vaisselle-fr-2\/"},{"@type":"ListItem","position":5,"name":"Verres et Carafes","item":"https:\/\/hubsch-interior.com\/fr\/categorie-produit\/cuisine\/vaisselle-fr-2\/verres-et-carafes-fr\/"},{"@type":"ListItem","position":6,"name":"Lemonade Carafe Ambre"}]},{"@type":"WebSite","@id":"https:\/\/hubsch-interior.com\/fr\/#website","url":"https:\/\/hubsch-interior.com\/fr\/","name":"H\u00fcbsch","description":"Danish Home Interior and Design","publisher":{"@id":"https:\/\/hubsch-interior.com\/fr\/#organization"},"potentialAction":[{"@type":"SearchAction","target":{"@type":"EntryPoint","urlTemplate":"https:\/\/hubsch-interior.com\/fr\/?s={search_term_string}"},"query-input":{"@type":"PropertyValueSpecification","valueRequired":true,"valueName":"search_term_string"}}],"inLanguage":"fr-FR"},{"@type":"Organization","@id":"https:\/\/hubsch-interior.com\/fr\/#organization","name":"H\u00fcbsch","url":"https:\/\/hubsch-interior.com\/fr\/","logo":{"@type":"ImageObject","inLanguage":"fr-FR","@id":"https:\/\/hubsch-interior.com\/fr\/#\/schema\/logo\/image\/","url":"https:\/\/hubsch-interior.com\/wp-content\/uploads\/2022\/12\/Hubsch_logo_black_one_line.svg","contentUrl":"https:\/\/hubsch-interior.com\/wp-content\/uploads\/2022\/12\/Hubsch_logo_black_one_line.svg","caption":"H\u00fcbsch"},"image":{"@id":"https:\/\/hubsch-interior.com\/fr\/#\/schema\/logo\/image\/"}}]}},"_links":{"self":[{"href":"https:\/\/hubsch-interior.com\/fr\/wp-json\/wp\/v2\/product\/398476","targetHints":{"allow":["GET"]}}],"collection":[{"href":"https:\/\/hubsch-interior.com\/fr\/wp-json\/wp\/v2\/product"}],"about":[{"href":"https:\/\/hubsch-interior.com\/fr\/wp-json\/wp\/v2\/types\/product"}],"wp:featuredmedia":[{"embeddable":true,"href":"https:\/\/hubsch-interior.com\/fr\/wp-json\/wp\/v2\/media\/1098966"}],"wp:attachment":[{"href":"https:\/\/hubsch-interior.com\/fr\/wp-json\/wp\/v2\/media?parent=398476"}],"wp:term":[{"taxonomy":"product_brand","embeddable":true,"href":"https:\/\/hubsch-interior.com\/fr\/wp-json\/wp\/v2\/product_brand?post=398476"},{"taxonomy":"product_cat","embeddable":true,"href":"https:\/\/hubsch-interior.com\/fr\/wp-json\/wp\/v2\/product_cat?post=398476"},{"taxonomy":"product_tag","embeddable":true,"href":"https:\/\/hubsch-interior.com\/fr\/wp-json\/wp\/v2\/product_tag?post=398476"}],"curies":[{"name":"wp","href":"https:\/\/api.w.org\/{rel}","templated":true}]}}