{"id":398552,"date":"2021-06-13T22:55:10","date_gmt":"2021-06-13T20:55:10","guid":{"rendered":"https:\/\/hubsch-interior.com\/shop-b2c\/product\/product\/"},"modified":"2026-04-14T04:48:04","modified_gmt":"2026-04-14T02:48:04","slug":"wave-organiseur-de-bureau-naturel","status":"publish","type":"product","link":"https:\/\/hubsch-interior.com\/fr\/produit\/wave-organiseur-de-bureau-naturel\/","title":{"rendered":"Wave Organiseur de bureau Naturel"},"content":{"rendered":"<p>L&#8217;Organiseur de bureau Wave Naturel est un produit durable et \u00e9cologique. Fabriqu\u00e9 en bois de ch\u00eane, il est certifi\u00e9 FSC pour garantir une gestion responsable des for\u00eats. Con\u00e7u pour organiser vos bureaux, cet organiseur est parfait pour vous aider \u00e0 g\u00e9rer vos papiers et fournitures de bureau. Il est \u00e9l\u00e9gant et pratique, offrant une solution facile et pratique \u00e0 votre espace de travail. Avec son design naturel, il sera le compl\u00e9ment parfait \u00e0 votre d\u00e9cor de bureau.<\/p>\n","protected":false},"excerpt":{"rendered":"<p>L&#8217;Organiseur de bureau Wave Naturel est un produit durable et \u00e9cologique. Fabriqu\u00e9 en bois de ch\u00eane, il est certifi\u00e9 FSC pour garantir une gestion responsable des for\u00eats. Con\u00e7u pour organiser vos bureaux, cet organiseur est parfait pour vous aider \u00e0 g\u00e9rer vos papiers et fournitures de bureau. Il est \u00e9l\u00e9gant et pratique, offrant une solution [&hellip;]<\/p>\n","protected":false},"featured_media":1101873,"template":"","meta":{"_acf_changed":false,"inline_featured_image":false},"product_brand":[],"product_cat":[6322,4153,4154,5026],"product_tag":[],"class_list":{"0":"post-398552","1":"product","2":"type-product","3":"status-publish","4":"has-post-thumbnail","6":"product_cat-fsc-fr","7":"product_cat-espace-de-travail-fr","8":"product_cat-fournitures-de-bureau-fr","9":"product_cat-bestsellers-fr","10":"product_shipping_class-pk","12":"pa_color-naturel-2","13":"pa_material-bois-de-chne-2","15":"first","16":"instock","17":"featured","18":"taxable","19":"shipping-taxable","20":"purchasable","21":"product-type-simple"},"exclude_global_add_ons":[],"addons":[],"acf":[],"yoast_head":"<!-- This site is optimized with the Yoast SEO plugin v26.4 - https:\/\/yoast.com\/wordpress\/plugins\/seo\/ -->\n<title>Wave Organiseur de bureau Naturel - H\u00fcbsch<\/title>\n<meta name=\"description\" content=\"L&#039;Organiseur de bureau Wave Naturel est un produit durable et \u00e9cologique. Fabriqu\u00e9 en bois de ch\u00eane, il est certifi\u00e9 FSC pour garantir une gestion\" \/>\n<meta name=\"robots\" content=\"index, follow, max-snippet:-1, max-image-preview:large, max-video-preview:-1\" \/>\n<link rel=\"canonical\" href=\"https:\/\/hubsch-interior.com\/fr\/wp-json\/wp\/v2\/product\/398552\" \/>\n<meta property=\"og:locale\" content=\"fr_FR\" \/>\n<meta property=\"og:type\" content=\"article\" \/>\n<meta property=\"og:title\" content=\"Wave Organiseur de bureau Naturel - H\u00fcbsch\" \/>\n<meta property=\"og:description\" content=\"L&#039;Organiseur de bureau Wave Naturel est un produit durable et \u00e9cologique. Fabriqu\u00e9 en bois de ch\u00eane, il est certifi\u00e9 FSC pour garantir une gestion\" \/>\n<meta property=\"og:url\" content=\"https:\/\/hubsch-interior.com\/fr\/produit\/wave-organiseur-de-bureau-naturel\/\" \/>\n<meta property=\"og:site_name\" content=\"H\u00fcbsch\" \/>\n<meta property=\"article:modified_time\" content=\"2026-04-14T02:48:04+00:00\" \/>\n<meta property=\"og:image\" content=\"https:\/\/hubsch-interior.com\/wp-content\/uploads\/2023\/08\/wave-desk-organiser-natural-8bf6ab1118d527b67fde0731b6c0ea73.jpg\" \/>\n\t<meta property=\"og:image:width\" content=\"1200\" \/>\n\t<meta property=\"og:image:height\" content=\"1200\" \/>\n\t<meta property=\"og:image:type\" content=\"image\/jpeg\" \/>\n<meta name=\"twitter:card\" content=\"summary_large_image\" \/>\n<script type=\"application\/ld+json\" class=\"yoast-schema-graph\">{\"@context\":\"https:\/\/schema.org\",\"@graph\":[{\"@type\":\"WebPage\",\"@id\":\"https:\/\/hubsch-interior.com\/fr\/produit\/wave-organiseur-de-bureau-naturel\/\",\"url\":\"https:\/\/hubsch-interior.com\/fr\/produit\/wave-organiseur-de-bureau-naturel\/\",\"name\":\"Wave Organiseur de bureau Naturel - H\u00fcbsch\",\"isPartOf\":{\"@id\":\"https:\/\/hubsch-interior.com\/fr\/#website\"},\"primaryImageOfPage\":{\"@id\":\"https:\/\/hubsch-interior.com\/fr\/produit\/wave-organiseur-de-bureau-naturel\/#primaryimage\"},\"image\":{\"@id\":\"https:\/\/hubsch-interior.com\/fr\/produit\/wave-organiseur-de-bureau-naturel\/#primaryimage\"},\"thumbnailUrl\":\"https:\/\/hubsch-interior.com\/wp-content\/uploads\/2026\/02\/wave-desk-organiser-natural-31ca94e8a9bca36d8f2e3ab1e2f133fa.jpg\",\"datePublished\":\"2021-06-13T20:55:10+00:00\",\"dateModified\":\"2026-04-14T02:48:04+00:00\",\"description\":\"L'Organiseur de bureau Wave Naturel est un produit durable et \u00e9cologique. Fabriqu\u00e9 en bois de ch\u00eane, il est certifi\u00e9 FSC pour garantir une gestion\",\"breadcrumb\":{\"@id\":\"https:\/\/hubsch-interior.com\/fr\/produit\/wave-organiseur-de-bureau-naturel\/#breadcrumb\"},\"inLanguage\":\"fr-FR\",\"potentialAction\":[{\"@type\":\"ReadAction\",\"target\":[\"https:\/\/hubsch-interior.com\/fr\/produit\/wave-organiseur-de-bureau-naturel\/\"]}]},{\"@type\":\"ImageObject\",\"inLanguage\":\"fr-FR\",\"@id\":\"https:\/\/hubsch-interior.com\/fr\/produit\/wave-organiseur-de-bureau-naturel\/#primaryimage\",\"url\":\"https:\/\/hubsch-interior.com\/wp-content\/uploads\/2026\/02\/wave-desk-organiser-natural-31ca94e8a9bca36d8f2e3ab1e2f133fa.jpg\",\"contentUrl\":\"https:\/\/hubsch-interior.com\/wp-content\/uploads\/2026\/02\/wave-desk-organiser-natural-31ca94e8a9bca36d8f2e3ab1e2f133fa.jpg\",\"width\":1024,\"height\":1024},{\"@type\":\"BreadcrumbList\",\"@id\":\"https:\/\/hubsch-interior.com\/fr\/produit\/wave-organiseur-de-bureau-naturel\/#breadcrumb\",\"itemListElement\":[{\"@type\":\"ListItem\",\"position\":1,\"name\":\"Page d'accueil\",\"item\":\"https:\/\/hubsch-interior.com\/fr\/\"},{\"@type\":\"ListItem\",\"position\":2,\"name\":\"Produits\",\"item\":\"https:\/\/hubsch-interior.com\/fr\/shop-2\/\"},{\"@type\":\"ListItem\",\"position\":3,\"name\":\"Accessoires maison\",\"item\":\"https:\/\/hubsch-interior.com\/fr\/categorie-produit\/accessoires-maison\/\"},{\"@type\":\"ListItem\",\"position\":4,\"name\":\"Espace de travail\",\"item\":\"https:\/\/hubsch-interior.com\/fr\/categorie-produit\/accessoires-maison\/espace-de-travail-fr\/\"},{\"@type\":\"ListItem\",\"position\":5,\"name\":\"Fournitures de bureau\",\"item\":\"https:\/\/hubsch-interior.com\/fr\/categorie-produit\/accessoires-maison\/espace-de-travail-fr\/fournitures-de-bureau-fr\/\"},{\"@type\":\"ListItem\",\"position\":6,\"name\":\"Wave Organiseur de bureau Naturel\"}]},{\"@type\":\"WebSite\",\"@id\":\"https:\/\/hubsch-interior.com\/fr\/#website\",\"url\":\"https:\/\/hubsch-interior.com\/fr\/\",\"name\":\"H\u00fcbsch\",\"description\":\"Danish Home Interior and Design\",\"publisher\":{\"@id\":\"https:\/\/hubsch-interior.com\/fr\/#organization\"},\"potentialAction\":[{\"@type\":\"SearchAction\",\"target\":{\"@type\":\"EntryPoint\",\"urlTemplate\":\"https:\/\/hubsch-interior.com\/fr\/?s={search_term_string}\"},\"query-input\":{\"@type\":\"PropertyValueSpecification\",\"valueRequired\":true,\"valueName\":\"search_term_string\"}}],\"inLanguage\":\"fr-FR\"},{\"@type\":\"Organization\",\"@id\":\"https:\/\/hubsch-interior.com\/fr\/#organization\",\"name\":\"H\u00fcbsch\",\"url\":\"https:\/\/hubsch-interior.com\/fr\/\",\"logo\":{\"@type\":\"ImageObject\",\"inLanguage\":\"fr-FR\",\"@id\":\"https:\/\/hubsch-interior.com\/fr\/#\/schema\/logo\/image\/\",\"url\":\"https:\/\/hubsch-interior.com\/wp-content\/uploads\/2022\/12\/Hubsch_logo_black_one_line.svg\",\"contentUrl\":\"https:\/\/hubsch-interior.com\/wp-content\/uploads\/2022\/12\/Hubsch_logo_black_one_line.svg\",\"caption\":\"H\u00fcbsch\"},\"image\":{\"@id\":\"https:\/\/hubsch-interior.com\/fr\/#\/schema\/logo\/image\/\"}}]}<\/script>\n<!-- \/ Yoast SEO plugin. -->","yoast_head_json":{"title":"Wave Organiseur de bureau Naturel - H\u00fcbsch","description":"L'Organiseur de bureau Wave Naturel est un produit durable et \u00e9cologique. Fabriqu\u00e9 en bois de ch\u00eane, il est certifi\u00e9 FSC pour garantir une gestion","robots":{"index":"index","follow":"follow","max-snippet":"max-snippet:-1","max-image-preview":"max-image-preview:large","max-video-preview":"max-video-preview:-1"},"canonical":"https:\/\/hubsch-interior.com\/fr\/wp-json\/wp\/v2\/product\/398552","og_locale":"fr_FR","og_type":"article","og_title":"Wave Organiseur de bureau Naturel - H\u00fcbsch","og_description":"L'Organiseur de bureau Wave Naturel est un produit durable et \u00e9cologique. Fabriqu\u00e9 en bois de ch\u00eane, il est certifi\u00e9 FSC pour garantir une gestion","og_url":"https:\/\/hubsch-interior.com\/fr\/produit\/wave-organiseur-de-bureau-naturel\/","og_site_name":"H\u00fcbsch","article_modified_time":"2026-04-14T02:48:04+00:00","og_image":[{"width":1200,"height":1200,"url":"https:\/\/hubsch-interior.com\/wp-content\/uploads\/2023\/08\/wave-desk-organiser-natural-8bf6ab1118d527b67fde0731b6c0ea73.jpg","type":"image\/jpeg"}],"twitter_card":"summary_large_image","schema":{"@context":"https:\/\/schema.org","@graph":[{"@type":"WebPage","@id":"https:\/\/hubsch-interior.com\/fr\/produit\/wave-organiseur-de-bureau-naturel\/","url":"https:\/\/hubsch-interior.com\/fr\/produit\/wave-organiseur-de-bureau-naturel\/","name":"Wave Organiseur de bureau Naturel - H\u00fcbsch","isPartOf":{"@id":"https:\/\/hubsch-interior.com\/fr\/#website"},"primaryImageOfPage":{"@id":"https:\/\/hubsch-interior.com\/fr\/produit\/wave-organiseur-de-bureau-naturel\/#primaryimage"},"image":{"@id":"https:\/\/hubsch-interior.com\/fr\/produit\/wave-organiseur-de-bureau-naturel\/#primaryimage"},"thumbnailUrl":"https:\/\/hubsch-interior.com\/wp-content\/uploads\/2026\/02\/wave-desk-organiser-natural-31ca94e8a9bca36d8f2e3ab1e2f133fa.jpg","datePublished":"2021-06-13T20:55:10+00:00","dateModified":"2026-04-14T02:48:04+00:00","description":"L'Organiseur de bureau Wave Naturel est un produit durable et \u00e9cologique. Fabriqu\u00e9 en bois de ch\u00eane, il est certifi\u00e9 FSC pour garantir une gestion","breadcrumb":{"@id":"https:\/\/hubsch-interior.com\/fr\/produit\/wave-organiseur-de-bureau-naturel\/#breadcrumb"},"inLanguage":"fr-FR","potentialAction":[{"@type":"ReadAction","target":["https:\/\/hubsch-interior.com\/fr\/produit\/wave-organiseur-de-bureau-naturel\/"]}]},{"@type":"ImageObject","inLanguage":"fr-FR","@id":"https:\/\/hubsch-interior.com\/fr\/produit\/wave-organiseur-de-bureau-naturel\/#primaryimage","url":"https:\/\/hubsch-interior.com\/wp-content\/uploads\/2026\/02\/wave-desk-organiser-natural-31ca94e8a9bca36d8f2e3ab1e2f133fa.jpg","contentUrl":"https:\/\/hubsch-interior.com\/wp-content\/uploads\/2026\/02\/wave-desk-organiser-natural-31ca94e8a9bca36d8f2e3ab1e2f133fa.jpg","width":1024,"height":1024},{"@type":"BreadcrumbList","@id":"https:\/\/hubsch-interior.com\/fr\/produit\/wave-organiseur-de-bureau-naturel\/#breadcrumb","itemListElement":[{"@type":"ListItem","position":1,"name":"Page d'accueil","item":"https:\/\/hubsch-interior.com\/fr\/"},{"@type":"ListItem","position":2,"name":"Produits","item":"https:\/\/hubsch-interior.com\/fr\/shop-2\/"},{"@type":"ListItem","position":3,"name":"Accessoires maison","item":"https:\/\/hubsch-interior.com\/fr\/categorie-produit\/accessoires-maison\/"},{"@type":"ListItem","position":4,"name":"Espace de travail","item":"https:\/\/hubsch-interior.com\/fr\/categorie-produit\/accessoires-maison\/espace-de-travail-fr\/"},{"@type":"ListItem","position":5,"name":"Fournitures de bureau","item":"https:\/\/hubsch-interior.com\/fr\/categorie-produit\/accessoires-maison\/espace-de-travail-fr\/fournitures-de-bureau-fr\/"},{"@type":"ListItem","position":6,"name":"Wave Organiseur de bureau Naturel"}]},{"@type":"WebSite","@id":"https:\/\/hubsch-interior.com\/fr\/#website","url":"https:\/\/hubsch-interior.com\/fr\/","name":"H\u00fcbsch","description":"Danish Home Interior and Design","publisher":{"@id":"https:\/\/hubsch-interior.com\/fr\/#organization"},"potentialAction":[{"@type":"SearchAction","target":{"@type":"EntryPoint","urlTemplate":"https:\/\/hubsch-interior.com\/fr\/?s={search_term_string}"},"query-input":{"@type":"PropertyValueSpecification","valueRequired":true,"valueName":"search_term_string"}}],"inLanguage":"fr-FR"},{"@type":"Organization","@id":"https:\/\/hubsch-interior.com\/fr\/#organization","name":"H\u00fcbsch","url":"https:\/\/hubsch-interior.com\/fr\/","logo":{"@type":"ImageObject","inLanguage":"fr-FR","@id":"https:\/\/hubsch-interior.com\/fr\/#\/schema\/logo\/image\/","url":"https:\/\/hubsch-interior.com\/wp-content\/uploads\/2022\/12\/Hubsch_logo_black_one_line.svg","contentUrl":"https:\/\/hubsch-interior.com\/wp-content\/uploads\/2022\/12\/Hubsch_logo_black_one_line.svg","caption":"H\u00fcbsch"},"image":{"@id":"https:\/\/hubsch-interior.com\/fr\/#\/schema\/logo\/image\/"}}]}},"_links":{"self":[{"href":"https:\/\/hubsch-interior.com\/fr\/wp-json\/wp\/v2\/product\/398552","targetHints":{"allow":["GET"]}}],"collection":[{"href":"https:\/\/hubsch-interior.com\/fr\/wp-json\/wp\/v2\/product"}],"about":[{"href":"https:\/\/hubsch-interior.com\/fr\/wp-json\/wp\/v2\/types\/product"}],"wp:featuredmedia":[{"embeddable":true,"href":"https:\/\/hubsch-interior.com\/fr\/wp-json\/wp\/v2\/media\/1101873"}],"wp:attachment":[{"href":"https:\/\/hubsch-interior.com\/fr\/wp-json\/wp\/v2\/media?parent=398552"}],"wp:term":[{"taxonomy":"product_brand","embeddable":true,"href":"https:\/\/hubsch-interior.com\/fr\/wp-json\/wp\/v2\/product_brand?post=398552"},{"taxonomy":"product_cat","embeddable":true,"href":"https:\/\/hubsch-interior.com\/fr\/wp-json\/wp\/v2\/product_cat?post=398552"},{"taxonomy":"product_tag","embeddable":true,"href":"https:\/\/hubsch-interior.com\/fr\/wp-json\/wp\/v2\/product_tag?post=398552"}],"curies":[{"name":"wp","href":"https:\/\/api.w.org\/{rel}","templated":true}]}}