{"id":398564,"date":"2021-06-13T22:57:22","date_gmt":"2021-06-13T20:57:22","guid":{"rendered":"https:\/\/hubsch-interior.com\/shop-b2c\/product\/product\/"},"modified":"2026-04-18T04:49:16","modified_gmt":"2026-04-18T02:49:16","slug":"space-porte-manteaux-large-naturel","status":"publish","type":"product","link":"https:\/\/hubsch-interior.com\/fr\/produit\/space-porte-manteaux-large-naturel\/","title":{"rendered":"Space Porte-manteaux Large Naturel"},"content":{"rendered":"<p>Nous avons un tel faible pour les bois clairs et le bois de ch\u00eane apporte une atmosph\u00e8re chaleureuse, sophistiqu\u00e9e et tranquille dans les int\u00e9rieurs. M\u00eame les petits meubles, comme ce charmant porte-manteau \u00e0 sept crochets en ch\u00eane contreplaqu\u00e9, ajouteront de la douceur \u00e0 n&#8217;importe quelle pi\u00e8ce. Parfait comme \u00e9tag\u00e8re pour vos tasses \u00e0 caf\u00e9 pr\u00e9f\u00e9r\u00e9es ou votre chapeau le plus sp\u00e9cial. Vous pouvez le placer dans votre entr\u00e9e, votre couloir ou votre cuisine<\/p>\n","protected":false},"excerpt":{"rendered":"<p>Nous avons un tel faible pour les bois clairs et le bois de ch\u00eane apporte une atmosph\u00e8re chaleureuse, sophistiqu\u00e9e et tranquille dans les int\u00e9rieurs. M\u00eame les petits meubles, comme ce charmant porte-manteau \u00e0 sept crochets en ch\u00eane contreplaqu\u00e9, ajouteront de la douceur \u00e0 n&#8217;importe quelle pi\u00e8ce. Parfait comme \u00e9tag\u00e8re pour vos tasses \u00e0 caf\u00e9 pr\u00e9f\u00e9r\u00e9es [&hellip;]<\/p>\n","protected":false},"featured_media":1102551,"template":"","meta":{"_acf_changed":false,"inline_featured_image":false},"product_brand":[],"product_cat":[7071,7072,4001,4023,5026,7066,4041,4042],"product_tag":[],"class_list":{"0":"post-398564","1":"product","2":"type-product","3":"status-publish","4":"has-post-thumbnail","6":"product_cat-crochets-et-etageres-fr","7":"product_cat-cuisine-crochets-fr","8":"product_cat-etageres-et-meubles-de-rangement-fr","9":"product_cat-etageres-murales-fr","10":"product_cat-bestsellers-fr","11":"product_cat-cuisine-etageres-fr","12":"product_cat-pateres-porte-manteaux-fr","13":"product_cat-porte-manteaux-fr","14":"product_shipping_class-pk","16":"pa_color-naturel-2","17":"pa_material-mdf-fr","18":"pa_material-placage-de-chne-2","20":"first","21":"outofstock","22":"featured","23":"taxable","24":"shipping-taxable","25":"purchasable","26":"product-type-simple"},"exclude_global_add_ons":[],"addons":[],"acf":[],"yoast_head":"<!-- This site is optimized with the Yoast SEO plugin v26.4 - https:\/\/yoast.com\/wordpress\/plugins\/seo\/ -->\n<title>Space Porte-manteaux Large Naturel - H\u00fcbsch<\/title>\n<meta name=\"description\" content=\"Nous avons un tel faible pour les bois clairs et le bois de ch\u00eane apporte une atmosph\u00e8re chaleureuse, sophistiqu\u00e9e et tranquille dans les int\u00e9rieurs. M\u00eame\" \/>\n<meta name=\"robots\" content=\"index, follow, max-snippet:-1, max-image-preview:large, max-video-preview:-1\" \/>\n<link rel=\"canonical\" href=\"https:\/\/hubsch-interior.com\/fr\/wp-json\/wp\/v2\/product\/398564\" \/>\n<meta property=\"og:locale\" content=\"fr_FR\" \/>\n<meta property=\"og:type\" content=\"article\" \/>\n<meta property=\"og:title\" content=\"Space Porte-manteaux Large Naturel - H\u00fcbsch\" \/>\n<meta property=\"og:description\" content=\"Nous avons un tel faible pour les bois clairs et le bois de ch\u00eane apporte une atmosph\u00e8re chaleureuse, sophistiqu\u00e9e et tranquille dans les int\u00e9rieurs. M\u00eame\" \/>\n<meta property=\"og:url\" content=\"https:\/\/hubsch-interior.com\/fr\/produit\/space-porte-manteaux-large-naturel\/\" \/>\n<meta property=\"og:site_name\" content=\"H\u00fcbsch\" \/>\n<meta property=\"article:modified_time\" content=\"2026-04-18T02:49:16+00:00\" \/>\n<meta property=\"og:image\" content=\"https:\/\/hubsch-interior.com\/wp-content\/uploads\/2026\/02\/space-coatrack-large-natural-030fc5fd3b4737abd9527eb43ceab4b7.jpg\" \/>\n\t<meta property=\"og:image:width\" content=\"1024\" \/>\n\t<meta property=\"og:image:height\" content=\"1024\" \/>\n\t<meta property=\"og:image:type\" content=\"image\/jpeg\" \/>\n<meta name=\"twitter:card\" content=\"summary_large_image\" \/>\n<script type=\"application\/ld+json\" class=\"yoast-schema-graph\">{\"@context\":\"https:\/\/schema.org\",\"@graph\":[{\"@type\":\"WebPage\",\"@id\":\"https:\/\/hubsch-interior.com\/fr\/produit\/space-porte-manteaux-large-naturel\/\",\"url\":\"https:\/\/hubsch-interior.com\/fr\/produit\/space-porte-manteaux-large-naturel\/\",\"name\":\"Space Porte-manteaux Large Naturel - H\u00fcbsch\",\"isPartOf\":{\"@id\":\"https:\/\/hubsch-interior.com\/fr\/#website\"},\"primaryImageOfPage\":{\"@id\":\"https:\/\/hubsch-interior.com\/fr\/produit\/space-porte-manteaux-large-naturel\/#primaryimage\"},\"image\":{\"@id\":\"https:\/\/hubsch-interior.com\/fr\/produit\/space-porte-manteaux-large-naturel\/#primaryimage\"},\"thumbnailUrl\":\"https:\/\/hubsch-interior.com\/wp-content\/uploads\/2026\/02\/space-coatrack-large-natural-030fc5fd3b4737abd9527eb43ceab4b7.jpg\",\"datePublished\":\"2021-06-13T20:57:22+00:00\",\"dateModified\":\"2026-04-18T02:49:16+00:00\",\"description\":\"Nous avons un tel faible pour les bois clairs et le bois de ch\u00eane apporte une atmosph\u00e8re chaleureuse, sophistiqu\u00e9e et tranquille dans les int\u00e9rieurs. M\u00eame\",\"breadcrumb\":{\"@id\":\"https:\/\/hubsch-interior.com\/fr\/produit\/space-porte-manteaux-large-naturel\/#breadcrumb\"},\"inLanguage\":\"fr-FR\",\"potentialAction\":[{\"@type\":\"ReadAction\",\"target\":[\"https:\/\/hubsch-interior.com\/fr\/produit\/space-porte-manteaux-large-naturel\/\"]}]},{\"@type\":\"ImageObject\",\"inLanguage\":\"fr-FR\",\"@id\":\"https:\/\/hubsch-interior.com\/fr\/produit\/space-porte-manteaux-large-naturel\/#primaryimage\",\"url\":\"https:\/\/hubsch-interior.com\/wp-content\/uploads\/2026\/02\/space-coatrack-large-natural-030fc5fd3b4737abd9527eb43ceab4b7.jpg\",\"contentUrl\":\"https:\/\/hubsch-interior.com\/wp-content\/uploads\/2026\/02\/space-coatrack-large-natural-030fc5fd3b4737abd9527eb43ceab4b7.jpg\",\"width\":1024,\"height\":1024},{\"@type\":\"BreadcrumbList\",\"@id\":\"https:\/\/hubsch-interior.com\/fr\/produit\/space-porte-manteaux-large-naturel\/#breadcrumb\",\"itemListElement\":[{\"@type\":\"ListItem\",\"position\":1,\"name\":\"Page d'accueil\",\"item\":\"https:\/\/hubsch-interior.com\/fr\/\"},{\"@type\":\"ListItem\",\"position\":2,\"name\":\"Produits\",\"item\":\"https:\/\/hubsch-interior.com\/fr\/shop-2\/\"},{\"@type\":\"ListItem\",\"position\":3,\"name\":\"Meubles\",\"item\":\"https:\/\/hubsch-interior.com\/fr\/categorie-produit\/meubles\/\"},{\"@type\":\"ListItem\",\"position\":4,\"name\":\"Etag&egrave;res et meubles de rangement\",\"item\":\"https:\/\/hubsch-interior.com\/fr\/categorie-produit\/meubles\/etageres-et-meubles-de-rangement-fr\/\"},{\"@type\":\"ListItem\",\"position\":5,\"name\":\"Etag&egrave;res murales\",\"item\":\"https:\/\/hubsch-interior.com\/fr\/categorie-produit\/meubles\/etageres-et-meubles-de-rangement-fr\/etageres-murales-fr\/\"},{\"@type\":\"ListItem\",\"position\":6,\"name\":\"Space Porte-manteaux Large Naturel\"}]},{\"@type\":\"WebSite\",\"@id\":\"https:\/\/hubsch-interior.com\/fr\/#website\",\"url\":\"https:\/\/hubsch-interior.com\/fr\/\",\"name\":\"H\u00fcbsch\",\"description\":\"Danish Home Interior and Design\",\"publisher\":{\"@id\":\"https:\/\/hubsch-interior.com\/fr\/#organization\"},\"potentialAction\":[{\"@type\":\"SearchAction\",\"target\":{\"@type\":\"EntryPoint\",\"urlTemplate\":\"https:\/\/hubsch-interior.com\/fr\/?s={search_term_string}\"},\"query-input\":{\"@type\":\"PropertyValueSpecification\",\"valueRequired\":true,\"valueName\":\"search_term_string\"}}],\"inLanguage\":\"fr-FR\"},{\"@type\":\"Organization\",\"@id\":\"https:\/\/hubsch-interior.com\/fr\/#organization\",\"name\":\"H\u00fcbsch\",\"url\":\"https:\/\/hubsch-interior.com\/fr\/\",\"logo\":{\"@type\":\"ImageObject\",\"inLanguage\":\"fr-FR\",\"@id\":\"https:\/\/hubsch-interior.com\/fr\/#\/schema\/logo\/image\/\",\"url\":\"https:\/\/hubsch-interior.com\/wp-content\/uploads\/2022\/12\/Hubsch_logo_black_one_line.svg\",\"contentUrl\":\"https:\/\/hubsch-interior.com\/wp-content\/uploads\/2022\/12\/Hubsch_logo_black_one_line.svg\",\"caption\":\"H\u00fcbsch\"},\"image\":{\"@id\":\"https:\/\/hubsch-interior.com\/fr\/#\/schema\/logo\/image\/\"}}]}<\/script>\n<!-- \/ Yoast SEO plugin. -->","yoast_head_json":{"title":"Space Porte-manteaux Large Naturel - H\u00fcbsch","description":"Nous avons un tel faible pour les bois clairs et le bois de ch\u00eane apporte une atmosph\u00e8re chaleureuse, sophistiqu\u00e9e et tranquille dans les int\u00e9rieurs. M\u00eame","robots":{"index":"index","follow":"follow","max-snippet":"max-snippet:-1","max-image-preview":"max-image-preview:large","max-video-preview":"max-video-preview:-1"},"canonical":"https:\/\/hubsch-interior.com\/fr\/wp-json\/wp\/v2\/product\/398564","og_locale":"fr_FR","og_type":"article","og_title":"Space Porte-manteaux Large Naturel - H\u00fcbsch","og_description":"Nous avons un tel faible pour les bois clairs et le bois de ch\u00eane apporte une atmosph\u00e8re chaleureuse, sophistiqu\u00e9e et tranquille dans les int\u00e9rieurs. M\u00eame","og_url":"https:\/\/hubsch-interior.com\/fr\/produit\/space-porte-manteaux-large-naturel\/","og_site_name":"H\u00fcbsch","article_modified_time":"2026-04-18T02:49:16+00:00","og_image":[{"width":1024,"height":1024,"url":"https:\/\/hubsch-interior.com\/wp-content\/uploads\/2026\/02\/space-coatrack-large-natural-030fc5fd3b4737abd9527eb43ceab4b7.jpg","type":"image\/jpeg"}],"twitter_card":"summary_large_image","schema":{"@context":"https:\/\/schema.org","@graph":[{"@type":"WebPage","@id":"https:\/\/hubsch-interior.com\/fr\/produit\/space-porte-manteaux-large-naturel\/","url":"https:\/\/hubsch-interior.com\/fr\/produit\/space-porte-manteaux-large-naturel\/","name":"Space Porte-manteaux Large Naturel - H\u00fcbsch","isPartOf":{"@id":"https:\/\/hubsch-interior.com\/fr\/#website"},"primaryImageOfPage":{"@id":"https:\/\/hubsch-interior.com\/fr\/produit\/space-porte-manteaux-large-naturel\/#primaryimage"},"image":{"@id":"https:\/\/hubsch-interior.com\/fr\/produit\/space-porte-manteaux-large-naturel\/#primaryimage"},"thumbnailUrl":"https:\/\/hubsch-interior.com\/wp-content\/uploads\/2026\/02\/space-coatrack-large-natural-030fc5fd3b4737abd9527eb43ceab4b7.jpg","datePublished":"2021-06-13T20:57:22+00:00","dateModified":"2026-04-18T02:49:16+00:00","description":"Nous avons un tel faible pour les bois clairs et le bois de ch\u00eane apporte une atmosph\u00e8re chaleureuse, sophistiqu\u00e9e et tranquille dans les int\u00e9rieurs. M\u00eame","breadcrumb":{"@id":"https:\/\/hubsch-interior.com\/fr\/produit\/space-porte-manteaux-large-naturel\/#breadcrumb"},"inLanguage":"fr-FR","potentialAction":[{"@type":"ReadAction","target":["https:\/\/hubsch-interior.com\/fr\/produit\/space-porte-manteaux-large-naturel\/"]}]},{"@type":"ImageObject","inLanguage":"fr-FR","@id":"https:\/\/hubsch-interior.com\/fr\/produit\/space-porte-manteaux-large-naturel\/#primaryimage","url":"https:\/\/hubsch-interior.com\/wp-content\/uploads\/2026\/02\/space-coatrack-large-natural-030fc5fd3b4737abd9527eb43ceab4b7.jpg","contentUrl":"https:\/\/hubsch-interior.com\/wp-content\/uploads\/2026\/02\/space-coatrack-large-natural-030fc5fd3b4737abd9527eb43ceab4b7.jpg","width":1024,"height":1024},{"@type":"BreadcrumbList","@id":"https:\/\/hubsch-interior.com\/fr\/produit\/space-porte-manteaux-large-naturel\/#breadcrumb","itemListElement":[{"@type":"ListItem","position":1,"name":"Page d'accueil","item":"https:\/\/hubsch-interior.com\/fr\/"},{"@type":"ListItem","position":2,"name":"Produits","item":"https:\/\/hubsch-interior.com\/fr\/shop-2\/"},{"@type":"ListItem","position":3,"name":"Meubles","item":"https:\/\/hubsch-interior.com\/fr\/categorie-produit\/meubles\/"},{"@type":"ListItem","position":4,"name":"Etag&egrave;res et meubles de rangement","item":"https:\/\/hubsch-interior.com\/fr\/categorie-produit\/meubles\/etageres-et-meubles-de-rangement-fr\/"},{"@type":"ListItem","position":5,"name":"Etag&egrave;res murales","item":"https:\/\/hubsch-interior.com\/fr\/categorie-produit\/meubles\/etageres-et-meubles-de-rangement-fr\/etageres-murales-fr\/"},{"@type":"ListItem","position":6,"name":"Space Porte-manteaux Large Naturel"}]},{"@type":"WebSite","@id":"https:\/\/hubsch-interior.com\/fr\/#website","url":"https:\/\/hubsch-interior.com\/fr\/","name":"H\u00fcbsch","description":"Danish Home Interior and Design","publisher":{"@id":"https:\/\/hubsch-interior.com\/fr\/#organization"},"potentialAction":[{"@type":"SearchAction","target":{"@type":"EntryPoint","urlTemplate":"https:\/\/hubsch-interior.com\/fr\/?s={search_term_string}"},"query-input":{"@type":"PropertyValueSpecification","valueRequired":true,"valueName":"search_term_string"}}],"inLanguage":"fr-FR"},{"@type":"Organization","@id":"https:\/\/hubsch-interior.com\/fr\/#organization","name":"H\u00fcbsch","url":"https:\/\/hubsch-interior.com\/fr\/","logo":{"@type":"ImageObject","inLanguage":"fr-FR","@id":"https:\/\/hubsch-interior.com\/fr\/#\/schema\/logo\/image\/","url":"https:\/\/hubsch-interior.com\/wp-content\/uploads\/2022\/12\/Hubsch_logo_black_one_line.svg","contentUrl":"https:\/\/hubsch-interior.com\/wp-content\/uploads\/2022\/12\/Hubsch_logo_black_one_line.svg","caption":"H\u00fcbsch"},"image":{"@id":"https:\/\/hubsch-interior.com\/fr\/#\/schema\/logo\/image\/"}}]}},"_links":{"self":[{"href":"https:\/\/hubsch-interior.com\/fr\/wp-json\/wp\/v2\/product\/398564","targetHints":{"allow":["GET"]}}],"collection":[{"href":"https:\/\/hubsch-interior.com\/fr\/wp-json\/wp\/v2\/product"}],"about":[{"href":"https:\/\/hubsch-interior.com\/fr\/wp-json\/wp\/v2\/types\/product"}],"wp:featuredmedia":[{"embeddable":true,"href":"https:\/\/hubsch-interior.com\/fr\/wp-json\/wp\/v2\/media\/1102551"}],"wp:attachment":[{"href":"https:\/\/hubsch-interior.com\/fr\/wp-json\/wp\/v2\/media?parent=398564"}],"wp:term":[{"taxonomy":"product_brand","embeddable":true,"href":"https:\/\/hubsch-interior.com\/fr\/wp-json\/wp\/v2\/product_brand?post=398564"},{"taxonomy":"product_cat","embeddable":true,"href":"https:\/\/hubsch-interior.com\/fr\/wp-json\/wp\/v2\/product_cat?post=398564"},{"taxonomy":"product_tag","embeddable":true,"href":"https:\/\/hubsch-interior.com\/fr\/wp-json\/wp\/v2\/product_tag?post=398564"}],"curies":[{"name":"wp","href":"https:\/\/api.w.org\/{rel}","templated":true}]}}