{"id":398572,"date":"2021-06-13T22:57:27","date_gmt":"2021-06-13T20:57:27","guid":{"rendered":"https:\/\/hubsch-interior.com\/shop-b2c\/product\/product\/"},"modified":"2026-04-08T04:49:57","modified_gmt":"2026-04-08T02:49:57","slug":"alp-tabouret-naturel","status":"publish","type":"product","link":"https:\/\/hubsch-interior.com\/fr\/produit\/alp-tabouret-naturel\/","title":{"rendered":"Alp Tabouret Naturel"},"content":{"rendered":"<p>Nous aimons qu\u2019un marchepied soit joli et fonctionnel, pas vous ? Qu&#8217;il s&#8217;agisse de faire des biscuits ou tout simplement d&#8217;\u00eatre curieux, ce marchepied est parfait pour les enfants qui veulent mettre la main \u00e0 la patte. Il est \u00e9galement pratique pour se brosser les dents dans la salle de bain. Il peut \u00e9galement servir de pr\u00e9sentoir pour vos accessoires de salle de bain. Fabriqu\u00e9 en bois contreplaqu\u00e9 certifi\u00e9 FSC\u00ae, nous sommes s\u00fbrs que vous aimerez aussi ce marchepied en bois.<\/p>\n","protected":false},"excerpt":{"rendered":"<p>Nous aimons qu\u2019un marchepied soit joli et fonctionnel, pas vous ? Qu&#8217;il s&#8217;agisse de faire des biscuits ou tout simplement d&#8217;\u00eatre curieux, ce marchepied est parfait pour les enfants qui veulent mettre la main \u00e0 la patte. Il est \u00e9galement pratique pour se brosser les dents dans la salle de bain. Il peut \u00e9galement servir [&hellip;]<\/p>\n","protected":false},"featured_media":1102567,"template":"","meta":{"_acf_changed":false,"inline_featured_image":false},"product_brand":[],"product_cat":[2843,3041,5026],"product_tag":[],"class_list":{"0":"post-398572","1":"product","2":"type-product","3":"status-publish","4":"has-post-thumbnail","6":"product_cat-assises-fr","7":"product_cat-tabouret-fr","8":"product_cat-bestsellers-fr","9":"product_shipping_class-pk","10":"pa_color-naturel-2","11":"pa_material-mdf-fr","12":"pa_material-bois-de-chne-2","13":"pa_material-placage-de-chne-2","15":"first","16":"outofstock","17":"featured","18":"taxable","19":"shipping-taxable","20":"purchasable","21":"product-type-simple"},"exclude_global_add_ons":[],"addons":[],"acf":[],"yoast_head":"<!-- This site is optimized with the Yoast SEO plugin v26.4 - https:\/\/yoast.com\/wordpress\/plugins\/seo\/ -->\n<title>Alp Tabouret Naturel - H\u00fcbsch<\/title>\n<meta name=\"description\" content=\"Nous aimons qu\u2019un marchepied soit joli et fonctionnel, pas vous ? Qu&#039;il s&#039;agisse de faire des biscuits ou tout simplement d&#039;\u00eatre curieux, ce marchepied\" \/>\n<meta name=\"robots\" content=\"index, follow, max-snippet:-1, max-image-preview:large, max-video-preview:-1\" \/>\n<link rel=\"canonical\" href=\"https:\/\/hubsch-interior.com\/fr\/wp-json\/wp\/v2\/product\/398572\" \/>\n<meta property=\"og:locale\" content=\"fr_FR\" \/>\n<meta property=\"og:type\" content=\"article\" \/>\n<meta property=\"og:title\" content=\"Alp Tabouret Naturel - H\u00fcbsch\" \/>\n<meta property=\"og:description\" content=\"Nous aimons qu\u2019un marchepied soit joli et fonctionnel, pas vous ? Qu&#039;il s&#039;agisse de faire des biscuits ou tout simplement d&#039;\u00eatre curieux, ce marchepied\" \/>\n<meta property=\"og:url\" content=\"https:\/\/hubsch-interior.com\/fr\/produit\/alp-tabouret-naturel\/\" \/>\n<meta property=\"og:site_name\" content=\"H\u00fcbsch\" \/>\n<meta property=\"article:modified_time\" content=\"2026-04-08T02:49:57+00:00\" \/>\n<meta property=\"og:image\" content=\"https:\/\/hubsch-interior.com\/wp-content\/uploads\/2023\/08\/alp-stool-natural-1d0fbdee831cb04de87f3e82c162ccba.jpg\" \/>\n\t<meta property=\"og:image:width\" content=\"1200\" \/>\n\t<meta property=\"og:image:height\" content=\"1200\" \/>\n\t<meta property=\"og:image:type\" content=\"image\/jpeg\" \/>\n<meta name=\"twitter:card\" content=\"summary_large_image\" \/>\n<script type=\"application\/ld+json\" class=\"yoast-schema-graph\">{\"@context\":\"https:\/\/schema.org\",\"@graph\":[{\"@type\":\"WebPage\",\"@id\":\"https:\/\/hubsch-interior.com\/fr\/produit\/alp-tabouret-naturel\/\",\"url\":\"https:\/\/hubsch-interior.com\/fr\/produit\/alp-tabouret-naturel\/\",\"name\":\"Alp Tabouret Naturel - H\u00fcbsch\",\"isPartOf\":{\"@id\":\"https:\/\/hubsch-interior.com\/fr\/#website\"},\"primaryImageOfPage\":{\"@id\":\"https:\/\/hubsch-interior.com\/fr\/produit\/alp-tabouret-naturel\/#primaryimage\"},\"image\":{\"@id\":\"https:\/\/hubsch-interior.com\/fr\/produit\/alp-tabouret-naturel\/#primaryimage\"},\"thumbnailUrl\":\"https:\/\/hubsch-interior.com\/wp-content\/uploads\/2026\/02\/alp-stool-natural-3a5c60af5a120289ddf7f52cefef9f87.jpg\",\"datePublished\":\"2021-06-13T20:57:27+00:00\",\"dateModified\":\"2026-04-08T02:49:57+00:00\",\"description\":\"Nous aimons qu\u2019un marchepied soit joli et fonctionnel, pas vous ? Qu'il s'agisse de faire des biscuits ou tout simplement d'\u00eatre curieux, ce marchepied\",\"breadcrumb\":{\"@id\":\"https:\/\/hubsch-interior.com\/fr\/produit\/alp-tabouret-naturel\/#breadcrumb\"},\"inLanguage\":\"fr-FR\",\"potentialAction\":[{\"@type\":\"ReadAction\",\"target\":[\"https:\/\/hubsch-interior.com\/fr\/produit\/alp-tabouret-naturel\/\"]}]},{\"@type\":\"ImageObject\",\"inLanguage\":\"fr-FR\",\"@id\":\"https:\/\/hubsch-interior.com\/fr\/produit\/alp-tabouret-naturel\/#primaryimage\",\"url\":\"https:\/\/hubsch-interior.com\/wp-content\/uploads\/2026\/02\/alp-stool-natural-3a5c60af5a120289ddf7f52cefef9f87.jpg\",\"contentUrl\":\"https:\/\/hubsch-interior.com\/wp-content\/uploads\/2026\/02\/alp-stool-natural-3a5c60af5a120289ddf7f52cefef9f87.jpg\",\"width\":1024,\"height\":1024},{\"@type\":\"BreadcrumbList\",\"@id\":\"https:\/\/hubsch-interior.com\/fr\/produit\/alp-tabouret-naturel\/#breadcrumb\",\"itemListElement\":[{\"@type\":\"ListItem\",\"position\":1,\"name\":\"Page d'accueil\",\"item\":\"https:\/\/hubsch-interior.com\/fr\/\"},{\"@type\":\"ListItem\",\"position\":2,\"name\":\"Produits\",\"item\":\"https:\/\/hubsch-interior.com\/fr\/shop-2\/\"},{\"@type\":\"ListItem\",\"position\":3,\"name\":\"Meubles\",\"item\":\"https:\/\/hubsch-interior.com\/fr\/categorie-produit\/meubles\/\"},{\"@type\":\"ListItem\",\"position\":4,\"name\":\"Assises\",\"item\":\"https:\/\/hubsch-interior.com\/fr\/categorie-produit\/meubles\/assises-fr\/\"},{\"@type\":\"ListItem\",\"position\":5,\"name\":\"Tabouret\",\"item\":\"https:\/\/hubsch-interior.com\/fr\/categorie-produit\/meubles\/assises-fr\/tabouret-fr\/\"},{\"@type\":\"ListItem\",\"position\":6,\"name\":\"Alp Tabouret Naturel\"}]},{\"@type\":\"WebSite\",\"@id\":\"https:\/\/hubsch-interior.com\/fr\/#website\",\"url\":\"https:\/\/hubsch-interior.com\/fr\/\",\"name\":\"H\u00fcbsch\",\"description\":\"Danish Home Interior and Design\",\"publisher\":{\"@id\":\"https:\/\/hubsch-interior.com\/fr\/#organization\"},\"potentialAction\":[{\"@type\":\"SearchAction\",\"target\":{\"@type\":\"EntryPoint\",\"urlTemplate\":\"https:\/\/hubsch-interior.com\/fr\/?s={search_term_string}\"},\"query-input\":{\"@type\":\"PropertyValueSpecification\",\"valueRequired\":true,\"valueName\":\"search_term_string\"}}],\"inLanguage\":\"fr-FR\"},{\"@type\":\"Organization\",\"@id\":\"https:\/\/hubsch-interior.com\/fr\/#organization\",\"name\":\"H\u00fcbsch\",\"url\":\"https:\/\/hubsch-interior.com\/fr\/\",\"logo\":{\"@type\":\"ImageObject\",\"inLanguage\":\"fr-FR\",\"@id\":\"https:\/\/hubsch-interior.com\/fr\/#\/schema\/logo\/image\/\",\"url\":\"https:\/\/hubsch-interior.com\/wp-content\/uploads\/2022\/12\/Hubsch_logo_black_one_line.svg\",\"contentUrl\":\"https:\/\/hubsch-interior.com\/wp-content\/uploads\/2022\/12\/Hubsch_logo_black_one_line.svg\",\"caption\":\"H\u00fcbsch\"},\"image\":{\"@id\":\"https:\/\/hubsch-interior.com\/fr\/#\/schema\/logo\/image\/\"}}]}<\/script>\n<!-- \/ Yoast SEO plugin. -->","yoast_head_json":{"title":"Alp Tabouret Naturel - H\u00fcbsch","description":"Nous aimons qu\u2019un marchepied soit joli et fonctionnel, pas vous ? Qu'il s'agisse de faire des biscuits ou tout simplement d'\u00eatre curieux, ce marchepied","robots":{"index":"index","follow":"follow","max-snippet":"max-snippet:-1","max-image-preview":"max-image-preview:large","max-video-preview":"max-video-preview:-1"},"canonical":"https:\/\/hubsch-interior.com\/fr\/wp-json\/wp\/v2\/product\/398572","og_locale":"fr_FR","og_type":"article","og_title":"Alp Tabouret Naturel - H\u00fcbsch","og_description":"Nous aimons qu\u2019un marchepied soit joli et fonctionnel, pas vous ? Qu'il s'agisse de faire des biscuits ou tout simplement d'\u00eatre curieux, ce marchepied","og_url":"https:\/\/hubsch-interior.com\/fr\/produit\/alp-tabouret-naturel\/","og_site_name":"H\u00fcbsch","article_modified_time":"2026-04-08T02:49:57+00:00","og_image":[{"width":1200,"height":1200,"url":"https:\/\/hubsch-interior.com\/wp-content\/uploads\/2023\/08\/alp-stool-natural-1d0fbdee831cb04de87f3e82c162ccba.jpg","type":"image\/jpeg"}],"twitter_card":"summary_large_image","schema":{"@context":"https:\/\/schema.org","@graph":[{"@type":"WebPage","@id":"https:\/\/hubsch-interior.com\/fr\/produit\/alp-tabouret-naturel\/","url":"https:\/\/hubsch-interior.com\/fr\/produit\/alp-tabouret-naturel\/","name":"Alp Tabouret Naturel - H\u00fcbsch","isPartOf":{"@id":"https:\/\/hubsch-interior.com\/fr\/#website"},"primaryImageOfPage":{"@id":"https:\/\/hubsch-interior.com\/fr\/produit\/alp-tabouret-naturel\/#primaryimage"},"image":{"@id":"https:\/\/hubsch-interior.com\/fr\/produit\/alp-tabouret-naturel\/#primaryimage"},"thumbnailUrl":"https:\/\/hubsch-interior.com\/wp-content\/uploads\/2026\/02\/alp-stool-natural-3a5c60af5a120289ddf7f52cefef9f87.jpg","datePublished":"2021-06-13T20:57:27+00:00","dateModified":"2026-04-08T02:49:57+00:00","description":"Nous aimons qu\u2019un marchepied soit joli et fonctionnel, pas vous ? Qu'il s'agisse de faire des biscuits ou tout simplement d'\u00eatre curieux, ce marchepied","breadcrumb":{"@id":"https:\/\/hubsch-interior.com\/fr\/produit\/alp-tabouret-naturel\/#breadcrumb"},"inLanguage":"fr-FR","potentialAction":[{"@type":"ReadAction","target":["https:\/\/hubsch-interior.com\/fr\/produit\/alp-tabouret-naturel\/"]}]},{"@type":"ImageObject","inLanguage":"fr-FR","@id":"https:\/\/hubsch-interior.com\/fr\/produit\/alp-tabouret-naturel\/#primaryimage","url":"https:\/\/hubsch-interior.com\/wp-content\/uploads\/2026\/02\/alp-stool-natural-3a5c60af5a120289ddf7f52cefef9f87.jpg","contentUrl":"https:\/\/hubsch-interior.com\/wp-content\/uploads\/2026\/02\/alp-stool-natural-3a5c60af5a120289ddf7f52cefef9f87.jpg","width":1024,"height":1024},{"@type":"BreadcrumbList","@id":"https:\/\/hubsch-interior.com\/fr\/produit\/alp-tabouret-naturel\/#breadcrumb","itemListElement":[{"@type":"ListItem","position":1,"name":"Page d'accueil","item":"https:\/\/hubsch-interior.com\/fr\/"},{"@type":"ListItem","position":2,"name":"Produits","item":"https:\/\/hubsch-interior.com\/fr\/shop-2\/"},{"@type":"ListItem","position":3,"name":"Meubles","item":"https:\/\/hubsch-interior.com\/fr\/categorie-produit\/meubles\/"},{"@type":"ListItem","position":4,"name":"Assises","item":"https:\/\/hubsch-interior.com\/fr\/categorie-produit\/meubles\/assises-fr\/"},{"@type":"ListItem","position":5,"name":"Tabouret","item":"https:\/\/hubsch-interior.com\/fr\/categorie-produit\/meubles\/assises-fr\/tabouret-fr\/"},{"@type":"ListItem","position":6,"name":"Alp Tabouret Naturel"}]},{"@type":"WebSite","@id":"https:\/\/hubsch-interior.com\/fr\/#website","url":"https:\/\/hubsch-interior.com\/fr\/","name":"H\u00fcbsch","description":"Danish Home Interior and Design","publisher":{"@id":"https:\/\/hubsch-interior.com\/fr\/#organization"},"potentialAction":[{"@type":"SearchAction","target":{"@type":"EntryPoint","urlTemplate":"https:\/\/hubsch-interior.com\/fr\/?s={search_term_string}"},"query-input":{"@type":"PropertyValueSpecification","valueRequired":true,"valueName":"search_term_string"}}],"inLanguage":"fr-FR"},{"@type":"Organization","@id":"https:\/\/hubsch-interior.com\/fr\/#organization","name":"H\u00fcbsch","url":"https:\/\/hubsch-interior.com\/fr\/","logo":{"@type":"ImageObject","inLanguage":"fr-FR","@id":"https:\/\/hubsch-interior.com\/fr\/#\/schema\/logo\/image\/","url":"https:\/\/hubsch-interior.com\/wp-content\/uploads\/2022\/12\/Hubsch_logo_black_one_line.svg","contentUrl":"https:\/\/hubsch-interior.com\/wp-content\/uploads\/2022\/12\/Hubsch_logo_black_one_line.svg","caption":"H\u00fcbsch"},"image":{"@id":"https:\/\/hubsch-interior.com\/fr\/#\/schema\/logo\/image\/"}}]}},"_links":{"self":[{"href":"https:\/\/hubsch-interior.com\/fr\/wp-json\/wp\/v2\/product\/398572","targetHints":{"allow":["GET"]}}],"collection":[{"href":"https:\/\/hubsch-interior.com\/fr\/wp-json\/wp\/v2\/product"}],"about":[{"href":"https:\/\/hubsch-interior.com\/fr\/wp-json\/wp\/v2\/types\/product"}],"wp:featuredmedia":[{"embeddable":true,"href":"https:\/\/hubsch-interior.com\/fr\/wp-json\/wp\/v2\/media\/1102567"}],"wp:attachment":[{"href":"https:\/\/hubsch-interior.com\/fr\/wp-json\/wp\/v2\/media?parent=398572"}],"wp:term":[{"taxonomy":"product_brand","embeddable":true,"href":"https:\/\/hubsch-interior.com\/fr\/wp-json\/wp\/v2\/product_brand?post=398572"},{"taxonomy":"product_cat","embeddable":true,"href":"https:\/\/hubsch-interior.com\/fr\/wp-json\/wp\/v2\/product_cat?post=398572"},{"taxonomy":"product_tag","embeddable":true,"href":"https:\/\/hubsch-interior.com\/fr\/wp-json\/wp\/v2\/product_tag?post=398572"}],"curies":[{"name":"wp","href":"https:\/\/api.w.org\/{rel}","templated":true}]}}