{"id":398592,"date":"2021-06-13T22:57:40","date_gmt":"2021-06-13T20:57:40","guid":{"rendered":"https:\/\/hubsch-interior.com\/shop-b2c\/product\/product\/"},"modified":"2026-04-12T04:51:04","modified_gmt":"2026-04-12T02:51:04","slug":"herringbone-table-console-tiroirs-naturel","status":"publish","type":"product","link":"https:\/\/hubsch-interior.com\/fr\/produit\/herringbone-table-console-tiroirs-naturel\/","title":{"rendered":"Herringbone Table console Tiroirs Naturel"},"content":{"rendered":"<p>Cette magnifique table console en bois avec un motif \u00e0 chevrons, vous offrira un accueil chaleureux. C&#8217;est le parfait endroit pour ranger vos objets du quotidien tels que des cl\u00e9s, des lunettes de soleil ou des gants. Elle poss\u00e8de trois tiroirs spacieux et faciles \u00e0 glisser, ainsi vous pouvez organiser et ranger vos affaires avec style. Fabriqu\u00e9 en bois contreplaqu\u00e9 certifi\u00e9 FSC\u00ae, ce meuble est un incontournable du couloir.<\/p>\n","protected":false},"excerpt":{"rendered":"<p>Cette magnifique table console en bois avec un motif \u00e0 chevrons, vous offrira un accueil chaleureux. C&#8217;est le parfait endroit pour ranger vos objets du quotidien tels que des cl\u00e9s, des lunettes de soleil ou des gants. Elle poss\u00e8de trois tiroirs spacieux et faciles \u00e0 glisser, ainsi vous pouvez organiser et ranger vos affaires avec [&hellip;]<\/p>\n","protected":false},"featured_media":1102643,"template":"","meta":{"_acf_changed":false,"inline_featured_image":false},"product_brand":[],"product_cat":[2859,2860,5026],"product_tag":[],"class_list":{"0":"post-398592","1":"product","2":"type-product","3":"status-publish","4":"has-post-thumbnail","6":"product_cat-tables-fr","7":"product_cat-consoles-fr","8":"product_cat-bestsellers-fr","9":"product_shipping_class-p05","11":"pa_color-naturel-2","12":"pa_material-mdf-fr","13":"pa_material-bois-de-chne-2","14":"pa_material-placage-de-chne-2","16":"first","17":"outofstock","18":"featured","19":"taxable","20":"shipping-taxable","21":"purchasable","22":"product-type-simple"},"exclude_global_add_ons":[],"addons":[],"acf":[],"yoast_head":"<!-- This site is optimized with the Yoast SEO plugin v26.4 - https:\/\/yoast.com\/wordpress\/plugins\/seo\/ -->\n<title>Herringbone Table console Tiroirs Naturel - H\u00fcbsch<\/title>\n<meta name=\"description\" content=\"Cette magnifique table console en bois avec un motif \u00e0 chevrons, vous offrira un accueil chaleureux. C&#039;est le parfait endroit pour ranger vos objets du\" \/>\n<meta name=\"robots\" content=\"index, follow, max-snippet:-1, max-image-preview:large, max-video-preview:-1\" \/>\n<link rel=\"canonical\" href=\"https:\/\/hubsch-interior.com\/fr\/wp-json\/wp\/v2\/product\/398592\" \/>\n<meta property=\"og:locale\" content=\"fr_FR\" \/>\n<meta property=\"og:type\" content=\"article\" \/>\n<meta property=\"og:title\" content=\"Herringbone Table console Tiroirs Naturel - H\u00fcbsch\" \/>\n<meta property=\"og:description\" content=\"Cette magnifique table console en bois avec un motif \u00e0 chevrons, vous offrira un accueil chaleureux. C&#039;est le parfait endroit pour ranger vos objets du\" \/>\n<meta property=\"og:url\" content=\"https:\/\/hubsch-interior.com\/fr\/produit\/herringbone-table-console-tiroirs-naturel\/\" \/>\n<meta property=\"og:site_name\" content=\"H\u00fcbsch\" \/>\n<meta property=\"article:modified_time\" content=\"2026-04-12T02:51:04+00:00\" \/>\n<meta property=\"og:image\" content=\"https:\/\/hubsch-interior.com\/wp-content\/uploads\/2023\/08\/herringbone-console-table-drawers-natural-27d66a7b453e8b345513a3b468ca6d3c.jpg\" \/>\n\t<meta property=\"og:image:width\" content=\"1200\" \/>\n\t<meta property=\"og:image:height\" content=\"1200\" \/>\n\t<meta property=\"og:image:type\" content=\"image\/jpeg\" \/>\n<meta name=\"twitter:card\" content=\"summary_large_image\" \/>\n<script type=\"application\/ld+json\" class=\"yoast-schema-graph\">{\"@context\":\"https:\/\/schema.org\",\"@graph\":[{\"@type\":\"WebPage\",\"@id\":\"https:\/\/hubsch-interior.com\/fr\/produit\/herringbone-table-console-tiroirs-naturel\/\",\"url\":\"https:\/\/hubsch-interior.com\/fr\/produit\/herringbone-table-console-tiroirs-naturel\/\",\"name\":\"Herringbone Table console Tiroirs Naturel - H\u00fcbsch\",\"isPartOf\":{\"@id\":\"https:\/\/hubsch-interior.com\/fr\/#website\"},\"primaryImageOfPage\":{\"@id\":\"https:\/\/hubsch-interior.com\/fr\/produit\/herringbone-table-console-tiroirs-naturel\/#primaryimage\"},\"image\":{\"@id\":\"https:\/\/hubsch-interior.com\/fr\/produit\/herringbone-table-console-tiroirs-naturel\/#primaryimage\"},\"thumbnailUrl\":\"https:\/\/hubsch-interior.com\/wp-content\/uploads\/2026\/02\/herringbone-console-table-drawers-natural-dcdadf260930d322feb83ef585cacc9b.jpg\",\"datePublished\":\"2021-06-13T20:57:40+00:00\",\"dateModified\":\"2026-04-12T02:51:04+00:00\",\"description\":\"Cette magnifique table console en bois avec un motif \u00e0 chevrons, vous offrira un accueil chaleureux. C'est le parfait endroit pour ranger vos objets du\",\"breadcrumb\":{\"@id\":\"https:\/\/hubsch-interior.com\/fr\/produit\/herringbone-table-console-tiroirs-naturel\/#breadcrumb\"},\"inLanguage\":\"fr-FR\",\"potentialAction\":[{\"@type\":\"ReadAction\",\"target\":[\"https:\/\/hubsch-interior.com\/fr\/produit\/herringbone-table-console-tiroirs-naturel\/\"]}]},{\"@type\":\"ImageObject\",\"inLanguage\":\"fr-FR\",\"@id\":\"https:\/\/hubsch-interior.com\/fr\/produit\/herringbone-table-console-tiroirs-naturel\/#primaryimage\",\"url\":\"https:\/\/hubsch-interior.com\/wp-content\/uploads\/2026\/02\/herringbone-console-table-drawers-natural-dcdadf260930d322feb83ef585cacc9b.jpg\",\"contentUrl\":\"https:\/\/hubsch-interior.com\/wp-content\/uploads\/2026\/02\/herringbone-console-table-drawers-natural-dcdadf260930d322feb83ef585cacc9b.jpg\",\"width\":1024,\"height\":1024},{\"@type\":\"BreadcrumbList\",\"@id\":\"https:\/\/hubsch-interior.com\/fr\/produit\/herringbone-table-console-tiroirs-naturel\/#breadcrumb\",\"itemListElement\":[{\"@type\":\"ListItem\",\"position\":1,\"name\":\"Page d'accueil\",\"item\":\"https:\/\/hubsch-interior.com\/fr\/\"},{\"@type\":\"ListItem\",\"position\":2,\"name\":\"Produits\",\"item\":\"https:\/\/hubsch-interior.com\/fr\/shop-2\/\"},{\"@type\":\"ListItem\",\"position\":3,\"name\":\"Meubles\",\"item\":\"https:\/\/hubsch-interior.com\/fr\/categorie-produit\/meubles\/\"},{\"@type\":\"ListItem\",\"position\":4,\"name\":\"Tables\",\"item\":\"https:\/\/hubsch-interior.com\/fr\/categorie-produit\/meubles\/tables-fr\/\"},{\"@type\":\"ListItem\",\"position\":5,\"name\":\"Consoles\",\"item\":\"https:\/\/hubsch-interior.com\/fr\/categorie-produit\/meubles\/tables-fr\/consoles-fr\/\"},{\"@type\":\"ListItem\",\"position\":6,\"name\":\"Herringbone Table console Tiroirs Naturel\"}]},{\"@type\":\"WebSite\",\"@id\":\"https:\/\/hubsch-interior.com\/fr\/#website\",\"url\":\"https:\/\/hubsch-interior.com\/fr\/\",\"name\":\"H\u00fcbsch\",\"description\":\"Danish Home Interior and Design\",\"publisher\":{\"@id\":\"https:\/\/hubsch-interior.com\/fr\/#organization\"},\"potentialAction\":[{\"@type\":\"SearchAction\",\"target\":{\"@type\":\"EntryPoint\",\"urlTemplate\":\"https:\/\/hubsch-interior.com\/fr\/?s={search_term_string}\"},\"query-input\":{\"@type\":\"PropertyValueSpecification\",\"valueRequired\":true,\"valueName\":\"search_term_string\"}}],\"inLanguage\":\"fr-FR\"},{\"@type\":\"Organization\",\"@id\":\"https:\/\/hubsch-interior.com\/fr\/#organization\",\"name\":\"H\u00fcbsch\",\"url\":\"https:\/\/hubsch-interior.com\/fr\/\",\"logo\":{\"@type\":\"ImageObject\",\"inLanguage\":\"fr-FR\",\"@id\":\"https:\/\/hubsch-interior.com\/fr\/#\/schema\/logo\/image\/\",\"url\":\"https:\/\/hubsch-interior.com\/wp-content\/uploads\/2022\/12\/Hubsch_logo_black_one_line.svg\",\"contentUrl\":\"https:\/\/hubsch-interior.com\/wp-content\/uploads\/2022\/12\/Hubsch_logo_black_one_line.svg\",\"caption\":\"H\u00fcbsch\"},\"image\":{\"@id\":\"https:\/\/hubsch-interior.com\/fr\/#\/schema\/logo\/image\/\"}}]}<\/script>\n<!-- \/ Yoast SEO plugin. -->","yoast_head_json":{"title":"Herringbone Table console Tiroirs Naturel - H\u00fcbsch","description":"Cette magnifique table console en bois avec un motif \u00e0 chevrons, vous offrira un accueil chaleureux. C'est le parfait endroit pour ranger vos objets du","robots":{"index":"index","follow":"follow","max-snippet":"max-snippet:-1","max-image-preview":"max-image-preview:large","max-video-preview":"max-video-preview:-1"},"canonical":"https:\/\/hubsch-interior.com\/fr\/wp-json\/wp\/v2\/product\/398592","og_locale":"fr_FR","og_type":"article","og_title":"Herringbone Table console Tiroirs Naturel - H\u00fcbsch","og_description":"Cette magnifique table console en bois avec un motif \u00e0 chevrons, vous offrira un accueil chaleureux. C'est le parfait endroit pour ranger vos objets du","og_url":"https:\/\/hubsch-interior.com\/fr\/produit\/herringbone-table-console-tiroirs-naturel\/","og_site_name":"H\u00fcbsch","article_modified_time":"2026-04-12T02:51:04+00:00","og_image":[{"width":1200,"height":1200,"url":"https:\/\/hubsch-interior.com\/wp-content\/uploads\/2023\/08\/herringbone-console-table-drawers-natural-27d66a7b453e8b345513a3b468ca6d3c.jpg","type":"image\/jpeg"}],"twitter_card":"summary_large_image","schema":{"@context":"https:\/\/schema.org","@graph":[{"@type":"WebPage","@id":"https:\/\/hubsch-interior.com\/fr\/produit\/herringbone-table-console-tiroirs-naturel\/","url":"https:\/\/hubsch-interior.com\/fr\/produit\/herringbone-table-console-tiroirs-naturel\/","name":"Herringbone Table console Tiroirs Naturel - H\u00fcbsch","isPartOf":{"@id":"https:\/\/hubsch-interior.com\/fr\/#website"},"primaryImageOfPage":{"@id":"https:\/\/hubsch-interior.com\/fr\/produit\/herringbone-table-console-tiroirs-naturel\/#primaryimage"},"image":{"@id":"https:\/\/hubsch-interior.com\/fr\/produit\/herringbone-table-console-tiroirs-naturel\/#primaryimage"},"thumbnailUrl":"https:\/\/hubsch-interior.com\/wp-content\/uploads\/2026\/02\/herringbone-console-table-drawers-natural-dcdadf260930d322feb83ef585cacc9b.jpg","datePublished":"2021-06-13T20:57:40+00:00","dateModified":"2026-04-12T02:51:04+00:00","description":"Cette magnifique table console en bois avec un motif \u00e0 chevrons, vous offrira un accueil chaleureux. C'est le parfait endroit pour ranger vos objets du","breadcrumb":{"@id":"https:\/\/hubsch-interior.com\/fr\/produit\/herringbone-table-console-tiroirs-naturel\/#breadcrumb"},"inLanguage":"fr-FR","potentialAction":[{"@type":"ReadAction","target":["https:\/\/hubsch-interior.com\/fr\/produit\/herringbone-table-console-tiroirs-naturel\/"]}]},{"@type":"ImageObject","inLanguage":"fr-FR","@id":"https:\/\/hubsch-interior.com\/fr\/produit\/herringbone-table-console-tiroirs-naturel\/#primaryimage","url":"https:\/\/hubsch-interior.com\/wp-content\/uploads\/2026\/02\/herringbone-console-table-drawers-natural-dcdadf260930d322feb83ef585cacc9b.jpg","contentUrl":"https:\/\/hubsch-interior.com\/wp-content\/uploads\/2026\/02\/herringbone-console-table-drawers-natural-dcdadf260930d322feb83ef585cacc9b.jpg","width":1024,"height":1024},{"@type":"BreadcrumbList","@id":"https:\/\/hubsch-interior.com\/fr\/produit\/herringbone-table-console-tiroirs-naturel\/#breadcrumb","itemListElement":[{"@type":"ListItem","position":1,"name":"Page d'accueil","item":"https:\/\/hubsch-interior.com\/fr\/"},{"@type":"ListItem","position":2,"name":"Produits","item":"https:\/\/hubsch-interior.com\/fr\/shop-2\/"},{"@type":"ListItem","position":3,"name":"Meubles","item":"https:\/\/hubsch-interior.com\/fr\/categorie-produit\/meubles\/"},{"@type":"ListItem","position":4,"name":"Tables","item":"https:\/\/hubsch-interior.com\/fr\/categorie-produit\/meubles\/tables-fr\/"},{"@type":"ListItem","position":5,"name":"Consoles","item":"https:\/\/hubsch-interior.com\/fr\/categorie-produit\/meubles\/tables-fr\/consoles-fr\/"},{"@type":"ListItem","position":6,"name":"Herringbone Table console Tiroirs Naturel"}]},{"@type":"WebSite","@id":"https:\/\/hubsch-interior.com\/fr\/#website","url":"https:\/\/hubsch-interior.com\/fr\/","name":"H\u00fcbsch","description":"Danish Home Interior and Design","publisher":{"@id":"https:\/\/hubsch-interior.com\/fr\/#organization"},"potentialAction":[{"@type":"SearchAction","target":{"@type":"EntryPoint","urlTemplate":"https:\/\/hubsch-interior.com\/fr\/?s={search_term_string}"},"query-input":{"@type":"PropertyValueSpecification","valueRequired":true,"valueName":"search_term_string"}}],"inLanguage":"fr-FR"},{"@type":"Organization","@id":"https:\/\/hubsch-interior.com\/fr\/#organization","name":"H\u00fcbsch","url":"https:\/\/hubsch-interior.com\/fr\/","logo":{"@type":"ImageObject","inLanguage":"fr-FR","@id":"https:\/\/hubsch-interior.com\/fr\/#\/schema\/logo\/image\/","url":"https:\/\/hubsch-interior.com\/wp-content\/uploads\/2022\/12\/Hubsch_logo_black_one_line.svg","contentUrl":"https:\/\/hubsch-interior.com\/wp-content\/uploads\/2022\/12\/Hubsch_logo_black_one_line.svg","caption":"H\u00fcbsch"},"image":{"@id":"https:\/\/hubsch-interior.com\/fr\/#\/schema\/logo\/image\/"}}]}},"_links":{"self":[{"href":"https:\/\/hubsch-interior.com\/fr\/wp-json\/wp\/v2\/product\/398592","targetHints":{"allow":["GET"]}}],"collection":[{"href":"https:\/\/hubsch-interior.com\/fr\/wp-json\/wp\/v2\/product"}],"about":[{"href":"https:\/\/hubsch-interior.com\/fr\/wp-json\/wp\/v2\/types\/product"}],"wp:featuredmedia":[{"embeddable":true,"href":"https:\/\/hubsch-interior.com\/fr\/wp-json\/wp\/v2\/media\/1102643"}],"wp:attachment":[{"href":"https:\/\/hubsch-interior.com\/fr\/wp-json\/wp\/v2\/media?parent=398592"}],"wp:term":[{"taxonomy":"product_brand","embeddable":true,"href":"https:\/\/hubsch-interior.com\/fr\/wp-json\/wp\/v2\/product_brand?post=398592"},{"taxonomy":"product_cat","embeddable":true,"href":"https:\/\/hubsch-interior.com\/fr\/wp-json\/wp\/v2\/product_cat?post=398592"},{"taxonomy":"product_tag","embeddable":true,"href":"https:\/\/hubsch-interior.com\/fr\/wp-json\/wp\/v2\/product_tag?post=398592"}],"curies":[{"name":"wp","href":"https:\/\/api.w.org\/{rel}","templated":true}]}}