{"id":398656,"date":"2021-06-13T23:07:58","date_gmt":"2021-06-13T21:07:58","guid":{"rendered":"https:\/\/hubsch-interior.com\/shop-b2c\/product\/product\/"},"modified":"2026-04-09T05:15:31","modified_gmt":"2026-04-09T03:15:31","slug":"embrace-soucoupe-noir-set-de-3","status":"publish","type":"product","link":"https:\/\/hubsch-interior.com\/fr\/produit\/embrace-soucoupe-noir-set-de-3\/","title":{"rendered":"Embrace Soucoupe Noir (set de 3)"},"content":{"rendered":"<p>Lorsque vous vous lancez dans l\u2019entretien de grandes et belles plantes dans votre salon, vous avez besoin de soucoupes en m\u00e9tal noir afin de prot\u00e9ger votre sol des taches d&#8217;eau tout en donnant \u00e0 votre pot un aspect vraiment cool. Invitez la v\u00e9g\u00e9tation chez vous et jardinez. Vous n&#8217;avez pas \u00e0 vous soucier de vos sols lorsque vous associez votre pot \u00e0 une soucoupe pour plantes.<\/p>\n","protected":false},"excerpt":{"rendered":"<p>Lorsque vous vous lancez dans l\u2019entretien de grandes et belles plantes dans votre salon, vous avez besoin de soucoupes en m\u00e9tal noir afin de prot\u00e9ger votre sol des taches d&#8217;eau tout en donnant \u00e0 votre pot un aspect vraiment cool. Invitez la v\u00e9g\u00e9tation chez vous et jardinez. Vous n&#8217;avez pas \u00e0 vous soucier de vos [&hellip;]<\/p>\n","protected":false},"featured_media":1109735,"template":"","meta":{"_acf_changed":false,"inline_featured_image":false},"product_brand":[],"product_cat":[4053,4054,4914,4924],"product_tag":[],"class_list":{"0":"post-398656","1":"product","2":"type-product","3":"status-publish","4":"has-post-thumbnail","6":"product_cat-accessoires-de-cuisine-fr","7":"product_cat-plateaux-fr","8":"product_cat-pots-de-fleur-et-arrosior-fr","9":"product_cat-cache-pots-fr","10":"product_shipping_class-pk","12":"pa_color-noir","13":"pa_material-fer-fr","15":"first","16":"instock","17":"taxable","18":"shipping-taxable","19":"purchasable","20":"product-type-simple"},"exclude_global_add_ons":[],"addons":[],"acf":[],"yoast_head":"<!-- This site is optimized with the Yoast SEO plugin v26.4 - https:\/\/yoast.com\/wordpress\/plugins\/seo\/ -->\n<title>Embrace Soucoupe Noir (set de 3) - H\u00fcbsch<\/title>\n<meta name=\"description\" content=\"Lorsque vous vous lancez dans l\u2019entretien de grandes et belles plantes dans votre salon, vous avez besoin de soucoupes en m\u00e9tal noir afin de prot\u00e9ger\" \/>\n<meta name=\"robots\" content=\"index, follow, max-snippet:-1, max-image-preview:large, max-video-preview:-1\" \/>\n<link rel=\"canonical\" href=\"https:\/\/hubsch-interior.com\/fr\/wp-json\/wp\/v2\/product\/398656\" \/>\n<meta property=\"og:locale\" content=\"fr_FR\" \/>\n<meta property=\"og:type\" content=\"article\" \/>\n<meta property=\"og:title\" content=\"Embrace Soucoupe Noir (set de 3) - H\u00fcbsch\" \/>\n<meta property=\"og:description\" content=\"Lorsque vous vous lancez dans l\u2019entretien de grandes et belles plantes dans votre salon, vous avez besoin de soucoupes en m\u00e9tal noir afin de prot\u00e9ger\" \/>\n<meta property=\"og:url\" content=\"https:\/\/hubsch-interior.com\/fr\/produit\/embrace-soucoupe-noir-set-de-3\/\" \/>\n<meta property=\"og:site_name\" content=\"H\u00fcbsch\" \/>\n<meta property=\"article:modified_time\" content=\"2026-04-09T03:15:31+00:00\" \/>\n<meta property=\"og:image\" content=\"https:\/\/hubsch-interior.com\/wp-content\/uploads\/2024\/01\/embrace-saucers-black-set-of-3-5522a2b68acedc9de87975f42e0257a7.jpg\" \/>\n\t<meta property=\"og:image:width\" content=\"1200\" \/>\n\t<meta property=\"og:image:height\" content=\"1200\" \/>\n\t<meta property=\"og:image:type\" content=\"image\/jpeg\" \/>\n<meta name=\"twitter:card\" content=\"summary_large_image\" \/>\n<script type=\"application\/ld+json\" class=\"yoast-schema-graph\">{\"@context\":\"https:\/\/schema.org\",\"@graph\":[{\"@type\":\"WebPage\",\"@id\":\"https:\/\/hubsch-interior.com\/fr\/produit\/embrace-soucoupe-noir-set-de-3\/\",\"url\":\"https:\/\/hubsch-interior.com\/fr\/produit\/embrace-soucoupe-noir-set-de-3\/\",\"name\":\"Embrace Soucoupe Noir (set de 3) - H\u00fcbsch\",\"isPartOf\":{\"@id\":\"https:\/\/hubsch-interior.com\/fr\/#website\"},\"primaryImageOfPage\":{\"@id\":\"https:\/\/hubsch-interior.com\/fr\/produit\/embrace-soucoupe-noir-set-de-3\/#primaryimage\"},\"image\":{\"@id\":\"https:\/\/hubsch-interior.com\/fr\/produit\/embrace-soucoupe-noir-set-de-3\/#primaryimage\"},\"thumbnailUrl\":\"https:\/\/hubsch-interior.com\/wp-content\/uploads\/2026\/02\/embrace-saucers-black-set-of-3-162a47c6a2cf95c83df2f02ede6bdbe5.jpg\",\"datePublished\":\"2021-06-13T21:07:58+00:00\",\"dateModified\":\"2026-04-09T03:15:31+00:00\",\"description\":\"Lorsque vous vous lancez dans l\u2019entretien de grandes et belles plantes dans votre salon, vous avez besoin de soucoupes en m\u00e9tal noir afin de prot\u00e9ger\",\"breadcrumb\":{\"@id\":\"https:\/\/hubsch-interior.com\/fr\/produit\/embrace-soucoupe-noir-set-de-3\/#breadcrumb\"},\"inLanguage\":\"fr-FR\",\"potentialAction\":[{\"@type\":\"ReadAction\",\"target\":[\"https:\/\/hubsch-interior.com\/fr\/produit\/embrace-soucoupe-noir-set-de-3\/\"]}]},{\"@type\":\"ImageObject\",\"inLanguage\":\"fr-FR\",\"@id\":\"https:\/\/hubsch-interior.com\/fr\/produit\/embrace-soucoupe-noir-set-de-3\/#primaryimage\",\"url\":\"https:\/\/hubsch-interior.com\/wp-content\/uploads\/2026\/02\/embrace-saucers-black-set-of-3-162a47c6a2cf95c83df2f02ede6bdbe5.jpg\",\"contentUrl\":\"https:\/\/hubsch-interior.com\/wp-content\/uploads\/2026\/02\/embrace-saucers-black-set-of-3-162a47c6a2cf95c83df2f02ede6bdbe5.jpg\",\"width\":1024,\"height\":1024},{\"@type\":\"BreadcrumbList\",\"@id\":\"https:\/\/hubsch-interior.com\/fr\/produit\/embrace-soucoupe-noir-set-de-3\/#breadcrumb\",\"itemListElement\":[{\"@type\":\"ListItem\",\"position\":1,\"name\":\"Page d'accueil\",\"item\":\"https:\/\/hubsch-interior.com\/fr\/\"},{\"@type\":\"ListItem\",\"position\":2,\"name\":\"Produits\",\"item\":\"https:\/\/hubsch-interior.com\/fr\/shop-2\/\"},{\"@type\":\"ListItem\",\"position\":3,\"name\":\"Accessoires maison\",\"item\":\"https:\/\/hubsch-interior.com\/fr\/categorie-produit\/accessoires-maison\/\"},{\"@type\":\"ListItem\",\"position\":4,\"name\":\"Accessoires de cuisine\",\"item\":\"https:\/\/hubsch-interior.com\/fr\/categorie-produit\/accessoires-maison\/accessoires-de-cuisine-fr\/\"},{\"@type\":\"ListItem\",\"position\":5,\"name\":\"Plateaux\",\"item\":\"https:\/\/hubsch-interior.com\/fr\/categorie-produit\/accessoires-maison\/accessoires-de-cuisine-fr\/plateaux-fr\/\"},{\"@type\":\"ListItem\",\"position\":6,\"name\":\"Embrace Soucoupe Noir (set de 3)\"}]},{\"@type\":\"WebSite\",\"@id\":\"https:\/\/hubsch-interior.com\/fr\/#website\",\"url\":\"https:\/\/hubsch-interior.com\/fr\/\",\"name\":\"H\u00fcbsch\",\"description\":\"Danish Home Interior and Design\",\"publisher\":{\"@id\":\"https:\/\/hubsch-interior.com\/fr\/#organization\"},\"potentialAction\":[{\"@type\":\"SearchAction\",\"target\":{\"@type\":\"EntryPoint\",\"urlTemplate\":\"https:\/\/hubsch-interior.com\/fr\/?s={search_term_string}\"},\"query-input\":{\"@type\":\"PropertyValueSpecification\",\"valueRequired\":true,\"valueName\":\"search_term_string\"}}],\"inLanguage\":\"fr-FR\"},{\"@type\":\"Organization\",\"@id\":\"https:\/\/hubsch-interior.com\/fr\/#organization\",\"name\":\"H\u00fcbsch\",\"url\":\"https:\/\/hubsch-interior.com\/fr\/\",\"logo\":{\"@type\":\"ImageObject\",\"inLanguage\":\"fr-FR\",\"@id\":\"https:\/\/hubsch-interior.com\/fr\/#\/schema\/logo\/image\/\",\"url\":\"https:\/\/hubsch-interior.com\/wp-content\/uploads\/2022\/12\/Hubsch_logo_black_one_line.svg\",\"contentUrl\":\"https:\/\/hubsch-interior.com\/wp-content\/uploads\/2022\/12\/Hubsch_logo_black_one_line.svg\",\"caption\":\"H\u00fcbsch\"},\"image\":{\"@id\":\"https:\/\/hubsch-interior.com\/fr\/#\/schema\/logo\/image\/\"}}]}<\/script>\n<!-- \/ Yoast SEO plugin. -->","yoast_head_json":{"title":"Embrace Soucoupe Noir (set de 3) - H\u00fcbsch","description":"Lorsque vous vous lancez dans l\u2019entretien de grandes et belles plantes dans votre salon, vous avez besoin de soucoupes en m\u00e9tal noir afin de prot\u00e9ger","robots":{"index":"index","follow":"follow","max-snippet":"max-snippet:-1","max-image-preview":"max-image-preview:large","max-video-preview":"max-video-preview:-1"},"canonical":"https:\/\/hubsch-interior.com\/fr\/wp-json\/wp\/v2\/product\/398656","og_locale":"fr_FR","og_type":"article","og_title":"Embrace Soucoupe Noir (set de 3) - H\u00fcbsch","og_description":"Lorsque vous vous lancez dans l\u2019entretien de grandes et belles plantes dans votre salon, vous avez besoin de soucoupes en m\u00e9tal noir afin de prot\u00e9ger","og_url":"https:\/\/hubsch-interior.com\/fr\/produit\/embrace-soucoupe-noir-set-de-3\/","og_site_name":"H\u00fcbsch","article_modified_time":"2026-04-09T03:15:31+00:00","og_image":[{"width":1200,"height":1200,"url":"https:\/\/hubsch-interior.com\/wp-content\/uploads\/2024\/01\/embrace-saucers-black-set-of-3-5522a2b68acedc9de87975f42e0257a7.jpg","type":"image\/jpeg"}],"twitter_card":"summary_large_image","schema":{"@context":"https:\/\/schema.org","@graph":[{"@type":"WebPage","@id":"https:\/\/hubsch-interior.com\/fr\/produit\/embrace-soucoupe-noir-set-de-3\/","url":"https:\/\/hubsch-interior.com\/fr\/produit\/embrace-soucoupe-noir-set-de-3\/","name":"Embrace Soucoupe Noir (set de 3) - H\u00fcbsch","isPartOf":{"@id":"https:\/\/hubsch-interior.com\/fr\/#website"},"primaryImageOfPage":{"@id":"https:\/\/hubsch-interior.com\/fr\/produit\/embrace-soucoupe-noir-set-de-3\/#primaryimage"},"image":{"@id":"https:\/\/hubsch-interior.com\/fr\/produit\/embrace-soucoupe-noir-set-de-3\/#primaryimage"},"thumbnailUrl":"https:\/\/hubsch-interior.com\/wp-content\/uploads\/2026\/02\/embrace-saucers-black-set-of-3-162a47c6a2cf95c83df2f02ede6bdbe5.jpg","datePublished":"2021-06-13T21:07:58+00:00","dateModified":"2026-04-09T03:15:31+00:00","description":"Lorsque vous vous lancez dans l\u2019entretien de grandes et belles plantes dans votre salon, vous avez besoin de soucoupes en m\u00e9tal noir afin de prot\u00e9ger","breadcrumb":{"@id":"https:\/\/hubsch-interior.com\/fr\/produit\/embrace-soucoupe-noir-set-de-3\/#breadcrumb"},"inLanguage":"fr-FR","potentialAction":[{"@type":"ReadAction","target":["https:\/\/hubsch-interior.com\/fr\/produit\/embrace-soucoupe-noir-set-de-3\/"]}]},{"@type":"ImageObject","inLanguage":"fr-FR","@id":"https:\/\/hubsch-interior.com\/fr\/produit\/embrace-soucoupe-noir-set-de-3\/#primaryimage","url":"https:\/\/hubsch-interior.com\/wp-content\/uploads\/2026\/02\/embrace-saucers-black-set-of-3-162a47c6a2cf95c83df2f02ede6bdbe5.jpg","contentUrl":"https:\/\/hubsch-interior.com\/wp-content\/uploads\/2026\/02\/embrace-saucers-black-set-of-3-162a47c6a2cf95c83df2f02ede6bdbe5.jpg","width":1024,"height":1024},{"@type":"BreadcrumbList","@id":"https:\/\/hubsch-interior.com\/fr\/produit\/embrace-soucoupe-noir-set-de-3\/#breadcrumb","itemListElement":[{"@type":"ListItem","position":1,"name":"Page d'accueil","item":"https:\/\/hubsch-interior.com\/fr\/"},{"@type":"ListItem","position":2,"name":"Produits","item":"https:\/\/hubsch-interior.com\/fr\/shop-2\/"},{"@type":"ListItem","position":3,"name":"Accessoires maison","item":"https:\/\/hubsch-interior.com\/fr\/categorie-produit\/accessoires-maison\/"},{"@type":"ListItem","position":4,"name":"Accessoires de cuisine","item":"https:\/\/hubsch-interior.com\/fr\/categorie-produit\/accessoires-maison\/accessoires-de-cuisine-fr\/"},{"@type":"ListItem","position":5,"name":"Plateaux","item":"https:\/\/hubsch-interior.com\/fr\/categorie-produit\/accessoires-maison\/accessoires-de-cuisine-fr\/plateaux-fr\/"},{"@type":"ListItem","position":6,"name":"Embrace Soucoupe Noir (set de 3)"}]},{"@type":"WebSite","@id":"https:\/\/hubsch-interior.com\/fr\/#website","url":"https:\/\/hubsch-interior.com\/fr\/","name":"H\u00fcbsch","description":"Danish Home Interior and Design","publisher":{"@id":"https:\/\/hubsch-interior.com\/fr\/#organization"},"potentialAction":[{"@type":"SearchAction","target":{"@type":"EntryPoint","urlTemplate":"https:\/\/hubsch-interior.com\/fr\/?s={search_term_string}"},"query-input":{"@type":"PropertyValueSpecification","valueRequired":true,"valueName":"search_term_string"}}],"inLanguage":"fr-FR"},{"@type":"Organization","@id":"https:\/\/hubsch-interior.com\/fr\/#organization","name":"H\u00fcbsch","url":"https:\/\/hubsch-interior.com\/fr\/","logo":{"@type":"ImageObject","inLanguage":"fr-FR","@id":"https:\/\/hubsch-interior.com\/fr\/#\/schema\/logo\/image\/","url":"https:\/\/hubsch-interior.com\/wp-content\/uploads\/2022\/12\/Hubsch_logo_black_one_line.svg","contentUrl":"https:\/\/hubsch-interior.com\/wp-content\/uploads\/2022\/12\/Hubsch_logo_black_one_line.svg","caption":"H\u00fcbsch"},"image":{"@id":"https:\/\/hubsch-interior.com\/fr\/#\/schema\/logo\/image\/"}}]}},"_links":{"self":[{"href":"https:\/\/hubsch-interior.com\/fr\/wp-json\/wp\/v2\/product\/398656","targetHints":{"allow":["GET"]}}],"collection":[{"href":"https:\/\/hubsch-interior.com\/fr\/wp-json\/wp\/v2\/product"}],"about":[{"href":"https:\/\/hubsch-interior.com\/fr\/wp-json\/wp\/v2\/types\/product"}],"wp:featuredmedia":[{"embeddable":true,"href":"https:\/\/hubsch-interior.com\/fr\/wp-json\/wp\/v2\/media\/1109735"}],"wp:attachment":[{"href":"https:\/\/hubsch-interior.com\/fr\/wp-json\/wp\/v2\/media?parent=398656"}],"wp:term":[{"taxonomy":"product_brand","embeddable":true,"href":"https:\/\/hubsch-interior.com\/fr\/wp-json\/wp\/v2\/product_brand?post=398656"},{"taxonomy":"product_cat","embeddable":true,"href":"https:\/\/hubsch-interior.com\/fr\/wp-json\/wp\/v2\/product_cat?post=398656"},{"taxonomy":"product_tag","embeddable":true,"href":"https:\/\/hubsch-interior.com\/fr\/wp-json\/wp\/v2\/product_tag?post=398656"}],"curies":[{"name":"wp","href":"https:\/\/api.w.org\/{rel}","templated":true}]}}